{"id":7,"date":"2020-11-24T22:45:39","date_gmt":"2020-11-24T21:45:39","guid":{"rendered":"https:\/\/cgh.com.pl\/es\/?page_id=7"},"modified":"2026-02-11T21:54:40","modified_gmt":"2026-02-11T20:54:40","slug":"strona-glowna","status":"publish","type":"page","link":"https:\/\/cgh.com.pl\/es\/","title":{"rendered":"Home site"},"content":{"rendered":"\n<div style=\"height:100px\" aria-hidden=\"true\" class=\"wp-block-spacer\"><\/div>\n\n\n\n<div class=\"wp-block-columns has-4-columns is-layout-flex wp-container-core-columns-is-layout-9d6595d7 wp-block-columns-is-layout-flex\">\n<div class=\"wp-block-column is-layout-flow wp-block-column-is-layout-flow\"><div class=\"wp-block-image\">\n<figure class=\"aligncenter\"><a href=\"https:\/\/cgh.com.pl\/es\/depositos-de-combustible\"><img decoding=\"async\" width=\"283\" height=\"222\" data-src=\"https:\/\/cgh.com.pl\/es\/wp-content\/uploads\/2020\/11\/zbiorniki-na-paliwa.jpg\" alt=\"CGH Group - PETROL TANK\" class=\"wp-image-27 img-fluid lazyload\" src=\"data:image\/svg+xml;base64,PHN2ZyB3aWR0aD0iMSIgaGVpZ2h0PSIxIiB4bWxucz0iaHR0cDovL3d3dy53My5vcmcvMjAwMC9zdmciPjwvc3ZnPg==\" style=\"--smush-placeholder-width: 283px; --smush-placeholder-aspect-ratio: 283\/222;\" \/><\/a><figcaption class=\"wp-element-caption\"><a href=\"https:\/\/cgh.com.pl\/es\/depositos-de-combustible\">Dep\u00f3sitos de combustible<\/a><\/figcaption><\/figure><\/div><\/div>\n\n\n\n<div class=\"wp-block-column is-layout-flow wp-block-column-is-layout-flow\"><div class=\"wp-block-image\">\n<figure class=\"aligncenter size-full\"><a href=\"https:\/\/cgh.com.pl\/es\/depositos-para-la-industria\"><img decoding=\"async\" width=\"283\" height=\"222\" data-src=\"https:\/\/cgh.com.pl\/es\/wp-content\/uploads\/2022\/02\/tanks-for-the-industry-2.jpg\" alt=\"CGH Group - Tanks for the industry\" class=\"wp-image-1972 img-fluid lazyload\" src=\"data:image\/svg+xml;base64,PHN2ZyB3aWR0aD0iMSIgaGVpZ2h0PSIxIiB4bWxucz0iaHR0cDovL3d3dy53My5vcmcvMjAwMC9zdmciPjwvc3ZnPg==\" style=\"--smush-placeholder-width: 283px; --smush-placeholder-aspect-ratio: 283\/222;\" \/><\/a><figcaption class=\"wp-element-caption\"><a href=\"https:\/\/cgh.com.pl\/es\/depositos-para-la-industria\">Dep\u00f3sitos para la industria<\/a><\/figcaption><\/figure><\/div><\/div>\n\n\n\n<div class=\"wp-block-column is-layout-flow wp-block-column-is-layout-flow\"><div class=\"wp-block-image\">\n<figure class=\"aligncenter size-full\"><a href=\"https:\/\/cgh.com.pl\/es\/depositos-de-agua\"><img decoding=\"async\" width=\"283\" height=\"222\" data-src=\"https:\/\/cgh.com.pl\/es\/wp-content\/uploads\/2022\/02\/water-tanks.jpg\" alt=\"CGH Group - WATER TANKS\" class=\"wp-image-1973 img-fluid lazyload\" src=\"data:image\/svg+xml;base64,PHN2ZyB3aWR0aD0iMSIgaGVpZ2h0PSIxIiB4bWxucz0iaHR0cDovL3d3dy53My5vcmcvMjAwMC9zdmciPjwvc3ZnPg==\" style=\"--smush-placeholder-width: 283px; --smush-placeholder-aspect-ratio: 283\/222;\" \/><\/a><figcaption class=\"wp-element-caption\"><a href=\"https:\/\/cgh.com.pl\/es\/depositos-de-agua\">Dep\u00f3sitos de agua<\/a><\/figcaption><\/figure><\/div><\/div>\n\n\n\n<div class=\"wp-block-column is-layout-flow wp-block-column-is-layout-flow\"><div class=\"wp-block-image\">\n<figure class=\"aligncenter size-full\"><a href=\"https:\/\/cgh.com.pl\/es\/accesories\"><img decoding=\"async\" width=\"283\" height=\"222\" data-src=\"https:\/\/cgh.com.pl\/es\/wp-content\/uploads\/2022\/02\/Accessories.jpg\" alt=\"CGH Group - ACCESSORIES\" class=\"wp-image-1974 img-fluid lazyload\" src=\"data:image\/svg+xml;base64,PHN2ZyB3aWR0aD0iMSIgaGVpZ2h0PSIxIiB4bWxucz0iaHR0cDovL3d3dy53My5vcmcvMjAwMC9zdmciPjwvc3ZnPg==\" style=\"--smush-placeholder-width: 283px; --smush-placeholder-aspect-ratio: 283\/222;\" \/><\/a><figcaption class=\"wp-element-caption\"><a href=\"https:\/\/cgh.com.pl\/es\/accesories\">Accesorios<\/a><\/figcaption><\/figure><\/div><\/div>\n<\/div>\n\n\n\n<h4 class=\"wp-block-heading\"><strong><strong>CGH Group, el fabricante de dep\u00f3sitos, ofrece:<\/strong><\/strong><\/h4>\n\n\n\n<div class=\"wp-block-columns is-layout-flex wp-container-core-columns-is-layout-9d6595d7 wp-block-columns-is-layout-flex\">\n<div class=\"wp-block-column is-layout-flow wp-block-column-is-layout-flow\">\n<p><a href=\"https:\/\/cgh.com.pl\/es\/depositos-de-combustible\">Dep\u00f3sitos de combustible<\/a><\/p>\n\n\n\n<ul class=\"wp-block-list\">\n<li><a href=\"https:\/\/cgh.com.pl\/es\/depositos-de-combustible\/depositos-subterraneos\">Dep\u00f3sitos de combustible subterr\u00e1neos<\/a><\/li>\n\n\n\n<li>Estaciones de combustible compactas<\/li>\n\n\n\n<li>Dep\u00f3sitos de AdBlue<\/li>\n\n\n\n<li>Estaciones de servicio compactas<\/li>\n\n\n\n<li><a href=\"https:\/\/cgh.com.pl\/es\/depositos-de-combustible\/depositos-para-combustible-de-aviacion\">Dep\u00f3sitos para combustible de aviaci\u00f3n<\/a><\/li>\n\n\n\n<li><a href=\"https:\/\/cgh.com.pl\/es\/depositos-de-combustible\/deposito-de-combustible-diesel\">Dep\u00f3sitos de gasoil<\/a><\/li>\n\n\n\n<li><a href=\"https:\/\/cgh.com.pl\/es\/depositos-de-combustible\/deposito-para-aditivos-de-combustible\">Dep\u00f3sitos  para aditivos de combustible<\/a><\/li>\n\n\n\n<li><a href=\"https:\/\/cgh.com.pl\/es\/depositos-de-combustible\/deposito-para-biocombustibles\">Dep\u00f3sitos de biocombustibles<\/a><\/li>\n<\/ul>\n<\/div>\n\n\n\n<div class=\"wp-block-column is-layout-flow wp-block-column-is-layout-flow\">\n<p><a href=\"https:\/\/cgh.com.pl\/es\/depositos-de-glp\">Dep\u00f3sitos de GLP<\/a><\/p>\n\n\n\n<ul class=\"wp-block-list\">\n<li><a href=\"https:\/\/cgh.com.pl\/es\/depositos-de-glp\/depositos-subterraneos-de-glp\">Dep\u00f3sitos subterr\u00e1neos de GLP<\/a><\/li>\n\n\n\n<li><a href=\"https:\/\/cgh.com.pl\/es\/depositos-de-glp\/depositos-terrestres-de-glp\">Dep\u00f3sitos de GLP terrestres<\/a><\/li>\n\n\n\n<li>M\u00f3dulos de GLP subterr\u00e1neos<\/li>\n\n\n\n<li>M\u00f3dulos GLP terrestres<\/li>\n\n\n\n<li>Tuber\u00edas de GLP<\/li>\n<\/ul>\n<\/div>\n\n\n\n<div class=\"wp-block-column is-layout-flow wp-block-column-is-layout-flow\">\n<p><a href=\"https:\/\/cgh.com.pl\/es\/depositos-para-la-industria\">Dep\u00f3sitos para la industria<\/a><\/p>\n\n\n\n<ul class=\"wp-block-list\">\n<li>Dep\u00f3sitos terrestres verticales est\u00e1ndar<\/li>\n\n\n\n<li><a href=\"https:\/\/cgh.com.pl\/es\/depositos-para-la-industria\/depositos-terrestres-de-doble-pared\">Dep\u00f3sitos terrestres horizontales est\u00e1ndar<\/a><\/li>\n\n\n\n<li><a href=\"https:\/\/cgh.com.pl\/es\/depositos-para-la-industria\/deposito-para-liquidos-venenosos-y-corrosivos\">Dep\u00f3sitos  para l\u00edquidos corrosivos<\/a><\/li>\n\n\n\n<li><a href=\"https:\/\/cgh.com.pl\/es\/depositos-para-la-industria\/deposito-de-almacenamiento-de-fenol\">Dep\u00f3sitos de almacenamiento de fenol<\/a><\/li>\n\n\n\n<li><a href=\"https:\/\/cgh.com.pl\/es\/depositos-para-la-industria\/deposito-para-lubricante\">Dep\u00f3sitos de lubricantes<\/a><\/li>\n\n\n\n<li><a href=\"https:\/\/cgh.com.pl\/es\/depositos-para-la-industria\/deposito-para-acetato-de-etilo\">Dep\u00f3sitos para acetato de etilo<\/a><\/li>\n\n\n\n<li><a href=\"https:\/\/cgh.com.pl\/es\/depositos-para-la-industria\/deposito-para-componentes-de-aceite-de-calefaccion\">Dep\u00f3sitos para componentes de aceite combustible<\/a><\/li>\n\n\n\n<li><a href=\"https:\/\/cgh.com.pl\/es\/depositos-para-la-industria\/deposito-para-aceite-de-motor\">Dep\u00f3sitos de aceite de motor<\/a><\/li>\n\n\n\n<li>Dep\u00f3sitos de aceite de pir\u00f3lisis<\/li>\n\n\n\n<li><a href=\"https:\/\/cgh.com.pl\/es\/depositos-para-la-industria\/depositos-para-el-suministro-de-generadores-de-energia\">Dep\u00f3sitos para alimentar generadores de energ\u00eda<\/a><\/li>\n\n\n\n<li><a href=\"https:\/\/cgh.com.pl\/es\/depositos-para-la-industria\/depositos-para-polioles-e-isocianatos\">Dep\u00f3sitos para polioles e isocianatos<\/a><\/li>\n\n\n\n<li><a href=\"https:\/\/cgh.com.pl\/es\/depositos-para-la-industria\/deposito-para-petroleo\">Dep\u00f3sitos de petr\u00f3leo<\/a><\/li>\n\n\n\n<li><a href=\"https:\/\/cgh.com.pl\/es\/depositos-para-la-industria\/depositos-para-asfalto-y-betun\">Dep\u00f3sitos para asfalto, bet\u00fan<\/a><\/li>\n\n\n\n<li><a href=\"https:\/\/cgh.com.pl\/es\/depositos-para-la-industria\/depositos-para-aceite-de-calefaccion\">Dep\u00f3sitos de aceite combustible<\/a><\/li>\n\n\n\n<li><a href=\"https:\/\/cgh.com.pl\/es\/depositos-para-la-industria\/tanques-para-urea\">Dep\u00f3sitos de urea<\/a><\/li>\n\n\n\n<li><a href=\"https:\/\/cgh.com.pl\/es\/depositos-para-la-industria\/depositos-para-etanol\">Dep\u00f3sitos de etanol<\/a><\/li>\n\n\n\n<li><a href=\"https:\/\/cgh.com.pl\/es\/depositos-para-la-industria\/depositos-para-residuos-liquidos-inflamables\">Dep\u00f3sitos para residuos l\u00edquidos inflamables<\/a><\/li>\n\n\n\n<li><a href=\"https:\/\/cgh.com.pl\/es\/depositos-para-la-industria\/depositos-para-glicerina\">Dep\u00f3sitos de glicerina<\/a><\/li>\n\n\n\n<li><a href=\"https:\/\/cgh.com.pl\/es\/depositos-para-la-industria\/deposito-para-alcohol\">Dep\u00f3sitos de alcohol<\/a><\/li>\n\n\n\n<li><a href=\"https:\/\/cgh.com.pl\/es\/depositos-para-la-industria\/deposito-para-metanol\">Dep\u00f3sitos de metanol<\/a><\/li>\n\n\n\n<li><a href=\"https:\/\/cgh.com.pl\/es\/depositos-para-la-industria\/deposito-para-disulfuro-de-carbono\">Dep\u00f3sitos de disulfuro de carbono<\/a><\/li>\n\n\n\n<li><a href=\"https:\/\/cgh.com.pl\/es\/depositos-para-la-industria\/deposito-para-hidrogeno\">Dep\u00f3sitos de hidr\u00f3geno<\/a><\/li>\n\n\n\n<li><a href=\"https:\/\/cgh.com.pl\/es\/depositos-para-la-industria\/deposito-para-agentes-refrigerantes-por-ejemplo-r152a-r600\">Dep\u00f3sito de refrigerante R152a, R600<\/a><\/li>\n<\/ul>\n<\/div>\n\n\n\n<div class=\"wp-block-column is-layout-flow wp-block-column-is-layout-flow\">\n<p><a href=\"https:\/\/cgh.com.pl\/es\/depositos-de-agua\">Dep\u00f3sitos de agua<\/a><\/p>\n\n\n\n<ul class=\"wp-block-list\">\n<li>Dep\u00f3sitos de almacenamiento de agua<\/li>\n\n\n\n<li>Aireadores y filtros<\/li>\n\n\n\n<li>Dep\u00f3sitos de hidr\u00f3foro<\/li>\n\n\n\n<li><a href=\"https:\/\/cgh.com.pl\/es\/depositos-de-agua\/deposito-de-almacenamiento-de-agua-caliente\">Dep\u00f3sitos de almacenamiento de agua caliente<\/a><\/li>\n\n\n\n<li><a href=\"https:\/\/cgh.com.pl\/es\/depositos-de-agua\/deposito-de-agua-de-formacion\">Dep\u00f3sitos para agua de formaci\u00f3n<\/a><\/li>\n\n\n\n<li><a href=\"https:\/\/cgh.com.pl\/es\/depositos-de-agua\/deposito-de-drenaje-de-agua-de-proceso\">Dep\u00f3sitos de evacuaci\u00f3n de agua de proceso<\/a><\/li>\n\n\n\n<li>Dep\u00f3sitos de agua de amon\u00edaco<\/li>\n<\/ul>\n\n\n\n<p>Dep\u00f3sitos resistentes al \u00e1cido<\/p>\n\n\n\n<p>Dep\u00f3sitos de fertilizante<\/p>\n\n\n\n<p>Dep\u00f3sitos de presi\u00f3n para c\u00e1maras normob\u00e1ricas<\/p>\n<\/div>\n<\/div>\n\n\n\n<p>La oferta incluye dep\u00f3sitos de acero (para combustibles y biocombustibles) y dep\u00f3sitos resistentes a los \u00e1cidos. Tambi\u00e9n fabricamos estructuras subterr\u00e1neas y a\u00e9reas, de una pared y doble pared, as\u00ed como recipientes de retenci\u00f3n para agua y aire. Contamos con todos los certificados y atestados requeridos. Somos uno de los pocos fabricantes de este tipo de soluciones, utilizamos tecnolog\u00edas de soldadura aprobadas para aceros inoxidables y de bajo contenido en carbono.<\/p>\n\n\n\n<p>Gracias a esto, nuestros productos cumplen con altos requisitos de calidad y seguridad, incluidos los est\u00e1ndares ecol\u00f3gicos.<\/p>\n\n\n\n<p>El surtido tambi\u00e9n incluye en gran medida tuber\u00edas de gas GLP y tuber\u00edas de petr\u00f3leo. Hemos enriquecido nuestra oferta con tubos de presi\u00f3n CGH RTP PIPE. Tambi\u00e9n ofrecemos las estaciones de contenedores, hidr\u00f3foros y dispositivos que permiten monitorear los dep\u00f3sitos que fabricamos.<\/p>\n","protected":false},"excerpt":{"rendered":"<p>CGH Group, el fabricante de dep\u00f3sitos, ofrece: Dep\u00f3sitos de combustible Dep\u00f3sitos de GLP Dep\u00f3sitos para la industria Dep\u00f3sitos de agua Dep\u00f3sitos resistentes al \u00e1cido Dep\u00f3sitos de fertilizante Dep\u00f3sitos de presi\u00f3n para c\u00e1maras normob\u00e1ricas La oferta incluye dep\u00f3sitos de acero (para combustibles y biocombustibles) y dep\u00f3sitos resistentes a los \u00e1cidos. Tambi\u00e9n fabricamos estructuras subterr\u00e1neas y a\u00e9reas, [&hellip;]?<\/p>\n","protected":false},"author":1,"featured_media":0,"parent":0,"menu_order":0,"comment_status":"closed","ping_status":"closed","template":"","meta":{"_acf_changed":false,"footnotes":""},"class_list":["post-7","page","type-page","status-publish","hentry"],"acf":[],"yoast_head":"<!-- This site is optimized with the Yoast SEO plugin v26.1.1 - https:\/\/yoast.com\/wordpress\/plugins\/seo\/ -->\n<title>Ingenier\u00eda, desarrollo y fabricaci\u00f3n de dep\u00f3sitos de GLP, industriales, combustibles, agua, a presi\u00f3n y acero inoxidable - CGH Group<\/title>\n<meta name=\"description\" content=\"La oferta incluye dep\u00f3sitos de acero (para combustibles y biocombustibles) y dep\u00f3sitos resistentes a los \u00e1cidos...\" \/>\n<meta name=\"robots\" content=\"index, follow, max-snippet:-1, max-image-preview:large, max-video-preview:-1\" \/>\n<link rel=\"canonical\" href=\"https:\/\/cgh.com.pl\/es\/\" \/>\n<meta property=\"og:locale\" content=\"es_ES\" \/>\n<meta property=\"og:type\" content=\"article\" \/>\n<meta property=\"og:title\" content=\"Ingenier\u00eda, desarrollo y fabricaci\u00f3n de dep\u00f3sitos de GLP, industriales, combustibles, agua, a presi\u00f3n y acero inoxidable - CGH Group\" \/>\n<meta property=\"og:description\" content=\"CGH Polska offer includes steel tanks (for fuels and biofuels) as well as acid-proof ones. We also manufacture underground and above ground structures, single- and double-walled containers and retention reservoirs for water and air. Each of our products holds all required certificates and approvals.\" \/>\n<meta property=\"og:url\" content=\"https:\/\/cgh.com.pl\/es\/\" \/>\n<meta property=\"og:site_name\" content=\"CGH Group Sp. z o.o.\" \/>\n<meta property=\"article:publisher\" content=\"https:\/\/www.facebook.com\/cghpolska\" \/>\n<meta property=\"article:modified_time\" content=\"2026-02-11T20:54:40+00:00\" \/>\n<meta property=\"og:image\" content=\"https:\/\/cgh.com.pl\/es\/wp-content\/uploads\/2020\/11\/zbiorniki-na-paliwa.jpg\" \/>\n\t<meta property=\"og:image:width\" content=\"283\" \/>\n\t<meta property=\"og:image:height\" content=\"222\" \/>\n\t<meta property=\"og:image:type\" content=\"image\/jpeg\" \/>\n<meta name=\"twitter:card\" content=\"summary_large_image\" \/>\n<meta name=\"twitter:label1\" content=\"Tiempo de lectura\" \/>\n\t<meta name=\"twitter:data1\" content=\"3 minutos\" \/>\n<script type=\"application\/ld+json\" class=\"yoast-schema-graph\">{\"@context\":\"https:\/\/schema.org\",\"@graph\":[{\"@type\":\"WebPage\",\"@id\":\"https:\/\/cgh.com.pl\/es\/\",\"url\":\"https:\/\/cgh.com.pl\/es\/\",\"name\":\"Ingenier\u00eda, desarrollo y fabricaci\u00f3n de dep\u00f3sitos de GLP, industriales, combustibles, agua, a presi\u00f3n y acero inoxidable - CGH Group\",\"isPartOf\":{\"@id\":\"https:\/\/cgh.com.pl\/es\/#website\"},\"primaryImageOfPage\":{\"@id\":\"https:\/\/cgh.com.pl\/es\/#primaryimage\"},\"image\":{\"@id\":\"https:\/\/cgh.com.pl\/es\/#primaryimage\"},\"thumbnailUrl\":\"https:\/\/cgh.com.pl\/es\/wp-content\/uploads\/2020\/11\/zbiorniki-na-paliwa.jpg\",\"datePublished\":\"2020-11-24T21:45:39+00:00\",\"dateModified\":\"2026-02-11T20:54:40+00:00\",\"description\":\"La oferta incluye dep\u00f3sitos de acero (para combustibles y biocombustibles) y dep\u00f3sitos resistentes a los \u00e1cidos...\",\"breadcrumb\":{\"@id\":\"https:\/\/cgh.com.pl\/es\/#breadcrumb\"},\"inLanguage\":\"es\",\"potentialAction\":[{\"@type\":\"ReadAction\",\"target\":[\"https:\/\/cgh.com.pl\/es\/\"]}]},{\"@type\":\"ImageObject\",\"inLanguage\":\"es\",\"@id\":\"https:\/\/cgh.com.pl\/es\/#primaryimage\",\"url\":\"https:\/\/cgh.com.pl\/es\/wp-content\/uploads\/2020\/11\/zbiorniki-na-paliwa.jpg\",\"contentUrl\":\"https:\/\/cgh.com.pl\/es\/wp-content\/uploads\/2020\/11\/zbiorniki-na-paliwa.jpg\",\"width\":283,\"height\":222,\"caption\":\"Zbiorniki na paliwa\"},{\"@type\":\"BreadcrumbList\",\"@id\":\"https:\/\/cgh.com.pl\/es\/#breadcrumb\",\"itemListElement\":[{\"@type\":\"ListItem\",\"position\":1,\"name\":\"Strona g\u0142\u00f3wna\",\"item\":\"https:\/\/cgh.com.pl\/es\/\"},{\"@type\":\"ListItem\",\"position\":2,\"name\":\"Home site\"}]},{\"@type\":\"WebSite\",\"@id\":\"https:\/\/cgh.com.pl\/es\/#website\",\"url\":\"https:\/\/cgh.com.pl\/es\/\",\"name\":\"CGH Group Sp. z o.o.\",\"description\":\"\",\"publisher\":{\"@id\":\"https:\/\/cgh.com.pl\/es\/#organization\"},\"alternateName\":\"Ingenier\u00eda, desarrollo y fabricaci\u00f3n de dep\u00f3sitos de GLP, industriales, combustibles, agua, a presi\u00f3n y acero inoxidable - CGH Group\",\"potentialAction\":[{\"@type\":\"SearchAction\",\"target\":{\"@type\":\"EntryPoint\",\"urlTemplate\":\"https:\/\/cgh.com.pl\/es\/?s={search_term_string}\"},\"query-input\":{\"@type\":\"PropertyValueSpecification\",\"valueRequired\":true,\"valueName\":\"search_term_string\"}}],\"inLanguage\":\"es\"},{\"@type\":\"Organization\",\"@id\":\"https:\/\/cgh.com.pl\/es\/#organization\",\"name\":\"CGH Group Sp. z o.o.\",\"url\":\"https:\/\/cgh.com.pl\/es\/\",\"logo\":{\"@type\":\"ImageObject\",\"inLanguage\":\"es\",\"@id\":\"https:\/\/cgh.com.pl\/es\/#\/schema\/logo\/image\/\",\"url\":\"https:\/\/cgh.com.pl\/es\/wp-content\/uploads\/2023\/05\/logoCGH.png\",\"contentUrl\":\"https:\/\/cgh.com.pl\/es\/wp-content\/uploads\/2023\/05\/logoCGH.png\",\"width\":449,\"height\":162,\"caption\":\"CGH Group Sp. z o.o.\"},\"image\":{\"@id\":\"https:\/\/cgh.com.pl\/es\/#\/schema\/logo\/image\/\"},\"sameAs\":[\"https:\/\/www.facebook.com\/cghpolska\",\"https:\/\/www.youtube.com\/channel\/UCe9uW1n0tEj_ZJOEtHIHGQw\"]}]}<\/script>\n<!-- \/ Yoast SEO plugin. -->","yoast_head_json":{"title":"Ingenier\u00eda, desarrollo y fabricaci\u00f3n de dep\u00f3sitos de GLP, industriales, combustibles, agua, a presi\u00f3n y acero inoxidable - CGH Group","description":"La oferta incluye dep\u00f3sitos de acero (para combustibles y biocombustibles) y dep\u00f3sitos resistentes a los \u00e1cidos...","robots":{"index":"index","follow":"follow","max-snippet":"max-snippet:-1","max-image-preview":"max-image-preview:large","max-video-preview":"max-video-preview:-1"},"canonical":"https:\/\/cgh.com.pl\/es\/","og_locale":"es_ES","og_type":"article","og_title":"Ingenier\u00eda, desarrollo y fabricaci\u00f3n de dep\u00f3sitos de GLP, industriales, combustibles, agua, a presi\u00f3n y acero inoxidable - CGH Group","og_description":"CGH Polska offer includes steel tanks (for fuels and biofuels) as well as acid-proof ones. We also manufacture underground and above ground structures, single- and double-walled containers and retention reservoirs for water and air. Each of our products holds all required certificates and approvals.","og_url":"https:\/\/cgh.com.pl\/es\/","og_site_name":"CGH Group Sp. z o.o.","article_publisher":"https:\/\/www.facebook.com\/cghpolska","article_modified_time":"2026-02-11T20:54:40+00:00","og_image":[{"width":283,"height":222,"url":"https:\/\/cgh.com.pl\/es\/wp-content\/uploads\/2020\/11\/zbiorniki-na-paliwa.jpg","type":"image\/jpeg"}],"twitter_card":"summary_large_image","twitter_misc":{"Tiempo de lectura":"3 minutos"},"schema":{"@context":"https:\/\/schema.org","@graph":[{"@type":"WebPage","@id":"https:\/\/cgh.com.pl\/es\/","url":"https:\/\/cgh.com.pl\/es\/","name":"Ingenier\u00eda, desarrollo y fabricaci\u00f3n de dep\u00f3sitos de GLP, industriales, combustibles, agua, a presi\u00f3n y acero inoxidable - CGH Group","isPartOf":{"@id":"https:\/\/cgh.com.pl\/es\/#website"},"primaryImageOfPage":{"@id":"https:\/\/cgh.com.pl\/es\/#primaryimage"},"image":{"@id":"https:\/\/cgh.com.pl\/es\/#primaryimage"},"thumbnailUrl":"https:\/\/cgh.com.pl\/es\/wp-content\/uploads\/2020\/11\/zbiorniki-na-paliwa.jpg","datePublished":"2020-11-24T21:45:39+00:00","dateModified":"2026-02-11T20:54:40+00:00","description":"La oferta incluye dep\u00f3sitos de acero (para combustibles y biocombustibles) y dep\u00f3sitos resistentes a los \u00e1cidos...","breadcrumb":{"@id":"https:\/\/cgh.com.pl\/es\/#breadcrumb"},"inLanguage":"es","potentialAction":[{"@type":"ReadAction","target":["https:\/\/cgh.com.pl\/es\/"]}]},{"@type":"ImageObject","inLanguage":"es","@id":"https:\/\/cgh.com.pl\/es\/#primaryimage","url":"https:\/\/cgh.com.pl\/es\/wp-content\/uploads\/2020\/11\/zbiorniki-na-paliwa.jpg","contentUrl":"https:\/\/cgh.com.pl\/es\/wp-content\/uploads\/2020\/11\/zbiorniki-na-paliwa.jpg","width":283,"height":222,"caption":"Zbiorniki na paliwa"},{"@type":"BreadcrumbList","@id":"https:\/\/cgh.com.pl\/es\/#breadcrumb","itemListElement":[{"@type":"ListItem","position":1,"name":"Strona g\u0142\u00f3wna","item":"https:\/\/cgh.com.pl\/es\/"},{"@type":"ListItem","position":2,"name":"Home site"}]},{"@type":"WebSite","@id":"https:\/\/cgh.com.pl\/es\/#website","url":"https:\/\/cgh.com.pl\/es\/","name":"CGH Group Sp. z o.o.","description":"","publisher":{"@id":"https:\/\/cgh.com.pl\/es\/#organization"},"alternateName":"Ingenier\u00eda, desarrollo y fabricaci\u00f3n de dep\u00f3sitos de GLP, industriales, combustibles, agua, a presi\u00f3n y acero inoxidable - CGH Group","potentialAction":[{"@type":"SearchAction","target":{"@type":"EntryPoint","urlTemplate":"https:\/\/cgh.com.pl\/es\/?s={search_term_string}"},"query-input":{"@type":"PropertyValueSpecification","valueRequired":true,"valueName":"search_term_string"}}],"inLanguage":"es"},{"@type":"Organization","@id":"https:\/\/cgh.com.pl\/es\/#organization","name":"CGH Group Sp. z o.o.","url":"https:\/\/cgh.com.pl\/es\/","logo":{"@type":"ImageObject","inLanguage":"es","@id":"https:\/\/cgh.com.pl\/es\/#\/schema\/logo\/image\/","url":"https:\/\/cgh.com.pl\/es\/wp-content\/uploads\/2023\/05\/logoCGH.png","contentUrl":"https:\/\/cgh.com.pl\/es\/wp-content\/uploads\/2023\/05\/logoCGH.png","width":449,"height":162,"caption":"CGH Group Sp. z o.o."},"image":{"@id":"https:\/\/cgh.com.pl\/es\/#\/schema\/logo\/image\/"},"sameAs":["https:\/\/www.facebook.com\/cghpolska","https:\/\/www.youtube.com\/channel\/UCe9uW1n0tEj_ZJOEtHIHGQw"]}]}},"_links":{"self":[{"href":"https:\/\/cgh.com.pl\/es\/wp-json\/wp\/v2\/pages\/7","targetHints":{"allow":["GET"]}}],"collection":[{"href":"https:\/\/cgh.com.pl\/es\/wp-json\/wp\/v2\/pages"}],"about":[{"href":"https:\/\/cgh.com.pl\/es\/wp-json\/wp\/v2\/types\/page"}],"author":[{"embeddable":true,"href":"https:\/\/cgh.com.pl\/es\/wp-json\/wp\/v2\/users\/1"}],"replies":[{"embeddable":true,"href":"https:\/\/cgh.com.pl\/es\/wp-json\/wp\/v2\/comments?post=7"}],"version-history":[{"count":31,"href":"https:\/\/cgh.com.pl\/es\/wp-json\/wp\/v2\/pages\/7\/revisions"}],"predecessor-version":[{"id":5209,"href":"https:\/\/cgh.com.pl\/es\/wp-json\/wp\/v2\/pages\/7\/revisions\/5209"}],"wp:attachment":[{"href":"https:\/\/cgh.com.pl\/es\/wp-json\/wp\/v2\/media?parent=7"}],"curies":[{"name":"wp","href":"https:\/\/api.w.org\/{rel}","templated":true}]}}