{"id":928,"date":"2020-12-29T08:04:37","date_gmt":"2020-12-29T07:04:37","guid":{"rendered":"https:\/\/cgh.com.pl\/es\/?page_id=928"},"modified":"2023-05-22T22:46:00","modified_gmt":"2023-05-22T20:46:00","slug":"entrega-a-un-fabricante-de-lubricantes-de-renombre","status":"publish","type":"page","link":"https:\/\/cgh.com.pl\/es\/actualidades\/entrega-a-un-fabricante-de-lubricantes-de-renombre","title":{"rendered":"Entrega a un fabricante de lubricantes de renombre"},"content":{"rendered":"\n<p>04.2020<\/p>\n\n\n\n<p>Para ampliar su instalaci\u00f3n existente, el cliente nos encarg\u00f3 de 7 dep\u00f3sitos verticales (2 x 40 m\u00b3, 1 x 60 m\u00b3, 3 x 100 m\u00b3 y 1 x 200 m\u00b3). Todos ellos fueron adaptados al sistema de calefacci\u00f3n mediante camisas de calefacci\u00f3n y refrigeraci\u00f3n tipo Pillow Plate y Clamp On. Este tipo de soluci\u00f3n no se ha utilizado en nuestra empresa hasta ese momento, por lo que result\u00f3 ser un reto interesante para los departamentos t\u00e9cnico y de producci\u00f3n. Afortunadamente, hicimos frente a esta tarea sin ning\u00fan problema y todo el trabajo se desarroll\u00f3 sin problemas.<\/p>\n\n\n\n<p>Los dep\u00f3sitos m\u00e1s peque\u00f1os fueron hechos completamente de acero inoxidable y su parte integral fueron las camisas de calentamiento y enfriamiento de Pil-low Plate. Los dep\u00f3sitos grandes estuvieron dise\u00f1ados y fabricados en acero al carbono, y las placas de calentamiento estuvieron unidas a la superficie exterior (abrazadera en las camisas). Adem\u00e1s, se utilizaron fondos debidamente perfilados con semitubos soldados, lo que permiti\u00f3 calentar el fondo de los dep\u00f3sitos. Los dep\u00f3sitos en s\u00ed estaban aislados con lana mineral y cubiertos con l\u00e1minas de aluminio y zinc.<\/p>\n\n\n\n<p>El proyecto se implement\u00f3, en estrecha colaboraci\u00f3n con el proveedor de elementos de calefacci\u00f3n y el cliente, de acuerdo con el cronograma acordado.<\/p>\n\n\n\n<p>Los trabajos relacionados con la entrega y montaje del dep\u00f3sito m\u00e1s grande fueron bastante exigentes. Al intentar mover un tanque de 200 m\u00b3 a un sitio de construcci\u00f3n, hubo que desmontar letreros, quitar una cerca e incluso talar un \u00e1rbol. Adem\u00e1s, las patas de este enorme dep\u00f3sito tuvieron que ser instaladas por empleados calificados de CGH Polska.<\/p>\n\n\n\n<p>Vale la pena se\u00f1alar que toda la unidad transportada ten\u00eda m\u00e1s de 50 metros de largo y, a pesar de todos los c\u00e1lculos te\u00f3ricos y preparativos previos, un enfoque flexible y una mente abierta fueron importantes durante la descarga. Pero el resultado final fue realmente impresionante.<\/p>\n\n\n\n<div class=\"photos large\">\n<div class=\"first-zoom-photo\">\n<p style=\"text-align: center; font-size: 10px; margin-bottom:0;\"><img decoding=\"async\" data-src=\"https:\/\/cgh.com.pl\/es\/wp-content\/uploads\/2022\/02\/Delivery-to-a-reputable-manufacturer-of-lubricants.jpg\" alt=\"Entrega a un fabricante de lubricantes de renombre\" src=\"data:image\/svg+xml;base64,PHN2ZyB3aWR0aD0iMSIgaGVpZ2h0PSIxIiB4bWxucz0iaHR0cDovL3d3dy53My5vcmcvMjAwMC9zdmciPjwvc3ZnPg==\" class=\"lazyload\" style=\"--smush-placeholder-width: 600px; --smush-placeholder-aspect-ratio: 600\/400;\"><\/p>\n\n<div><\/div>\n<\/div>\n<div>\n<p style=\"text-align: center; font-size: 10px; margin-bottom:0;\"><img decoding=\"async\" data-src=\"https:\/\/cgh.com.pl\/es\/wp-content\/uploads\/2022\/02\/Delivery-to-a-reputable-manufacturer-of-lubricants-2.jpg\" alt=\"Entrega a un fabricante de lubricantes de renombre\" src=\"data:image\/svg+xml;base64,PHN2ZyB3aWR0aD0iMSIgaGVpZ2h0PSIxIiB4bWxucz0iaHR0cDovL3d3dy53My5vcmcvMjAwMC9zdmciPjwvc3ZnPg==\" class=\"lazyload\" style=\"--smush-placeholder-width: 600px; --smush-placeholder-aspect-ratio: 600\/400;\"><\/p>\n\n<div><\/div>\n<\/div>\n\n<div class=\"pair\">\n\n\n<div><\/div>\n<div><\/div>\n<\/div>\n<\/div>\n","protected":false},"excerpt":{"rendered":"<p>04.2020 Para ampliar su instalaci\u00f3n existente, el cliente nos encarg\u00f3 de 7 dep\u00f3sitos verticales (2 x 40 m\u00b3, 1 x 60 m\u00b3, 3 x 100 m\u00b3 y 1 x 200 m\u00b3). Todos ellos fueron adaptados al sistema de calefacci\u00f3n mediante camisas de calefacci\u00f3n y refrigeraci\u00f3n tipo Pillow Plate y Clamp On. Este tipo de soluci\u00f3n [&hellip;]?<\/p>\n","protected":false},"author":1,"featured_media":0,"parent":329,"menu_order":0,"comment_status":"closed","ping_status":"closed","template":"page-products.php","meta":{"_acf_changed":false,"footnotes":""},"class_list":["post-928","page","type-page","status-publish","hentry"],"acf":[],"yoast_head":"<!-- This site is optimized with the Yoast SEO plugin v26.1.1 - https:\/\/yoast.com\/wordpress\/plugins\/seo\/ -->\n<title>Entrega a un fabricante de lubricantes de renombre - CGH Group Sp. z o.o.<\/title>\n<meta name=\"description\" content=\"Dostawa na rzecz renomowanego producenta smar\u00f3w - W celu rozbudowy swojej istniej\u0105cej instalacji, klient zam\u00f3wi\u0142 u nas 7 pionowych zbiornik\u00f3w\" \/>\n<meta name=\"robots\" content=\"index, follow, max-snippet:-1, max-image-preview:large, max-video-preview:-1\" \/>\n<link rel=\"canonical\" href=\"https:\/\/cgh.com.pl\/es\/actualidades\/entrega-a-un-fabricante-de-lubricantes-de-renombre\" \/>\n<meta property=\"og:locale\" content=\"es_ES\" \/>\n<meta property=\"og:type\" content=\"article\" \/>\n<meta property=\"og:title\" content=\"Entrega a un fabricante de lubricantes de renombre - CGH Group Sp. z o.o.\" \/>\n<meta property=\"og:description\" content=\"Dostawa na rzecz renomowanego producenta smar\u00f3w - W celu rozbudowy swojej istniej\u0105cej instalacji, klient zam\u00f3wi\u0142 u nas 7 pionowych zbiornik\u00f3w\" \/>\n<meta property=\"og:url\" content=\"https:\/\/cgh.com.pl\/es\/actualidades\/entrega-a-un-fabricante-de-lubricantes-de-renombre\" \/>\n<meta property=\"og:site_name\" content=\"CGH Group Sp. z o.o.\" \/>\n<meta property=\"article:publisher\" content=\"https:\/\/www.facebook.com\/cghpolska\" \/>\n<meta property=\"article:modified_time\" content=\"2023-05-22T20:46:00+00:00\" \/>\n<meta property=\"og:image\" content=\"https:\/\/cgh.com.pl\/es\/wp-content\/uploads\/2022\/02\/Delivery-to-a-reputable-manufacturer-of-lubricants.jpg\" \/>\n<meta name=\"twitter:card\" content=\"summary_large_image\" \/>\n<meta name=\"twitter:label1\" content=\"Tiempo de lectura\" \/>\n\t<meta name=\"twitter:data1\" content=\"2 minutos\" \/>\n<script type=\"application\/ld+json\" class=\"yoast-schema-graph\">{\"@context\":\"https:\/\/schema.org\",\"@graph\":[{\"@type\":\"WebPage\",\"@id\":\"https:\/\/cgh.com.pl\/es\/actualidades\/entrega-a-un-fabricante-de-lubricantes-de-renombre\",\"url\":\"https:\/\/cgh.com.pl\/es\/actualidades\/entrega-a-un-fabricante-de-lubricantes-de-renombre\",\"name\":\"Entrega a un fabricante de lubricantes de renombre - CGH Group Sp. z o.o.\",\"isPartOf\":{\"@id\":\"https:\/\/cgh.com.pl\/es\/#website\"},\"primaryImageOfPage\":{\"@id\":\"https:\/\/cgh.com.pl\/es\/actualidades\/entrega-a-un-fabricante-de-lubricantes-de-renombre#primaryimage\"},\"image\":{\"@id\":\"https:\/\/cgh.com.pl\/es\/actualidades\/entrega-a-un-fabricante-de-lubricantes-de-renombre#primaryimage\"},\"thumbnailUrl\":\"https:\/\/cgh.com.pl\/es\/wp-content\/uploads\/2022\/02\/Delivery-to-a-reputable-manufacturer-of-lubricants.jpg\",\"datePublished\":\"2020-12-29T07:04:37+00:00\",\"dateModified\":\"2023-05-22T20:46:00+00:00\",\"description\":\"Dostawa na rzecz renomowanego producenta smar\u00f3w - W celu rozbudowy swojej istniej\u0105cej instalacji, klient zam\u00f3wi\u0142 u nas 7 pionowych zbiornik\u00f3w\",\"breadcrumb\":{\"@id\":\"https:\/\/cgh.com.pl\/es\/actualidades\/entrega-a-un-fabricante-de-lubricantes-de-renombre#breadcrumb\"},\"inLanguage\":\"es\",\"potentialAction\":[{\"@type\":\"ReadAction\",\"target\":[\"https:\/\/cgh.com.pl\/es\/actualidades\/entrega-a-un-fabricante-de-lubricantes-de-renombre\"]}]},{\"@type\":\"ImageObject\",\"inLanguage\":\"es\",\"@id\":\"https:\/\/cgh.com.pl\/es\/actualidades\/entrega-a-un-fabricante-de-lubricantes-de-renombre#primaryimage\",\"url\":\"https:\/\/cgh.com.pl\/es\/wp-content\/uploads\/2022\/02\/Delivery-to-a-reputable-manufacturer-of-lubricants.jpg\",\"contentUrl\":\"https:\/\/cgh.com.pl\/es\/wp-content\/uploads\/2022\/02\/Delivery-to-a-reputable-manufacturer-of-lubricants.jpg\",\"width\":600,\"height\":400,\"caption\":\"Delivery to a reputable manufacturer of lubricants\"},{\"@type\":\"BreadcrumbList\",\"@id\":\"https:\/\/cgh.com.pl\/es\/actualidades\/entrega-a-un-fabricante-de-lubricantes-de-renombre#breadcrumb\",\"itemListElement\":[{\"@type\":\"ListItem\",\"position\":1,\"name\":\"Strona g\u0142\u00f3wna\",\"item\":\"https:\/\/cgh.com.pl\/es\/\"},{\"@type\":\"ListItem\",\"position\":2,\"name\":\"Actualidades\",\"item\":\"https:\/\/cgh.com.pl\/es\/actualidades\"},{\"@type\":\"ListItem\",\"position\":3,\"name\":\"Entrega a un fabricante de lubricantes de renombre\"}]},{\"@type\":\"WebSite\",\"@id\":\"https:\/\/cgh.com.pl\/es\/#website\",\"url\":\"https:\/\/cgh.com.pl\/es\/\",\"name\":\"CGH Group Sp. z o.o.\",\"description\":\"\",\"publisher\":{\"@id\":\"https:\/\/cgh.com.pl\/es\/#organization\"},\"alternateName\":\"Ingenier\u00eda, desarrollo y fabricaci\u00f3n de dep\u00f3sitos de GLP, industriales, combustibles, agua, a presi\u00f3n y acero inoxidable - CGH Group\",\"potentialAction\":[{\"@type\":\"SearchAction\",\"target\":{\"@type\":\"EntryPoint\",\"urlTemplate\":\"https:\/\/cgh.com.pl\/es\/?s={search_term_string}\"},\"query-input\":{\"@type\":\"PropertyValueSpecification\",\"valueRequired\":true,\"valueName\":\"search_term_string\"}}],\"inLanguage\":\"es\"},{\"@type\":\"Organization\",\"@id\":\"https:\/\/cgh.com.pl\/es\/#organization\",\"name\":\"CGH Group Sp. z o.o.\",\"url\":\"https:\/\/cgh.com.pl\/es\/\",\"logo\":{\"@type\":\"ImageObject\",\"inLanguage\":\"es\",\"@id\":\"https:\/\/cgh.com.pl\/es\/#\/schema\/logo\/image\/\",\"url\":\"https:\/\/cgh.com.pl\/es\/wp-content\/uploads\/2023\/05\/logoCGH.png\",\"contentUrl\":\"https:\/\/cgh.com.pl\/es\/wp-content\/uploads\/2023\/05\/logoCGH.png\",\"width\":449,\"height\":162,\"caption\":\"CGH Group Sp. z o.o.\"},\"image\":{\"@id\":\"https:\/\/cgh.com.pl\/es\/#\/schema\/logo\/image\/\"},\"sameAs\":[\"https:\/\/www.facebook.com\/cghpolska\",\"https:\/\/www.youtube.com\/channel\/UCe9uW1n0tEj_ZJOEtHIHGQw\"]}]}<\/script>\n<!-- \/ Yoast SEO plugin. -->","yoast_head_json":{"title":"Entrega a un fabricante de lubricantes de renombre - CGH Group Sp. z o.o.","description":"Dostawa na rzecz renomowanego producenta smar\u00f3w - W celu rozbudowy swojej istniej\u0105cej instalacji, klient zam\u00f3wi\u0142 u nas 7 pionowych zbiornik\u00f3w","robots":{"index":"index","follow":"follow","max-snippet":"max-snippet:-1","max-image-preview":"max-image-preview:large","max-video-preview":"max-video-preview:-1"},"canonical":"https:\/\/cgh.com.pl\/es\/actualidades\/entrega-a-un-fabricante-de-lubricantes-de-renombre","og_locale":"es_ES","og_type":"article","og_title":"Entrega a un fabricante de lubricantes de renombre - CGH Group Sp. z o.o.","og_description":"Dostawa na rzecz renomowanego producenta smar\u00f3w - W celu rozbudowy swojej istniej\u0105cej instalacji, klient zam\u00f3wi\u0142 u nas 7 pionowych zbiornik\u00f3w","og_url":"https:\/\/cgh.com.pl\/es\/actualidades\/entrega-a-un-fabricante-de-lubricantes-de-renombre","og_site_name":"CGH Group Sp. z o.o.","article_publisher":"https:\/\/www.facebook.com\/cghpolska","article_modified_time":"2023-05-22T20:46:00+00:00","og_image":[{"url":"https:\/\/cgh.com.pl\/es\/wp-content\/uploads\/2022\/02\/Delivery-to-a-reputable-manufacturer-of-lubricants.jpg","type":"","width":"","height":""}],"twitter_card":"summary_large_image","twitter_misc":{"Tiempo de lectura":"2 minutos"},"schema":{"@context":"https:\/\/schema.org","@graph":[{"@type":"WebPage","@id":"https:\/\/cgh.com.pl\/es\/actualidades\/entrega-a-un-fabricante-de-lubricantes-de-renombre","url":"https:\/\/cgh.com.pl\/es\/actualidades\/entrega-a-un-fabricante-de-lubricantes-de-renombre","name":"Entrega a un fabricante de lubricantes de renombre - CGH Group Sp. z o.o.","isPartOf":{"@id":"https:\/\/cgh.com.pl\/es\/#website"},"primaryImageOfPage":{"@id":"https:\/\/cgh.com.pl\/es\/actualidades\/entrega-a-un-fabricante-de-lubricantes-de-renombre#primaryimage"},"image":{"@id":"https:\/\/cgh.com.pl\/es\/actualidades\/entrega-a-un-fabricante-de-lubricantes-de-renombre#primaryimage"},"thumbnailUrl":"https:\/\/cgh.com.pl\/es\/wp-content\/uploads\/2022\/02\/Delivery-to-a-reputable-manufacturer-of-lubricants.jpg","datePublished":"2020-12-29T07:04:37+00:00","dateModified":"2023-05-22T20:46:00+00:00","description":"Dostawa na rzecz renomowanego producenta smar\u00f3w - W celu rozbudowy swojej istniej\u0105cej instalacji, klient zam\u00f3wi\u0142 u nas 7 pionowych zbiornik\u00f3w","breadcrumb":{"@id":"https:\/\/cgh.com.pl\/es\/actualidades\/entrega-a-un-fabricante-de-lubricantes-de-renombre#breadcrumb"},"inLanguage":"es","potentialAction":[{"@type":"ReadAction","target":["https:\/\/cgh.com.pl\/es\/actualidades\/entrega-a-un-fabricante-de-lubricantes-de-renombre"]}]},{"@type":"ImageObject","inLanguage":"es","@id":"https:\/\/cgh.com.pl\/es\/actualidades\/entrega-a-un-fabricante-de-lubricantes-de-renombre#primaryimage","url":"https:\/\/cgh.com.pl\/es\/wp-content\/uploads\/2022\/02\/Delivery-to-a-reputable-manufacturer-of-lubricants.jpg","contentUrl":"https:\/\/cgh.com.pl\/es\/wp-content\/uploads\/2022\/02\/Delivery-to-a-reputable-manufacturer-of-lubricants.jpg","width":600,"height":400,"caption":"Delivery to a reputable manufacturer of lubricants"},{"@type":"BreadcrumbList","@id":"https:\/\/cgh.com.pl\/es\/actualidades\/entrega-a-un-fabricante-de-lubricantes-de-renombre#breadcrumb","itemListElement":[{"@type":"ListItem","position":1,"name":"Strona g\u0142\u00f3wna","item":"https:\/\/cgh.com.pl\/es\/"},{"@type":"ListItem","position":2,"name":"Actualidades","item":"https:\/\/cgh.com.pl\/es\/actualidades"},{"@type":"ListItem","position":3,"name":"Entrega a un fabricante de lubricantes de renombre"}]},{"@type":"WebSite","@id":"https:\/\/cgh.com.pl\/es\/#website","url":"https:\/\/cgh.com.pl\/es\/","name":"CGH Group Sp. z o.o.","description":"","publisher":{"@id":"https:\/\/cgh.com.pl\/es\/#organization"},"alternateName":"Ingenier\u00eda, desarrollo y fabricaci\u00f3n de dep\u00f3sitos de GLP, industriales, combustibles, agua, a presi\u00f3n y acero inoxidable - CGH Group","potentialAction":[{"@type":"SearchAction","target":{"@type":"EntryPoint","urlTemplate":"https:\/\/cgh.com.pl\/es\/?s={search_term_string}"},"query-input":{"@type":"PropertyValueSpecification","valueRequired":true,"valueName":"search_term_string"}}],"inLanguage":"es"},{"@type":"Organization","@id":"https:\/\/cgh.com.pl\/es\/#organization","name":"CGH Group Sp. z o.o.","url":"https:\/\/cgh.com.pl\/es\/","logo":{"@type":"ImageObject","inLanguage":"es","@id":"https:\/\/cgh.com.pl\/es\/#\/schema\/logo\/image\/","url":"https:\/\/cgh.com.pl\/es\/wp-content\/uploads\/2023\/05\/logoCGH.png","contentUrl":"https:\/\/cgh.com.pl\/es\/wp-content\/uploads\/2023\/05\/logoCGH.png","width":449,"height":162,"caption":"CGH Group Sp. z o.o."},"image":{"@id":"https:\/\/cgh.com.pl\/es\/#\/schema\/logo\/image\/"},"sameAs":["https:\/\/www.facebook.com\/cghpolska","https:\/\/www.youtube.com\/channel\/UCe9uW1n0tEj_ZJOEtHIHGQw"]}]}},"_links":{"self":[{"href":"https:\/\/cgh.com.pl\/es\/wp-json\/wp\/v2\/pages\/928","targetHints":{"allow":["GET"]}}],"collection":[{"href":"https:\/\/cgh.com.pl\/es\/wp-json\/wp\/v2\/pages"}],"about":[{"href":"https:\/\/cgh.com.pl\/es\/wp-json\/wp\/v2\/types\/page"}],"author":[{"embeddable":true,"href":"https:\/\/cgh.com.pl\/es\/wp-json\/wp\/v2\/users\/1"}],"replies":[{"embeddable":true,"href":"https:\/\/cgh.com.pl\/es\/wp-json\/wp\/v2\/comments?post=928"}],"version-history":[{"count":3,"href":"https:\/\/cgh.com.pl\/es\/wp-json\/wp\/v2\/pages\/928\/revisions"}],"predecessor-version":[{"id":5006,"href":"https:\/\/cgh.com.pl\/es\/wp-json\/wp\/v2\/pages\/928\/revisions\/5006"}],"up":[{"embeddable":true,"href":"https:\/\/cgh.com.pl\/es\/wp-json\/wp\/v2\/pages\/329"}],"wp:attachment":[{"href":"https:\/\/cgh.com.pl\/es\/wp-json\/wp\/v2\/media?parent=928"}],"curies":[{"name":"wp","href":"https:\/\/api.w.org\/{rel}","templated":true}]}}