{"id":937,"date":"2020-12-29T08:16:36","date_gmt":"2020-12-29T07:16:36","guid":{"rendered":"https:\/\/cgh.com.pl\/es\/?page_id=937"},"modified":"2023-05-22T23:00:58","modified_gmt":"2023-05-22T21:00:58","slug":"depositos-de-almacenamiento-de-etanol","status":"publish","type":"page","link":"https:\/\/cgh.com.pl\/es\/actualidades\/depositos-de-almacenamiento-de-etanol","title":{"rendered":"Dep\u00f3sitos de almacenamiento de etanol"},"content":{"rendered":"\n<p>04.2020<\/p>\n\n\n\n<p>Para una empresa l\u00edder en producci\u00f3n de etanol, entregamos 5 dep\u00f3sitos subterr\u00e1neos de doble pared, cada uno con una capacidad de 200 m<sup>3<\/sup>, un di\u00e1metro de 3.400 mm y una longitud de 23 m, los cuales fueron equipados con un sistema de control y medici\u00f3n conforme a la Directiva ATEX y cumpliendo con los requisitos aduaneros pertinentes (en t\u00e9rminos de impuestos e impuestos especiales). Esos fueron los primeros dep\u00f3sitos de doble pared de tal capacidad producidos por CGH Polska.<\/p>\n\n\n\n<p>Uno de estos dep\u00f3sitos, en la versi\u00f3n de cuatro c\u00e1maras, fue dise\u00f1ado para almacenar aditivos a base de etanol. Los cuatro dep\u00f3sitos monoc\u00e1mara restantes se adaptaron al uso de agitadores verticales. Como los vapores de etanol son altamente inflamables, la construcci\u00f3n y el equipo cumplen con los est\u00e1ndares EX.<\/p>\n\n\n\n<p>Estos dep\u00f3sitos son un elemento importante de la l\u00ednea de proceso y est\u00e1n dise\u00f1ados para una mezcla completa de etanol contaminado con los aditivos apropiados.<\/p>\n\n\n\n<div class=\"photos large\">\n<div class=\"first-zoom-photo\">\n<p style=\"text-align: center; font-size: 10px; margin-bottom:0;\"><img decoding=\"async\" data-src=\"https:\/\/cgh.com.pl\/es\/wp-content\/uploads\/2021\/06\/Tanks_for_ethanol_storage.jpg\" alt=\"Dep\u00f3sitos  de almacenamiento de etanol\" src=\"data:image\/svg+xml;base64,PHN2ZyB3aWR0aD0iMSIgaGVpZ2h0PSIxIiB4bWxucz0iaHR0cDovL3d3dy53My5vcmcvMjAwMC9zdmciPjwvc3ZnPg==\" class=\"lazyload\" style=\"--smush-placeholder-width: 600px; --smush-placeholder-aspect-ratio: 600\/400;\"><\/p>\n\n<div><\/div>\n<\/div>\n<div>\n\n\n<div><\/div>\n<\/div>\n\n<div class=\"pair\">\n\n\n<div><\/div>\n<div><\/div>\n<\/div>\n<\/div>\n","protected":false},"excerpt":{"rendered":"<p>04.2020 Para una empresa l\u00edder en producci\u00f3n de etanol, entregamos 5 dep\u00f3sitos subterr\u00e1neos de doble pared, cada uno con una capacidad de 200 m3, un di\u00e1metro de 3.400 mm y una longitud de 23 m, los cuales fueron equipados con un sistema de control y medici\u00f3n conforme a la Directiva ATEX y cumpliendo con los [&hellip;]?<\/p>\n","protected":false},"author":1,"featured_media":0,"parent":329,"menu_order":0,"comment_status":"closed","ping_status":"closed","template":"page-products.php","meta":{"_acf_changed":false,"footnotes":""},"class_list":["post-937","page","type-page","status-publish","hentry"],"acf":[],"yoast_head":"<!-- This site is optimized with the Yoast SEO plugin v26.1.1 - https:\/\/yoast.com\/wordpress\/plugins\/seo\/ -->\n<title>Dep\u00f3sitos de almacenamiento de etanol - CGH Group Sp. z o.o.<\/title>\n<meta name=\"description\" content=\"Tanks for ethanol storage - Dla wiod\u0105cego zak\u0142adu produkcji etanolu dostarczyli\u015bmy 5 podziemnych, dwup\u0142aszczowych zbiornik\u00f3w...\" \/>\n<meta name=\"robots\" content=\"index, follow, max-snippet:-1, max-image-preview:large, max-video-preview:-1\" \/>\n<link rel=\"canonical\" href=\"https:\/\/cgh.com.pl\/es\/actualidades\/depositos-de-almacenamiento-de-etanol\" \/>\n<meta property=\"og:locale\" content=\"es_ES\" \/>\n<meta property=\"og:type\" content=\"article\" \/>\n<meta property=\"og:title\" content=\"Dep\u00f3sitos de almacenamiento de etanol - CGH Group Sp. z o.o.\" \/>\n<meta property=\"og:description\" content=\"Tanks for ethanol storage - Dla wiod\u0105cego zak\u0142adu produkcji etanolu dostarczyli\u015bmy 5 podziemnych, dwup\u0142aszczowych zbiornik\u00f3w...\" \/>\n<meta property=\"og:url\" content=\"https:\/\/cgh.com.pl\/es\/actualidades\/depositos-de-almacenamiento-de-etanol\" \/>\n<meta property=\"og:site_name\" content=\"CGH Group Sp. z o.o.\" \/>\n<meta property=\"article:publisher\" content=\"https:\/\/www.facebook.com\/cghpolska\" \/>\n<meta property=\"article:modified_time\" content=\"2023-05-22T21:00:58+00:00\" \/>\n<meta property=\"og:image\" content=\"https:\/\/cgh.com.pl\/es\/wp-content\/uploads\/2021\/06\/Tanks_for_ethanol_storage.jpg\" \/>\n<meta name=\"twitter:card\" content=\"summary_large_image\" \/>\n<meta name=\"twitter:label1\" content=\"Tiempo de lectura\" \/>\n\t<meta name=\"twitter:data1\" content=\"1 minuto\" \/>\n<script type=\"application\/ld+json\" class=\"yoast-schema-graph\">{\"@context\":\"https:\/\/schema.org\",\"@graph\":[{\"@type\":\"WebPage\",\"@id\":\"https:\/\/cgh.com.pl\/es\/actualidades\/depositos-de-almacenamiento-de-etanol\",\"url\":\"https:\/\/cgh.com.pl\/es\/actualidades\/depositos-de-almacenamiento-de-etanol\",\"name\":\"Dep\u00f3sitos de almacenamiento de etanol - CGH Group Sp. z o.o.\",\"isPartOf\":{\"@id\":\"https:\/\/cgh.com.pl\/es\/#website\"},\"primaryImageOfPage\":{\"@id\":\"https:\/\/cgh.com.pl\/es\/actualidades\/depositos-de-almacenamiento-de-etanol#primaryimage\"},\"image\":{\"@id\":\"https:\/\/cgh.com.pl\/es\/actualidades\/depositos-de-almacenamiento-de-etanol#primaryimage\"},\"thumbnailUrl\":\"https:\/\/cgh.com.pl\/es\/wp-content\/uploads\/2021\/06\/Tanks_for_ethanol_storage.jpg\",\"datePublished\":\"2020-12-29T07:16:36+00:00\",\"dateModified\":\"2023-05-22T21:00:58+00:00\",\"description\":\"Tanks for ethanol storage - Dla wiod\u0105cego zak\u0142adu produkcji etanolu dostarczyli\u015bmy 5 podziemnych, dwup\u0142aszczowych zbiornik\u00f3w...\",\"breadcrumb\":{\"@id\":\"https:\/\/cgh.com.pl\/es\/actualidades\/depositos-de-almacenamiento-de-etanol#breadcrumb\"},\"inLanguage\":\"es\",\"potentialAction\":[{\"@type\":\"ReadAction\",\"target\":[\"https:\/\/cgh.com.pl\/es\/actualidades\/depositos-de-almacenamiento-de-etanol\"]}]},{\"@type\":\"ImageObject\",\"inLanguage\":\"es\",\"@id\":\"https:\/\/cgh.com.pl\/es\/actualidades\/depositos-de-almacenamiento-de-etanol#primaryimage\",\"url\":\"https:\/\/cgh.com.pl\/es\/wp-content\/uploads\/2021\/06\/Tanks_for_ethanol_storage.jpg\",\"contentUrl\":\"https:\/\/cgh.com.pl\/es\/wp-content\/uploads\/2021\/06\/Tanks_for_ethanol_storage.jpg\",\"width\":600,\"height\":400,\"caption\":\"Tanks for ethanol storage\"},{\"@type\":\"BreadcrumbList\",\"@id\":\"https:\/\/cgh.com.pl\/es\/actualidades\/depositos-de-almacenamiento-de-etanol#breadcrumb\",\"itemListElement\":[{\"@type\":\"ListItem\",\"position\":1,\"name\":\"Strona g\u0142\u00f3wna\",\"item\":\"https:\/\/cgh.com.pl\/es\/\"},{\"@type\":\"ListItem\",\"position\":2,\"name\":\"Actualidades\",\"item\":\"https:\/\/cgh.com.pl\/es\/actualidades\"},{\"@type\":\"ListItem\",\"position\":3,\"name\":\"Dep\u00f3sitos de almacenamiento de etanol\"}]},{\"@type\":\"WebSite\",\"@id\":\"https:\/\/cgh.com.pl\/es\/#website\",\"url\":\"https:\/\/cgh.com.pl\/es\/\",\"name\":\"CGH Group Sp. z o.o.\",\"description\":\"\",\"publisher\":{\"@id\":\"https:\/\/cgh.com.pl\/es\/#organization\"},\"alternateName\":\"Ingenier\u00eda, desarrollo y fabricaci\u00f3n de dep\u00f3sitos de GLP, industriales, combustibles, agua, a presi\u00f3n y acero inoxidable - CGH Group\",\"potentialAction\":[{\"@type\":\"SearchAction\",\"target\":{\"@type\":\"EntryPoint\",\"urlTemplate\":\"https:\/\/cgh.com.pl\/es\/?s={search_term_string}\"},\"query-input\":{\"@type\":\"PropertyValueSpecification\",\"valueRequired\":true,\"valueName\":\"search_term_string\"}}],\"inLanguage\":\"es\"},{\"@type\":\"Organization\",\"@id\":\"https:\/\/cgh.com.pl\/es\/#organization\",\"name\":\"CGH Group Sp. z o.o.\",\"url\":\"https:\/\/cgh.com.pl\/es\/\",\"logo\":{\"@type\":\"ImageObject\",\"inLanguage\":\"es\",\"@id\":\"https:\/\/cgh.com.pl\/es\/#\/schema\/logo\/image\/\",\"url\":\"https:\/\/cgh.com.pl\/es\/wp-content\/uploads\/2023\/05\/logoCGH.png\",\"contentUrl\":\"https:\/\/cgh.com.pl\/es\/wp-content\/uploads\/2023\/05\/logoCGH.png\",\"width\":449,\"height\":162,\"caption\":\"CGH Group Sp. z o.o.\"},\"image\":{\"@id\":\"https:\/\/cgh.com.pl\/es\/#\/schema\/logo\/image\/\"},\"sameAs\":[\"https:\/\/www.facebook.com\/cghpolska\",\"https:\/\/www.youtube.com\/channel\/UCe9uW1n0tEj_ZJOEtHIHGQw\"]}]}<\/script>\n<!-- \/ Yoast SEO plugin. -->","yoast_head_json":{"title":"Dep\u00f3sitos de almacenamiento de etanol - CGH Group Sp. z o.o.","description":"Tanks for ethanol storage - Dla wiod\u0105cego zak\u0142adu produkcji etanolu dostarczyli\u015bmy 5 podziemnych, dwup\u0142aszczowych zbiornik\u00f3w...","robots":{"index":"index","follow":"follow","max-snippet":"max-snippet:-1","max-image-preview":"max-image-preview:large","max-video-preview":"max-video-preview:-1"},"canonical":"https:\/\/cgh.com.pl\/es\/actualidades\/depositos-de-almacenamiento-de-etanol","og_locale":"es_ES","og_type":"article","og_title":"Dep\u00f3sitos de almacenamiento de etanol - CGH Group Sp. z o.o.","og_description":"Tanks for ethanol storage - Dla wiod\u0105cego zak\u0142adu produkcji etanolu dostarczyli\u015bmy 5 podziemnych, dwup\u0142aszczowych zbiornik\u00f3w...","og_url":"https:\/\/cgh.com.pl\/es\/actualidades\/depositos-de-almacenamiento-de-etanol","og_site_name":"CGH Group Sp. z o.o.","article_publisher":"https:\/\/www.facebook.com\/cghpolska","article_modified_time":"2023-05-22T21:00:58+00:00","og_image":[{"url":"https:\/\/cgh.com.pl\/es\/wp-content\/uploads\/2021\/06\/Tanks_for_ethanol_storage.jpg","type":"","width":"","height":""}],"twitter_card":"summary_large_image","twitter_misc":{"Tiempo de lectura":"1 minuto"},"schema":{"@context":"https:\/\/schema.org","@graph":[{"@type":"WebPage","@id":"https:\/\/cgh.com.pl\/es\/actualidades\/depositos-de-almacenamiento-de-etanol","url":"https:\/\/cgh.com.pl\/es\/actualidades\/depositos-de-almacenamiento-de-etanol","name":"Dep\u00f3sitos de almacenamiento de etanol - CGH Group Sp. z o.o.","isPartOf":{"@id":"https:\/\/cgh.com.pl\/es\/#website"},"primaryImageOfPage":{"@id":"https:\/\/cgh.com.pl\/es\/actualidades\/depositos-de-almacenamiento-de-etanol#primaryimage"},"image":{"@id":"https:\/\/cgh.com.pl\/es\/actualidades\/depositos-de-almacenamiento-de-etanol#primaryimage"},"thumbnailUrl":"https:\/\/cgh.com.pl\/es\/wp-content\/uploads\/2021\/06\/Tanks_for_ethanol_storage.jpg","datePublished":"2020-12-29T07:16:36+00:00","dateModified":"2023-05-22T21:00:58+00:00","description":"Tanks for ethanol storage - Dla wiod\u0105cego zak\u0142adu produkcji etanolu dostarczyli\u015bmy 5 podziemnych, dwup\u0142aszczowych zbiornik\u00f3w...","breadcrumb":{"@id":"https:\/\/cgh.com.pl\/es\/actualidades\/depositos-de-almacenamiento-de-etanol#breadcrumb"},"inLanguage":"es","potentialAction":[{"@type":"ReadAction","target":["https:\/\/cgh.com.pl\/es\/actualidades\/depositos-de-almacenamiento-de-etanol"]}]},{"@type":"ImageObject","inLanguage":"es","@id":"https:\/\/cgh.com.pl\/es\/actualidades\/depositos-de-almacenamiento-de-etanol#primaryimage","url":"https:\/\/cgh.com.pl\/es\/wp-content\/uploads\/2021\/06\/Tanks_for_ethanol_storage.jpg","contentUrl":"https:\/\/cgh.com.pl\/es\/wp-content\/uploads\/2021\/06\/Tanks_for_ethanol_storage.jpg","width":600,"height":400,"caption":"Tanks for ethanol storage"},{"@type":"BreadcrumbList","@id":"https:\/\/cgh.com.pl\/es\/actualidades\/depositos-de-almacenamiento-de-etanol#breadcrumb","itemListElement":[{"@type":"ListItem","position":1,"name":"Strona g\u0142\u00f3wna","item":"https:\/\/cgh.com.pl\/es\/"},{"@type":"ListItem","position":2,"name":"Actualidades","item":"https:\/\/cgh.com.pl\/es\/actualidades"},{"@type":"ListItem","position":3,"name":"Dep\u00f3sitos de almacenamiento de etanol"}]},{"@type":"WebSite","@id":"https:\/\/cgh.com.pl\/es\/#website","url":"https:\/\/cgh.com.pl\/es\/","name":"CGH Group Sp. z o.o.","description":"","publisher":{"@id":"https:\/\/cgh.com.pl\/es\/#organization"},"alternateName":"Ingenier\u00eda, desarrollo y fabricaci\u00f3n de dep\u00f3sitos de GLP, industriales, combustibles, agua, a presi\u00f3n y acero inoxidable - CGH Group","potentialAction":[{"@type":"SearchAction","target":{"@type":"EntryPoint","urlTemplate":"https:\/\/cgh.com.pl\/es\/?s={search_term_string}"},"query-input":{"@type":"PropertyValueSpecification","valueRequired":true,"valueName":"search_term_string"}}],"inLanguage":"es"},{"@type":"Organization","@id":"https:\/\/cgh.com.pl\/es\/#organization","name":"CGH Group Sp. z o.o.","url":"https:\/\/cgh.com.pl\/es\/","logo":{"@type":"ImageObject","inLanguage":"es","@id":"https:\/\/cgh.com.pl\/es\/#\/schema\/logo\/image\/","url":"https:\/\/cgh.com.pl\/es\/wp-content\/uploads\/2023\/05\/logoCGH.png","contentUrl":"https:\/\/cgh.com.pl\/es\/wp-content\/uploads\/2023\/05\/logoCGH.png","width":449,"height":162,"caption":"CGH Group Sp. z o.o."},"image":{"@id":"https:\/\/cgh.com.pl\/es\/#\/schema\/logo\/image\/"},"sameAs":["https:\/\/www.facebook.com\/cghpolska","https:\/\/www.youtube.com\/channel\/UCe9uW1n0tEj_ZJOEtHIHGQw"]}]}},"_links":{"self":[{"href":"https:\/\/cgh.com.pl\/es\/wp-json\/wp\/v2\/pages\/937","targetHints":{"allow":["GET"]}}],"collection":[{"href":"https:\/\/cgh.com.pl\/es\/wp-json\/wp\/v2\/pages"}],"about":[{"href":"https:\/\/cgh.com.pl\/es\/wp-json\/wp\/v2\/types\/page"}],"author":[{"embeddable":true,"href":"https:\/\/cgh.com.pl\/es\/wp-json\/wp\/v2\/users\/1"}],"replies":[{"embeddable":true,"href":"https:\/\/cgh.com.pl\/es\/wp-json\/wp\/v2\/comments?post=937"}],"version-history":[{"count":4,"href":"https:\/\/cgh.com.pl\/es\/wp-json\/wp\/v2\/pages\/937\/revisions"}],"predecessor-version":[{"id":5014,"href":"https:\/\/cgh.com.pl\/es\/wp-json\/wp\/v2\/pages\/937\/revisions\/5014"}],"up":[{"embeddable":true,"href":"https:\/\/cgh.com.pl\/es\/wp-json\/wp\/v2\/pages\/329"}],"wp:attachment":[{"href":"https:\/\/cgh.com.pl\/es\/wp-json\/wp\/v2\/media?parent=937"}],"curies":[{"name":"wp","href":"https:\/\/api.w.org\/{rel}","templated":true}]}}