{"id":940,"date":"2020-12-29T08:22:04","date_gmt":"2020-12-29T07:22:04","guid":{"rendered":"https:\/\/cgh.com.pl\/es\/?page_id=940"},"modified":"2023-05-22T23:03:00","modified_gmt":"2023-05-22T21:03:00","slug":"puente-para-un-cliente-aleman","status":"publish","type":"page","link":"https:\/\/cgh.com.pl\/es\/actualidades\/puente-para-un-cliente-aleman","title":{"rendered":"Puente para un cliente alem\u00e1n"},"content":{"rendered":"\n<p>04.2020<\/p>\n\n\n\n<p>Por tercera vez en la historia de nuestra actividad, hemos creado y entregado un dise\u00f1o de puente.<\/p>\n\n\n\n<p>Nuestro cliente alem\u00e1n tiene una planta ubicada en un peque\u00f1o r\u00edo y el \u00fanico estacionamiento disponible para sus empleados est\u00e1 al otro lado. Para comodidad de los empleados, la empresa decidi\u00f3 conectar las dos orillas del r\u00edo. El puente est\u00e1 dise\u00f1ado solo para peatones, proporcionando un acceso seguro y r\u00e1pido al lugar de trabajo. Su longitud total supera los 20 m; el puente y las barandillas son de acero al carbono y los pasamanos son de acero inoxidable. La estructura fue pintada con un revestimiento especial resistente a todas las condiciones clim\u00e1ticas (clase de corrosi\u00f3n C5 H) y una capa antideslizante en los lugares de circulaci\u00f3n de peatones.<\/p>\n\n\n\n<p>El puente se entreg\u00f3 mediante transporte a granel y se coloc\u00f3 sin problemas en su lugar sobre el r\u00edo.<\/p>\n\n\n\n<div class=\"photos large\">\n<div class=\"first-zoom-photo\">\n<p style=\"text-align: center; font-size: 10px; margin-bottom:0;\"><img decoding=\"async\" data-src=\"https:\/\/cgh.com.pl\/es\/wp-content\/uploads\/2021\/06\/Bridge_for_German_customer.jpg\" alt=\"Puente para un cliente alem\u00e1n\" src=\"data:image\/svg+xml;base64,PHN2ZyB3aWR0aD0iMSIgaGVpZ2h0PSIxIiB4bWxucz0iaHR0cDovL3d3dy53My5vcmcvMjAwMC9zdmciPjwvc3ZnPg==\" class=\"lazyload\" style=\"--smush-placeholder-width: 600px; --smush-placeholder-aspect-ratio: 600\/400;\"><\/p>\n\n<div><\/div>\n<\/div>\n<div>\n<p style=\"text-align: center; font-size: 10px; margin-bottom:0;\"><img decoding=\"async\" data-src=\"https:\/\/cgh.com.pl\/es\/wp-content\/uploads\/2022\/02\/Bridge-for-German-customer2.jpg\" alt=\"Puente para un cliente alem\u00e1n\" src=\"data:image\/svg+xml;base64,PHN2ZyB3aWR0aD0iMSIgaGVpZ2h0PSIxIiB4bWxucz0iaHR0cDovL3d3dy53My5vcmcvMjAwMC9zdmciPjwvc3ZnPg==\" class=\"lazyload\" style=\"--smush-placeholder-width: 600px; --smush-placeholder-aspect-ratio: 600\/400;\"><\/p>\n\n<div><\/div>\n<\/div>\n\n<div class=\"pair\">\n\n\n<div><\/div>\n<div><\/div>\n<\/div>\n<\/div>\n","protected":false},"excerpt":{"rendered":"<p>04.2020 Por tercera vez en la historia de nuestra actividad, hemos creado y entregado un dise\u00f1o de puente. Nuestro cliente alem\u00e1n tiene una planta ubicada en un peque\u00f1o r\u00edo y el \u00fanico estacionamiento disponible para sus empleados est\u00e1 al otro lado. Para comodidad de los empleados, la empresa decidi\u00f3 conectar las dos orillas del r\u00edo. [&hellip;]?<\/p>\n","protected":false},"author":1,"featured_media":0,"parent":329,"menu_order":0,"comment_status":"closed","ping_status":"closed","template":"page-products.php","meta":{"_acf_changed":false,"footnotes":""},"class_list":["post-940","page","type-page","status-publish","hentry"],"acf":[],"yoast_head":"<!-- This site is optimized with the Yoast SEO plugin v26.1.1 - https:\/\/yoast.com\/wordpress\/plugins\/seo\/ -->\n<title>Puente para un cliente alem\u00e1n - CGH Group Sp. z o.o.<\/title>\n<meta name=\"description\" content=\"Bridge for German customer - For the third time in our history we have constructed and delivered a bridge. Our customer from Germany...\" \/>\n<meta name=\"robots\" content=\"index, follow, max-snippet:-1, max-image-preview:large, max-video-preview:-1\" \/>\n<link rel=\"canonical\" href=\"https:\/\/cgh.com.pl\/es\/actualidades\/puente-para-un-cliente-aleman\" \/>\n<meta property=\"og:locale\" content=\"es_ES\" \/>\n<meta property=\"og:type\" content=\"article\" \/>\n<meta property=\"og:title\" content=\"Puente para un cliente alem\u00e1n - CGH Group Sp. z o.o.\" \/>\n<meta property=\"og:description\" content=\"Bridge for German customer - For the third time in our history we have constructed and delivered a bridge. Our customer from Germany...\" \/>\n<meta property=\"og:url\" content=\"https:\/\/cgh.com.pl\/es\/actualidades\/puente-para-un-cliente-aleman\" \/>\n<meta property=\"og:site_name\" content=\"CGH Group Sp. z o.o.\" \/>\n<meta property=\"article:publisher\" content=\"https:\/\/www.facebook.com\/cghpolska\" \/>\n<meta property=\"article:modified_time\" content=\"2023-05-22T21:03:00+00:00\" \/>\n<meta property=\"og:image\" content=\"https:\/\/cgh.com.pl\/es\/wp-content\/uploads\/2021\/06\/Bridge_for_German_customer.jpg\" \/>\n<meta name=\"twitter:card\" content=\"summary_large_image\" \/>\n<meta name=\"twitter:label1\" content=\"Tiempo de lectura\" \/>\n\t<meta name=\"twitter:data1\" content=\"1 minuto\" \/>\n<script type=\"application\/ld+json\" class=\"yoast-schema-graph\">{\"@context\":\"https:\/\/schema.org\",\"@graph\":[{\"@type\":\"WebPage\",\"@id\":\"https:\/\/cgh.com.pl\/es\/actualidades\/puente-para-un-cliente-aleman\",\"url\":\"https:\/\/cgh.com.pl\/es\/actualidades\/puente-para-un-cliente-aleman\",\"name\":\"Puente para un cliente alem\u00e1n - CGH Group Sp. z o.o.\",\"isPartOf\":{\"@id\":\"https:\/\/cgh.com.pl\/es\/#website\"},\"primaryImageOfPage\":{\"@id\":\"https:\/\/cgh.com.pl\/es\/actualidades\/puente-para-un-cliente-aleman#primaryimage\"},\"image\":{\"@id\":\"https:\/\/cgh.com.pl\/es\/actualidades\/puente-para-un-cliente-aleman#primaryimage\"},\"thumbnailUrl\":\"https:\/\/cgh.com.pl\/es\/wp-content\/uploads\/2021\/06\/Bridge_for_German_customer.jpg\",\"datePublished\":\"2020-12-29T07:22:04+00:00\",\"dateModified\":\"2023-05-22T21:03:00+00:00\",\"description\":\"Bridge for German customer - For the third time in our history we have constructed and delivered a bridge. Our customer from Germany...\",\"breadcrumb\":{\"@id\":\"https:\/\/cgh.com.pl\/es\/actualidades\/puente-para-un-cliente-aleman#breadcrumb\"},\"inLanguage\":\"es\",\"potentialAction\":[{\"@type\":\"ReadAction\",\"target\":[\"https:\/\/cgh.com.pl\/es\/actualidades\/puente-para-un-cliente-aleman\"]}]},{\"@type\":\"ImageObject\",\"inLanguage\":\"es\",\"@id\":\"https:\/\/cgh.com.pl\/es\/actualidades\/puente-para-un-cliente-aleman#primaryimage\",\"url\":\"https:\/\/cgh.com.pl\/es\/wp-content\/uploads\/2021\/06\/Bridge_for_German_customer.jpg\",\"contentUrl\":\"https:\/\/cgh.com.pl\/es\/wp-content\/uploads\/2021\/06\/Bridge_for_German_customer.jpg\",\"width\":600,\"height\":400,\"caption\":\"Bridge for German customer\"},{\"@type\":\"BreadcrumbList\",\"@id\":\"https:\/\/cgh.com.pl\/es\/actualidades\/puente-para-un-cliente-aleman#breadcrumb\",\"itemListElement\":[{\"@type\":\"ListItem\",\"position\":1,\"name\":\"Strona g\u0142\u00f3wna\",\"item\":\"https:\/\/cgh.com.pl\/es\/\"},{\"@type\":\"ListItem\",\"position\":2,\"name\":\"Actualidades\",\"item\":\"https:\/\/cgh.com.pl\/es\/actualidades\"},{\"@type\":\"ListItem\",\"position\":3,\"name\":\"Puente para un cliente alem\u00e1n\"}]},{\"@type\":\"WebSite\",\"@id\":\"https:\/\/cgh.com.pl\/es\/#website\",\"url\":\"https:\/\/cgh.com.pl\/es\/\",\"name\":\"CGH Group Sp. z o.o.\",\"description\":\"\",\"publisher\":{\"@id\":\"https:\/\/cgh.com.pl\/es\/#organization\"},\"alternateName\":\"Ingenier\u00eda, desarrollo y fabricaci\u00f3n de dep\u00f3sitos de GLP, industriales, combustibles, agua, a presi\u00f3n y acero inoxidable - CGH Group\",\"potentialAction\":[{\"@type\":\"SearchAction\",\"target\":{\"@type\":\"EntryPoint\",\"urlTemplate\":\"https:\/\/cgh.com.pl\/es\/?s={search_term_string}\"},\"query-input\":{\"@type\":\"PropertyValueSpecification\",\"valueRequired\":true,\"valueName\":\"search_term_string\"}}],\"inLanguage\":\"es\"},{\"@type\":\"Organization\",\"@id\":\"https:\/\/cgh.com.pl\/es\/#organization\",\"name\":\"CGH Group Sp. z o.o.\",\"url\":\"https:\/\/cgh.com.pl\/es\/\",\"logo\":{\"@type\":\"ImageObject\",\"inLanguage\":\"es\",\"@id\":\"https:\/\/cgh.com.pl\/es\/#\/schema\/logo\/image\/\",\"url\":\"https:\/\/cgh.com.pl\/es\/wp-content\/uploads\/2023\/05\/logoCGH.png\",\"contentUrl\":\"https:\/\/cgh.com.pl\/es\/wp-content\/uploads\/2023\/05\/logoCGH.png\",\"width\":449,\"height\":162,\"caption\":\"CGH Group Sp. z o.o.\"},\"image\":{\"@id\":\"https:\/\/cgh.com.pl\/es\/#\/schema\/logo\/image\/\"},\"sameAs\":[\"https:\/\/www.facebook.com\/cghpolska\",\"https:\/\/www.youtube.com\/channel\/UCe9uW1n0tEj_ZJOEtHIHGQw\"]}]}<\/script>\n<!-- \/ Yoast SEO plugin. -->","yoast_head_json":{"title":"Puente para un cliente alem\u00e1n - CGH Group Sp. z o.o.","description":"Bridge for German customer - For the third time in our history we have constructed and delivered a bridge. Our customer from Germany...","robots":{"index":"index","follow":"follow","max-snippet":"max-snippet:-1","max-image-preview":"max-image-preview:large","max-video-preview":"max-video-preview:-1"},"canonical":"https:\/\/cgh.com.pl\/es\/actualidades\/puente-para-un-cliente-aleman","og_locale":"es_ES","og_type":"article","og_title":"Puente para un cliente alem\u00e1n - CGH Group Sp. z o.o.","og_description":"Bridge for German customer - For the third time in our history we have constructed and delivered a bridge. Our customer from Germany...","og_url":"https:\/\/cgh.com.pl\/es\/actualidades\/puente-para-un-cliente-aleman","og_site_name":"CGH Group Sp. z o.o.","article_publisher":"https:\/\/www.facebook.com\/cghpolska","article_modified_time":"2023-05-22T21:03:00+00:00","og_image":[{"url":"https:\/\/cgh.com.pl\/es\/wp-content\/uploads\/2021\/06\/Bridge_for_German_customer.jpg","type":"","width":"","height":""}],"twitter_card":"summary_large_image","twitter_misc":{"Tiempo de lectura":"1 minuto"},"schema":{"@context":"https:\/\/schema.org","@graph":[{"@type":"WebPage","@id":"https:\/\/cgh.com.pl\/es\/actualidades\/puente-para-un-cliente-aleman","url":"https:\/\/cgh.com.pl\/es\/actualidades\/puente-para-un-cliente-aleman","name":"Puente para un cliente alem\u00e1n - CGH Group Sp. z o.o.","isPartOf":{"@id":"https:\/\/cgh.com.pl\/es\/#website"},"primaryImageOfPage":{"@id":"https:\/\/cgh.com.pl\/es\/actualidades\/puente-para-un-cliente-aleman#primaryimage"},"image":{"@id":"https:\/\/cgh.com.pl\/es\/actualidades\/puente-para-un-cliente-aleman#primaryimage"},"thumbnailUrl":"https:\/\/cgh.com.pl\/es\/wp-content\/uploads\/2021\/06\/Bridge_for_German_customer.jpg","datePublished":"2020-12-29T07:22:04+00:00","dateModified":"2023-05-22T21:03:00+00:00","description":"Bridge for German customer - For the third time in our history we have constructed and delivered a bridge. Our customer from Germany...","breadcrumb":{"@id":"https:\/\/cgh.com.pl\/es\/actualidades\/puente-para-un-cliente-aleman#breadcrumb"},"inLanguage":"es","potentialAction":[{"@type":"ReadAction","target":["https:\/\/cgh.com.pl\/es\/actualidades\/puente-para-un-cliente-aleman"]}]},{"@type":"ImageObject","inLanguage":"es","@id":"https:\/\/cgh.com.pl\/es\/actualidades\/puente-para-un-cliente-aleman#primaryimage","url":"https:\/\/cgh.com.pl\/es\/wp-content\/uploads\/2021\/06\/Bridge_for_German_customer.jpg","contentUrl":"https:\/\/cgh.com.pl\/es\/wp-content\/uploads\/2021\/06\/Bridge_for_German_customer.jpg","width":600,"height":400,"caption":"Bridge for German customer"},{"@type":"BreadcrumbList","@id":"https:\/\/cgh.com.pl\/es\/actualidades\/puente-para-un-cliente-aleman#breadcrumb","itemListElement":[{"@type":"ListItem","position":1,"name":"Strona g\u0142\u00f3wna","item":"https:\/\/cgh.com.pl\/es\/"},{"@type":"ListItem","position":2,"name":"Actualidades","item":"https:\/\/cgh.com.pl\/es\/actualidades"},{"@type":"ListItem","position":3,"name":"Puente para un cliente alem\u00e1n"}]},{"@type":"WebSite","@id":"https:\/\/cgh.com.pl\/es\/#website","url":"https:\/\/cgh.com.pl\/es\/","name":"CGH Group Sp. z o.o.","description":"","publisher":{"@id":"https:\/\/cgh.com.pl\/es\/#organization"},"alternateName":"Ingenier\u00eda, desarrollo y fabricaci\u00f3n de dep\u00f3sitos de GLP, industriales, combustibles, agua, a presi\u00f3n y acero inoxidable - CGH Group","potentialAction":[{"@type":"SearchAction","target":{"@type":"EntryPoint","urlTemplate":"https:\/\/cgh.com.pl\/es\/?s={search_term_string}"},"query-input":{"@type":"PropertyValueSpecification","valueRequired":true,"valueName":"search_term_string"}}],"inLanguage":"es"},{"@type":"Organization","@id":"https:\/\/cgh.com.pl\/es\/#organization","name":"CGH Group Sp. z o.o.","url":"https:\/\/cgh.com.pl\/es\/","logo":{"@type":"ImageObject","inLanguage":"es","@id":"https:\/\/cgh.com.pl\/es\/#\/schema\/logo\/image\/","url":"https:\/\/cgh.com.pl\/es\/wp-content\/uploads\/2023\/05\/logoCGH.png","contentUrl":"https:\/\/cgh.com.pl\/es\/wp-content\/uploads\/2023\/05\/logoCGH.png","width":449,"height":162,"caption":"CGH Group Sp. z o.o."},"image":{"@id":"https:\/\/cgh.com.pl\/es\/#\/schema\/logo\/image\/"},"sameAs":["https:\/\/www.facebook.com\/cghpolska","https:\/\/www.youtube.com\/channel\/UCe9uW1n0tEj_ZJOEtHIHGQw"]}]}},"_links":{"self":[{"href":"https:\/\/cgh.com.pl\/es\/wp-json\/wp\/v2\/pages\/940","targetHints":{"allow":["GET"]}}],"collection":[{"href":"https:\/\/cgh.com.pl\/es\/wp-json\/wp\/v2\/pages"}],"about":[{"href":"https:\/\/cgh.com.pl\/es\/wp-json\/wp\/v2\/types\/page"}],"author":[{"embeddable":true,"href":"https:\/\/cgh.com.pl\/es\/wp-json\/wp\/v2\/users\/1"}],"replies":[{"embeddable":true,"href":"https:\/\/cgh.com.pl\/es\/wp-json\/wp\/v2\/comments?post=940"}],"version-history":[{"count":4,"href":"https:\/\/cgh.com.pl\/es\/wp-json\/wp\/v2\/pages\/940\/revisions"}],"predecessor-version":[{"id":5018,"href":"https:\/\/cgh.com.pl\/es\/wp-json\/wp\/v2\/pages\/940\/revisions\/5018"}],"up":[{"embeddable":true,"href":"https:\/\/cgh.com.pl\/es\/wp-json\/wp\/v2\/pages\/329"}],"wp:attachment":[{"href":"https:\/\/cgh.com.pl\/es\/wp-json\/wp\/v2\/media?parent=940"}],"curies":[{"name":"wp","href":"https:\/\/api.w.org\/{rel}","templated":true}]}}