{"id":944,"date":"2020-12-29T08:23:57","date_gmt":"2020-12-29T07:23:57","guid":{"rendered":"https:\/\/cgh.com.pl\/es\/?page_id=944"},"modified":"2023-05-22T23:06:36","modified_gmt":"2023-05-22T21:06:36","slug":"cgh-polska-lider-de-seguridad","status":"publish","type":"page","link":"https:\/\/cgh.com.pl\/es\/actualidades\/cgh-polska-lider-de-seguridad","title":{"rendered":"CGH Polska &#8211; L\u00edder de seguridad"},"content":{"rendered":"\n<p>09.2019<\/p>\n\n\n\n<p>Nos complace anunciar que CGH Polska fue galardonada con el ranking UDT L\u00edder en Seguridad T\u00e9cnica.<\/p>\n\n\n\n<p>El objetivo principal del ranking bajo el nombre de \u00abL\u00edder en Seguridad T\u00e9cnica\u00bb es promover el uso seguro de los dispositivos t\u00e9cnicos. La Oficina de Inspecci\u00f3n T\u00e9cnica quiere homenajear a las empresas e instituciones que dan especial importancia a la operaci\u00f3n segura de los dispositivos, la seguridad ambiental y la seguridad humana en las \u00e1reas relacionadas con los dispositivos y sistemas t\u00e9cnicos. Los que mantienen el m\u00e1s alto nivel de seguridad t\u00e9cnica son recompensados \u200b\u200by pueden ser un buen ejemplo a seguir a escala nacional.<\/p>\n\n\n\n<p>En total, el ranking incluy\u00f3 a m\u00e1s de 140 empresas e instituciones en cuatro categor\u00edas,<\/p>\n\n\n\n<p>Categor\u00eda I &#8211; Usuarios de dispositivos t\u00e9cnicos<\/p>\n\n\n\n<p>Categor\u00eda II &#8211; Fabricantes de dispositivos t\u00e9cnicos<\/p>\n\n\n\n<p>Categor\u00eda III &#8211; Laboratorios reconocidos por la UDT<\/p>\n\n\n\n<p>Categor\u00eda IV &#8211; Empresas que operan de manera innovadora en el campo de la seguridad t\u00e9cnica<\/p>\n\n\n\n<p>CGH Polska obtuvo el segundo lugar en la categor\u00eda II, y la ceremonia oficial en Varsovia fue una excelente oportunidad para presentar nuestra empresa en una posici\u00f3n de liderazgo en el mercado.<\/p>\n\n\n\n<div class=\"photos large\">\n<div class=\"first-zoom-photo\">\n<p style=\"text-align: center; font-size: 10px; margin-bottom:0;\"><img decoding=\"async\" data-src=\"https:\/\/cgh.com.pl\/es\/wp-content\/uploads\/2022\/02\/Leader-of-Technical_Security.jpg\" alt=\"CGH Polska - L\u00edder de seguridad\" src=\"data:image\/svg+xml;base64,PHN2ZyB3aWR0aD0iMSIgaGVpZ2h0PSIxIiB4bWxucz0iaHR0cDovL3d3dy53My5vcmcvMjAwMC9zdmciPjwvc3ZnPg==\" class=\"lazyload\" style=\"--smush-placeholder-width: 600px; --smush-placeholder-aspect-ratio: 600\/400;\"><\/p>\n\n<div><\/div>\n<\/div>\n<div>\n<p style=\"text-align: center; font-size: 10px; margin-bottom:0;\"><img decoding=\"async\" data-src=\"https:\/\/cgh.com.pl\/es\/wp-content\/uploads\/2022\/02\/Leader-of-Technical-Security2.jpg\" alt=\"CGH Polska \u2013 Leader of Technical Security\" src=\"data:image\/svg+xml;base64,PHN2ZyB3aWR0aD0iMSIgaGVpZ2h0PSIxIiB4bWxucz0iaHR0cDovL3d3dy53My5vcmcvMjAwMC9zdmciPjwvc3ZnPg==\" class=\"lazyload\" style=\"--smush-placeholder-width: 600px; --smush-placeholder-aspect-ratio: 600\/400;\"><\/p>\n\n<div><\/div>\n<\/div>\n\n<div class=\"pair\">\n<p style=\"text-align: center; font-size: 10px; margin-bottom:0;\"><img decoding=\"async\" data-src=\"https:\/\/cgh.com.pl\/es\/wp-content\/uploads\/2022\/02\/Leader-of-Technical-Security3.jpg\" alt=\"CGH Polska \u2013 Leader of Technical Security\" src=\"data:image\/svg+xml;base64,PHN2ZyB3aWR0aD0iMSIgaGVpZ2h0PSIxIiB4bWxucz0iaHR0cDovL3d3dy53My5vcmcvMjAwMC9zdmciPjwvc3ZnPg==\" class=\"lazyload\" style=\"--smush-placeholder-width: 600px; --smush-placeholder-aspect-ratio: 600\/400;\"><\/p>\n\n<div><\/div>\n<div><\/div>\n<\/div>\n<\/div>\n","protected":false},"excerpt":{"rendered":"<p>09.2019 Nos complace anunciar que CGH Polska fue galardonada con el ranking UDT L\u00edder en Seguridad T\u00e9cnica. El objetivo principal del ranking bajo el nombre de \u00abL\u00edder en Seguridad T\u00e9cnica\u00bb es promover el uso seguro de los dispositivos t\u00e9cnicos. La Oficina de Inspecci\u00f3n T\u00e9cnica quiere homenajear a las empresas e instituciones que dan especial importancia [&hellip;]?<\/p>\n","protected":false},"author":1,"featured_media":0,"parent":329,"menu_order":0,"comment_status":"closed","ping_status":"closed","template":"page-products.php","meta":{"_acf_changed":false,"footnotes":""},"class_list":["post-944","page","type-page","status-publish","hentry"],"acf":[],"yoast_head":"<!-- This site is optimized with the Yoast SEO plugin v26.1.1 - https:\/\/yoast.com\/wordpress\/plugins\/seo\/ -->\n<title>CGH Polska - L\u00edder de seguridad - CGH Group Sp. z o.o.<\/title>\n<meta name=\"description\" content=\"CGH Polska \u2013 Leader of Technical Security -\" \/>\n<meta name=\"robots\" content=\"index, follow, max-snippet:-1, max-image-preview:large, max-video-preview:-1\" \/>\n<link rel=\"canonical\" href=\"https:\/\/cgh.com.pl\/es\/actualidades\/cgh-polska-lider-de-seguridad\" \/>\n<meta property=\"og:locale\" content=\"es_ES\" \/>\n<meta property=\"og:type\" content=\"article\" \/>\n<meta property=\"og:title\" content=\"CGH Polska - L\u00edder de seguridad - CGH Group Sp. z o.o.\" \/>\n<meta property=\"og:description\" content=\"CGH Polska \u2013 Leader of Technical Security -\" \/>\n<meta property=\"og:url\" content=\"https:\/\/cgh.com.pl\/es\/actualidades\/cgh-polska-lider-de-seguridad\" \/>\n<meta property=\"og:site_name\" content=\"CGH Group Sp. z o.o.\" \/>\n<meta property=\"article:publisher\" content=\"https:\/\/www.facebook.com\/cghpolska\" \/>\n<meta property=\"article:modified_time\" content=\"2023-05-22T21:06:36+00:00\" \/>\n<meta property=\"og:image\" content=\"https:\/\/cgh.com.pl\/es\/wp-content\/uploads\/2022\/02\/Leader-of-Technical_Security.jpg\" \/>\n<meta name=\"twitter:card\" content=\"summary_large_image\" \/>\n<meta name=\"twitter:label1\" content=\"Tiempo de lectura\" \/>\n\t<meta name=\"twitter:data1\" content=\"1 minuto\" \/>\n<script type=\"application\/ld+json\" class=\"yoast-schema-graph\">{\"@context\":\"https:\/\/schema.org\",\"@graph\":[{\"@type\":\"WebPage\",\"@id\":\"https:\/\/cgh.com.pl\/es\/actualidades\/cgh-polska-lider-de-seguridad\",\"url\":\"https:\/\/cgh.com.pl\/es\/actualidades\/cgh-polska-lider-de-seguridad\",\"name\":\"CGH Polska - L\u00edder de seguridad - CGH Group Sp. z o.o.\",\"isPartOf\":{\"@id\":\"https:\/\/cgh.com.pl\/es\/#website\"},\"primaryImageOfPage\":{\"@id\":\"https:\/\/cgh.com.pl\/es\/actualidades\/cgh-polska-lider-de-seguridad#primaryimage\"},\"image\":{\"@id\":\"https:\/\/cgh.com.pl\/es\/actualidades\/cgh-polska-lider-de-seguridad#primaryimage\"},\"thumbnailUrl\":\"https:\/\/cgh.com.pl\/es\/wp-content\/uploads\/2022\/02\/Leader-of-Technical_Security.jpg\",\"datePublished\":\"2020-12-29T07:23:57+00:00\",\"dateModified\":\"2023-05-22T21:06:36+00:00\",\"description\":\"CGH Polska \u2013 Leader of Technical Security -\",\"breadcrumb\":{\"@id\":\"https:\/\/cgh.com.pl\/es\/actualidades\/cgh-polska-lider-de-seguridad#breadcrumb\"},\"inLanguage\":\"es\",\"potentialAction\":[{\"@type\":\"ReadAction\",\"target\":[\"https:\/\/cgh.com.pl\/es\/actualidades\/cgh-polska-lider-de-seguridad\"]}]},{\"@type\":\"ImageObject\",\"inLanguage\":\"es\",\"@id\":\"https:\/\/cgh.com.pl\/es\/actualidades\/cgh-polska-lider-de-seguridad#primaryimage\",\"url\":\"https:\/\/cgh.com.pl\/es\/wp-content\/uploads\/2022\/02\/Leader-of-Technical_Security.jpg\",\"contentUrl\":\"https:\/\/cgh.com.pl\/es\/wp-content\/uploads\/2022\/02\/Leader-of-Technical_Security.jpg\",\"width\":600,\"height\":400,\"caption\":\"Leader of Technical Security\"},{\"@type\":\"BreadcrumbList\",\"@id\":\"https:\/\/cgh.com.pl\/es\/actualidades\/cgh-polska-lider-de-seguridad#breadcrumb\",\"itemListElement\":[{\"@type\":\"ListItem\",\"position\":1,\"name\":\"Strona g\u0142\u00f3wna\",\"item\":\"https:\/\/cgh.com.pl\/es\/\"},{\"@type\":\"ListItem\",\"position\":2,\"name\":\"Actualidades\",\"item\":\"https:\/\/cgh.com.pl\/es\/actualidades\"},{\"@type\":\"ListItem\",\"position\":3,\"name\":\"CGH Polska &#8211; L\u00edder de seguridad\"}]},{\"@type\":\"WebSite\",\"@id\":\"https:\/\/cgh.com.pl\/es\/#website\",\"url\":\"https:\/\/cgh.com.pl\/es\/\",\"name\":\"CGH Group Sp. z o.o.\",\"description\":\"\",\"publisher\":{\"@id\":\"https:\/\/cgh.com.pl\/es\/#organization\"},\"alternateName\":\"Ingenier\u00eda, desarrollo y fabricaci\u00f3n de dep\u00f3sitos de GLP, industriales, combustibles, agua, a presi\u00f3n y acero inoxidable - CGH Group\",\"potentialAction\":[{\"@type\":\"SearchAction\",\"target\":{\"@type\":\"EntryPoint\",\"urlTemplate\":\"https:\/\/cgh.com.pl\/es\/?s={search_term_string}\"},\"query-input\":{\"@type\":\"PropertyValueSpecification\",\"valueRequired\":true,\"valueName\":\"search_term_string\"}}],\"inLanguage\":\"es\"},{\"@type\":\"Organization\",\"@id\":\"https:\/\/cgh.com.pl\/es\/#organization\",\"name\":\"CGH Group Sp. z o.o.\",\"url\":\"https:\/\/cgh.com.pl\/es\/\",\"logo\":{\"@type\":\"ImageObject\",\"inLanguage\":\"es\",\"@id\":\"https:\/\/cgh.com.pl\/es\/#\/schema\/logo\/image\/\",\"url\":\"https:\/\/cgh.com.pl\/es\/wp-content\/uploads\/2023\/05\/logoCGH.png\",\"contentUrl\":\"https:\/\/cgh.com.pl\/es\/wp-content\/uploads\/2023\/05\/logoCGH.png\",\"width\":449,\"height\":162,\"caption\":\"CGH Group Sp. z o.o.\"},\"image\":{\"@id\":\"https:\/\/cgh.com.pl\/es\/#\/schema\/logo\/image\/\"},\"sameAs\":[\"https:\/\/www.facebook.com\/cghpolska\",\"https:\/\/www.youtube.com\/channel\/UCe9uW1n0tEj_ZJOEtHIHGQw\"]}]}<\/script>\n<!-- \/ Yoast SEO plugin. -->","yoast_head_json":{"title":"CGH Polska - L\u00edder de seguridad - CGH Group Sp. z o.o.","description":"CGH Polska \u2013 Leader of Technical Security -","robots":{"index":"index","follow":"follow","max-snippet":"max-snippet:-1","max-image-preview":"max-image-preview:large","max-video-preview":"max-video-preview:-1"},"canonical":"https:\/\/cgh.com.pl\/es\/actualidades\/cgh-polska-lider-de-seguridad","og_locale":"es_ES","og_type":"article","og_title":"CGH Polska - L\u00edder de seguridad - CGH Group Sp. z o.o.","og_description":"CGH Polska \u2013 Leader of Technical Security -","og_url":"https:\/\/cgh.com.pl\/es\/actualidades\/cgh-polska-lider-de-seguridad","og_site_name":"CGH Group Sp. z o.o.","article_publisher":"https:\/\/www.facebook.com\/cghpolska","article_modified_time":"2023-05-22T21:06:36+00:00","og_image":[{"url":"https:\/\/cgh.com.pl\/es\/wp-content\/uploads\/2022\/02\/Leader-of-Technical_Security.jpg","type":"","width":"","height":""}],"twitter_card":"summary_large_image","twitter_misc":{"Tiempo de lectura":"1 minuto"},"schema":{"@context":"https:\/\/schema.org","@graph":[{"@type":"WebPage","@id":"https:\/\/cgh.com.pl\/es\/actualidades\/cgh-polska-lider-de-seguridad","url":"https:\/\/cgh.com.pl\/es\/actualidades\/cgh-polska-lider-de-seguridad","name":"CGH Polska - L\u00edder de seguridad - CGH Group Sp. z o.o.","isPartOf":{"@id":"https:\/\/cgh.com.pl\/es\/#website"},"primaryImageOfPage":{"@id":"https:\/\/cgh.com.pl\/es\/actualidades\/cgh-polska-lider-de-seguridad#primaryimage"},"image":{"@id":"https:\/\/cgh.com.pl\/es\/actualidades\/cgh-polska-lider-de-seguridad#primaryimage"},"thumbnailUrl":"https:\/\/cgh.com.pl\/es\/wp-content\/uploads\/2022\/02\/Leader-of-Technical_Security.jpg","datePublished":"2020-12-29T07:23:57+00:00","dateModified":"2023-05-22T21:06:36+00:00","description":"CGH Polska \u2013 Leader of Technical Security -","breadcrumb":{"@id":"https:\/\/cgh.com.pl\/es\/actualidades\/cgh-polska-lider-de-seguridad#breadcrumb"},"inLanguage":"es","potentialAction":[{"@type":"ReadAction","target":["https:\/\/cgh.com.pl\/es\/actualidades\/cgh-polska-lider-de-seguridad"]}]},{"@type":"ImageObject","inLanguage":"es","@id":"https:\/\/cgh.com.pl\/es\/actualidades\/cgh-polska-lider-de-seguridad#primaryimage","url":"https:\/\/cgh.com.pl\/es\/wp-content\/uploads\/2022\/02\/Leader-of-Technical_Security.jpg","contentUrl":"https:\/\/cgh.com.pl\/es\/wp-content\/uploads\/2022\/02\/Leader-of-Technical_Security.jpg","width":600,"height":400,"caption":"Leader of Technical Security"},{"@type":"BreadcrumbList","@id":"https:\/\/cgh.com.pl\/es\/actualidades\/cgh-polska-lider-de-seguridad#breadcrumb","itemListElement":[{"@type":"ListItem","position":1,"name":"Strona g\u0142\u00f3wna","item":"https:\/\/cgh.com.pl\/es\/"},{"@type":"ListItem","position":2,"name":"Actualidades","item":"https:\/\/cgh.com.pl\/es\/actualidades"},{"@type":"ListItem","position":3,"name":"CGH Polska &#8211; L\u00edder de seguridad"}]},{"@type":"WebSite","@id":"https:\/\/cgh.com.pl\/es\/#website","url":"https:\/\/cgh.com.pl\/es\/","name":"CGH Group Sp. z o.o.","description":"","publisher":{"@id":"https:\/\/cgh.com.pl\/es\/#organization"},"alternateName":"Ingenier\u00eda, desarrollo y fabricaci\u00f3n de dep\u00f3sitos de GLP, industriales, combustibles, agua, a presi\u00f3n y acero inoxidable - CGH Group","potentialAction":[{"@type":"SearchAction","target":{"@type":"EntryPoint","urlTemplate":"https:\/\/cgh.com.pl\/es\/?s={search_term_string}"},"query-input":{"@type":"PropertyValueSpecification","valueRequired":true,"valueName":"search_term_string"}}],"inLanguage":"es"},{"@type":"Organization","@id":"https:\/\/cgh.com.pl\/es\/#organization","name":"CGH Group Sp. z o.o.","url":"https:\/\/cgh.com.pl\/es\/","logo":{"@type":"ImageObject","inLanguage":"es","@id":"https:\/\/cgh.com.pl\/es\/#\/schema\/logo\/image\/","url":"https:\/\/cgh.com.pl\/es\/wp-content\/uploads\/2023\/05\/logoCGH.png","contentUrl":"https:\/\/cgh.com.pl\/es\/wp-content\/uploads\/2023\/05\/logoCGH.png","width":449,"height":162,"caption":"CGH Group Sp. z o.o."},"image":{"@id":"https:\/\/cgh.com.pl\/es\/#\/schema\/logo\/image\/"},"sameAs":["https:\/\/www.facebook.com\/cghpolska","https:\/\/www.youtube.com\/channel\/UCe9uW1n0tEj_ZJOEtHIHGQw"]}]}},"_links":{"self":[{"href":"https:\/\/cgh.com.pl\/es\/wp-json\/wp\/v2\/pages\/944","targetHints":{"allow":["GET"]}}],"collection":[{"href":"https:\/\/cgh.com.pl\/es\/wp-json\/wp\/v2\/pages"}],"about":[{"href":"https:\/\/cgh.com.pl\/es\/wp-json\/wp\/v2\/types\/page"}],"author":[{"embeddable":true,"href":"https:\/\/cgh.com.pl\/es\/wp-json\/wp\/v2\/users\/1"}],"replies":[{"embeddable":true,"href":"https:\/\/cgh.com.pl\/es\/wp-json\/wp\/v2\/comments?post=944"}],"version-history":[{"count":3,"href":"https:\/\/cgh.com.pl\/es\/wp-json\/wp\/v2\/pages\/944\/revisions"}],"predecessor-version":[{"id":5025,"href":"https:\/\/cgh.com.pl\/es\/wp-json\/wp\/v2\/pages\/944\/revisions\/5025"}],"up":[{"embeddable":true,"href":"https:\/\/cgh.com.pl\/es\/wp-json\/wp\/v2\/pages\/329"}],"wp:attachment":[{"href":"https:\/\/cgh.com.pl\/es\/wp-json\/wp\/v2\/media?parent=944"}],"curies":[{"name":"wp","href":"https:\/\/api.w.org\/{rel}","templated":true}]}}