{"id":947,"date":"2020-12-29T08:26:46","date_gmt":"2020-12-29T07:26:46","guid":{"rendered":"https:\/\/cgh.com.pl\/es\/?page_id=947"},"modified":"2023-05-22T23:08:49","modified_gmt":"2023-05-22T21:08:49","slug":"depositos-para-instalaciones-de-calefaccion-bioenergetica","status":"publish","type":"page","link":"https:\/\/cgh.com.pl\/es\/actualidades\/depositos-para-instalaciones-de-calefaccion-bioenergetica","title":{"rendered":"Dep\u00f3sitos para instalaciones de calefacci\u00f3n bioenerg\u00e9tica"},"content":{"rendered":"\n<p>10.2019<\/p>\n\n\n\n<p>CGH Nordic vendi\u00f3 y entreg\u00f3 2 dep\u00f3sitos verticales presurizados de 100 m\u00b3 de capacidad para almacenamiento de agua caliente (temperatura 110\u00b0C y presi\u00f3n 3 bar). Los dep\u00f3sitos est\u00e1n aislados con aislamiento de 250 mm de espesor.<\/p>\n\n\n\n<p>Nuestro cliente es una empresa que produce y suministra instalaciones de calefacci\u00f3n de bioenerg\u00eda para uso industrial en los pa\u00edses escandinavos.<\/p>\n\n\n\n<p>Ese proyecto en particular fue para una central t\u00e9rmica para una empresa forestal. Los siete invernaderos calentados por esta planta de calefacci\u00f3n se utilizan para cultivar plantas para la regeneraci\u00f3n forestal. El calor generado tambi\u00e9n calienta salas de oficinas y talleres.<\/p>\n\n\n\n<p>Dado que la planta est\u00e1 ubicada en el norte de Suecia, donde las temperaturas pueden descender hasta los -30 \u00b0C en invierno, se necesitaba realmente central t\u00e9rmica de alta capacidad. Se trata de una caldera que usa astillas de madera con una potencia de 3,2 MW y electrofiltro (ESP).<\/p>\n\n\n\n<p>Nuestros dep\u00f3sitos son una parte importante de esta instalaci\u00f3n.<\/p>\n\n\n\n<div class=\"photos large\">\n<div class=\"first-zoom-photo\">\n<p style=\"text-align: center; font-size: 10px; margin-bottom:0;\"><img decoding=\"async\" data-src=\"https:\/\/cgh.com.pl\/es\/wp-content\/uploads\/2022\/02\/Tanks-for-bioenergy-heating-systems.jpg\" alt=\"Dep\u00f3sitos para instalaciones de calefacci\u00f3n bioenerg\u00e9tica\" src=\"data:image\/svg+xml;base64,PHN2ZyB3aWR0aD0iMSIgaGVpZ2h0PSIxIiB4bWxucz0iaHR0cDovL3d3dy53My5vcmcvMjAwMC9zdmciPjwvc3ZnPg==\" class=\"lazyload\" style=\"--smush-placeholder-width: 543px; --smush-placeholder-aspect-ratio: 543\/736;\"><\/p>\n\n<div><\/div>\n<\/div>\n<div>\n<p style=\"text-align: center; font-size: 10px; margin-bottom:0;\"><img decoding=\"async\" data-src=\"https:\/\/cgh.com.pl\/es\/wp-content\/uploads\/2022\/02\/Tanks-for-bioenergy-heating-systems2.jpg\" alt=\"Dep\u00f3sitos para instalaciones de calefacci\u00f3n bioenerg\u00e9tica\" src=\"data:image\/svg+xml;base64,PHN2ZyB3aWR0aD0iMSIgaGVpZ2h0PSIxIiB4bWxucz0iaHR0cDovL3d3dy53My5vcmcvMjAwMC9zdmciPjwvc3ZnPg==\" class=\"lazyload\" style=\"--smush-placeholder-width: 543px; --smush-placeholder-aspect-ratio: 543\/736;\"><\/p>\n\n<div><\/div>\n<\/div>\n\n<div class=\"pair\">\n\n\n<div><\/div>\n<div><\/div>\n<\/div>\n<\/div>\n","protected":false},"excerpt":{"rendered":"<p>10.2019 CGH Nordic vendi\u00f3 y entreg\u00f3 2 dep\u00f3sitos verticales presurizados de 100 m\u00b3 de capacidad para almacenamiento de agua caliente (temperatura 110\u00b0C y presi\u00f3n 3 bar). Los dep\u00f3sitos est\u00e1n aislados con aislamiento de 250 mm de espesor. Nuestro cliente es una empresa que produce y suministra instalaciones de calefacci\u00f3n de bioenerg\u00eda para uso industrial en [&hellip;]?<\/p>\n","protected":false},"author":1,"featured_media":0,"parent":329,"menu_order":0,"comment_status":"closed","ping_status":"closed","template":"page-products.php","meta":{"_acf_changed":false,"footnotes":""},"class_list":["post-947","page","type-page","status-publish","hentry"],"acf":[],"yoast_head":"<!-- This site is optimized with the Yoast SEO plugin v26.1.1 - https:\/\/yoast.com\/wordpress\/plugins\/seo\/ -->\n<title>Dep\u00f3sitos para instalaciones de calefacci\u00f3n bioenerg\u00e9tica - CGH Group Sp. z o.o.<\/title>\n<meta name=\"description\" content=\"Tanks for bioenergy heating systems - CGH Nordic sold and delivered 2 vertical 100 m\u00b3 pressure tanks for accumulation of hot water...\" \/>\n<meta name=\"robots\" content=\"index, follow, max-snippet:-1, max-image-preview:large, max-video-preview:-1\" \/>\n<link rel=\"canonical\" href=\"https:\/\/cgh.com.pl\/es\/actualidades\/depositos-para-instalaciones-de-calefaccion-bioenergetica\" \/>\n<meta property=\"og:locale\" content=\"es_ES\" \/>\n<meta property=\"og:type\" content=\"article\" \/>\n<meta property=\"og:title\" content=\"Dep\u00f3sitos para instalaciones de calefacci\u00f3n bioenerg\u00e9tica - CGH Group Sp. z o.o.\" \/>\n<meta property=\"og:description\" content=\"Tanks for bioenergy heating systems - CGH Nordic sold and delivered 2 vertical 100 m\u00b3 pressure tanks for accumulation of hot water...\" \/>\n<meta property=\"og:url\" content=\"https:\/\/cgh.com.pl\/es\/actualidades\/depositos-para-instalaciones-de-calefaccion-bioenergetica\" \/>\n<meta property=\"og:site_name\" content=\"CGH Group Sp. z o.o.\" \/>\n<meta property=\"article:publisher\" content=\"https:\/\/www.facebook.com\/cghpolska\" \/>\n<meta property=\"article:modified_time\" content=\"2023-05-22T21:08:49+00:00\" \/>\n<meta property=\"og:image\" content=\"https:\/\/cgh.com.pl\/es\/wp-content\/uploads\/2022\/02\/Tanks-for-bioenergy-heating-systems.jpg\" \/>\n<meta name=\"twitter:card\" content=\"summary_large_image\" \/>\n<meta name=\"twitter:label1\" content=\"Tiempo de lectura\" \/>\n\t<meta name=\"twitter:data1\" content=\"1 minuto\" \/>\n<script type=\"application\/ld+json\" class=\"yoast-schema-graph\">{\"@context\":\"https:\/\/schema.org\",\"@graph\":[{\"@type\":\"WebPage\",\"@id\":\"https:\/\/cgh.com.pl\/es\/actualidades\/depositos-para-instalaciones-de-calefaccion-bioenergetica\",\"url\":\"https:\/\/cgh.com.pl\/es\/actualidades\/depositos-para-instalaciones-de-calefaccion-bioenergetica\",\"name\":\"Dep\u00f3sitos para instalaciones de calefacci\u00f3n bioenerg\u00e9tica - CGH Group Sp. z o.o.\",\"isPartOf\":{\"@id\":\"https:\/\/cgh.com.pl\/es\/#website\"},\"primaryImageOfPage\":{\"@id\":\"https:\/\/cgh.com.pl\/es\/actualidades\/depositos-para-instalaciones-de-calefaccion-bioenergetica#primaryimage\"},\"image\":{\"@id\":\"https:\/\/cgh.com.pl\/es\/actualidades\/depositos-para-instalaciones-de-calefaccion-bioenergetica#primaryimage\"},\"thumbnailUrl\":\"https:\/\/cgh.com.pl\/es\/wp-content\/uploads\/2022\/02\/Tanks-for-bioenergy-heating-systems.jpg\",\"datePublished\":\"2020-12-29T07:26:46+00:00\",\"dateModified\":\"2023-05-22T21:08:49+00:00\",\"description\":\"Tanks for bioenergy heating systems - CGH Nordic sold and delivered 2 vertical 100 m\u00b3 pressure tanks for accumulation of hot water...\",\"breadcrumb\":{\"@id\":\"https:\/\/cgh.com.pl\/es\/actualidades\/depositos-para-instalaciones-de-calefaccion-bioenergetica#breadcrumb\"},\"inLanguage\":\"es\",\"potentialAction\":[{\"@type\":\"ReadAction\",\"target\":[\"https:\/\/cgh.com.pl\/es\/actualidades\/depositos-para-instalaciones-de-calefaccion-bioenergetica\"]}]},{\"@type\":\"ImageObject\",\"inLanguage\":\"es\",\"@id\":\"https:\/\/cgh.com.pl\/es\/actualidades\/depositos-para-instalaciones-de-calefaccion-bioenergetica#primaryimage\",\"url\":\"https:\/\/cgh.com.pl\/es\/wp-content\/uploads\/2022\/02\/Tanks-for-bioenergy-heating-systems.jpg\",\"contentUrl\":\"https:\/\/cgh.com.pl\/es\/wp-content\/uploads\/2022\/02\/Tanks-for-bioenergy-heating-systems.jpg\",\"width\":543,\"height\":736,\"caption\":\"Tanks for bioenergy heating systems\"},{\"@type\":\"BreadcrumbList\",\"@id\":\"https:\/\/cgh.com.pl\/es\/actualidades\/depositos-para-instalaciones-de-calefaccion-bioenergetica#breadcrumb\",\"itemListElement\":[{\"@type\":\"ListItem\",\"position\":1,\"name\":\"Strona g\u0142\u00f3wna\",\"item\":\"https:\/\/cgh.com.pl\/es\/\"},{\"@type\":\"ListItem\",\"position\":2,\"name\":\"Actualidades\",\"item\":\"https:\/\/cgh.com.pl\/es\/actualidades\"},{\"@type\":\"ListItem\",\"position\":3,\"name\":\"Dep\u00f3sitos para instalaciones de calefacci\u00f3n bioenerg\u00e9tica\"}]},{\"@type\":\"WebSite\",\"@id\":\"https:\/\/cgh.com.pl\/es\/#website\",\"url\":\"https:\/\/cgh.com.pl\/es\/\",\"name\":\"CGH Group Sp. z o.o.\",\"description\":\"\",\"publisher\":{\"@id\":\"https:\/\/cgh.com.pl\/es\/#organization\"},\"alternateName\":\"Ingenier\u00eda, desarrollo y fabricaci\u00f3n de dep\u00f3sitos de GLP, industriales, combustibles, agua, a presi\u00f3n y acero inoxidable - CGH Group\",\"potentialAction\":[{\"@type\":\"SearchAction\",\"target\":{\"@type\":\"EntryPoint\",\"urlTemplate\":\"https:\/\/cgh.com.pl\/es\/?s={search_term_string}\"},\"query-input\":{\"@type\":\"PropertyValueSpecification\",\"valueRequired\":true,\"valueName\":\"search_term_string\"}}],\"inLanguage\":\"es\"},{\"@type\":\"Organization\",\"@id\":\"https:\/\/cgh.com.pl\/es\/#organization\",\"name\":\"CGH Group Sp. z o.o.\",\"url\":\"https:\/\/cgh.com.pl\/es\/\",\"logo\":{\"@type\":\"ImageObject\",\"inLanguage\":\"es\",\"@id\":\"https:\/\/cgh.com.pl\/es\/#\/schema\/logo\/image\/\",\"url\":\"https:\/\/cgh.com.pl\/es\/wp-content\/uploads\/2023\/05\/logoCGH.png\",\"contentUrl\":\"https:\/\/cgh.com.pl\/es\/wp-content\/uploads\/2023\/05\/logoCGH.png\",\"width\":449,\"height\":162,\"caption\":\"CGH Group Sp. z o.o.\"},\"image\":{\"@id\":\"https:\/\/cgh.com.pl\/es\/#\/schema\/logo\/image\/\"},\"sameAs\":[\"https:\/\/www.facebook.com\/cghpolska\",\"https:\/\/www.youtube.com\/channel\/UCe9uW1n0tEj_ZJOEtHIHGQw\"]}]}<\/script>\n<!-- \/ Yoast SEO plugin. -->","yoast_head_json":{"title":"Dep\u00f3sitos para instalaciones de calefacci\u00f3n bioenerg\u00e9tica - CGH Group Sp. z o.o.","description":"Tanks for bioenergy heating systems - CGH Nordic sold and delivered 2 vertical 100 m\u00b3 pressure tanks for accumulation of hot water...","robots":{"index":"index","follow":"follow","max-snippet":"max-snippet:-1","max-image-preview":"max-image-preview:large","max-video-preview":"max-video-preview:-1"},"canonical":"https:\/\/cgh.com.pl\/es\/actualidades\/depositos-para-instalaciones-de-calefaccion-bioenergetica","og_locale":"es_ES","og_type":"article","og_title":"Dep\u00f3sitos para instalaciones de calefacci\u00f3n bioenerg\u00e9tica - CGH Group Sp. z o.o.","og_description":"Tanks for bioenergy heating systems - CGH Nordic sold and delivered 2 vertical 100 m\u00b3 pressure tanks for accumulation of hot water...","og_url":"https:\/\/cgh.com.pl\/es\/actualidades\/depositos-para-instalaciones-de-calefaccion-bioenergetica","og_site_name":"CGH Group Sp. z o.o.","article_publisher":"https:\/\/www.facebook.com\/cghpolska","article_modified_time":"2023-05-22T21:08:49+00:00","og_image":[{"url":"https:\/\/cgh.com.pl\/es\/wp-content\/uploads\/2022\/02\/Tanks-for-bioenergy-heating-systems.jpg","type":"","width":"","height":""}],"twitter_card":"summary_large_image","twitter_misc":{"Tiempo de lectura":"1 minuto"},"schema":{"@context":"https:\/\/schema.org","@graph":[{"@type":"WebPage","@id":"https:\/\/cgh.com.pl\/es\/actualidades\/depositos-para-instalaciones-de-calefaccion-bioenergetica","url":"https:\/\/cgh.com.pl\/es\/actualidades\/depositos-para-instalaciones-de-calefaccion-bioenergetica","name":"Dep\u00f3sitos para instalaciones de calefacci\u00f3n bioenerg\u00e9tica - CGH Group Sp. z o.o.","isPartOf":{"@id":"https:\/\/cgh.com.pl\/es\/#website"},"primaryImageOfPage":{"@id":"https:\/\/cgh.com.pl\/es\/actualidades\/depositos-para-instalaciones-de-calefaccion-bioenergetica#primaryimage"},"image":{"@id":"https:\/\/cgh.com.pl\/es\/actualidades\/depositos-para-instalaciones-de-calefaccion-bioenergetica#primaryimage"},"thumbnailUrl":"https:\/\/cgh.com.pl\/es\/wp-content\/uploads\/2022\/02\/Tanks-for-bioenergy-heating-systems.jpg","datePublished":"2020-12-29T07:26:46+00:00","dateModified":"2023-05-22T21:08:49+00:00","description":"Tanks for bioenergy heating systems - CGH Nordic sold and delivered 2 vertical 100 m\u00b3 pressure tanks for accumulation of hot water...","breadcrumb":{"@id":"https:\/\/cgh.com.pl\/es\/actualidades\/depositos-para-instalaciones-de-calefaccion-bioenergetica#breadcrumb"},"inLanguage":"es","potentialAction":[{"@type":"ReadAction","target":["https:\/\/cgh.com.pl\/es\/actualidades\/depositos-para-instalaciones-de-calefaccion-bioenergetica"]}]},{"@type":"ImageObject","inLanguage":"es","@id":"https:\/\/cgh.com.pl\/es\/actualidades\/depositos-para-instalaciones-de-calefaccion-bioenergetica#primaryimage","url":"https:\/\/cgh.com.pl\/es\/wp-content\/uploads\/2022\/02\/Tanks-for-bioenergy-heating-systems.jpg","contentUrl":"https:\/\/cgh.com.pl\/es\/wp-content\/uploads\/2022\/02\/Tanks-for-bioenergy-heating-systems.jpg","width":543,"height":736,"caption":"Tanks for bioenergy heating systems"},{"@type":"BreadcrumbList","@id":"https:\/\/cgh.com.pl\/es\/actualidades\/depositos-para-instalaciones-de-calefaccion-bioenergetica#breadcrumb","itemListElement":[{"@type":"ListItem","position":1,"name":"Strona g\u0142\u00f3wna","item":"https:\/\/cgh.com.pl\/es\/"},{"@type":"ListItem","position":2,"name":"Actualidades","item":"https:\/\/cgh.com.pl\/es\/actualidades"},{"@type":"ListItem","position":3,"name":"Dep\u00f3sitos para instalaciones de calefacci\u00f3n bioenerg\u00e9tica"}]},{"@type":"WebSite","@id":"https:\/\/cgh.com.pl\/es\/#website","url":"https:\/\/cgh.com.pl\/es\/","name":"CGH Group Sp. z o.o.","description":"","publisher":{"@id":"https:\/\/cgh.com.pl\/es\/#organization"},"alternateName":"Ingenier\u00eda, desarrollo y fabricaci\u00f3n de dep\u00f3sitos de GLP, industriales, combustibles, agua, a presi\u00f3n y acero inoxidable - CGH Group","potentialAction":[{"@type":"SearchAction","target":{"@type":"EntryPoint","urlTemplate":"https:\/\/cgh.com.pl\/es\/?s={search_term_string}"},"query-input":{"@type":"PropertyValueSpecification","valueRequired":true,"valueName":"search_term_string"}}],"inLanguage":"es"},{"@type":"Organization","@id":"https:\/\/cgh.com.pl\/es\/#organization","name":"CGH Group Sp. z o.o.","url":"https:\/\/cgh.com.pl\/es\/","logo":{"@type":"ImageObject","inLanguage":"es","@id":"https:\/\/cgh.com.pl\/es\/#\/schema\/logo\/image\/","url":"https:\/\/cgh.com.pl\/es\/wp-content\/uploads\/2023\/05\/logoCGH.png","contentUrl":"https:\/\/cgh.com.pl\/es\/wp-content\/uploads\/2023\/05\/logoCGH.png","width":449,"height":162,"caption":"CGH Group Sp. z o.o."},"image":{"@id":"https:\/\/cgh.com.pl\/es\/#\/schema\/logo\/image\/"},"sameAs":["https:\/\/www.facebook.com\/cghpolska","https:\/\/www.youtube.com\/channel\/UCe9uW1n0tEj_ZJOEtHIHGQw"]}]}},"_links":{"self":[{"href":"https:\/\/cgh.com.pl\/es\/wp-json\/wp\/v2\/pages\/947","targetHints":{"allow":["GET"]}}],"collection":[{"href":"https:\/\/cgh.com.pl\/es\/wp-json\/wp\/v2\/pages"}],"about":[{"href":"https:\/\/cgh.com.pl\/es\/wp-json\/wp\/v2\/types\/page"}],"author":[{"embeddable":true,"href":"https:\/\/cgh.com.pl\/es\/wp-json\/wp\/v2\/users\/1"}],"replies":[{"embeddable":true,"href":"https:\/\/cgh.com.pl\/es\/wp-json\/wp\/v2\/comments?post=947"}],"version-history":[{"count":5,"href":"https:\/\/cgh.com.pl\/es\/wp-json\/wp\/v2\/pages\/947\/revisions"}],"predecessor-version":[{"id":5029,"href":"https:\/\/cgh.com.pl\/es\/wp-json\/wp\/v2\/pages\/947\/revisions\/5029"}],"up":[{"embeddable":true,"href":"https:\/\/cgh.com.pl\/es\/wp-json\/wp\/v2\/pages\/329"}],"wp:attachment":[{"href":"https:\/\/cgh.com.pl\/es\/wp-json\/wp\/v2\/media?parent=947"}],"curies":[{"name":"wp","href":"https:\/\/api.w.org\/{rel}","templated":true}]}}