{"id":950,"date":"2020-12-29T08:30:04","date_gmt":"2020-12-29T07:30:04","guid":{"rendered":"https:\/\/cgh.com.pl\/es\/?page_id=950"},"modified":"2023-05-22T23:11:55","modified_gmt":"2023-05-22T21:11:55","slug":"el-grupo-cgh-apuesta-por-estaciones-terrestres-para-camiones","status":"publish","type":"page","link":"https:\/\/cgh.com.pl\/es\/actualidades\/el-grupo-cgh-apuesta-por-estaciones-terrestres-para-camiones","title":{"rendered":"El Grupo CGH apuesta por estaciones terrestres para camiones"},"content":{"rendered":"\n<p>04.2019<\/p>\n\n\n\n<p>En la industria de los combustibles, se pone cada vez m\u00e1s \u00e9nfasis en la flexibilidad y la movilidad. Debido a esto CGH est\u00e1 suministrando cada vez m\u00e1s dep\u00f3sitos de superficie y soluciones llave en mano para estaciones de servicio de camiones.<\/p>\n\n\n\n<p>La ventaja de un dep\u00f3sito terrestre es que es m\u00e1s f\u00e1cil moverlo a nueva ubicaci\u00f3n. Por lo tanto, la mayor\u00eda de los dep\u00f3sitos que suministramos para estaciones de autom\u00f3viles son \u00abport\u00e1tiles y listos para usar\u00bb, lo que permite instalarlos, ponerlos en marcha y f\u00e1cilmente trasladarlos a otra ubicaci\u00f3n.<\/p>\n\n\n\n<p>Cabe destacar que CGH ofrece a sus clientes un completo paquete de soluciones adicionales: plataformas de dosificaci\u00f3n, cubiertas protectoras de dispensadores, armarios de llenado, armarios el\u00e9ctricos, barreras protectoras, equipos Adblue con calefacci\u00f3n, colectores de rebose, etc. Siempre estamos abiertos a desarrollar nuevas soluciones de acuerdo con sus requisitos .<\/p>\n\n\n\n<p>Recordamos que para nuestros clientes es crucial minimizar los costos de inversi\u00f3n reduciendo el tiempo de instalaci\u00f3n y configuraci\u00f3n y reduciendo el tiempo de inactividad al m\u00ednimo absoluto.<\/p>\n\n\n\n<p>Estamos orgullosos y felices de ver nuestras soluciones implementadas con \u00e9xito en el cliente.<\/p>\n\n\n\n<div class=\"photos large\">\n<div class=\"first-zoom-photo\">\n<p style=\"text-align: center; font-size: 10px; margin-bottom:0;\"><img decoding=\"async\" data-src=\"https:\/\/cgh.com.pl\/es\/wp-content\/uploads\/2022\/02\/CGH-Group-focused-on-aboveground-truck-stations.jpg\" alt=El Grupo CGH apuesta por estaciones terrestres para camiones\" src=\"data:image\/svg+xml;base64,PHN2ZyB3aWR0aD0iMSIgaGVpZ2h0PSIxIiB4bWxucz0iaHR0cDovL3d3dy53My5vcmcvMjAwMC9zdmciPjwvc3ZnPg==\" class=\"lazyload\" style=\"--smush-placeholder-width: 600px; --smush-placeholder-aspect-ratio: 600\/400;\"><\/p>\n\n<div><\/div>\n<\/div>\n<div>\n<p style=\"text-align: center; font-size: 10px; margin-bottom:0;\"><img decoding=\"async\" data-src=\"https:\/\/cgh.com.pl\/es\/wp-content\/uploads\/2022\/02\/stacje-naziemne-przeznaczone-dla-samochodow-ciezarowych-2.jpg\" alt=\"El Grupo CGH apuesta por estaciones terrestres para camiones\" src=\"data:image\/svg+xml;base64,PHN2ZyB3aWR0aD0iMSIgaGVpZ2h0PSIxIiB4bWxucz0iaHR0cDovL3d3dy53My5vcmcvMjAwMC9zdmciPjwvc3ZnPg==\" class=\"lazyload\" style=\"--smush-placeholder-width: 600px; --smush-placeholder-aspect-ratio: 600\/400;\"><\/p>\n\n<div><\/div>\n<\/div>\n\n<div class=\"pair\">\n\n\n<div><\/div>\n<div><\/div>\n<\/div>\n<\/div>\n","protected":false},"excerpt":{"rendered":"<p>04.2019 En la industria de los combustibles, se pone cada vez m\u00e1s \u00e9nfasis en la flexibilidad y la movilidad. Debido a esto CGH est\u00e1 suministrando cada vez m\u00e1s dep\u00f3sitos de superficie y soluciones llave en mano para estaciones de servicio de camiones. La ventaja de un dep\u00f3sito terrestre es que es m\u00e1s f\u00e1cil moverlo a [&hellip;]?<\/p>\n","protected":false},"author":1,"featured_media":0,"parent":329,"menu_order":0,"comment_status":"closed","ping_status":"closed","template":"page-products.php","meta":{"_acf_changed":false,"footnotes":""},"class_list":["post-950","page","type-page","status-publish","hentry"],"acf":[],"yoast_head":"<!-- This site is optimized with the Yoast SEO plugin v26.1.1 - https:\/\/yoast.com\/wordpress\/plugins\/seo\/ -->\n<title>El Grupo CGH apuesta por estaciones terrestres para camiones - CGH Group Sp. z o.o.<\/title>\n<meta name=\"description\" content=\"CGH Group focused on aboveground truck stations - W bran\u017cy paliwowej coraz wi\u0119kszy nacisk...\" \/>\n<meta name=\"robots\" content=\"index, follow, max-snippet:-1, max-image-preview:large, max-video-preview:-1\" \/>\n<link rel=\"canonical\" href=\"https:\/\/cgh.com.pl\/es\/actualidades\/el-grupo-cgh-apuesta-por-estaciones-terrestres-para-camiones\" \/>\n<meta property=\"og:locale\" content=\"es_ES\" \/>\n<meta property=\"og:type\" content=\"article\" \/>\n<meta property=\"og:title\" content=\"El Grupo CGH apuesta por estaciones terrestres para camiones - CGH Group Sp. z o.o.\" \/>\n<meta property=\"og:description\" content=\"CGH Group focused on aboveground truck stations - W bran\u017cy paliwowej coraz wi\u0119kszy nacisk...\" \/>\n<meta property=\"og:url\" content=\"https:\/\/cgh.com.pl\/es\/actualidades\/el-grupo-cgh-apuesta-por-estaciones-terrestres-para-camiones\" \/>\n<meta property=\"og:site_name\" content=\"CGH Group Sp. z o.o.\" \/>\n<meta property=\"article:publisher\" content=\"https:\/\/www.facebook.com\/cghpolska\" \/>\n<meta property=\"article:modified_time\" content=\"2023-05-22T21:11:55+00:00\" \/>\n<meta property=\"og:image\" content=\"https:\/\/cgh.com.pl\/es\/wp-content\/uploads\/2022\/02\/CGH-Group-focused-on-aboveground-truck-stations.jpg\" \/>\n<meta name=\"twitter:card\" content=\"summary_large_image\" \/>\n<meta name=\"twitter:label1\" content=\"Tiempo de lectura\" \/>\n\t<meta name=\"twitter:data1\" content=\"1 minuto\" \/>\n<script type=\"application\/ld+json\" class=\"yoast-schema-graph\">{\"@context\":\"https:\/\/schema.org\",\"@graph\":[{\"@type\":\"WebPage\",\"@id\":\"https:\/\/cgh.com.pl\/es\/actualidades\/el-grupo-cgh-apuesta-por-estaciones-terrestres-para-camiones\",\"url\":\"https:\/\/cgh.com.pl\/es\/actualidades\/el-grupo-cgh-apuesta-por-estaciones-terrestres-para-camiones\",\"name\":\"El Grupo CGH apuesta por estaciones terrestres para camiones - CGH Group Sp. z o.o.\",\"isPartOf\":{\"@id\":\"https:\/\/cgh.com.pl\/es\/#website\"},\"primaryImageOfPage\":{\"@id\":\"https:\/\/cgh.com.pl\/es\/actualidades\/el-grupo-cgh-apuesta-por-estaciones-terrestres-para-camiones#primaryimage\"},\"image\":{\"@id\":\"https:\/\/cgh.com.pl\/es\/actualidades\/el-grupo-cgh-apuesta-por-estaciones-terrestres-para-camiones#primaryimage\"},\"thumbnailUrl\":\"https:\/\/cgh.com.pl\/es\/wp-content\/uploads\/2022\/02\/CGH-Group-focused-on-aboveground-truck-stations.jpg\",\"datePublished\":\"2020-12-29T07:30:04+00:00\",\"dateModified\":\"2023-05-22T21:11:55+00:00\",\"description\":\"CGH Group focused on aboveground truck stations - W bran\u017cy paliwowej coraz wi\u0119kszy nacisk...\",\"breadcrumb\":{\"@id\":\"https:\/\/cgh.com.pl\/es\/actualidades\/el-grupo-cgh-apuesta-por-estaciones-terrestres-para-camiones#breadcrumb\"},\"inLanguage\":\"es\",\"potentialAction\":[{\"@type\":\"ReadAction\",\"target\":[\"https:\/\/cgh.com.pl\/es\/actualidades\/el-grupo-cgh-apuesta-por-estaciones-terrestres-para-camiones\"]}]},{\"@type\":\"ImageObject\",\"inLanguage\":\"es\",\"@id\":\"https:\/\/cgh.com.pl\/es\/actualidades\/el-grupo-cgh-apuesta-por-estaciones-terrestres-para-camiones#primaryimage\",\"url\":\"https:\/\/cgh.com.pl\/es\/wp-content\/uploads\/2022\/02\/CGH-Group-focused-on-aboveground-truck-stations.jpg\",\"contentUrl\":\"https:\/\/cgh.com.pl\/es\/wp-content\/uploads\/2022\/02\/CGH-Group-focused-on-aboveground-truck-stations.jpg\",\"width\":600,\"height\":400,\"caption\":\"CGH Group focused on aboveground truck stations\"},{\"@type\":\"BreadcrumbList\",\"@id\":\"https:\/\/cgh.com.pl\/es\/actualidades\/el-grupo-cgh-apuesta-por-estaciones-terrestres-para-camiones#breadcrumb\",\"itemListElement\":[{\"@type\":\"ListItem\",\"position\":1,\"name\":\"Strona g\u0142\u00f3wna\",\"item\":\"https:\/\/cgh.com.pl\/es\/\"},{\"@type\":\"ListItem\",\"position\":2,\"name\":\"Actualidades\",\"item\":\"https:\/\/cgh.com.pl\/es\/actualidades\"},{\"@type\":\"ListItem\",\"position\":3,\"name\":\"El Grupo CGH apuesta por estaciones terrestres para camiones\"}]},{\"@type\":\"WebSite\",\"@id\":\"https:\/\/cgh.com.pl\/es\/#website\",\"url\":\"https:\/\/cgh.com.pl\/es\/\",\"name\":\"CGH Group Sp. z o.o.\",\"description\":\"\",\"publisher\":{\"@id\":\"https:\/\/cgh.com.pl\/es\/#organization\"},\"alternateName\":\"Ingenier\u00eda, desarrollo y fabricaci\u00f3n de dep\u00f3sitos de GLP, industriales, combustibles, agua, a presi\u00f3n y acero inoxidable - CGH Group\",\"potentialAction\":[{\"@type\":\"SearchAction\",\"target\":{\"@type\":\"EntryPoint\",\"urlTemplate\":\"https:\/\/cgh.com.pl\/es\/?s={search_term_string}\"},\"query-input\":{\"@type\":\"PropertyValueSpecification\",\"valueRequired\":true,\"valueName\":\"search_term_string\"}}],\"inLanguage\":\"es\"},{\"@type\":\"Organization\",\"@id\":\"https:\/\/cgh.com.pl\/es\/#organization\",\"name\":\"CGH Group Sp. z o.o.\",\"url\":\"https:\/\/cgh.com.pl\/es\/\",\"logo\":{\"@type\":\"ImageObject\",\"inLanguage\":\"es\",\"@id\":\"https:\/\/cgh.com.pl\/es\/#\/schema\/logo\/image\/\",\"url\":\"https:\/\/cgh.com.pl\/es\/wp-content\/uploads\/2023\/05\/logoCGH.png\",\"contentUrl\":\"https:\/\/cgh.com.pl\/es\/wp-content\/uploads\/2023\/05\/logoCGH.png\",\"width\":449,\"height\":162,\"caption\":\"CGH Group Sp. z o.o.\"},\"image\":{\"@id\":\"https:\/\/cgh.com.pl\/es\/#\/schema\/logo\/image\/\"},\"sameAs\":[\"https:\/\/www.facebook.com\/cghpolska\",\"https:\/\/www.youtube.com\/channel\/UCe9uW1n0tEj_ZJOEtHIHGQw\"]}]}<\/script>\n<!-- \/ Yoast SEO plugin. -->","yoast_head_json":{"title":"El Grupo CGH apuesta por estaciones terrestres para camiones - CGH Group Sp. z o.o.","description":"CGH Group focused on aboveground truck stations - W bran\u017cy paliwowej coraz wi\u0119kszy nacisk...","robots":{"index":"index","follow":"follow","max-snippet":"max-snippet:-1","max-image-preview":"max-image-preview:large","max-video-preview":"max-video-preview:-1"},"canonical":"https:\/\/cgh.com.pl\/es\/actualidades\/el-grupo-cgh-apuesta-por-estaciones-terrestres-para-camiones","og_locale":"es_ES","og_type":"article","og_title":"El Grupo CGH apuesta por estaciones terrestres para camiones - CGH Group Sp. z o.o.","og_description":"CGH Group focused on aboveground truck stations - W bran\u017cy paliwowej coraz wi\u0119kszy nacisk...","og_url":"https:\/\/cgh.com.pl\/es\/actualidades\/el-grupo-cgh-apuesta-por-estaciones-terrestres-para-camiones","og_site_name":"CGH Group Sp. z o.o.","article_publisher":"https:\/\/www.facebook.com\/cghpolska","article_modified_time":"2023-05-22T21:11:55+00:00","og_image":[{"url":"https:\/\/cgh.com.pl\/es\/wp-content\/uploads\/2022\/02\/CGH-Group-focused-on-aboveground-truck-stations.jpg","type":"","width":"","height":""}],"twitter_card":"summary_large_image","twitter_misc":{"Tiempo de lectura":"1 minuto"},"schema":{"@context":"https:\/\/schema.org","@graph":[{"@type":"WebPage","@id":"https:\/\/cgh.com.pl\/es\/actualidades\/el-grupo-cgh-apuesta-por-estaciones-terrestres-para-camiones","url":"https:\/\/cgh.com.pl\/es\/actualidades\/el-grupo-cgh-apuesta-por-estaciones-terrestres-para-camiones","name":"El Grupo CGH apuesta por estaciones terrestres para camiones - CGH Group Sp. z o.o.","isPartOf":{"@id":"https:\/\/cgh.com.pl\/es\/#website"},"primaryImageOfPage":{"@id":"https:\/\/cgh.com.pl\/es\/actualidades\/el-grupo-cgh-apuesta-por-estaciones-terrestres-para-camiones#primaryimage"},"image":{"@id":"https:\/\/cgh.com.pl\/es\/actualidades\/el-grupo-cgh-apuesta-por-estaciones-terrestres-para-camiones#primaryimage"},"thumbnailUrl":"https:\/\/cgh.com.pl\/es\/wp-content\/uploads\/2022\/02\/CGH-Group-focused-on-aboveground-truck-stations.jpg","datePublished":"2020-12-29T07:30:04+00:00","dateModified":"2023-05-22T21:11:55+00:00","description":"CGH Group focused on aboveground truck stations - W bran\u017cy paliwowej coraz wi\u0119kszy nacisk...","breadcrumb":{"@id":"https:\/\/cgh.com.pl\/es\/actualidades\/el-grupo-cgh-apuesta-por-estaciones-terrestres-para-camiones#breadcrumb"},"inLanguage":"es","potentialAction":[{"@type":"ReadAction","target":["https:\/\/cgh.com.pl\/es\/actualidades\/el-grupo-cgh-apuesta-por-estaciones-terrestres-para-camiones"]}]},{"@type":"ImageObject","inLanguage":"es","@id":"https:\/\/cgh.com.pl\/es\/actualidades\/el-grupo-cgh-apuesta-por-estaciones-terrestres-para-camiones#primaryimage","url":"https:\/\/cgh.com.pl\/es\/wp-content\/uploads\/2022\/02\/CGH-Group-focused-on-aboveground-truck-stations.jpg","contentUrl":"https:\/\/cgh.com.pl\/es\/wp-content\/uploads\/2022\/02\/CGH-Group-focused-on-aboveground-truck-stations.jpg","width":600,"height":400,"caption":"CGH Group focused on aboveground truck stations"},{"@type":"BreadcrumbList","@id":"https:\/\/cgh.com.pl\/es\/actualidades\/el-grupo-cgh-apuesta-por-estaciones-terrestres-para-camiones#breadcrumb","itemListElement":[{"@type":"ListItem","position":1,"name":"Strona g\u0142\u00f3wna","item":"https:\/\/cgh.com.pl\/es\/"},{"@type":"ListItem","position":2,"name":"Actualidades","item":"https:\/\/cgh.com.pl\/es\/actualidades"},{"@type":"ListItem","position":3,"name":"El Grupo CGH apuesta por estaciones terrestres para camiones"}]},{"@type":"WebSite","@id":"https:\/\/cgh.com.pl\/es\/#website","url":"https:\/\/cgh.com.pl\/es\/","name":"CGH Group Sp. z o.o.","description":"","publisher":{"@id":"https:\/\/cgh.com.pl\/es\/#organization"},"alternateName":"Ingenier\u00eda, desarrollo y fabricaci\u00f3n de dep\u00f3sitos de GLP, industriales, combustibles, agua, a presi\u00f3n y acero inoxidable - CGH Group","potentialAction":[{"@type":"SearchAction","target":{"@type":"EntryPoint","urlTemplate":"https:\/\/cgh.com.pl\/es\/?s={search_term_string}"},"query-input":{"@type":"PropertyValueSpecification","valueRequired":true,"valueName":"search_term_string"}}],"inLanguage":"es"},{"@type":"Organization","@id":"https:\/\/cgh.com.pl\/es\/#organization","name":"CGH Group Sp. z o.o.","url":"https:\/\/cgh.com.pl\/es\/","logo":{"@type":"ImageObject","inLanguage":"es","@id":"https:\/\/cgh.com.pl\/es\/#\/schema\/logo\/image\/","url":"https:\/\/cgh.com.pl\/es\/wp-content\/uploads\/2023\/05\/logoCGH.png","contentUrl":"https:\/\/cgh.com.pl\/es\/wp-content\/uploads\/2023\/05\/logoCGH.png","width":449,"height":162,"caption":"CGH Group Sp. z o.o."},"image":{"@id":"https:\/\/cgh.com.pl\/es\/#\/schema\/logo\/image\/"},"sameAs":["https:\/\/www.facebook.com\/cghpolska","https:\/\/www.youtube.com\/channel\/UCe9uW1n0tEj_ZJOEtHIHGQw"]}]}},"_links":{"self":[{"href":"https:\/\/cgh.com.pl\/es\/wp-json\/wp\/v2\/pages\/950","targetHints":{"allow":["GET"]}}],"collection":[{"href":"https:\/\/cgh.com.pl\/es\/wp-json\/wp\/v2\/pages"}],"about":[{"href":"https:\/\/cgh.com.pl\/es\/wp-json\/wp\/v2\/types\/page"}],"author":[{"embeddable":true,"href":"https:\/\/cgh.com.pl\/es\/wp-json\/wp\/v2\/users\/1"}],"replies":[{"embeddable":true,"href":"https:\/\/cgh.com.pl\/es\/wp-json\/wp\/v2\/comments?post=950"}],"version-history":[{"count":4,"href":"https:\/\/cgh.com.pl\/es\/wp-json\/wp\/v2\/pages\/950\/revisions"}],"predecessor-version":[{"id":5033,"href":"https:\/\/cgh.com.pl\/es\/wp-json\/wp\/v2\/pages\/950\/revisions\/5033"}],"up":[{"embeddable":true,"href":"https:\/\/cgh.com.pl\/es\/wp-json\/wp\/v2\/pages\/329"}],"wp:attachment":[{"href":"https:\/\/cgh.com.pl\/es\/wp-json\/wp\/v2\/media?parent=950"}],"curies":[{"name":"wp","href":"https:\/\/api.w.org\/{rel}","templated":true}]}}