{"id":953,"date":"2020-12-29T08:38:43","date_gmt":"2020-12-29T07:38:43","guid":{"rendered":"https:\/\/cgh.com.pl\/es\/?page_id=953"},"modified":"2023-05-22T23:14:07","modified_gmt":"2023-05-22T21:14:07","slug":"depositos-para-un-fabricante-de-aceites-lubricantes","status":"publish","type":"page","link":"https:\/\/cgh.com.pl\/es\/actualidades\/depositos-para-un-fabricante-de-aceites-lubricantes","title":{"rendered":"Dep\u00f3sitos para un fabricante de aceites lubricantes"},"content":{"rendered":"\n<p>04.2019<\/p>\n\n\n\n<p>CGH Nordic A\/S entreg\u00f3 el primer lote de tanques (de 49 unidades) a una empresa que est\u00e1 construyendo una nueva planta de mezcla de aceite lubricante. Son dep\u00f3sitos de estructura vertical y de diferentes vol\u00famenes (desde 15 m<sup>3<\/sup> hasta 60 m<sup>3<\/sup>). El alcance de la entrega tambi\u00e9n incluye estructuras de acero completas con pasamanos, escaleras, plataformas y escaleras a los tanques. La documentaci\u00f3n completa (dibujos de dep\u00f3sitos y plataformas) se prepar\u00f3 en tecnolog\u00eda 3D.<\/p>\n\n\n\n<p>Nuestro cliente es un grupo global con ra\u00edces alemanas que ha estado dise\u00f1ando, fabricando y vendiendo lubricantes y productos relacionados por m\u00e1s de 85 a\u00f1os. Con 58 sucursales y m\u00e1s de 5000 empleados en todo el mundo, es un proveedor independiente l\u00edder de lubricantes.<\/p>\n\n\n\n<p>Actualmente, la empresa est\u00e1 construyendo una nueva y moderna planta mezcladora. La producci\u00f3n se transferir\u00e1 de la antigua f\u00e1brica tan pronto como la planta est\u00e9 lista.<\/p>\n\n\n\n<p>La nueva planta ser\u00e1 a\u00fan m\u00e1s eficiente y avanzada que la planta existente y producir\u00e1 lubricantes para los mercados sueco, noruego, dan\u00e9s y finland\u00e9s. Esta nueva instalaci\u00f3n albergar\u00e1 almacenes de producto terminado as\u00ed como salas de control de calidad e investigaci\u00f3n y desarrollo.<\/p>\n\n\n\n<p>Estamos orgullosos de haber sido seleccionados como proveedor para este proyecto. La cooperaci\u00f3n con un magnate de los negocios de este tipo da mucha satisfacci\u00f3n.<\/p>\n\n\n\n<div class=\"photos large\">\n<div class=\"first-zoom-photo\">\n<p style=\"text-align: center; font-size: 10px; margin-bottom:0;\"><img decoding=\"async\" data-src=\"https:\/\/cgh.com.pl\/es\/wp-content\/uploads\/2021\/06\/Series-of-tanks-for_producer_of_lubricant-oils.jpg\" alt=\"Dep\u00f3sitos para un fabricante de aceites lubricantes\" src=\"data:image\/svg+xml;base64,PHN2ZyB3aWR0aD0iMSIgaGVpZ2h0PSIxIiB4bWxucz0iaHR0cDovL3d3dy53My5vcmcvMjAwMC9zdmciPjwvc3ZnPg==\" class=\"lazyload\" style=\"--smush-placeholder-width: 600px; --smush-placeholder-aspect-ratio: 600\/400;\"><\/p>\n\n<div><\/div>\n<\/div>\n<div>\n\n\n<div><\/div>\n<\/div>\n\n<div class=\"pair\">\n\n\n<div><\/div>\n<div><\/div>\n<\/div>\n<\/div>\n","protected":false},"excerpt":{"rendered":"<p>04.2019 CGH Nordic A\/S entreg\u00f3 el primer lote de tanques (de 49 unidades) a una empresa que est\u00e1 construyendo una nueva planta de mezcla de aceite lubricante. Son dep\u00f3sitos de estructura vertical y de diferentes vol\u00famenes (desde 15 m3 hasta 60 m3). El alcance de la entrega tambi\u00e9n incluye estructuras de acero completas con pasamanos, [&hellip;]?<\/p>\n","protected":false},"author":1,"featured_media":0,"parent":329,"menu_order":0,"comment_status":"closed","ping_status":"closed","template":"page-products.php","meta":{"_acf_changed":false,"footnotes":""},"class_list":["post-953","page","type-page","status-publish","hentry"],"acf":[],"yoast_head":"<!-- This site is optimized with the Yoast SEO plugin v26.1.1 - https:\/\/yoast.com\/wordpress\/plugins\/seo\/ -->\n<title>Dep\u00f3sitos para un fabricante de aceites lubricantes - CGH Group Sp. z o.o.<\/title>\n<meta name=\"description\" content=\"Series of tanks for producer of lubricant oils - CGH Nordic A\/S dostarczy\u0142a pierwsz\u0105 parti\u0119 zbiornik\u00f3w (z puli 49 sztuk) firmie buduj\u0105cej nowy zak\u0142ad...\" \/>\n<meta name=\"robots\" content=\"index, follow, max-snippet:-1, max-image-preview:large, max-video-preview:-1\" \/>\n<link rel=\"canonical\" href=\"https:\/\/cgh.com.pl\/es\/actualidades\/depositos-para-un-fabricante-de-aceites-lubricantes\" \/>\n<meta property=\"og:locale\" content=\"es_ES\" \/>\n<meta property=\"og:type\" content=\"article\" \/>\n<meta property=\"og:title\" content=\"Dep\u00f3sitos para un fabricante de aceites lubricantes - CGH Group Sp. z o.o.\" \/>\n<meta property=\"og:description\" content=\"Series of tanks for producer of lubricant oils - CGH Nordic A\/S dostarczy\u0142a pierwsz\u0105 parti\u0119 zbiornik\u00f3w (z puli 49 sztuk) firmie buduj\u0105cej nowy zak\u0142ad...\" \/>\n<meta property=\"og:url\" content=\"https:\/\/cgh.com.pl\/es\/actualidades\/depositos-para-un-fabricante-de-aceites-lubricantes\" \/>\n<meta property=\"og:site_name\" content=\"CGH Group Sp. z o.o.\" \/>\n<meta property=\"article:publisher\" content=\"https:\/\/www.facebook.com\/cghpolska\" \/>\n<meta property=\"article:modified_time\" content=\"2023-05-22T21:14:07+00:00\" \/>\n<meta property=\"og:image\" content=\"https:\/\/cgh.com.pl\/es\/wp-content\/uploads\/2021\/06\/Series-of-tanks-for_producer_of_lubricant-oils.jpg\" \/>\n<meta name=\"twitter:card\" content=\"summary_large_image\" \/>\n<meta name=\"twitter:label1\" content=\"Tiempo de lectura\" \/>\n\t<meta name=\"twitter:data1\" content=\"1 minuto\" \/>\n<script type=\"application\/ld+json\" class=\"yoast-schema-graph\">{\"@context\":\"https:\/\/schema.org\",\"@graph\":[{\"@type\":\"WebPage\",\"@id\":\"https:\/\/cgh.com.pl\/es\/actualidades\/depositos-para-un-fabricante-de-aceites-lubricantes\",\"url\":\"https:\/\/cgh.com.pl\/es\/actualidades\/depositos-para-un-fabricante-de-aceites-lubricantes\",\"name\":\"Dep\u00f3sitos para un fabricante de aceites lubricantes - CGH Group Sp. z o.o.\",\"isPartOf\":{\"@id\":\"https:\/\/cgh.com.pl\/es\/#website\"},\"primaryImageOfPage\":{\"@id\":\"https:\/\/cgh.com.pl\/es\/actualidades\/depositos-para-un-fabricante-de-aceites-lubricantes#primaryimage\"},\"image\":{\"@id\":\"https:\/\/cgh.com.pl\/es\/actualidades\/depositos-para-un-fabricante-de-aceites-lubricantes#primaryimage\"},\"thumbnailUrl\":\"https:\/\/cgh.com.pl\/es\/wp-content\/uploads\/2021\/06\/Series-of-tanks-for_producer_of_lubricant-oils.jpg\",\"datePublished\":\"2020-12-29T07:38:43+00:00\",\"dateModified\":\"2023-05-22T21:14:07+00:00\",\"description\":\"Series of tanks for producer of lubricant oils - CGH Nordic A\/S dostarczy\u0142a pierwsz\u0105 parti\u0119 zbiornik\u00f3w (z puli 49 sztuk) firmie buduj\u0105cej nowy zak\u0142ad...\",\"breadcrumb\":{\"@id\":\"https:\/\/cgh.com.pl\/es\/actualidades\/depositos-para-un-fabricante-de-aceites-lubricantes#breadcrumb\"},\"inLanguage\":\"es\",\"potentialAction\":[{\"@type\":\"ReadAction\",\"target\":[\"https:\/\/cgh.com.pl\/es\/actualidades\/depositos-para-un-fabricante-de-aceites-lubricantes\"]}]},{\"@type\":\"ImageObject\",\"inLanguage\":\"es\",\"@id\":\"https:\/\/cgh.com.pl\/es\/actualidades\/depositos-para-un-fabricante-de-aceites-lubricantes#primaryimage\",\"url\":\"https:\/\/cgh.com.pl\/es\/wp-content\/uploads\/2021\/06\/Series-of-tanks-for_producer_of_lubricant-oils.jpg\",\"contentUrl\":\"https:\/\/cgh.com.pl\/es\/wp-content\/uploads\/2021\/06\/Series-of-tanks-for_producer_of_lubricant-oils.jpg\",\"width\":600,\"height\":400,\"caption\":\"Series of tanks for producer of lubricant oils\"},{\"@type\":\"BreadcrumbList\",\"@id\":\"https:\/\/cgh.com.pl\/es\/actualidades\/depositos-para-un-fabricante-de-aceites-lubricantes#breadcrumb\",\"itemListElement\":[{\"@type\":\"ListItem\",\"position\":1,\"name\":\"Strona g\u0142\u00f3wna\",\"item\":\"https:\/\/cgh.com.pl\/es\/\"},{\"@type\":\"ListItem\",\"position\":2,\"name\":\"Actualidades\",\"item\":\"https:\/\/cgh.com.pl\/es\/actualidades\"},{\"@type\":\"ListItem\",\"position\":3,\"name\":\"Dep\u00f3sitos para un fabricante de aceites lubricantes\"}]},{\"@type\":\"WebSite\",\"@id\":\"https:\/\/cgh.com.pl\/es\/#website\",\"url\":\"https:\/\/cgh.com.pl\/es\/\",\"name\":\"CGH Group Sp. z o.o.\",\"description\":\"\",\"publisher\":{\"@id\":\"https:\/\/cgh.com.pl\/es\/#organization\"},\"alternateName\":\"Ingenier\u00eda, desarrollo y fabricaci\u00f3n de dep\u00f3sitos de GLP, industriales, combustibles, agua, a presi\u00f3n y acero inoxidable - CGH Group\",\"potentialAction\":[{\"@type\":\"SearchAction\",\"target\":{\"@type\":\"EntryPoint\",\"urlTemplate\":\"https:\/\/cgh.com.pl\/es\/?s={search_term_string}\"},\"query-input\":{\"@type\":\"PropertyValueSpecification\",\"valueRequired\":true,\"valueName\":\"search_term_string\"}}],\"inLanguage\":\"es\"},{\"@type\":\"Organization\",\"@id\":\"https:\/\/cgh.com.pl\/es\/#organization\",\"name\":\"CGH Group Sp. z o.o.\",\"url\":\"https:\/\/cgh.com.pl\/es\/\",\"logo\":{\"@type\":\"ImageObject\",\"inLanguage\":\"es\",\"@id\":\"https:\/\/cgh.com.pl\/es\/#\/schema\/logo\/image\/\",\"url\":\"https:\/\/cgh.com.pl\/es\/wp-content\/uploads\/2023\/05\/logoCGH.png\",\"contentUrl\":\"https:\/\/cgh.com.pl\/es\/wp-content\/uploads\/2023\/05\/logoCGH.png\",\"width\":449,\"height\":162,\"caption\":\"CGH Group Sp. z o.o.\"},\"image\":{\"@id\":\"https:\/\/cgh.com.pl\/es\/#\/schema\/logo\/image\/\"},\"sameAs\":[\"https:\/\/www.facebook.com\/cghpolska\",\"https:\/\/www.youtube.com\/channel\/UCe9uW1n0tEj_ZJOEtHIHGQw\"]}]}<\/script>\n<!-- \/ Yoast SEO plugin. -->","yoast_head_json":{"title":"Dep\u00f3sitos para un fabricante de aceites lubricantes - CGH Group Sp. z o.o.","description":"Series of tanks for producer of lubricant oils - CGH Nordic A\/S dostarczy\u0142a pierwsz\u0105 parti\u0119 zbiornik\u00f3w (z puli 49 sztuk) firmie buduj\u0105cej nowy zak\u0142ad...","robots":{"index":"index","follow":"follow","max-snippet":"max-snippet:-1","max-image-preview":"max-image-preview:large","max-video-preview":"max-video-preview:-1"},"canonical":"https:\/\/cgh.com.pl\/es\/actualidades\/depositos-para-un-fabricante-de-aceites-lubricantes","og_locale":"es_ES","og_type":"article","og_title":"Dep\u00f3sitos para un fabricante de aceites lubricantes - CGH Group Sp. z o.o.","og_description":"Series of tanks for producer of lubricant oils - CGH Nordic A\/S dostarczy\u0142a pierwsz\u0105 parti\u0119 zbiornik\u00f3w (z puli 49 sztuk) firmie buduj\u0105cej nowy zak\u0142ad...","og_url":"https:\/\/cgh.com.pl\/es\/actualidades\/depositos-para-un-fabricante-de-aceites-lubricantes","og_site_name":"CGH Group Sp. z o.o.","article_publisher":"https:\/\/www.facebook.com\/cghpolska","article_modified_time":"2023-05-22T21:14:07+00:00","og_image":[{"url":"https:\/\/cgh.com.pl\/es\/wp-content\/uploads\/2021\/06\/Series-of-tanks-for_producer_of_lubricant-oils.jpg","type":"","width":"","height":""}],"twitter_card":"summary_large_image","twitter_misc":{"Tiempo de lectura":"1 minuto"},"schema":{"@context":"https:\/\/schema.org","@graph":[{"@type":"WebPage","@id":"https:\/\/cgh.com.pl\/es\/actualidades\/depositos-para-un-fabricante-de-aceites-lubricantes","url":"https:\/\/cgh.com.pl\/es\/actualidades\/depositos-para-un-fabricante-de-aceites-lubricantes","name":"Dep\u00f3sitos para un fabricante de aceites lubricantes - CGH Group Sp. z o.o.","isPartOf":{"@id":"https:\/\/cgh.com.pl\/es\/#website"},"primaryImageOfPage":{"@id":"https:\/\/cgh.com.pl\/es\/actualidades\/depositos-para-un-fabricante-de-aceites-lubricantes#primaryimage"},"image":{"@id":"https:\/\/cgh.com.pl\/es\/actualidades\/depositos-para-un-fabricante-de-aceites-lubricantes#primaryimage"},"thumbnailUrl":"https:\/\/cgh.com.pl\/es\/wp-content\/uploads\/2021\/06\/Series-of-tanks-for_producer_of_lubricant-oils.jpg","datePublished":"2020-12-29T07:38:43+00:00","dateModified":"2023-05-22T21:14:07+00:00","description":"Series of tanks for producer of lubricant oils - CGH Nordic A\/S dostarczy\u0142a pierwsz\u0105 parti\u0119 zbiornik\u00f3w (z puli 49 sztuk) firmie buduj\u0105cej nowy zak\u0142ad...","breadcrumb":{"@id":"https:\/\/cgh.com.pl\/es\/actualidades\/depositos-para-un-fabricante-de-aceites-lubricantes#breadcrumb"},"inLanguage":"es","potentialAction":[{"@type":"ReadAction","target":["https:\/\/cgh.com.pl\/es\/actualidades\/depositos-para-un-fabricante-de-aceites-lubricantes"]}]},{"@type":"ImageObject","inLanguage":"es","@id":"https:\/\/cgh.com.pl\/es\/actualidades\/depositos-para-un-fabricante-de-aceites-lubricantes#primaryimage","url":"https:\/\/cgh.com.pl\/es\/wp-content\/uploads\/2021\/06\/Series-of-tanks-for_producer_of_lubricant-oils.jpg","contentUrl":"https:\/\/cgh.com.pl\/es\/wp-content\/uploads\/2021\/06\/Series-of-tanks-for_producer_of_lubricant-oils.jpg","width":600,"height":400,"caption":"Series of tanks for producer of lubricant oils"},{"@type":"BreadcrumbList","@id":"https:\/\/cgh.com.pl\/es\/actualidades\/depositos-para-un-fabricante-de-aceites-lubricantes#breadcrumb","itemListElement":[{"@type":"ListItem","position":1,"name":"Strona g\u0142\u00f3wna","item":"https:\/\/cgh.com.pl\/es\/"},{"@type":"ListItem","position":2,"name":"Actualidades","item":"https:\/\/cgh.com.pl\/es\/actualidades"},{"@type":"ListItem","position":3,"name":"Dep\u00f3sitos para un fabricante de aceites lubricantes"}]},{"@type":"WebSite","@id":"https:\/\/cgh.com.pl\/es\/#website","url":"https:\/\/cgh.com.pl\/es\/","name":"CGH Group Sp. z o.o.","description":"","publisher":{"@id":"https:\/\/cgh.com.pl\/es\/#organization"},"alternateName":"Ingenier\u00eda, desarrollo y fabricaci\u00f3n de dep\u00f3sitos de GLP, industriales, combustibles, agua, a presi\u00f3n y acero inoxidable - CGH Group","potentialAction":[{"@type":"SearchAction","target":{"@type":"EntryPoint","urlTemplate":"https:\/\/cgh.com.pl\/es\/?s={search_term_string}"},"query-input":{"@type":"PropertyValueSpecification","valueRequired":true,"valueName":"search_term_string"}}],"inLanguage":"es"},{"@type":"Organization","@id":"https:\/\/cgh.com.pl\/es\/#organization","name":"CGH Group Sp. z o.o.","url":"https:\/\/cgh.com.pl\/es\/","logo":{"@type":"ImageObject","inLanguage":"es","@id":"https:\/\/cgh.com.pl\/es\/#\/schema\/logo\/image\/","url":"https:\/\/cgh.com.pl\/es\/wp-content\/uploads\/2023\/05\/logoCGH.png","contentUrl":"https:\/\/cgh.com.pl\/es\/wp-content\/uploads\/2023\/05\/logoCGH.png","width":449,"height":162,"caption":"CGH Group Sp. z o.o."},"image":{"@id":"https:\/\/cgh.com.pl\/es\/#\/schema\/logo\/image\/"},"sameAs":["https:\/\/www.facebook.com\/cghpolska","https:\/\/www.youtube.com\/channel\/UCe9uW1n0tEj_ZJOEtHIHGQw"]}]}},"_links":{"self":[{"href":"https:\/\/cgh.com.pl\/es\/wp-json\/wp\/v2\/pages\/953","targetHints":{"allow":["GET"]}}],"collection":[{"href":"https:\/\/cgh.com.pl\/es\/wp-json\/wp\/v2\/pages"}],"about":[{"href":"https:\/\/cgh.com.pl\/es\/wp-json\/wp\/v2\/types\/page"}],"author":[{"embeddable":true,"href":"https:\/\/cgh.com.pl\/es\/wp-json\/wp\/v2\/users\/1"}],"replies":[{"embeddable":true,"href":"https:\/\/cgh.com.pl\/es\/wp-json\/wp\/v2\/comments?post=953"}],"version-history":[{"count":6,"href":"https:\/\/cgh.com.pl\/es\/wp-json\/wp\/v2\/pages\/953\/revisions"}],"predecessor-version":[{"id":5040,"href":"https:\/\/cgh.com.pl\/es\/wp-json\/wp\/v2\/pages\/953\/revisions\/5040"}],"up":[{"embeddable":true,"href":"https:\/\/cgh.com.pl\/es\/wp-json\/wp\/v2\/pages\/329"}],"wp:attachment":[{"href":"https:\/\/cgh.com.pl\/es\/wp-json\/wp\/v2\/media?parent=953"}],"curies":[{"name":"wp","href":"https:\/\/api.w.org\/{rel}","templated":true}]}}