{"id":13,"date":"2020-11-24T22:57:09","date_gmt":"2020-11-24T21:57:09","guid":{"rendered":"https:\/\/cgh.com.pl\/fr\/?page_id=13"},"modified":"2024-12-28T14:01:28","modified_gmt":"2024-12-28T13:01:28","slug":"reservoirs-de-carburant-reservoirs-de-liquides-inflammables","status":"publish","type":"page","link":"https:\/\/cgh.com.pl\/fr\/reservoirs-de-carburant-reservoirs-de-liquides-inflammables","title":{"rendered":"R\u00e9servoirs de carburant, r\u00e9servoirs de liquides inflammables"},"content":{"rendered":"\n<div class=\"wp-block-columns has-2-columns is-layout-flex wp-container-core-columns-is-layout-9d6595d7 wp-block-columns-is-layout-flex\">\n<div class=\"wp-block-column is-layout-flow wp-block-column-is-layout-flow\">\n<p>R\u00e9servoirs en acier \u00e0 simple et \u00e0 double paroi conformes \u00e0 la norme EN 12285 avec homologation UDT, GUM et, selon la version, homologu\u00e9s par TUV Nord, TDT, WDT, SVTI.<\/p>\n\n\n\n<p>Possibilit\u00e9 de conception selon AD2000, DIN 6608, DIN6616.<\/p>\n\n\n\n<p>Depuis de nombreuses ann\u00e9es, CGH Polska est l&rsquo;un des principaux fabricants de r\u00e9servoirs en acier en Europe. Parmi ses clients figurent de grandes compagnies p\u00e9troli\u00e8res et de grandes et moyennes entreprises, tant en Pologne qu&rsquo;\u00e0 l&rsquo;\u00e9tranger. Les origines de l&rsquo;entreprise remontent aux ann\u00e9es 1990 et depuis lors, nous fabriquons des r\u00e9servoirs s\u00e9curis\u00e9s et respectueux de l&rsquo;environnement pour le stockage de liquides inflammables dans le cadre d&rsquo;un processus automatis\u00e9. Les r\u00e9servoirs sont \u00e9quip\u00e9s en option de raccords anti-d\u00e9bordement, d&rsquo;\u00e9quipements de contr\u00f4le et de mesure et d&rsquo;un syst\u00e8me de surveillance des fuites. En standard, les r\u00e9servoirs sont \u00e9quip\u00e9s d&rsquo;une isolation anticorrosion en polyur\u00e9thane. Diff\u00e9rents syst\u00e8mes de protection contre la corrosion sont possibles de l&rsquo;int\u00e9rieur en fonction du fluide.<\/p>\n\n\n\n<div class=\"wp-block-columns has-2-columns is-layout-flex wp-container-core-columns-is-layout-9d6595d7 wp-block-columns-is-layout-flex\">\n<div class=\"wp-block-column is-layout-flow wp-block-column-is-layout-flow\">\n<p>Nous proposons les types de r\u00e9servoirs suivants:<\/p>\n\n\n\n<ul class=\"wp-block-list\">\n<li>R\u00e9servoirs souterrains \u00e0 double paroi<\/li>\n\n\n\n<li>R\u00e9servoirs \u00e0 simple et double paroi pour le stockage d&rsquo;AdBlue<\/li>\n\n\n\n<li>Stations de distribution CONTENEURISEES<\/li>\n\n\n\n<li>R\u00e9servoirs de biocarburants<\/li>\n\n\n\n<li>R\u00e9servoirs pour carburants d&rsquo;aviation<\/li>\n<\/ul>\n<\/div>\n\n\n\n<div class=\"wp-block-column is-layout-flow wp-block-column-is-layout-flow\">\n<p>LES R\u00e9servoirs \u00e0 double paroi sont con\u00e7us pour le stockage de produits:<\/p>\n\n\n\n<ul class=\"wp-block-list\">\n<li>Dans les stations-service<\/li>\n\n\n\n<li>Dans les d\u00e9p\u00f4ts de carburant<\/li>\n\n\n\n<li>Dans les a\u00e9roports<\/li>\n\n\n\n<li>Pour le chauffage<\/li>\n\n\n\n<li>Pour le stockage de produits chimiques<\/li>\n\n\n\n<li>Pour le stockage des mat\u00e9riaux de production<\/li>\n<\/ul>\n<\/div>\n<\/div>\n<\/div>\n\n\n\n<div class=\"wp-block-column is-layout-flow wp-block-column-is-layout-flow\">\n<figure class=\"wp-block-image size-full\"><img decoding=\"async\" width=\"600\" height=\"400\" data-src=\"https:\/\/cgh.com.pl\/fr\/wp-content\/uploads\/2020\/11\/zbiorniki-paliwowe-podziemne-3.jpg\" alt=\"R\u00e9servoirs de carburant\" class=\"wp-image-90 img-fluid lazyload\" title=\"Fuel Tank\" data-srcset=\"https:\/\/cgh.com.pl\/fr\/wp-content\/uploads\/2020\/11\/zbiorniki-paliwowe-podziemne-3.jpg 600w, https:\/\/cgh.com.pl\/fr\/wp-content\/uploads\/2020\/11\/zbiorniki-paliwowe-podziemne-3-300x200.jpg 300w\" data-sizes=\"(max-width: 600px) 100vw, 600px\" src=\"data:image\/svg+xml;base64,PHN2ZyB3aWR0aD0iMSIgaGVpZ2h0PSIxIiB4bWxucz0iaHR0cDovL3d3dy53My5vcmcvMjAwMC9zdmciPjwvc3ZnPg==\" style=\"--smush-placeholder-width: 600px; --smush-placeholder-aspect-ratio: 600\/400;\" \/><\/figure>\n<\/div>\n<\/div>\n\n\n\n<div class=\"wp-block-columns has-4-columns is-layout-flex wp-container-core-columns-is-layout-9d6595d7 wp-block-columns-is-layout-flex\">\n<div class=\"wp-block-column is-layout-flow wp-block-column-is-layout-flow\">\n<figure class=\"wp-block-image\"><a href=\"https:\/\/cgh.com.pl\/fr\/reservoirs-de-carburant\/cuves-souterraines-en-double-paroie\"><img decoding=\"async\" width=\"360\" height=\"240\" data-src=\"https:\/\/cgh.com.pl\/fr\/wp-content\/uploads\/2020\/11\/Zbiorniki-paliwowe-podziemne.jpg\" alt=\"Underground tanks\" class=\"wp-image-93 img-fluid lazyload\" title=\"Underground tanks\" data-srcset=\"https:\/\/cgh.com.pl\/fr\/wp-content\/uploads\/2020\/11\/Zbiorniki-paliwowe-podziemne.jpg 360w, https:\/\/cgh.com.pl\/fr\/wp-content\/uploads\/2020\/11\/Zbiorniki-paliwowe-podziemne-300x200.jpg 300w\" data-sizes=\"(max-width: 360px) 100vw, 360px\" src=\"data:image\/svg+xml;base64,PHN2ZyB3aWR0aD0iMSIgaGVpZ2h0PSIxIiB4bWxucz0iaHR0cDovL3d3dy53My5vcmcvMjAwMC9zdmciPjwvc3ZnPg==\" style=\"--smush-placeholder-width: 360px; --smush-placeholder-aspect-ratio: 360\/240;\" \/><\/a><figcaption class=\"wp-element-caption\"><a href=\"https:\/\/cgh.com.pl\/fr\/reservoirs-de-carburant\/cuves-souterraines-en-double-paroie\">Underground tanks<\/a><\/figcaption><\/figure>\n<\/div>\n\n\n\n<div class=\"wp-block-column is-layout-flow wp-block-column-is-layout-flow\">\n<figure class=\"wp-block-image\"><a href=\"https:\/\/cgh.com.pl\/fr\/reservoirs-de-carburant\/mobile-stations\"><img decoding=\"async\" width=\"360\" height=\"240\" data-src=\"https:\/\/cgh.com.pl\/fr\/wp-content\/uploads\/2020\/11\/Stacje-kontenerowe.jpg\" alt=\"Mobile stations\" class=\"wp-image-92 img-fluid lazyload\" title=\"Mobile stations\" data-srcset=\"https:\/\/cgh.com.pl\/fr\/wp-content\/uploads\/2020\/11\/Stacje-kontenerowe.jpg 360w, https:\/\/cgh.com.pl\/fr\/wp-content\/uploads\/2020\/11\/Stacje-kontenerowe-300x200.jpg 300w\" data-sizes=\"(max-width: 360px) 100vw, 360px\" src=\"data:image\/svg+xml;base64,PHN2ZyB3aWR0aD0iMSIgaGVpZ2h0PSIxIiB4bWxucz0iaHR0cDovL3d3dy53My5vcmcvMjAwMC9zdmciPjwvc3ZnPg==\" style=\"--smush-placeholder-width: 360px; --smush-placeholder-aspect-ratio: 360\/240;\" \/><\/a><figcaption class=\"wp-element-caption\"><a href=\"https:\/\/cgh.com.pl\/fr\/reservoirs-de-produits-petroliers\/stations-de-distribution-conteneurisees\">Stations de distribution conteneuris\u00e9es<\/a><\/figcaption><\/figure>\n<\/div>\n\n\n\n<div class=\"wp-block-column is-layout-flow wp-block-column-is-layout-flow\">\n<figure class=\"wp-block-image\"><a href=\"https:\/\/cgh.com.pl\/fr\/reservoirs-de-carburant\/adblue-tanks-and-fittings\"><img decoding=\"async\" width=\"600\" height=\"400\" data-src=\"https:\/\/cgh.com.pl\/fr\/wp-content\/uploads\/2020\/11\/zbiorniki-podziemne-do-adblue.jpg\" alt=\"AdBlue Tanks and fittings\" class=\"wp-image-94 img-fluid lazyload\" title=\"AdBlue Tanks and fittings\" data-srcset=\"https:\/\/cgh.com.pl\/fr\/wp-content\/uploads\/2020\/11\/zbiorniki-podziemne-do-adblue.jpg 600w, https:\/\/cgh.com.pl\/fr\/wp-content\/uploads\/2020\/11\/zbiorniki-podziemne-do-adblue-300x200.jpg 300w\" data-sizes=\"(max-width: 600px) 100vw, 600px\" src=\"data:image\/svg+xml;base64,PHN2ZyB3aWR0aD0iMSIgaGVpZ2h0PSIxIiB4bWxucz0iaHR0cDovL3d3dy53My5vcmcvMjAwMC9zdmciPjwvc3ZnPg==\" style=\"--smush-placeholder-width: 600px; --smush-placeholder-aspect-ratio: 600\/400;\" \/><\/a><figcaption class=\"wp-element-caption\"><a href=\"https:\/\/cgh.com.pl\/fr\/reservoirs-de-carburant\/adblue-tanks-and-fittings\">AdBlue Tanks and fittings<\/a><\/figcaption><\/figure>\n<\/div>\n\n\n\n<div class=\"wp-block-column is-layout-flow wp-block-column-is-layout-flow\">\n<figure class=\"wp-block-image\"><a href=\"https:\/\/cgh.com.pl\/fr\/reservoirs-de-carburant\/compact-stations\"><img decoding=\"async\" width=\"600\" height=\"400\" data-src=\"https:\/\/cgh.com.pl\/fr\/wp-content\/uploads\/2020\/11\/kompaktowe-stacje-paliw-2.jpg\" alt=\"Compact stations\" class=\"wp-image-95 img-fluid lazyload\" title=\"Compact stations\" data-srcset=\"https:\/\/cgh.com.pl\/fr\/wp-content\/uploads\/2020\/11\/kompaktowe-stacje-paliw-2.jpg 600w, https:\/\/cgh.com.pl\/fr\/wp-content\/uploads\/2020\/11\/kompaktowe-stacje-paliw-2-300x200.jpg 300w\" data-sizes=\"(max-width: 600px) 100vw, 600px\" src=\"data:image\/svg+xml;base64,PHN2ZyB3aWR0aD0iMSIgaGVpZ2h0PSIxIiB4bWxucz0iaHR0cDovL3d3dy53My5vcmcvMjAwMC9zdmciPjwvc3ZnPg==\" style=\"--smush-placeholder-width: 600px; --smush-placeholder-aspect-ratio: 600\/400;\" \/><\/a><figcaption class=\"wp-element-caption\"><a href=\"https:\/\/cgh.com.pl\/fr\/reservoirs-de-carburant\/compact-stations\">Compact stations<\/a><\/figcaption><\/figure>\n<\/div>\n<\/div>\n\n\n\n<div class=\"wp-block-columns has-4-columns is-layout-flex wp-container-core-columns-is-layout-9d6595d7 wp-block-columns-is-layout-flex\">\n<div class=\"wp-block-column is-layout-flow wp-block-column-is-layout-flow\">\n<figure class=\"wp-block-image\"><a href=\"https:\/\/cgh.com.pl\/fr\/reservoirs-de-carburant\/cuves-pour-stockage-de-carburant-aviation\"><img decoding=\"async\" width=\"600\" height=\"400\" data-src=\"https:\/\/cgh.com.pl\/fr\/wp-content\/uploads\/2021\/04\/aviation-fuel-tanks-2.jpg\" alt=\"Cuves pour stockage de carburant aviation\" class=\"wp-image-1407 img-fluid lazyload\" title=\"Aviation fuel tanks\" data-srcset=\"https:\/\/cgh.com.pl\/fr\/wp-content\/uploads\/2021\/04\/aviation-fuel-tanks-2.jpg 600w, https:\/\/cgh.com.pl\/fr\/wp-content\/uploads\/2021\/04\/aviation-fuel-tanks-2-300x200.jpg 300w\" data-sizes=\"(max-width: 600px) 100vw, 600px\" src=\"data:image\/svg+xml;base64,PHN2ZyB3aWR0aD0iMSIgaGVpZ2h0PSIxIiB4bWxucz0iaHR0cDovL3d3dy53My5vcmcvMjAwMC9zdmciPjwvc3ZnPg==\" style=\"--smush-placeholder-width: 600px; --smush-placeholder-aspect-ratio: 600\/400;\" \/><\/a><figcaption class=\"wp-element-caption\"><a href=\"https:\/\/cgh.com.pl\/fr\/reservoirs-de-carburant\/cuves-pour-stockage-de-carburant-aviation\">Cuves pour stockage de carburant aviation<\/a><\/figcaption><\/figure>\n<\/div>\n\n\n\n<div class=\"wp-block-column is-layout-flow wp-block-column-is-layout-flow\">\n<figure class=\"wp-block-image\"><a href=\"https:\/\/cgh.com.pl\/fr\/reservoirs-de-carburant\/cuve-pour-stockage-de-diesel\"><img decoding=\"async\" width=\"360\" height=\"240\" data-src=\"https:\/\/cgh.com.pl\/fr\/wp-content\/uploads\/2021\/04\/Diesel-tank.jpg\" alt=\"Cuve pour stockage de diesel\" class=\"wp-image-1409 img-fluid lazyload\" title=\"Diesel tank\" data-srcset=\"https:\/\/cgh.com.pl\/fr\/wp-content\/uploads\/2021\/04\/Diesel-tank.jpg 360w, https:\/\/cgh.com.pl\/fr\/wp-content\/uploads\/2021\/04\/Diesel-tank-300x200.jpg 300w\" data-sizes=\"(max-width: 360px) 100vw, 360px\" src=\"data:image\/svg+xml;base64,PHN2ZyB3aWR0aD0iMSIgaGVpZ2h0PSIxIiB4bWxucz0iaHR0cDovL3d3dy53My5vcmcvMjAwMC9zdmciPjwvc3ZnPg==\" style=\"--smush-placeholder-width: 360px; --smush-placeholder-aspect-ratio: 360\/240;\" \/><\/a><figcaption class=\"wp-element-caption\"><a href=\"https:\/\/cgh.com.pl\/fr\/reservoirs-de-carburant\/cuve-pour-stockage-de-diesel\">Cuve pour stockage de diesel<\/a><\/figcaption><\/figure>\n<\/div>\n\n\n\n<div class=\"wp-block-column is-layout-flow wp-block-column-is-layout-flow\">\n<figure class=\"wp-block-image\"><a href=\"https:\/\/cgh.com.pl\/fr\/reservoirs-de-carburant\/cuve-pour-stockage-dadditifs-carburants\"><img decoding=\"async\" width=\"800\" height=\"527\" data-src=\"https:\/\/cgh.com.pl\/fr\/wp-content\/uploads\/2021\/04\/tanks-for-fuel-additives.jpg\" alt=\"Tank for fuel additives\" class=\"wp-image-1410 img-fluid lazyload\" title=\"Tank for fuel additives\" data-srcset=\"https:\/\/cgh.com.pl\/fr\/wp-content\/uploads\/2021\/04\/tanks-for-fuel-additives.jpg 800w, https:\/\/cgh.com.pl\/fr\/wp-content\/uploads\/2021\/04\/tanks-for-fuel-additives-300x198.jpg 300w, https:\/\/cgh.com.pl\/fr\/wp-content\/uploads\/2021\/04\/tanks-for-fuel-additives-768x506.jpg 768w\" data-sizes=\"(max-width: 800px) 100vw, 800px\" src=\"data:image\/svg+xml;base64,PHN2ZyB3aWR0aD0iMSIgaGVpZ2h0PSIxIiB4bWxucz0iaHR0cDovL3d3dy53My5vcmcvMjAwMC9zdmciPjwvc3ZnPg==\" style=\"--smush-placeholder-width: 800px; --smush-placeholder-aspect-ratio: 800\/527;\" \/><\/a><figcaption class=\"wp-element-caption\"><a href=\"https:\/\/cgh.com.pl\/fr\/reservoirs-de-carburant\/cuve-pour-stockage-dadditifs-carburants\">Cuve pour stockage d\u2019additifs carburants<\/a><\/figcaption><\/figure>\n<\/div>\n\n\n\n<div class=\"wp-block-column is-layout-flow wp-block-column-is-layout-flow\">\n<figure class=\"wp-block-image\"><a href=\"https:\/\/cgh.com.pl\/fr\/reservoirs-de-carburant\/cuves-pour-stockage-de-bio-fuel\"><img decoding=\"async\" width=\"600\" height=\"400\" data-src=\"https:\/\/cgh.com.pl\/fr\/wp-content\/uploads\/2021\/04\/Biofuel-Tanks.jpg\" alt=\"Biofuel Tanks\" class=\"wp-image-1411 img-fluid lazyload\" title=\"Biofuel Tanks\" data-srcset=\"https:\/\/cgh.com.pl\/fr\/wp-content\/uploads\/2021\/04\/Biofuel-Tanks.jpg 600w, https:\/\/cgh.com.pl\/fr\/wp-content\/uploads\/2021\/04\/Biofuel-Tanks-300x200.jpg 300w\" data-sizes=\"(max-width: 600px) 100vw, 600px\" src=\"data:image\/svg+xml;base64,PHN2ZyB3aWR0aD0iMSIgaGVpZ2h0PSIxIiB4bWxucz0iaHR0cDovL3d3dy53My5vcmcvMjAwMC9zdmciPjwvc3ZnPg==\" style=\"--smush-placeholder-width: 600px; --smush-placeholder-aspect-ratio: 600\/400;\" \/><\/a><figcaption class=\"wp-element-caption\"><a href=\"https:\/\/cgh.com.pl\/fr\/reservoirs-de-carburant\/cuves-pour-stockage-de-bio-fuel\">Cuves pour stockage de bio-fuel<\/a><\/figcaption><\/figure>\n<\/div>\n<\/div>\n\n\n\n<div class=\"wp-block-columns has-4-columns is-layout-flex wp-container-core-columns-is-layout-9d6595d7 wp-block-columns-is-layout-flex\">\n<div class=\"wp-block-column is-layout-flow wp-block-column-is-layout-flow\">\n<figure class=\"wp-block-image\"><a href=\"https:\/\/cgh.com.pl\/fr\/reservoirs-de-carburant\/200-300-m3-tanks-for-fuel-bases\"><img decoding=\"async\" width=\"600\" height=\"400\" data-src=\"https:\/\/cgh.com.pl\/fr\/wp-content\/uploads\/2021\/04\/Tanks-200-300-m3-2.jpg\" alt=\"200-300 m3 tanks for fuel bases\" class=\"wp-image-1412 img-fluid lazyload\" title=\"200-300 m3 tanks for fuel bases\" data-srcset=\"https:\/\/cgh.com.pl\/fr\/wp-content\/uploads\/2021\/04\/Tanks-200-300-m3-2.jpg 600w, https:\/\/cgh.com.pl\/fr\/wp-content\/uploads\/2021\/04\/Tanks-200-300-m3-2-300x200.jpg 300w\" data-sizes=\"(max-width: 600px) 100vw, 600px\" src=\"data:image\/svg+xml;base64,PHN2ZyB3aWR0aD0iMSIgaGVpZ2h0PSIxIiB4bWxucz0iaHR0cDovL3d3dy53My5vcmcvMjAwMC9zdmciPjwvc3ZnPg==\" style=\"--smush-placeholder-width: 600px; --smush-placeholder-aspect-ratio: 600\/400;\" \/><\/a><figcaption class=\"wp-element-caption\"><a href=\"https:\/\/cgh.com.pl\/fr\/reservoirs-de-carburant\/200-300-m3-tanks-for-fuel-bases\">200-300 m3 tanks for fuel bases<\/a><\/figcaption><\/figure>\n<\/div>\n\n\n\n<div class=\"wp-block-column is-layout-flow wp-block-column-is-layout-flow\">\n<figure class=\"wp-block-image\"><a href=\"https:\/\/cgh.com.pl\/fr\/reservoirs-de-carburant\/300-m3-tanks-for-esters\"><img decoding=\"async\" width=\"600\" height=\"400\" data-src=\"https:\/\/cgh.com.pl\/fr\/wp-content\/uploads\/2021\/03\/300-m3-tanks-for-esters-2.jpg\" alt=\"300 m3 Tanks for esters\" class=\"wp-image-1354 img-fluid lazyload\" title=\"300 m3 Tanks for esters\" data-srcset=\"https:\/\/cgh.com.pl\/fr\/wp-content\/uploads\/2021\/03\/300-m3-tanks-for-esters-2.jpg 600w, https:\/\/cgh.com.pl\/fr\/wp-content\/uploads\/2021\/03\/300-m3-tanks-for-esters-2-300x200.jpg 300w\" data-sizes=\"(max-width: 600px) 100vw, 600px\" src=\"data:image\/svg+xml;base64,PHN2ZyB3aWR0aD0iMSIgaGVpZ2h0PSIxIiB4bWxucz0iaHR0cDovL3d3dy53My5vcmcvMjAwMC9zdmciPjwvc3ZnPg==\" style=\"--smush-placeholder-width: 600px; --smush-placeholder-aspect-ratio: 600\/400;\" \/><\/a><figcaption class=\"wp-element-caption\"><a href=\"https:\/\/cgh.com.pl\/fr\/reservoirs-de-carburant\/300-m3-tanks-for-esters\">300 m3 Tanks for esters<\/a><\/figcaption><\/figure>\n<\/div>\n\n\n\n<div class=\"wp-block-column is-layout-flow wp-block-column-is-layout-flow\"><\/div>\n\n\n\n<div class=\"wp-block-column is-layout-flow wp-block-column-is-layout-flow\"><\/div>\n<\/div>\n","protected":false},"excerpt":{"rendered":"<p>R\u00e9servoirs en acier \u00e0 simple et \u00e0 double paroi conformes \u00e0 la norme EN 12285 avec homologation UDT, GUM et, selon la version, homologu\u00e9s par TUV Nord, TDT, WDT, SVTI. Possibilit\u00e9 de conception selon AD2000, DIN 6608, DIN6616. Depuis de nombreuses ann\u00e9es, CGH Polska est l&rsquo;un des principaux fabricants de r\u00e9servoirs en acier en Europe. [&hellip;]?<\/p>\n","protected":false},"author":1,"featured_media":0,"parent":0,"menu_order":0,"comment_status":"closed","ping_status":"closed","template":"page-products-with-second-menu.php","meta":{"_acf_changed":false,"footnotes":""},"class_list":["post-13","page","type-page","status-publish","hentry"],"acf":[],"yoast_head":"<!-- This site is optimized with the Yoast SEO plugin v26.1.1 - https:\/\/yoast.com\/wordpress\/plugins\/seo\/ -->\n<title>R\u00e9servoirs de carburant, r\u00e9servoirs de liquides inflammables - CGH Group Sp. z o.o.<\/title>\n<meta name=\"robots\" content=\"index, follow, max-snippet:-1, max-image-preview:large, max-video-preview:-1\" \/>\n<link rel=\"canonical\" href=\"https:\/\/cgh.com.pl\/fr\/reservoirs-de-carburant-reservoirs-de-liquides-inflammables\" \/>\n<meta property=\"og:locale\" content=\"fr_FR\" \/>\n<meta property=\"og:type\" content=\"article\" \/>\n<meta property=\"og:title\" content=\"R\u00e9servoirs de carburant, r\u00e9servoirs de liquides inflammables - CGH Group Sp. z o.o.\" \/>\n<meta property=\"og:description\" content=\"R\u00e9servoirs en acier \u00e0 simple et \u00e0 double paroi conformes \u00e0 la norme EN 12285 avec homologation UDT, GUM et, selon la version, homologu\u00e9s par TUV Nord, TDT, WDT, SVTI. Possibilit\u00e9 de conception selon AD2000, DIN 6608, DIN6616. Depuis de nombreuses ann\u00e9es, CGH Polska est l&rsquo;un des principaux fabricants de r\u00e9servoirs en acier en Europe. [&hellip;]?\" \/>\n<meta property=\"og:url\" content=\"https:\/\/cgh.com.pl\/fr\/reservoirs-de-carburant-reservoirs-de-liquides-inflammables\" \/>\n<meta property=\"og:site_name\" content=\"CGH Group Sp. z o.o.\" \/>\n<meta property=\"article:modified_time\" content=\"2024-12-28T13:01:28+00:00\" \/>\n<meta property=\"og:image\" content=\"https:\/\/cgh.com.pl\/fr\/wp-content\/uploads\/2020\/11\/zbiorniki-paliwowe-podziemne-3.jpg\" \/>\n\t<meta property=\"og:image:width\" content=\"600\" \/>\n\t<meta property=\"og:image:height\" content=\"400\" \/>\n\t<meta property=\"og:image:type\" content=\"image\/jpeg\" \/>\n<meta name=\"twitter:card\" content=\"summary_large_image\" \/>\n<meta name=\"twitter:label1\" content=\"Dur\u00e9e de lecture estim\u00e9e\" \/>\n\t<meta name=\"twitter:data1\" content=\"4 minutes\" \/>\n<script type=\"application\/ld+json\" class=\"yoast-schema-graph\">{\"@context\":\"https:\/\/schema.org\",\"@graph\":[{\"@type\":\"WebPage\",\"@id\":\"https:\/\/cgh.com.pl\/fr\/reservoirs-de-carburant-reservoirs-de-liquides-inflammables\",\"url\":\"https:\/\/cgh.com.pl\/fr\/reservoirs-de-carburant-reservoirs-de-liquides-inflammables\",\"name\":\"R\u00e9servoirs de carburant, r\u00e9servoirs de liquides inflammables - CGH Group Sp. z o.o.\",\"isPartOf\":{\"@id\":\"https:\/\/cgh.com.pl\/fr\/#website\"},\"primaryImageOfPage\":{\"@id\":\"https:\/\/cgh.com.pl\/fr\/reservoirs-de-carburant-reservoirs-de-liquides-inflammables#primaryimage\"},\"image\":{\"@id\":\"https:\/\/cgh.com.pl\/fr\/reservoirs-de-carburant-reservoirs-de-liquides-inflammables#primaryimage\"},\"thumbnailUrl\":\"https:\/\/cgh.com.pl\/fr\/wp-content\/uploads\/2020\/11\/zbiorniki-paliwowe-podziemne-3.jpg\",\"datePublished\":\"2020-11-24T21:57:09+00:00\",\"dateModified\":\"2024-12-28T13:01:28+00:00\",\"breadcrumb\":{\"@id\":\"https:\/\/cgh.com.pl\/fr\/reservoirs-de-carburant-reservoirs-de-liquides-inflammables#breadcrumb\"},\"inLanguage\":\"fr-FR\",\"potentialAction\":[{\"@type\":\"ReadAction\",\"target\":[\"https:\/\/cgh.com.pl\/fr\/reservoirs-de-carburant-reservoirs-de-liquides-inflammables\"]}]},{\"@type\":\"ImageObject\",\"inLanguage\":\"fr-FR\",\"@id\":\"https:\/\/cgh.com.pl\/fr\/reservoirs-de-carburant-reservoirs-de-liquides-inflammables#primaryimage\",\"url\":\"https:\/\/cgh.com.pl\/fr\/wp-content\/uploads\/2020\/11\/zbiorniki-paliwowe-podziemne-3.jpg\",\"contentUrl\":\"https:\/\/cgh.com.pl\/fr\/wp-content\/uploads\/2020\/11\/zbiorniki-paliwowe-podziemne-3.jpg\",\"width\":600,\"height\":400,\"caption\":\"Zbiorniki paliwowe podziemne\"},{\"@type\":\"BreadcrumbList\",\"@id\":\"https:\/\/cgh.com.pl\/fr\/reservoirs-de-carburant-reservoirs-de-liquides-inflammables#breadcrumb\",\"itemListElement\":[{\"@type\":\"ListItem\",\"position\":1,\"name\":\"Strona g\u0142\u00f3wna\",\"item\":\"https:\/\/cgh.com.pl\/fr\/\"},{\"@type\":\"ListItem\",\"position\":2,\"name\":\"R\u00e9servoirs de carburant, r\u00e9servoirs de liquides inflammables\"}]},{\"@type\":\"WebSite\",\"@id\":\"https:\/\/cgh.com.pl\/fr\/#website\",\"url\":\"https:\/\/cgh.com.pl\/fr\/\",\"name\":\"CGH Group Sp. z o.o.\",\"description\":\"\",\"publisher\":{\"@id\":\"https:\/\/cgh.com.pl\/fr\/#organization\"},\"potentialAction\":[{\"@type\":\"SearchAction\",\"target\":{\"@type\":\"EntryPoint\",\"urlTemplate\":\"https:\/\/cgh.com.pl\/fr\/?s={search_term_string}\"},\"query-input\":{\"@type\":\"PropertyValueSpecification\",\"valueRequired\":true,\"valueName\":\"search_term_string\"}}],\"inLanguage\":\"fr-FR\"},{\"@type\":\"Organization\",\"@id\":\"https:\/\/cgh.com.pl\/fr\/#organization\",\"name\":\"CGH Group Sp. z o.o.\",\"url\":\"https:\/\/cgh.com.pl\/fr\/\",\"logo\":{\"@type\":\"ImageObject\",\"inLanguage\":\"fr-FR\",\"@id\":\"https:\/\/cgh.com.pl\/fr\/#\/schema\/logo\/image\/\",\"url\":\"https:\/\/cgh.com.pl\/fr\/wp-content\/uploads\/2023\/05\/logoCGH.png\",\"contentUrl\":\"https:\/\/cgh.com.pl\/fr\/wp-content\/uploads\/2023\/05\/logoCGH.png\",\"width\":449,\"height\":162,\"caption\":\"CGH Group Sp. z o.o.\"},\"image\":{\"@id\":\"https:\/\/cgh.com.pl\/fr\/#\/schema\/logo\/image\/\"}}]}<\/script>\n<!-- \/ Yoast SEO plugin. -->","yoast_head_json":{"title":"R\u00e9servoirs de carburant, r\u00e9servoirs de liquides inflammables - CGH Group Sp. z o.o.","robots":{"index":"index","follow":"follow","max-snippet":"max-snippet:-1","max-image-preview":"max-image-preview:large","max-video-preview":"max-video-preview:-1"},"canonical":"https:\/\/cgh.com.pl\/fr\/reservoirs-de-carburant-reservoirs-de-liquides-inflammables","og_locale":"fr_FR","og_type":"article","og_title":"R\u00e9servoirs de carburant, r\u00e9servoirs de liquides inflammables - CGH Group Sp. z o.o.","og_description":"R\u00e9servoirs en acier \u00e0 simple et \u00e0 double paroi conformes \u00e0 la norme EN 12285 avec homologation UDT, GUM et, selon la version, homologu\u00e9s par TUV Nord, TDT, WDT, SVTI. Possibilit\u00e9 de conception selon AD2000, DIN 6608, DIN6616. Depuis de nombreuses ann\u00e9es, CGH Polska est l&rsquo;un des principaux fabricants de r\u00e9servoirs en acier en Europe. [&hellip;]?","og_url":"https:\/\/cgh.com.pl\/fr\/reservoirs-de-carburant-reservoirs-de-liquides-inflammables","og_site_name":"CGH Group Sp. z o.o.","article_modified_time":"2024-12-28T13:01:28+00:00","og_image":[{"width":600,"height":400,"url":"https:\/\/cgh.com.pl\/fr\/wp-content\/uploads\/2020\/11\/zbiorniki-paliwowe-podziemne-3.jpg","type":"image\/jpeg"}],"twitter_card":"summary_large_image","twitter_misc":{"Dur\u00e9e de lecture estim\u00e9e":"4 minutes"},"schema":{"@context":"https:\/\/schema.org","@graph":[{"@type":"WebPage","@id":"https:\/\/cgh.com.pl\/fr\/reservoirs-de-carburant-reservoirs-de-liquides-inflammables","url":"https:\/\/cgh.com.pl\/fr\/reservoirs-de-carburant-reservoirs-de-liquides-inflammables","name":"R\u00e9servoirs de carburant, r\u00e9servoirs de liquides inflammables - CGH Group Sp. z o.o.","isPartOf":{"@id":"https:\/\/cgh.com.pl\/fr\/#website"},"primaryImageOfPage":{"@id":"https:\/\/cgh.com.pl\/fr\/reservoirs-de-carburant-reservoirs-de-liquides-inflammables#primaryimage"},"image":{"@id":"https:\/\/cgh.com.pl\/fr\/reservoirs-de-carburant-reservoirs-de-liquides-inflammables#primaryimage"},"thumbnailUrl":"https:\/\/cgh.com.pl\/fr\/wp-content\/uploads\/2020\/11\/zbiorniki-paliwowe-podziemne-3.jpg","datePublished":"2020-11-24T21:57:09+00:00","dateModified":"2024-12-28T13:01:28+00:00","breadcrumb":{"@id":"https:\/\/cgh.com.pl\/fr\/reservoirs-de-carburant-reservoirs-de-liquides-inflammables#breadcrumb"},"inLanguage":"fr-FR","potentialAction":[{"@type":"ReadAction","target":["https:\/\/cgh.com.pl\/fr\/reservoirs-de-carburant-reservoirs-de-liquides-inflammables"]}]},{"@type":"ImageObject","inLanguage":"fr-FR","@id":"https:\/\/cgh.com.pl\/fr\/reservoirs-de-carburant-reservoirs-de-liquides-inflammables#primaryimage","url":"https:\/\/cgh.com.pl\/fr\/wp-content\/uploads\/2020\/11\/zbiorniki-paliwowe-podziemne-3.jpg","contentUrl":"https:\/\/cgh.com.pl\/fr\/wp-content\/uploads\/2020\/11\/zbiorniki-paliwowe-podziemne-3.jpg","width":600,"height":400,"caption":"Zbiorniki paliwowe podziemne"},{"@type":"BreadcrumbList","@id":"https:\/\/cgh.com.pl\/fr\/reservoirs-de-carburant-reservoirs-de-liquides-inflammables#breadcrumb","itemListElement":[{"@type":"ListItem","position":1,"name":"Strona g\u0142\u00f3wna","item":"https:\/\/cgh.com.pl\/fr\/"},{"@type":"ListItem","position":2,"name":"R\u00e9servoirs de carburant, r\u00e9servoirs de liquides inflammables"}]},{"@type":"WebSite","@id":"https:\/\/cgh.com.pl\/fr\/#website","url":"https:\/\/cgh.com.pl\/fr\/","name":"CGH Group Sp. z o.o.","description":"","publisher":{"@id":"https:\/\/cgh.com.pl\/fr\/#organization"},"potentialAction":[{"@type":"SearchAction","target":{"@type":"EntryPoint","urlTemplate":"https:\/\/cgh.com.pl\/fr\/?s={search_term_string}"},"query-input":{"@type":"PropertyValueSpecification","valueRequired":true,"valueName":"search_term_string"}}],"inLanguage":"fr-FR"},{"@type":"Organization","@id":"https:\/\/cgh.com.pl\/fr\/#organization","name":"CGH Group Sp. z o.o.","url":"https:\/\/cgh.com.pl\/fr\/","logo":{"@type":"ImageObject","inLanguage":"fr-FR","@id":"https:\/\/cgh.com.pl\/fr\/#\/schema\/logo\/image\/","url":"https:\/\/cgh.com.pl\/fr\/wp-content\/uploads\/2023\/05\/logoCGH.png","contentUrl":"https:\/\/cgh.com.pl\/fr\/wp-content\/uploads\/2023\/05\/logoCGH.png","width":449,"height":162,"caption":"CGH Group Sp. z o.o."},"image":{"@id":"https:\/\/cgh.com.pl\/fr\/#\/schema\/logo\/image\/"}}]}},"_links":{"self":[{"href":"https:\/\/cgh.com.pl\/fr\/wp-json\/wp\/v2\/pages\/13","targetHints":{"allow":["GET"]}}],"collection":[{"href":"https:\/\/cgh.com.pl\/fr\/wp-json\/wp\/v2\/pages"}],"about":[{"href":"https:\/\/cgh.com.pl\/fr\/wp-json\/wp\/v2\/types\/page"}],"author":[{"embeddable":true,"href":"https:\/\/cgh.com.pl\/fr\/wp-json\/wp\/v2\/users\/1"}],"replies":[{"embeddable":true,"href":"https:\/\/cgh.com.pl\/fr\/wp-json\/wp\/v2\/comments?post=13"}],"version-history":[{"count":40,"href":"https:\/\/cgh.com.pl\/fr\/wp-json\/wp\/v2\/pages\/13\/revisions"}],"predecessor-version":[{"id":5260,"href":"https:\/\/cgh.com.pl\/fr\/wp-json\/wp\/v2\/pages\/13\/revisions\/5260"}],"wp:attachment":[{"href":"https:\/\/cgh.com.pl\/fr\/wp-json\/wp\/v2\/media?parent=13"}],"curies":[{"name":"wp","href":"https:\/\/api.w.org\/{rel}","templated":true}]}}