{"id":15,"date":"2020-11-24T22:58:00","date_gmt":"2020-11-24T21:58:00","guid":{"rendered":"https:\/\/cgh.com.pl\/fr\/?page_id=15"},"modified":"2023-10-02T23:45:03","modified_gmt":"2023-10-02T21:45:03","slug":"reservoirs-de-gpl","status":"publish","type":"page","link":"https:\/\/cgh.com.pl\/fr\/reservoirs-de-gpl","title":{"rendered":"R\u00e9servoirs de GPL"},"content":{"rendered":"\n<div class=\"wp-block-columns has-2-columns is-layout-flex wp-container-core-columns-is-layout-9d6595d7 wp-block-columns-is-layout-flex\">\n<div class=\"wp-block-column is-layout-flow wp-block-column-is-layout-flow\">\n<p>Les r\u00e9servoirs de stockage de GPL sont fabriqu\u00e9s en version souterraine, enterr\u00e9e et HORS SOL, avec des capacit\u00e9s allant de 9,1 m<sup>3<\/sup> \u00e0 250 m<sup>3<\/sup>. Les r\u00e9servoirs GPL sont fabriqu\u00e9s en acier au carbone. Ils r\u00e9pondent aux exigences de s\u00e9curit\u00e9 pour le stockage du propane, du butane et des m\u00e9langes de ces gaz. agr\u00e9ments en vigueur d\u00e9livr\u00e9s par un organisme notifi\u00e9 pour les \u00e9quipements sous pression soumis \u00e0 la directive 2014\/68\/UE sur la base de la norme EN13445 ou AD2000.<\/p>\n\n\n\n<p>Les r\u00e9servoirs de GPL sont con\u00e7us pour le stockage de produits:<\/p>\n\n\n\n<ul class=\"wp-block-list\">\n<li>pour le chauffage dans les installations domestiques et industrielles ;<\/li>\n\n\n\n<li>dans les stations-service pour le ravitaillement en GPL ;<\/li>\n\n\n\n<li>dans les d\u00e9p\u00f4ts de GPL et les entrep\u00f4ts sous douane.<\/li>\n<\/ul>\n\n\n\n<p>Les r\u00e9servoirs de GPL pour les stations-service sont \u00e9quip\u00e9s en standard de dispositifs d&rsquo;arr\u00eat, de mesure et de s\u00e9curit\u00e9. En option, ils sont \u00e9quip\u00e9s de trous d&rsquo;homme, de syst\u00e8mes de r\u00e9ception : les modules GPL (points de remplissage GPL dans les stations-service) et de dispositifs de contr\u00f4le et de mesure tels que les sondes magn\u00e9tostrictives et radar ou les indicateurs de niveau Rochester Senior ou Rochester Magnetel.<\/p>\n<\/div>\n\n\n\n<div class=\"wp-block-column is-layout-flow wp-block-column-is-layout-flow\"><div class=\"wp-block-image\">\n<figure class=\"aligncenter\"><img decoding=\"async\" width=\"600\" height=\"400\" data-src=\"https:\/\/cgh.com.pl\/fr\/wp-content\/uploads\/2021\/05\/lpg-tanks-2.jpg\" alt=\"LPG tanks\" class=\"wp-image-1492 img-fluid lazyload\" data-srcset=\"https:\/\/cgh.com.pl\/fr\/wp-content\/uploads\/2021\/05\/lpg-tanks-2.jpg 600w, https:\/\/cgh.com.pl\/fr\/wp-content\/uploads\/2021\/05\/lpg-tanks-2-300x200.jpg 300w\" data-sizes=\"(max-width: 600px) 100vw, 600px\" src=\"data:image\/svg+xml;base64,PHN2ZyB3aWR0aD0iMSIgaGVpZ2h0PSIxIiB4bWxucz0iaHR0cDovL3d3dy53My5vcmcvMjAwMC9zdmciPjwvc3ZnPg==\" style=\"--smush-placeholder-width: 600px; --smush-placeholder-aspect-ratio: 600\/400;\" \/><\/figure><\/div><\/div>\n<\/div>\n\n\n\n<div class=\"wp-block-columns has-4-columns is-layout-flex wp-container-core-columns-is-layout-9d6595d7 wp-block-columns-is-layout-flex\">\n<div class=\"wp-block-column is-layout-flow wp-block-column-is-layout-flow\"><div class=\"wp-block-image\">\n<figure class=\"aligncenter\"><a href=\"https:\/\/cgh.com.pl\/fr\/cuves-gpl\/cuves-gpl-souterraines\"><img decoding=\"async\" width=\"360\" height=\"240\" data-src=\"https:\/\/cgh.com.pl\/fr\/wp-content\/uploads\/2021\/05\/underground-lpg-tanks-3.jpg\" alt=\"Cuves GPL Souterraines\" class=\"wp-image-1493 img-fluid lazyload\" data-srcset=\"https:\/\/cgh.com.pl\/fr\/wp-content\/uploads\/2021\/05\/underground-lpg-tanks-3.jpg 360w, https:\/\/cgh.com.pl\/fr\/wp-content\/uploads\/2021\/05\/underground-lpg-tanks-3-300x200.jpg 300w\" data-sizes=\"(max-width: 360px) 100vw, 360px\" src=\"data:image\/svg+xml;base64,PHN2ZyB3aWR0aD0iMSIgaGVpZ2h0PSIxIiB4bWxucz0iaHR0cDovL3d3dy53My5vcmcvMjAwMC9zdmciPjwvc3ZnPg==\" style=\"--smush-placeholder-width: 360px; --smush-placeholder-aspect-ratio: 360\/240;\" \/><\/a><figcaption class=\"wp-element-caption\"><a href=\"https:\/\/cgh.com.pl\/fr\/cuves-gpl\/cuves-gpl-souterraines\">Cuves GPL Souterraines<\/a><\/figcaption><\/figure><\/div><\/div>\n\n\n\n<div class=\"wp-block-column is-layout-flow wp-block-column-is-layout-flow\"><div class=\"wp-block-image\">\n<figure class=\"aligncenter\"><a href=\"https:\/\/cgh.com.pl\/fr\/cuves-gpl\/cuves-gpl-aeriennes\"><img decoding=\"async\" width=\"360\" height=\"240\" data-src=\"https:\/\/cgh.com.pl\/fr\/wp-content\/uploads\/2021\/05\/aboveground-lpg-tanks-4.jpg\" alt=\"Cuves GPL A\u00e9riennes\" class=\"wp-image-1494 img-fluid lazyload\" data-srcset=\"https:\/\/cgh.com.pl\/fr\/wp-content\/uploads\/2021\/05\/aboveground-lpg-tanks-4.jpg 360w, https:\/\/cgh.com.pl\/fr\/wp-content\/uploads\/2021\/05\/aboveground-lpg-tanks-4-300x200.jpg 300w\" data-sizes=\"(max-width: 360px) 100vw, 360px\" src=\"data:image\/svg+xml;base64,PHN2ZyB3aWR0aD0iMSIgaGVpZ2h0PSIxIiB4bWxucz0iaHR0cDovL3d3dy53My5vcmcvMjAwMC9zdmciPjwvc3ZnPg==\" style=\"--smush-placeholder-width: 360px; --smush-placeholder-aspect-ratio: 360\/240;\" \/><\/a><figcaption class=\"wp-element-caption\"><a href=\"https:\/\/cgh.com.pl\/fr\/cuves-gpl\/cuves-gpl-aeriennes\">Cuves GPL A\u00e9riennes<\/a><\/figcaption><\/figure><\/div><\/div>\n\n\n\n<div class=\"wp-block-column is-layout-flow wp-block-column-is-layout-flow\"><div class=\"wp-block-image\">\n<figure class=\"aligncenter size-full\"><a href=\"https:\/\/cgh.com.pl\/fr\/lpg-tanks\/lpg-modules\"><img decoding=\"async\" width=\"600\" height=\"400\" data-src=\"https:\/\/cgh.com.pl\/fr\/wp-content\/uploads\/2021\/05\/LPG-module.jpg\" alt=\"LPG tanks\" class=\"wp-image-1503 img-fluid lazyload\" data-srcset=\"https:\/\/cgh.com.pl\/fr\/wp-content\/uploads\/2021\/05\/LPG-module.jpg 600w, https:\/\/cgh.com.pl\/fr\/wp-content\/uploads\/2021\/05\/LPG-module-300x200.jpg 300w\" data-sizes=\"(max-width: 600px) 100vw, 600px\" src=\"data:image\/svg+xml;base64,PHN2ZyB3aWR0aD0iMSIgaGVpZ2h0PSIxIiB4bWxucz0iaHR0cDovL3d3dy53My5vcmcvMjAwMC9zdmciPjwvc3ZnPg==\" style=\"--smush-placeholder-width: 600px; --smush-placeholder-aspect-ratio: 600\/400;\" \/><\/a><figcaption class=\"wp-element-caption\"><a href=\"https:\/\/cgh.com.pl\/fr\/reservoirs-de-gpl\/module-gpl-souterrain\">Module GPL souterrain<\/a><\/figcaption><\/figure><\/div><\/div>\n\n\n\n<div class=\"wp-block-column is-layout-flow wp-block-column-is-layout-flow\"><div class=\"wp-block-image\">\n<figure class=\"aligncenter\"><a href=\"https:\/\/cgh.com.pl\/fr\/lpg-tanks\/lpg-pipes\"><img decoding=\"async\" width=\"360\" height=\"240\" data-src=\"https:\/\/cgh.com.pl\/fr\/wp-content\/uploads\/2021\/05\/lpg-flex-pipes.jpg\" alt=\"\" class=\"wp-image-1496 img-fluid lazyload\" data-srcset=\"https:\/\/cgh.com.pl\/fr\/wp-content\/uploads\/2021\/05\/lpg-flex-pipes.jpg 360w, https:\/\/cgh.com.pl\/fr\/wp-content\/uploads\/2021\/05\/lpg-flex-pipes-300x200.jpg 300w\" data-sizes=\"(max-width: 360px) 100vw, 360px\" src=\"data:image\/svg+xml;base64,PHN2ZyB3aWR0aD0iMSIgaGVpZ2h0PSIxIiB4bWxucz0iaHR0cDovL3d3dy53My5vcmcvMjAwMC9zdmciPjwvc3ZnPg==\" style=\"--smush-placeholder-width: 360px; --smush-placeholder-aspect-ratio: 360\/240;\" \/><\/a><figcaption class=\"wp-element-caption\"><a href=\"https:\/\/cgh.com.pl\/fr\/reservoirs-de-gpl\/conduites-gpl\">Conduites GPL<\/a><\/figcaption><\/figure><\/div><\/div>\n<\/div>\n\n\n\n<div class=\"wp-block-columns has-4-columns is-layout-flex wp-container-core-columns-is-layout-9d6595d7 wp-block-columns-is-layout-flex\">\n<div class=\"wp-block-column is-layout-flow wp-block-column-is-layout-flow\"><div class=\"wp-block-image\">\n<figure class=\"aligncenter\"><a href=\"https:\/\/cgh.com.pl\/fr\/accesories\/lpg-sumps\/lpg-sumps\"><img decoding=\"async\" width=\"360\" height=\"240\" data-src=\"https:\/\/cgh.com.pl\/fr\/wp-content\/uploads\/2021\/05\/lpg_sump.jpg\" alt=\"LPG tanks - LPG sumps\" class=\"wp-image-1495 img-fluid lazyload\" data-srcset=\"https:\/\/cgh.com.pl\/fr\/wp-content\/uploads\/2021\/05\/lpg_sump.jpg 360w, https:\/\/cgh.com.pl\/fr\/wp-content\/uploads\/2021\/05\/lpg_sump-300x200.jpg 300w\" data-sizes=\"(max-width: 360px) 100vw, 360px\" src=\"data:image\/svg+xml;base64,PHN2ZyB3aWR0aD0iMSIgaGVpZ2h0PSIxIiB4bWxucz0iaHR0cDovL3d3dy53My5vcmcvMjAwMC9zdmciPjwvc3ZnPg==\" style=\"--smush-placeholder-width: 360px; --smush-placeholder-aspect-ratio: 360\/240;\" \/><\/a><figcaption class=\"wp-element-caption\"><a href=\"https:\/\/cgh.com.pl\/fr\/accesories\/lpg-sumps\/lpg-sumps\">LPG sumps<\/a><\/figcaption><\/figure><\/div><\/div>\n\n\n\n<div class=\"wp-block-column is-layout-flow wp-block-column-is-layout-flow\"><\/div>\n\n\n\n<div class=\"wp-block-column is-layout-flow wp-block-column-is-layout-flow\"><\/div>\n\n\n\n<div class=\"wp-block-column is-layout-flow wp-block-column-is-layout-flow\"><\/div>\n<\/div>\n","protected":false},"excerpt":{"rendered":"<p>Les r\u00e9servoirs de stockage de GPL sont fabriqu\u00e9s en version souterraine, enterr\u00e9e et HORS SOL, avec des capacit\u00e9s allant de 9,1 m3 \u00e0 250 m3. Les r\u00e9servoirs GPL sont fabriqu\u00e9s en acier au carbone. Ils r\u00e9pondent aux exigences de s\u00e9curit\u00e9 pour le stockage du propane, du butane et des m\u00e9langes de ces gaz. agr\u00e9ments en [&hellip;]?<\/p>\n","protected":false},"author":1,"featured_media":0,"parent":0,"menu_order":0,"comment_status":"closed","ping_status":"closed","template":"page-products.php","meta":{"_acf_changed":false,"footnotes":""},"class_list":["post-15","page","type-page","status-publish","hentry"],"acf":[],"yoast_head":"<!-- This site is optimized with the Yoast SEO plugin v26.1.1 - https:\/\/yoast.com\/wordpress\/plugins\/seo\/ -->\n<title>R\u00e9servoirs de GPL - CGH Group Sp. z o.o.<\/title>\n<meta name=\"robots\" content=\"index, follow, max-snippet:-1, max-image-preview:large, max-video-preview:-1\" \/>\n<link rel=\"canonical\" href=\"https:\/\/cgh.com.pl\/fr\/reservoirs-de-gpl\" \/>\n<meta property=\"og:locale\" content=\"fr_FR\" \/>\n<meta property=\"og:type\" content=\"article\" \/>\n<meta property=\"og:title\" content=\"R\u00e9servoirs de GPL - CGH Group Sp. z o.o.\" \/>\n<meta property=\"og:description\" content=\"Les r\u00e9servoirs de stockage de GPL sont fabriqu\u00e9s en version souterraine, enterr\u00e9e et HORS SOL, avec des capacit\u00e9s allant de 9,1 m3 \u00e0 250 m3. Les r\u00e9servoirs GPL sont fabriqu\u00e9s en acier au carbone. Ils r\u00e9pondent aux exigences de s\u00e9curit\u00e9 pour le stockage du propane, du butane et des m\u00e9langes de ces gaz. agr\u00e9ments en [&hellip;]?\" \/>\n<meta property=\"og:url\" content=\"https:\/\/cgh.com.pl\/fr\/reservoirs-de-gpl\" \/>\n<meta property=\"og:site_name\" content=\"CGH Group Sp. z o.o.\" \/>\n<meta property=\"article:modified_time\" content=\"2023-10-02T21:45:03+00:00\" \/>\n<meta property=\"og:image\" content=\"https:\/\/cgh.com.pl\/fr\/wp-content\/uploads\/2021\/05\/lpg-tanks-2.jpg\" \/>\n<meta name=\"twitter:card\" content=\"summary_large_image\" \/>\n<meta name=\"twitter:label1\" content=\"Dur\u00e9e de lecture estim\u00e9e\" \/>\n\t<meta name=\"twitter:data1\" content=\"3 minutes\" \/>\n<script type=\"application\/ld+json\" class=\"yoast-schema-graph\">{\"@context\":\"https:\/\/schema.org\",\"@graph\":[{\"@type\":\"WebPage\",\"@id\":\"https:\/\/cgh.com.pl\/fr\/reservoirs-de-gpl\",\"url\":\"https:\/\/cgh.com.pl\/fr\/reservoirs-de-gpl\",\"name\":\"R\u00e9servoirs de GPL - CGH Group Sp. z o.o.\",\"isPartOf\":{\"@id\":\"https:\/\/cgh.com.pl\/fr\/#website\"},\"primaryImageOfPage\":{\"@id\":\"https:\/\/cgh.com.pl\/fr\/reservoirs-de-gpl#primaryimage\"},\"image\":{\"@id\":\"https:\/\/cgh.com.pl\/fr\/reservoirs-de-gpl#primaryimage\"},\"thumbnailUrl\":\"https:\/\/cgh.com.pl\/fr\/wp-content\/uploads\/2021\/05\/lpg-tanks-2.jpg\",\"datePublished\":\"2020-11-24T21:58:00+00:00\",\"dateModified\":\"2023-10-02T21:45:03+00:00\",\"breadcrumb\":{\"@id\":\"https:\/\/cgh.com.pl\/fr\/reservoirs-de-gpl#breadcrumb\"},\"inLanguage\":\"fr-FR\",\"potentialAction\":[{\"@type\":\"ReadAction\",\"target\":[\"https:\/\/cgh.com.pl\/fr\/reservoirs-de-gpl\"]}]},{\"@type\":\"ImageObject\",\"inLanguage\":\"fr-FR\",\"@id\":\"https:\/\/cgh.com.pl\/fr\/reservoirs-de-gpl#primaryimage\",\"url\":\"https:\/\/cgh.com.pl\/fr\/wp-content\/uploads\/2021\/05\/lpg-tanks-2.jpg\",\"contentUrl\":\"https:\/\/cgh.com.pl\/fr\/wp-content\/uploads\/2021\/05\/lpg-tanks-2.jpg\",\"width\":600,\"height\":400,\"caption\":\"LPG tanks\"},{\"@type\":\"BreadcrumbList\",\"@id\":\"https:\/\/cgh.com.pl\/fr\/reservoirs-de-gpl#breadcrumb\",\"itemListElement\":[{\"@type\":\"ListItem\",\"position\":1,\"name\":\"Strona g\u0142\u00f3wna\",\"item\":\"https:\/\/cgh.com.pl\/fr\/\"},{\"@type\":\"ListItem\",\"position\":2,\"name\":\"R\u00e9servoirs de GPL\"}]},{\"@type\":\"WebSite\",\"@id\":\"https:\/\/cgh.com.pl\/fr\/#website\",\"url\":\"https:\/\/cgh.com.pl\/fr\/\",\"name\":\"CGH Group Sp. z o.o.\",\"description\":\"\",\"publisher\":{\"@id\":\"https:\/\/cgh.com.pl\/fr\/#organization\"},\"potentialAction\":[{\"@type\":\"SearchAction\",\"target\":{\"@type\":\"EntryPoint\",\"urlTemplate\":\"https:\/\/cgh.com.pl\/fr\/?s={search_term_string}\"},\"query-input\":{\"@type\":\"PropertyValueSpecification\",\"valueRequired\":true,\"valueName\":\"search_term_string\"}}],\"inLanguage\":\"fr-FR\"},{\"@type\":\"Organization\",\"@id\":\"https:\/\/cgh.com.pl\/fr\/#organization\",\"name\":\"CGH Group Sp. z o.o.\",\"url\":\"https:\/\/cgh.com.pl\/fr\/\",\"logo\":{\"@type\":\"ImageObject\",\"inLanguage\":\"fr-FR\",\"@id\":\"https:\/\/cgh.com.pl\/fr\/#\/schema\/logo\/image\/\",\"url\":\"https:\/\/cgh.com.pl\/fr\/wp-content\/uploads\/2023\/05\/logoCGH.png\",\"contentUrl\":\"https:\/\/cgh.com.pl\/fr\/wp-content\/uploads\/2023\/05\/logoCGH.png\",\"width\":449,\"height\":162,\"caption\":\"CGH Group Sp. z o.o.\"},\"image\":{\"@id\":\"https:\/\/cgh.com.pl\/fr\/#\/schema\/logo\/image\/\"}}]}<\/script>\n<!-- \/ Yoast SEO plugin. -->","yoast_head_json":{"title":"R\u00e9servoirs de GPL - CGH Group Sp. z o.o.","robots":{"index":"index","follow":"follow","max-snippet":"max-snippet:-1","max-image-preview":"max-image-preview:large","max-video-preview":"max-video-preview:-1"},"canonical":"https:\/\/cgh.com.pl\/fr\/reservoirs-de-gpl","og_locale":"fr_FR","og_type":"article","og_title":"R\u00e9servoirs de GPL - CGH Group Sp. z o.o.","og_description":"Les r\u00e9servoirs de stockage de GPL sont fabriqu\u00e9s en version souterraine, enterr\u00e9e et HORS SOL, avec des capacit\u00e9s allant de 9,1 m3 \u00e0 250 m3. Les r\u00e9servoirs GPL sont fabriqu\u00e9s en acier au carbone. Ils r\u00e9pondent aux exigences de s\u00e9curit\u00e9 pour le stockage du propane, du butane et des m\u00e9langes de ces gaz. agr\u00e9ments en [&hellip;]?","og_url":"https:\/\/cgh.com.pl\/fr\/reservoirs-de-gpl","og_site_name":"CGH Group Sp. z o.o.","article_modified_time":"2023-10-02T21:45:03+00:00","og_image":[{"url":"https:\/\/cgh.com.pl\/fr\/wp-content\/uploads\/2021\/05\/lpg-tanks-2.jpg","type":"","width":"","height":""}],"twitter_card":"summary_large_image","twitter_misc":{"Dur\u00e9e de lecture estim\u00e9e":"3 minutes"},"schema":{"@context":"https:\/\/schema.org","@graph":[{"@type":"WebPage","@id":"https:\/\/cgh.com.pl\/fr\/reservoirs-de-gpl","url":"https:\/\/cgh.com.pl\/fr\/reservoirs-de-gpl","name":"R\u00e9servoirs de GPL - CGH Group Sp. z o.o.","isPartOf":{"@id":"https:\/\/cgh.com.pl\/fr\/#website"},"primaryImageOfPage":{"@id":"https:\/\/cgh.com.pl\/fr\/reservoirs-de-gpl#primaryimage"},"image":{"@id":"https:\/\/cgh.com.pl\/fr\/reservoirs-de-gpl#primaryimage"},"thumbnailUrl":"https:\/\/cgh.com.pl\/fr\/wp-content\/uploads\/2021\/05\/lpg-tanks-2.jpg","datePublished":"2020-11-24T21:58:00+00:00","dateModified":"2023-10-02T21:45:03+00:00","breadcrumb":{"@id":"https:\/\/cgh.com.pl\/fr\/reservoirs-de-gpl#breadcrumb"},"inLanguage":"fr-FR","potentialAction":[{"@type":"ReadAction","target":["https:\/\/cgh.com.pl\/fr\/reservoirs-de-gpl"]}]},{"@type":"ImageObject","inLanguage":"fr-FR","@id":"https:\/\/cgh.com.pl\/fr\/reservoirs-de-gpl#primaryimage","url":"https:\/\/cgh.com.pl\/fr\/wp-content\/uploads\/2021\/05\/lpg-tanks-2.jpg","contentUrl":"https:\/\/cgh.com.pl\/fr\/wp-content\/uploads\/2021\/05\/lpg-tanks-2.jpg","width":600,"height":400,"caption":"LPG tanks"},{"@type":"BreadcrumbList","@id":"https:\/\/cgh.com.pl\/fr\/reservoirs-de-gpl#breadcrumb","itemListElement":[{"@type":"ListItem","position":1,"name":"Strona g\u0142\u00f3wna","item":"https:\/\/cgh.com.pl\/fr\/"},{"@type":"ListItem","position":2,"name":"R\u00e9servoirs de GPL"}]},{"@type":"WebSite","@id":"https:\/\/cgh.com.pl\/fr\/#website","url":"https:\/\/cgh.com.pl\/fr\/","name":"CGH Group Sp. z o.o.","description":"","publisher":{"@id":"https:\/\/cgh.com.pl\/fr\/#organization"},"potentialAction":[{"@type":"SearchAction","target":{"@type":"EntryPoint","urlTemplate":"https:\/\/cgh.com.pl\/fr\/?s={search_term_string}"},"query-input":{"@type":"PropertyValueSpecification","valueRequired":true,"valueName":"search_term_string"}}],"inLanguage":"fr-FR"},{"@type":"Organization","@id":"https:\/\/cgh.com.pl\/fr\/#organization","name":"CGH Group Sp. z o.o.","url":"https:\/\/cgh.com.pl\/fr\/","logo":{"@type":"ImageObject","inLanguage":"fr-FR","@id":"https:\/\/cgh.com.pl\/fr\/#\/schema\/logo\/image\/","url":"https:\/\/cgh.com.pl\/fr\/wp-content\/uploads\/2023\/05\/logoCGH.png","contentUrl":"https:\/\/cgh.com.pl\/fr\/wp-content\/uploads\/2023\/05\/logoCGH.png","width":449,"height":162,"caption":"CGH Group Sp. z o.o."},"image":{"@id":"https:\/\/cgh.com.pl\/fr\/#\/schema\/logo\/image\/"}}]}},"_links":{"self":[{"href":"https:\/\/cgh.com.pl\/fr\/wp-json\/wp\/v2\/pages\/15","targetHints":{"allow":["GET"]}}],"collection":[{"href":"https:\/\/cgh.com.pl\/fr\/wp-json\/wp\/v2\/pages"}],"about":[{"href":"https:\/\/cgh.com.pl\/fr\/wp-json\/wp\/v2\/types\/page"}],"author":[{"embeddable":true,"href":"https:\/\/cgh.com.pl\/fr\/wp-json\/wp\/v2\/users\/1"}],"replies":[{"embeddable":true,"href":"https:\/\/cgh.com.pl\/fr\/wp-json\/wp\/v2\/comments?post=15"}],"version-history":[{"count":18,"href":"https:\/\/cgh.com.pl\/fr\/wp-json\/wp\/v2\/pages\/15\/revisions"}],"predecessor-version":[{"id":4719,"href":"https:\/\/cgh.com.pl\/fr\/wp-json\/wp\/v2\/pages\/15\/revisions\/4719"}],"wp:attachment":[{"href":"https:\/\/cgh.com.pl\/fr\/wp-json\/wp\/v2\/media?parent=15"}],"curies":[{"name":"wp","href":"https:\/\/api.w.org\/{rel}","templated":true}]}}