{"id":151,"date":"2020-12-02T17:22:48","date_gmt":"2020-12-02T16:22:48","guid":{"rendered":"https:\/\/cgh.com.pl\/fr\/?page_id=151"},"modified":"2026-03-10T12:47:43","modified_gmt":"2026-03-10T11:47:43","slug":"stations-service-compactes","status":"publish","type":"page","link":"https:\/\/cgh.com.pl\/fr\/reservoirs-de-carburant-reservoirs-de-liquides-inflammables\/stations-service-compactes","title":{"rendered":"Stations-service compactes"},"content":{"rendered":"\n<h4 class=\"wp-block-heading\" id=\"wstepnie-zmontowane-i-konfigurowalne\" style=\"font-size:15px\">Pr\u00e9-assembl\u00e9s et configurables<\/h4>\n\n\n\n<div class=\"wp-block-columns has-2-columns is-layout-flex wp-container-core-columns-is-layout-9d6595d7 wp-block-columns-is-layout-flex\">\n<div class=\"wp-block-column is-layout-flow wp-block-column-is-layout-flow\">\n<p>Les stations-service compactes sont la r\u00e9ponse de CGH \u00e0 la demande de stations-service simples \u00e0 construire et garantissant une mise en service rapide. Elles sont utilis\u00e9es dans le monde entier. Elles desservent aussi bien les routes que les agglom\u00e9rations car elles ont \u00e9t\u00e9 adapt\u00e9es aux besoins des petites parcelles urbaines.<\/p>\n\n\n<div class=\"wp-block-image\">\n<figure class=\"aligncenter\"><img decoding=\"async\" width=\"344\" height=\"172\" data-src=\"https:\/\/cgh.com.pl\/fr\/wp-content\/uploads\/2021\/05\/Compact-stations-drawing.jpg\" alt=\"Compact stations\" class=\"wp-image-1455 img-fluid lazyload\" data-srcset=\"https:\/\/cgh.com.pl\/fr\/wp-content\/uploads\/2021\/05\/Compact-stations-drawing.jpg 344w, https:\/\/cgh.com.pl\/fr\/wp-content\/uploads\/2021\/05\/Compact-stations-drawing-300x150.jpg 300w\" data-sizes=\"(max-width: 344px) 100vw, 344px\" src=\"data:image\/svg+xml;base64,PHN2ZyB3aWR0aD0iMSIgaGVpZ2h0PSIxIiB4bWxucz0iaHR0cDovL3d3dy53My5vcmcvMjAwMC9zdmciPjwvc3ZnPg==\" style=\"--smush-placeholder-width: 344px; --smush-placeholder-aspect-ratio: 344\/172;\" \/><\/figure><\/div><\/div>\n\n\n\n<div class=\"wp-block-column is-layout-flow wp-block-column-is-layout-flow\">\n<p>La capacit\u00e9 de stockage de carburant de 30 \u00e0 120 m\u00b3 est obtenue \u00e0 partir d&rsquo;un seul r\u00e9servoir ou de deux r\u00e9servoirs, install\u00e9s c\u00f4te \u00e0 c\u00f4te dans une fosse. Les r\u00e9servoirs sont toujours \u00e0 double paroi et \u00e0 chambres multiples pour accueillir 3 \u00e0 4 qualit\u00e9s de carburant diff\u00e9rentes. Les r\u00e9servoirs sont conformes \u00e0 la norme EN 12285-1.<br>Stations-service compactes<br>Le canal de montage central, soud\u00e9 au r\u00e9servoir et prot\u00e9g\u00e9 de l\u2019ext\u00e9rieur par un rev\u00eatement PUR, comprend la tuyauterie et tous les composants de la station, y compris les couvercles de trou d&rsquo;homme, les cadres de montage des distributeurs et un puisard central pour le carburant.<br>Il est possible d&rsquo;int\u00e9grer un collecteur pour changer le type de carburant pour chaque distributeur \u00e0 l&rsquo;avenir.<br>Le r\u00e9servoir est mont\u00e9 sur un \u226aspeed chassis\u226b fondation rapide int\u00e9gr\u00e9 dans lA STRUCTURE sur lAquelLE repose l\u2019abri de station-service.<br>LA STRUCTURE est con\u00e7uE pour SUPPORTER la r\u00e9action des colonnes de l\u2019abri sans transf\u00e9rer les forces au r\u00e9servoir.<br>La version \u00e0 deux r\u00e9servoirs de la station-service compacte est dot\u00e9e d&rsquo;unE STRUCTURE qui facilite le positionnement correct et rapide des r\u00e9servoirs principaux et auxiliaires dans l&rsquo;excavation.<br>Tous les tuyaux n\u00e9cessaires \u00e0 l&rsquo;installation sur site, ainsi que les tuyaux d&rsquo;a\u00e9ration, les couvercles de trou d&rsquo;homme et autres accessoires sont correctement pr\u00e9par\u00e9s et fournis par le fabricant<\/p>\n<\/div>\n<\/div>\n\n\n\n<div class=\"photos large\">\n<div class=\"first-zoom-photo\">\n<p style=\"text-align: center; font-size: 10px; margin-bottom:0;\"><img decoding=\"async\" data-src=\"https:\/\/cgh.com.pl\/fr\/wp-content\/uploads\/2021\/05\/Compact-stations.jpg\" src=\"data:image\/svg+xml;base64,PHN2ZyB3aWR0aD0iMSIgaGVpZ2h0PSIxIiB4bWxucz0iaHR0cDovL3d3dy53My5vcmcvMjAwMC9zdmciPjwvc3ZnPg==\" class=\"lazyload\" style=\"--smush-placeholder-width: 600px; --smush-placeholder-aspect-ratio: 600\/400;\"><\/p>\n\n<div><\/div>\n<\/div>\n<div>\n<p style=\"text-align: center; font-size: 10px; margin-bottom:0;\"><img decoding=\"async\" data-src=\"https:\/\/cgh.com.pl\/fr\/wp-content\/uploads\/2021\/05\/Compact-stations-1.jpg\" src=\"data:image\/svg+xml;base64,PHN2ZyB3aWR0aD0iMSIgaGVpZ2h0PSIxIiB4bWxucz0iaHR0cDovL3d3dy53My5vcmcvMjAwMC9zdmciPjwvc3ZnPg==\" class=\"lazyload\" style=\"--smush-placeholder-width: 600px; --smush-placeholder-aspect-ratio: 600\/400;\"><\/p>\n\n<div><\/div>\n<\/div>\n\n<div class=\"pair\">\n<p style=\"text-align: center; font-size: 10px; margin-bottom:0;\"><img decoding=\"async\" data-src=\"https:\/\/cgh.com.pl\/fr\/wp-content\/uploads\/2021\/05\/Compact-stations-2.jpg\" src=\"data:image\/svg+xml;base64,PHN2ZyB3aWR0aD0iMSIgaGVpZ2h0PSIxIiB4bWxucz0iaHR0cDovL3d3dy53My5vcmcvMjAwMC9zdmciPjwvc3ZnPg==\" class=\"lazyload\" style=\"--smush-placeholder-width: 600px; --smush-placeholder-aspect-ratio: 600\/400;\"><\/p>\n\n<div><\/div>\n<div><\/div>\n<\/div>\n<\/div>\n\n\n\n<div class=\"photos large\">\n<div class=\"first-zoom-photo\">\n<p style=\"text-align: center; font-size: 10px; margin-bottom:0;\"><img decoding=\"async\" data-src=\"https:\/\/cgh.com.pl\/fr\/wp-content\/uploads\/2021\/05\/Compact-stations-3.jpg\" src=\"data:image\/svg+xml;base64,PHN2ZyB3aWR0aD0iMSIgaGVpZ2h0PSIxIiB4bWxucz0iaHR0cDovL3d3dy53My5vcmcvMjAwMC9zdmciPjwvc3ZnPg==\" class=\"lazyload\" style=\"--smush-placeholder-width: 600px; --smush-placeholder-aspect-ratio: 600\/400;\"><\/p>\n\n<div><\/div>\n<\/div>\n<div>\n\n\n<div><\/div>\n<\/div>\n\n<div class=\"pair\">\n\n\n<div><\/div>\n<div><\/div>\n<\/div>\n<\/div>\n","protected":false},"excerpt":{"rendered":"<p>Pr\u00e9-assembl\u00e9s et configurables Les stations-service compactes sont la r\u00e9ponse de CGH \u00e0 la demande de stations-service simples \u00e0 construire et garantissant une mise en service rapide. Elles sont utilis\u00e9es dans le monde entier. Elles desservent aussi bien les routes que les agglom\u00e9rations car elles ont \u00e9t\u00e9 adapt\u00e9es aux besoins des petites parcelles urbaines. La capacit\u00e9 [&hellip;]?<\/p>\n","protected":false},"author":1,"featured_media":0,"parent":13,"menu_order":0,"comment_status":"closed","ping_status":"closed","template":"page-products-with-second-menu.php","meta":{"_acf_changed":false,"footnotes":""},"class_list":["post-151","page","type-page","status-publish","hentry"],"acf":[],"yoast_head":"<!-- This site is optimized with the Yoast SEO plugin v26.1.1 - https:\/\/yoast.com\/wordpress\/plugins\/seo\/ -->\n<title>Stations-service compactes - CGH Group Sp. z o.o.<\/title>\n<meta name=\"robots\" content=\"index, follow, max-snippet:-1, max-image-preview:large, max-video-preview:-1\" \/>\n<link rel=\"canonical\" href=\"https:\/\/cgh.com.pl\/fr\/reservoirs-de-carburant-reservoirs-de-liquides-inflammables\/stations-service-compactes\" \/>\n<meta property=\"og:locale\" content=\"fr_FR\" \/>\n<meta property=\"og:type\" content=\"article\" \/>\n<meta property=\"og:title\" content=\"Stations-service compactes - CGH Group Sp. z o.o.\" \/>\n<meta property=\"og:description\" content=\"Pr\u00e9-assembl\u00e9s et configurables Les stations-service compactes sont la r\u00e9ponse de CGH \u00e0 la demande de stations-service simples \u00e0 construire et garantissant une mise en service rapide. Elles sont utilis\u00e9es dans le monde entier. Elles desservent aussi bien les routes que les agglom\u00e9rations car elles ont \u00e9t\u00e9 adapt\u00e9es aux besoins des petites parcelles urbaines. La capacit\u00e9 [&hellip;]?\" \/>\n<meta property=\"og:url\" content=\"https:\/\/cgh.com.pl\/fr\/reservoirs-de-carburant-reservoirs-de-liquides-inflammables\/stations-service-compactes\" \/>\n<meta property=\"og:site_name\" content=\"CGH Group Sp. z o.o.\" \/>\n<meta property=\"article:modified_time\" content=\"2026-03-10T11:47:43+00:00\" \/>\n<meta property=\"og:image\" content=\"https:\/\/cgh.com.pl\/fr\/wp-content\/uploads\/2021\/05\/Compact-stations-drawing.jpg\" \/>\n\t<meta property=\"og:image:width\" content=\"344\" \/>\n\t<meta property=\"og:image:height\" content=\"172\" \/>\n\t<meta property=\"og:image:type\" content=\"image\/jpeg\" \/>\n<meta name=\"twitter:card\" content=\"summary_large_image\" \/>\n<meta name=\"twitter:label1\" content=\"Dur\u00e9e de lecture estim\u00e9e\" \/>\n\t<meta name=\"twitter:data1\" content=\"3 minutes\" \/>\n<script type=\"application\/ld+json\" class=\"yoast-schema-graph\">{\"@context\":\"https:\/\/schema.org\",\"@graph\":[{\"@type\":\"WebPage\",\"@id\":\"https:\/\/cgh.com.pl\/fr\/reservoirs-de-carburant-reservoirs-de-liquides-inflammables\/stations-service-compactes\",\"url\":\"https:\/\/cgh.com.pl\/fr\/reservoirs-de-carburant-reservoirs-de-liquides-inflammables\/stations-service-compactes\",\"name\":\"Stations-service compactes - CGH Group Sp. z o.o.\",\"isPartOf\":{\"@id\":\"https:\/\/cgh.com.pl\/fr\/#website\"},\"primaryImageOfPage\":{\"@id\":\"https:\/\/cgh.com.pl\/fr\/reservoirs-de-carburant-reservoirs-de-liquides-inflammables\/stations-service-compactes#primaryimage\"},\"image\":{\"@id\":\"https:\/\/cgh.com.pl\/fr\/reservoirs-de-carburant-reservoirs-de-liquides-inflammables\/stations-service-compactes#primaryimage\"},\"thumbnailUrl\":\"https:\/\/cgh.com.pl\/fr\/wp-content\/uploads\/2021\/05\/Compact-stations-drawing.jpg\",\"datePublished\":\"2020-12-02T16:22:48+00:00\",\"dateModified\":\"2026-03-10T11:47:43+00:00\",\"breadcrumb\":{\"@id\":\"https:\/\/cgh.com.pl\/fr\/reservoirs-de-carburant-reservoirs-de-liquides-inflammables\/stations-service-compactes#breadcrumb\"},\"inLanguage\":\"fr-FR\",\"potentialAction\":[{\"@type\":\"ReadAction\",\"target\":[\"https:\/\/cgh.com.pl\/fr\/reservoirs-de-carburant-reservoirs-de-liquides-inflammables\/stations-service-compactes\"]}]},{\"@type\":\"ImageObject\",\"inLanguage\":\"fr-FR\",\"@id\":\"https:\/\/cgh.com.pl\/fr\/reservoirs-de-carburant-reservoirs-de-liquides-inflammables\/stations-service-compactes#primaryimage\",\"url\":\"https:\/\/cgh.com.pl\/fr\/wp-content\/uploads\/2021\/05\/Compact-stations-drawing.jpg\",\"contentUrl\":\"https:\/\/cgh.com.pl\/fr\/wp-content\/uploads\/2021\/05\/Compact-stations-drawing.jpg\",\"width\":344,\"height\":172,\"caption\":\"Compact stations - drawing\"},{\"@type\":\"BreadcrumbList\",\"@id\":\"https:\/\/cgh.com.pl\/fr\/reservoirs-de-carburant-reservoirs-de-liquides-inflammables\/stations-service-compactes#breadcrumb\",\"itemListElement\":[{\"@type\":\"ListItem\",\"position\":1,\"name\":\"Strona g\u0142\u00f3wna\",\"item\":\"https:\/\/cgh.com.pl\/fr\/\"},{\"@type\":\"ListItem\",\"position\":2,\"name\":\"R\u00e9servoirs de carburant, r\u00e9servoirs de liquides inflammables\",\"item\":\"https:\/\/cgh.com.pl\/fr\/reservoirs-de-carburant-reservoirs-de-liquides-inflammables\"},{\"@type\":\"ListItem\",\"position\":3,\"name\":\"Stations-service compactes\"}]},{\"@type\":\"WebSite\",\"@id\":\"https:\/\/cgh.com.pl\/fr\/#website\",\"url\":\"https:\/\/cgh.com.pl\/fr\/\",\"name\":\"CGH Group Sp. z o.o.\",\"description\":\"\",\"publisher\":{\"@id\":\"https:\/\/cgh.com.pl\/fr\/#organization\"},\"potentialAction\":[{\"@type\":\"SearchAction\",\"target\":{\"@type\":\"EntryPoint\",\"urlTemplate\":\"https:\/\/cgh.com.pl\/fr\/?s={search_term_string}\"},\"query-input\":{\"@type\":\"PropertyValueSpecification\",\"valueRequired\":true,\"valueName\":\"search_term_string\"}}],\"inLanguage\":\"fr-FR\"},{\"@type\":\"Organization\",\"@id\":\"https:\/\/cgh.com.pl\/fr\/#organization\",\"name\":\"CGH Group Sp. z o.o.\",\"url\":\"https:\/\/cgh.com.pl\/fr\/\",\"logo\":{\"@type\":\"ImageObject\",\"inLanguage\":\"fr-FR\",\"@id\":\"https:\/\/cgh.com.pl\/fr\/#\/schema\/logo\/image\/\",\"url\":\"https:\/\/cgh.com.pl\/fr\/wp-content\/uploads\/2023\/05\/logoCGH.png\",\"contentUrl\":\"https:\/\/cgh.com.pl\/fr\/wp-content\/uploads\/2023\/05\/logoCGH.png\",\"width\":449,\"height\":162,\"caption\":\"CGH Group Sp. z o.o.\"},\"image\":{\"@id\":\"https:\/\/cgh.com.pl\/fr\/#\/schema\/logo\/image\/\"}}]}<\/script>\n<!-- \/ Yoast SEO plugin. -->","yoast_head_json":{"title":"Stations-service compactes - CGH Group Sp. z o.o.","robots":{"index":"index","follow":"follow","max-snippet":"max-snippet:-1","max-image-preview":"max-image-preview:large","max-video-preview":"max-video-preview:-1"},"canonical":"https:\/\/cgh.com.pl\/fr\/reservoirs-de-carburant-reservoirs-de-liquides-inflammables\/stations-service-compactes","og_locale":"fr_FR","og_type":"article","og_title":"Stations-service compactes - CGH Group Sp. z o.o.","og_description":"Pr\u00e9-assembl\u00e9s et configurables Les stations-service compactes sont la r\u00e9ponse de CGH \u00e0 la demande de stations-service simples \u00e0 construire et garantissant une mise en service rapide. Elles sont utilis\u00e9es dans le monde entier. Elles desservent aussi bien les routes que les agglom\u00e9rations car elles ont \u00e9t\u00e9 adapt\u00e9es aux besoins des petites parcelles urbaines. La capacit\u00e9 [&hellip;]?","og_url":"https:\/\/cgh.com.pl\/fr\/reservoirs-de-carburant-reservoirs-de-liquides-inflammables\/stations-service-compactes","og_site_name":"CGH Group Sp. z o.o.","article_modified_time":"2026-03-10T11:47:43+00:00","og_image":[{"width":344,"height":172,"url":"https:\/\/cgh.com.pl\/fr\/wp-content\/uploads\/2021\/05\/Compact-stations-drawing.jpg","type":"image\/jpeg"}],"twitter_card":"summary_large_image","twitter_misc":{"Dur\u00e9e de lecture estim\u00e9e":"3 minutes"},"schema":{"@context":"https:\/\/schema.org","@graph":[{"@type":"WebPage","@id":"https:\/\/cgh.com.pl\/fr\/reservoirs-de-carburant-reservoirs-de-liquides-inflammables\/stations-service-compactes","url":"https:\/\/cgh.com.pl\/fr\/reservoirs-de-carburant-reservoirs-de-liquides-inflammables\/stations-service-compactes","name":"Stations-service compactes - CGH Group Sp. z o.o.","isPartOf":{"@id":"https:\/\/cgh.com.pl\/fr\/#website"},"primaryImageOfPage":{"@id":"https:\/\/cgh.com.pl\/fr\/reservoirs-de-carburant-reservoirs-de-liquides-inflammables\/stations-service-compactes#primaryimage"},"image":{"@id":"https:\/\/cgh.com.pl\/fr\/reservoirs-de-carburant-reservoirs-de-liquides-inflammables\/stations-service-compactes#primaryimage"},"thumbnailUrl":"https:\/\/cgh.com.pl\/fr\/wp-content\/uploads\/2021\/05\/Compact-stations-drawing.jpg","datePublished":"2020-12-02T16:22:48+00:00","dateModified":"2026-03-10T11:47:43+00:00","breadcrumb":{"@id":"https:\/\/cgh.com.pl\/fr\/reservoirs-de-carburant-reservoirs-de-liquides-inflammables\/stations-service-compactes#breadcrumb"},"inLanguage":"fr-FR","potentialAction":[{"@type":"ReadAction","target":["https:\/\/cgh.com.pl\/fr\/reservoirs-de-carburant-reservoirs-de-liquides-inflammables\/stations-service-compactes"]}]},{"@type":"ImageObject","inLanguage":"fr-FR","@id":"https:\/\/cgh.com.pl\/fr\/reservoirs-de-carburant-reservoirs-de-liquides-inflammables\/stations-service-compactes#primaryimage","url":"https:\/\/cgh.com.pl\/fr\/wp-content\/uploads\/2021\/05\/Compact-stations-drawing.jpg","contentUrl":"https:\/\/cgh.com.pl\/fr\/wp-content\/uploads\/2021\/05\/Compact-stations-drawing.jpg","width":344,"height":172,"caption":"Compact stations - drawing"},{"@type":"BreadcrumbList","@id":"https:\/\/cgh.com.pl\/fr\/reservoirs-de-carburant-reservoirs-de-liquides-inflammables\/stations-service-compactes#breadcrumb","itemListElement":[{"@type":"ListItem","position":1,"name":"Strona g\u0142\u00f3wna","item":"https:\/\/cgh.com.pl\/fr\/"},{"@type":"ListItem","position":2,"name":"R\u00e9servoirs de carburant, r\u00e9servoirs de liquides inflammables","item":"https:\/\/cgh.com.pl\/fr\/reservoirs-de-carburant-reservoirs-de-liquides-inflammables"},{"@type":"ListItem","position":3,"name":"Stations-service compactes"}]},{"@type":"WebSite","@id":"https:\/\/cgh.com.pl\/fr\/#website","url":"https:\/\/cgh.com.pl\/fr\/","name":"CGH Group Sp. z o.o.","description":"","publisher":{"@id":"https:\/\/cgh.com.pl\/fr\/#organization"},"potentialAction":[{"@type":"SearchAction","target":{"@type":"EntryPoint","urlTemplate":"https:\/\/cgh.com.pl\/fr\/?s={search_term_string}"},"query-input":{"@type":"PropertyValueSpecification","valueRequired":true,"valueName":"search_term_string"}}],"inLanguage":"fr-FR"},{"@type":"Organization","@id":"https:\/\/cgh.com.pl\/fr\/#organization","name":"CGH Group Sp. z o.o.","url":"https:\/\/cgh.com.pl\/fr\/","logo":{"@type":"ImageObject","inLanguage":"fr-FR","@id":"https:\/\/cgh.com.pl\/fr\/#\/schema\/logo\/image\/","url":"https:\/\/cgh.com.pl\/fr\/wp-content\/uploads\/2023\/05\/logoCGH.png","contentUrl":"https:\/\/cgh.com.pl\/fr\/wp-content\/uploads\/2023\/05\/logoCGH.png","width":449,"height":162,"caption":"CGH Group Sp. z o.o."},"image":{"@id":"https:\/\/cgh.com.pl\/fr\/#\/schema\/logo\/image\/"}}]}},"_links":{"self":[{"href":"https:\/\/cgh.com.pl\/fr\/wp-json\/wp\/v2\/pages\/151","targetHints":{"allow":["GET"]}}],"collection":[{"href":"https:\/\/cgh.com.pl\/fr\/wp-json\/wp\/v2\/pages"}],"about":[{"href":"https:\/\/cgh.com.pl\/fr\/wp-json\/wp\/v2\/types\/page"}],"author":[{"embeddable":true,"href":"https:\/\/cgh.com.pl\/fr\/wp-json\/wp\/v2\/users\/1"}],"replies":[{"embeddable":true,"href":"https:\/\/cgh.com.pl\/fr\/wp-json\/wp\/v2\/comments?post=151"}],"version-history":[{"count":12,"href":"https:\/\/cgh.com.pl\/fr\/wp-json\/wp\/v2\/pages\/151\/revisions"}],"predecessor-version":[{"id":5279,"href":"https:\/\/cgh.com.pl\/fr\/wp-json\/wp\/v2\/pages\/151\/revisions\/5279"}],"up":[{"embeddable":true,"href":"https:\/\/cgh.com.pl\/fr\/wp-json\/wp\/v2\/pages\/13"}],"wp:attachment":[{"href":"https:\/\/cgh.com.pl\/fr\/wp-json\/wp\/v2\/media?parent=151"}],"curies":[{"name":"wp","href":"https:\/\/api.w.org\/{rel}","templated":true}]}}