{"id":159,"date":"2020-12-02T21:44:43","date_gmt":"2020-12-02T20:44:43","guid":{"rendered":"https:\/\/cgh.com.pl\/fr\/?page_id=159"},"modified":"2023-10-02T23:02:59","modified_gmt":"2023-10-02T21:02:59","slug":"reservoirs-de-carburant-daviation","status":"publish","type":"page","link":"https:\/\/cgh.com.pl\/fr\/reservoirs-de-carburant-reservoirs-de-liquides-inflammables\/reservoirs-de-carburant-daviation","title":{"rendered":"R\u00e9servoirs de carburant d&rsquo;aviation"},"content":{"rendered":"\n<p>Exemple de mise en \u0153uvre<\/p>\n\n\n\n<ul class=\"wp-block-list\">\n<li>Cuves a\u00e9riennes, cylindriques, \u00e0 double paroi et en acier S235<\/li>\n\n\n\n<li>Capacit\u00e9: 100 m<sup>3<\/sup>, diam\u00e8tre 2900 mm<\/li>\n\n\n\n<li>Liquide stock\u00e9: carburant aviation JET A1<\/li>\n\n\n\n<li>Norme: EN12285-2<\/li>\n\n\n\n<li>Pression op\u00e9rationnelle: basse pression, jusqu\u2019\u00e0 0,5 bar<\/li>\n\n\n\n<li>Temp\u00e9rature op\u00e9rationnelle: -20\u00b0C \/ +50\u00b0C<\/li>\n\n\n\n<li>Toute la tuyauterie est en acier 304.<br>Les cuves \u00e9quip\u00e9es de plates-formes et \u00e9chelles, toutes peintes en peinture de classe C4M.<br>Elles sont calorifug\u00e9es avec une \u00e9paisseur de 100 mm.<\/li>\n<\/ul>\n\n\n\n<div class=\"photos large\">\n<div class=\"first-zoom-photo\">\n<p style=\"text-align: center; font-size: 10px; margin-bottom: 0;\"><img decoding=\"async\" data-src=\"https:\/\/cgh.com.pl\/fr\/wp-content\/uploads\/2021\/05\/Aviation-fuel-tanks-1.jpg\" alt=\"Cuves pour stockage de carburant aviation\" src=\"data:image\/svg+xml;base64,PHN2ZyB3aWR0aD0iMSIgaGVpZ2h0PSIxIiB4bWxucz0iaHR0cDovL3d3dy53My5vcmcvMjAwMC9zdmciPjwvc3ZnPg==\" class=\"lazyload\" style=\"--smush-placeholder-width: 600px; --smush-placeholder-aspect-ratio: 600\/400;\"><\/p>\n\n<div><\/div>\n<\/div>\n<div>\n<p style=\"text-align: center; font-size: 10px; margin-bottom: 0;\"><img decoding=\"async\" data-src=\"https:\/\/cgh.com.pl\/fr\/wp-content\/uploads\/2021\/05\/Aviation-fuel-tanks-2.jpg\" alt=\"Cuves pour stockage de carburant aviation\" src=\"data:image\/svg+xml;base64,PHN2ZyB3aWR0aD0iMSIgaGVpZ2h0PSIxIiB4bWxucz0iaHR0cDovL3d3dy53My5vcmcvMjAwMC9zdmciPjwvc3ZnPg==\" class=\"lazyload\" style=\"--smush-placeholder-width: 600px; --smush-placeholder-aspect-ratio: 600\/400;\"><\/p>\n\n<div><\/div>\n<\/div>\n<div class=\"pair\">\n<p style=\"text-align: center; font-size: 10px; margin-bottom: 0;\"><img decoding=\"async\" data-src=\"https:\/\/cgh.com.pl\/fr\/wp-content\/uploads\/2021\/05\/Aviation-fuel-tanks-01.jpg\" alt=\"Cuves pour stockage de carburant aviation\" src=\"data:image\/svg+xml;base64,PHN2ZyB3aWR0aD0iMSIgaGVpZ2h0PSIxIiB4bWxucz0iaHR0cDovL3d3dy53My5vcmcvMjAwMC9zdmciPjwvc3ZnPg==\" class=\"lazyload\" style=\"--smush-placeholder-width: 600px; --smush-placeholder-aspect-ratio: 600\/400;\"><\/p>\n\n<div><\/div>\n<div><\/div>\n<\/div>\n<\/div>\n\n\n\n<div style=\"height:100px\" aria-hidden=\"true\" class=\"wp-block-spacer\"><\/div>\n\n\n\n<h3 class=\"wp-block-heading has-text-color\" id=\"zbiornik-na-jet-a1\" style=\"color:#2d4191;font-size:15px\">Cuve pour stockage de JET A1<\/h3>\n\n\n\n<ul class=\"wp-block-list\">\n<li>Cuve a\u00e9rienne, cylindrique, \u00e0 double paroi et en acier S235JR<\/li>\n\n\n\n<li>Capacit\u00e9: 30 m3, diam\u00e8tre 2500 mm, longueur 6800 mm, inclus l\u2019armoire avec pompe et accessoires<\/li>\n\n\n\n<li>Liquide stock\u00e9: JET A1, carburant aviation<\/li>\n\n\n\n<li>Norme: EN12285-2<\/li>\n\n\n\n<li>Pression op\u00e9rationnelle: atmosph\u00e9rique<\/li>\n\n\n\n<li>Temp\u00e9rature op\u00e9rationnelle: -20\u00b0C \/ +50\u00b0C<\/li>\n\n\n\n<li>La cuve est install\u00e9e sous une pente de 3% pour emmener l\u2019eau \u00e9ventuelle vers un point bas.<br>Elle est \u00e9quip\u00e9e d\u2019un tuyau d\u2019aspiration flottant.<br>La protection interne \u00e0 100% est obtenue avec un rev\u00e8tement d\u2019\u00e9poxy compatible au carburants aviation.<br>La grande armoire loge l\u2019installation de pompage et les composants de s\u00e9curit\u00e9.<\/li>\n<\/ul>\n\n\n\n<div class=\"photos large\">\n<div class=\"first-zoom-photo\">\n<p style=\"text-align: center; font-size: 10px; margin-bottom: 0;\"><img decoding=\"async\" data-src=\"https:\/\/cgh.com.pl\/fr\/wp-content\/uploads\/2021\/05\/JET-A1-tank.jpg\" src=\"data:image\/svg+xml;base64,PHN2ZyB3aWR0aD0iMSIgaGVpZ2h0PSIxIiB4bWxucz0iaHR0cDovL3d3dy53My5vcmcvMjAwMC9zdmciPjwvc3ZnPg==\" class=\"lazyload\" style=\"--smush-placeholder-width: 600px; --smush-placeholder-aspect-ratio: 600\/400;\"><\/p>\n\n<div><\/div>\n<\/div>\n<div>\n<p style=\"text-align: center; font-size: 10px; margin-bottom: 0;\"><img decoding=\"async\" data-src=\"https:\/\/cgh.com.pl\/fr\/wp-content\/uploads\/2021\/05\/JET-A1-tank-1.jpg\" src=\"data:image\/svg+xml;base64,PHN2ZyB3aWR0aD0iMSIgaGVpZ2h0PSIxIiB4bWxucz0iaHR0cDovL3d3dy53My5vcmcvMjAwMC9zdmciPjwvc3ZnPg==\" class=\"lazyload\" style=\"--smush-placeholder-width: 600px; --smush-placeholder-aspect-ratio: 600\/400;\"><\/p>\n\n<div><\/div>\n<\/div>\n<div class=\"pair\">\n<p style=\"text-align: center; font-size: 10px; margin-bottom: 0;\"><img decoding=\"async\" data-src=\"https:\/\/cgh.com.pl\/fr\/wp-content\/uploads\/2021\/05\/JET-A1-tank-2.jpg\" src=\"data:image\/svg+xml;base64,PHN2ZyB3aWR0aD0iMSIgaGVpZ2h0PSIxIiB4bWxucz0iaHR0cDovL3d3dy53My5vcmcvMjAwMC9zdmciPjwvc3ZnPg==\" class=\"lazyload\" style=\"--smush-placeholder-width: 600px; --smush-placeholder-aspect-ratio: 600\/400;\"><\/p>\n\n<div><\/div>\n<div><\/div>\n<\/div>\n<\/div>\n\n\n\n<div style=\"height:100px\" aria-hidden=\"true\" class=\"wp-block-spacer\"><\/div>\n\n\n\n<h3 class=\"wp-block-heading has-text-color\" id=\"zbiorniki-na-paliwo-lotnicze\" style=\"color:#2d4191;font-size:15px\">Cuves pour stockage de carburant aviation<\/h3>\n\n\n\n<ul class=\"wp-block-list\">\n<li>Cuves a\u00e9riennes, cylindriques, \u00e0 double paroi et en acier S235JR<\/li>\n\n\n\n<li>Capacit\u00e9: 2&#215;100 m<sup>3<\/sup>, diam\u00e8tre 2900 mm, longueur approx. 16.000 mm<\/li>\n\n\n\n<li>Liquides stock\u00e9s: carburants aviation<\/li>\n\n\n\n<li>Norme: EN12285-2 Classe A<\/li>\n\n\n\n<li>Pression op\u00e9rationnelle: atmosph\u00e9rique<\/li>\n\n\n\n<li>Temp\u00e9rature op\u00e9rationnelle: -20\u00b0C \/ +50\u00b0C<\/li>\n\n\n\n<li>Les cuves sont install\u00e9es avec une pente de 1%.<br>Une plate-forme unique avec \u00e9chelle couvre les deux cuves. Des plateaux trou d\u2019homme sp\u00e9ciaux \u00e0 double peau de DN600 \/ DN800 Les cuves ont un rev\u00e8tement interne 100% en \u00e9poxy, approuv\u00e9 MIL-RF-4556 F pour carburant aviation<\/li>\n<\/ul>\n\n\n\n<div class=\"photos large\">\n<div class=\"first-zoom-photo\">\n<p style=\"text-align: center; font-size: 10px; margin-bottom: 0;\"><img decoding=\"async\" data-src=\"https:\/\/cgh.com.pl\/fr\/wp-content\/uploads\/2021\/05\/Aviation-fuel-tanks-3.jpg\" src=\"data:image\/svg+xml;base64,PHN2ZyB3aWR0aD0iMSIgaGVpZ2h0PSIxIiB4bWxucz0iaHR0cDovL3d3dy53My5vcmcvMjAwMC9zdmciPjwvc3ZnPg==\" class=\"lazyload\" style=\"--smush-placeholder-width: 600px; --smush-placeholder-aspect-ratio: 600\/400;\"><\/p>\n\n<div><\/div>\n<\/div>\n<div>\n\n\n<div><\/div>\n<\/div>\n<div class=\"pair\">\n\n\n<div><\/div>\n<div><\/div>\n<\/div>\n<\/div>\n\n\n\n<div style=\"height:100px\" aria-hidden=\"true\" class=\"wp-block-spacer\"><\/div>\n\n\n\n<h3 class=\"wp-block-heading has-text-color\" id=\"zbiornik-na-paliwo-lotnicze-ul-91-i-avgas-100ll\" style=\"color:#2d4191;font-size:15px\"><strong>UL-91 and Avgas 100LL aviation fuel tank<\/strong><\/h3>\n\n\n\n<p>Realization example<\/p>\n\n\n\n<ul class=\"wp-block-list\">\n<li>Aboveground, horizontal, double-walled, two-chamber tank made of S235JR steel<\/li>\n\n\n\n<li>Volume: 25 m3 (chamber \u201cA\u00a0\u00bb 17 m3, chamber \u201cB\u00a0\u00bb 8 m3), diameter: 2500 mm, total length: 7215 mm<\/li>\n\n\n\n<li>Medium: UL-91 and Avgas 100LL aviation fuel<\/li>\n\n\n\n<li>Norm: EN12285-2 class A<\/li>\n\n\n\n<li>Operating pressure: low pressure<\/li>\n\n\n\n<li>Working temperature: -20 \u00b0 C \/ + 50 \u00b0 C<\/li>\n\n\n\n<li>Tank made with a 1% slope, large ventilated compartment for distributor and accessories. The inside of the tank is 100% covered with epoxy paint resistant for aviation fuel. Internal and external piping made of 304L steel with one-way ball valves. Edges of the dispenser chamber designed to minimize damage to the hose reel during use. A drip tray under the distribution part and under the valves. The distribution chamber has adjustable feet for precise placement on the plate. Design referring to hangars and aviation architecture.<\/li>\n<\/ul>\n\n\n\n<div class=\"photos large\">\n<div class=\"first-zoom-photo\">\n<p style=\"text-align: center; font-size: 10px; margin-bottom: 0;\"><img decoding=\"async\" data-src=\"https:\/\/cgh.com.pl\/fr\/wp-content\/uploads\/2021\/10\/UL-91-and-Avgas-100LL-aviation-fuel-tank-1.jpg\" src=\"data:image\/svg+xml;base64,PHN2ZyB3aWR0aD0iMSIgaGVpZ2h0PSIxIiB4bWxucz0iaHR0cDovL3d3dy53My5vcmcvMjAwMC9zdmciPjwvc3ZnPg==\" class=\"lazyload\" style=\"--smush-placeholder-width: 800px; --smush-placeholder-aspect-ratio: 800\/533;\"><\/p>\n\n<div><\/div>\n<\/div>\n<div>\n<p style=\"text-align: center; font-size: 10px; margin-bottom: 0;\"><img decoding=\"async\" data-src=\"https:\/\/cgh.com.pl\/fr\/wp-content\/uploads\/2021\/10\/UL-91-and-Avgas-100LL-aviation-fuel-tank.jpg\" src=\"data:image\/svg+xml;base64,PHN2ZyB3aWR0aD0iMSIgaGVpZ2h0PSIxIiB4bWxucz0iaHR0cDovL3d3dy53My5vcmcvMjAwMC9zdmciPjwvc3ZnPg==\" class=\"lazyload\" style=\"--smush-placeholder-width: 800px; --smush-placeholder-aspect-ratio: 800\/533;\"><\/p>\n\n<div><\/div>\n<\/div>\n<div class=\"pair\">\n<p style=\"text-align: center; font-size: 10px; margin-bottom: 0;\"><img decoding=\"async\" data-src=\"https:\/\/cgh.com.pl\/fr\/wp-content\/uploads\/2021\/10\/UL-91-and-Avgas-100LL-aviation-fuel-tank-3.jpg\" src=\"data:image\/svg+xml;base64,PHN2ZyB3aWR0aD0iMSIgaGVpZ2h0PSIxIiB4bWxucz0iaHR0cDovL3d3dy53My5vcmcvMjAwMC9zdmciPjwvc3ZnPg==\" class=\"lazyload\" style=\"--smush-placeholder-width: 800px; --smush-placeholder-aspect-ratio: 800\/533;\"><\/p>\n\n<div><\/div>\n<div><\/div>\n<\/div>\n<\/div>\n","protected":false},"excerpt":{"rendered":"<p>Exemple de mise en \u0153uvre Cuve pour stockage de JET A1 Cuves pour stockage de carburant aviation UL-91 and Avgas 100LL aviation fuel tank Realization example<\/p>\n","protected":false},"author":1,"featured_media":0,"parent":13,"menu_order":0,"comment_status":"closed","ping_status":"closed","template":"page-products.php","meta":{"_acf_changed":false,"footnotes":""},"class_list":["post-159","page","type-page","status-publish","hentry"],"acf":[],"yoast_head":"<!-- This site is optimized with the Yoast SEO plugin v26.1.1 - https:\/\/yoast.com\/wordpress\/plugins\/seo\/ -->\n<title>R\u00e9servoirs de carburant d&#039;aviation - CGH Group Sp. z o.o.<\/title>\n<meta name=\"robots\" content=\"index, follow, max-snippet:-1, max-image-preview:large, max-video-preview:-1\" \/>\n<link rel=\"canonical\" href=\"https:\/\/cgh.com.pl\/fr\/reservoirs-de-carburant-reservoirs-de-liquides-inflammables\/reservoirs-de-carburant-daviation\" \/>\n<meta property=\"og:locale\" content=\"fr_FR\" \/>\n<meta property=\"og:type\" content=\"article\" \/>\n<meta property=\"og:title\" content=\"R\u00e9servoirs de carburant d&#039;aviation - CGH Group Sp. z o.o.\" \/>\n<meta property=\"og:description\" content=\"Exemple de mise en \u0153uvre Cuve pour stockage de JET A1 Cuves pour stockage de carburant aviation UL-91 and Avgas 100LL aviation fuel tank Realization example\" \/>\n<meta property=\"og:url\" content=\"https:\/\/cgh.com.pl\/fr\/reservoirs-de-carburant-reservoirs-de-liquides-inflammables\/reservoirs-de-carburant-daviation\" \/>\n<meta property=\"og:site_name\" content=\"CGH Group Sp. z o.o.\" \/>\n<meta property=\"article:modified_time\" content=\"2023-10-02T21:02:59+00:00\" \/>\n<meta property=\"og:image\" content=\"https:\/\/cgh.com.pl\/fr\/wp-content\/uploads\/2021\/05\/Aviation-fuel-tanks-1.jpg\" \/>\n<meta name=\"twitter:card\" content=\"summary_large_image\" \/>\n<meta name=\"twitter:label1\" content=\"Dur\u00e9e de lecture estim\u00e9e\" \/>\n\t<meta name=\"twitter:data1\" content=\"5 minutes\" \/>\n<script type=\"application\/ld+json\" class=\"yoast-schema-graph\">{\"@context\":\"https:\/\/schema.org\",\"@graph\":[{\"@type\":\"WebPage\",\"@id\":\"https:\/\/cgh.com.pl\/fr\/reservoirs-de-carburant-reservoirs-de-liquides-inflammables\/reservoirs-de-carburant-daviation\",\"url\":\"https:\/\/cgh.com.pl\/fr\/reservoirs-de-carburant-reservoirs-de-liquides-inflammables\/reservoirs-de-carburant-daviation\",\"name\":\"R\u00e9servoirs de carburant d'aviation - CGH Group Sp. z o.o.\",\"isPartOf\":{\"@id\":\"https:\/\/cgh.com.pl\/fr\/#website\"},\"primaryImageOfPage\":{\"@id\":\"https:\/\/cgh.com.pl\/fr\/reservoirs-de-carburant-reservoirs-de-liquides-inflammables\/reservoirs-de-carburant-daviation#primaryimage\"},\"image\":{\"@id\":\"https:\/\/cgh.com.pl\/fr\/reservoirs-de-carburant-reservoirs-de-liquides-inflammables\/reservoirs-de-carburant-daviation#primaryimage\"},\"thumbnailUrl\":\"https:\/\/cgh.com.pl\/fr\/wp-content\/uploads\/2021\/05\/Aviation-fuel-tanks-1.jpg\",\"datePublished\":\"2020-12-02T20:44:43+00:00\",\"dateModified\":\"2023-10-02T21:02:59+00:00\",\"breadcrumb\":{\"@id\":\"https:\/\/cgh.com.pl\/fr\/reservoirs-de-carburant-reservoirs-de-liquides-inflammables\/reservoirs-de-carburant-daviation#breadcrumb\"},\"inLanguage\":\"fr-FR\",\"potentialAction\":[{\"@type\":\"ReadAction\",\"target\":[\"https:\/\/cgh.com.pl\/fr\/reservoirs-de-carburant-reservoirs-de-liquides-inflammables\/reservoirs-de-carburant-daviation\"]}]},{\"@type\":\"ImageObject\",\"inLanguage\":\"fr-FR\",\"@id\":\"https:\/\/cgh.com.pl\/fr\/reservoirs-de-carburant-reservoirs-de-liquides-inflammables\/reservoirs-de-carburant-daviation#primaryimage\",\"url\":\"https:\/\/cgh.com.pl\/fr\/wp-content\/uploads\/2021\/05\/Aviation-fuel-tanks-1.jpg\",\"contentUrl\":\"https:\/\/cgh.com.pl\/fr\/wp-content\/uploads\/2021\/05\/Aviation-fuel-tanks-1.jpg\",\"width\":600,\"height\":400,\"caption\":\"Aviation fuel tanks\"},{\"@type\":\"BreadcrumbList\",\"@id\":\"https:\/\/cgh.com.pl\/fr\/reservoirs-de-carburant-reservoirs-de-liquides-inflammables\/reservoirs-de-carburant-daviation#breadcrumb\",\"itemListElement\":[{\"@type\":\"ListItem\",\"position\":1,\"name\":\"Strona g\u0142\u00f3wna\",\"item\":\"https:\/\/cgh.com.pl\/fr\/\"},{\"@type\":\"ListItem\",\"position\":2,\"name\":\"R\u00e9servoirs de carburant, r\u00e9servoirs de liquides inflammables\",\"item\":\"https:\/\/cgh.com.pl\/fr\/reservoirs-de-carburant-reservoirs-de-liquides-inflammables\"},{\"@type\":\"ListItem\",\"position\":3,\"name\":\"R\u00e9servoirs de carburant d&#8217;aviation\"}]},{\"@type\":\"WebSite\",\"@id\":\"https:\/\/cgh.com.pl\/fr\/#website\",\"url\":\"https:\/\/cgh.com.pl\/fr\/\",\"name\":\"CGH Group Sp. z o.o.\",\"description\":\"\",\"publisher\":{\"@id\":\"https:\/\/cgh.com.pl\/fr\/#organization\"},\"potentialAction\":[{\"@type\":\"SearchAction\",\"target\":{\"@type\":\"EntryPoint\",\"urlTemplate\":\"https:\/\/cgh.com.pl\/fr\/?s={search_term_string}\"},\"query-input\":{\"@type\":\"PropertyValueSpecification\",\"valueRequired\":true,\"valueName\":\"search_term_string\"}}],\"inLanguage\":\"fr-FR\"},{\"@type\":\"Organization\",\"@id\":\"https:\/\/cgh.com.pl\/fr\/#organization\",\"name\":\"CGH Group Sp. z o.o.\",\"url\":\"https:\/\/cgh.com.pl\/fr\/\",\"logo\":{\"@type\":\"ImageObject\",\"inLanguage\":\"fr-FR\",\"@id\":\"https:\/\/cgh.com.pl\/fr\/#\/schema\/logo\/image\/\",\"url\":\"https:\/\/cgh.com.pl\/fr\/wp-content\/uploads\/2023\/05\/logoCGH.png\",\"contentUrl\":\"https:\/\/cgh.com.pl\/fr\/wp-content\/uploads\/2023\/05\/logoCGH.png\",\"width\":449,\"height\":162,\"caption\":\"CGH Group Sp. z o.o.\"},\"image\":{\"@id\":\"https:\/\/cgh.com.pl\/fr\/#\/schema\/logo\/image\/\"}}]}<\/script>\n<!-- \/ Yoast SEO plugin. -->","yoast_head_json":{"title":"R\u00e9servoirs de carburant d'aviation - CGH Group Sp. z o.o.","robots":{"index":"index","follow":"follow","max-snippet":"max-snippet:-1","max-image-preview":"max-image-preview:large","max-video-preview":"max-video-preview:-1"},"canonical":"https:\/\/cgh.com.pl\/fr\/reservoirs-de-carburant-reservoirs-de-liquides-inflammables\/reservoirs-de-carburant-daviation","og_locale":"fr_FR","og_type":"article","og_title":"R\u00e9servoirs de carburant d'aviation - CGH Group Sp. z o.o.","og_description":"Exemple de mise en \u0153uvre Cuve pour stockage de JET A1 Cuves pour stockage de carburant aviation UL-91 and Avgas 100LL aviation fuel tank Realization example","og_url":"https:\/\/cgh.com.pl\/fr\/reservoirs-de-carburant-reservoirs-de-liquides-inflammables\/reservoirs-de-carburant-daviation","og_site_name":"CGH Group Sp. z o.o.","article_modified_time":"2023-10-02T21:02:59+00:00","og_image":[{"url":"https:\/\/cgh.com.pl\/fr\/wp-content\/uploads\/2021\/05\/Aviation-fuel-tanks-1.jpg","type":"","width":"","height":""}],"twitter_card":"summary_large_image","twitter_misc":{"Dur\u00e9e de lecture estim\u00e9e":"5 minutes"},"schema":{"@context":"https:\/\/schema.org","@graph":[{"@type":"WebPage","@id":"https:\/\/cgh.com.pl\/fr\/reservoirs-de-carburant-reservoirs-de-liquides-inflammables\/reservoirs-de-carburant-daviation","url":"https:\/\/cgh.com.pl\/fr\/reservoirs-de-carburant-reservoirs-de-liquides-inflammables\/reservoirs-de-carburant-daviation","name":"R\u00e9servoirs de carburant d'aviation - CGH Group Sp. z o.o.","isPartOf":{"@id":"https:\/\/cgh.com.pl\/fr\/#website"},"primaryImageOfPage":{"@id":"https:\/\/cgh.com.pl\/fr\/reservoirs-de-carburant-reservoirs-de-liquides-inflammables\/reservoirs-de-carburant-daviation#primaryimage"},"image":{"@id":"https:\/\/cgh.com.pl\/fr\/reservoirs-de-carburant-reservoirs-de-liquides-inflammables\/reservoirs-de-carburant-daviation#primaryimage"},"thumbnailUrl":"https:\/\/cgh.com.pl\/fr\/wp-content\/uploads\/2021\/05\/Aviation-fuel-tanks-1.jpg","datePublished":"2020-12-02T20:44:43+00:00","dateModified":"2023-10-02T21:02:59+00:00","breadcrumb":{"@id":"https:\/\/cgh.com.pl\/fr\/reservoirs-de-carburant-reservoirs-de-liquides-inflammables\/reservoirs-de-carburant-daviation#breadcrumb"},"inLanguage":"fr-FR","potentialAction":[{"@type":"ReadAction","target":["https:\/\/cgh.com.pl\/fr\/reservoirs-de-carburant-reservoirs-de-liquides-inflammables\/reservoirs-de-carburant-daviation"]}]},{"@type":"ImageObject","inLanguage":"fr-FR","@id":"https:\/\/cgh.com.pl\/fr\/reservoirs-de-carburant-reservoirs-de-liquides-inflammables\/reservoirs-de-carburant-daviation#primaryimage","url":"https:\/\/cgh.com.pl\/fr\/wp-content\/uploads\/2021\/05\/Aviation-fuel-tanks-1.jpg","contentUrl":"https:\/\/cgh.com.pl\/fr\/wp-content\/uploads\/2021\/05\/Aviation-fuel-tanks-1.jpg","width":600,"height":400,"caption":"Aviation fuel tanks"},{"@type":"BreadcrumbList","@id":"https:\/\/cgh.com.pl\/fr\/reservoirs-de-carburant-reservoirs-de-liquides-inflammables\/reservoirs-de-carburant-daviation#breadcrumb","itemListElement":[{"@type":"ListItem","position":1,"name":"Strona g\u0142\u00f3wna","item":"https:\/\/cgh.com.pl\/fr\/"},{"@type":"ListItem","position":2,"name":"R\u00e9servoirs de carburant, r\u00e9servoirs de liquides inflammables","item":"https:\/\/cgh.com.pl\/fr\/reservoirs-de-carburant-reservoirs-de-liquides-inflammables"},{"@type":"ListItem","position":3,"name":"R\u00e9servoirs de carburant d&#8217;aviation"}]},{"@type":"WebSite","@id":"https:\/\/cgh.com.pl\/fr\/#website","url":"https:\/\/cgh.com.pl\/fr\/","name":"CGH Group Sp. z o.o.","description":"","publisher":{"@id":"https:\/\/cgh.com.pl\/fr\/#organization"},"potentialAction":[{"@type":"SearchAction","target":{"@type":"EntryPoint","urlTemplate":"https:\/\/cgh.com.pl\/fr\/?s={search_term_string}"},"query-input":{"@type":"PropertyValueSpecification","valueRequired":true,"valueName":"search_term_string"}}],"inLanguage":"fr-FR"},{"@type":"Organization","@id":"https:\/\/cgh.com.pl\/fr\/#organization","name":"CGH Group Sp. z o.o.","url":"https:\/\/cgh.com.pl\/fr\/","logo":{"@type":"ImageObject","inLanguage":"fr-FR","@id":"https:\/\/cgh.com.pl\/fr\/#\/schema\/logo\/image\/","url":"https:\/\/cgh.com.pl\/fr\/wp-content\/uploads\/2023\/05\/logoCGH.png","contentUrl":"https:\/\/cgh.com.pl\/fr\/wp-content\/uploads\/2023\/05\/logoCGH.png","width":449,"height":162,"caption":"CGH Group Sp. z o.o."},"image":{"@id":"https:\/\/cgh.com.pl\/fr\/#\/schema\/logo\/image\/"}}]}},"_links":{"self":[{"href":"https:\/\/cgh.com.pl\/fr\/wp-json\/wp\/v2\/pages\/159","targetHints":{"allow":["GET"]}}],"collection":[{"href":"https:\/\/cgh.com.pl\/fr\/wp-json\/wp\/v2\/pages"}],"about":[{"href":"https:\/\/cgh.com.pl\/fr\/wp-json\/wp\/v2\/types\/page"}],"author":[{"embeddable":true,"href":"https:\/\/cgh.com.pl\/fr\/wp-json\/wp\/v2\/users\/1"}],"replies":[{"embeddable":true,"href":"https:\/\/cgh.com.pl\/fr\/wp-json\/wp\/v2\/comments?post=159"}],"version-history":[{"count":9,"href":"https:\/\/cgh.com.pl\/fr\/wp-json\/wp\/v2\/pages\/159\/revisions"}],"predecessor-version":[{"id":4687,"href":"https:\/\/cgh.com.pl\/fr\/wp-json\/wp\/v2\/pages\/159\/revisions\/4687"}],"up":[{"embeddable":true,"href":"https:\/\/cgh.com.pl\/fr\/wp-json\/wp\/v2\/pages\/13"}],"wp:attachment":[{"href":"https:\/\/cgh.com.pl\/fr\/wp-json\/wp\/v2\/media?parent=159"}],"curies":[{"name":"wp","href":"https:\/\/api.w.org\/{rel}","templated":true}]}}