{"id":165,"date":"2020-12-02T22:01:21","date_gmt":"2020-12-02T21:01:21","guid":{"rendered":"https:\/\/cgh.com.pl\/fr\/?page_id=165"},"modified":"2023-12-23T01:01:14","modified_gmt":"2023-12-23T00:01:14","slug":"reservoirs-verticaux-hors-sol","status":"publish","type":"page","link":"https:\/\/cgh.com.pl\/fr\/cuves-pour-lindustrie\/reservoirs-verticaux-hors-sol","title":{"rendered":"R\u00e9servoirs verticaux hors sol"},"content":{"rendered":"\n<div class=\"wp-block-columns has-2-columns is-layout-flex wp-container-core-columns-is-layout-9d6595d7 wp-block-columns-is-layout-flex\">\n<div class=\"wp-block-column is-layout-flow wp-block-column-is-layout-flow\">\n<h4 class=\"wp-block-heading\" id=\"specyfikacja-techniczna\">Caract\u00e9ristiques techniques:<\/h4>\n\n\n\n<p>Les r\u00e9servoirs verticaux en acier \u00e0 double paroi de CGH sont fabriqu\u00e9s conform\u00e9ment aux normes europ\u00e9ennes avec des capacit\u00e9s de 5 \u00e0 100 m<sup>3<\/sup>. Des dimensions personnalis\u00e9es peuvent \u00eatre propos\u00e9es sur demande. Le r\u00e9servoir \u00e0 double paroi est constitu\u00e9 de deux couches d&rsquo;acier. L&rsquo;espace int\u00e9rieur est contr\u00f4l\u00e9 par un syst\u00e8me de d\u00e9tection des fuites. Les r\u00e9servoirs sont con\u00e7us pour les liquides inflammables et dangereux, g\u00e9n\u00e9ralement des produits p\u00e9troliers et des carburants. Pour le stockage de produits chimiques, les r\u00e9servoirs sont peints \u00e0 l&rsquo;int\u00e9rieur ou peuvent \u00eatre fabriqu\u00e9s en acier r\u00e9sistant aux acides. La peinture ext\u00e9rieure a une classe de r\u00e9sistance C3M, la classe C5 \u00e9tant \u00e9galement disponible en option.<\/p>\n<\/div>\n\n\n\n<div class=\"wp-block-column is-layout-flow wp-block-column-is-layout-flow\">\n<p><strong>Options suppl\u00e9mentaires:<\/strong><\/p>\n\n\n\n<ul class=\"wp-block-list\">\n<li>\u00c9chelles et plates-formes avec mains courantes<\/li>\n\n\n\n<li>Tuyauterie externe et interne<\/li>\n\n\n\n<li>Syst\u00e8me de chauffage<\/li>\n\n\n\n<li>Isolation<\/li>\n<\/ul>\n<\/div>\n<\/div>\n\n\n\n<div class=\"photos large\">\n<div class=\"first-zoom-photo\">\n<p style=\"text-align: center; font-size: 10px; margin-bottom:0;\"><img decoding=\"async\" data-src=\"https:\/\/cgh.com.pl\/fr\/wp-content\/uploads\/2021\/05\/Vertical-aboveground-tanks-1.jpg\" alt=\"Aboveground vertical tanks\" src=\"data:image\/svg+xml;base64,PHN2ZyB3aWR0aD0iMSIgaGVpZ2h0PSIxIiB4bWxucz0iaHR0cDovL3d3dy53My5vcmcvMjAwMC9zdmciPjwvc3ZnPg==\" class=\"lazyload\" style=\"--smush-placeholder-width: 600px; --smush-placeholder-aspect-ratio: 600\/400;\"><\/p>\n\n<div><\/div>\n<\/div>\n<div>\n<p style=\"text-align: center; font-size: 10px; margin-bottom:0;\"><img decoding=\"async\" data-src=\"https:\/\/cgh.com.pl\/fr\/wp-content\/uploads\/2021\/05\/vertical-aboveground-tanks-2.jpg\" alt=\"Aboveground vertical tanks\" src=\"data:image\/svg+xml;base64,PHN2ZyB3aWR0aD0iMSIgaGVpZ2h0PSIxIiB4bWxucz0iaHR0cDovL3d3dy53My5vcmcvMjAwMC9zdmciPjwvc3ZnPg==\" class=\"lazyload\" style=\"--smush-placeholder-width: 600px; --smush-placeholder-aspect-ratio: 600\/400;\"><\/p>\n\n<div><\/div>\n<\/div>\n\n<div class=\"pair\">\n\n\n<div><\/div>\n<div><\/div>\n<\/div>\n<\/div>\n\n\n\n<div style=\"height:50px\" aria-hidden=\"true\" class=\"wp-block-spacer\"><\/div>\n\n\n\n<p><strong>Caract\u00e9ristiques techniques de base<\/strong>:<\/p>\n\n\n\n<table>\n<tbody>\n<tr>\n<td class=\"gray\" style=\"text-align: center;\" colspan=\"2\">Capacit\u00e9<\/td>\n<td class=\"gray\" style=\"text-align: center;\" colspan=\"2\">Diam\u00e8tre<\/td>\n<td class=\"gray\" style=\"text-align: center;\" colspan=\"2\">Longueur<br>\nparoi<\/td>\n<td class=\"gray\" style=\"text-align: center;\" colspan=\"2\">Hauteur<br>\ntotale<\/td>\n<td class=\"gray\" style=\"text-align: center;\" colspan=\"2\">Paroi<br>\ninterne<\/td>\n<td class=\"gray\" style=\"text-align: center;\" colspan=\"2\">Paroi<br>\nexterne<\/td>\n<td class=\"gray\" style=\"text-align: center;\" colspan=\"2\">Hauteur<br>\nden<\/td>\n<td class=\"gray\" style=\"text-align: center;\">Poids<br>\ndu r\u00e9servoir<br>\n\u00e0 paroi simple<\/td>\n<td class=\"gray\" style=\"text-align: center;\">Poids<br>\ndu r\u00e9servoir<br>\ndouble paroi<\/td>\n<td class=\"gray\" style=\"text-align: center;\">Trou<br>d&rsquo;homme<\/td>\n<\/tr>\n<tr>\n<td class=\"gray\" style=\"text-align: center;\">V<\/td>\n<td class=\"gray\" style=\"text-align: center;\">[m<sup>3<\/sup>]<\/td>\n<td class=\"gray\" style=\"text-align: center;\">Dz<\/td>\n<td class=\"gray\" style=\"text-align: center;\">[mm]<\/td>\n<td class=\"gray\" style=\"text-align: center;\">Lp<\/td>\n<td class=\"gray\" style=\"text-align: center;\">[mm]<\/td>\n<td class=\"gray\" style=\"text-align: center;\">H<\/td>\n<td class=\"gray\" style=\"text-align: center;\">[mm]<\/td>\n<td class=\"gray\" style=\"text-align: center;\">S1<\/td>\n<td class=\"gray\" style=\"text-align: center;\">[mm]<\/td>\n<td class=\"gray\" style=\"text-align: center;\">S2<\/td>\n<td class=\"gray\" style=\"text-align: center;\">[mm]<\/td>\n<td class=\"gray\" style=\"text-align: center;\">h<\/td>\n<td class=\"gray\" style=\"text-align: center;\">[mm]<\/td>\n<td class=\"gray\" style=\"text-align: center;\">kg<\/td>\n<td class=\"gray\" style=\"text-align: center;\">kg<\/td>\n<td class=\"gray\" style=\"text-align: center;\">[mm]<\/td>\n<\/tr>\n<tr>\n<td class=\"white\" style=\"text-align: right;\" colspan=\"2\">5<br>\n7<br>\n10<br>\n13<\/td>\n<td class=\"white\" style=\"text-align: right;\" colspan=\"2\">1600<br>\n1600<br>\n1600<br>\n1600<\/td>\n<td class=\"white\" style=\"text-align: right;\" colspan=\"2\">2500<br>\n3300<br>\n5000<br>\n6500<\/td>\n<td class=\"white\" style=\"text-align: right;\" colspan=\"2\">3540<br>\n4340<br>\n6040<br>\n7540<\/td>\n<td class=\"white\" style=\"text-align: right;\" colspan=\"2\">5<br>\n5<br>\n5<br>\n5<\/td>\n<td class=\"white\" style=\"text-align: right;\" colspan=\"2\">3<br>\n3<br>\n3<br>\n3<\/td>\n<td class=\"white\" style=\"text-align: right;\" colspan=\"2\">270<br>\n270<br>\n270<br>\n270<\/td>\n<td class=\"white\" style=\"text-align: right;\">973<br>\n1137<br>\n1487<br>\n1793<\/td>\n<td class=\"white\" style=\"text-align: right;\">1305<br>\n1555<br>\n2089<br>\n2555<\/td>\n<td class=\"white\" style=\"text-align: right;\">600<br>\n600<br>\n600<br>\n600<\/td>\n<\/tr>\n<tr>\n<td class=\"white\" style=\"text-align: right;\" colspan=\"2\">16<br>\n20<br>\n25<\/td>\n<td class=\"white\" style=\"text-align: right;\" colspan=\"2\">2000<br>\n2000<br>\n2000<\/td>\n<td class=\"white\" style=\"text-align: right;\" colspan=\"2\">5000<br>\n6150<br>\n8000<\/td>\n<td class=\"white\" style=\"text-align: right;\" colspan=\"2\">6160<br>\n7310<br>\n9160<\/td>\n<td class=\"white\" style=\"text-align: right;\" colspan=\"2\">6<br>\n6<br>\n6<\/td>\n<td class=\"white\" style=\"text-align: right;\" colspan=\"2\">3<br>\n3<br>\n3<\/td>\n<td class=\"white\" style=\"text-align: right;\" colspan=\"2\">330<br>\n330<br>\n330<\/td>\n<td class=\"white\" style=\"text-align: right;\">2316<br>\n2744<br>\n3310<\/td>\n<td class=\"white\" style=\"text-align: right;\">3119<br>\n3712<br>\n4539<\/td>\n<td class=\"white\" style=\"text-align: right;\">600<br>\n600<br>\n600<\/td>\n<\/tr>\n<tr>\n<td class=\"white\" style=\"text-align: right;\" colspan=\"2\">30<br>\n40<\/td>\n<td class=\"white\" style=\"text-align: right;\" colspan=\"2\">2500<br>\n2500<\/td>\n<td class=\"white\" style=\"text-align: right;\" colspan=\"2\">6000<br>\n8000<\/td>\n<td class=\"white\" style=\"text-align: right;\" colspan=\"2\">7300<br>\n9300<\/td>\n<td class=\"white\" style=\"text-align: right;\" colspan=\"2\">7<br>\n7<\/td>\n<td class=\"white\" style=\"text-align: right;\" colspan=\"2\">4<br>\n4<\/td>\n<td class=\"white\" style=\"text-align: right;\" colspan=\"2\">400<br>\n400<\/td>\n<td class=\"white\" style=\"text-align: right;\">4008<br>\n4905<\/td>\n<td class=\"white\" style=\"text-align: right;\">5601<br>\n6952<\/td>\n<td class=\"white\" style=\"text-align: right;\">600<br>\n600<\/td>\n<\/tr>\n<tr>\n<td class=\"white\" style=\"text-align: right;\" colspan=\"2\">50<br>\n60<br>\n80<br>\n100<\/td>\n<td class=\"white\" style=\"text-align: right;\" colspan=\"2\">2900<br>\n2900<br>\n2900<br>\n2900<\/td>\n<td class=\"white\" style=\"text-align: right;\" colspan=\"2\">7500<br>\n9000<br>\n12000<br>\n15000<\/td>\n<td class=\"white\" style=\"text-align: right;\" colspan=\"2\">8900<br>\n10400<br>\n13400<br>\n16400<\/td>\n<td class=\"white\" style=\"text-align: right;\" colspan=\"2\">9<br>\n9<br>\n9<br>\n9<\/td>\n<td class=\"white\" style=\"text-align: right;\" colspan=\"2\">4<br>\n4<br>\n4<br>\n4<\/td>\n<td class=\"white\" style=\"text-align: right;\" colspan=\"2\">450<br>\n450<br>\n450<br>\n450<\/td>\n<td class=\"white\" style=\"text-align: right;\">6946<br>\n7947<br>\n10354<br>\n12351<\/td>\n<td class=\"white\" style=\"text-align: right;\">9226<br>\n10623<br>\n13818<br>\n16618<\/td>\n<td class=\"white\" style=\"text-align: right;\">600<br>\n600<br>\n600<br>\n600<\/td>\n<\/tr>\n<\/tbody>\n<\/table>\n\n\n\n<p>Autres tailles de r\u00e9servoirs sont disponibles sur demande<\/p>\n","protected":false},"excerpt":{"rendered":"<p>Caract\u00e9ristiques techniques: Les r\u00e9servoirs verticaux en acier \u00e0 double paroi de CGH sont fabriqu\u00e9s conform\u00e9ment aux normes europ\u00e9ennes avec des capacit\u00e9s de 5 \u00e0 100 m3. Des dimensions personnalis\u00e9es peuvent \u00eatre propos\u00e9es sur demande. Le r\u00e9servoir \u00e0 double paroi est constitu\u00e9 de deux couches d&rsquo;acier. L&rsquo;espace int\u00e9rieur est contr\u00f4l\u00e9 par un syst\u00e8me de d\u00e9tection des [&hellip;]?<\/p>\n","protected":false},"author":1,"featured_media":0,"parent":17,"menu_order":0,"comment_status":"closed","ping_status":"closed","template":"page-products-with-second-menu.php","meta":{"_acf_changed":false,"footnotes":""},"class_list":["post-165","page","type-page","status-publish","hentry"],"acf":[],"yoast_head":"<!-- This site is optimized with the Yoast SEO plugin v26.1.1 - https:\/\/yoast.com\/wordpress\/plugins\/seo\/ -->\n<title>R\u00e9servoirs verticaux hors sol - CGH Group Sp. z o.o.<\/title>\n<meta name=\"robots\" content=\"index, follow, max-snippet:-1, max-image-preview:large, max-video-preview:-1\" \/>\n<link rel=\"canonical\" href=\"https:\/\/cgh.com.pl\/fr\/cuves-pour-lindustrie\/reservoirs-verticaux-hors-sol\" \/>\n<meta property=\"og:locale\" content=\"fr_FR\" \/>\n<meta property=\"og:type\" content=\"article\" \/>\n<meta property=\"og:title\" content=\"R\u00e9servoirs verticaux hors sol - CGH Group Sp. z o.o.\" \/>\n<meta property=\"og:description\" content=\"Caract\u00e9ristiques techniques: Les r\u00e9servoirs verticaux en acier \u00e0 double paroi de CGH sont fabriqu\u00e9s conform\u00e9ment aux normes europ\u00e9ennes avec des capacit\u00e9s de 5 \u00e0 100 m3. Des dimensions personnalis\u00e9es peuvent \u00eatre propos\u00e9es sur demande. Le r\u00e9servoir \u00e0 double paroi est constitu\u00e9 de deux couches d&rsquo;acier. L&rsquo;espace int\u00e9rieur est contr\u00f4l\u00e9 par un syst\u00e8me de d\u00e9tection des [&hellip;]?\" \/>\n<meta property=\"og:url\" content=\"https:\/\/cgh.com.pl\/fr\/cuves-pour-lindustrie\/reservoirs-verticaux-hors-sol\" \/>\n<meta property=\"og:site_name\" content=\"CGH Group Sp. z o.o.\" \/>\n<meta property=\"article:modified_time\" content=\"2023-12-23T00:01:14+00:00\" \/>\n<meta property=\"og:image\" content=\"https:\/\/cgh.com.pl\/fr\/wp-content\/uploads\/2021\/05\/Vertical-aboveground-tanks-1.jpg\" \/>\n<meta name=\"twitter:card\" content=\"summary_large_image\" \/>\n<meta name=\"twitter:label1\" content=\"Dur\u00e9e de lecture estim\u00e9e\" \/>\n\t<meta name=\"twitter:data1\" content=\"3 minutes\" \/>\n<script type=\"application\/ld+json\" class=\"yoast-schema-graph\">{\"@context\":\"https:\/\/schema.org\",\"@graph\":[{\"@type\":\"WebPage\",\"@id\":\"https:\/\/cgh.com.pl\/fr\/cuves-pour-lindustrie\/reservoirs-verticaux-hors-sol\",\"url\":\"https:\/\/cgh.com.pl\/fr\/cuves-pour-lindustrie\/reservoirs-verticaux-hors-sol\",\"name\":\"R\u00e9servoirs verticaux hors sol - CGH Group Sp. z o.o.\",\"isPartOf\":{\"@id\":\"https:\/\/cgh.com.pl\/fr\/#website\"},\"primaryImageOfPage\":{\"@id\":\"https:\/\/cgh.com.pl\/fr\/cuves-pour-lindustrie\/reservoirs-verticaux-hors-sol#primaryimage\"},\"image\":{\"@id\":\"https:\/\/cgh.com.pl\/fr\/cuves-pour-lindustrie\/reservoirs-verticaux-hors-sol#primaryimage\"},\"thumbnailUrl\":\"https:\/\/cgh.com.pl\/fr\/wp-content\/uploads\/2021\/05\/Vertical-aboveground-tanks-1.jpg\",\"datePublished\":\"2020-12-02T21:01:21+00:00\",\"dateModified\":\"2023-12-23T00:01:14+00:00\",\"breadcrumb\":{\"@id\":\"https:\/\/cgh.com.pl\/fr\/cuves-pour-lindustrie\/reservoirs-verticaux-hors-sol#breadcrumb\"},\"inLanguage\":\"fr-FR\",\"potentialAction\":[{\"@type\":\"ReadAction\",\"target\":[\"https:\/\/cgh.com.pl\/fr\/cuves-pour-lindustrie\/reservoirs-verticaux-hors-sol\"]}]},{\"@type\":\"ImageObject\",\"inLanguage\":\"fr-FR\",\"@id\":\"https:\/\/cgh.com.pl\/fr\/cuves-pour-lindustrie\/reservoirs-verticaux-hors-sol#primaryimage\",\"url\":\"https:\/\/cgh.com.pl\/fr\/wp-content\/uploads\/2021\/05\/Vertical-aboveground-tanks-1.jpg\",\"contentUrl\":\"https:\/\/cgh.com.pl\/fr\/wp-content\/uploads\/2021\/05\/Vertical-aboveground-tanks-1.jpg\",\"width\":600,\"height\":400,\"caption\":\"Aboveground vertical tanks\"},{\"@type\":\"BreadcrumbList\",\"@id\":\"https:\/\/cgh.com.pl\/fr\/cuves-pour-lindustrie\/reservoirs-verticaux-hors-sol#breadcrumb\",\"itemListElement\":[{\"@type\":\"ListItem\",\"position\":1,\"name\":\"Strona g\u0142\u00f3wna\",\"item\":\"https:\/\/cgh.com.pl\/fr\/\"},{\"@type\":\"ListItem\",\"position\":2,\"name\":\"Cuves pour l\u2019industrie\",\"item\":\"https:\/\/cgh.com.pl\/fr\/cuves-pour-lindustrie\"},{\"@type\":\"ListItem\",\"position\":3,\"name\":\"R\u00e9servoirs verticaux hors sol\"}]},{\"@type\":\"WebSite\",\"@id\":\"https:\/\/cgh.com.pl\/fr\/#website\",\"url\":\"https:\/\/cgh.com.pl\/fr\/\",\"name\":\"CGH Group Sp. z o.o.\",\"description\":\"\",\"publisher\":{\"@id\":\"https:\/\/cgh.com.pl\/fr\/#organization\"},\"potentialAction\":[{\"@type\":\"SearchAction\",\"target\":{\"@type\":\"EntryPoint\",\"urlTemplate\":\"https:\/\/cgh.com.pl\/fr\/?s={search_term_string}\"},\"query-input\":{\"@type\":\"PropertyValueSpecification\",\"valueRequired\":true,\"valueName\":\"search_term_string\"}}],\"inLanguage\":\"fr-FR\"},{\"@type\":\"Organization\",\"@id\":\"https:\/\/cgh.com.pl\/fr\/#organization\",\"name\":\"CGH Group Sp. z o.o.\",\"url\":\"https:\/\/cgh.com.pl\/fr\/\",\"logo\":{\"@type\":\"ImageObject\",\"inLanguage\":\"fr-FR\",\"@id\":\"https:\/\/cgh.com.pl\/fr\/#\/schema\/logo\/image\/\",\"url\":\"https:\/\/cgh.com.pl\/fr\/wp-content\/uploads\/2023\/05\/logoCGH.png\",\"contentUrl\":\"https:\/\/cgh.com.pl\/fr\/wp-content\/uploads\/2023\/05\/logoCGH.png\",\"width\":449,\"height\":162,\"caption\":\"CGH Group Sp. z o.o.\"},\"image\":{\"@id\":\"https:\/\/cgh.com.pl\/fr\/#\/schema\/logo\/image\/\"}}]}<\/script>\n<!-- \/ Yoast SEO plugin. -->","yoast_head_json":{"title":"R\u00e9servoirs verticaux hors sol - CGH Group Sp. z o.o.","robots":{"index":"index","follow":"follow","max-snippet":"max-snippet:-1","max-image-preview":"max-image-preview:large","max-video-preview":"max-video-preview:-1"},"canonical":"https:\/\/cgh.com.pl\/fr\/cuves-pour-lindustrie\/reservoirs-verticaux-hors-sol","og_locale":"fr_FR","og_type":"article","og_title":"R\u00e9servoirs verticaux hors sol - CGH Group Sp. z o.o.","og_description":"Caract\u00e9ristiques techniques: Les r\u00e9servoirs verticaux en acier \u00e0 double paroi de CGH sont fabriqu\u00e9s conform\u00e9ment aux normes europ\u00e9ennes avec des capacit\u00e9s de 5 \u00e0 100 m3. Des dimensions personnalis\u00e9es peuvent \u00eatre propos\u00e9es sur demande. Le r\u00e9servoir \u00e0 double paroi est constitu\u00e9 de deux couches d&rsquo;acier. L&rsquo;espace int\u00e9rieur est contr\u00f4l\u00e9 par un syst\u00e8me de d\u00e9tection des [&hellip;]?","og_url":"https:\/\/cgh.com.pl\/fr\/cuves-pour-lindustrie\/reservoirs-verticaux-hors-sol","og_site_name":"CGH Group Sp. z o.o.","article_modified_time":"2023-12-23T00:01:14+00:00","og_image":[{"url":"https:\/\/cgh.com.pl\/fr\/wp-content\/uploads\/2021\/05\/Vertical-aboveground-tanks-1.jpg","type":"","width":"","height":""}],"twitter_card":"summary_large_image","twitter_misc":{"Dur\u00e9e de lecture estim\u00e9e":"3 minutes"},"schema":{"@context":"https:\/\/schema.org","@graph":[{"@type":"WebPage","@id":"https:\/\/cgh.com.pl\/fr\/cuves-pour-lindustrie\/reservoirs-verticaux-hors-sol","url":"https:\/\/cgh.com.pl\/fr\/cuves-pour-lindustrie\/reservoirs-verticaux-hors-sol","name":"R\u00e9servoirs verticaux hors sol - CGH Group Sp. z o.o.","isPartOf":{"@id":"https:\/\/cgh.com.pl\/fr\/#website"},"primaryImageOfPage":{"@id":"https:\/\/cgh.com.pl\/fr\/cuves-pour-lindustrie\/reservoirs-verticaux-hors-sol#primaryimage"},"image":{"@id":"https:\/\/cgh.com.pl\/fr\/cuves-pour-lindustrie\/reservoirs-verticaux-hors-sol#primaryimage"},"thumbnailUrl":"https:\/\/cgh.com.pl\/fr\/wp-content\/uploads\/2021\/05\/Vertical-aboveground-tanks-1.jpg","datePublished":"2020-12-02T21:01:21+00:00","dateModified":"2023-12-23T00:01:14+00:00","breadcrumb":{"@id":"https:\/\/cgh.com.pl\/fr\/cuves-pour-lindustrie\/reservoirs-verticaux-hors-sol#breadcrumb"},"inLanguage":"fr-FR","potentialAction":[{"@type":"ReadAction","target":["https:\/\/cgh.com.pl\/fr\/cuves-pour-lindustrie\/reservoirs-verticaux-hors-sol"]}]},{"@type":"ImageObject","inLanguage":"fr-FR","@id":"https:\/\/cgh.com.pl\/fr\/cuves-pour-lindustrie\/reservoirs-verticaux-hors-sol#primaryimage","url":"https:\/\/cgh.com.pl\/fr\/wp-content\/uploads\/2021\/05\/Vertical-aboveground-tanks-1.jpg","contentUrl":"https:\/\/cgh.com.pl\/fr\/wp-content\/uploads\/2021\/05\/Vertical-aboveground-tanks-1.jpg","width":600,"height":400,"caption":"Aboveground vertical tanks"},{"@type":"BreadcrumbList","@id":"https:\/\/cgh.com.pl\/fr\/cuves-pour-lindustrie\/reservoirs-verticaux-hors-sol#breadcrumb","itemListElement":[{"@type":"ListItem","position":1,"name":"Strona g\u0142\u00f3wna","item":"https:\/\/cgh.com.pl\/fr\/"},{"@type":"ListItem","position":2,"name":"Cuves pour l\u2019industrie","item":"https:\/\/cgh.com.pl\/fr\/cuves-pour-lindustrie"},{"@type":"ListItem","position":3,"name":"R\u00e9servoirs verticaux hors sol"}]},{"@type":"WebSite","@id":"https:\/\/cgh.com.pl\/fr\/#website","url":"https:\/\/cgh.com.pl\/fr\/","name":"CGH Group Sp. z o.o.","description":"","publisher":{"@id":"https:\/\/cgh.com.pl\/fr\/#organization"},"potentialAction":[{"@type":"SearchAction","target":{"@type":"EntryPoint","urlTemplate":"https:\/\/cgh.com.pl\/fr\/?s={search_term_string}"},"query-input":{"@type":"PropertyValueSpecification","valueRequired":true,"valueName":"search_term_string"}}],"inLanguage":"fr-FR"},{"@type":"Organization","@id":"https:\/\/cgh.com.pl\/fr\/#organization","name":"CGH Group Sp. z o.o.","url":"https:\/\/cgh.com.pl\/fr\/","logo":{"@type":"ImageObject","inLanguage":"fr-FR","@id":"https:\/\/cgh.com.pl\/fr\/#\/schema\/logo\/image\/","url":"https:\/\/cgh.com.pl\/fr\/wp-content\/uploads\/2023\/05\/logoCGH.png","contentUrl":"https:\/\/cgh.com.pl\/fr\/wp-content\/uploads\/2023\/05\/logoCGH.png","width":449,"height":162,"caption":"CGH Group Sp. z o.o."},"image":{"@id":"https:\/\/cgh.com.pl\/fr\/#\/schema\/logo\/image\/"}}]}},"_links":{"self":[{"href":"https:\/\/cgh.com.pl\/fr\/wp-json\/wp\/v2\/pages\/165","targetHints":{"allow":["GET"]}}],"collection":[{"href":"https:\/\/cgh.com.pl\/fr\/wp-json\/wp\/v2\/pages"}],"about":[{"href":"https:\/\/cgh.com.pl\/fr\/wp-json\/wp\/v2\/types\/page"}],"author":[{"embeddable":true,"href":"https:\/\/cgh.com.pl\/fr\/wp-json\/wp\/v2\/users\/1"}],"replies":[{"embeddable":true,"href":"https:\/\/cgh.com.pl\/fr\/wp-json\/wp\/v2\/comments?post=165"}],"version-history":[{"count":25,"href":"https:\/\/cgh.com.pl\/fr\/wp-json\/wp\/v2\/pages\/165\/revisions"}],"predecessor-version":[{"id":5139,"href":"https:\/\/cgh.com.pl\/fr\/wp-json\/wp\/v2\/pages\/165\/revisions\/5139"}],"up":[{"embeddable":true,"href":"https:\/\/cgh.com.pl\/fr\/wp-json\/wp\/v2\/pages\/17"}],"wp:attachment":[{"href":"https:\/\/cgh.com.pl\/fr\/wp-json\/wp\/v2\/media?parent=165"}],"curies":[{"name":"wp","href":"https:\/\/api.w.org\/{rel}","templated":true}]}}