{"id":179,"date":"2020-12-02T22:58:56","date_gmt":"2020-12-02T21:58:56","guid":{"rendered":"https:\/\/cgh.com.pl\/fr\/?page_id=179"},"modified":"2022-07-28T09:49:54","modified_gmt":"2022-07-28T07:49:54","slug":"cuve-pour-stockage-de-liquides-corrosifs-et-toxiques","status":"publish","type":"page","link":"https:\/\/cgh.com.pl\/fr\/cuves-pour-lindustrie\/cuve-pour-stockage-de-liquides-corrosifs-et-toxiques","title":{"rendered":"Cuve pour stockage de liquides corrosifs et toxiques"},"content":{"rendered":"\n<ul class=\"wp-block-list\"><li>Cuve souterraine, cylindrique et \u00e0 double paroi La paroi interne est en acier inox 304L, la paroi externe en acier S235<\/li><li>Capacit\u00e9: 108 m3, diam\u00e8tre 2900 mm<\/li><li>Mati\u00e8res stock\u00e9es: liquides corrosifs et toxiques<\/li><li>Norme: EN12285-1<\/li><li>Pression op\u00e9rationnelle: atmosph\u00e9rique<\/li><li>Temp\u00e9rature op\u00e9rationnelle: -20\u00b0C \/ +50\u00b0C<\/li><li>La cuve est \u00e9quip\u00e9e avec un syst\u00e8me de d\u00e9tection <br>de fuites, type \u00e0 sec<br>La paroi externe est rev\u00e9tue d\u2019une couche de polyur\u00e9thane.<br>La cuve interne est d\u00e9cap\u00e9e et passiv\u00e9e.<\/li><\/ul>\n\n\n\n<div class=\"photos large\">\n<div class=\"first-zoom-photo\">\n<p style=\"text-align: center; font-size: 10px; margin-bottom:0;\"><img decoding=\"async\" data-src=\"https:\/\/cgh.com.pl\/fr\/wp-content\/uploads\/2021\/05\/Cuve-pour-stockage-de-liquides-corrosifs-et-toxiques-2.jpg\" alt=\"Cuve pour stockage de liquides corrosifs et toxiques\" src=\"data:image\/svg+xml;base64,PHN2ZyB3aWR0aD0iMSIgaGVpZ2h0PSIxIiB4bWxucz0iaHR0cDovL3d3dy53My5vcmcvMjAwMC9zdmciPjwvc3ZnPg==\" class=\"lazyload\" style=\"--smush-placeholder-width: 600px; --smush-placeholder-aspect-ratio: 600\/400;\"><\/p>\n\n<div><\/div>\n<\/div>\n<div>\n<p style=\"text-align: center; font-size: 10px; margin-bottom:0;\"><img decoding=\"async\" data-src=\"https:\/\/cgh.com.pl\/fr\/wp-content\/uploads\/2021\/05\/Cuve_pour-stockage-de-liquides-corrosifs-et-toxiques-2.jpg\" alt=\"Cuve pour stockage de liquides corrosifs et toxiques\" src=\"data:image\/svg+xml;base64,PHN2ZyB3aWR0aD0iMSIgaGVpZ2h0PSIxIiB4bWxucz0iaHR0cDovL3d3dy53My5vcmcvMjAwMC9zdmciPjwvc3ZnPg==\" class=\"lazyload\" style=\"--smush-placeholder-width: 600px; --smush-placeholder-aspect-ratio: 600\/400;\"><\/p>\n\n<div><\/div>\n<\/div>\n\n<div class=\"pair\">\n<p style=\"text-align: center; font-size: 10px; margin-bottom:0;\"><img decoding=\"async\" data-src=\"https:\/\/cgh.com.pl\/fr\/wp-content\/uploads\/2021\/05\/Cuve-pour-stockage-de-liquides-corrosifs-et-toxiques.jpg\" alt=\"Cuve pour stockage de liquides corrosifs et toxiques\" src=\"data:image\/svg+xml;base64,PHN2ZyB3aWR0aD0iMSIgaGVpZ2h0PSIxIiB4bWxucz0iaHR0cDovL3d3dy53My5vcmcvMjAwMC9zdmciPjwvc3ZnPg==\" class=\"lazyload\" style=\"--smush-placeholder-width: 600px; --smush-placeholder-aspect-ratio: 600\/400;\"><\/p>\n\n<div><\/div>\n<div><\/div>\n<\/div>\n<\/div>\n","protected":false},"excerpt":{"rendered":"<p>Cuve souterraine, cylindrique et \u00e0 double paroi La paroi interne est en acier inox 304L, la paroi externe en acier S235 Capacit\u00e9: 108 m3, diam\u00e8tre 2900 mm Mati\u00e8res stock\u00e9es: liquides corrosifs et toxiques Norme: EN12285-1 Pression op\u00e9rationnelle: atmosph\u00e9rique Temp\u00e9rature op\u00e9rationnelle: -20\u00b0C \/ +50\u00b0C La cuve est \u00e9quip\u00e9e avec un syst\u00e8me de d\u00e9tection de fuites, type [&hellip;]?<\/p>\n","protected":false},"author":1,"featured_media":0,"parent":17,"menu_order":0,"comment_status":"closed","ping_status":"closed","template":"page-products.php","meta":{"_acf_changed":false,"footnotes":""},"class_list":["post-179","page","type-page","status-publish","hentry"],"acf":[],"yoast_head":"<!-- This site is optimized with the Yoast SEO plugin v26.1.1 - https:\/\/yoast.com\/wordpress\/plugins\/seo\/ -->\n<title>Cuve pour stockage de liquides corrosifs et toxiques - CGH Group Sp. z o.o.<\/title>\n<meta name=\"robots\" content=\"index, follow, max-snippet:-1, max-image-preview:large, max-video-preview:-1\" \/>\n<link rel=\"canonical\" href=\"https:\/\/cgh.com.pl\/fr\/cuves-pour-lindustrie\/cuve-pour-stockage-de-liquides-corrosifs-et-toxiques\" \/>\n<meta property=\"og:locale\" content=\"fr_FR\" \/>\n<meta property=\"og:type\" content=\"article\" \/>\n<meta property=\"og:title\" content=\"Cuve pour stockage de liquides corrosifs et toxiques - CGH Group Sp. z o.o.\" \/>\n<meta property=\"og:description\" content=\"Cuve souterraine, cylindrique et \u00e0 double paroi La paroi interne est en acier inox 304L, la paroi externe en acier S235 Capacit\u00e9: 108 m3, diam\u00e8tre 2900 mm Mati\u00e8res stock\u00e9es: liquides corrosifs et toxiques Norme: EN12285-1 Pression op\u00e9rationnelle: atmosph\u00e9rique Temp\u00e9rature op\u00e9rationnelle: -20\u00b0C \/ +50\u00b0C La cuve est \u00e9quip\u00e9e avec un syst\u00e8me de d\u00e9tection de fuites, type [&hellip;]?\" \/>\n<meta property=\"og:url\" content=\"https:\/\/cgh.com.pl\/fr\/cuves-pour-lindustrie\/cuve-pour-stockage-de-liquides-corrosifs-et-toxiques\" \/>\n<meta property=\"og:site_name\" content=\"CGH Group Sp. z o.o.\" \/>\n<meta property=\"article:modified_time\" content=\"2022-07-28T07:49:54+00:00\" \/>\n<meta property=\"og:image\" content=\"https:\/\/cgh.com.pl\/fr\/wp-content\/uploads\/2021\/05\/Cuve-pour-stockage-de-liquides-corrosifs-et-toxiques-2.jpg\" \/>\n<meta name=\"twitter:card\" content=\"summary_large_image\" \/>\n<script type=\"application\/ld+json\" class=\"yoast-schema-graph\">{\"@context\":\"https:\/\/schema.org\",\"@graph\":[{\"@type\":\"WebPage\",\"@id\":\"https:\/\/cgh.com.pl\/fr\/cuves-pour-lindustrie\/cuve-pour-stockage-de-liquides-corrosifs-et-toxiques\",\"url\":\"https:\/\/cgh.com.pl\/fr\/cuves-pour-lindustrie\/cuve-pour-stockage-de-liquides-corrosifs-et-toxiques\",\"name\":\"Cuve pour stockage de liquides corrosifs et toxiques - CGH Group Sp. z o.o.\",\"isPartOf\":{\"@id\":\"https:\/\/cgh.com.pl\/fr\/#website\"},\"primaryImageOfPage\":{\"@id\":\"https:\/\/cgh.com.pl\/fr\/cuves-pour-lindustrie\/cuve-pour-stockage-de-liquides-corrosifs-et-toxiques#primaryimage\"},\"image\":{\"@id\":\"https:\/\/cgh.com.pl\/fr\/cuves-pour-lindustrie\/cuve-pour-stockage-de-liquides-corrosifs-et-toxiques#primaryimage\"},\"thumbnailUrl\":\"https:\/\/cgh.com.pl\/fr\/wp-content\/uploads\/2021\/05\/Cuve-pour-stockage-de-liquides-corrosifs-et-toxiques-2.jpg\",\"datePublished\":\"2020-12-02T21:58:56+00:00\",\"dateModified\":\"2022-07-28T07:49:54+00:00\",\"breadcrumb\":{\"@id\":\"https:\/\/cgh.com.pl\/fr\/cuves-pour-lindustrie\/cuve-pour-stockage-de-liquides-corrosifs-et-toxiques#breadcrumb\"},\"inLanguage\":\"fr-FR\",\"potentialAction\":[{\"@type\":\"ReadAction\",\"target\":[\"https:\/\/cgh.com.pl\/fr\/cuves-pour-lindustrie\/cuve-pour-stockage-de-liquides-corrosifs-et-toxiques\"]}]},{\"@type\":\"ImageObject\",\"inLanguage\":\"fr-FR\",\"@id\":\"https:\/\/cgh.com.pl\/fr\/cuves-pour-lindustrie\/cuve-pour-stockage-de-liquides-corrosifs-et-toxiques#primaryimage\",\"url\":\"https:\/\/cgh.com.pl\/fr\/wp-content\/uploads\/2021\/05\/Cuve-pour-stockage-de-liquides-corrosifs-et-toxiques-2.jpg\",\"contentUrl\":\"https:\/\/cgh.com.pl\/fr\/wp-content\/uploads\/2021\/05\/Cuve-pour-stockage-de-liquides-corrosifs-et-toxiques-2.jpg\",\"width\":600,\"height\":400,\"caption\":\"Cuve pour stockage de liquides corrosifs et toxiques\"},{\"@type\":\"BreadcrumbList\",\"@id\":\"https:\/\/cgh.com.pl\/fr\/cuves-pour-lindustrie\/cuve-pour-stockage-de-liquides-corrosifs-et-toxiques#breadcrumb\",\"itemListElement\":[{\"@type\":\"ListItem\",\"position\":1,\"name\":\"Strona g\u0142\u00f3wna\",\"item\":\"https:\/\/cgh.com.pl\/fr\/\"},{\"@type\":\"ListItem\",\"position\":2,\"name\":\"Cuves pour l\u2019industrie\",\"item\":\"https:\/\/cgh.com.pl\/fr\/cuves-pour-lindustrie\"},{\"@type\":\"ListItem\",\"position\":3,\"name\":\"Cuve pour stockage de liquides corrosifs et toxiques\"}]},{\"@type\":\"WebSite\",\"@id\":\"https:\/\/cgh.com.pl\/fr\/#website\",\"url\":\"https:\/\/cgh.com.pl\/fr\/\",\"name\":\"CGH Group Sp. z o.o.\",\"description\":\"\",\"publisher\":{\"@id\":\"https:\/\/cgh.com.pl\/fr\/#organization\"},\"potentialAction\":[{\"@type\":\"SearchAction\",\"target\":{\"@type\":\"EntryPoint\",\"urlTemplate\":\"https:\/\/cgh.com.pl\/fr\/?s={search_term_string}\"},\"query-input\":{\"@type\":\"PropertyValueSpecification\",\"valueRequired\":true,\"valueName\":\"search_term_string\"}}],\"inLanguage\":\"fr-FR\"},{\"@type\":\"Organization\",\"@id\":\"https:\/\/cgh.com.pl\/fr\/#organization\",\"name\":\"CGH Group Sp. z o.o.\",\"url\":\"https:\/\/cgh.com.pl\/fr\/\",\"logo\":{\"@type\":\"ImageObject\",\"inLanguage\":\"fr-FR\",\"@id\":\"https:\/\/cgh.com.pl\/fr\/#\/schema\/logo\/image\/\",\"url\":\"https:\/\/cgh.com.pl\/fr\/wp-content\/uploads\/2023\/05\/logoCGH.png\",\"contentUrl\":\"https:\/\/cgh.com.pl\/fr\/wp-content\/uploads\/2023\/05\/logoCGH.png\",\"width\":449,\"height\":162,\"caption\":\"CGH Group Sp. z o.o.\"},\"image\":{\"@id\":\"https:\/\/cgh.com.pl\/fr\/#\/schema\/logo\/image\/\"}}]}<\/script>\n<!-- \/ Yoast SEO plugin. -->","yoast_head_json":{"title":"Cuve pour stockage de liquides corrosifs et toxiques - CGH Group Sp. z o.o.","robots":{"index":"index","follow":"follow","max-snippet":"max-snippet:-1","max-image-preview":"max-image-preview:large","max-video-preview":"max-video-preview:-1"},"canonical":"https:\/\/cgh.com.pl\/fr\/cuves-pour-lindustrie\/cuve-pour-stockage-de-liquides-corrosifs-et-toxiques","og_locale":"fr_FR","og_type":"article","og_title":"Cuve pour stockage de liquides corrosifs et toxiques - CGH Group Sp. z o.o.","og_description":"Cuve souterraine, cylindrique et \u00e0 double paroi La paroi interne est en acier inox 304L, la paroi externe en acier S235 Capacit\u00e9: 108 m3, diam\u00e8tre 2900 mm Mati\u00e8res stock\u00e9es: liquides corrosifs et toxiques Norme: EN12285-1 Pression op\u00e9rationnelle: atmosph\u00e9rique Temp\u00e9rature op\u00e9rationnelle: -20\u00b0C \/ +50\u00b0C La cuve est \u00e9quip\u00e9e avec un syst\u00e8me de d\u00e9tection de fuites, type [&hellip;]?","og_url":"https:\/\/cgh.com.pl\/fr\/cuves-pour-lindustrie\/cuve-pour-stockage-de-liquides-corrosifs-et-toxiques","og_site_name":"CGH Group Sp. z o.o.","article_modified_time":"2022-07-28T07:49:54+00:00","og_image":[{"url":"https:\/\/cgh.com.pl\/fr\/wp-content\/uploads\/2021\/05\/Cuve-pour-stockage-de-liquides-corrosifs-et-toxiques-2.jpg","type":"","width":"","height":""}],"twitter_card":"summary_large_image","schema":{"@context":"https:\/\/schema.org","@graph":[{"@type":"WebPage","@id":"https:\/\/cgh.com.pl\/fr\/cuves-pour-lindustrie\/cuve-pour-stockage-de-liquides-corrosifs-et-toxiques","url":"https:\/\/cgh.com.pl\/fr\/cuves-pour-lindustrie\/cuve-pour-stockage-de-liquides-corrosifs-et-toxiques","name":"Cuve pour stockage de liquides corrosifs et toxiques - CGH Group Sp. z o.o.","isPartOf":{"@id":"https:\/\/cgh.com.pl\/fr\/#website"},"primaryImageOfPage":{"@id":"https:\/\/cgh.com.pl\/fr\/cuves-pour-lindustrie\/cuve-pour-stockage-de-liquides-corrosifs-et-toxiques#primaryimage"},"image":{"@id":"https:\/\/cgh.com.pl\/fr\/cuves-pour-lindustrie\/cuve-pour-stockage-de-liquides-corrosifs-et-toxiques#primaryimage"},"thumbnailUrl":"https:\/\/cgh.com.pl\/fr\/wp-content\/uploads\/2021\/05\/Cuve-pour-stockage-de-liquides-corrosifs-et-toxiques-2.jpg","datePublished":"2020-12-02T21:58:56+00:00","dateModified":"2022-07-28T07:49:54+00:00","breadcrumb":{"@id":"https:\/\/cgh.com.pl\/fr\/cuves-pour-lindustrie\/cuve-pour-stockage-de-liquides-corrosifs-et-toxiques#breadcrumb"},"inLanguage":"fr-FR","potentialAction":[{"@type":"ReadAction","target":["https:\/\/cgh.com.pl\/fr\/cuves-pour-lindustrie\/cuve-pour-stockage-de-liquides-corrosifs-et-toxiques"]}]},{"@type":"ImageObject","inLanguage":"fr-FR","@id":"https:\/\/cgh.com.pl\/fr\/cuves-pour-lindustrie\/cuve-pour-stockage-de-liquides-corrosifs-et-toxiques#primaryimage","url":"https:\/\/cgh.com.pl\/fr\/wp-content\/uploads\/2021\/05\/Cuve-pour-stockage-de-liquides-corrosifs-et-toxiques-2.jpg","contentUrl":"https:\/\/cgh.com.pl\/fr\/wp-content\/uploads\/2021\/05\/Cuve-pour-stockage-de-liquides-corrosifs-et-toxiques-2.jpg","width":600,"height":400,"caption":"Cuve pour stockage de liquides corrosifs et toxiques"},{"@type":"BreadcrumbList","@id":"https:\/\/cgh.com.pl\/fr\/cuves-pour-lindustrie\/cuve-pour-stockage-de-liquides-corrosifs-et-toxiques#breadcrumb","itemListElement":[{"@type":"ListItem","position":1,"name":"Strona g\u0142\u00f3wna","item":"https:\/\/cgh.com.pl\/fr\/"},{"@type":"ListItem","position":2,"name":"Cuves pour l\u2019industrie","item":"https:\/\/cgh.com.pl\/fr\/cuves-pour-lindustrie"},{"@type":"ListItem","position":3,"name":"Cuve pour stockage de liquides corrosifs et toxiques"}]},{"@type":"WebSite","@id":"https:\/\/cgh.com.pl\/fr\/#website","url":"https:\/\/cgh.com.pl\/fr\/","name":"CGH Group Sp. z o.o.","description":"","publisher":{"@id":"https:\/\/cgh.com.pl\/fr\/#organization"},"potentialAction":[{"@type":"SearchAction","target":{"@type":"EntryPoint","urlTemplate":"https:\/\/cgh.com.pl\/fr\/?s={search_term_string}"},"query-input":{"@type":"PropertyValueSpecification","valueRequired":true,"valueName":"search_term_string"}}],"inLanguage":"fr-FR"},{"@type":"Organization","@id":"https:\/\/cgh.com.pl\/fr\/#organization","name":"CGH Group Sp. z o.o.","url":"https:\/\/cgh.com.pl\/fr\/","logo":{"@type":"ImageObject","inLanguage":"fr-FR","@id":"https:\/\/cgh.com.pl\/fr\/#\/schema\/logo\/image\/","url":"https:\/\/cgh.com.pl\/fr\/wp-content\/uploads\/2023\/05\/logoCGH.png","contentUrl":"https:\/\/cgh.com.pl\/fr\/wp-content\/uploads\/2023\/05\/logoCGH.png","width":449,"height":162,"caption":"CGH Group Sp. z o.o."},"image":{"@id":"https:\/\/cgh.com.pl\/fr\/#\/schema\/logo\/image\/"}}]}},"_links":{"self":[{"href":"https:\/\/cgh.com.pl\/fr\/wp-json\/wp\/v2\/pages\/179","targetHints":{"allow":["GET"]}}],"collection":[{"href":"https:\/\/cgh.com.pl\/fr\/wp-json\/wp\/v2\/pages"}],"about":[{"href":"https:\/\/cgh.com.pl\/fr\/wp-json\/wp\/v2\/types\/page"}],"author":[{"embeddable":true,"href":"https:\/\/cgh.com.pl\/fr\/wp-json\/wp\/v2\/users\/1"}],"replies":[{"embeddable":true,"href":"https:\/\/cgh.com.pl\/fr\/wp-json\/wp\/v2\/comments?post=179"}],"version-history":[{"count":4,"href":"https:\/\/cgh.com.pl\/fr\/wp-json\/wp\/v2\/pages\/179\/revisions"}],"predecessor-version":[{"id":4207,"href":"https:\/\/cgh.com.pl\/fr\/wp-json\/wp\/v2\/pages\/179\/revisions\/4207"}],"up":[{"embeddable":true,"href":"https:\/\/cgh.com.pl\/fr\/wp-json\/wp\/v2\/pages\/17"}],"wp:attachment":[{"href":"https:\/\/cgh.com.pl\/fr\/wp-json\/wp\/v2\/media?parent=179"}],"curies":[{"name":"wp","href":"https:\/\/api.w.org\/{rel}","templated":true}]}}