{"id":1896,"date":"2021-06-10T13:30:58","date_gmt":"2021-06-10T11:30:58","guid":{"rendered":"https:\/\/cgh.com.pl\/fr\/?page_id=1896"},"modified":"2022-08-19T11:51:19","modified_gmt":"2022-08-19T09:51:19","slug":"cuves-pour-stockage-de-disulfurede-carbone","status":"publish","type":"page","link":"https:\/\/cgh.com.pl\/fr\/cuves-pour-lindustrie\/cuves-pour-stockage-de-disulfurede-carbone","title":{"rendered":"Cuves pour stockage de disulfurede carbone"},"content":{"rendered":"\n<p>R\u00e9alisations<\/p>\n\n\n\n<ul class=\"wp-block-list\"><li>Cuves a\u00e9riennes, cylindrique, \u00e0 simple paroi, en acier P265GH<\/li><li>Capacit\u00e9: 53 m3, diam\u00e8tre 2500 mm<\/li><li>Liquides stock\u00e9s: disulfure de carbone (CS2)<\/li><li>Norme: AD 2000<\/li><li>Pression op\u00e9rationnelle: 0,1 \u00e0 5 bar<\/li><li>Temp\u00e9rature op\u00e9rationnelle: -20\u00b0C \/ +30\u00b0C<\/li><li>Equip\u00e9e de renforcements externes, d\u2019abris soleil et d\u2019un syst\u00e8me Sprinkler pour refroidir<\/li><\/ul>\n\n\n\n<div class=\"photos large horizont\">\n<div class=\"first-zoom-photo\">\n<p style=\"text-align: center; font-size: 10px; margin-bottom:0; padding:0px;\"><img decoding=\"async\" data-src=\"https:\/\/cgh.com.pl\/wp-content\/uploads\/2022\/01\/Zbiornik-na-dwusiarczek_wegla.jpg\" alt=\"Cuves pour stockage de disulfure\nde carbone\" src=\"data:image\/svg+xml;base64,PHN2ZyB3aWR0aD0iMSIgaGVpZ2h0PSIxIiB4bWxucz0iaHR0cDovL3d3dy53My5vcmcvMjAwMC9zdmciPjwvc3ZnPg==\" class=\"lazyload\"><\/p>\n\n<div><\/div>\n<\/div>\n<div>\n<p style=\"text-align: center; font-size: 10px; margin-bottom:0; padding:0px;\"><img decoding=\"async\" data-src=\"https:\/\/cgh.com.pl\/wp-content\/uploads\/2022\/01\/Zbiornik-na-dwusiarczek-wegla.jpg\" alt=\"Cuves pour stockage de disulfure\nde carbone\" src=\"data:image\/svg+xml;base64,PHN2ZyB3aWR0aD0iMSIgaGVpZ2h0PSIxIiB4bWxucz0iaHR0cDovL3d3dy53My5vcmcvMjAwMC9zdmciPjwvc3ZnPg==\" class=\"lazyload\"><\/p>\n\n<div><\/div>\n<\/div>\n\n<div class=\"pair\">\n\n\n<div><\/div>\n<div><\/div>\n<\/div>\n<\/div>\n","protected":false},"excerpt":{"rendered":"<p>R\u00e9alisations Cuves a\u00e9riennes, cylindrique, \u00e0 simple paroi, en acier P265GH Capacit\u00e9: 53 m3, diam\u00e8tre 2500 mm Liquides stock\u00e9s: disulfure de carbone (CS2) Norme: AD 2000 Pression op\u00e9rationnelle: 0,1 \u00e0 5 bar Temp\u00e9rature op\u00e9rationnelle: -20\u00b0C \/ +30\u00b0C Equip\u00e9e de renforcements externes, d\u2019abris soleil et d\u2019un syst\u00e8me Sprinkler pour refroidir<\/p>\n","protected":false},"author":1,"featured_media":0,"parent":17,"menu_order":0,"comment_status":"closed","ping_status":"closed","template":"page-products.php","meta":{"_acf_changed":false,"footnotes":""},"class_list":["post-1896","page","type-page","status-publish","hentry"],"acf":[],"yoast_head":"<!-- This site is optimized with the Yoast SEO plugin v26.1.1 - https:\/\/yoast.com\/wordpress\/plugins\/seo\/ -->\n<title>Cuves pour stockage de disulfurede carbone - CGH Group Sp. z o.o.<\/title>\n<meta name=\"robots\" content=\"index, follow, max-snippet:-1, max-image-preview:large, max-video-preview:-1\" \/>\n<link rel=\"canonical\" href=\"https:\/\/cgh.com.pl\/fr\/cuves-pour-lindustrie\/cuves-pour-stockage-de-disulfurede-carbone\" \/>\n<meta property=\"og:locale\" content=\"fr_FR\" \/>\n<meta property=\"og:type\" content=\"article\" \/>\n<meta property=\"og:title\" content=\"Cuves pour stockage de disulfurede carbone - CGH Group Sp. z o.o.\" \/>\n<meta property=\"og:description\" content=\"R\u00e9alisations Cuves a\u00e9riennes, cylindrique, \u00e0 simple paroi, en acier P265GH Capacit\u00e9: 53 m3, diam\u00e8tre 2500 mm Liquides stock\u00e9s: disulfure de carbone (CS2) Norme: AD 2000 Pression op\u00e9rationnelle: 0,1 \u00e0 5 bar Temp\u00e9rature op\u00e9rationnelle: -20\u00b0C \/ +30\u00b0C Equip\u00e9e de renforcements externes, d\u2019abris soleil et d\u2019un syst\u00e8me Sprinkler pour refroidir\" \/>\n<meta property=\"og:url\" content=\"https:\/\/cgh.com.pl\/fr\/cuves-pour-lindustrie\/cuves-pour-stockage-de-disulfurede-carbone\" \/>\n<meta property=\"og:site_name\" content=\"CGH Group Sp. z o.o.\" \/>\n<meta property=\"article:modified_time\" content=\"2022-08-19T09:51:19+00:00\" \/>\n<meta property=\"og:image\" content=\"https:\/\/cgh.com.pl\/wp-content\/uploads\/2022\/01\/Zbiornik-na-dwusiarczek_wegla.jpg\" \/>\n<meta name=\"twitter:card\" content=\"summary_large_image\" \/>\n<script type=\"application\/ld+json\" class=\"yoast-schema-graph\">{\"@context\":\"https:\/\/schema.org\",\"@graph\":[{\"@type\":\"WebPage\",\"@id\":\"https:\/\/cgh.com.pl\/fr\/cuves-pour-lindustrie\/cuves-pour-stockage-de-disulfurede-carbone\",\"url\":\"https:\/\/cgh.com.pl\/fr\/cuves-pour-lindustrie\/cuves-pour-stockage-de-disulfurede-carbone\",\"name\":\"Cuves pour stockage de disulfurede carbone - CGH Group Sp. z o.o.\",\"isPartOf\":{\"@id\":\"https:\/\/cgh.com.pl\/fr\/#website\"},\"primaryImageOfPage\":{\"@id\":\"https:\/\/cgh.com.pl\/fr\/cuves-pour-lindustrie\/cuves-pour-stockage-de-disulfurede-carbone#primaryimage\"},\"image\":{\"@id\":\"https:\/\/cgh.com.pl\/fr\/cuves-pour-lindustrie\/cuves-pour-stockage-de-disulfurede-carbone#primaryimage\"},\"thumbnailUrl\":\"https:\/\/cgh.com.pl\/wp-content\/uploads\/2022\/01\/Zbiornik-na-dwusiarczek_wegla.jpg\",\"datePublished\":\"2021-06-10T11:30:58+00:00\",\"dateModified\":\"2022-08-19T09:51:19+00:00\",\"breadcrumb\":{\"@id\":\"https:\/\/cgh.com.pl\/fr\/cuves-pour-lindustrie\/cuves-pour-stockage-de-disulfurede-carbone#breadcrumb\"},\"inLanguage\":\"fr-FR\",\"potentialAction\":[{\"@type\":\"ReadAction\",\"target\":[\"https:\/\/cgh.com.pl\/fr\/cuves-pour-lindustrie\/cuves-pour-stockage-de-disulfurede-carbone\"]}]},{\"@type\":\"ImageObject\",\"inLanguage\":\"fr-FR\",\"@id\":\"https:\/\/cgh.com.pl\/fr\/cuves-pour-lindustrie\/cuves-pour-stockage-de-disulfurede-carbone#primaryimage\",\"url\":\"https:\/\/cgh.com.pl\/wp-content\/uploads\/2022\/01\/Zbiornik-na-dwusiarczek_wegla.jpg\",\"contentUrl\":\"https:\/\/cgh.com.pl\/wp-content\/uploads\/2022\/01\/Zbiornik-na-dwusiarczek_wegla.jpg\"},{\"@type\":\"BreadcrumbList\",\"@id\":\"https:\/\/cgh.com.pl\/fr\/cuves-pour-lindustrie\/cuves-pour-stockage-de-disulfurede-carbone#breadcrumb\",\"itemListElement\":[{\"@type\":\"ListItem\",\"position\":1,\"name\":\"Strona g\u0142\u00f3wna\",\"item\":\"https:\/\/cgh.com.pl\/fr\/\"},{\"@type\":\"ListItem\",\"position\":2,\"name\":\"Cuves pour l\u2019industrie\",\"item\":\"https:\/\/cgh.com.pl\/fr\/cuves-pour-lindustrie\"},{\"@type\":\"ListItem\",\"position\":3,\"name\":\"Cuves pour stockage de disulfurede carbone\"}]},{\"@type\":\"WebSite\",\"@id\":\"https:\/\/cgh.com.pl\/fr\/#website\",\"url\":\"https:\/\/cgh.com.pl\/fr\/\",\"name\":\"CGH Group Sp. z o.o.\",\"description\":\"\",\"publisher\":{\"@id\":\"https:\/\/cgh.com.pl\/fr\/#organization\"},\"potentialAction\":[{\"@type\":\"SearchAction\",\"target\":{\"@type\":\"EntryPoint\",\"urlTemplate\":\"https:\/\/cgh.com.pl\/fr\/?s={search_term_string}\"},\"query-input\":{\"@type\":\"PropertyValueSpecification\",\"valueRequired\":true,\"valueName\":\"search_term_string\"}}],\"inLanguage\":\"fr-FR\"},{\"@type\":\"Organization\",\"@id\":\"https:\/\/cgh.com.pl\/fr\/#organization\",\"name\":\"CGH Group Sp. z o.o.\",\"url\":\"https:\/\/cgh.com.pl\/fr\/\",\"logo\":{\"@type\":\"ImageObject\",\"inLanguage\":\"fr-FR\",\"@id\":\"https:\/\/cgh.com.pl\/fr\/#\/schema\/logo\/image\/\",\"url\":\"https:\/\/cgh.com.pl\/fr\/wp-content\/uploads\/2023\/05\/logoCGH.png\",\"contentUrl\":\"https:\/\/cgh.com.pl\/fr\/wp-content\/uploads\/2023\/05\/logoCGH.png\",\"width\":449,\"height\":162,\"caption\":\"CGH Group Sp. z o.o.\"},\"image\":{\"@id\":\"https:\/\/cgh.com.pl\/fr\/#\/schema\/logo\/image\/\"}}]}<\/script>\n<!-- \/ Yoast SEO plugin. -->","yoast_head_json":{"title":"Cuves pour stockage de disulfurede carbone - CGH Group Sp. z o.o.","robots":{"index":"index","follow":"follow","max-snippet":"max-snippet:-1","max-image-preview":"max-image-preview:large","max-video-preview":"max-video-preview:-1"},"canonical":"https:\/\/cgh.com.pl\/fr\/cuves-pour-lindustrie\/cuves-pour-stockage-de-disulfurede-carbone","og_locale":"fr_FR","og_type":"article","og_title":"Cuves pour stockage de disulfurede carbone - CGH Group Sp. z o.o.","og_description":"R\u00e9alisations Cuves a\u00e9riennes, cylindrique, \u00e0 simple paroi, en acier P265GH Capacit\u00e9: 53 m3, diam\u00e8tre 2500 mm Liquides stock\u00e9s: disulfure de carbone (CS2) Norme: AD 2000 Pression op\u00e9rationnelle: 0,1 \u00e0 5 bar Temp\u00e9rature op\u00e9rationnelle: -20\u00b0C \/ +30\u00b0C Equip\u00e9e de renforcements externes, d\u2019abris soleil et d\u2019un syst\u00e8me Sprinkler pour refroidir","og_url":"https:\/\/cgh.com.pl\/fr\/cuves-pour-lindustrie\/cuves-pour-stockage-de-disulfurede-carbone","og_site_name":"CGH Group Sp. z o.o.","article_modified_time":"2022-08-19T09:51:19+00:00","og_image":[{"url":"https:\/\/cgh.com.pl\/wp-content\/uploads\/2022\/01\/Zbiornik-na-dwusiarczek_wegla.jpg","type":"","width":"","height":""}],"twitter_card":"summary_large_image","schema":{"@context":"https:\/\/schema.org","@graph":[{"@type":"WebPage","@id":"https:\/\/cgh.com.pl\/fr\/cuves-pour-lindustrie\/cuves-pour-stockage-de-disulfurede-carbone","url":"https:\/\/cgh.com.pl\/fr\/cuves-pour-lindustrie\/cuves-pour-stockage-de-disulfurede-carbone","name":"Cuves pour stockage de disulfurede carbone - CGH Group Sp. z o.o.","isPartOf":{"@id":"https:\/\/cgh.com.pl\/fr\/#website"},"primaryImageOfPage":{"@id":"https:\/\/cgh.com.pl\/fr\/cuves-pour-lindustrie\/cuves-pour-stockage-de-disulfurede-carbone#primaryimage"},"image":{"@id":"https:\/\/cgh.com.pl\/fr\/cuves-pour-lindustrie\/cuves-pour-stockage-de-disulfurede-carbone#primaryimage"},"thumbnailUrl":"https:\/\/cgh.com.pl\/wp-content\/uploads\/2022\/01\/Zbiornik-na-dwusiarczek_wegla.jpg","datePublished":"2021-06-10T11:30:58+00:00","dateModified":"2022-08-19T09:51:19+00:00","breadcrumb":{"@id":"https:\/\/cgh.com.pl\/fr\/cuves-pour-lindustrie\/cuves-pour-stockage-de-disulfurede-carbone#breadcrumb"},"inLanguage":"fr-FR","potentialAction":[{"@type":"ReadAction","target":["https:\/\/cgh.com.pl\/fr\/cuves-pour-lindustrie\/cuves-pour-stockage-de-disulfurede-carbone"]}]},{"@type":"ImageObject","inLanguage":"fr-FR","@id":"https:\/\/cgh.com.pl\/fr\/cuves-pour-lindustrie\/cuves-pour-stockage-de-disulfurede-carbone#primaryimage","url":"https:\/\/cgh.com.pl\/wp-content\/uploads\/2022\/01\/Zbiornik-na-dwusiarczek_wegla.jpg","contentUrl":"https:\/\/cgh.com.pl\/wp-content\/uploads\/2022\/01\/Zbiornik-na-dwusiarczek_wegla.jpg"},{"@type":"BreadcrumbList","@id":"https:\/\/cgh.com.pl\/fr\/cuves-pour-lindustrie\/cuves-pour-stockage-de-disulfurede-carbone#breadcrumb","itemListElement":[{"@type":"ListItem","position":1,"name":"Strona g\u0142\u00f3wna","item":"https:\/\/cgh.com.pl\/fr\/"},{"@type":"ListItem","position":2,"name":"Cuves pour l\u2019industrie","item":"https:\/\/cgh.com.pl\/fr\/cuves-pour-lindustrie"},{"@type":"ListItem","position":3,"name":"Cuves pour stockage de disulfurede carbone"}]},{"@type":"WebSite","@id":"https:\/\/cgh.com.pl\/fr\/#website","url":"https:\/\/cgh.com.pl\/fr\/","name":"CGH Group Sp. z o.o.","description":"","publisher":{"@id":"https:\/\/cgh.com.pl\/fr\/#organization"},"potentialAction":[{"@type":"SearchAction","target":{"@type":"EntryPoint","urlTemplate":"https:\/\/cgh.com.pl\/fr\/?s={search_term_string}"},"query-input":{"@type":"PropertyValueSpecification","valueRequired":true,"valueName":"search_term_string"}}],"inLanguage":"fr-FR"},{"@type":"Organization","@id":"https:\/\/cgh.com.pl\/fr\/#organization","name":"CGH Group Sp. z o.o.","url":"https:\/\/cgh.com.pl\/fr\/","logo":{"@type":"ImageObject","inLanguage":"fr-FR","@id":"https:\/\/cgh.com.pl\/fr\/#\/schema\/logo\/image\/","url":"https:\/\/cgh.com.pl\/fr\/wp-content\/uploads\/2023\/05\/logoCGH.png","contentUrl":"https:\/\/cgh.com.pl\/fr\/wp-content\/uploads\/2023\/05\/logoCGH.png","width":449,"height":162,"caption":"CGH Group Sp. z o.o."},"image":{"@id":"https:\/\/cgh.com.pl\/fr\/#\/schema\/logo\/image\/"}}]}},"_links":{"self":[{"href":"https:\/\/cgh.com.pl\/fr\/wp-json\/wp\/v2\/pages\/1896","targetHints":{"allow":["GET"]}}],"collection":[{"href":"https:\/\/cgh.com.pl\/fr\/wp-json\/wp\/v2\/pages"}],"about":[{"href":"https:\/\/cgh.com.pl\/fr\/wp-json\/wp\/v2\/types\/page"}],"author":[{"embeddable":true,"href":"https:\/\/cgh.com.pl\/fr\/wp-json\/wp\/v2\/users\/1"}],"replies":[{"embeddable":true,"href":"https:\/\/cgh.com.pl\/fr\/wp-json\/wp\/v2\/comments?post=1896"}],"version-history":[{"count":6,"href":"https:\/\/cgh.com.pl\/fr\/wp-json\/wp\/v2\/pages\/1896\/revisions"}],"predecessor-version":[{"id":4310,"href":"https:\/\/cgh.com.pl\/fr\/wp-json\/wp\/v2\/pages\/1896\/revisions\/4310"}],"up":[{"embeddable":true,"href":"https:\/\/cgh.com.pl\/fr\/wp-json\/wp\/v2\/pages\/17"}],"wp:attachment":[{"href":"https:\/\/cgh.com.pl\/fr\/wp-json\/wp\/v2\/media?parent=1896"}],"curies":[{"name":"wp","href":"https:\/\/api.w.org\/{rel}","templated":true}]}}