{"id":197,"date":"2020-12-02T23:31:04","date_gmt":"2020-12-02T22:31:04","guid":{"rendered":"https:\/\/cgh.com.pl\/fr\/?page_id=197"},"modified":"2022-08-24T13:38:40","modified_gmt":"2022-08-24T11:38:40","slug":"cuve-pour-stockage-de-fuel-lourd","status":"publish","type":"page","link":"https:\/\/cgh.com.pl\/fr\/cuves-pour-lindustrie\/cuve-pour-stockage-de-fuel-lourd","title":{"rendered":"Cuve pour stockage de fuel lourd"},"content":{"rendered":"\n<p>R\u00e9alisations<\/p>\n\n\n\n<ul class=\"wp-block-list\"><li>Cuve a\u00e9rienne, verticale, \u00e0 double paroi et en acier S235<\/li><li>Capacit\u00e9: 107 m<sup>3<\/sup>, diam\u00e8tre 3400 mm<\/li><li>Liquide stock\u00e9: fuel lourd<\/li><li>Norme: AD2000<\/li><li>Pression op\u00e9rationnelle: atmosph\u00e9rique<\/li><li>Temp\u00e9rature op\u00e9rationnelle: -20\u2009\u00b0C \/ +60\u2009\u00b0C<\/li><li>La cuve est entour\u00e9e d\u2019un tuyau en acier 304L pour chauffage \u00e0 la vapeur sous pression. Un agitateur EeX de 7,5\u2009kW est install\u00e9 dans paroi lat\u00e9rale de la cuve. La cuve est calorifug\u00e9e avec 100\u2009m de laine (60\u2009kg\/m<sup>3<\/sup>) couverte de t\u00f4les de 0,7 mm en AL.ZN<\/li><\/ul>\n\n\n\n<div class=\"photos large\">\n<div class=\"first-zoom-photo\">\n<p style=\"text-align: center; font-size: 10px; margin-bottom:0;\"><img decoding=\"async\" data-src=\"https:\/\/cgh.com.pl\/fr\/wp-content\/uploads\/2021\/05\/tanks-for-fuel-oil-components.jpg\" alt=\"Cuve pour stockage de fuel lourd\" src=\"data:image\/svg+xml;base64,PHN2ZyB3aWR0aD0iMSIgaGVpZ2h0PSIxIiB4bWxucz0iaHR0cDovL3d3dy53My5vcmcvMjAwMC9zdmciPjwvc3ZnPg==\" class=\"lazyload\" style=\"--smush-placeholder-width: 600px; --smush-placeholder-aspect-ratio: 600\/400;\"><\/p>\n\n<div><\/div>\n<\/div>\n<div>\n<p style=\"text-align: center; font-size: 10px; margin-bottom:0;\"><img decoding=\"async\" data-src=\"https:\/\/cgh.com.pl\/fr\/wp-content\/uploads\/2021\/05\/Tanks-for-fuel-oil_components-2.jpg\" alt=\"Cuve pour stockage de fuel lourd\" src=\"data:image\/svg+xml;base64,PHN2ZyB3aWR0aD0iMSIgaGVpZ2h0PSIxIiB4bWxucz0iaHR0cDovL3d3dy53My5vcmcvMjAwMC9zdmciPjwvc3ZnPg==\" class=\"lazyload\" style=\"--smush-placeholder-width: 600px; --smush-placeholder-aspect-ratio: 600\/400;\"><\/p>\n\n<div><\/div>\n<\/div>\n\n<div class=\"pair\">\n\n\n<div><\/div>\n<div><\/div>\n<\/div>\n<\/div>\n","protected":false},"excerpt":{"rendered":"<p>R\u00e9alisations Cuve a\u00e9rienne, verticale, \u00e0 double paroi et en acier S235 Capacit\u00e9: 107 m3, diam\u00e8tre 3400 mm Liquide stock\u00e9: fuel lourd Norme: AD2000 Pression op\u00e9rationnelle: atmosph\u00e9rique Temp\u00e9rature op\u00e9rationnelle: -20\u2009\u00b0C \/ +60\u2009\u00b0C La cuve est entour\u00e9e d\u2019un tuyau en acier 304L pour chauffage \u00e0 la vapeur sous pression. Un agitateur EeX de 7,5\u2009kW est install\u00e9 dans [&hellip;]?<\/p>\n","protected":false},"author":1,"featured_media":0,"parent":17,"menu_order":0,"comment_status":"closed","ping_status":"closed","template":"page-products.php","meta":{"_acf_changed":false,"footnotes":""},"class_list":["post-197","page","type-page","status-publish","hentry"],"acf":[],"yoast_head":"<!-- This site is optimized with the Yoast SEO plugin v26.1.1 - https:\/\/yoast.com\/wordpress\/plugins\/seo\/ -->\n<title>Cuve pour stockage de fuel lourd - CGH Group Sp. z o.o.<\/title>\n<meta name=\"robots\" content=\"index, follow, max-snippet:-1, max-image-preview:large, max-video-preview:-1\" \/>\n<link rel=\"canonical\" href=\"https:\/\/cgh.com.pl\/fr\/cuves-pour-lindustrie\/cuve-pour-stockage-de-fuel-lourd\" \/>\n<meta property=\"og:locale\" content=\"fr_FR\" \/>\n<meta property=\"og:type\" content=\"article\" \/>\n<meta property=\"og:title\" content=\"Cuve pour stockage de fuel lourd - CGH Group Sp. z o.o.\" \/>\n<meta property=\"og:description\" content=\"R\u00e9alisations Cuve a\u00e9rienne, verticale, \u00e0 double paroi et en acier S235 Capacit\u00e9: 107 m3, diam\u00e8tre 3400 mm Liquide stock\u00e9: fuel lourd Norme: AD2000 Pression op\u00e9rationnelle: atmosph\u00e9rique Temp\u00e9rature op\u00e9rationnelle: -20\u2009\u00b0C \/ +60\u2009\u00b0C La cuve est entour\u00e9e d\u2019un tuyau en acier 304L pour chauffage \u00e0 la vapeur sous pression. Un agitateur EeX de 7,5\u2009kW est install\u00e9 dans [&hellip;]?\" \/>\n<meta property=\"og:url\" content=\"https:\/\/cgh.com.pl\/fr\/cuves-pour-lindustrie\/cuve-pour-stockage-de-fuel-lourd\" \/>\n<meta property=\"og:site_name\" content=\"CGH Group Sp. z o.o.\" \/>\n<meta property=\"article:modified_time\" content=\"2022-08-24T11:38:40+00:00\" \/>\n<meta property=\"og:image\" content=\"https:\/\/cgh.com.pl\/fr\/wp-content\/uploads\/2021\/05\/tanks-for-fuel-oil-components.jpg\" \/>\n<meta name=\"twitter:card\" content=\"summary_large_image\" \/>\n<script type=\"application\/ld+json\" class=\"yoast-schema-graph\">{\"@context\":\"https:\/\/schema.org\",\"@graph\":[{\"@type\":\"WebPage\",\"@id\":\"https:\/\/cgh.com.pl\/fr\/cuves-pour-lindustrie\/cuve-pour-stockage-de-fuel-lourd\",\"url\":\"https:\/\/cgh.com.pl\/fr\/cuves-pour-lindustrie\/cuve-pour-stockage-de-fuel-lourd\",\"name\":\"Cuve pour stockage de fuel lourd - CGH Group Sp. z o.o.\",\"isPartOf\":{\"@id\":\"https:\/\/cgh.com.pl\/fr\/#website\"},\"primaryImageOfPage\":{\"@id\":\"https:\/\/cgh.com.pl\/fr\/cuves-pour-lindustrie\/cuve-pour-stockage-de-fuel-lourd#primaryimage\"},\"image\":{\"@id\":\"https:\/\/cgh.com.pl\/fr\/cuves-pour-lindustrie\/cuve-pour-stockage-de-fuel-lourd#primaryimage\"},\"thumbnailUrl\":\"https:\/\/cgh.com.pl\/fr\/wp-content\/uploads\/2021\/05\/tanks-for-fuel-oil-components.jpg\",\"datePublished\":\"2020-12-02T22:31:04+00:00\",\"dateModified\":\"2022-08-24T11:38:40+00:00\",\"breadcrumb\":{\"@id\":\"https:\/\/cgh.com.pl\/fr\/cuves-pour-lindustrie\/cuve-pour-stockage-de-fuel-lourd#breadcrumb\"},\"inLanguage\":\"fr-FR\",\"potentialAction\":[{\"@type\":\"ReadAction\",\"target\":[\"https:\/\/cgh.com.pl\/fr\/cuves-pour-lindustrie\/cuve-pour-stockage-de-fuel-lourd\"]}]},{\"@type\":\"ImageObject\",\"inLanguage\":\"fr-FR\",\"@id\":\"https:\/\/cgh.com.pl\/fr\/cuves-pour-lindustrie\/cuve-pour-stockage-de-fuel-lourd#primaryimage\",\"url\":\"https:\/\/cgh.com.pl\/fr\/wp-content\/uploads\/2021\/05\/tanks-for-fuel-oil-components.jpg\",\"contentUrl\":\"https:\/\/cgh.com.pl\/fr\/wp-content\/uploads\/2021\/05\/tanks-for-fuel-oil-components.jpg\",\"width\":600,\"height\":400,\"caption\":\"Tanks for fuel oil components\"},{\"@type\":\"BreadcrumbList\",\"@id\":\"https:\/\/cgh.com.pl\/fr\/cuves-pour-lindustrie\/cuve-pour-stockage-de-fuel-lourd#breadcrumb\",\"itemListElement\":[{\"@type\":\"ListItem\",\"position\":1,\"name\":\"Strona g\u0142\u00f3wna\",\"item\":\"https:\/\/cgh.com.pl\/fr\/\"},{\"@type\":\"ListItem\",\"position\":2,\"name\":\"Cuves pour l\u2019industrie\",\"item\":\"https:\/\/cgh.com.pl\/fr\/cuves-pour-lindustrie\"},{\"@type\":\"ListItem\",\"position\":3,\"name\":\"Cuve pour stockage de fuel lourd\"}]},{\"@type\":\"WebSite\",\"@id\":\"https:\/\/cgh.com.pl\/fr\/#website\",\"url\":\"https:\/\/cgh.com.pl\/fr\/\",\"name\":\"CGH Group Sp. z o.o.\",\"description\":\"\",\"publisher\":{\"@id\":\"https:\/\/cgh.com.pl\/fr\/#organization\"},\"potentialAction\":[{\"@type\":\"SearchAction\",\"target\":{\"@type\":\"EntryPoint\",\"urlTemplate\":\"https:\/\/cgh.com.pl\/fr\/?s={search_term_string}\"},\"query-input\":{\"@type\":\"PropertyValueSpecification\",\"valueRequired\":true,\"valueName\":\"search_term_string\"}}],\"inLanguage\":\"fr-FR\"},{\"@type\":\"Organization\",\"@id\":\"https:\/\/cgh.com.pl\/fr\/#organization\",\"name\":\"CGH Group Sp. z o.o.\",\"url\":\"https:\/\/cgh.com.pl\/fr\/\",\"logo\":{\"@type\":\"ImageObject\",\"inLanguage\":\"fr-FR\",\"@id\":\"https:\/\/cgh.com.pl\/fr\/#\/schema\/logo\/image\/\",\"url\":\"https:\/\/cgh.com.pl\/fr\/wp-content\/uploads\/2023\/05\/logoCGH.png\",\"contentUrl\":\"https:\/\/cgh.com.pl\/fr\/wp-content\/uploads\/2023\/05\/logoCGH.png\",\"width\":449,\"height\":162,\"caption\":\"CGH Group Sp. z o.o.\"},\"image\":{\"@id\":\"https:\/\/cgh.com.pl\/fr\/#\/schema\/logo\/image\/\"}}]}<\/script>\n<!-- \/ Yoast SEO plugin. -->","yoast_head_json":{"title":"Cuve pour stockage de fuel lourd - CGH Group Sp. z o.o.","robots":{"index":"index","follow":"follow","max-snippet":"max-snippet:-1","max-image-preview":"max-image-preview:large","max-video-preview":"max-video-preview:-1"},"canonical":"https:\/\/cgh.com.pl\/fr\/cuves-pour-lindustrie\/cuve-pour-stockage-de-fuel-lourd","og_locale":"fr_FR","og_type":"article","og_title":"Cuve pour stockage de fuel lourd - CGH Group Sp. z o.o.","og_description":"R\u00e9alisations Cuve a\u00e9rienne, verticale, \u00e0 double paroi et en acier S235 Capacit\u00e9: 107 m3, diam\u00e8tre 3400 mm Liquide stock\u00e9: fuel lourd Norme: AD2000 Pression op\u00e9rationnelle: atmosph\u00e9rique Temp\u00e9rature op\u00e9rationnelle: -20\u2009\u00b0C \/ +60\u2009\u00b0C La cuve est entour\u00e9e d\u2019un tuyau en acier 304L pour chauffage \u00e0 la vapeur sous pression. Un agitateur EeX de 7,5\u2009kW est install\u00e9 dans [&hellip;]?","og_url":"https:\/\/cgh.com.pl\/fr\/cuves-pour-lindustrie\/cuve-pour-stockage-de-fuel-lourd","og_site_name":"CGH Group Sp. z o.o.","article_modified_time":"2022-08-24T11:38:40+00:00","og_image":[{"url":"https:\/\/cgh.com.pl\/fr\/wp-content\/uploads\/2021\/05\/tanks-for-fuel-oil-components.jpg","type":"","width":"","height":""}],"twitter_card":"summary_large_image","schema":{"@context":"https:\/\/schema.org","@graph":[{"@type":"WebPage","@id":"https:\/\/cgh.com.pl\/fr\/cuves-pour-lindustrie\/cuve-pour-stockage-de-fuel-lourd","url":"https:\/\/cgh.com.pl\/fr\/cuves-pour-lindustrie\/cuve-pour-stockage-de-fuel-lourd","name":"Cuve pour stockage de fuel lourd - CGH Group Sp. z o.o.","isPartOf":{"@id":"https:\/\/cgh.com.pl\/fr\/#website"},"primaryImageOfPage":{"@id":"https:\/\/cgh.com.pl\/fr\/cuves-pour-lindustrie\/cuve-pour-stockage-de-fuel-lourd#primaryimage"},"image":{"@id":"https:\/\/cgh.com.pl\/fr\/cuves-pour-lindustrie\/cuve-pour-stockage-de-fuel-lourd#primaryimage"},"thumbnailUrl":"https:\/\/cgh.com.pl\/fr\/wp-content\/uploads\/2021\/05\/tanks-for-fuel-oil-components.jpg","datePublished":"2020-12-02T22:31:04+00:00","dateModified":"2022-08-24T11:38:40+00:00","breadcrumb":{"@id":"https:\/\/cgh.com.pl\/fr\/cuves-pour-lindustrie\/cuve-pour-stockage-de-fuel-lourd#breadcrumb"},"inLanguage":"fr-FR","potentialAction":[{"@type":"ReadAction","target":["https:\/\/cgh.com.pl\/fr\/cuves-pour-lindustrie\/cuve-pour-stockage-de-fuel-lourd"]}]},{"@type":"ImageObject","inLanguage":"fr-FR","@id":"https:\/\/cgh.com.pl\/fr\/cuves-pour-lindustrie\/cuve-pour-stockage-de-fuel-lourd#primaryimage","url":"https:\/\/cgh.com.pl\/fr\/wp-content\/uploads\/2021\/05\/tanks-for-fuel-oil-components.jpg","contentUrl":"https:\/\/cgh.com.pl\/fr\/wp-content\/uploads\/2021\/05\/tanks-for-fuel-oil-components.jpg","width":600,"height":400,"caption":"Tanks for fuel oil components"},{"@type":"BreadcrumbList","@id":"https:\/\/cgh.com.pl\/fr\/cuves-pour-lindustrie\/cuve-pour-stockage-de-fuel-lourd#breadcrumb","itemListElement":[{"@type":"ListItem","position":1,"name":"Strona g\u0142\u00f3wna","item":"https:\/\/cgh.com.pl\/fr\/"},{"@type":"ListItem","position":2,"name":"Cuves pour l\u2019industrie","item":"https:\/\/cgh.com.pl\/fr\/cuves-pour-lindustrie"},{"@type":"ListItem","position":3,"name":"Cuve pour stockage de fuel lourd"}]},{"@type":"WebSite","@id":"https:\/\/cgh.com.pl\/fr\/#website","url":"https:\/\/cgh.com.pl\/fr\/","name":"CGH Group Sp. z o.o.","description":"","publisher":{"@id":"https:\/\/cgh.com.pl\/fr\/#organization"},"potentialAction":[{"@type":"SearchAction","target":{"@type":"EntryPoint","urlTemplate":"https:\/\/cgh.com.pl\/fr\/?s={search_term_string}"},"query-input":{"@type":"PropertyValueSpecification","valueRequired":true,"valueName":"search_term_string"}}],"inLanguage":"fr-FR"},{"@type":"Organization","@id":"https:\/\/cgh.com.pl\/fr\/#organization","name":"CGH Group Sp. z o.o.","url":"https:\/\/cgh.com.pl\/fr\/","logo":{"@type":"ImageObject","inLanguage":"fr-FR","@id":"https:\/\/cgh.com.pl\/fr\/#\/schema\/logo\/image\/","url":"https:\/\/cgh.com.pl\/fr\/wp-content\/uploads\/2023\/05\/logoCGH.png","contentUrl":"https:\/\/cgh.com.pl\/fr\/wp-content\/uploads\/2023\/05\/logoCGH.png","width":449,"height":162,"caption":"CGH Group Sp. z o.o."},"image":{"@id":"https:\/\/cgh.com.pl\/fr\/#\/schema\/logo\/image\/"}}]}},"_links":{"self":[{"href":"https:\/\/cgh.com.pl\/fr\/wp-json\/wp\/v2\/pages\/197","targetHints":{"allow":["GET"]}}],"collection":[{"href":"https:\/\/cgh.com.pl\/fr\/wp-json\/wp\/v2\/pages"}],"about":[{"href":"https:\/\/cgh.com.pl\/fr\/wp-json\/wp\/v2\/types\/page"}],"author":[{"embeddable":true,"href":"https:\/\/cgh.com.pl\/fr\/wp-json\/wp\/v2\/users\/1"}],"replies":[{"embeddable":true,"href":"https:\/\/cgh.com.pl\/fr\/wp-json\/wp\/v2\/comments?post=197"}],"version-history":[{"count":5,"href":"https:\/\/cgh.com.pl\/fr\/wp-json\/wp\/v2\/pages\/197\/revisions"}],"predecessor-version":[{"id":4386,"href":"https:\/\/cgh.com.pl\/fr\/wp-json\/wp\/v2\/pages\/197\/revisions\/4386"}],"up":[{"embeddable":true,"href":"https:\/\/cgh.com.pl\/fr\/wp-json\/wp\/v2\/pages\/17"}],"wp:attachment":[{"href":"https:\/\/cgh.com.pl\/fr\/wp-json\/wp\/v2\/media?parent=197"}],"curies":[{"name":"wp","href":"https:\/\/api.w.org\/{rel}","templated":true}]}}