{"id":207,"date":"2020-12-03T00:21:50","date_gmt":"2020-12-02T23:21:50","guid":{"rendered":"https:\/\/cgh.com.pl\/fr\/?page_id=207"},"modified":"2022-08-19T08:17:06","modified_gmt":"2022-08-19T06:17:06","slug":"cuves-pour-lalimentation-de-generateurs","status":"publish","type":"page","link":"https:\/\/cgh.com.pl\/fr\/cuves-pour-lindustrie\/cuves-pour-lalimentation-de-generateurs","title":{"rendered":"Cuves pour l\u2019alimentationde g\u00e9n\u00e9rateurs"},"content":{"rendered":"\n<ul class=\"wp-block-list\"><li>Cuves a\u00e9riennes, cylindriques, en double paroi et en acier S235<\/li><li>Capacit\u00e9: 2&#215;80 m<sup>3<\/sup> et 1x5m<sup>3<\/sup><\/li><li>Liquide stock\u00e9: diesel<\/li><li>Norme: EN12285-2<\/li><li>Pression op\u00e9rationnelle: atmosph\u00e9rique<\/li><li>Temp\u00e9rature op\u00e9rationnelle: -20\u00b0C \/ +50\u00b0C<\/li><li>Les cuves sont \u00e9quip\u00e9es avec une pompe de transfert vers la cuve journali\u00e8re de 5 m<sup>3<\/sup>.<\/li><\/ul>\n\n\n\n<p>Elles sont install\u00e9es sur ch\u00e2ssis pour pouvoir les d\u00e9placer facilement.<\/p>\n\n\n\n<div class=\"photos large\">\n<div class=\"first-zoom-photo\">\n<p style=\"text-align: center; font-size: 10px; margin-bottom:0;\"><img decoding=\"async\" data-src=\"https:\/\/cgh.com.pl\/fr\/wp-content\/uploads\/2022\/03\/diesel-tanks-for-supplying-power-generators.jpg\" alt=\"Cuves pour l\u2019alimentationde g\u00e9n\u00e9rateurs\" src=\"data:image\/svg+xml;base64,PHN2ZyB3aWR0aD0iMSIgaGVpZ2h0PSIxIiB4bWxucz0iaHR0cDovL3d3dy53My5vcmcvMjAwMC9zdmciPjwvc3ZnPg==\" class=\"lazyload\" style=\"--smush-placeholder-width: 600px; --smush-placeholder-aspect-ratio: 600\/400;\"><\/p>\n\n<div><\/div>\n<\/div>\n<div>\n<p style=\"text-align: center; font-size: 10px; margin-bottom:0;\"><img decoding=\"async\" data-src=\"https:\/\/cgh.com.pl\/fr\/wp-content\/uploads\/2021\/05\/Tanks-for-supplying-power-generators-01.jpg\" alt=\"Cuves pour l\u2019alimentationde g\u00e9n\u00e9rateurs\" src=\"data:image\/svg+xml;base64,PHN2ZyB3aWR0aD0iMSIgaGVpZ2h0PSIxIiB4bWxucz0iaHR0cDovL3d3dy53My5vcmcvMjAwMC9zdmciPjwvc3ZnPg==\" class=\"lazyload\" style=\"--smush-placeholder-width: 600px; --smush-placeholder-aspect-ratio: 600\/400;\"><\/p>\n\n<div><\/div>\n<\/div>\n\n<div class=\"pair\">\n<p style=\"text-align: center; font-size: 10px; margin-bottom:0;\"><img decoding=\"async\" data-src=\"https:\/\/cgh.com.pl\/fr\/wp-content\/uploads\/2021\/05\/Tanks-for-supplying-power-generators-a2.jpg\" alt=\"Cuves pour l\u2019alimentationde g\u00e9n\u00e9rateurs\" src=\"data:image\/svg+xml;base64,PHN2ZyB3aWR0aD0iMSIgaGVpZ2h0PSIxIiB4bWxucz0iaHR0cDovL3d3dy53My5vcmcvMjAwMC9zdmciPjwvc3ZnPg==\" class=\"lazyload\" style=\"--smush-placeholder-width: 600px; --smush-placeholder-aspect-ratio: 600\/400;\"><\/p>\n\n<div><\/div>\n<div><\/div>\n<\/div>\n<\/div>\n","protected":false},"excerpt":{"rendered":"<p>Cuves a\u00e9riennes, cylindriques, en double paroi et en acier S235 Capacit\u00e9: 2&#215;80 m3 et 1x5m3 Liquide stock\u00e9: diesel Norme: EN12285-2 Pression op\u00e9rationnelle: atmosph\u00e9rique Temp\u00e9rature op\u00e9rationnelle: -20\u00b0C \/ +50\u00b0C Les cuves sont \u00e9quip\u00e9es avec une pompe de transfert vers la cuve journali\u00e8re de 5 m3. Elles sont install\u00e9es sur ch\u00e2ssis pour pouvoir les d\u00e9placer facilement.<\/p>\n","protected":false},"author":1,"featured_media":0,"parent":17,"menu_order":0,"comment_status":"closed","ping_status":"closed","template":"page-products.php","meta":{"_acf_changed":false,"footnotes":""},"class_list":["post-207","page","type-page","status-publish","hentry"],"acf":[],"yoast_head":"<!-- This site is optimized with the Yoast SEO plugin v26.1.1 - https:\/\/yoast.com\/wordpress\/plugins\/seo\/ -->\n<title>Cuves pour l\u2019alimentationde g\u00e9n\u00e9rateurs - CGH Group Sp. z o.o.<\/title>\n<meta name=\"robots\" content=\"index, follow, max-snippet:-1, max-image-preview:large, max-video-preview:-1\" \/>\n<link rel=\"canonical\" href=\"https:\/\/cgh.com.pl\/fr\/cuves-pour-lindustrie\/cuves-pour-lalimentation-de-generateurs\" \/>\n<meta property=\"og:locale\" content=\"fr_FR\" \/>\n<meta property=\"og:type\" content=\"article\" \/>\n<meta property=\"og:title\" content=\"Cuves pour l\u2019alimentationde g\u00e9n\u00e9rateurs - CGH Group Sp. z o.o.\" \/>\n<meta property=\"og:description\" content=\"Cuves a\u00e9riennes, cylindriques, en double paroi et en acier S235 Capacit\u00e9: 2&#215;80 m3 et 1x5m3 Liquide stock\u00e9: diesel Norme: EN12285-2 Pression op\u00e9rationnelle: atmosph\u00e9rique Temp\u00e9rature op\u00e9rationnelle: -20\u00b0C \/ +50\u00b0C Les cuves sont \u00e9quip\u00e9es avec une pompe de transfert vers la cuve journali\u00e8re de 5 m3. Elles sont install\u00e9es sur ch\u00e2ssis pour pouvoir les d\u00e9placer facilement.\" \/>\n<meta property=\"og:url\" content=\"https:\/\/cgh.com.pl\/fr\/cuves-pour-lindustrie\/cuves-pour-lalimentation-de-generateurs\" \/>\n<meta property=\"og:site_name\" content=\"CGH Group Sp. z o.o.\" \/>\n<meta property=\"article:modified_time\" content=\"2022-08-19T06:17:06+00:00\" \/>\n<meta property=\"og:image\" content=\"https:\/\/cgh.com.pl\/fr\/wp-content\/uploads\/2022\/03\/diesel-tanks-for-supplying-power-generators.jpg\" \/>\n<meta name=\"twitter:card\" content=\"summary_large_image\" \/>\n<script type=\"application\/ld+json\" class=\"yoast-schema-graph\">{\"@context\":\"https:\/\/schema.org\",\"@graph\":[{\"@type\":\"WebPage\",\"@id\":\"https:\/\/cgh.com.pl\/fr\/cuves-pour-lindustrie\/cuves-pour-lalimentation-de-generateurs\",\"url\":\"https:\/\/cgh.com.pl\/fr\/cuves-pour-lindustrie\/cuves-pour-lalimentation-de-generateurs\",\"name\":\"Cuves pour l\u2019alimentationde g\u00e9n\u00e9rateurs - CGH Group Sp. z o.o.\",\"isPartOf\":{\"@id\":\"https:\/\/cgh.com.pl\/fr\/#website\"},\"primaryImageOfPage\":{\"@id\":\"https:\/\/cgh.com.pl\/fr\/cuves-pour-lindustrie\/cuves-pour-lalimentation-de-generateurs#primaryimage\"},\"image\":{\"@id\":\"https:\/\/cgh.com.pl\/fr\/cuves-pour-lindustrie\/cuves-pour-lalimentation-de-generateurs#primaryimage\"},\"thumbnailUrl\":\"https:\/\/cgh.com.pl\/fr\/wp-content\/uploads\/2022\/03\/diesel-tanks-for-supplying-power-generators.jpg\",\"datePublished\":\"2020-12-02T23:21:50+00:00\",\"dateModified\":\"2022-08-19T06:17:06+00:00\",\"breadcrumb\":{\"@id\":\"https:\/\/cgh.com.pl\/fr\/cuves-pour-lindustrie\/cuves-pour-lalimentation-de-generateurs#breadcrumb\"},\"inLanguage\":\"fr-FR\",\"potentialAction\":[{\"@type\":\"ReadAction\",\"target\":[\"https:\/\/cgh.com.pl\/fr\/cuves-pour-lindustrie\/cuves-pour-lalimentation-de-generateurs\"]}]},{\"@type\":\"ImageObject\",\"inLanguage\":\"fr-FR\",\"@id\":\"https:\/\/cgh.com.pl\/fr\/cuves-pour-lindustrie\/cuves-pour-lalimentation-de-generateurs#primaryimage\",\"url\":\"https:\/\/cgh.com.pl\/fr\/wp-content\/uploads\/2022\/03\/diesel-tanks-for-supplying-power-generators.jpg\",\"contentUrl\":\"https:\/\/cgh.com.pl\/fr\/wp-content\/uploads\/2022\/03\/diesel-tanks-for-supplying-power-generators.jpg\",\"width\":600,\"height\":400},{\"@type\":\"BreadcrumbList\",\"@id\":\"https:\/\/cgh.com.pl\/fr\/cuves-pour-lindustrie\/cuves-pour-lalimentation-de-generateurs#breadcrumb\",\"itemListElement\":[{\"@type\":\"ListItem\",\"position\":1,\"name\":\"Strona g\u0142\u00f3wna\",\"item\":\"https:\/\/cgh.com.pl\/fr\/\"},{\"@type\":\"ListItem\",\"position\":2,\"name\":\"Cuves pour l\u2019industrie\",\"item\":\"https:\/\/cgh.com.pl\/fr\/cuves-pour-lindustrie\"},{\"@type\":\"ListItem\",\"position\":3,\"name\":\"Cuves pour l\u2019alimentationde g\u00e9n\u00e9rateurs\"}]},{\"@type\":\"WebSite\",\"@id\":\"https:\/\/cgh.com.pl\/fr\/#website\",\"url\":\"https:\/\/cgh.com.pl\/fr\/\",\"name\":\"CGH Group Sp. z o.o.\",\"description\":\"\",\"publisher\":{\"@id\":\"https:\/\/cgh.com.pl\/fr\/#organization\"},\"potentialAction\":[{\"@type\":\"SearchAction\",\"target\":{\"@type\":\"EntryPoint\",\"urlTemplate\":\"https:\/\/cgh.com.pl\/fr\/?s={search_term_string}\"},\"query-input\":{\"@type\":\"PropertyValueSpecification\",\"valueRequired\":true,\"valueName\":\"search_term_string\"}}],\"inLanguage\":\"fr-FR\"},{\"@type\":\"Organization\",\"@id\":\"https:\/\/cgh.com.pl\/fr\/#organization\",\"name\":\"CGH Group Sp. z o.o.\",\"url\":\"https:\/\/cgh.com.pl\/fr\/\",\"logo\":{\"@type\":\"ImageObject\",\"inLanguage\":\"fr-FR\",\"@id\":\"https:\/\/cgh.com.pl\/fr\/#\/schema\/logo\/image\/\",\"url\":\"https:\/\/cgh.com.pl\/fr\/wp-content\/uploads\/2023\/05\/logoCGH.png\",\"contentUrl\":\"https:\/\/cgh.com.pl\/fr\/wp-content\/uploads\/2023\/05\/logoCGH.png\",\"width\":449,\"height\":162,\"caption\":\"CGH Group Sp. z o.o.\"},\"image\":{\"@id\":\"https:\/\/cgh.com.pl\/fr\/#\/schema\/logo\/image\/\"}}]}<\/script>\n<!-- \/ Yoast SEO plugin. -->","yoast_head_json":{"title":"Cuves pour l\u2019alimentationde g\u00e9n\u00e9rateurs - CGH Group Sp. z o.o.","robots":{"index":"index","follow":"follow","max-snippet":"max-snippet:-1","max-image-preview":"max-image-preview:large","max-video-preview":"max-video-preview:-1"},"canonical":"https:\/\/cgh.com.pl\/fr\/cuves-pour-lindustrie\/cuves-pour-lalimentation-de-generateurs","og_locale":"fr_FR","og_type":"article","og_title":"Cuves pour l\u2019alimentationde g\u00e9n\u00e9rateurs - CGH Group Sp. z o.o.","og_description":"Cuves a\u00e9riennes, cylindriques, en double paroi et en acier S235 Capacit\u00e9: 2&#215;80 m3 et 1x5m3 Liquide stock\u00e9: diesel Norme: EN12285-2 Pression op\u00e9rationnelle: atmosph\u00e9rique Temp\u00e9rature op\u00e9rationnelle: -20\u00b0C \/ +50\u00b0C Les cuves sont \u00e9quip\u00e9es avec une pompe de transfert vers la cuve journali\u00e8re de 5 m3. Elles sont install\u00e9es sur ch\u00e2ssis pour pouvoir les d\u00e9placer facilement.","og_url":"https:\/\/cgh.com.pl\/fr\/cuves-pour-lindustrie\/cuves-pour-lalimentation-de-generateurs","og_site_name":"CGH Group Sp. z o.o.","article_modified_time":"2022-08-19T06:17:06+00:00","og_image":[{"url":"https:\/\/cgh.com.pl\/fr\/wp-content\/uploads\/2022\/03\/diesel-tanks-for-supplying-power-generators.jpg","type":"","width":"","height":""}],"twitter_card":"summary_large_image","schema":{"@context":"https:\/\/schema.org","@graph":[{"@type":"WebPage","@id":"https:\/\/cgh.com.pl\/fr\/cuves-pour-lindustrie\/cuves-pour-lalimentation-de-generateurs","url":"https:\/\/cgh.com.pl\/fr\/cuves-pour-lindustrie\/cuves-pour-lalimentation-de-generateurs","name":"Cuves pour l\u2019alimentationde g\u00e9n\u00e9rateurs - CGH Group Sp. z o.o.","isPartOf":{"@id":"https:\/\/cgh.com.pl\/fr\/#website"},"primaryImageOfPage":{"@id":"https:\/\/cgh.com.pl\/fr\/cuves-pour-lindustrie\/cuves-pour-lalimentation-de-generateurs#primaryimage"},"image":{"@id":"https:\/\/cgh.com.pl\/fr\/cuves-pour-lindustrie\/cuves-pour-lalimentation-de-generateurs#primaryimage"},"thumbnailUrl":"https:\/\/cgh.com.pl\/fr\/wp-content\/uploads\/2022\/03\/diesel-tanks-for-supplying-power-generators.jpg","datePublished":"2020-12-02T23:21:50+00:00","dateModified":"2022-08-19T06:17:06+00:00","breadcrumb":{"@id":"https:\/\/cgh.com.pl\/fr\/cuves-pour-lindustrie\/cuves-pour-lalimentation-de-generateurs#breadcrumb"},"inLanguage":"fr-FR","potentialAction":[{"@type":"ReadAction","target":["https:\/\/cgh.com.pl\/fr\/cuves-pour-lindustrie\/cuves-pour-lalimentation-de-generateurs"]}]},{"@type":"ImageObject","inLanguage":"fr-FR","@id":"https:\/\/cgh.com.pl\/fr\/cuves-pour-lindustrie\/cuves-pour-lalimentation-de-generateurs#primaryimage","url":"https:\/\/cgh.com.pl\/fr\/wp-content\/uploads\/2022\/03\/diesel-tanks-for-supplying-power-generators.jpg","contentUrl":"https:\/\/cgh.com.pl\/fr\/wp-content\/uploads\/2022\/03\/diesel-tanks-for-supplying-power-generators.jpg","width":600,"height":400},{"@type":"BreadcrumbList","@id":"https:\/\/cgh.com.pl\/fr\/cuves-pour-lindustrie\/cuves-pour-lalimentation-de-generateurs#breadcrumb","itemListElement":[{"@type":"ListItem","position":1,"name":"Strona g\u0142\u00f3wna","item":"https:\/\/cgh.com.pl\/fr\/"},{"@type":"ListItem","position":2,"name":"Cuves pour l\u2019industrie","item":"https:\/\/cgh.com.pl\/fr\/cuves-pour-lindustrie"},{"@type":"ListItem","position":3,"name":"Cuves pour l\u2019alimentationde g\u00e9n\u00e9rateurs"}]},{"@type":"WebSite","@id":"https:\/\/cgh.com.pl\/fr\/#website","url":"https:\/\/cgh.com.pl\/fr\/","name":"CGH Group Sp. z o.o.","description":"","publisher":{"@id":"https:\/\/cgh.com.pl\/fr\/#organization"},"potentialAction":[{"@type":"SearchAction","target":{"@type":"EntryPoint","urlTemplate":"https:\/\/cgh.com.pl\/fr\/?s={search_term_string}"},"query-input":{"@type":"PropertyValueSpecification","valueRequired":true,"valueName":"search_term_string"}}],"inLanguage":"fr-FR"},{"@type":"Organization","@id":"https:\/\/cgh.com.pl\/fr\/#organization","name":"CGH Group Sp. z o.o.","url":"https:\/\/cgh.com.pl\/fr\/","logo":{"@type":"ImageObject","inLanguage":"fr-FR","@id":"https:\/\/cgh.com.pl\/fr\/#\/schema\/logo\/image\/","url":"https:\/\/cgh.com.pl\/fr\/wp-content\/uploads\/2023\/05\/logoCGH.png","contentUrl":"https:\/\/cgh.com.pl\/fr\/wp-content\/uploads\/2023\/05\/logoCGH.png","width":449,"height":162,"caption":"CGH Group Sp. z o.o."},"image":{"@id":"https:\/\/cgh.com.pl\/fr\/#\/schema\/logo\/image\/"}}]}},"_links":{"self":[{"href":"https:\/\/cgh.com.pl\/fr\/wp-json\/wp\/v2\/pages\/207","targetHints":{"allow":["GET"]}}],"collection":[{"href":"https:\/\/cgh.com.pl\/fr\/wp-json\/wp\/v2\/pages"}],"about":[{"href":"https:\/\/cgh.com.pl\/fr\/wp-json\/wp\/v2\/types\/page"}],"author":[{"embeddable":true,"href":"https:\/\/cgh.com.pl\/fr\/wp-json\/wp\/v2\/users\/1"}],"replies":[{"embeddable":true,"href":"https:\/\/cgh.com.pl\/fr\/wp-json\/wp\/v2\/comments?post=207"}],"version-history":[{"count":5,"href":"https:\/\/cgh.com.pl\/fr\/wp-json\/wp\/v2\/pages\/207\/revisions"}],"predecessor-version":[{"id":4215,"href":"https:\/\/cgh.com.pl\/fr\/wp-json\/wp\/v2\/pages\/207\/revisions\/4215"}],"up":[{"embeddable":true,"href":"https:\/\/cgh.com.pl\/fr\/wp-json\/wp\/v2\/pages\/17"}],"wp:attachment":[{"href":"https:\/\/cgh.com.pl\/fr\/wp-json\/wp\/v2\/media?parent=207"}],"curies":[{"name":"wp","href":"https:\/\/api.w.org\/{rel}","templated":true}]}}