{"id":212,"date":"2020-12-03T00:29:00","date_gmt":"2020-12-02T23:29:00","guid":{"rendered":"https:\/\/cgh.com.pl\/fr\/?page_id=212"},"modified":"2022-08-24T13:36:03","modified_gmt":"2022-08-24T11:36:03","slug":"cuves-pour-stockage-de-polyolset-isocyanates","status":"publish","type":"page","link":"https:\/\/cgh.com.pl\/fr\/cuves-pour-lindustrie\/cuves-pour-stockage-de-polyolset-isocyanates","title":{"rendered":"Cuves pour stockage de polyols et isocyanates"},"content":{"rendered":"\n<ul class=\"wp-block-list\"><li>Cuves a\u00e9riennes, verticales, \u00e0 simple paroi et en acier S235<\/li><li>Capacit\u00e9: 50 m<sup>3<\/sup>, diam\u00e8tre 3300 mm<\/li><li>Liquide stock\u00e9: polyols, isocyanates, TDI, MDI<\/li><li>Norme: AD2000<\/li><li>Pression op\u00e9rationnelle: jusqu\u2019\u00e0 0,5bar<\/li><li>Temp\u00e9rature op\u00e9rationnelle: +5\u00b0C \/ +40\u00b0C<\/li><li>Les cuves sont peintes en diff\u00e9rentes couleurs avec une peinture protective de classe C3M.<br>Les couleurs d\u00e9pendent de l\u2019emplacement de la cuves dans les halles de l\u2019usine. La protection contre la corrosion interne est obtenue avec de l\u2019huile, assurant ainsi la propret\u00e9 du liquide stock\u00e9.<\/li><\/ul>\n\n\n\n<div class=\"photos large\">\n<div class=\"first-zoom-photo\">\n<p style=\"text-align: center; font-size: 10px; margin-bottom:0;\"><img decoding=\"async\" data-src=\"https:\/\/cgh.com.pl\/fr\/wp-content\/uploads\/2021\/05\/tanks-for-polyols_and_isocyanates-2.jpg\" alt=\"Cuves pour stockage de polyols et isocyanates\" src=\"data:image\/svg+xml;base64,PHN2ZyB3aWR0aD0iMSIgaGVpZ2h0PSIxIiB4bWxucz0iaHR0cDovL3d3dy53My5vcmcvMjAwMC9zdmciPjwvc3ZnPg==\" class=\"lazyload\" style=\"--smush-placeholder-width: 600px; --smush-placeholder-aspect-ratio: 600\/400;\"><\/p>\n\n<div><\/div>\n<\/div>\n<div>\n<p style=\"text-align: center; font-size: 10px; margin-bottom:0;\"><img decoding=\"async\" data-src=\"https:\/\/cgh.com.pl\/fr\/wp-content\/uploads\/2021\/05\/tanks-for-polyols_and_isocyanates-1.jpg\" alt=\"Cuves pour stockage de polyols et isocyanates\" src=\"data:image\/svg+xml;base64,PHN2ZyB3aWR0aD0iMSIgaGVpZ2h0PSIxIiB4bWxucz0iaHR0cDovL3d3dy53My5vcmcvMjAwMC9zdmciPjwvc3ZnPg==\" class=\"lazyload\" style=\"--smush-placeholder-width: 600px; --smush-placeholder-aspect-ratio: 600\/400;\"><\/p>\n\n<div><\/div>\n<\/div>\n\n<div class=\"pair\">\n\n\n<div><\/div>\n<div><\/div>\n<\/div>\n<\/div>\n\n\n\n<div style=\"height:20px\" aria-hidden=\"true\" class=\"wp-block-spacer\"><\/div>\n\n\n\n<div class=\"wp-block-columns has-2-columns is-layout-flex wp-container-core-columns-is-layout-9d6595d7 wp-block-columns-is-layout-flex\">\n<div class=\"wp-block-column is-layout-flow wp-block-column-is-layout-flow\">\n<iframe data-src=\"https:\/\/www.youtube.com\/embed\/WnAtaEGf4tU\" frameborder=\"0\" allow=\"accelerometer; autoplay; encrypted-media; gyroscope; picture-in-picture\" allowfullscreen=\"\" src=\"data:image\/svg+xml;base64,PHN2ZyB3aWR0aD0iMSIgaGVpZ2h0PSIxIiB4bWxucz0iaHR0cDovL3d3dy53My5vcmcvMjAwMC9zdmciPjwvc3ZnPg==\" class=\"lazyload\" data-load-mode=\"1\"><\/iframe>\n<\/div>\n\n\n\n<div class=\"wp-block-column is-layout-flow wp-block-column-is-layout-flow\"><\/div>\n\n\n\n<div class=\"wp-block-column is-layout-flow wp-block-column-is-layout-flow\"><\/div>\n<\/div>\n","protected":false},"excerpt":{"rendered":"<p>Cuves a\u00e9riennes, verticales, \u00e0 simple paroi et en acier S235 Capacit\u00e9: 50 m3, diam\u00e8tre 3300 mm Liquide stock\u00e9: polyols, isocyanates, TDI, MDI Norme: AD2000 Pression op\u00e9rationnelle: jusqu\u2019\u00e0 0,5bar Temp\u00e9rature op\u00e9rationnelle: +5\u00b0C \/ +40\u00b0C Les cuves sont peintes en diff\u00e9rentes couleurs avec une peinture protective de classe C3M.Les couleurs d\u00e9pendent de l\u2019emplacement de la cuves dans [&hellip;]?<\/p>\n","protected":false},"author":1,"featured_media":0,"parent":17,"menu_order":0,"comment_status":"closed","ping_status":"closed","template":"page-products.php","meta":{"_acf_changed":false,"footnotes":""},"class_list":["post-212","page","type-page","status-publish","hentry"],"acf":[],"yoast_head":"<!-- This site is optimized with the Yoast SEO plugin v26.1.1 - https:\/\/yoast.com\/wordpress\/plugins\/seo\/ -->\n<title>Cuves pour stockage de polyols et isocyanates - CGH Group Sp. z o.o.<\/title>\n<meta name=\"robots\" content=\"index, follow, max-snippet:-1, max-image-preview:large, max-video-preview:-1\" \/>\n<link rel=\"canonical\" href=\"https:\/\/cgh.com.pl\/fr\/cuves-pour-lindustrie\/cuves-pour-stockage-de-polyolset-isocyanates\" \/>\n<meta property=\"og:locale\" content=\"fr_FR\" \/>\n<meta property=\"og:type\" content=\"article\" \/>\n<meta property=\"og:title\" content=\"Cuves pour stockage de polyols et isocyanates - CGH Group Sp. z o.o.\" \/>\n<meta property=\"og:description\" content=\"Cuves a\u00e9riennes, verticales, \u00e0 simple paroi et en acier S235 Capacit\u00e9: 50 m3, diam\u00e8tre 3300 mm Liquide stock\u00e9: polyols, isocyanates, TDI, MDI Norme: AD2000 Pression op\u00e9rationnelle: jusqu\u2019\u00e0 0,5bar Temp\u00e9rature op\u00e9rationnelle: +5\u00b0C \/ +40\u00b0C Les cuves sont peintes en diff\u00e9rentes couleurs avec une peinture protective de classe C3M.Les couleurs d\u00e9pendent de l\u2019emplacement de la cuves dans [&hellip;]?\" \/>\n<meta property=\"og:url\" content=\"https:\/\/cgh.com.pl\/fr\/cuves-pour-lindustrie\/cuves-pour-stockage-de-polyolset-isocyanates\" \/>\n<meta property=\"og:site_name\" content=\"CGH Group Sp. z o.o.\" \/>\n<meta property=\"article:modified_time\" content=\"2022-08-24T11:36:03+00:00\" \/>\n<meta property=\"og:image\" content=\"https:\/\/cgh.com.pl\/fr\/wp-content\/uploads\/2021\/05\/tanks-for-polyols_and_isocyanates-2.jpg\" \/>\n<meta name=\"twitter:card\" content=\"summary_large_image\" \/>\n<script type=\"application\/ld+json\" class=\"yoast-schema-graph\">{\"@context\":\"https:\/\/schema.org\",\"@graph\":[{\"@type\":\"WebPage\",\"@id\":\"https:\/\/cgh.com.pl\/fr\/cuves-pour-lindustrie\/cuves-pour-stockage-de-polyolset-isocyanates\",\"url\":\"https:\/\/cgh.com.pl\/fr\/cuves-pour-lindustrie\/cuves-pour-stockage-de-polyolset-isocyanates\",\"name\":\"Cuves pour stockage de polyols et isocyanates - CGH Group Sp. z o.o.\",\"isPartOf\":{\"@id\":\"https:\/\/cgh.com.pl\/fr\/#website\"},\"primaryImageOfPage\":{\"@id\":\"https:\/\/cgh.com.pl\/fr\/cuves-pour-lindustrie\/cuves-pour-stockage-de-polyolset-isocyanates#primaryimage\"},\"image\":{\"@id\":\"https:\/\/cgh.com.pl\/fr\/cuves-pour-lindustrie\/cuves-pour-stockage-de-polyolset-isocyanates#primaryimage\"},\"thumbnailUrl\":\"https:\/\/cgh.com.pl\/fr\/wp-content\/uploads\/2021\/05\/tanks-for-polyols_and_isocyanates-2.jpg\",\"datePublished\":\"2020-12-02T23:29:00+00:00\",\"dateModified\":\"2022-08-24T11:36:03+00:00\",\"breadcrumb\":{\"@id\":\"https:\/\/cgh.com.pl\/fr\/cuves-pour-lindustrie\/cuves-pour-stockage-de-polyolset-isocyanates#breadcrumb\"},\"inLanguage\":\"fr-FR\",\"potentialAction\":[{\"@type\":\"ReadAction\",\"target\":[\"https:\/\/cgh.com.pl\/fr\/cuves-pour-lindustrie\/cuves-pour-stockage-de-polyolset-isocyanates\"]}]},{\"@type\":\"ImageObject\",\"inLanguage\":\"fr-FR\",\"@id\":\"https:\/\/cgh.com.pl\/fr\/cuves-pour-lindustrie\/cuves-pour-stockage-de-polyolset-isocyanates#primaryimage\",\"url\":\"https:\/\/cgh.com.pl\/fr\/wp-content\/uploads\/2021\/05\/tanks-for-polyols_and_isocyanates-2.jpg\",\"contentUrl\":\"https:\/\/cgh.com.pl\/fr\/wp-content\/uploads\/2021\/05\/tanks-for-polyols_and_isocyanates-2.jpg\",\"width\":600,\"height\":400,\"caption\":\"Tanks to store polyols and isocyanates\"},{\"@type\":\"BreadcrumbList\",\"@id\":\"https:\/\/cgh.com.pl\/fr\/cuves-pour-lindustrie\/cuves-pour-stockage-de-polyolset-isocyanates#breadcrumb\",\"itemListElement\":[{\"@type\":\"ListItem\",\"position\":1,\"name\":\"Strona g\u0142\u00f3wna\",\"item\":\"https:\/\/cgh.com.pl\/fr\/\"},{\"@type\":\"ListItem\",\"position\":2,\"name\":\"Cuves pour l\u2019industrie\",\"item\":\"https:\/\/cgh.com.pl\/fr\/cuves-pour-lindustrie\"},{\"@type\":\"ListItem\",\"position\":3,\"name\":\"Cuves pour stockage de polyols et isocyanates\"}]},{\"@type\":\"WebSite\",\"@id\":\"https:\/\/cgh.com.pl\/fr\/#website\",\"url\":\"https:\/\/cgh.com.pl\/fr\/\",\"name\":\"CGH Group Sp. z o.o.\",\"description\":\"\",\"publisher\":{\"@id\":\"https:\/\/cgh.com.pl\/fr\/#organization\"},\"potentialAction\":[{\"@type\":\"SearchAction\",\"target\":{\"@type\":\"EntryPoint\",\"urlTemplate\":\"https:\/\/cgh.com.pl\/fr\/?s={search_term_string}\"},\"query-input\":{\"@type\":\"PropertyValueSpecification\",\"valueRequired\":true,\"valueName\":\"search_term_string\"}}],\"inLanguage\":\"fr-FR\"},{\"@type\":\"Organization\",\"@id\":\"https:\/\/cgh.com.pl\/fr\/#organization\",\"name\":\"CGH Group Sp. z o.o.\",\"url\":\"https:\/\/cgh.com.pl\/fr\/\",\"logo\":{\"@type\":\"ImageObject\",\"inLanguage\":\"fr-FR\",\"@id\":\"https:\/\/cgh.com.pl\/fr\/#\/schema\/logo\/image\/\",\"url\":\"https:\/\/cgh.com.pl\/fr\/wp-content\/uploads\/2023\/05\/logoCGH.png\",\"contentUrl\":\"https:\/\/cgh.com.pl\/fr\/wp-content\/uploads\/2023\/05\/logoCGH.png\",\"width\":449,\"height\":162,\"caption\":\"CGH Group Sp. z o.o.\"},\"image\":{\"@id\":\"https:\/\/cgh.com.pl\/fr\/#\/schema\/logo\/image\/\"}}]}<\/script>\n<!-- \/ Yoast SEO plugin. -->","yoast_head_json":{"title":"Cuves pour stockage de polyols et isocyanates - CGH Group Sp. z o.o.","robots":{"index":"index","follow":"follow","max-snippet":"max-snippet:-1","max-image-preview":"max-image-preview:large","max-video-preview":"max-video-preview:-1"},"canonical":"https:\/\/cgh.com.pl\/fr\/cuves-pour-lindustrie\/cuves-pour-stockage-de-polyolset-isocyanates","og_locale":"fr_FR","og_type":"article","og_title":"Cuves pour stockage de polyols et isocyanates - CGH Group Sp. z o.o.","og_description":"Cuves a\u00e9riennes, verticales, \u00e0 simple paroi et en acier S235 Capacit\u00e9: 50 m3, diam\u00e8tre 3300 mm Liquide stock\u00e9: polyols, isocyanates, TDI, MDI Norme: AD2000 Pression op\u00e9rationnelle: jusqu\u2019\u00e0 0,5bar Temp\u00e9rature op\u00e9rationnelle: +5\u00b0C \/ +40\u00b0C Les cuves sont peintes en diff\u00e9rentes couleurs avec une peinture protective de classe C3M.Les couleurs d\u00e9pendent de l\u2019emplacement de la cuves dans [&hellip;]?","og_url":"https:\/\/cgh.com.pl\/fr\/cuves-pour-lindustrie\/cuves-pour-stockage-de-polyolset-isocyanates","og_site_name":"CGH Group Sp. z o.o.","article_modified_time":"2022-08-24T11:36:03+00:00","og_image":[{"url":"https:\/\/cgh.com.pl\/fr\/wp-content\/uploads\/2021\/05\/tanks-for-polyols_and_isocyanates-2.jpg","type":"","width":"","height":""}],"twitter_card":"summary_large_image","schema":{"@context":"https:\/\/schema.org","@graph":[{"@type":"WebPage","@id":"https:\/\/cgh.com.pl\/fr\/cuves-pour-lindustrie\/cuves-pour-stockage-de-polyolset-isocyanates","url":"https:\/\/cgh.com.pl\/fr\/cuves-pour-lindustrie\/cuves-pour-stockage-de-polyolset-isocyanates","name":"Cuves pour stockage de polyols et isocyanates - CGH Group Sp. z o.o.","isPartOf":{"@id":"https:\/\/cgh.com.pl\/fr\/#website"},"primaryImageOfPage":{"@id":"https:\/\/cgh.com.pl\/fr\/cuves-pour-lindustrie\/cuves-pour-stockage-de-polyolset-isocyanates#primaryimage"},"image":{"@id":"https:\/\/cgh.com.pl\/fr\/cuves-pour-lindustrie\/cuves-pour-stockage-de-polyolset-isocyanates#primaryimage"},"thumbnailUrl":"https:\/\/cgh.com.pl\/fr\/wp-content\/uploads\/2021\/05\/tanks-for-polyols_and_isocyanates-2.jpg","datePublished":"2020-12-02T23:29:00+00:00","dateModified":"2022-08-24T11:36:03+00:00","breadcrumb":{"@id":"https:\/\/cgh.com.pl\/fr\/cuves-pour-lindustrie\/cuves-pour-stockage-de-polyolset-isocyanates#breadcrumb"},"inLanguage":"fr-FR","potentialAction":[{"@type":"ReadAction","target":["https:\/\/cgh.com.pl\/fr\/cuves-pour-lindustrie\/cuves-pour-stockage-de-polyolset-isocyanates"]}]},{"@type":"ImageObject","inLanguage":"fr-FR","@id":"https:\/\/cgh.com.pl\/fr\/cuves-pour-lindustrie\/cuves-pour-stockage-de-polyolset-isocyanates#primaryimage","url":"https:\/\/cgh.com.pl\/fr\/wp-content\/uploads\/2021\/05\/tanks-for-polyols_and_isocyanates-2.jpg","contentUrl":"https:\/\/cgh.com.pl\/fr\/wp-content\/uploads\/2021\/05\/tanks-for-polyols_and_isocyanates-2.jpg","width":600,"height":400,"caption":"Tanks to store polyols and isocyanates"},{"@type":"BreadcrumbList","@id":"https:\/\/cgh.com.pl\/fr\/cuves-pour-lindustrie\/cuves-pour-stockage-de-polyolset-isocyanates#breadcrumb","itemListElement":[{"@type":"ListItem","position":1,"name":"Strona g\u0142\u00f3wna","item":"https:\/\/cgh.com.pl\/fr\/"},{"@type":"ListItem","position":2,"name":"Cuves pour l\u2019industrie","item":"https:\/\/cgh.com.pl\/fr\/cuves-pour-lindustrie"},{"@type":"ListItem","position":3,"name":"Cuves pour stockage de polyols et isocyanates"}]},{"@type":"WebSite","@id":"https:\/\/cgh.com.pl\/fr\/#website","url":"https:\/\/cgh.com.pl\/fr\/","name":"CGH Group Sp. z o.o.","description":"","publisher":{"@id":"https:\/\/cgh.com.pl\/fr\/#organization"},"potentialAction":[{"@type":"SearchAction","target":{"@type":"EntryPoint","urlTemplate":"https:\/\/cgh.com.pl\/fr\/?s={search_term_string}"},"query-input":{"@type":"PropertyValueSpecification","valueRequired":true,"valueName":"search_term_string"}}],"inLanguage":"fr-FR"},{"@type":"Organization","@id":"https:\/\/cgh.com.pl\/fr\/#organization","name":"CGH Group Sp. z o.o.","url":"https:\/\/cgh.com.pl\/fr\/","logo":{"@type":"ImageObject","inLanguage":"fr-FR","@id":"https:\/\/cgh.com.pl\/fr\/#\/schema\/logo\/image\/","url":"https:\/\/cgh.com.pl\/fr\/wp-content\/uploads\/2023\/05\/logoCGH.png","contentUrl":"https:\/\/cgh.com.pl\/fr\/wp-content\/uploads\/2023\/05\/logoCGH.png","width":449,"height":162,"caption":"CGH Group Sp. z o.o."},"image":{"@id":"https:\/\/cgh.com.pl\/fr\/#\/schema\/logo\/image\/"}}]}},"_links":{"self":[{"href":"https:\/\/cgh.com.pl\/fr\/wp-json\/wp\/v2\/pages\/212","targetHints":{"allow":["GET"]}}],"collection":[{"href":"https:\/\/cgh.com.pl\/fr\/wp-json\/wp\/v2\/pages"}],"about":[{"href":"https:\/\/cgh.com.pl\/fr\/wp-json\/wp\/v2\/types\/page"}],"author":[{"embeddable":true,"href":"https:\/\/cgh.com.pl\/fr\/wp-json\/wp\/v2\/users\/1"}],"replies":[{"embeddable":true,"href":"https:\/\/cgh.com.pl\/fr\/wp-json\/wp\/v2\/comments?post=212"}],"version-history":[{"count":6,"href":"https:\/\/cgh.com.pl\/fr\/wp-json\/wp\/v2\/pages\/212\/revisions"}],"predecessor-version":[{"id":4384,"href":"https:\/\/cgh.com.pl\/fr\/wp-json\/wp\/v2\/pages\/212\/revisions\/4384"}],"up":[{"embeddable":true,"href":"https:\/\/cgh.com.pl\/fr\/wp-json\/wp\/v2\/pages\/17"}],"wp:attachment":[{"href":"https:\/\/cgh.com.pl\/fr\/wp-json\/wp\/v2\/media?parent=212"}],"curies":[{"name":"wp","href":"https:\/\/api.w.org\/{rel}","templated":true}]}}