{"id":2253,"date":"2022-02-08T10:43:59","date_gmt":"2022-02-08T09:43:59","guid":{"rendered":"https:\/\/cgh.com.pl\/fr\/?page_id=2253"},"modified":"2023-12-27T10:38:19","modified_gmt":"2023-12-27T09:38:19","slug":"construction","status":"publish","type":"page","link":"https:\/\/cgh.com.pl\/fr\/cgh-rtp-pipe\/construction","title":{"rendered":"CGH RTP PIPE design"},"content":{"rendered":"\n<div class=\"wp-block-columns is-layout-flex wp-container-core-columns-is-layout-9d6595d7 wp-block-columns-is-layout-flex\">\n<div class=\"wp-block-column is-layout-flow wp-block-column-is-layout-flow\">\n<h4 class=\"wp-block-heading\" id=\"rura-cgh-rtp-pipe-sklada-sie-z-3-warstw\">CGH RTP PIPE se compose de 3 couches:<\/h4>\n\n\n\n<p><strong>Rev\u00eatement interne<\/strong><\/p>\n\n\n\n<ul class=\"wp-block-list\">\n<li>NYLON (nylon r\u00e9sistant aux produits chimiques)<\/li>\n\n\n\n<li>FORTON (PPS = sulfure de ph\u00e9nyle)<\/li>\n<\/ul>\n\n\n\n<p><strong>Tresse en fibres d&rsquo;aramide<\/strong><\/p>\n\n\n\n<ul class=\"wp-block-list\">\n<li>Tissage radial (crois\u00e9) pour une meilleure r\u00e9sistance \u00e0 la pression<\/li>\n\n\n\n<li>Tissage longitudinal pour minimiser l&rsquo;allongement.<\/li>\n<\/ul>\n\n\n\n<p><strong>Rev\u00eatement ext\u00e9rieur<\/strong><\/p>\n\n\n\n<ul class=\"wp-block-list\">\n<li>Rev\u00eatement protecteur pour la tresse en PP ou en nylon.<\/li>\n<\/ul>\n\n\n\n<h4 class=\"wp-block-heading\">Param\u00e8tres d&rsquo;application<\/h4>\n\n\n\n<ul class=\"wp-block-list\">\n<li>pression de service: jusqu&rsquo;\u00e0 206 bars (en fonction du diam\u00e8tre du tuyau)<\/li>\n\n\n\n<li>temp\u00e9rature de service: jusqu&rsquo;\u00e0 121\u00b0C<\/li>\n\n\n\n<li>force de traction maximale: jusqu&rsquo;\u00e0 3 400 kg<\/li>\n\n\n\n<li>Compatibilit\u00e9 chimique: acides, alcalis, paraffine, gaz, H<sup>2<\/sup>S, CO<sup>2<\/sup>, saumures, condensats, substances, aromatiques, gaz de p\u00e9trole liqu\u00e9fi\u00e9.<\/li>\n\n\n\n<li>Diam\u00e8tre ext\u00e9rieur du tube: jusqu&rsquo;\u00e0 152 mm<\/li>\n\n\n\n<li>longueur de la bobine: entre 300 m et 3500 m<\/li>\n<\/ul>\n<\/div>\n\n\n\n<div class=\"wp-block-column is-layout-flow wp-block-column-is-layout-flow\">\n<figure class=\"wp-block-image size-full\"><img decoding=\"async\" width=\"800\" height=\"418\" data-src=\"https:\/\/cgh.com.pl\/fr\/wp-content\/uploads\/2022\/03\/construction-thermoflex.jpg\" alt=\"Construction CGH RTP PIPE\" class=\"wp-image-3318 img-fluid lazyload\" title=\"Construction CGH RTP PIPE\" data-srcset=\"https:\/\/cgh.com.pl\/fr\/wp-content\/uploads\/2022\/03\/construction-thermoflex.jpg 800w, https:\/\/cgh.com.pl\/fr\/wp-content\/uploads\/2022\/03\/construction-thermoflex-300x157.jpg 300w, https:\/\/cgh.com.pl\/fr\/wp-content\/uploads\/2022\/03\/construction-thermoflex-768x401.jpg 768w\" data-sizes=\"(max-width: 800px) 100vw, 800px\" src=\"data:image\/svg+xml;base64,PHN2ZyB3aWR0aD0iMSIgaGVpZ2h0PSIxIiB4bWxucz0iaHR0cDovL3d3dy53My5vcmcvMjAwMC9zdmciPjwvc3ZnPg==\" style=\"--smush-placeholder-width: 800px; --smush-placeholder-aspect-ratio: 800\/418;\" \/><\/figure>\n<\/div>\n<\/div>\n","protected":false},"excerpt":{"rendered":"<p>CGH RTP PIPE se compose de 3 couches: Rev\u00eatement interne Tresse en fibres d&rsquo;aramide Rev\u00eatement ext\u00e9rieur Param\u00e8tres d&rsquo;application<\/p>\n","protected":false},"author":1,"featured_media":0,"parent":40,"menu_order":0,"comment_status":"closed","ping_status":"closed","template":"page-products-with-second-menu.php","meta":{"_acf_changed":false,"footnotes":""},"class_list":["post-2253","page","type-page","status-publish","hentry"],"acf":[],"yoast_head":"<!-- This site is optimized with the Yoast SEO plugin v26.1.1 - https:\/\/yoast.com\/wordpress\/plugins\/seo\/ -->\n<title>CGH RTP PIPE design - CGH Group Sp. z o.o.<\/title>\n<meta name=\"robots\" content=\"index, follow, max-snippet:-1, max-image-preview:large, max-video-preview:-1\" \/>\n<link rel=\"canonical\" href=\"https:\/\/cgh.com.pl\/fr\/cgh-rtp-pipe\/construction\" \/>\n<meta property=\"og:locale\" content=\"fr_FR\" \/>\n<meta property=\"og:type\" content=\"article\" \/>\n<meta property=\"og:title\" content=\"CGH RTP PIPE design - CGH Group Sp. z o.o.\" \/>\n<meta property=\"og:description\" content=\"CGH RTP PIPE se compose de 3 couches: Rev\u00eatement interne Tresse en fibres d&rsquo;aramide Rev\u00eatement ext\u00e9rieur Param\u00e8tres d&rsquo;application\" \/>\n<meta property=\"og:url\" content=\"https:\/\/cgh.com.pl\/fr\/cgh-rtp-pipe\/construction\" \/>\n<meta property=\"og:site_name\" content=\"CGH Group Sp. z o.o.\" \/>\n<meta property=\"article:modified_time\" content=\"2023-12-27T09:38:19+00:00\" \/>\n<meta property=\"og:image\" content=\"https:\/\/cgh.com.pl\/fr\/wp-content\/uploads\/2022\/03\/construction-thermoflex.jpg\" \/>\n<meta name=\"twitter:card\" content=\"summary_large_image\" \/>\n<meta name=\"twitter:label1\" content=\"Dur\u00e9e de lecture estim\u00e9e\" \/>\n\t<meta name=\"twitter:data1\" content=\"1 minute\" \/>\n<script type=\"application\/ld+json\" class=\"yoast-schema-graph\">{\"@context\":\"https:\/\/schema.org\",\"@graph\":[{\"@type\":\"WebPage\",\"@id\":\"https:\/\/cgh.com.pl\/fr\/cgh-rtp-pipe\/construction\",\"url\":\"https:\/\/cgh.com.pl\/fr\/cgh-rtp-pipe\/construction\",\"name\":\"CGH RTP PIPE design - CGH Group Sp. z o.o.\",\"isPartOf\":{\"@id\":\"https:\/\/cgh.com.pl\/fr\/#website\"},\"primaryImageOfPage\":{\"@id\":\"https:\/\/cgh.com.pl\/fr\/cgh-rtp-pipe\/construction#primaryimage\"},\"image\":{\"@id\":\"https:\/\/cgh.com.pl\/fr\/cgh-rtp-pipe\/construction#primaryimage\"},\"thumbnailUrl\":\"https:\/\/cgh.com.pl\/fr\/wp-content\/uploads\/2022\/03\/construction-thermoflex.jpg\",\"datePublished\":\"2022-02-08T09:43:59+00:00\",\"dateModified\":\"2023-12-27T09:38:19+00:00\",\"breadcrumb\":{\"@id\":\"https:\/\/cgh.com.pl\/fr\/cgh-rtp-pipe\/construction#breadcrumb\"},\"inLanguage\":\"fr-FR\",\"potentialAction\":[{\"@type\":\"ReadAction\",\"target\":[\"https:\/\/cgh.com.pl\/fr\/cgh-rtp-pipe\/construction\"]}]},{\"@type\":\"ImageObject\",\"inLanguage\":\"fr-FR\",\"@id\":\"https:\/\/cgh.com.pl\/fr\/cgh-rtp-pipe\/construction#primaryimage\",\"url\":\"https:\/\/cgh.com.pl\/fr\/wp-content\/uploads\/2022\/03\/construction-thermoflex.jpg\",\"contentUrl\":\"https:\/\/cgh.com.pl\/fr\/wp-content\/uploads\/2022\/03\/construction-thermoflex.jpg\",\"width\":800,\"height\":418},{\"@type\":\"BreadcrumbList\",\"@id\":\"https:\/\/cgh.com.pl\/fr\/cgh-rtp-pipe\/construction#breadcrumb\",\"itemListElement\":[{\"@type\":\"ListItem\",\"position\":1,\"name\":\"Strona g\u0142\u00f3wna\",\"item\":\"https:\/\/cgh.com.pl\/fr\/\"},{\"@type\":\"ListItem\",\"position\":2,\"name\":\"CGH RTP pipe\",\"item\":\"https:\/\/cgh.com.pl\/fr\/cgh-rtp-pipe\"},{\"@type\":\"ListItem\",\"position\":3,\"name\":\"CGH RTP PIPE design\"}]},{\"@type\":\"WebSite\",\"@id\":\"https:\/\/cgh.com.pl\/fr\/#website\",\"url\":\"https:\/\/cgh.com.pl\/fr\/\",\"name\":\"CGH Group Sp. z o.o.\",\"description\":\"\",\"publisher\":{\"@id\":\"https:\/\/cgh.com.pl\/fr\/#organization\"},\"potentialAction\":[{\"@type\":\"SearchAction\",\"target\":{\"@type\":\"EntryPoint\",\"urlTemplate\":\"https:\/\/cgh.com.pl\/fr\/?s={search_term_string}\"},\"query-input\":{\"@type\":\"PropertyValueSpecification\",\"valueRequired\":true,\"valueName\":\"search_term_string\"}}],\"inLanguage\":\"fr-FR\"},{\"@type\":\"Organization\",\"@id\":\"https:\/\/cgh.com.pl\/fr\/#organization\",\"name\":\"CGH Group Sp. z o.o.\",\"url\":\"https:\/\/cgh.com.pl\/fr\/\",\"logo\":{\"@type\":\"ImageObject\",\"inLanguage\":\"fr-FR\",\"@id\":\"https:\/\/cgh.com.pl\/fr\/#\/schema\/logo\/image\/\",\"url\":\"https:\/\/cgh.com.pl\/fr\/wp-content\/uploads\/2023\/05\/logoCGH.png\",\"contentUrl\":\"https:\/\/cgh.com.pl\/fr\/wp-content\/uploads\/2023\/05\/logoCGH.png\",\"width\":449,\"height\":162,\"caption\":\"CGH Group Sp. z o.o.\"},\"image\":{\"@id\":\"https:\/\/cgh.com.pl\/fr\/#\/schema\/logo\/image\/\"}}]}<\/script>\n<!-- \/ Yoast SEO plugin. -->","yoast_head_json":{"title":"CGH RTP PIPE design - CGH Group Sp. z o.o.","robots":{"index":"index","follow":"follow","max-snippet":"max-snippet:-1","max-image-preview":"max-image-preview:large","max-video-preview":"max-video-preview:-1"},"canonical":"https:\/\/cgh.com.pl\/fr\/cgh-rtp-pipe\/construction","og_locale":"fr_FR","og_type":"article","og_title":"CGH RTP PIPE design - CGH Group Sp. z o.o.","og_description":"CGH RTP PIPE se compose de 3 couches: Rev\u00eatement interne Tresse en fibres d&rsquo;aramide Rev\u00eatement ext\u00e9rieur Param\u00e8tres d&rsquo;application","og_url":"https:\/\/cgh.com.pl\/fr\/cgh-rtp-pipe\/construction","og_site_name":"CGH Group Sp. z o.o.","article_modified_time":"2023-12-27T09:38:19+00:00","og_image":[{"url":"https:\/\/cgh.com.pl\/fr\/wp-content\/uploads\/2022\/03\/construction-thermoflex.jpg","type":"","width":"","height":""}],"twitter_card":"summary_large_image","twitter_misc":{"Dur\u00e9e de lecture estim\u00e9e":"1 minute"},"schema":{"@context":"https:\/\/schema.org","@graph":[{"@type":"WebPage","@id":"https:\/\/cgh.com.pl\/fr\/cgh-rtp-pipe\/construction","url":"https:\/\/cgh.com.pl\/fr\/cgh-rtp-pipe\/construction","name":"CGH RTP PIPE design - CGH Group Sp. z o.o.","isPartOf":{"@id":"https:\/\/cgh.com.pl\/fr\/#website"},"primaryImageOfPage":{"@id":"https:\/\/cgh.com.pl\/fr\/cgh-rtp-pipe\/construction#primaryimage"},"image":{"@id":"https:\/\/cgh.com.pl\/fr\/cgh-rtp-pipe\/construction#primaryimage"},"thumbnailUrl":"https:\/\/cgh.com.pl\/fr\/wp-content\/uploads\/2022\/03\/construction-thermoflex.jpg","datePublished":"2022-02-08T09:43:59+00:00","dateModified":"2023-12-27T09:38:19+00:00","breadcrumb":{"@id":"https:\/\/cgh.com.pl\/fr\/cgh-rtp-pipe\/construction#breadcrumb"},"inLanguage":"fr-FR","potentialAction":[{"@type":"ReadAction","target":["https:\/\/cgh.com.pl\/fr\/cgh-rtp-pipe\/construction"]}]},{"@type":"ImageObject","inLanguage":"fr-FR","@id":"https:\/\/cgh.com.pl\/fr\/cgh-rtp-pipe\/construction#primaryimage","url":"https:\/\/cgh.com.pl\/fr\/wp-content\/uploads\/2022\/03\/construction-thermoflex.jpg","contentUrl":"https:\/\/cgh.com.pl\/fr\/wp-content\/uploads\/2022\/03\/construction-thermoflex.jpg","width":800,"height":418},{"@type":"BreadcrumbList","@id":"https:\/\/cgh.com.pl\/fr\/cgh-rtp-pipe\/construction#breadcrumb","itemListElement":[{"@type":"ListItem","position":1,"name":"Strona g\u0142\u00f3wna","item":"https:\/\/cgh.com.pl\/fr\/"},{"@type":"ListItem","position":2,"name":"CGH RTP pipe","item":"https:\/\/cgh.com.pl\/fr\/cgh-rtp-pipe"},{"@type":"ListItem","position":3,"name":"CGH RTP PIPE design"}]},{"@type":"WebSite","@id":"https:\/\/cgh.com.pl\/fr\/#website","url":"https:\/\/cgh.com.pl\/fr\/","name":"CGH Group Sp. z o.o.","description":"","publisher":{"@id":"https:\/\/cgh.com.pl\/fr\/#organization"},"potentialAction":[{"@type":"SearchAction","target":{"@type":"EntryPoint","urlTemplate":"https:\/\/cgh.com.pl\/fr\/?s={search_term_string}"},"query-input":{"@type":"PropertyValueSpecification","valueRequired":true,"valueName":"search_term_string"}}],"inLanguage":"fr-FR"},{"@type":"Organization","@id":"https:\/\/cgh.com.pl\/fr\/#organization","name":"CGH Group Sp. z o.o.","url":"https:\/\/cgh.com.pl\/fr\/","logo":{"@type":"ImageObject","inLanguage":"fr-FR","@id":"https:\/\/cgh.com.pl\/fr\/#\/schema\/logo\/image\/","url":"https:\/\/cgh.com.pl\/fr\/wp-content\/uploads\/2023\/05\/logoCGH.png","contentUrl":"https:\/\/cgh.com.pl\/fr\/wp-content\/uploads\/2023\/05\/logoCGH.png","width":449,"height":162,"caption":"CGH Group Sp. z o.o."},"image":{"@id":"https:\/\/cgh.com.pl\/fr\/#\/schema\/logo\/image\/"}}]}},"_links":{"self":[{"href":"https:\/\/cgh.com.pl\/fr\/wp-json\/wp\/v2\/pages\/2253","targetHints":{"allow":["GET"]}}],"collection":[{"href":"https:\/\/cgh.com.pl\/fr\/wp-json\/wp\/v2\/pages"}],"about":[{"href":"https:\/\/cgh.com.pl\/fr\/wp-json\/wp\/v2\/types\/page"}],"author":[{"embeddable":true,"href":"https:\/\/cgh.com.pl\/fr\/wp-json\/wp\/v2\/users\/1"}],"replies":[{"embeddable":true,"href":"https:\/\/cgh.com.pl\/fr\/wp-json\/wp\/v2\/comments?post=2253"}],"version-history":[{"count":13,"href":"https:\/\/cgh.com.pl\/fr\/wp-json\/wp\/v2\/pages\/2253\/revisions"}],"predecessor-version":[{"id":5218,"href":"https:\/\/cgh.com.pl\/fr\/wp-json\/wp\/v2\/pages\/2253\/revisions\/5218"}],"up":[{"embeddable":true,"href":"https:\/\/cgh.com.pl\/fr\/wp-json\/wp\/v2\/pages\/40"}],"wp:attachment":[{"href":"https:\/\/cgh.com.pl\/fr\/wp-json\/wp\/v2\/media?parent=2253"}],"curies":[{"name":"wp","href":"https:\/\/api.w.org\/{rel}","templated":true}]}}