{"id":2269,"date":"2022-02-08T14:04:35","date_gmt":"2022-02-08T13:04:35","guid":{"rendered":"https:\/\/cgh.com.pl\/fr\/?page_id=2269"},"modified":"2023-12-27T10:31:29","modified_gmt":"2023-12-27T09:31:29","slug":"installation","status":"publish","type":"page","link":"https:\/\/cgh.com.pl\/fr\/cgh-rtp-pipe\/installation","title":{"rendered":"Installation du CGH RTP PIPE"},"content":{"rendered":"\n<h4 class=\"wp-block-heading\" id=\"maszyna-dociskowatechnologia-cgh-rtp-pipe-pozwala-na-laczenie-rur-wysokiego-cisnienia-bez-spawania-lub-gwintowania\">Machine de pressage<\/h4>\n\n\n\n<p id=\"maszyna-dociskowatechnologia-cgh-rtp-pipe-pozwala-na-laczenie-rur-wysokiego-cisnienia-bez-spawania-lub-gwintowania\">La technologie CGH RTP PIPE permet de raccorder des tuyaux \u00e0 haute pression sans soudure ni filetage.<\/p>\n\n\n\n<figure class=\"wp-block-image size-full\"><img decoding=\"async\" width=\"800\" height=\"176\" data-src=\"https:\/\/cgh.com.pl\/fr\/wp-content\/uploads\/2022\/02\/thermoflex.jpg\" alt=\"CGH RTP PIPE installation - Machine de presse\" class=\"wp-image-2274 img-fluid lazyload\" title=\"Installation CGH RTP PIPE - Clamping machine\" data-srcset=\"https:\/\/cgh.com.pl\/fr\/wp-content\/uploads\/2022\/02\/thermoflex.jpg 800w, https:\/\/cgh.com.pl\/fr\/wp-content\/uploads\/2022\/02\/thermoflex-300x66.jpg 300w, https:\/\/cgh.com.pl\/fr\/wp-content\/uploads\/2022\/02\/thermoflex-768x169.jpg 768w\" data-sizes=\"(max-width: 800px) 100vw, 800px\" src=\"data:image\/svg+xml;base64,PHN2ZyB3aWR0aD0iMSIgaGVpZ2h0PSIxIiB4bWxucz0iaHR0cDovL3d3dy53My5vcmcvMjAwMC9zdmciPjwvc3ZnPg==\" style=\"--smush-placeholder-width: 800px; --smush-placeholder-aspect-ratio: 800\/176;\" \/><\/figure>\n\n\n\n<h4 class=\"wp-block-heading\" id=\"system-laczenia-cgh-rtp-pipe\">Syst\u00e8me de jonction CGH RTP PIPE<\/h4>\n\n\n\n<p>Le syst\u00e8me de jonction CGH RTP PIPE est adapt\u00e9 \u00e0 toute forme d&rsquo;installation de transmission. Le montage s&rsquo;effectue sur site \u00e0 l&rsquo;aide d&rsquo;un appareil manuel ou d&rsquo;une machine pneumatique.<\/p>\n\n\n\n<div class=\"wp-block-columns is-layout-flex wp-container-core-columns-is-layout-9d6595d7 wp-block-columns-is-layout-flex\">\n<div class=\"wp-block-column is-layout-flow wp-block-column-is-layout-flow\">\n<h4 class=\"wp-block-heading\" id=\"laczenie-spawane\">Raccordement soud\u00e9<\/h4>\n\n\n\n<p>permet de souder le CGH RTP PIPE \u00e0 d&rsquo;autres composants standard.<\/p>\n\n\n\n<figure class=\"wp-block-image size-full\"><img decoding=\"async\" width=\"300\" height=\"210\" data-src=\"https:\/\/cgh.com.pl\/fr\/wp-content\/uploads\/2022\/02\/cgh-rtp-pipe-installation-welded-connection.jpg\" alt=\"CGH RTP PIPE installations - connexion par soudage\" class=\"wp-image-2278 img-fluid lazyload\" title=\"Installation CGH RTP PIPE - Welded connection\" src=\"data:image\/svg+xml;base64,PHN2ZyB3aWR0aD0iMSIgaGVpZ2h0PSIxIiB4bWxucz0iaHR0cDovL3d3dy53My5vcmcvMjAwMC9zdmciPjwvc3ZnPg==\" style=\"--smush-placeholder-width: 300px; --smush-placeholder-aspect-ratio: 300\/210;\" \/><\/figure>\n<\/div>\n\n\n\n<div class=\"wp-block-column is-layout-flow wp-block-column-is-layout-flow\">\n<h4 class=\"wp-block-heading\" id=\"laczenie-kolnierzowe\">Raccordement \u00e0 bride<\/h4>\n\n\n\n<p>est le plus souvent utilis\u00e9 pour se raccorder \u00e0 d&rsquo;autres composants de tuyauterie standard.<\/p>\n\n\n\n<figure class=\"wp-block-image size-full\"><img decoding=\"async\" width=\"300\" height=\"229\" data-src=\"https:\/\/cgh.com.pl\/fr\/wp-content\/uploads\/2022\/02\/cgh-rtp-pipe-installation-flange-connection.jpg\" alt=\"CGH RTP PIPE installations - connexion \u00e0 bride\" class=\"wp-image-2279 img-fluid lazyload\" title=\"Installation CGH RTP PIPE - Flange connection\" src=\"data:image\/svg+xml;base64,PHN2ZyB3aWR0aD0iMSIgaGVpZ2h0PSIxIiB4bWxucz0iaHR0cDovL3d3dy53My5vcmcvMjAwMC9zdmciPjwvc3ZnPg==\" style=\"--smush-placeholder-width: 300px; --smush-placeholder-aspect-ratio: 300\/229;\" \/><\/figure>\n<\/div>\n\n\n\n<div class=\"wp-block-column is-layout-flow wp-block-column-is-layout-flow\">\n<h4 class=\"wp-block-heading\" id=\"laczenie-rura-z-rura\">Raccordement de tuyau \u00e0 tuyau<\/h4>\n\n\n\n<p>le joint le plus populaire pour deux tuyaux CGH RTP PIPE.<\/p>\n\n\n\n<figure class=\"wp-block-image\"><img decoding=\"async\" data-src=\"https:\/\/cgh.com.pl\/fr\/wp-content\/uploads\/2016\/04\/thermoflex5.jpg\" alt=\"Installation Thermoflex - Raccordement de tube \u00e0 tube\" title=\"Installation CGH RTP PIPE - Connecting pipe with the pipe\" src=\"data:image\/svg+xml;base64,PHN2ZyB3aWR0aD0iMSIgaGVpZ2h0PSIxIiB4bWxucz0iaHR0cDovL3d3dy53My5vcmcvMjAwMC9zdmciPjwvc3ZnPg==\" class=\"lazyload\" \/><\/figure>\n<\/div>\n<\/div>\n\n\n\n<div class=\"wp-block-columns is-layout-flex wp-container-core-columns-is-layout-9d6595d7 wp-block-columns-is-layout-flex\">\n<div class=\"wp-block-column is-layout-flow wp-block-column-is-layout-flow\"><div class=\"wp-block-image\">\n<figure class=\"aligncenter size-full\"><img decoding=\"async\" width=\"312\" height=\"337\" data-src=\"https:\/\/cgh.com.pl\/fr\/wp-content\/uploads\/2022\/02\/cgh-rtp-pipe_photo-4.jpg\" alt=\"\" class=\"wp-image-2289 img-fluid lazyload\" data-srcset=\"https:\/\/cgh.com.pl\/fr\/wp-content\/uploads\/2022\/02\/cgh-rtp-pipe_photo-4.jpg 312w, https:\/\/cgh.com.pl\/fr\/wp-content\/uploads\/2022\/02\/cgh-rtp-pipe_photo-4-278x300.jpg 278w\" data-sizes=\"(max-width: 312px) 100vw, 312px\" src=\"data:image\/svg+xml;base64,PHN2ZyB3aWR0aD0iMSIgaGVpZ2h0PSIxIiB4bWxucz0iaHR0cDovL3d3dy53My5vcmcvMjAwMC9zdmciPjwvc3ZnPg==\" style=\"--smush-placeholder-width: 312px; --smush-placeholder-aspect-ratio: 312\/337;\" \/><\/figure><\/div><\/div>\n\n\n\n<div class=\"wp-block-column is-layout-flow wp-block-column-is-layout-flow\"><div class=\"wp-block-image\">\n<figure class=\"aligncenter size-full\"><img decoding=\"async\" width=\"316\" height=\"337\" data-src=\"https:\/\/cgh.com.pl\/fr\/wp-content\/uploads\/2022\/02\/cgh-rtp-pipe_photo4.jpg\" alt=\"\" class=\"wp-image-2290 img-fluid lazyload\" data-srcset=\"https:\/\/cgh.com.pl\/fr\/wp-content\/uploads\/2022\/02\/cgh-rtp-pipe_photo4.jpg 316w, https:\/\/cgh.com.pl\/fr\/wp-content\/uploads\/2022\/02\/cgh-rtp-pipe_photo4-281x300.jpg 281w\" data-sizes=\"(max-width: 316px) 100vw, 316px\" src=\"data:image\/svg+xml;base64,PHN2ZyB3aWR0aD0iMSIgaGVpZ2h0PSIxIiB4bWxucz0iaHR0cDovL3d3dy53My5vcmcvMjAwMC9zdmciPjwvc3ZnPg==\" style=\"--smush-placeholder-width: 316px; --smush-placeholder-aspect-ratio: 316\/337;\" \/><\/figure><\/div><\/div>\n<\/div>\n\n\n\n<div class=\"wp-block-columns is-layout-flex wp-container-core-columns-is-layout-9d6595d7 wp-block-columns-is-layout-flex\">\n<div class=\"wp-block-column is-layout-flow wp-block-column-is-layout-flow\">\n<figure class=\"wp-block-image size-full\"><img decoding=\"async\" width=\"267\" height=\"214\" data-src=\"https:\/\/cgh.com.pl\/fr\/wp-content\/uploads\/2022\/02\/Open-trench.jpg\" alt=\"Tranch\u00e9e ouverte\" class=\"wp-image-2294 img-fluid lazyload\" title=\"Open trench\" src=\"data:image\/svg+xml;base64,PHN2ZyB3aWR0aD0iMSIgaGVpZ2h0PSIxIiB4bWxucz0iaHR0cDovL3d3dy53My5vcmcvMjAwMC9zdmciPjwvc3ZnPg==\" style=\"--smush-placeholder-width: 267px; --smush-placeholder-aspect-ratio: 267\/214;\" \/><\/figure>\n\n\n\n<p><strong>Tranch\u00e9e ouverte<\/strong><\/p>\n\n\n\n<p>r\u00e9duit consid\u00e9rablement le co\u00fbt de l&rsquo;installation par rapport aux tuyaux en acier.<\/p>\n<\/div>\n\n\n\n<div class=\"wp-block-column is-layout-flow wp-block-column-is-layout-flow\">\n<figure class=\"wp-block-image size-full\"><img decoding=\"async\" width=\"267\" height=\"214\" data-src=\"https:\/\/cgh.com.pl\/fr\/wp-content\/uploads\/2022\/02\/Trenchless-technology.jpg\" alt=\"Technologie sans tranch\u00e9e\" class=\"wp-image-2295 img-fluid lazyload\" title=\"Trenchless technology\" src=\"data:image\/svg+xml;base64,PHN2ZyB3aWR0aD0iMSIgaGVpZ2h0PSIxIiB4bWxucz0iaHR0cDovL3d3dy53My5vcmcvMjAwMC9zdmciPjwvc3ZnPg==\" style=\"--smush-placeholder-width: 267px; --smush-placeholder-aspect-ratio: 267\/214;\" \/><\/figure>\n\n\n\n<p><strong>Technologie sans tranch\u00e9e<\/strong><\/p>\n\n\n\n<p>la possibilit\u00e9 de tirer \u00e0 travers l&rsquo;installation existante, sans devoir remplacer l&rsquo;ancienne installation<\/p>\n<\/div>\n\n\n\n<div class=\"wp-block-column is-layout-flow wp-block-column-is-layout-flow\">\n<figure class=\"wp-block-image size-full\"><img decoding=\"async\" width=\"267\" height=\"214\" data-src=\"https:\/\/cgh.com.pl\/fr\/wp-content\/uploads\/2022\/02\/trench-line.jpg\" alt=\"Installation de Thermoflex - Excavation de la ligne\" class=\"wp-image-2296 img-fluid lazyload\" title=\"Trench line\" src=\"data:image\/svg+xml;base64,PHN2ZyB3aWR0aD0iMSIgaGVpZ2h0PSIxIiB4bWxucz0iaHR0cDovL3d3dy53My5vcmcvMjAwMC9zdmciPjwvc3ZnPg==\" style=\"--smush-placeholder-width: 267px; --smush-placeholder-aspect-ratio: 267\/214;\" \/><\/figure>\n\n\n\n<p><strong>Fouilles lin\u00e9aires<\/strong><\/p>\n\n\n\n<p>l&rsquo;excavation et l&rsquo;installation sont r\u00e9alis\u00e9es simultan\u00e9ment, ce qui permet d&rsquo;installer des sections d&rsquo;un kilom\u00e8tre de long en une seule journ\u00e9e<\/p>\n<\/div>\n\n\n\n<div class=\"wp-block-column is-layout-flow wp-block-column-is-layout-flow\">\n<figure class=\"wp-block-image size-full\"><img decoding=\"async\" width=\"267\" height=\"214\" data-src=\"https:\/\/cgh.com.pl\/fr\/wp-content\/uploads\/2022\/02\/horizontal-directional-drilling.jpg\" alt=\"Installations Thermoflex - Forage horizontal dirig\u00e9\" class=\"wp-image-2299 img-fluid lazyload\" title=\"Horizontal directional drilling\" src=\"data:image\/svg+xml;base64,PHN2ZyB3aWR0aD0iMSIgaGVpZ2h0PSIxIiB4bWxucz0iaHR0cDovL3d3dy53My5vcmcvMjAwMC9zdmciPjwvc3ZnPg==\" style=\"--smush-placeholder-width: 267px; --smush-placeholder-aspect-ratio: 267\/214;\" \/><\/figure>\n\n\n\n<p><strong>Forage horizontal directionnel<\/strong><\/p>\n\n\n\n<p>la flexibilit\u00e9 du tube permet des forages verticaux plus courts lors de la travers\u00e9e de routes ou de rivi\u00e8res<\/p>\n<\/div>\n<\/div>\n","protected":false},"excerpt":{"rendered":"<p>Machine de pressage La technologie CGH RTP PIPE permet de raccorder des tuyaux \u00e0 haute pression sans soudure ni filetage. Syst\u00e8me de jonction CGH RTP PIPE Le syst\u00e8me de jonction CGH RTP PIPE est adapt\u00e9 \u00e0 toute forme d&rsquo;installation de transmission. Le montage s&rsquo;effectue sur site \u00e0 l&rsquo;aide d&rsquo;un appareil manuel ou d&rsquo;une machine pneumatique. [&hellip;]?<\/p>\n","protected":false},"author":1,"featured_media":0,"parent":40,"menu_order":0,"comment_status":"closed","ping_status":"closed","template":"page-products-with-second-menu.php","meta":{"_acf_changed":false,"footnotes":""},"class_list":["post-2269","page","type-page","status-publish","hentry"],"acf":[],"yoast_head":"<!-- This site is optimized with the Yoast SEO plugin v26.1.1 - https:\/\/yoast.com\/wordpress\/plugins\/seo\/ -->\n<title>Installation du CGH RTP PIPE - CGH Group Sp. z o.o.<\/title>\n<meta name=\"robots\" content=\"index, follow, max-snippet:-1, max-image-preview:large, max-video-preview:-1\" \/>\n<link rel=\"canonical\" href=\"https:\/\/cgh.com.pl\/fr\/cgh-rtp-pipe\/installation\" \/>\n<meta property=\"og:locale\" content=\"fr_FR\" \/>\n<meta property=\"og:type\" content=\"article\" \/>\n<meta property=\"og:title\" content=\"Installation du CGH RTP PIPE - CGH Group Sp. z o.o.\" \/>\n<meta property=\"og:description\" content=\"Machine de pressage La technologie CGH RTP PIPE permet de raccorder des tuyaux \u00e0 haute pression sans soudure ni filetage. Syst\u00e8me de jonction CGH RTP PIPE Le syst\u00e8me de jonction CGH RTP PIPE est adapt\u00e9 \u00e0 toute forme d&rsquo;installation de transmission. Le montage s&rsquo;effectue sur site \u00e0 l&rsquo;aide d&rsquo;un appareil manuel ou d&rsquo;une machine pneumatique. [&hellip;]?\" \/>\n<meta property=\"og:url\" content=\"https:\/\/cgh.com.pl\/fr\/cgh-rtp-pipe\/installation\" \/>\n<meta property=\"og:site_name\" content=\"CGH Group Sp. z o.o.\" \/>\n<meta property=\"article:modified_time\" content=\"2023-12-27T09:31:29+00:00\" \/>\n<meta property=\"og:image\" content=\"https:\/\/cgh.com.pl\/fr\/wp-content\/uploads\/2022\/02\/thermoflex.jpg\" \/>\n<meta name=\"twitter:card\" content=\"summary_large_image\" \/>\n<meta name=\"twitter:label1\" content=\"Dur\u00e9e de lecture estim\u00e9e\" \/>\n\t<meta name=\"twitter:data1\" content=\"4 minutes\" \/>\n<script type=\"application\/ld+json\" class=\"yoast-schema-graph\">{\"@context\":\"https:\/\/schema.org\",\"@graph\":[{\"@type\":\"WebPage\",\"@id\":\"https:\/\/cgh.com.pl\/fr\/cgh-rtp-pipe\/installation\",\"url\":\"https:\/\/cgh.com.pl\/fr\/cgh-rtp-pipe\/installation\",\"name\":\"Installation du CGH RTP PIPE - CGH Group Sp. z o.o.\",\"isPartOf\":{\"@id\":\"https:\/\/cgh.com.pl\/fr\/#website\"},\"primaryImageOfPage\":{\"@id\":\"https:\/\/cgh.com.pl\/fr\/cgh-rtp-pipe\/installation#primaryimage\"},\"image\":{\"@id\":\"https:\/\/cgh.com.pl\/fr\/cgh-rtp-pipe\/installation#primaryimage\"},\"thumbnailUrl\":\"https:\/\/cgh.com.pl\/fr\/wp-content\/uploads\/2022\/02\/thermoflex.jpg\",\"datePublished\":\"2022-02-08T13:04:35+00:00\",\"dateModified\":\"2023-12-27T09:31:29+00:00\",\"breadcrumb\":{\"@id\":\"https:\/\/cgh.com.pl\/fr\/cgh-rtp-pipe\/installation#breadcrumb\"},\"inLanguage\":\"fr-FR\",\"potentialAction\":[{\"@type\":\"ReadAction\",\"target\":[\"https:\/\/cgh.com.pl\/fr\/cgh-rtp-pipe\/installation\"]}]},{\"@type\":\"ImageObject\",\"inLanguage\":\"fr-FR\",\"@id\":\"https:\/\/cgh.com.pl\/fr\/cgh-rtp-pipe\/installation#primaryimage\",\"url\":\"https:\/\/cgh.com.pl\/fr\/wp-content\/uploads\/2022\/02\/thermoflex.jpg\",\"contentUrl\":\"https:\/\/cgh.com.pl\/fr\/wp-content\/uploads\/2022\/02\/thermoflex.jpg\",\"width\":800,\"height\":176,\"caption\":\"thermoflex\"},{\"@type\":\"BreadcrumbList\",\"@id\":\"https:\/\/cgh.com.pl\/fr\/cgh-rtp-pipe\/installation#breadcrumb\",\"itemListElement\":[{\"@type\":\"ListItem\",\"position\":1,\"name\":\"Strona g\u0142\u00f3wna\",\"item\":\"https:\/\/cgh.com.pl\/fr\/\"},{\"@type\":\"ListItem\",\"position\":2,\"name\":\"CGH RTP pipe\",\"item\":\"https:\/\/cgh.com.pl\/fr\/cgh-rtp-pipe\"},{\"@type\":\"ListItem\",\"position\":3,\"name\":\"Installation du CGH RTP PIPE\"}]},{\"@type\":\"WebSite\",\"@id\":\"https:\/\/cgh.com.pl\/fr\/#website\",\"url\":\"https:\/\/cgh.com.pl\/fr\/\",\"name\":\"CGH Group Sp. z o.o.\",\"description\":\"\",\"publisher\":{\"@id\":\"https:\/\/cgh.com.pl\/fr\/#organization\"},\"potentialAction\":[{\"@type\":\"SearchAction\",\"target\":{\"@type\":\"EntryPoint\",\"urlTemplate\":\"https:\/\/cgh.com.pl\/fr\/?s={search_term_string}\"},\"query-input\":{\"@type\":\"PropertyValueSpecification\",\"valueRequired\":true,\"valueName\":\"search_term_string\"}}],\"inLanguage\":\"fr-FR\"},{\"@type\":\"Organization\",\"@id\":\"https:\/\/cgh.com.pl\/fr\/#organization\",\"name\":\"CGH Group Sp. z o.o.\",\"url\":\"https:\/\/cgh.com.pl\/fr\/\",\"logo\":{\"@type\":\"ImageObject\",\"inLanguage\":\"fr-FR\",\"@id\":\"https:\/\/cgh.com.pl\/fr\/#\/schema\/logo\/image\/\",\"url\":\"https:\/\/cgh.com.pl\/fr\/wp-content\/uploads\/2023\/05\/logoCGH.png\",\"contentUrl\":\"https:\/\/cgh.com.pl\/fr\/wp-content\/uploads\/2023\/05\/logoCGH.png\",\"width\":449,\"height\":162,\"caption\":\"CGH Group Sp. z o.o.\"},\"image\":{\"@id\":\"https:\/\/cgh.com.pl\/fr\/#\/schema\/logo\/image\/\"}}]}<\/script>\n<!-- \/ Yoast SEO plugin. -->","yoast_head_json":{"title":"Installation du CGH RTP PIPE - CGH Group Sp. z o.o.","robots":{"index":"index","follow":"follow","max-snippet":"max-snippet:-1","max-image-preview":"max-image-preview:large","max-video-preview":"max-video-preview:-1"},"canonical":"https:\/\/cgh.com.pl\/fr\/cgh-rtp-pipe\/installation","og_locale":"fr_FR","og_type":"article","og_title":"Installation du CGH RTP PIPE - CGH Group Sp. z o.o.","og_description":"Machine de pressage La technologie CGH RTP PIPE permet de raccorder des tuyaux \u00e0 haute pression sans soudure ni filetage. Syst\u00e8me de jonction CGH RTP PIPE Le syst\u00e8me de jonction CGH RTP PIPE est adapt\u00e9 \u00e0 toute forme d&rsquo;installation de transmission. Le montage s&rsquo;effectue sur site \u00e0 l&rsquo;aide d&rsquo;un appareil manuel ou d&rsquo;une machine pneumatique. [&hellip;]?","og_url":"https:\/\/cgh.com.pl\/fr\/cgh-rtp-pipe\/installation","og_site_name":"CGH Group Sp. z o.o.","article_modified_time":"2023-12-27T09:31:29+00:00","og_image":[{"url":"https:\/\/cgh.com.pl\/fr\/wp-content\/uploads\/2022\/02\/thermoflex.jpg","type":"","width":"","height":""}],"twitter_card":"summary_large_image","twitter_misc":{"Dur\u00e9e de lecture estim\u00e9e":"4 minutes"},"schema":{"@context":"https:\/\/schema.org","@graph":[{"@type":"WebPage","@id":"https:\/\/cgh.com.pl\/fr\/cgh-rtp-pipe\/installation","url":"https:\/\/cgh.com.pl\/fr\/cgh-rtp-pipe\/installation","name":"Installation du CGH RTP PIPE - CGH Group Sp. z o.o.","isPartOf":{"@id":"https:\/\/cgh.com.pl\/fr\/#website"},"primaryImageOfPage":{"@id":"https:\/\/cgh.com.pl\/fr\/cgh-rtp-pipe\/installation#primaryimage"},"image":{"@id":"https:\/\/cgh.com.pl\/fr\/cgh-rtp-pipe\/installation#primaryimage"},"thumbnailUrl":"https:\/\/cgh.com.pl\/fr\/wp-content\/uploads\/2022\/02\/thermoflex.jpg","datePublished":"2022-02-08T13:04:35+00:00","dateModified":"2023-12-27T09:31:29+00:00","breadcrumb":{"@id":"https:\/\/cgh.com.pl\/fr\/cgh-rtp-pipe\/installation#breadcrumb"},"inLanguage":"fr-FR","potentialAction":[{"@type":"ReadAction","target":["https:\/\/cgh.com.pl\/fr\/cgh-rtp-pipe\/installation"]}]},{"@type":"ImageObject","inLanguage":"fr-FR","@id":"https:\/\/cgh.com.pl\/fr\/cgh-rtp-pipe\/installation#primaryimage","url":"https:\/\/cgh.com.pl\/fr\/wp-content\/uploads\/2022\/02\/thermoflex.jpg","contentUrl":"https:\/\/cgh.com.pl\/fr\/wp-content\/uploads\/2022\/02\/thermoflex.jpg","width":800,"height":176,"caption":"thermoflex"},{"@type":"BreadcrumbList","@id":"https:\/\/cgh.com.pl\/fr\/cgh-rtp-pipe\/installation#breadcrumb","itemListElement":[{"@type":"ListItem","position":1,"name":"Strona g\u0142\u00f3wna","item":"https:\/\/cgh.com.pl\/fr\/"},{"@type":"ListItem","position":2,"name":"CGH RTP pipe","item":"https:\/\/cgh.com.pl\/fr\/cgh-rtp-pipe"},{"@type":"ListItem","position":3,"name":"Installation du CGH RTP PIPE"}]},{"@type":"WebSite","@id":"https:\/\/cgh.com.pl\/fr\/#website","url":"https:\/\/cgh.com.pl\/fr\/","name":"CGH Group Sp. z o.o.","description":"","publisher":{"@id":"https:\/\/cgh.com.pl\/fr\/#organization"},"potentialAction":[{"@type":"SearchAction","target":{"@type":"EntryPoint","urlTemplate":"https:\/\/cgh.com.pl\/fr\/?s={search_term_string}"},"query-input":{"@type":"PropertyValueSpecification","valueRequired":true,"valueName":"search_term_string"}}],"inLanguage":"fr-FR"},{"@type":"Organization","@id":"https:\/\/cgh.com.pl\/fr\/#organization","name":"CGH Group Sp. z o.o.","url":"https:\/\/cgh.com.pl\/fr\/","logo":{"@type":"ImageObject","inLanguage":"fr-FR","@id":"https:\/\/cgh.com.pl\/fr\/#\/schema\/logo\/image\/","url":"https:\/\/cgh.com.pl\/fr\/wp-content\/uploads\/2023\/05\/logoCGH.png","contentUrl":"https:\/\/cgh.com.pl\/fr\/wp-content\/uploads\/2023\/05\/logoCGH.png","width":449,"height":162,"caption":"CGH Group Sp. z o.o."},"image":{"@id":"https:\/\/cgh.com.pl\/fr\/#\/schema\/logo\/image\/"}}]}},"_links":{"self":[{"href":"https:\/\/cgh.com.pl\/fr\/wp-json\/wp\/v2\/pages\/2269","targetHints":{"allow":["GET"]}}],"collection":[{"href":"https:\/\/cgh.com.pl\/fr\/wp-json\/wp\/v2\/pages"}],"about":[{"href":"https:\/\/cgh.com.pl\/fr\/wp-json\/wp\/v2\/types\/page"}],"author":[{"embeddable":true,"href":"https:\/\/cgh.com.pl\/fr\/wp-json\/wp\/v2\/users\/1"}],"replies":[{"embeddable":true,"href":"https:\/\/cgh.com.pl\/fr\/wp-json\/wp\/v2\/comments?post=2269"}],"version-history":[{"count":14,"href":"https:\/\/cgh.com.pl\/fr\/wp-json\/wp\/v2\/pages\/2269\/revisions"}],"predecessor-version":[{"id":5216,"href":"https:\/\/cgh.com.pl\/fr\/wp-json\/wp\/v2\/pages\/2269\/revisions\/5216"}],"up":[{"embeddable":true,"href":"https:\/\/cgh.com.pl\/fr\/wp-json\/wp\/v2\/pages\/40"}],"wp:attachment":[{"href":"https:\/\/cgh.com.pl\/fr\/wp-json\/wp\/v2\/media?parent=2269"}],"curies":[{"name":"wp","href":"https:\/\/api.w.org\/{rel}","templated":true}]}}