{"id":233,"date":"2020-12-03T01:31:09","date_gmt":"2020-12-03T00:31:09","guid":{"rendered":"https:\/\/cgh.com.pl\/fr\/?page_id=233"},"modified":"2022-08-19T08:38:27","modified_gmt":"2022-08-19T06:38:27","slug":"cuves-pour-stockage-duree","status":"publish","type":"page","link":"https:\/\/cgh.com.pl\/fr\/cuves-pour-lindustrie\/cuves-pour-stockage-duree","title":{"rendered":"Cuves pour stockage d\u2019ur\u00e9e"},"content":{"rendered":"\n<ul class=\"wp-block-list\"><li>Cuves a\u00e9riennes, cylindriques, \u00e0 simple paroi et en acier inox 1.4404<\/li><li>Capacit\u00e9: 129 m<sup>3<\/sup>, diam\u00e8tre 3400 mm, longueur 15.000 mm<\/li><li>Liquide stock\u00e9: ur\u00e9e<\/li><li>Norme: EN13445<\/li><li>Pression op\u00e9rationnelle: atmosph\u00e9rique<\/li><li>Temp\u00e9rature op\u00e9rationnelle: -20\u00b0C \/ +50\u00b0C<\/li><li>Afin de maintenir le liquide stock\u00e9 \u00e0 la temp\u00e9rature minimale requise, un \u00e9changeur thermique est install\u00e9 \u00e0 l\u2019int\u00e9rieure de la cuve. Elles sont install\u00e9es dans les \u00eeles F\u00e9ro\u00e9 dans le centre de l\u2019Atlantique du Nord<\/li><\/ul>\n\n\n\n<div class=\"photos large\">\n<div class=\"first-zoom-photo\">\n<p style=\"text-align: center; font-size: 10px; margin-bottom:0;\"><img decoding=\"async\" data-src=\"https:\/\/cgh.com.pl\/fr\/wp-content\/uploads\/2021\/05\/Urea-tanks-2.jpg\" alt=\"Cuves pour stockage d\u2019ur\u00e9e\" src=\"data:image\/svg+xml;base64,PHN2ZyB3aWR0aD0iMSIgaGVpZ2h0PSIxIiB4bWxucz0iaHR0cDovL3d3dy53My5vcmcvMjAwMC9zdmciPjwvc3ZnPg==\" class=\"lazyload\" style=\"--smush-placeholder-width: 600px; --smush-placeholder-aspect-ratio: 600\/400;\"><\/p>\n\n<div><\/div>\n<\/div>\n<div>\n<p style=\"text-align: center; font-size: 10px; margin-bottom:0;\"><img decoding=\"async\" data-src=\"https:\/\/cgh.com.pl\/fr\/wp-content\/uploads\/2021\/05\/Urea-tanks-1-1.jpg\" alt=\"Cuves pour stockage d\u2019ur\u00e9e\" src=\"data:image\/svg+xml;base64,PHN2ZyB3aWR0aD0iMSIgaGVpZ2h0PSIxIiB4bWxucz0iaHR0cDovL3d3dy53My5vcmcvMjAwMC9zdmciPjwvc3ZnPg==\" class=\"lazyload\" style=\"--smush-placeholder-width: 600px; --smush-placeholder-aspect-ratio: 600\/400;\"><\/p>\n\n<div><\/div>\n<\/div>\n\n<div class=\"pair\">\n<p style=\"text-align: center; font-size: 10px; margin-bottom:0;\"><img decoding=\"async\" data-src=\"https:\/\/cgh.com.pl\/fr\/wp-content\/uploads\/2021\/05\/Urea-tanks-3.jpg\" alt=\"Cuves pour stockage d\u2019ur\u00e9e\" src=\"data:image\/svg+xml;base64,PHN2ZyB3aWR0aD0iMSIgaGVpZ2h0PSIxIiB4bWxucz0iaHR0cDovL3d3dy53My5vcmcvMjAwMC9zdmciPjwvc3ZnPg==\" class=\"lazyload\" style=\"--smush-placeholder-width: 600px; --smush-placeholder-aspect-ratio: 600\/400;\"><\/p>\n\n<div><\/div>\n<div><\/div>\n<\/div>\n<\/div>\n","protected":false},"excerpt":{"rendered":"<p>Cuves a\u00e9riennes, cylindriques, \u00e0 simple paroi et en acier inox 1.4404 Capacit\u00e9: 129 m3, diam\u00e8tre 3400 mm, longueur 15.000 mm Liquide stock\u00e9: ur\u00e9e Norme: EN13445 Pression op\u00e9rationnelle: atmosph\u00e9rique Temp\u00e9rature op\u00e9rationnelle: -20\u00b0C \/ +50\u00b0C Afin de maintenir le liquide stock\u00e9 \u00e0 la temp\u00e9rature minimale requise, un \u00e9changeur thermique est install\u00e9 \u00e0 l\u2019int\u00e9rieure de la cuve. Elles [&hellip;]?<\/p>\n","protected":false},"author":1,"featured_media":0,"parent":17,"menu_order":0,"comment_status":"closed","ping_status":"closed","template":"page-products.php","meta":{"_acf_changed":false,"footnotes":""},"class_list":["post-233","page","type-page","status-publish","hentry"],"acf":[],"yoast_head":"<!-- This site is optimized with the Yoast SEO plugin v26.1.1 - https:\/\/yoast.com\/wordpress\/plugins\/seo\/ -->\n<title>Cuves pour stockage d\u2019ur\u00e9e - CGH Group Sp. z o.o.<\/title>\n<meta name=\"robots\" content=\"index, follow, max-snippet:-1, max-image-preview:large, max-video-preview:-1\" \/>\n<link rel=\"canonical\" href=\"https:\/\/cgh.com.pl\/fr\/cuves-pour-lindustrie\/cuves-pour-stockage-duree\" \/>\n<meta property=\"og:locale\" content=\"fr_FR\" \/>\n<meta property=\"og:type\" content=\"article\" \/>\n<meta property=\"og:title\" content=\"Cuves pour stockage d\u2019ur\u00e9e - CGH Group Sp. z o.o.\" \/>\n<meta property=\"og:description\" content=\"Cuves a\u00e9riennes, cylindriques, \u00e0 simple paroi et en acier inox 1.4404 Capacit\u00e9: 129 m3, diam\u00e8tre 3400 mm, longueur 15.000 mm Liquide stock\u00e9: ur\u00e9e Norme: EN13445 Pression op\u00e9rationnelle: atmosph\u00e9rique Temp\u00e9rature op\u00e9rationnelle: -20\u00b0C \/ +50\u00b0C Afin de maintenir le liquide stock\u00e9 \u00e0 la temp\u00e9rature minimale requise, un \u00e9changeur thermique est install\u00e9 \u00e0 l\u2019int\u00e9rieure de la cuve. Elles [&hellip;]?\" \/>\n<meta property=\"og:url\" content=\"https:\/\/cgh.com.pl\/fr\/cuves-pour-lindustrie\/cuves-pour-stockage-duree\" \/>\n<meta property=\"og:site_name\" content=\"CGH Group Sp. z o.o.\" \/>\n<meta property=\"article:modified_time\" content=\"2022-08-19T06:38:27+00:00\" \/>\n<meta property=\"og:image\" content=\"https:\/\/cgh.com.pl\/fr\/wp-content\/uploads\/2021\/05\/Urea-tanks-2.jpg\" \/>\n<meta name=\"twitter:card\" content=\"summary_large_image\" \/>\n<script type=\"application\/ld+json\" class=\"yoast-schema-graph\">{\"@context\":\"https:\/\/schema.org\",\"@graph\":[{\"@type\":\"WebPage\",\"@id\":\"https:\/\/cgh.com.pl\/fr\/cuves-pour-lindustrie\/cuves-pour-stockage-duree\",\"url\":\"https:\/\/cgh.com.pl\/fr\/cuves-pour-lindustrie\/cuves-pour-stockage-duree\",\"name\":\"Cuves pour stockage d\u2019ur\u00e9e - CGH Group Sp. z o.o.\",\"isPartOf\":{\"@id\":\"https:\/\/cgh.com.pl\/fr\/#website\"},\"primaryImageOfPage\":{\"@id\":\"https:\/\/cgh.com.pl\/fr\/cuves-pour-lindustrie\/cuves-pour-stockage-duree#primaryimage\"},\"image\":{\"@id\":\"https:\/\/cgh.com.pl\/fr\/cuves-pour-lindustrie\/cuves-pour-stockage-duree#primaryimage\"},\"thumbnailUrl\":\"https:\/\/cgh.com.pl\/fr\/wp-content\/uploads\/2021\/05\/Urea-tanks-2.jpg\",\"datePublished\":\"2020-12-03T00:31:09+00:00\",\"dateModified\":\"2022-08-19T06:38:27+00:00\",\"breadcrumb\":{\"@id\":\"https:\/\/cgh.com.pl\/fr\/cuves-pour-lindustrie\/cuves-pour-stockage-duree#breadcrumb\"},\"inLanguage\":\"fr-FR\",\"potentialAction\":[{\"@type\":\"ReadAction\",\"target\":[\"https:\/\/cgh.com.pl\/fr\/cuves-pour-lindustrie\/cuves-pour-stockage-duree\"]}]},{\"@type\":\"ImageObject\",\"inLanguage\":\"fr-FR\",\"@id\":\"https:\/\/cgh.com.pl\/fr\/cuves-pour-lindustrie\/cuves-pour-stockage-duree#primaryimage\",\"url\":\"https:\/\/cgh.com.pl\/fr\/wp-content\/uploads\/2021\/05\/Urea-tanks-2.jpg\",\"contentUrl\":\"https:\/\/cgh.com.pl\/fr\/wp-content\/uploads\/2021\/05\/Urea-tanks-2.jpg\",\"width\":600,\"height\":400,\"caption\":\"Urea tanks\"},{\"@type\":\"BreadcrumbList\",\"@id\":\"https:\/\/cgh.com.pl\/fr\/cuves-pour-lindustrie\/cuves-pour-stockage-duree#breadcrumb\",\"itemListElement\":[{\"@type\":\"ListItem\",\"position\":1,\"name\":\"Strona g\u0142\u00f3wna\",\"item\":\"https:\/\/cgh.com.pl\/fr\/\"},{\"@type\":\"ListItem\",\"position\":2,\"name\":\"Cuves pour l\u2019industrie\",\"item\":\"https:\/\/cgh.com.pl\/fr\/cuves-pour-lindustrie\"},{\"@type\":\"ListItem\",\"position\":3,\"name\":\"Cuves pour stockage d\u2019ur\u00e9e\"}]},{\"@type\":\"WebSite\",\"@id\":\"https:\/\/cgh.com.pl\/fr\/#website\",\"url\":\"https:\/\/cgh.com.pl\/fr\/\",\"name\":\"CGH Group Sp. z o.o.\",\"description\":\"\",\"publisher\":{\"@id\":\"https:\/\/cgh.com.pl\/fr\/#organization\"},\"potentialAction\":[{\"@type\":\"SearchAction\",\"target\":{\"@type\":\"EntryPoint\",\"urlTemplate\":\"https:\/\/cgh.com.pl\/fr\/?s={search_term_string}\"},\"query-input\":{\"@type\":\"PropertyValueSpecification\",\"valueRequired\":true,\"valueName\":\"search_term_string\"}}],\"inLanguage\":\"fr-FR\"},{\"@type\":\"Organization\",\"@id\":\"https:\/\/cgh.com.pl\/fr\/#organization\",\"name\":\"CGH Group Sp. z o.o.\",\"url\":\"https:\/\/cgh.com.pl\/fr\/\",\"logo\":{\"@type\":\"ImageObject\",\"inLanguage\":\"fr-FR\",\"@id\":\"https:\/\/cgh.com.pl\/fr\/#\/schema\/logo\/image\/\",\"url\":\"https:\/\/cgh.com.pl\/fr\/wp-content\/uploads\/2023\/05\/logoCGH.png\",\"contentUrl\":\"https:\/\/cgh.com.pl\/fr\/wp-content\/uploads\/2023\/05\/logoCGH.png\",\"width\":449,\"height\":162,\"caption\":\"CGH Group Sp. z o.o.\"},\"image\":{\"@id\":\"https:\/\/cgh.com.pl\/fr\/#\/schema\/logo\/image\/\"}}]}<\/script>\n<!-- \/ Yoast SEO plugin. -->","yoast_head_json":{"title":"Cuves pour stockage d\u2019ur\u00e9e - CGH Group Sp. z o.o.","robots":{"index":"index","follow":"follow","max-snippet":"max-snippet:-1","max-image-preview":"max-image-preview:large","max-video-preview":"max-video-preview:-1"},"canonical":"https:\/\/cgh.com.pl\/fr\/cuves-pour-lindustrie\/cuves-pour-stockage-duree","og_locale":"fr_FR","og_type":"article","og_title":"Cuves pour stockage d\u2019ur\u00e9e - CGH Group Sp. z o.o.","og_description":"Cuves a\u00e9riennes, cylindriques, \u00e0 simple paroi et en acier inox 1.4404 Capacit\u00e9: 129 m3, diam\u00e8tre 3400 mm, longueur 15.000 mm Liquide stock\u00e9: ur\u00e9e Norme: EN13445 Pression op\u00e9rationnelle: atmosph\u00e9rique Temp\u00e9rature op\u00e9rationnelle: -20\u00b0C \/ +50\u00b0C Afin de maintenir le liquide stock\u00e9 \u00e0 la temp\u00e9rature minimale requise, un \u00e9changeur thermique est install\u00e9 \u00e0 l\u2019int\u00e9rieure de la cuve. Elles [&hellip;]?","og_url":"https:\/\/cgh.com.pl\/fr\/cuves-pour-lindustrie\/cuves-pour-stockage-duree","og_site_name":"CGH Group Sp. z o.o.","article_modified_time":"2022-08-19T06:38:27+00:00","og_image":[{"url":"https:\/\/cgh.com.pl\/fr\/wp-content\/uploads\/2021\/05\/Urea-tanks-2.jpg","type":"","width":"","height":""}],"twitter_card":"summary_large_image","schema":{"@context":"https:\/\/schema.org","@graph":[{"@type":"WebPage","@id":"https:\/\/cgh.com.pl\/fr\/cuves-pour-lindustrie\/cuves-pour-stockage-duree","url":"https:\/\/cgh.com.pl\/fr\/cuves-pour-lindustrie\/cuves-pour-stockage-duree","name":"Cuves pour stockage d\u2019ur\u00e9e - CGH Group Sp. z o.o.","isPartOf":{"@id":"https:\/\/cgh.com.pl\/fr\/#website"},"primaryImageOfPage":{"@id":"https:\/\/cgh.com.pl\/fr\/cuves-pour-lindustrie\/cuves-pour-stockage-duree#primaryimage"},"image":{"@id":"https:\/\/cgh.com.pl\/fr\/cuves-pour-lindustrie\/cuves-pour-stockage-duree#primaryimage"},"thumbnailUrl":"https:\/\/cgh.com.pl\/fr\/wp-content\/uploads\/2021\/05\/Urea-tanks-2.jpg","datePublished":"2020-12-03T00:31:09+00:00","dateModified":"2022-08-19T06:38:27+00:00","breadcrumb":{"@id":"https:\/\/cgh.com.pl\/fr\/cuves-pour-lindustrie\/cuves-pour-stockage-duree#breadcrumb"},"inLanguage":"fr-FR","potentialAction":[{"@type":"ReadAction","target":["https:\/\/cgh.com.pl\/fr\/cuves-pour-lindustrie\/cuves-pour-stockage-duree"]}]},{"@type":"ImageObject","inLanguage":"fr-FR","@id":"https:\/\/cgh.com.pl\/fr\/cuves-pour-lindustrie\/cuves-pour-stockage-duree#primaryimage","url":"https:\/\/cgh.com.pl\/fr\/wp-content\/uploads\/2021\/05\/Urea-tanks-2.jpg","contentUrl":"https:\/\/cgh.com.pl\/fr\/wp-content\/uploads\/2021\/05\/Urea-tanks-2.jpg","width":600,"height":400,"caption":"Urea tanks"},{"@type":"BreadcrumbList","@id":"https:\/\/cgh.com.pl\/fr\/cuves-pour-lindustrie\/cuves-pour-stockage-duree#breadcrumb","itemListElement":[{"@type":"ListItem","position":1,"name":"Strona g\u0142\u00f3wna","item":"https:\/\/cgh.com.pl\/fr\/"},{"@type":"ListItem","position":2,"name":"Cuves pour l\u2019industrie","item":"https:\/\/cgh.com.pl\/fr\/cuves-pour-lindustrie"},{"@type":"ListItem","position":3,"name":"Cuves pour stockage d\u2019ur\u00e9e"}]},{"@type":"WebSite","@id":"https:\/\/cgh.com.pl\/fr\/#website","url":"https:\/\/cgh.com.pl\/fr\/","name":"CGH Group Sp. z o.o.","description":"","publisher":{"@id":"https:\/\/cgh.com.pl\/fr\/#organization"},"potentialAction":[{"@type":"SearchAction","target":{"@type":"EntryPoint","urlTemplate":"https:\/\/cgh.com.pl\/fr\/?s={search_term_string}"},"query-input":{"@type":"PropertyValueSpecification","valueRequired":true,"valueName":"search_term_string"}}],"inLanguage":"fr-FR"},{"@type":"Organization","@id":"https:\/\/cgh.com.pl\/fr\/#organization","name":"CGH Group Sp. z o.o.","url":"https:\/\/cgh.com.pl\/fr\/","logo":{"@type":"ImageObject","inLanguage":"fr-FR","@id":"https:\/\/cgh.com.pl\/fr\/#\/schema\/logo\/image\/","url":"https:\/\/cgh.com.pl\/fr\/wp-content\/uploads\/2023\/05\/logoCGH.png","contentUrl":"https:\/\/cgh.com.pl\/fr\/wp-content\/uploads\/2023\/05\/logoCGH.png","width":449,"height":162,"caption":"CGH Group Sp. z o.o."},"image":{"@id":"https:\/\/cgh.com.pl\/fr\/#\/schema\/logo\/image\/"}}]}},"_links":{"self":[{"href":"https:\/\/cgh.com.pl\/fr\/wp-json\/wp\/v2\/pages\/233","targetHints":{"allow":["GET"]}}],"collection":[{"href":"https:\/\/cgh.com.pl\/fr\/wp-json\/wp\/v2\/pages"}],"about":[{"href":"https:\/\/cgh.com.pl\/fr\/wp-json\/wp\/v2\/types\/page"}],"author":[{"embeddable":true,"href":"https:\/\/cgh.com.pl\/fr\/wp-json\/wp\/v2\/users\/1"}],"replies":[{"embeddable":true,"href":"https:\/\/cgh.com.pl\/fr\/wp-json\/wp\/v2\/comments?post=233"}],"version-history":[{"count":3,"href":"https:\/\/cgh.com.pl\/fr\/wp-json\/wp\/v2\/pages\/233\/revisions"}],"predecessor-version":[{"id":4228,"href":"https:\/\/cgh.com.pl\/fr\/wp-json\/wp\/v2\/pages\/233\/revisions\/4228"}],"up":[{"embeddable":true,"href":"https:\/\/cgh.com.pl\/fr\/wp-json\/wp\/v2\/pages\/17"}],"wp:attachment":[{"href":"https:\/\/cgh.com.pl\/fr\/wp-json\/wp\/v2\/media?parent=233"}],"curies":[{"name":"wp","href":"https:\/\/api.w.org\/{rel}","templated":true}]}}