{"id":245,"date":"2020-12-03T01:55:45","date_gmt":"2020-12-03T00:55:45","guid":{"rendered":"https:\/\/cgh.com.pl\/fr\/?page_id=245"},"modified":"2022-08-19T10:58:26","modified_gmt":"2022-08-19T08:58:26","slug":"cuves-pour-stockage-glycerine","status":"publish","type":"page","link":"https:\/\/cgh.com.pl\/fr\/cuves-pour-lindustrie\/cuves-pour-stockage-glycerine","title":{"rendered":"Cuves pour stockage glyc\u00e9rine"},"content":{"rendered":"\n<p>R\u00e9alisations<\/p>\n\n\n\n<ul class=\"wp-block-list\"><li>Cuves souterraines, cylindrique, \u00e0 double paroi et en acier S235<\/li><li>Capacit\u00e9: 30 m<sup>3<\/sup>, diam\u00e8tre 2200 mm<\/li><li>Liquides stock\u00e9s: glyc\u00e9rine et substances de composition liquides<\/li><li>Norme: DIN6608\/2<\/li><li>Pression op\u00e9rationnelle: atmosph\u00e9rique<\/li><li>Temp\u00e9rature op\u00e9rationnelle: -20\u00b0C \/ +50\u00b0C<\/li><li>Les cuves sont sangl\u00e9es sur un ch\u00e2ssis speed qui servira de dalle de lestage. Elles sont chauff\u00e9es avec c\u00e2ble chauffant et calorifug\u00e9es avec une couche de mousse PUR s\u2019une \u00e9paisseur minimale de 100 mm<\/li><\/ul>\n\n\n\n<div class=\"photos large\">\n<div class=\"first-zoom-photo\">\n<p style=\"text-align: center; font-size: 10px; margin-bottom:0;\"><img decoding=\"async\" data-src=\"https:\/\/cgh.com.pl\/fr\/wp-content\/uploads\/2021\/05\/Glycerin-tanks1.jpg\" alt=\"Cuves pour stockage glyc\u00e9rine\" src=\"data:image\/svg+xml;base64,PHN2ZyB3aWR0aD0iMSIgaGVpZ2h0PSIxIiB4bWxucz0iaHR0cDovL3d3dy53My5vcmcvMjAwMC9zdmciPjwvc3ZnPg==\" class=\"lazyload\" style=\"--smush-placeholder-width: 600px; --smush-placeholder-aspect-ratio: 600\/400;\"><\/p>\n\n<div><\/div>\n<\/div>\n<div>\n<p style=\"text-align: center; font-size: 10px; margin-bottom:0;\"><img decoding=\"async\" data-src=\"https:\/\/cgh.com.pl\/fr\/wp-content\/uploads\/2021\/05\/Glycerin-tanks-1.jpg\" alt=\"Cuves pour stockage glyc\u00e9rine\" src=\"data:image\/svg+xml;base64,PHN2ZyB3aWR0aD0iMSIgaGVpZ2h0PSIxIiB4bWxucz0iaHR0cDovL3d3dy53My5vcmcvMjAwMC9zdmciPjwvc3ZnPg==\" class=\"lazyload\" style=\"--smush-placeholder-width: 600px; --smush-placeholder-aspect-ratio: 600\/400;\"><\/p>\n\n<div><\/div>\n<\/div>\n\n<div class=\"pair\">\n<p style=\"text-align: center; font-size: 10px; margin-bottom:0;\"><img decoding=\"async\" data-src=\"https:\/\/cgh.com.pl\/fr\/wp-content\/uploads\/2021\/05\/Glycerin-tanks2.jpg\" alt=\"Cuves pour stockage glyc\u00e9rine\" src=\"data:image\/svg+xml;base64,PHN2ZyB3aWR0aD0iMSIgaGVpZ2h0PSIxIiB4bWxucz0iaHR0cDovL3d3dy53My5vcmcvMjAwMC9zdmciPjwvc3ZnPg==\" class=\"lazyload\" style=\"--smush-placeholder-width: 600px; --smush-placeholder-aspect-ratio: 600\/400;\"><\/p>\n\n<div><\/div>\n<div><\/div>\n<\/div>\n<\/div>\n\n\n\n<div class=\"photos large\">\n<div class=\"first-zoom-photo\">\n<p style=\"text-align: center; font-size: 10px; margin-bottom:0;\"><img decoding=\"async\" data-src=\"https:\/\/cgh.com.pl\/fr\/wp-content\/uploads\/2021\/05\/Glycerin-tanks3.jpg\" alt=\"Cuves pour stockage glyc\u00e9rine\" src=\"data:image\/svg+xml;base64,PHN2ZyB3aWR0aD0iMSIgaGVpZ2h0PSIxIiB4bWxucz0iaHR0cDovL3d3dy53My5vcmcvMjAwMC9zdmciPjwvc3ZnPg==\" class=\"lazyload\" style=\"--smush-placeholder-width: 600px; --smush-placeholder-aspect-ratio: 600\/400;\"><\/p>\n\n<div><\/div>\n<\/div>\n<div>\n<p style=\"text-align: center; font-size: 10px; margin-bottom:0;\"><img decoding=\"async\" data-src=\"https:\/\/cgh.com.pl\/fr\/wp-content\/uploads\/2021\/05\/Glycerin-tanks4.jpg\" alt=\"Cuves pour stockage glyc\u00e9rine\" src=\"data:image\/svg+xml;base64,PHN2ZyB3aWR0aD0iMSIgaGVpZ2h0PSIxIiB4bWxucz0iaHR0cDovL3d3dy53My5vcmcvMjAwMC9zdmciPjwvc3ZnPg==\" class=\"lazyload\" style=\"--smush-placeholder-width: 600px; --smush-placeholder-aspect-ratio: 600\/400;\"><\/p>\n\n<div><\/div>\n<\/div>\n\n<div class=\"pair\">\n<p style=\"text-align: center; font-size: 10px; margin-bottom:0;\"><img decoding=\"async\" data-src=\"https:\/\/cgh.com.pl\/fr\/wp-content\/uploads\/2021\/05\/Glycerin_tanks5.jpg\" alt=\"Cuves pour stockage glyc\u00e9rine\" src=\"data:image\/svg+xml;base64,PHN2ZyB3aWR0aD0iMSIgaGVpZ2h0PSIxIiB4bWxucz0iaHR0cDovL3d3dy53My5vcmcvMjAwMC9zdmciPjwvc3ZnPg==\" class=\"lazyload\" style=\"--smush-placeholder-width: 600px; --smush-placeholder-aspect-ratio: 600\/400;\"><\/p>\n\n<div><\/div>\n<div><\/div>\n<\/div>\n<\/div>\n","protected":false},"excerpt":{"rendered":"<p>R\u00e9alisations Cuves souterraines, cylindrique, \u00e0 double paroi et en acier S235 Capacit\u00e9: 30 m3, diam\u00e8tre 2200 mm Liquides stock\u00e9s: glyc\u00e9rine et substances de composition liquides Norme: DIN6608\/2 Pression op\u00e9rationnelle: atmosph\u00e9rique Temp\u00e9rature op\u00e9rationnelle: -20\u00b0C \/ +50\u00b0C Les cuves sont sangl\u00e9es sur un ch\u00e2ssis speed qui servira de dalle de lestage. Elles sont chauff\u00e9es avec c\u00e2ble chauffant [&hellip;]?<\/p>\n","protected":false},"author":1,"featured_media":0,"parent":17,"menu_order":0,"comment_status":"closed","ping_status":"closed","template":"page-products.php","meta":{"_acf_changed":false,"footnotes":""},"class_list":["post-245","page","type-page","status-publish","hentry"],"acf":[],"yoast_head":"<!-- This site is optimized with the Yoast SEO plugin v26.1.1 - https:\/\/yoast.com\/wordpress\/plugins\/seo\/ -->\n<title>Cuves pour stockage glyc\u00e9rine - CGH Group Sp. z o.o.<\/title>\n<meta name=\"robots\" content=\"index, follow, max-snippet:-1, max-image-preview:large, max-video-preview:-1\" \/>\n<link rel=\"canonical\" href=\"https:\/\/cgh.com.pl\/fr\/cuves-pour-lindustrie\/cuves-pour-stockage-glycerine\" \/>\n<meta property=\"og:locale\" content=\"fr_FR\" \/>\n<meta property=\"og:type\" content=\"article\" \/>\n<meta property=\"og:title\" content=\"Cuves pour stockage glyc\u00e9rine - CGH Group Sp. z o.o.\" \/>\n<meta property=\"og:description\" content=\"R\u00e9alisations Cuves souterraines, cylindrique, \u00e0 double paroi et en acier S235 Capacit\u00e9: 30 m3, diam\u00e8tre 2200 mm Liquides stock\u00e9s: glyc\u00e9rine et substances de composition liquides Norme: DIN6608\/2 Pression op\u00e9rationnelle: atmosph\u00e9rique Temp\u00e9rature op\u00e9rationnelle: -20\u00b0C \/ +50\u00b0C Les cuves sont sangl\u00e9es sur un ch\u00e2ssis speed qui servira de dalle de lestage. Elles sont chauff\u00e9es avec c\u00e2ble chauffant [&hellip;]?\" \/>\n<meta property=\"og:url\" content=\"https:\/\/cgh.com.pl\/fr\/cuves-pour-lindustrie\/cuves-pour-stockage-glycerine\" \/>\n<meta property=\"og:site_name\" content=\"CGH Group Sp. z o.o.\" \/>\n<meta property=\"article:modified_time\" content=\"2022-08-19T08:58:26+00:00\" \/>\n<meta property=\"og:image\" content=\"https:\/\/cgh.com.pl\/fr\/wp-content\/uploads\/2021\/05\/Glycerin-tanks1.jpg\" \/>\n<meta name=\"twitter:card\" content=\"summary_large_image\" \/>\n<script type=\"application\/ld+json\" class=\"yoast-schema-graph\">{\"@context\":\"https:\/\/schema.org\",\"@graph\":[{\"@type\":\"WebPage\",\"@id\":\"https:\/\/cgh.com.pl\/fr\/cuves-pour-lindustrie\/cuves-pour-stockage-glycerine\",\"url\":\"https:\/\/cgh.com.pl\/fr\/cuves-pour-lindustrie\/cuves-pour-stockage-glycerine\",\"name\":\"Cuves pour stockage glyc\u00e9rine - CGH Group Sp. z o.o.\",\"isPartOf\":{\"@id\":\"https:\/\/cgh.com.pl\/fr\/#website\"},\"primaryImageOfPage\":{\"@id\":\"https:\/\/cgh.com.pl\/fr\/cuves-pour-lindustrie\/cuves-pour-stockage-glycerine#primaryimage\"},\"image\":{\"@id\":\"https:\/\/cgh.com.pl\/fr\/cuves-pour-lindustrie\/cuves-pour-stockage-glycerine#primaryimage\"},\"thumbnailUrl\":\"https:\/\/cgh.com.pl\/fr\/wp-content\/uploads\/2021\/05\/Glycerin-tanks1.jpg\",\"datePublished\":\"2020-12-03T00:55:45+00:00\",\"dateModified\":\"2022-08-19T08:58:26+00:00\",\"breadcrumb\":{\"@id\":\"https:\/\/cgh.com.pl\/fr\/cuves-pour-lindustrie\/cuves-pour-stockage-glycerine#breadcrumb\"},\"inLanguage\":\"fr-FR\",\"potentialAction\":[{\"@type\":\"ReadAction\",\"target\":[\"https:\/\/cgh.com.pl\/fr\/cuves-pour-lindustrie\/cuves-pour-stockage-glycerine\"]}]},{\"@type\":\"ImageObject\",\"inLanguage\":\"fr-FR\",\"@id\":\"https:\/\/cgh.com.pl\/fr\/cuves-pour-lindustrie\/cuves-pour-stockage-glycerine#primaryimage\",\"url\":\"https:\/\/cgh.com.pl\/fr\/wp-content\/uploads\/2021\/05\/Glycerin-tanks1.jpg\",\"contentUrl\":\"https:\/\/cgh.com.pl\/fr\/wp-content\/uploads\/2021\/05\/Glycerin-tanks1.jpg\",\"width\":600,\"height\":400,\"caption\":\"Glycerin tanks\"},{\"@type\":\"BreadcrumbList\",\"@id\":\"https:\/\/cgh.com.pl\/fr\/cuves-pour-lindustrie\/cuves-pour-stockage-glycerine#breadcrumb\",\"itemListElement\":[{\"@type\":\"ListItem\",\"position\":1,\"name\":\"Strona g\u0142\u00f3wna\",\"item\":\"https:\/\/cgh.com.pl\/fr\/\"},{\"@type\":\"ListItem\",\"position\":2,\"name\":\"Cuves pour l\u2019industrie\",\"item\":\"https:\/\/cgh.com.pl\/fr\/cuves-pour-lindustrie\"},{\"@type\":\"ListItem\",\"position\":3,\"name\":\"Cuves pour stockage glyc\u00e9rine\"}]},{\"@type\":\"WebSite\",\"@id\":\"https:\/\/cgh.com.pl\/fr\/#website\",\"url\":\"https:\/\/cgh.com.pl\/fr\/\",\"name\":\"CGH Group Sp. z o.o.\",\"description\":\"\",\"publisher\":{\"@id\":\"https:\/\/cgh.com.pl\/fr\/#organization\"},\"potentialAction\":[{\"@type\":\"SearchAction\",\"target\":{\"@type\":\"EntryPoint\",\"urlTemplate\":\"https:\/\/cgh.com.pl\/fr\/?s={search_term_string}\"},\"query-input\":{\"@type\":\"PropertyValueSpecification\",\"valueRequired\":true,\"valueName\":\"search_term_string\"}}],\"inLanguage\":\"fr-FR\"},{\"@type\":\"Organization\",\"@id\":\"https:\/\/cgh.com.pl\/fr\/#organization\",\"name\":\"CGH Group Sp. z o.o.\",\"url\":\"https:\/\/cgh.com.pl\/fr\/\",\"logo\":{\"@type\":\"ImageObject\",\"inLanguage\":\"fr-FR\",\"@id\":\"https:\/\/cgh.com.pl\/fr\/#\/schema\/logo\/image\/\",\"url\":\"https:\/\/cgh.com.pl\/fr\/wp-content\/uploads\/2023\/05\/logoCGH.png\",\"contentUrl\":\"https:\/\/cgh.com.pl\/fr\/wp-content\/uploads\/2023\/05\/logoCGH.png\",\"width\":449,\"height\":162,\"caption\":\"CGH Group Sp. z o.o.\"},\"image\":{\"@id\":\"https:\/\/cgh.com.pl\/fr\/#\/schema\/logo\/image\/\"}}]}<\/script>\n<!-- \/ Yoast SEO plugin. -->","yoast_head_json":{"title":"Cuves pour stockage glyc\u00e9rine - CGH Group Sp. z o.o.","robots":{"index":"index","follow":"follow","max-snippet":"max-snippet:-1","max-image-preview":"max-image-preview:large","max-video-preview":"max-video-preview:-1"},"canonical":"https:\/\/cgh.com.pl\/fr\/cuves-pour-lindustrie\/cuves-pour-stockage-glycerine","og_locale":"fr_FR","og_type":"article","og_title":"Cuves pour stockage glyc\u00e9rine - CGH Group Sp. z o.o.","og_description":"R\u00e9alisations Cuves souterraines, cylindrique, \u00e0 double paroi et en acier S235 Capacit\u00e9: 30 m3, diam\u00e8tre 2200 mm Liquides stock\u00e9s: glyc\u00e9rine et substances de composition liquides Norme: DIN6608\/2 Pression op\u00e9rationnelle: atmosph\u00e9rique Temp\u00e9rature op\u00e9rationnelle: -20\u00b0C \/ +50\u00b0C Les cuves sont sangl\u00e9es sur un ch\u00e2ssis speed qui servira de dalle de lestage. Elles sont chauff\u00e9es avec c\u00e2ble chauffant [&hellip;]?","og_url":"https:\/\/cgh.com.pl\/fr\/cuves-pour-lindustrie\/cuves-pour-stockage-glycerine","og_site_name":"CGH Group Sp. z o.o.","article_modified_time":"2022-08-19T08:58:26+00:00","og_image":[{"url":"https:\/\/cgh.com.pl\/fr\/wp-content\/uploads\/2021\/05\/Glycerin-tanks1.jpg","type":"","width":"","height":""}],"twitter_card":"summary_large_image","schema":{"@context":"https:\/\/schema.org","@graph":[{"@type":"WebPage","@id":"https:\/\/cgh.com.pl\/fr\/cuves-pour-lindustrie\/cuves-pour-stockage-glycerine","url":"https:\/\/cgh.com.pl\/fr\/cuves-pour-lindustrie\/cuves-pour-stockage-glycerine","name":"Cuves pour stockage glyc\u00e9rine - CGH Group Sp. z o.o.","isPartOf":{"@id":"https:\/\/cgh.com.pl\/fr\/#website"},"primaryImageOfPage":{"@id":"https:\/\/cgh.com.pl\/fr\/cuves-pour-lindustrie\/cuves-pour-stockage-glycerine#primaryimage"},"image":{"@id":"https:\/\/cgh.com.pl\/fr\/cuves-pour-lindustrie\/cuves-pour-stockage-glycerine#primaryimage"},"thumbnailUrl":"https:\/\/cgh.com.pl\/fr\/wp-content\/uploads\/2021\/05\/Glycerin-tanks1.jpg","datePublished":"2020-12-03T00:55:45+00:00","dateModified":"2022-08-19T08:58:26+00:00","breadcrumb":{"@id":"https:\/\/cgh.com.pl\/fr\/cuves-pour-lindustrie\/cuves-pour-stockage-glycerine#breadcrumb"},"inLanguage":"fr-FR","potentialAction":[{"@type":"ReadAction","target":["https:\/\/cgh.com.pl\/fr\/cuves-pour-lindustrie\/cuves-pour-stockage-glycerine"]}]},{"@type":"ImageObject","inLanguage":"fr-FR","@id":"https:\/\/cgh.com.pl\/fr\/cuves-pour-lindustrie\/cuves-pour-stockage-glycerine#primaryimage","url":"https:\/\/cgh.com.pl\/fr\/wp-content\/uploads\/2021\/05\/Glycerin-tanks1.jpg","contentUrl":"https:\/\/cgh.com.pl\/fr\/wp-content\/uploads\/2021\/05\/Glycerin-tanks1.jpg","width":600,"height":400,"caption":"Glycerin tanks"},{"@type":"BreadcrumbList","@id":"https:\/\/cgh.com.pl\/fr\/cuves-pour-lindustrie\/cuves-pour-stockage-glycerine#breadcrumb","itemListElement":[{"@type":"ListItem","position":1,"name":"Strona g\u0142\u00f3wna","item":"https:\/\/cgh.com.pl\/fr\/"},{"@type":"ListItem","position":2,"name":"Cuves pour l\u2019industrie","item":"https:\/\/cgh.com.pl\/fr\/cuves-pour-lindustrie"},{"@type":"ListItem","position":3,"name":"Cuves pour stockage glyc\u00e9rine"}]},{"@type":"WebSite","@id":"https:\/\/cgh.com.pl\/fr\/#website","url":"https:\/\/cgh.com.pl\/fr\/","name":"CGH Group Sp. z o.o.","description":"","publisher":{"@id":"https:\/\/cgh.com.pl\/fr\/#organization"},"potentialAction":[{"@type":"SearchAction","target":{"@type":"EntryPoint","urlTemplate":"https:\/\/cgh.com.pl\/fr\/?s={search_term_string}"},"query-input":{"@type":"PropertyValueSpecification","valueRequired":true,"valueName":"search_term_string"}}],"inLanguage":"fr-FR"},{"@type":"Organization","@id":"https:\/\/cgh.com.pl\/fr\/#organization","name":"CGH Group Sp. z o.o.","url":"https:\/\/cgh.com.pl\/fr\/","logo":{"@type":"ImageObject","inLanguage":"fr-FR","@id":"https:\/\/cgh.com.pl\/fr\/#\/schema\/logo\/image\/","url":"https:\/\/cgh.com.pl\/fr\/wp-content\/uploads\/2023\/05\/logoCGH.png","contentUrl":"https:\/\/cgh.com.pl\/fr\/wp-content\/uploads\/2023\/05\/logoCGH.png","width":449,"height":162,"caption":"CGH Group Sp. z o.o."},"image":{"@id":"https:\/\/cgh.com.pl\/fr\/#\/schema\/logo\/image\/"}}]}},"_links":{"self":[{"href":"https:\/\/cgh.com.pl\/fr\/wp-json\/wp\/v2\/pages\/245","targetHints":{"allow":["GET"]}}],"collection":[{"href":"https:\/\/cgh.com.pl\/fr\/wp-json\/wp\/v2\/pages"}],"about":[{"href":"https:\/\/cgh.com.pl\/fr\/wp-json\/wp\/v2\/types\/page"}],"author":[{"embeddable":true,"href":"https:\/\/cgh.com.pl\/fr\/wp-json\/wp\/v2\/users\/1"}],"replies":[{"embeddable":true,"href":"https:\/\/cgh.com.pl\/fr\/wp-json\/wp\/v2\/comments?post=245"}],"version-history":[{"count":3,"href":"https:\/\/cgh.com.pl\/fr\/wp-json\/wp\/v2\/pages\/245\/revisions"}],"predecessor-version":[{"id":4281,"href":"https:\/\/cgh.com.pl\/fr\/wp-json\/wp\/v2\/pages\/245\/revisions\/4281"}],"up":[{"embeddable":true,"href":"https:\/\/cgh.com.pl\/fr\/wp-json\/wp\/v2\/pages\/17"}],"wp:attachment":[{"href":"https:\/\/cgh.com.pl\/fr\/wp-json\/wp\/v2\/media?parent=245"}],"curies":[{"name":"wp","href":"https:\/\/api.w.org\/{rel}","templated":true}]}}