{"id":279,"date":"2020-12-04T00:13:16","date_gmt":"2020-12-03T23:13:16","guid":{"rendered":"https:\/\/cgh.com.pl\/fr\/?page_id=279"},"modified":"2023-10-03T14:21:11","modified_gmt":"2023-10-03T12:21:11","slug":"conduites-gpl","status":"publish","type":"page","link":"https:\/\/cgh.com.pl\/fr\/reservoirs-de-gpl\/conduites-gpl","title":{"rendered":"Conduites GPL"},"content":{"rendered":"\n<div class=\"wp-block-columns has-2-columns is-layout-flex wp-container-core-columns-is-layout-9d6595d7 wp-block-columns-is-layout-flex\">\n<div class=\"wp-block-column is-layout-flow wp-block-column-is-layout-flow\">\n<p>Les conduites LPG-FLEX sont con\u00e7us pour \u00eatre install\u00e9s sous terre en une seule longueur continue pour le transfert de la phase liquide du gaz entre le r\u00e9servoir et le consommateur, par exemple le distributeur, le vaporisateur.<\/p>\n\n\n\n<p>La flexibilit\u00e9 des tuyaux LPG-FLEX permet un assemblage rapide et simple sur le site, sans les travaux de soudage requis pour les tuyaux en acier.<\/p>\n\n\n\n<p>Les tuyaux GPL sont disponibles dans les tailles DN20 et DN25.<\/p>\n\n\n\n<p>Les tuyaux sont con\u00e7us pour une pression de service maximale de 35 bars avec un facteur de s\u00e9curit\u00e9 de 1,5.<\/p>\n\n\n\n<p>Ils sont fournis en bobines de 200 m, l&rsquo;installateur devant couper la longueur n\u00e9cessaire sur place.<\/p>\n\n\n\n<p>Les tuyaux et raccords GPL pr\u00e9sentent les avantages suivants:<\/p>\n\n\n\n<ul class=\"wp-block-list\">\n<li>Pas de corrosion<\/li>\n\n\n\n<li>Conception robuste, avec une pression de fonctionnement maximale de 35 bars<\/li>\n\n\n\n<li>Installation en sections continues.<\/li>\n\n\n\n<li>Flexible, facile \u00e0 installer<\/li>\n\n\n\n<li>Perte de pression inf\u00e9rieure \u00e0 celle d&rsquo;un tube en acier<\/li>\n\n\n\n<li>dur\u00e9e de vie: 30 ans et plus<\/li>\n<\/ul>\n<\/div>\n\n\n\n<div class=\"wp-block-column is-layout-flow wp-block-column-is-layout-flow\">\n<figure class=\"wp-block-image\"><img decoding=\"async\" width=\"576\" height=\"768\" data-src=\"https:\/\/cgh.com.pl\/fr\/wp-content\/uploads\/2021\/05\/LPG-Pipes1.jpg\" alt=\"LPG Pipes\" class=\"wp-image-1519 img-fluid lazyload\" data-srcset=\"https:\/\/cgh.com.pl\/fr\/wp-content\/uploads\/2021\/05\/LPG-Pipes1.jpg 576w, https:\/\/cgh.com.pl\/fr\/wp-content\/uploads\/2021\/05\/LPG-Pipes1-225x300.jpg 225w\" data-sizes=\"(max-width: 576px) 100vw, 576px\" src=\"data:image\/svg+xml;base64,PHN2ZyB3aWR0aD0iMSIgaGVpZ2h0PSIxIiB4bWxucz0iaHR0cDovL3d3dy53My5vcmcvMjAwMC9zdmciPjwvc3ZnPg==\" style=\"--smush-placeholder-width: 576px; --smush-placeholder-aspect-ratio: 576\/768;\" \/><\/figure>\n<\/div>\n<\/div>\n","protected":false},"excerpt":{"rendered":"<p>Les conduites LPG-FLEX sont con\u00e7us pour \u00eatre install\u00e9s sous terre en une seule longueur continue pour le transfert de la phase liquide du gaz entre le r\u00e9servoir et le consommateur, par exemple le distributeur, le vaporisateur. La flexibilit\u00e9 des tuyaux LPG-FLEX permet un assemblage rapide et simple sur le site, sans les travaux de soudage [&hellip;]?<\/p>\n","protected":false},"author":1,"featured_media":0,"parent":15,"menu_order":0,"comment_status":"closed","ping_status":"closed","template":"page-products-with-second-menu.php","meta":{"_acf_changed":false,"footnotes":""},"class_list":["post-279","page","type-page","status-publish","hentry"],"acf":[],"yoast_head":"<!-- This site is optimized with the Yoast SEO plugin v26.1.1 - https:\/\/yoast.com\/wordpress\/plugins\/seo\/ -->\n<title>Conduites GPL - CGH Group Sp. z o.o.<\/title>\n<meta name=\"robots\" content=\"index, follow, max-snippet:-1, max-image-preview:large, max-video-preview:-1\" \/>\n<link rel=\"canonical\" href=\"https:\/\/cgh.com.pl\/fr\/reservoirs-de-gpl\/conduites-gpl\" \/>\n<meta property=\"og:locale\" content=\"fr_FR\" \/>\n<meta property=\"og:type\" content=\"article\" \/>\n<meta property=\"og:title\" content=\"Conduites GPL - CGH Group Sp. z o.o.\" \/>\n<meta property=\"og:description\" content=\"Les conduites LPG-FLEX sont con\u00e7us pour \u00eatre install\u00e9s sous terre en une seule longueur continue pour le transfert de la phase liquide du gaz entre le r\u00e9servoir et le consommateur, par exemple le distributeur, le vaporisateur. La flexibilit\u00e9 des tuyaux LPG-FLEX permet un assemblage rapide et simple sur le site, sans les travaux de soudage [&hellip;]?\" \/>\n<meta property=\"og:url\" content=\"https:\/\/cgh.com.pl\/fr\/reservoirs-de-gpl\/conduites-gpl\" \/>\n<meta property=\"og:site_name\" content=\"CGH Group Sp. z o.o.\" \/>\n<meta property=\"article:modified_time\" content=\"2023-10-03T12:21:11+00:00\" \/>\n<meta property=\"og:image\" content=\"https:\/\/cgh.com.pl\/fr\/wp-content\/uploads\/2021\/05\/LPG-Pipes1.jpg\" \/>\n<meta name=\"twitter:card\" content=\"summary_large_image\" \/>\n<meta name=\"twitter:label1\" content=\"Dur\u00e9e de lecture estim\u00e9e\" \/>\n\t<meta name=\"twitter:data1\" content=\"2 minutes\" \/>\n<script type=\"application\/ld+json\" class=\"yoast-schema-graph\">{\"@context\":\"https:\/\/schema.org\",\"@graph\":[{\"@type\":\"WebPage\",\"@id\":\"https:\/\/cgh.com.pl\/fr\/reservoirs-de-gpl\/conduites-gpl\",\"url\":\"https:\/\/cgh.com.pl\/fr\/reservoirs-de-gpl\/conduites-gpl\",\"name\":\"Conduites GPL - CGH Group Sp. z o.o.\",\"isPartOf\":{\"@id\":\"https:\/\/cgh.com.pl\/fr\/#website\"},\"primaryImageOfPage\":{\"@id\":\"https:\/\/cgh.com.pl\/fr\/reservoirs-de-gpl\/conduites-gpl#primaryimage\"},\"image\":{\"@id\":\"https:\/\/cgh.com.pl\/fr\/reservoirs-de-gpl\/conduites-gpl#primaryimage\"},\"thumbnailUrl\":\"https:\/\/cgh.com.pl\/fr\/wp-content\/uploads\/2021\/05\/LPG-Pipes1.jpg\",\"datePublished\":\"2020-12-03T23:13:16+00:00\",\"dateModified\":\"2023-10-03T12:21:11+00:00\",\"breadcrumb\":{\"@id\":\"https:\/\/cgh.com.pl\/fr\/reservoirs-de-gpl\/conduites-gpl#breadcrumb\"},\"inLanguage\":\"fr-FR\",\"potentialAction\":[{\"@type\":\"ReadAction\",\"target\":[\"https:\/\/cgh.com.pl\/fr\/reservoirs-de-gpl\/conduites-gpl\"]}]},{\"@type\":\"ImageObject\",\"inLanguage\":\"fr-FR\",\"@id\":\"https:\/\/cgh.com.pl\/fr\/reservoirs-de-gpl\/conduites-gpl#primaryimage\",\"url\":\"https:\/\/cgh.com.pl\/fr\/wp-content\/uploads\/2021\/05\/LPG-Pipes1.jpg\",\"contentUrl\":\"https:\/\/cgh.com.pl\/fr\/wp-content\/uploads\/2021\/05\/LPG-Pipes1.jpg\",\"width\":576,\"height\":768,\"caption\":\"LPG Pipes\"},{\"@type\":\"BreadcrumbList\",\"@id\":\"https:\/\/cgh.com.pl\/fr\/reservoirs-de-gpl\/conduites-gpl#breadcrumb\",\"itemListElement\":[{\"@type\":\"ListItem\",\"position\":1,\"name\":\"Strona g\u0142\u00f3wna\",\"item\":\"https:\/\/cgh.com.pl\/fr\/\"},{\"@type\":\"ListItem\",\"position\":2,\"name\":\"R\u00e9servoirs de GPL\",\"item\":\"https:\/\/cgh.com.pl\/fr\/reservoirs-de-gpl\"},{\"@type\":\"ListItem\",\"position\":3,\"name\":\"Conduites GPL\"}]},{\"@type\":\"WebSite\",\"@id\":\"https:\/\/cgh.com.pl\/fr\/#website\",\"url\":\"https:\/\/cgh.com.pl\/fr\/\",\"name\":\"CGH Group Sp. z o.o.\",\"description\":\"\",\"publisher\":{\"@id\":\"https:\/\/cgh.com.pl\/fr\/#organization\"},\"potentialAction\":[{\"@type\":\"SearchAction\",\"target\":{\"@type\":\"EntryPoint\",\"urlTemplate\":\"https:\/\/cgh.com.pl\/fr\/?s={search_term_string}\"},\"query-input\":{\"@type\":\"PropertyValueSpecification\",\"valueRequired\":true,\"valueName\":\"search_term_string\"}}],\"inLanguage\":\"fr-FR\"},{\"@type\":\"Organization\",\"@id\":\"https:\/\/cgh.com.pl\/fr\/#organization\",\"name\":\"CGH Group Sp. z o.o.\",\"url\":\"https:\/\/cgh.com.pl\/fr\/\",\"logo\":{\"@type\":\"ImageObject\",\"inLanguage\":\"fr-FR\",\"@id\":\"https:\/\/cgh.com.pl\/fr\/#\/schema\/logo\/image\/\",\"url\":\"https:\/\/cgh.com.pl\/fr\/wp-content\/uploads\/2023\/05\/logoCGH.png\",\"contentUrl\":\"https:\/\/cgh.com.pl\/fr\/wp-content\/uploads\/2023\/05\/logoCGH.png\",\"width\":449,\"height\":162,\"caption\":\"CGH Group Sp. z o.o.\"},\"image\":{\"@id\":\"https:\/\/cgh.com.pl\/fr\/#\/schema\/logo\/image\/\"}}]}<\/script>\n<!-- \/ Yoast SEO plugin. -->","yoast_head_json":{"title":"Conduites GPL - CGH Group Sp. z o.o.","robots":{"index":"index","follow":"follow","max-snippet":"max-snippet:-1","max-image-preview":"max-image-preview:large","max-video-preview":"max-video-preview:-1"},"canonical":"https:\/\/cgh.com.pl\/fr\/reservoirs-de-gpl\/conduites-gpl","og_locale":"fr_FR","og_type":"article","og_title":"Conduites GPL - CGH Group Sp. z o.o.","og_description":"Les conduites LPG-FLEX sont con\u00e7us pour \u00eatre install\u00e9s sous terre en une seule longueur continue pour le transfert de la phase liquide du gaz entre le r\u00e9servoir et le consommateur, par exemple le distributeur, le vaporisateur. La flexibilit\u00e9 des tuyaux LPG-FLEX permet un assemblage rapide et simple sur le site, sans les travaux de soudage [&hellip;]?","og_url":"https:\/\/cgh.com.pl\/fr\/reservoirs-de-gpl\/conduites-gpl","og_site_name":"CGH Group Sp. z o.o.","article_modified_time":"2023-10-03T12:21:11+00:00","og_image":[{"url":"https:\/\/cgh.com.pl\/fr\/wp-content\/uploads\/2021\/05\/LPG-Pipes1.jpg","type":"","width":"","height":""}],"twitter_card":"summary_large_image","twitter_misc":{"Dur\u00e9e de lecture estim\u00e9e":"2 minutes"},"schema":{"@context":"https:\/\/schema.org","@graph":[{"@type":"WebPage","@id":"https:\/\/cgh.com.pl\/fr\/reservoirs-de-gpl\/conduites-gpl","url":"https:\/\/cgh.com.pl\/fr\/reservoirs-de-gpl\/conduites-gpl","name":"Conduites GPL - CGH Group Sp. z o.o.","isPartOf":{"@id":"https:\/\/cgh.com.pl\/fr\/#website"},"primaryImageOfPage":{"@id":"https:\/\/cgh.com.pl\/fr\/reservoirs-de-gpl\/conduites-gpl#primaryimage"},"image":{"@id":"https:\/\/cgh.com.pl\/fr\/reservoirs-de-gpl\/conduites-gpl#primaryimage"},"thumbnailUrl":"https:\/\/cgh.com.pl\/fr\/wp-content\/uploads\/2021\/05\/LPG-Pipes1.jpg","datePublished":"2020-12-03T23:13:16+00:00","dateModified":"2023-10-03T12:21:11+00:00","breadcrumb":{"@id":"https:\/\/cgh.com.pl\/fr\/reservoirs-de-gpl\/conduites-gpl#breadcrumb"},"inLanguage":"fr-FR","potentialAction":[{"@type":"ReadAction","target":["https:\/\/cgh.com.pl\/fr\/reservoirs-de-gpl\/conduites-gpl"]}]},{"@type":"ImageObject","inLanguage":"fr-FR","@id":"https:\/\/cgh.com.pl\/fr\/reservoirs-de-gpl\/conduites-gpl#primaryimage","url":"https:\/\/cgh.com.pl\/fr\/wp-content\/uploads\/2021\/05\/LPG-Pipes1.jpg","contentUrl":"https:\/\/cgh.com.pl\/fr\/wp-content\/uploads\/2021\/05\/LPG-Pipes1.jpg","width":576,"height":768,"caption":"LPG Pipes"},{"@type":"BreadcrumbList","@id":"https:\/\/cgh.com.pl\/fr\/reservoirs-de-gpl\/conduites-gpl#breadcrumb","itemListElement":[{"@type":"ListItem","position":1,"name":"Strona g\u0142\u00f3wna","item":"https:\/\/cgh.com.pl\/fr\/"},{"@type":"ListItem","position":2,"name":"R\u00e9servoirs de GPL","item":"https:\/\/cgh.com.pl\/fr\/reservoirs-de-gpl"},{"@type":"ListItem","position":3,"name":"Conduites GPL"}]},{"@type":"WebSite","@id":"https:\/\/cgh.com.pl\/fr\/#website","url":"https:\/\/cgh.com.pl\/fr\/","name":"CGH Group Sp. z o.o.","description":"","publisher":{"@id":"https:\/\/cgh.com.pl\/fr\/#organization"},"potentialAction":[{"@type":"SearchAction","target":{"@type":"EntryPoint","urlTemplate":"https:\/\/cgh.com.pl\/fr\/?s={search_term_string}"},"query-input":{"@type":"PropertyValueSpecification","valueRequired":true,"valueName":"search_term_string"}}],"inLanguage":"fr-FR"},{"@type":"Organization","@id":"https:\/\/cgh.com.pl\/fr\/#organization","name":"CGH Group Sp. z o.o.","url":"https:\/\/cgh.com.pl\/fr\/","logo":{"@type":"ImageObject","inLanguage":"fr-FR","@id":"https:\/\/cgh.com.pl\/fr\/#\/schema\/logo\/image\/","url":"https:\/\/cgh.com.pl\/fr\/wp-content\/uploads\/2023\/05\/logoCGH.png","contentUrl":"https:\/\/cgh.com.pl\/fr\/wp-content\/uploads\/2023\/05\/logoCGH.png","width":449,"height":162,"caption":"CGH Group Sp. z o.o."},"image":{"@id":"https:\/\/cgh.com.pl\/fr\/#\/schema\/logo\/image\/"}}]}},"_links":{"self":[{"href":"https:\/\/cgh.com.pl\/fr\/wp-json\/wp\/v2\/pages\/279","targetHints":{"allow":["GET"]}}],"collection":[{"href":"https:\/\/cgh.com.pl\/fr\/wp-json\/wp\/v2\/pages"}],"about":[{"href":"https:\/\/cgh.com.pl\/fr\/wp-json\/wp\/v2\/types\/page"}],"author":[{"embeddable":true,"href":"https:\/\/cgh.com.pl\/fr\/wp-json\/wp\/v2\/users\/1"}],"replies":[{"embeddable":true,"href":"https:\/\/cgh.com.pl\/fr\/wp-json\/wp\/v2\/comments?post=279"}],"version-history":[{"count":17,"href":"https:\/\/cgh.com.pl\/fr\/wp-json\/wp\/v2\/pages\/279\/revisions"}],"predecessor-version":[{"id":4741,"href":"https:\/\/cgh.com.pl\/fr\/wp-json\/wp\/v2\/pages\/279\/revisions\/4741"}],"up":[{"embeddable":true,"href":"https:\/\/cgh.com.pl\/fr\/wp-json\/wp\/v2\/pages\/15"}],"wp:attachment":[{"href":"https:\/\/cgh.com.pl\/fr\/wp-json\/wp\/v2\/media?parent=279"}],"curies":[{"name":"wp","href":"https:\/\/api.w.org\/{rel}","templated":true}]}}