{"id":289,"date":"2020-12-04T13:51:26","date_gmt":"2020-12-04T12:51:26","guid":{"rendered":"https:\/\/cgh.com.pl\/fr\/?page_id=289"},"modified":"2023-10-03T23:57:59","modified_gmt":"2023-10-03T21:57:59","slug":"reservoirs-de-stockage-deau","status":"publish","type":"page","link":"https:\/\/cgh.com.pl\/fr\/reservoirs-deau\/reservoirs-de-stockage-deau","title":{"rendered":"R\u00e9servoirs de stockage d&rsquo;eau"},"content":{"rendered":"\n<div class=\"wp-block-columns has-2-columns is-layout-flex wp-container-core-columns-is-layout-9d6595d7 wp-block-columns-is-layout-flex\">\n<div class=\"wp-block-column is-layout-flow wp-block-column-is-layout-flow\">\n<h3 class=\"wp-block-heading\" id=\"zbiorniki-podziemne-jednoplaszczowe\" style=\"font-size:15px\">R\u00e9servoirs souterrains \u00e0 simple paroi<\/h3>\n\n\n\n<ul class=\"wp-block-list\">\n<li>Ex\u00e9cution selon: EN 12285-1 ou selon DIN 6608 ou selon une conception individuelle<\/li>\n\n\n\n<li>R\u00e9servoirs de stockage de 5 m<sup>3<\/sup> \u00e0 120 m<sup>3<\/sup><\/li>\n\n\n\n<li>Mat\u00e9riaux de base\n<ul class=\"wp-block-list\">\n<li>acier au carbone S235JR<\/li>\n\n\n\n<li>acier inoxydable 304L<\/li>\n<\/ul>\n<\/li>\n\n\n\n<li>Pression de service: max 0,5 bar<\/li>\n\n\n\n<li>Temp\u00e9rature de service: -20\u00b0C \u00e0 + 50\u00b0C<\/li>\n\n\n\n<li>Surface des feuilles de carbone grenaill\u00e9e \u00e0 Sa 2,5 conform\u00e9ment \u00e0 la norme PN-ISO 8501-1 et prot\u00e9g\u00e9e par un rev\u00eatement anticorrosion en polyur\u00e9thane r\u00e9sistant \u00e0 une p\u00e9n\u00e9tration de 10 kV\/14 kV.<\/li>\n\n\n\n<li>Surface interne des feuilles de carbone peinte en option avec une peinture \u00e9poxy r\u00e9sistante \u00e0 l&rsquo;eau, pour l&rsquo;eau potable avec l&rsquo;approbation PZH<\/li>\n<\/ul>\n<\/div>\n\n\n\n<div class=\"wp-block-column is-layout-flow wp-block-column-is-layout-flow\">\n<h3 class=\"wp-block-heading\" id=\"zbiorniki-naziemne-jednoplaszczowe\" style=\"font-size:15px\">R\u00e9servoirs hors sol \u00e0 simple paroi<\/h3>\n\n\n\n<ul class=\"wp-block-list\">\n<li>Ex\u00e9cution selon: EN 12285-1 ou selon DIN 6616 ou selon une conception individuelle<\/li>\n\n\n\n<li>R\u00e9servoirs de stockage de 5 m<sup>3<\/sup> \u00e0 120 m<sup>3<\/sup><\/li>\n\n\n\n<li>Mat\u00e9riaux de base\n<ul class=\"wp-block-list\">\n<li>acier au carbone S235JR<\/li>\n\n\n\n<li>acier inoxydable 304L<\/li>\n<\/ul>\n<\/li>\n\n\n\n<li>Pression de service: max 0,5 bar<\/li>\n\n\n\n<li>Temp\u00e9rature de service: -20\u00b0C \u00e0 + 50\u00b0C<\/li>\n\n\n\n<li>Surface des feuilles en carbone grenaill\u00e9e \u00e0 Sa 2,5 conform\u00e9ment \u00e0 la norme PN-ISO 8501-1 et prot\u00e9g\u00e9e contre la corrosion par un rev\u00eatement de qualit\u00e9 C3M ou sup\u00e9rieure.<\/li>\n\n\n\n<li>Surface interne des feuilles de carbone peinte en option avec une peinture \u00e9poxy r\u00e9sistante \u00e0 l&rsquo;eau, pour l&rsquo;eau potable avec l&rsquo;approbation PZH<\/li>\n\n\n\n<li>Possibilit\u00e9 d&rsquo;isoler le r\u00e9servoir et d&rsquo;installer un syst\u00e8me de chauffage &#8211; \u00e9lectrique ou \u00e0 serpentin<\/li>\n<\/ul>\n<\/div>\n<\/div>\n\n\n\n<div class=\"wp-block-columns has-2-columns is-layout-flex wp-container-core-columns-is-layout-9d6595d7 wp-block-columns-is-layout-flex\">\n<div class=\"wp-block-column is-layout-flow wp-block-column-is-layout-flow\"><div class=\"wp-block-image\">\n<figure class=\"aligncenter\"><img decoding=\"async\" width=\"519\" height=\"365\" data-src=\"https:\/\/cgh.com.pl\/fr\/wp-content\/uploads\/2021\/03\/Water_storage_tanks-underground.jpg\" alt=\"R\u00e9servoirs de stockage d'eau - R\u00e9servoirs enterr\u00e9s \u00e0 simple paroi\" class=\"wp-image-1374 img-fluid lazyload\" title=\"Storage tanks for water - Underground single skin tank\" data-srcset=\"https:\/\/cgh.com.pl\/fr\/wp-content\/uploads\/2021\/03\/Water_storage_tanks-underground.jpg 519w, https:\/\/cgh.com.pl\/fr\/wp-content\/uploads\/2021\/03\/Water_storage_tanks-underground-300x211.jpg 300w\" data-sizes=\"(max-width: 519px) 100vw, 519px\" src=\"data:image\/svg+xml;base64,PHN2ZyB3aWR0aD0iMSIgaGVpZ2h0PSIxIiB4bWxucz0iaHR0cDovL3d3dy53My5vcmcvMjAwMC9zdmciPjwvc3ZnPg==\" style=\"--smush-placeholder-width: 519px; --smush-placeholder-aspect-ratio: 519\/365;\" \/><\/figure><\/div><\/div>\n\n\n\n<div class=\"wp-block-column is-layout-flow wp-block-column-is-layout-flow\"><div class=\"wp-block-image\">\n<figure class=\"aligncenter\"><img decoding=\"async\" width=\"521\" height=\"365\" data-src=\"https:\/\/cgh.com.pl\/fr\/wp-content\/uploads\/2021\/03\/water-storage-tanks-aboveground.jpg\" alt=\"R\u00e9servoirs de stockage d'eau - R\u00e9servoirs enterr\u00e9s \u00e0 simple paroi\" class=\"wp-image-1375 img-fluid lazyload\" title=\"Storage tanks for water - Aboveground single skin tank\" data-srcset=\"https:\/\/cgh.com.pl\/fr\/wp-content\/uploads\/2021\/03\/water-storage-tanks-aboveground.jpg 521w, https:\/\/cgh.com.pl\/fr\/wp-content\/uploads\/2021\/03\/water-storage-tanks-aboveground-300x210.jpg 300w\" data-sizes=\"(max-width: 521px) 100vw, 521px\" src=\"data:image\/svg+xml;base64,PHN2ZyB3aWR0aD0iMSIgaGVpZ2h0PSIxIiB4bWxucz0iaHR0cDovL3d3dy53My5vcmcvMjAwMC9zdmciPjwvc3ZnPg==\" style=\"--smush-placeholder-width: 521px; --smush-placeholder-aspect-ratio: 521\/365;\" \/><\/figure><\/div><\/div>\n<\/div>\n\n\n\n<div class=\"wp-block-columns has-2-columns is-layout-flex wp-container-core-columns-is-layout-9d6595d7 wp-block-columns-is-layout-flex\">\n<div class=\"wp-block-column is-layout-flow wp-block-column-is-layout-flow\">\n<p><strong>Caract\u00e9ristiques de base:<\/strong><\/p>\n\n\n\n<table>\n<tbody>\n<tr>\n<td class=\"gray\" style=\"text-align: center;\">Capacit\u00e9 du r\u00e9servoir<\/td>\n<td class=\"gray\" style=\"text-align: center;\">Diam\u00e8tre du r\u00e9servoir<\/td>\n<td class=\"gray\" style=\"text-align: center;\">Longueur du r\u00e9servoir*<\/td>\n<td class=\"gray\" style=\"text-align: center;\">Poids du r\u00e9servoir<\/td>\n<\/tr>\n<tr>\n<td class=\"gray\" style=\"text-align: center;\">[m<sup>3<\/sup>]<\/td>\n<td class=\"gray\" style=\"text-align: center;\">[mm]<\/td>\n<td class=\"gray\" style=\"text-align: center;\">[mm]l<\/td>\n<td class=\"gray\" style=\"text-align: center;\">[kg]<\/td>\n<\/tr>\n<tr>\n<td class=\"white\" style=\"text-align: right;\">10<br>\n13<br>\n16<br>\n20<br>\n25<br>\n30<br>\n35<\/td>\n<td class=\"white\" style=\"text-align: right;\">2000<br>\n2000<br>\n2000<br>\n2000<br>\n2000<br>\n2000<br>\n2000<\/td>\n<td class=\"white\" style=\"text-align: right;\">3700<br>\n4700<br>\n5700<br>\n6700<br>\n8700<br>\n10200<br>\n11700<\/td>\n<td class=\"white\" style=\"text-align: right;\">1612<br>\n1918<br>\n2225<br>\n2532<br>\n3145<br>\n3656<br>\n4116<\/td>\n<\/tr>\n<tr>\n<td class=\"white\" style=\"text-align: right;\">20<br>\n25<br>\n30<br>\n40<br>\n50<br>\n60<br>\n70<\/td>\n<td class=\"white\" style=\"text-align: right;\">2500<br>\n2500<br>\n2500<br>\n2500<br>\n2500<br>\n2500<br>\n2500<\/td>\n<td class=\"white\" style=\"text-align: right;\">4840<br>\n5840<br>\n6840<br>\n8840<br>\n10840<br>\n12840<br>\n14840<\/td>\n<td class=\"white\" style=\"text-align: right;\">2591<br>\n2974<br>\n3358<br>\n4190<br>\n4956<br>\n5788<br>\n6574<\/td>\n<\/tr>\n<tr>\n<td class=\"white\" style=\"text-align: right;\">40<br>\n50<br>\n60<br>\n70<br>\n80<br>\n100<\/td>\n<td class=\"white\" style=\"text-align: right;\">2900<br>\n2900<br>\n2900<br>\n2900<br>\n2900<br>\n2900<\/td>\n<td class=\"white\" style=\"text-align: right;\">6950<br>\n8450<br>\n9950<br>\n11450<br>\n12950<br>\n15950<\/td>\n<td class=\"white\" style=\"text-align: right;\">4579<br>\n5432<br>\n6208<br>\n7003<br>\n7856<br>\n9408<\/td>\n<\/tr>\n<\/tbody>\n<\/table>\n* Longueur totale avec une tol\u00e9rance de +\/- 1% conform\u00e9ment \u00e0 la norme\n<\/div>\n\n\n\n<div class=\"wp-block-column is-layout-flow wp-block-column-is-layout-flow\">\n<p><strong>Domaine d\u2019application des r\u00e9servoirs d&rsquo;eau:<\/strong><br><strong>Stockage de l&rsquo;eau:<\/strong><\/p>\n\n\n\n<ul class=\"wp-block-list\">\n<li>d\u2019extinction incendie<\/li>\n\n\n\n<li>de pluie<\/li>\n\n\n\n<li>potable<\/li>\n\n\n\n<li>d\u2019industrie<\/li>\n<\/ul>\n\n\n\n<h4 class=\"wp-block-heading\">Caract\u00e9ristiques des r\u00e9servoirs hors sol fabriqu\u00e9s par CGH Polska Sp. z o.o.<\/h4>\n\n\n\n<ul class=\"wp-block-list\">\n<li>Assemblage parfait gr\u00e2ce \u00e0 la ligne de production automatique Heinrichgluck.<\/li>\n\n\n\n<li>L&rsquo;ex\u00e9cution de soudures internes et externes par soudage \u00e0 l&rsquo;arc submerg\u00e9 en utilisant des mat\u00e9riaux de soudage de la plus haute qualit\u00e9.<\/li>\n\n\n\n<li>Nettoyage de surface selon le grade Sa 2.5 conform\u00e9ment \u00e0 la norme ISO 8501-1.<\/li>\n\n\n\n<li>Contr\u00f4le non destructif des joints soud\u00e9s.<\/li>\n<\/ul>\n\n\n\n<figure class=\"wp-block-image\"><img decoding=\"async\" width=\"934\" height=\"546\" data-src=\"https:\/\/cgh.com.pl\/fr\/wp-content\/uploads\/2021\/05\/underground-water-storage-tank.jpg\" alt=\"R\u00e9servoirs de stockage d'eau\" class=\"wp-image-1687 img-fluid lazyload\" title=\"Storage tanks for water\" data-srcset=\"https:\/\/cgh.com.pl\/fr\/wp-content\/uploads\/2021\/05\/underground-water-storage-tank.jpg 934w, https:\/\/cgh.com.pl\/fr\/wp-content\/uploads\/2021\/05\/underground-water-storage-tank-300x175.jpg 300w, https:\/\/cgh.com.pl\/fr\/wp-content\/uploads\/2021\/05\/underground-water-storage-tank-768x449.jpg 768w\" data-sizes=\"(max-width: 934px) 100vw, 934px\" src=\"data:image\/svg+xml;base64,PHN2ZyB3aWR0aD0iMSIgaGVpZ2h0PSIxIiB4bWxucz0iaHR0cDovL3d3dy53My5vcmcvMjAwMC9zdmciPjwvc3ZnPg==\" style=\"--smush-placeholder-width: 934px; --smush-placeholder-aspect-ratio: 934\/546;\" \/><\/figure>\n<\/div>\n<\/div>\n\n\n\n<p>Nous proposons des r\u00e9servoirs souterrains et hors sol d&rsquo;une capacit\u00e9 allant de 5 m<sup>3<\/sup> \u00e0 120 m<sup>3<\/sup>, con\u00e7us pour le stockage de l&rsquo;eau \u00e0 des fins diverses, c&rsquo;est-\u00e0-dire commen\u00e7ant par l&rsquo;eau potable et de l&rsquo;eau de pluie (dite eau de pluie) passant par l\u2019eau d\u2019extinction incendie pour en finir avec l\u2019eau d\u2019industrie. Nous atteignons la plus haute qualit\u00e9 d&rsquo;ex\u00e9cution gr\u00e2ce, entre autres, \u00e0 une production automatis\u00e9e et \u00e0 l&rsquo;ex\u00e9cution de soudures internes et externes \u00e0 l&rsquo;arc submerg\u00e9 avec les meilleurs mat\u00e9riaux de soudage. Les produits sont fabriqu\u00e9s soit selon un projet individuel discut\u00e9 avec nous, soit selon les normes EN 12285-1 ou DIN 6608.<\/p>\n\n\n\n<p>Les constructions r\u00e9pondent aux exigences de qualit\u00e9 les plus \u00e9lev\u00e9es et aux agr\u00e9ments PZH pour l&rsquo;eau potable ce qui permet de stocker l&rsquo;eau dans des conditions appropri\u00e9es. Nous vous encourageons \u00e0 opter pour des r\u00e9servoirs souterrains ou hors sol robustes et fiables pour l&rsquo;eau de pluie ou l&rsquo;eau destin\u00e9e \u00e0 d&rsquo;autres usages.<\/p>\n","protected":false},"excerpt":{"rendered":"<p>R\u00e9servoirs souterrains \u00e0 simple paroi R\u00e9servoirs hors sol \u00e0 simple paroi Caract\u00e9ristiques de base: Capacit\u00e9 du r\u00e9servoir Diam\u00e8tre du r\u00e9servoir Longueur du r\u00e9servoir* Poids du r\u00e9servoir [m3] [mm] [mm]l [kg] 10 13 16 20 25 30 35 2000 2000 2000 2000 2000 2000 2000 3700 4700 5700 6700 8700 10200 11700 1612 1918 2225 2532 [&hellip;]?<\/p>\n","protected":false},"author":1,"featured_media":0,"parent":30,"menu_order":0,"comment_status":"closed","ping_status":"closed","template":"page-products-with-second-menu.php","meta":{"_acf_changed":false,"footnotes":""},"class_list":["post-289","page","type-page","status-publish","hentry"],"acf":[],"yoast_head":"<!-- This site is optimized with the Yoast SEO plugin v26.1.1 - https:\/\/yoast.com\/wordpress\/plugins\/seo\/ -->\n<title>R\u00e9servoirs de stockage d&#039;eau - CGH Group Sp. z o.o.<\/title>\n<meta name=\"robots\" content=\"index, follow, max-snippet:-1, max-image-preview:large, max-video-preview:-1\" \/>\n<link rel=\"canonical\" href=\"https:\/\/cgh.com.pl\/fr\/reservoirs-deau\/reservoirs-de-stockage-deau\" \/>\n<meta property=\"og:locale\" content=\"fr_FR\" \/>\n<meta property=\"og:type\" content=\"article\" \/>\n<meta property=\"og:title\" content=\"R\u00e9servoirs de stockage d&#039;eau - CGH Group Sp. z o.o.\" \/>\n<meta property=\"og:description\" content=\"R\u00e9servoirs souterrains \u00e0 simple paroi R\u00e9servoirs hors sol \u00e0 simple paroi Caract\u00e9ristiques de base: Capacit\u00e9 du r\u00e9servoir Diam\u00e8tre du r\u00e9servoir Longueur du r\u00e9servoir* Poids du r\u00e9servoir [m3] [mm] [mm]l [kg] 10 13 16 20 25 30 35 2000 2000 2000 2000 2000 2000 2000 3700 4700 5700 6700 8700 10200 11700 1612 1918 2225 2532 [&hellip;]?\" \/>\n<meta property=\"og:url\" content=\"https:\/\/cgh.com.pl\/fr\/reservoirs-deau\/reservoirs-de-stockage-deau\" \/>\n<meta property=\"og:site_name\" content=\"CGH Group Sp. z o.o.\" \/>\n<meta property=\"article:modified_time\" content=\"2023-10-03T21:57:59+00:00\" \/>\n<meta property=\"og:image\" content=\"https:\/\/cgh.com.pl\/fr\/wp-content\/uploads\/2021\/03\/Water_storage_tanks-underground.jpg\" \/>\n<meta name=\"twitter:card\" content=\"summary_large_image\" \/>\n<meta name=\"twitter:label1\" content=\"Dur\u00e9e de lecture estim\u00e9e\" \/>\n\t<meta name=\"twitter:data1\" content=\"5 minutes\" \/>\n<script type=\"application\/ld+json\" class=\"yoast-schema-graph\">{\"@context\":\"https:\/\/schema.org\",\"@graph\":[{\"@type\":\"WebPage\",\"@id\":\"https:\/\/cgh.com.pl\/fr\/reservoirs-deau\/reservoirs-de-stockage-deau\",\"url\":\"https:\/\/cgh.com.pl\/fr\/reservoirs-deau\/reservoirs-de-stockage-deau\",\"name\":\"R\u00e9servoirs de stockage d'eau - CGH Group Sp. z o.o.\",\"isPartOf\":{\"@id\":\"https:\/\/cgh.com.pl\/fr\/#website\"},\"primaryImageOfPage\":{\"@id\":\"https:\/\/cgh.com.pl\/fr\/reservoirs-deau\/reservoirs-de-stockage-deau#primaryimage\"},\"image\":{\"@id\":\"https:\/\/cgh.com.pl\/fr\/reservoirs-deau\/reservoirs-de-stockage-deau#primaryimage\"},\"thumbnailUrl\":\"https:\/\/cgh.com.pl\/fr\/wp-content\/uploads\/2021\/03\/Water_storage_tanks-underground.jpg\",\"datePublished\":\"2020-12-04T12:51:26+00:00\",\"dateModified\":\"2023-10-03T21:57:59+00:00\",\"breadcrumb\":{\"@id\":\"https:\/\/cgh.com.pl\/fr\/reservoirs-deau\/reservoirs-de-stockage-deau#breadcrumb\"},\"inLanguage\":\"fr-FR\",\"potentialAction\":[{\"@type\":\"ReadAction\",\"target\":[\"https:\/\/cgh.com.pl\/fr\/reservoirs-deau\/reservoirs-de-stockage-deau\"]}]},{\"@type\":\"ImageObject\",\"inLanguage\":\"fr-FR\",\"@id\":\"https:\/\/cgh.com.pl\/fr\/reservoirs-deau\/reservoirs-de-stockage-deau#primaryimage\",\"url\":\"https:\/\/cgh.com.pl\/fr\/wp-content\/uploads\/2021\/03\/Water_storage_tanks-underground.jpg\",\"contentUrl\":\"https:\/\/cgh.com.pl\/fr\/wp-content\/uploads\/2021\/03\/Water_storage_tanks-underground.jpg\",\"width\":519,\"height\":365,\"caption\":\"Water storage tanks underground\"},{\"@type\":\"BreadcrumbList\",\"@id\":\"https:\/\/cgh.com.pl\/fr\/reservoirs-deau\/reservoirs-de-stockage-deau#breadcrumb\",\"itemListElement\":[{\"@type\":\"ListItem\",\"position\":1,\"name\":\"Strona g\u0142\u00f3wna\",\"item\":\"https:\/\/cgh.com.pl\/fr\/\"},{\"@type\":\"ListItem\",\"position\":2,\"name\":\"R\u00e9servoirs d&#8217;eau\",\"item\":\"https:\/\/cgh.com.pl\/fr\/reservoirs-deau\"},{\"@type\":\"ListItem\",\"position\":3,\"name\":\"R\u00e9servoirs de stockage d&#8217;eau\"}]},{\"@type\":\"WebSite\",\"@id\":\"https:\/\/cgh.com.pl\/fr\/#website\",\"url\":\"https:\/\/cgh.com.pl\/fr\/\",\"name\":\"CGH Group Sp. z o.o.\",\"description\":\"\",\"publisher\":{\"@id\":\"https:\/\/cgh.com.pl\/fr\/#organization\"},\"potentialAction\":[{\"@type\":\"SearchAction\",\"target\":{\"@type\":\"EntryPoint\",\"urlTemplate\":\"https:\/\/cgh.com.pl\/fr\/?s={search_term_string}\"},\"query-input\":{\"@type\":\"PropertyValueSpecification\",\"valueRequired\":true,\"valueName\":\"search_term_string\"}}],\"inLanguage\":\"fr-FR\"},{\"@type\":\"Organization\",\"@id\":\"https:\/\/cgh.com.pl\/fr\/#organization\",\"name\":\"CGH Group Sp. z o.o.\",\"url\":\"https:\/\/cgh.com.pl\/fr\/\",\"logo\":{\"@type\":\"ImageObject\",\"inLanguage\":\"fr-FR\",\"@id\":\"https:\/\/cgh.com.pl\/fr\/#\/schema\/logo\/image\/\",\"url\":\"https:\/\/cgh.com.pl\/fr\/wp-content\/uploads\/2023\/05\/logoCGH.png\",\"contentUrl\":\"https:\/\/cgh.com.pl\/fr\/wp-content\/uploads\/2023\/05\/logoCGH.png\",\"width\":449,\"height\":162,\"caption\":\"CGH Group Sp. z o.o.\"},\"image\":{\"@id\":\"https:\/\/cgh.com.pl\/fr\/#\/schema\/logo\/image\/\"}}]}<\/script>\n<!-- \/ Yoast SEO plugin. -->","yoast_head_json":{"title":"R\u00e9servoirs de stockage d'eau - CGH Group Sp. z o.o.","robots":{"index":"index","follow":"follow","max-snippet":"max-snippet:-1","max-image-preview":"max-image-preview:large","max-video-preview":"max-video-preview:-1"},"canonical":"https:\/\/cgh.com.pl\/fr\/reservoirs-deau\/reservoirs-de-stockage-deau","og_locale":"fr_FR","og_type":"article","og_title":"R\u00e9servoirs de stockage d'eau - CGH Group Sp. z o.o.","og_description":"R\u00e9servoirs souterrains \u00e0 simple paroi R\u00e9servoirs hors sol \u00e0 simple paroi Caract\u00e9ristiques de base: Capacit\u00e9 du r\u00e9servoir Diam\u00e8tre du r\u00e9servoir Longueur du r\u00e9servoir* Poids du r\u00e9servoir [m3] [mm] [mm]l [kg] 10 13 16 20 25 30 35 2000 2000 2000 2000 2000 2000 2000 3700 4700 5700 6700 8700 10200 11700 1612 1918 2225 2532 [&hellip;]?","og_url":"https:\/\/cgh.com.pl\/fr\/reservoirs-deau\/reservoirs-de-stockage-deau","og_site_name":"CGH Group Sp. z o.o.","article_modified_time":"2023-10-03T21:57:59+00:00","og_image":[{"url":"https:\/\/cgh.com.pl\/fr\/wp-content\/uploads\/2021\/03\/Water_storage_tanks-underground.jpg","type":"","width":"","height":""}],"twitter_card":"summary_large_image","twitter_misc":{"Dur\u00e9e de lecture estim\u00e9e":"5 minutes"},"schema":{"@context":"https:\/\/schema.org","@graph":[{"@type":"WebPage","@id":"https:\/\/cgh.com.pl\/fr\/reservoirs-deau\/reservoirs-de-stockage-deau","url":"https:\/\/cgh.com.pl\/fr\/reservoirs-deau\/reservoirs-de-stockage-deau","name":"R\u00e9servoirs de stockage d'eau - CGH Group Sp. z o.o.","isPartOf":{"@id":"https:\/\/cgh.com.pl\/fr\/#website"},"primaryImageOfPage":{"@id":"https:\/\/cgh.com.pl\/fr\/reservoirs-deau\/reservoirs-de-stockage-deau#primaryimage"},"image":{"@id":"https:\/\/cgh.com.pl\/fr\/reservoirs-deau\/reservoirs-de-stockage-deau#primaryimage"},"thumbnailUrl":"https:\/\/cgh.com.pl\/fr\/wp-content\/uploads\/2021\/03\/Water_storage_tanks-underground.jpg","datePublished":"2020-12-04T12:51:26+00:00","dateModified":"2023-10-03T21:57:59+00:00","breadcrumb":{"@id":"https:\/\/cgh.com.pl\/fr\/reservoirs-deau\/reservoirs-de-stockage-deau#breadcrumb"},"inLanguage":"fr-FR","potentialAction":[{"@type":"ReadAction","target":["https:\/\/cgh.com.pl\/fr\/reservoirs-deau\/reservoirs-de-stockage-deau"]}]},{"@type":"ImageObject","inLanguage":"fr-FR","@id":"https:\/\/cgh.com.pl\/fr\/reservoirs-deau\/reservoirs-de-stockage-deau#primaryimage","url":"https:\/\/cgh.com.pl\/fr\/wp-content\/uploads\/2021\/03\/Water_storage_tanks-underground.jpg","contentUrl":"https:\/\/cgh.com.pl\/fr\/wp-content\/uploads\/2021\/03\/Water_storage_tanks-underground.jpg","width":519,"height":365,"caption":"Water storage tanks underground"},{"@type":"BreadcrumbList","@id":"https:\/\/cgh.com.pl\/fr\/reservoirs-deau\/reservoirs-de-stockage-deau#breadcrumb","itemListElement":[{"@type":"ListItem","position":1,"name":"Strona g\u0142\u00f3wna","item":"https:\/\/cgh.com.pl\/fr\/"},{"@type":"ListItem","position":2,"name":"R\u00e9servoirs d&#8217;eau","item":"https:\/\/cgh.com.pl\/fr\/reservoirs-deau"},{"@type":"ListItem","position":3,"name":"R\u00e9servoirs de stockage d&#8217;eau"}]},{"@type":"WebSite","@id":"https:\/\/cgh.com.pl\/fr\/#website","url":"https:\/\/cgh.com.pl\/fr\/","name":"CGH Group Sp. z o.o.","description":"","publisher":{"@id":"https:\/\/cgh.com.pl\/fr\/#organization"},"potentialAction":[{"@type":"SearchAction","target":{"@type":"EntryPoint","urlTemplate":"https:\/\/cgh.com.pl\/fr\/?s={search_term_string}"},"query-input":{"@type":"PropertyValueSpecification","valueRequired":true,"valueName":"search_term_string"}}],"inLanguage":"fr-FR"},{"@type":"Organization","@id":"https:\/\/cgh.com.pl\/fr\/#organization","name":"CGH Group Sp. z o.o.","url":"https:\/\/cgh.com.pl\/fr\/","logo":{"@type":"ImageObject","inLanguage":"fr-FR","@id":"https:\/\/cgh.com.pl\/fr\/#\/schema\/logo\/image\/","url":"https:\/\/cgh.com.pl\/fr\/wp-content\/uploads\/2023\/05\/logoCGH.png","contentUrl":"https:\/\/cgh.com.pl\/fr\/wp-content\/uploads\/2023\/05\/logoCGH.png","width":449,"height":162,"caption":"CGH Group Sp. z o.o."},"image":{"@id":"https:\/\/cgh.com.pl\/fr\/#\/schema\/logo\/image\/"}}]}},"_links":{"self":[{"href":"https:\/\/cgh.com.pl\/fr\/wp-json\/wp\/v2\/pages\/289","targetHints":{"allow":["GET"]}}],"collection":[{"href":"https:\/\/cgh.com.pl\/fr\/wp-json\/wp\/v2\/pages"}],"about":[{"href":"https:\/\/cgh.com.pl\/fr\/wp-json\/wp\/v2\/types\/page"}],"author":[{"embeddable":true,"href":"https:\/\/cgh.com.pl\/fr\/wp-json\/wp\/v2\/users\/1"}],"replies":[{"embeddable":true,"href":"https:\/\/cgh.com.pl\/fr\/wp-json\/wp\/v2\/comments?post=289"}],"version-history":[{"count":15,"href":"https:\/\/cgh.com.pl\/fr\/wp-json\/wp\/v2\/pages\/289\/revisions"}],"predecessor-version":[{"id":4803,"href":"https:\/\/cgh.com.pl\/fr\/wp-json\/wp\/v2\/pages\/289\/revisions\/4803"}],"up":[{"embeddable":true,"href":"https:\/\/cgh.com.pl\/fr\/wp-json\/wp\/v2\/pages\/30"}],"wp:attachment":[{"href":"https:\/\/cgh.com.pl\/fr\/wp-json\/wp\/v2\/media?parent=289"}],"curies":[{"name":"wp","href":"https:\/\/api.w.org\/{rel}","templated":true}]}}