{"id":298,"date":"2020-12-04T23:54:47","date_gmt":"2020-12-04T22:54:47","guid":{"rendered":"https:\/\/cgh.com.pl\/fr\/?page_id=298"},"modified":"2023-12-24T00:23:24","modified_gmt":"2023-12-23T23:23:24","slug":"reservoirs-dhydrophore","status":"publish","type":"page","link":"https:\/\/cgh.com.pl\/fr\/reservoirs-deau\/reservoirs-dhydrophore","title":{"rendered":"R\u00e9servoirs d&rsquo;hydrophore"},"content":{"rendered":"\n<div class=\"wp-block-columns has-2-columns is-layout-flex wp-container-core-columns-is-layout-9d6595d7 wp-block-columns-is-layout-flex\">\n<div class=\"wp-block-column is-layout-flow wp-block-column-is-layout-flow\">\n<h4 class=\"wp-block-heading\" id=\"przeznaczenie\">Domaine d\u2019application:<\/h4>\n\n\n\n<p>Les r\u00e9servoirs hydrophores sont utilis\u00e9s pour stocker l&rsquo;eau dans les syst\u00e8mes de lutte contre l&rsquo;incendie et pour maintenir (stabiliser) la pression d&rsquo;eau requise dans le syst\u00e8me d&rsquo;approvisionnement en eau et assurer un approvisionnement ad\u00e9quat (stockage de l&rsquo;eau) en cas de prise d&rsquo;eau soudaine.<\/p>\n\n\n\n<h4 class=\"wp-block-heading\">Caract\u00e9ristiques techniques:<\/h4>\n\n\n\n<ul class=\"wp-block-list\">\n<li>Conforme \u00e0 la directive PED\/97\/23\/CE et aux normes AD 2000 et EN13945<\/li>\n\n\n\n<li>Surface externe grenaill\u00e9e \u00e0 Sa 2.5 selon PN-ISO 8501-1<\/li>\n\n\n\n<li>Protection contre la corrosion avec un rev\u00eatement de classe C3 M ou sup\u00e9rieure<\/li>\n\n\n\n<li>Pression 10 bar<\/li>\n\n\n\n<li>Temp\u00e9rature de fonctionnement 0\u00b0\/+40\u00b0.<\/li>\n\n\n\n<li>Surface int\u00e9rieure peinte avec une peinture \u00e9poxy, pour l&rsquo;eau potable avec l&rsquo;approbation PZH<\/li>\n<\/ul>\n<\/div>\n\n\n\n<div class=\"wp-block-column is-layout-flow wp-block-column-is-layout-flow\">\n<figure class=\"wp-block-image\"><img decoding=\"async\" width=\"1000\" height=\"556\" data-src=\"https:\/\/cgh.com.pl\/fr\/wp-content\/uploads\/2021\/06\/Hydrophore-tanks-drawing.jpg\" alt=\"R\u00e9servoirs d'hydrophore\" class=\"wp-image-1690 img-fluid lazyload\" title=\"Hydrophore tanks - drawing\" data-srcset=\"https:\/\/cgh.com.pl\/fr\/wp-content\/uploads\/2021\/06\/Hydrophore-tanks-drawing.jpg 1000w, https:\/\/cgh.com.pl\/fr\/wp-content\/uploads\/2021\/06\/Hydrophore-tanks-drawing-300x167.jpg 300w, https:\/\/cgh.com.pl\/fr\/wp-content\/uploads\/2021\/06\/Hydrophore-tanks-drawing-768x427.jpg 768w\" data-sizes=\"(max-width: 1000px) 100vw, 1000px\" src=\"data:image\/svg+xml;base64,PHN2ZyB3aWR0aD0iMSIgaGVpZ2h0PSIxIiB4bWxucz0iaHR0cDovL3d3dy53My5vcmcvMjAwMC9zdmciPjwvc3ZnPg==\" style=\"--smush-placeholder-width: 1000px; --smush-placeholder-aspect-ratio: 1000\/556;\" \/><\/figure>\n<\/div>\n<\/div>\n\n\n\n<div class=\"wp-block-columns has-2-columns is-layout-flex wp-container-core-columns-is-layout-9d6595d7 wp-block-columns-is-layout-flex\">\n<div class=\"wp-block-column is-layout-flow wp-block-column-is-layout-flow\">\n<figure class=\"wp-block-image\"><img decoding=\"async\" width=\"700\" height=\"416\" data-src=\"https:\/\/cgh.com.pl\/fr\/wp-content\/uploads\/2021\/06\/hydrophore-tanks-2.jpg\" alt=\"R\u00e9servoirs d'hydrophore\" class=\"wp-image-1691 img-fluid lazyload\" title=\"Hydrophore tank\" data-srcset=\"https:\/\/cgh.com.pl\/fr\/wp-content\/uploads\/2021\/06\/hydrophore-tanks-2.jpg 700w, https:\/\/cgh.com.pl\/fr\/wp-content\/uploads\/2021\/06\/hydrophore-tanks-2-300x178.jpg 300w\" data-sizes=\"(max-width: 700px) 100vw, 700px\" src=\"data:image\/svg+xml;base64,PHN2ZyB3aWR0aD0iMSIgaGVpZ2h0PSIxIiB4bWxucz0iaHR0cDovL3d3dy53My5vcmcvMjAwMC9zdmciPjwvc3ZnPg==\" style=\"--smush-placeholder-width: 700px; --smush-placeholder-aspect-ratio: 700\/416;\" \/><\/figure>\n<\/div>\n\n\n\n<div class=\"wp-block-column is-layout-flow wp-block-column-is-layout-flow\">\n<h4 class=\"wp-block-heading\" id=\"zbiorniki-hydroforowe-parametry-przykladowego-zbiornika\">Exemple de sp\u00e9cifications d&rsquo;un r\u00e9servoir d&rsquo;hydrophore:<\/h4>\n\n\n\n<table>\n<tbody>\n<tr>\n<td class=\"gray\" style=\"text-align: center;\">No<\/td>\n<td class=\"gray\" style=\"text-align: center;\">Param\u00e8tres<\/td>\n<td class=\"gray\" style=\"text-align: center;\">Valeur<\/td>\n<td class=\"gray\" style=\"text-align: center;\">Unit\u00e9<\/td>\n<\/tr>\n<tr>\n<td class=\"white\" style=\"text-align: right;\">1<\/td>\n<td class=\"white\">Diam\u00e8tre nominal<\/td>\n<td class=\"white\" style=\"text-align: right;\">2300<\/td>\n<td class=\"white\">mm<\/td>\n<\/tr>\n<tr>\n<td class=\"white\" style=\"text-align: right;\">2<\/td>\n<td class=\"white\">Capacit\u00e9<\/td>\n<td class=\"white\" style=\"text-align: right;\">23640<\/td>\n<td class=\"white\">Litre<\/td>\n<\/tr>\n<tr>\n<td class=\"white\" style=\"text-align: right;\">3<\/td>\n<td class=\"white\">Pression maximale admissible PS<\/td>\n<td class=\"white\" style=\"text-align: right;\">10,00<\/td>\n<td class=\"white\">bar<\/td>\n<\/tr>\n<tr>\n<td class=\"white\" style=\"text-align: right;\">4<\/td>\n<td class=\"white\">Temp\u00e9rature minimale-maximale admissible TS<\/td>\n<td class=\"white\" style=\"text-align: right;\">6 \/ 50<\/td>\n<td class=\"white\"><sup>o<\/sup>C<\/td>\n<\/tr>\n<tr>\n<td class=\"white\" style=\"text-align: right;\">5<\/td>\n<td class=\"white\">Pression d&rsquo;essai PT<\/td>\n<td class=\"white\" style=\"text-align: right;\">14,30<\/td>\n<td class=\"white\">bar<\/td>\n<\/tr>\n<tr>\n<td class=\"white\" style=\"text-align: right;\">6<\/td>\n<td class=\"white\">Moyen de travail<\/td>\n<td class=\"white\">eau\/air<\/td>\n<td class=\"white\"><\/td>\n<\/tr>\n<tr>\n<td class=\"white\" style=\"text-align: right;\">7<\/td>\n<td class=\"white\">Masse du r\u00e9servoir vide<\/td>\n<td class=\"white\" style=\"text-align: right;\">4902<\/td>\n<td class=\"white\">kg<\/td>\n<\/tr>\n<tr>\n<td class=\"white\" style=\"text-align: right;\">8<\/td>\n<td class=\"white\">Masse du r\u00e9servoir pendant l&rsquo;\u00e9preuve de pression<\/td>\n<td class=\"white\" style=\"text-align: right;\">30113<\/td>\n<td class=\"white\">kg<\/td>\n<\/tr>\n<tr>\n<td class=\"white\" style=\"text-align: right;\">9<\/td>\n<td class=\"white\">Masse du r\u00e9servoir en fonctionnement &#8211; approximative<\/td>\n<td class=\"white\" style=\"text-align: right;\">~21000<\/td>\n<td class=\"white\">kg<\/td>\n<\/tr>\n<tr>\n<td class=\"white\" style=\"text-align: right;\">10<\/td>\n<td class=\"white\">Dur\u00e9e de vie estim\u00e9e <sup>1)<\/sup><\/td>\n<td class=\"white\" style=\"text-align: right;\">20<\/td>\n<td class=\"white\">years<\/td>\n<\/tr>\n<tr>\n<td class=\"gray\" colspan=\"4\"><sup>1)<\/sup> Pour obtenir la dur\u00e9e de vie estim\u00e9e de l&rsquo;appareil, il est n\u00e9cessaire de suivre les recommandations d\u00e9crites dans ce mode d&#8217;emploi. <\/td>\n<\/tr>\n<\/tbody>\n<\/table>\nAutres capacit\u00e9s disponibles de 5 \u00e0 100 m<sup>3<\/sup>\n<\/div>\n<\/div>\n\n\n\n<table>\n<tbody>\n<tr>\n<td class=\"gray\" style=\"text-align: center;\">Symbole<\/td>\n<td class=\"gray\" style=\"text-align: center;\">Description<\/td>\n<td class=\"gray\" style=\"text-align: center;\">Taille\/DN<\/td>\n<td class=\"gray\" style=\"text-align: center;\">PN<\/td>\n<td class=\"gray\" style=\"text-align: center;\">Type de joint dans les raccords \u00e0 brides<\/td>\n<td class=\"gray\" style=\"text-align: center;\">Mat\u00e9riau du boulon \/ de l&rsquo;\u00e9crou<\/td>\n<td class=\"gray\" style=\"text-align: center;\">Mat\u00e9riau du joint<\/td>\n<td class=\"gray\" style=\"text-align: center;\">Cordon de montage<\/td>\n<td class=\"gray\" style=\"text-align: center;\">Standard<\/td>\n<\/tr>\n<tr>\n<td class=\"white\">N1<\/td>\n<td class=\"white\">Approvisionnement en eau\/drainage<\/td>\n<td class=\"white\">DN150<\/td>\n<td class=\"white\" style=\"text-align: right;\">16<\/td>\n<td class=\"white\">01B<\/td>\n<td class=\"white\">5.6 \/ 5<\/td>\n<td class=\"white\">Caoutchouc d&rsquo;une duret\u00e9 sup\u00e9rieure \u00e0 75 Shore<\/td>\n<td class=\"white\" style=\"text-align: right;\">59,89<\/td>\n<td class=\"white\">PN-ISO 7005-1<\/td>\n<\/tr>\n<tr>\n<td class=\"white\">N2<\/td>\n<td class=\"white\">Approvisionnement en eau<\/td>\n<td class=\"white\">DN40<\/td>\n<td class=\"white\" style=\"text-align: right;\">16<\/td>\n<td class=\"white\">01B<\/td>\n<td class=\"white\">5.6 \/ 5<\/td>\n<td class=\"white\">Caoutchouc d&rsquo;une duret\u00e9 sup\u00e9rieure \u00e0 75 Shore<\/td>\n<td class=\"white\" style=\"text-align: right;\">12,47<\/td>\n<td class=\"white\">PN-ISO 7005-1<\/td>\n<\/tr>\n<tr>\n<td class=\"white\">N3<\/td>\n<td class=\"white\">Alimentation en air comprim\u00e9<\/td>\n<td class=\"white\">DN20<\/td>\n<td class=\"white\" style=\"text-align: right;\">16<\/td>\n<td class=\"white\">01B<\/td>\n<td class=\"white\">5.6 \/ 5<\/td>\n<td class=\"white\">Caoutchouc d&rsquo;une duret\u00e9 sup\u00e9rieure \u00e0 75 Shore<\/td>\n<td class=\"white\" style=\"text-align: right;\">6,34<\/td>\n<td class=\"white\">PN-ISO 7005-1<\/td>\n<\/tr>\n<tr>\n<td class=\"white\">N4<\/td>\n<td class=\"white\">Sous la jauge d&rsquo;eau<\/td>\n<td class=\"white\">DN20<\/td>\n<td class=\"white\" style=\"text-align: right;\">16<\/td>\n<td class=\"white\">01B<\/td>\n<td class=\"white\">5.6 \/ 5<\/td>\n<td class=\"white\">Caoutchouc d&rsquo;une duret\u00e9 sup\u00e9rieure \u00e0 75 Shore<\/td>\n<td class=\"white\" style=\"text-align: right;\">6,34<\/td>\n<td class=\"white\">PN-ISO 7005-1<\/td>\n<\/tr>\n<tr>\n<td class=\"white\">N5<\/td>\n<td class=\"white\">Le robinet technologique<\/td>\n<td class=\"white\">G-1 interne.<\/td>\n<td class=\"white\" style=\"text-align: right;\">10<\/td>\n<td class=\"white\">&#8211;<\/td>\n<td class=\"white\">&#8211;<\/td>\n<td class=\"white\">&#8211;<\/td>\n<td class=\"white\">&#8211;<\/td>\n<td class=\"white\">&#8211;<\/td>\n<\/tr>\n<tr>\n<td class=\"white\">N6<\/td>\n<td class=\"white\">Drainage<\/td>\n<td class=\"white\">G-2 interne.<\/td>\n<td class=\"white\" style=\"text-align: right;\">10<\/td>\n<td class=\"white\">&#8211;<\/td>\n<td class=\"white\">&#8211;<\/td>\n<td class=\"white\">&#8211;<\/td>\n<td class=\"white\">&#8211;<\/td>\n<td class=\"white\">&#8211;<\/td>\n<\/tr>\n<tr>\n<td class=\"white\">M1<\/td>\n<td class=\"white\">Trappe d&rsquo;inspection<\/td>\n<td class=\"white\">320\/420<\/td>\n<td class=\"white\" style=\"text-align: right;\">10<\/td>\n<td class=\"white\">&#8211;<\/td>\n<td class=\"white\">St3S\/5<\/td>\n<td class=\"white\">Caoutchouc d&rsquo;une duret\u00e9 sup\u00e9rieure \u00e0 75 Shore<\/td>\n<td class=\"white\" style=\"text-align: right;\">24,77<\/td>\n<td class=\"white\">Selon le fabricant<\/td>\n<\/tr>\n<\/tbody>\n<\/table>\n\n\n\n<p>Les r\u00e9servoirs hydrophores sont notamment utilis\u00e9s pour stocker l&rsquo;eau dans les syst\u00e8mes de protection contre les incendies et sont donc \u00e9galement appel\u00e9s r\u00e9servoirs d&rsquo;incendie.<\/p>\n","protected":false},"excerpt":{"rendered":"<p>Domaine d\u2019application: Les r\u00e9servoirs hydrophores sont utilis\u00e9s pour stocker l&rsquo;eau dans les syst\u00e8mes de lutte contre l&rsquo;incendie et pour maintenir (stabiliser) la pression d&rsquo;eau requise dans le syst\u00e8me d&rsquo;approvisionnement en eau et assurer un approvisionnement ad\u00e9quat (stockage de l&rsquo;eau) en cas de prise d&rsquo;eau soudaine. Caract\u00e9ristiques techniques: Exemple de sp\u00e9cifications d&rsquo;un r\u00e9servoir d&rsquo;hydrophore: No Param\u00e8tres [&hellip;]?<\/p>\n","protected":false},"author":1,"featured_media":0,"parent":30,"menu_order":0,"comment_status":"closed","ping_status":"closed","template":"page-products-with-second-menu.php","meta":{"_acf_changed":false,"footnotes":""},"class_list":["post-298","page","type-page","status-publish","hentry"],"acf":[],"yoast_head":"<!-- This site is optimized with the Yoast SEO plugin v26.1.1 - https:\/\/yoast.com\/wordpress\/plugins\/seo\/ -->\n<title>R\u00e9servoirs d&#039;hydrophore - CGH Group Sp. z o.o.<\/title>\n<meta name=\"robots\" content=\"index, follow, max-snippet:-1, max-image-preview:large, max-video-preview:-1\" \/>\n<link rel=\"canonical\" href=\"https:\/\/cgh.com.pl\/fr\/reservoirs-deau\/reservoirs-dhydrophore\" \/>\n<meta property=\"og:locale\" content=\"fr_FR\" \/>\n<meta property=\"og:type\" content=\"article\" \/>\n<meta property=\"og:title\" content=\"R\u00e9servoirs d&#039;hydrophore - CGH Group Sp. z o.o.\" \/>\n<meta property=\"og:description\" content=\"Domaine d\u2019application: Les r\u00e9servoirs hydrophores sont utilis\u00e9s pour stocker l&rsquo;eau dans les syst\u00e8mes de lutte contre l&rsquo;incendie et pour maintenir (stabiliser) la pression d&rsquo;eau requise dans le syst\u00e8me d&rsquo;approvisionnement en eau et assurer un approvisionnement ad\u00e9quat (stockage de l&rsquo;eau) en cas de prise d&rsquo;eau soudaine. Caract\u00e9ristiques techniques: Exemple de sp\u00e9cifications d&rsquo;un r\u00e9servoir d&rsquo;hydrophore: No Param\u00e8tres [&hellip;]?\" \/>\n<meta property=\"og:url\" content=\"https:\/\/cgh.com.pl\/fr\/reservoirs-deau\/reservoirs-dhydrophore\" \/>\n<meta property=\"og:site_name\" content=\"CGH Group Sp. z o.o.\" \/>\n<meta property=\"article:modified_time\" content=\"2023-12-23T23:23:24+00:00\" \/>\n<meta property=\"og:image\" content=\"https:\/\/cgh.com.pl\/fr\/wp-content\/uploads\/2021\/06\/Hydrophore-tanks-drawing.jpg\" \/>\n<meta name=\"twitter:card\" content=\"summary_large_image\" \/>\n<meta name=\"twitter:label1\" content=\"Dur\u00e9e de lecture estim\u00e9e\" \/>\n\t<meta name=\"twitter:data1\" content=\"3 minutes\" \/>\n<script type=\"application\/ld+json\" class=\"yoast-schema-graph\">{\"@context\":\"https:\/\/schema.org\",\"@graph\":[{\"@type\":\"WebPage\",\"@id\":\"https:\/\/cgh.com.pl\/fr\/reservoirs-deau\/reservoirs-dhydrophore\",\"url\":\"https:\/\/cgh.com.pl\/fr\/reservoirs-deau\/reservoirs-dhydrophore\",\"name\":\"R\u00e9servoirs d'hydrophore - CGH Group Sp. z o.o.\",\"isPartOf\":{\"@id\":\"https:\/\/cgh.com.pl\/fr\/#website\"},\"primaryImageOfPage\":{\"@id\":\"https:\/\/cgh.com.pl\/fr\/reservoirs-deau\/reservoirs-dhydrophore#primaryimage\"},\"image\":{\"@id\":\"https:\/\/cgh.com.pl\/fr\/reservoirs-deau\/reservoirs-dhydrophore#primaryimage\"},\"thumbnailUrl\":\"https:\/\/cgh.com.pl\/fr\/wp-content\/uploads\/2021\/06\/Hydrophore-tanks-drawing.jpg\",\"datePublished\":\"2020-12-04T22:54:47+00:00\",\"dateModified\":\"2023-12-23T23:23:24+00:00\",\"breadcrumb\":{\"@id\":\"https:\/\/cgh.com.pl\/fr\/reservoirs-deau\/reservoirs-dhydrophore#breadcrumb\"},\"inLanguage\":\"fr-FR\",\"potentialAction\":[{\"@type\":\"ReadAction\",\"target\":[\"https:\/\/cgh.com.pl\/fr\/reservoirs-deau\/reservoirs-dhydrophore\"]}]},{\"@type\":\"ImageObject\",\"inLanguage\":\"fr-FR\",\"@id\":\"https:\/\/cgh.com.pl\/fr\/reservoirs-deau\/reservoirs-dhydrophore#primaryimage\",\"url\":\"https:\/\/cgh.com.pl\/fr\/wp-content\/uploads\/2021\/06\/Hydrophore-tanks-drawing.jpg\",\"contentUrl\":\"https:\/\/cgh.com.pl\/fr\/wp-content\/uploads\/2021\/06\/Hydrophore-tanks-drawing.jpg\",\"width\":1000,\"height\":556,\"caption\":\"Hydrophore tanks - drawing\"},{\"@type\":\"BreadcrumbList\",\"@id\":\"https:\/\/cgh.com.pl\/fr\/reservoirs-deau\/reservoirs-dhydrophore#breadcrumb\",\"itemListElement\":[{\"@type\":\"ListItem\",\"position\":1,\"name\":\"Strona g\u0142\u00f3wna\",\"item\":\"https:\/\/cgh.com.pl\/fr\/\"},{\"@type\":\"ListItem\",\"position\":2,\"name\":\"R\u00e9servoirs d&#8217;eau\",\"item\":\"https:\/\/cgh.com.pl\/fr\/reservoirs-deau\"},{\"@type\":\"ListItem\",\"position\":3,\"name\":\"R\u00e9servoirs d&#8217;hydrophore\"}]},{\"@type\":\"WebSite\",\"@id\":\"https:\/\/cgh.com.pl\/fr\/#website\",\"url\":\"https:\/\/cgh.com.pl\/fr\/\",\"name\":\"CGH Group Sp. z o.o.\",\"description\":\"\",\"publisher\":{\"@id\":\"https:\/\/cgh.com.pl\/fr\/#organization\"},\"potentialAction\":[{\"@type\":\"SearchAction\",\"target\":{\"@type\":\"EntryPoint\",\"urlTemplate\":\"https:\/\/cgh.com.pl\/fr\/?s={search_term_string}\"},\"query-input\":{\"@type\":\"PropertyValueSpecification\",\"valueRequired\":true,\"valueName\":\"search_term_string\"}}],\"inLanguage\":\"fr-FR\"},{\"@type\":\"Organization\",\"@id\":\"https:\/\/cgh.com.pl\/fr\/#organization\",\"name\":\"CGH Group Sp. z o.o.\",\"url\":\"https:\/\/cgh.com.pl\/fr\/\",\"logo\":{\"@type\":\"ImageObject\",\"inLanguage\":\"fr-FR\",\"@id\":\"https:\/\/cgh.com.pl\/fr\/#\/schema\/logo\/image\/\",\"url\":\"https:\/\/cgh.com.pl\/fr\/wp-content\/uploads\/2023\/05\/logoCGH.png\",\"contentUrl\":\"https:\/\/cgh.com.pl\/fr\/wp-content\/uploads\/2023\/05\/logoCGH.png\",\"width\":449,\"height\":162,\"caption\":\"CGH Group Sp. z o.o.\"},\"image\":{\"@id\":\"https:\/\/cgh.com.pl\/fr\/#\/schema\/logo\/image\/\"}}]}<\/script>\n<!-- \/ Yoast SEO plugin. -->","yoast_head_json":{"title":"R\u00e9servoirs d'hydrophore - CGH Group Sp. z o.o.","robots":{"index":"index","follow":"follow","max-snippet":"max-snippet:-1","max-image-preview":"max-image-preview:large","max-video-preview":"max-video-preview:-1"},"canonical":"https:\/\/cgh.com.pl\/fr\/reservoirs-deau\/reservoirs-dhydrophore","og_locale":"fr_FR","og_type":"article","og_title":"R\u00e9servoirs d'hydrophore - CGH Group Sp. z o.o.","og_description":"Domaine d\u2019application: Les r\u00e9servoirs hydrophores sont utilis\u00e9s pour stocker l&rsquo;eau dans les syst\u00e8mes de lutte contre l&rsquo;incendie et pour maintenir (stabiliser) la pression d&rsquo;eau requise dans le syst\u00e8me d&rsquo;approvisionnement en eau et assurer un approvisionnement ad\u00e9quat (stockage de l&rsquo;eau) en cas de prise d&rsquo;eau soudaine. Caract\u00e9ristiques techniques: Exemple de sp\u00e9cifications d&rsquo;un r\u00e9servoir d&rsquo;hydrophore: No Param\u00e8tres [&hellip;]?","og_url":"https:\/\/cgh.com.pl\/fr\/reservoirs-deau\/reservoirs-dhydrophore","og_site_name":"CGH Group Sp. z o.o.","article_modified_time":"2023-12-23T23:23:24+00:00","og_image":[{"url":"https:\/\/cgh.com.pl\/fr\/wp-content\/uploads\/2021\/06\/Hydrophore-tanks-drawing.jpg","type":"","width":"","height":""}],"twitter_card":"summary_large_image","twitter_misc":{"Dur\u00e9e de lecture estim\u00e9e":"3 minutes"},"schema":{"@context":"https:\/\/schema.org","@graph":[{"@type":"WebPage","@id":"https:\/\/cgh.com.pl\/fr\/reservoirs-deau\/reservoirs-dhydrophore","url":"https:\/\/cgh.com.pl\/fr\/reservoirs-deau\/reservoirs-dhydrophore","name":"R\u00e9servoirs d'hydrophore - CGH Group Sp. z o.o.","isPartOf":{"@id":"https:\/\/cgh.com.pl\/fr\/#website"},"primaryImageOfPage":{"@id":"https:\/\/cgh.com.pl\/fr\/reservoirs-deau\/reservoirs-dhydrophore#primaryimage"},"image":{"@id":"https:\/\/cgh.com.pl\/fr\/reservoirs-deau\/reservoirs-dhydrophore#primaryimage"},"thumbnailUrl":"https:\/\/cgh.com.pl\/fr\/wp-content\/uploads\/2021\/06\/Hydrophore-tanks-drawing.jpg","datePublished":"2020-12-04T22:54:47+00:00","dateModified":"2023-12-23T23:23:24+00:00","breadcrumb":{"@id":"https:\/\/cgh.com.pl\/fr\/reservoirs-deau\/reservoirs-dhydrophore#breadcrumb"},"inLanguage":"fr-FR","potentialAction":[{"@type":"ReadAction","target":["https:\/\/cgh.com.pl\/fr\/reservoirs-deau\/reservoirs-dhydrophore"]}]},{"@type":"ImageObject","inLanguage":"fr-FR","@id":"https:\/\/cgh.com.pl\/fr\/reservoirs-deau\/reservoirs-dhydrophore#primaryimage","url":"https:\/\/cgh.com.pl\/fr\/wp-content\/uploads\/2021\/06\/Hydrophore-tanks-drawing.jpg","contentUrl":"https:\/\/cgh.com.pl\/fr\/wp-content\/uploads\/2021\/06\/Hydrophore-tanks-drawing.jpg","width":1000,"height":556,"caption":"Hydrophore tanks - drawing"},{"@type":"BreadcrumbList","@id":"https:\/\/cgh.com.pl\/fr\/reservoirs-deau\/reservoirs-dhydrophore#breadcrumb","itemListElement":[{"@type":"ListItem","position":1,"name":"Strona g\u0142\u00f3wna","item":"https:\/\/cgh.com.pl\/fr\/"},{"@type":"ListItem","position":2,"name":"R\u00e9servoirs d&#8217;eau","item":"https:\/\/cgh.com.pl\/fr\/reservoirs-deau"},{"@type":"ListItem","position":3,"name":"R\u00e9servoirs d&#8217;hydrophore"}]},{"@type":"WebSite","@id":"https:\/\/cgh.com.pl\/fr\/#website","url":"https:\/\/cgh.com.pl\/fr\/","name":"CGH Group Sp. z o.o.","description":"","publisher":{"@id":"https:\/\/cgh.com.pl\/fr\/#organization"},"potentialAction":[{"@type":"SearchAction","target":{"@type":"EntryPoint","urlTemplate":"https:\/\/cgh.com.pl\/fr\/?s={search_term_string}"},"query-input":{"@type":"PropertyValueSpecification","valueRequired":true,"valueName":"search_term_string"}}],"inLanguage":"fr-FR"},{"@type":"Organization","@id":"https:\/\/cgh.com.pl\/fr\/#organization","name":"CGH Group Sp. z o.o.","url":"https:\/\/cgh.com.pl\/fr\/","logo":{"@type":"ImageObject","inLanguage":"fr-FR","@id":"https:\/\/cgh.com.pl\/fr\/#\/schema\/logo\/image\/","url":"https:\/\/cgh.com.pl\/fr\/wp-content\/uploads\/2023\/05\/logoCGH.png","contentUrl":"https:\/\/cgh.com.pl\/fr\/wp-content\/uploads\/2023\/05\/logoCGH.png","width":449,"height":162,"caption":"CGH Group Sp. z o.o."},"image":{"@id":"https:\/\/cgh.com.pl\/fr\/#\/schema\/logo\/image\/"}}]}},"_links":{"self":[{"href":"https:\/\/cgh.com.pl\/fr\/wp-json\/wp\/v2\/pages\/298","targetHints":{"allow":["GET"]}}],"collection":[{"href":"https:\/\/cgh.com.pl\/fr\/wp-json\/wp\/v2\/pages"}],"about":[{"href":"https:\/\/cgh.com.pl\/fr\/wp-json\/wp\/v2\/types\/page"}],"author":[{"embeddable":true,"href":"https:\/\/cgh.com.pl\/fr\/wp-json\/wp\/v2\/users\/1"}],"replies":[{"embeddable":true,"href":"https:\/\/cgh.com.pl\/fr\/wp-json\/wp\/v2\/comments?post=298"}],"version-history":[{"count":16,"href":"https:\/\/cgh.com.pl\/fr\/wp-json\/wp\/v2\/pages\/298\/revisions"}],"predecessor-version":[{"id":5171,"href":"https:\/\/cgh.com.pl\/fr\/wp-json\/wp\/v2\/pages\/298\/revisions\/5171"}],"up":[{"embeddable":true,"href":"https:\/\/cgh.com.pl\/fr\/wp-json\/wp\/v2\/pages\/30"}],"wp:attachment":[{"href":"https:\/\/cgh.com.pl\/fr\/wp-json\/wp\/v2\/media?parent=298"}],"curies":[{"name":"wp","href":"https:\/\/api.w.org\/{rel}","templated":true}]}}