{"id":30,"date":"2020-11-24T23:19:38","date_gmt":"2020-11-24T22:19:38","guid":{"rendered":"https:\/\/cgh.com.pl\/fr\/?page_id=30"},"modified":"2023-10-04T22:38:51","modified_gmt":"2023-10-04T20:38:51","slug":"reservoirs-deau","status":"publish","type":"page","link":"https:\/\/cgh.com.pl\/fr\/reservoirs-deau","title":{"rendered":"R\u00e9servoirs d&rsquo;eau"},"content":{"rendered":"\n<div class=\"wp-block-columns has-2-columns is-layout-flex wp-container-core-columns-is-layout-9d6595d7 wp-block-columns-is-layout-flex\">\n<div class=\"wp-block-column is-layout-flow wp-block-column-is-layout-flow\">\n<p>Nous concevons et fabriquons des r\u00e9servoirs de stockage d&rsquo;eau en acier, sous pression ou sans pression.<\/p>\n\n\n\n<p>L&rsquo;\u00e9tanch\u00e9it\u00e9 et la durabilit\u00e9 des r\u00e9servoirs sont test\u00e9es. Les r\u00e9servoirs d&rsquo;eau potable sont approuv\u00e9s par le PZH (Institut national d\u2019hygi\u00e8ne)<\/p>\n\n\n\n<p>Nous fabriquons des r\u00e9servoirs \u00e0 partir d&rsquo;une grande vari\u00e9t\u00e9 d&rsquo;aciers, qu&rsquo;ils soient au carbone, inoxydables ou r\u00e9sistants aux acides.<\/p>\n\n\n\n<p>Nous proposons des r\u00e9servoirs d&rsquo;eau:<\/p>\n\n\n\n<div class=\"wp-block-columns has-2-columns is-layout-flex wp-container-core-columns-is-layout-9d6595d7 wp-block-columns-is-layout-flex\">\n<div class=\"wp-block-column is-layout-flow wp-block-column-is-layout-flow\">\n<p><strong>R\u00e9cipients sous pression: a\u00e9rateurs, filtres et r\u00e9servoirs hydrophores de 1600 mm \u00e0 3200 mm de diam\u00e8tre.<\/strong><\/p>\n\n\n\n<ul class=\"wp-block-list\">\n<li>R\u00e9servoirs fabriqu\u00e9s conform\u00e9ment \u00e0 la directive europ\u00e9enne PED 2014\/68\/EU.<\/li>\n<\/ul>\n<\/div>\n\n\n\n<div class=\"wp-block-column is-layout-flow wp-block-column-is-layout-flow\">\n<ul class=\"wp-block-list\">\n<li><strong>R\u00e9servoirs de stockage d&rsquo;eau souterrains et hors sol d&rsquo;une capacit\u00e9 de 5 m<sup>3<\/sup> \u00e0 300 m<sup>3<\/sup><\/strong>\n<ul class=\"wp-block-list\">\n<li>les r\u00e9cipients d&rsquo;incendie avec un raccord pompier recommand\u00e9<\/li>\n\n\n\n<li>R\u00e9servoirs pour l&rsquo;eau de pluie selon les besoins individuels du projet du client<\/li>\n\n\n\n<li>r\u00e9servoirs d&rsquo;eau potable homologu\u00e9s PZH<\/li>\n\n\n\n<li>les r\u00e9servoirs d&rsquo;eaux us\u00e9es, dans le cas de substances dangereuses, avec l&rsquo;approbation de l&rsquo;UDT<\/li>\n\n\n\n<li>des r\u00e9servoirs pour l&rsquo;eau industrielle selon les besoins de conception de chaque client<\/li>\n\n\n\n<li>r\u00e9servoirs pour l&rsquo;eau ammoniacale conform\u00e9ment \u00e0 la norme sur l&rsquo;eau ammoniacale EN 12952-14<br><\/li>\n<\/ul>\n<\/li>\n<\/ul>\n<\/div>\n<\/div>\n\n\n\n<p><\/p>\n<\/div>\n\n\n\n<div class=\"wp-block-column is-layout-flow wp-block-column-is-layout-flow\">\n<figure class=\"wp-block-image\"><img decoding=\"async\" width=\"800\" height=\"538\" data-src=\"https:\/\/cgh.com.pl\/fr\/wp-content\/uploads\/2021\/05\/Water-tanks.jpg\" alt=\"R\u00e9servoirs d'eau\" class=\"wp-image-1668 img-fluid lazyload\" data-srcset=\"https:\/\/cgh.com.pl\/fr\/wp-content\/uploads\/2021\/05\/Water-tanks.jpg 800w, https:\/\/cgh.com.pl\/fr\/wp-content\/uploads\/2021\/05\/Water-tanks-300x202.jpg 300w, https:\/\/cgh.com.pl\/fr\/wp-content\/uploads\/2021\/05\/Water-tanks-768x516.jpg 768w\" data-sizes=\"(max-width: 800px) 100vw, 800px\" src=\"data:image\/svg+xml;base64,PHN2ZyB3aWR0aD0iMSIgaGVpZ2h0PSIxIiB4bWxucz0iaHR0cDovL3d3dy53My5vcmcvMjAwMC9zdmciPjwvc3ZnPg==\" style=\"--smush-placeholder-width: 800px; --smush-placeholder-aspect-ratio: 800\/538;\" \/><\/figure>\n\n\n\n<div class=\"wp-block-columns has-2-columns is-layout-flex wp-container-core-columns-is-layout-9d6595d7 wp-block-columns-is-layout-flex\">\n<div class=\"wp-block-column is-layout-flow wp-block-column-is-layout-flow\">\n<p><\/p>\n<\/div>\n\n\n\n<div class=\"wp-block-column is-layout-flow wp-block-column-is-layout-flow\"><\/div>\n<\/div>\n<\/div>\n<\/div>\n\n\n\n<div class=\"wp-block-columns has-4-columns is-layout-flex wp-container-core-columns-is-layout-9d6595d7 wp-block-columns-is-layout-flex\">\n<div class=\"wp-block-column is-layout-flow wp-block-column-is-layout-flow\">\n<figure class=\"wp-block-image\"><a href=\"https:\/\/cgh.com.pl\/fr\/reservoirs-deau\/reservoirs-de-stockage-deau\"><img decoding=\"async\" width=\"360\" height=\"240\" data-src=\"https:\/\/cgh.com.pl\/fr\/wp-content\/uploads\/2021\/05\/Water-storage-tanks.jpg\" alt=\"Water tanks - Storage tanks for water\" class=\"wp-image-1671 img-fluid lazyload\" data-srcset=\"https:\/\/cgh.com.pl\/fr\/wp-content\/uploads\/2021\/05\/Water-storage-tanks.jpg 360w, https:\/\/cgh.com.pl\/fr\/wp-content\/uploads\/2021\/05\/Water-storage-tanks-300x200.jpg 300w\" data-sizes=\"(max-width: 360px) 100vw, 360px\" src=\"data:image\/svg+xml;base64,PHN2ZyB3aWR0aD0iMSIgaGVpZ2h0PSIxIiB4bWxucz0iaHR0cDovL3d3dy53My5vcmcvMjAwMC9zdmciPjwvc3ZnPg==\" style=\"--smush-placeholder-width: 360px; --smush-placeholder-aspect-ratio: 360\/240;\" \/><\/a><figcaption class=\"wp-element-caption\"><a href=\"https:\/\/cgh.com.pl\/fr\/reservoirs-deau\/reservoirs-de-stockage-deau\">R\u00e9servoirs de stockage d&rsquo;eau<\/a><\/figcaption><\/figure>\n<\/div>\n\n\n\n<div class=\"wp-block-column is-layout-flow wp-block-column-is-layout-flow\">\n<figure class=\"wp-block-image\"><a href=\"https:\/\/cgh.com.pl\/fr\/reservoirs-deau\/aerateurs-et-filtres\"><img decoding=\"async\" width=\"360\" height=\"240\" data-src=\"https:\/\/cgh.com.pl\/fr\/wp-content\/uploads\/2021\/05\/aerators-and-filters-2.jpg\" alt=\"Water tanks - Aerators and filters\" class=\"wp-image-1673 img-fluid lazyload\" data-srcset=\"https:\/\/cgh.com.pl\/fr\/wp-content\/uploads\/2021\/05\/aerators-and-filters-2.jpg 360w, https:\/\/cgh.com.pl\/fr\/wp-content\/uploads\/2021\/05\/aerators-and-filters-2-300x200.jpg 300w\" data-sizes=\"(max-width: 360px) 100vw, 360px\" src=\"data:image\/svg+xml;base64,PHN2ZyB3aWR0aD0iMSIgaGVpZ2h0PSIxIiB4bWxucz0iaHR0cDovL3d3dy53My5vcmcvMjAwMC9zdmciPjwvc3ZnPg==\" style=\"--smush-placeholder-width: 360px; --smush-placeholder-aspect-ratio: 360\/240;\" \/><\/a><figcaption class=\"wp-element-caption\"><a href=\"https:\/\/cgh.com.pl\/fr\/reservoirs-deau\/aerateurs-et-filtres\">A\u00e9rateurs et filtres<\/a><\/figcaption><\/figure>\n<\/div>\n\n\n\n<div class=\"wp-block-column is-layout-flow wp-block-column-is-layout-flow\">\n<figure class=\"wp-block-image\"><a href=\"https:\/\/cgh.com.pl\/fr\/reservoirs-deau\/reservoirs-dhydrophore\"><img decoding=\"async\" width=\"360\" height=\"240\" data-src=\"https:\/\/cgh.com.pl\/fr\/wp-content\/uploads\/2021\/05\/Hydrophore-tanks1.jpg\" alt=\"Water tanks - Hydrophore tanks\" class=\"wp-image-1675 img-fluid lazyload\" data-srcset=\"https:\/\/cgh.com.pl\/fr\/wp-content\/uploads\/2021\/05\/Hydrophore-tanks1.jpg 360w, https:\/\/cgh.com.pl\/fr\/wp-content\/uploads\/2021\/05\/Hydrophore-tanks1-300x200.jpg 300w\" data-sizes=\"(max-width: 360px) 100vw, 360px\" src=\"data:image\/svg+xml;base64,PHN2ZyB3aWR0aD0iMSIgaGVpZ2h0PSIxIiB4bWxucz0iaHR0cDovL3d3dy53My5vcmcvMjAwMC9zdmciPjwvc3ZnPg==\" style=\"--smush-placeholder-width: 360px; --smush-placeholder-aspect-ratio: 360\/240;\" \/><\/a><figcaption class=\"wp-element-caption\"><a href=\"https:\/\/cgh.com.pl\/fr\/reservoirs-deau\/reservoirs-dhydrophore\">R\u00e9servoirs d&rsquo;hydrophore<\/a><\/figcaption><\/figure>\n<\/div>\n\n\n\n<div class=\"wp-block-column is-layout-flow wp-block-column-is-layout-flow\">\n<figure class=\"wp-block-image\"><a href=\"https:\/\/cgh.com.pl\/fr\/reservoirs-deau\/cuve-pour-stockage-deau-chaude\"><img decoding=\"async\" width=\"360\" height=\"240\" data-src=\"https:\/\/cgh.com.pl\/fr\/wp-content\/uploads\/2021\/05\/Cuve-pour-stockage-deau-chaude.jpg\" alt=\"Water tanks - Hot water storage tank\" class=\"wp-image-1676 img-fluid lazyload\" data-srcset=\"https:\/\/cgh.com.pl\/fr\/wp-content\/uploads\/2021\/05\/Cuve-pour-stockage-deau-chaude.jpg 360w, https:\/\/cgh.com.pl\/fr\/wp-content\/uploads\/2021\/05\/Cuve-pour-stockage-deau-chaude-300x200.jpg 300w\" data-sizes=\"(max-width: 360px) 100vw, 360px\" src=\"data:image\/svg+xml;base64,PHN2ZyB3aWR0aD0iMSIgaGVpZ2h0PSIxIiB4bWxucz0iaHR0cDovL3d3dy53My5vcmcvMjAwMC9zdmciPjwvc3ZnPg==\" style=\"--smush-placeholder-width: 360px; --smush-placeholder-aspect-ratio: 360\/240;\" \/><\/a><figcaption class=\"wp-element-caption\"><a href=\"https:\/\/cgh.com.pl\/fr\/reservoirs-deau\/cuve-pour-stockage-deau-chaude\">Cuve pour stockage d\u2019eau chaude<\/a><\/figcaption><\/figure>\n<\/div>\n<\/div>\n\n\n\n<div class=\"wp-block-columns has-4-columns is-layout-flex wp-container-core-columns-is-layout-9d6595d7 wp-block-columns-is-layout-flex\">\n<div class=\"wp-block-column is-layout-flow wp-block-column-is-layout-flow\">\n<figure class=\"wp-block-image size-full\"><a href=\"https:\/\/cgh.com.pl\/fr\/reservoirs-deau\/cuve-pour-stockage-deau-produite\"><img decoding=\"async\" width=\"600\" height=\"400\" data-src=\"https:\/\/cgh.com.pl\/fr\/wp-content\/uploads\/2021\/06\/Cuve-pour-stockage-deau-produite.jpg\" alt=\"Water tanks - Tank to store reservoir water\" class=\"wp-image-1700 img-fluid lazyload\" data-srcset=\"https:\/\/cgh.com.pl\/fr\/wp-content\/uploads\/2021\/06\/Cuve-pour-stockage-deau-produite.jpg 600w, https:\/\/cgh.com.pl\/fr\/wp-content\/uploads\/2021\/06\/Cuve-pour-stockage-deau-produite-300x200.jpg 300w\" data-sizes=\"(max-width: 600px) 100vw, 600px\" src=\"data:image\/svg+xml;base64,PHN2ZyB3aWR0aD0iMSIgaGVpZ2h0PSIxIiB4bWxucz0iaHR0cDovL3d3dy53My5vcmcvMjAwMC9zdmciPjwvc3ZnPg==\" style=\"--smush-placeholder-width: 600px; --smush-placeholder-aspect-ratio: 600\/400;\" \/><\/a><figcaption class=\"wp-element-caption\"><a href=\"https:\/\/cgh.com.pl\/fr\/reservoirs-deau\/cuve-pour-stockage-deau-produite\">Cuve pour stockage d\u2019eau produite<\/a><\/figcaption><\/figure>\n<\/div>\n\n\n\n<div class=\"wp-block-column is-layout-flow wp-block-column-is-layout-flow\">\n<figure class=\"wp-block-image\"><a href=\"https:\/\/cgh.com.pl\/fr\/reservoirs-deau\/cuves-pour-stockage-deaux-de-traitement\"><img decoding=\"async\" width=\"600\" height=\"400\" data-src=\"https:\/\/cgh.com.pl\/fr\/wp-content\/uploads\/2021\/05\/Process-water-drain-tank.jpg\" alt=\"Water tanks - Process water tanks\" class=\"wp-image-1680 img-fluid lazyload\" data-srcset=\"https:\/\/cgh.com.pl\/fr\/wp-content\/uploads\/2021\/05\/Process-water-drain-tank.jpg 600w, https:\/\/cgh.com.pl\/fr\/wp-content\/uploads\/2021\/05\/Process-water-drain-tank-300x200.jpg 300w\" data-sizes=\"(max-width: 600px) 100vw, 600px\" src=\"data:image\/svg+xml;base64,PHN2ZyB3aWR0aD0iMSIgaGVpZ2h0PSIxIiB4bWxucz0iaHR0cDovL3d3dy53My5vcmcvMjAwMC9zdmciPjwvc3ZnPg==\" style=\"--smush-placeholder-width: 600px; --smush-placeholder-aspect-ratio: 600\/400;\" \/><\/a><figcaption class=\"wp-element-caption\"><a href=\"https:\/\/cgh.com.pl\/fr\/reservoirs-deau\/cuves-pour-stockage-deaux-de-traitement\">Cuves pour stockage d\u2019eaux de traitement<\/a><\/figcaption><\/figure>\n<\/div>\n\n\n\n<div class=\"wp-block-column is-layout-flow wp-block-column-is-layout-flow\">\n<figure class=\"wp-block-image size-full\"><a href=\"https:\/\/cgh.com.pl\/fr\/reservoirs-deau\/cuves-pour-stockage-deau-ammoniacale\"><img decoding=\"async\" width=\"600\" height=\"400\" data-src=\"https:\/\/cgh.com.pl\/fr\/wp-content\/uploads\/2022\/04\/Tanks-for-ammonia-water.jpg\" alt=\"Tanks for ammonia water\" class=\"wp-image-4061 img-fluid lazyload\" data-srcset=\"https:\/\/cgh.com.pl\/fr\/wp-content\/uploads\/2022\/04\/Tanks-for-ammonia-water.jpg 600w, https:\/\/cgh.com.pl\/fr\/wp-content\/uploads\/2022\/04\/Tanks-for-ammonia-water-300x200.jpg 300w\" data-sizes=\"(max-width: 600px) 100vw, 600px\" src=\"data:image\/svg+xml;base64,PHN2ZyB3aWR0aD0iMSIgaGVpZ2h0PSIxIiB4bWxucz0iaHR0cDovL3d3dy53My5vcmcvMjAwMC9zdmciPjwvc3ZnPg==\" style=\"--smush-placeholder-width: 600px; --smush-placeholder-aspect-ratio: 600\/400;\" \/><\/a><figcaption class=\"wp-element-caption\"><a href=\"https:\/\/cgh.com.pl\/fr\/reservoirs-deau\/reservoirs-pour-leau-ammoniacale\">R\u00e9servoirs pour l&rsquo;eau ammoniacale<\/a><\/figcaption><\/figure>\n<\/div>\n\n\n\n<div class=\"wp-block-column is-layout-flow wp-block-column-is-layout-flow\"><\/div>\n<\/div>\n","protected":false},"excerpt":{"rendered":"<p>Nous concevons et fabriquons des r\u00e9servoirs de stockage d&rsquo;eau en acier, sous pression ou sans pression. L&rsquo;\u00e9tanch\u00e9it\u00e9 et la durabilit\u00e9 des r\u00e9servoirs sont test\u00e9es. Les r\u00e9servoirs d&rsquo;eau potable sont approuv\u00e9s par le PZH (Institut national d\u2019hygi\u00e8ne) Nous fabriquons des r\u00e9servoirs \u00e0 partir d&rsquo;une grande vari\u00e9t\u00e9 d&rsquo;aciers, qu&rsquo;ils soient au carbone, inoxydables ou r\u00e9sistants aux acides. [&hellip;]?<\/p>\n","protected":false},"author":1,"featured_media":0,"parent":0,"menu_order":0,"comment_status":"closed","ping_status":"closed","template":"page-products.php","meta":{"_acf_changed":false,"footnotes":""},"class_list":["post-30","page","type-page","status-publish","hentry"],"acf":[],"yoast_head":"<!-- This site is optimized with the Yoast SEO plugin v26.1.1 - https:\/\/yoast.com\/wordpress\/plugins\/seo\/ -->\n<title>R\u00e9servoirs d&#039;eau - CGH Group Sp. z o.o.<\/title>\n<meta name=\"robots\" content=\"index, follow, max-snippet:-1, max-image-preview:large, max-video-preview:-1\" \/>\n<link rel=\"canonical\" href=\"https:\/\/cgh.com.pl\/fr\/reservoirs-deau\" \/>\n<meta property=\"og:locale\" content=\"fr_FR\" \/>\n<meta property=\"og:type\" content=\"article\" \/>\n<meta property=\"og:title\" content=\"R\u00e9servoirs d&#039;eau - CGH Group Sp. z o.o.\" \/>\n<meta property=\"og:description\" content=\"Nous concevons et fabriquons des r\u00e9servoirs de stockage d&rsquo;eau en acier, sous pression ou sans pression. L&rsquo;\u00e9tanch\u00e9it\u00e9 et la durabilit\u00e9 des r\u00e9servoirs sont test\u00e9es. Les r\u00e9servoirs d&rsquo;eau potable sont approuv\u00e9s par le PZH (Institut national d\u2019hygi\u00e8ne) Nous fabriquons des r\u00e9servoirs \u00e0 partir d&rsquo;une grande vari\u00e9t\u00e9 d&rsquo;aciers, qu&rsquo;ils soient au carbone, inoxydables ou r\u00e9sistants aux acides. [&hellip;]?\" \/>\n<meta property=\"og:url\" content=\"https:\/\/cgh.com.pl\/fr\/reservoirs-deau\" \/>\n<meta property=\"og:site_name\" content=\"CGH Group Sp. z o.o.\" \/>\n<meta property=\"article:modified_time\" content=\"2023-10-04T20:38:51+00:00\" \/>\n<meta property=\"og:image\" content=\"https:\/\/cgh.com.pl\/fr\/wp-content\/uploads\/2021\/05\/Water-tanks.jpg\" \/>\n<meta name=\"twitter:card\" content=\"summary_large_image\" \/>\n<meta name=\"twitter:label1\" content=\"Dur\u00e9e de lecture estim\u00e9e\" \/>\n\t<meta name=\"twitter:data1\" content=\"3 minutes\" \/>\n<script type=\"application\/ld+json\" class=\"yoast-schema-graph\">{\"@context\":\"https:\/\/schema.org\",\"@graph\":[{\"@type\":\"WebPage\",\"@id\":\"https:\/\/cgh.com.pl\/fr\/reservoirs-deau\",\"url\":\"https:\/\/cgh.com.pl\/fr\/reservoirs-deau\",\"name\":\"R\u00e9servoirs d'eau - CGH Group Sp. z o.o.\",\"isPartOf\":{\"@id\":\"https:\/\/cgh.com.pl\/fr\/#website\"},\"primaryImageOfPage\":{\"@id\":\"https:\/\/cgh.com.pl\/fr\/reservoirs-deau#primaryimage\"},\"image\":{\"@id\":\"https:\/\/cgh.com.pl\/fr\/reservoirs-deau#primaryimage\"},\"thumbnailUrl\":\"https:\/\/cgh.com.pl\/fr\/wp-content\/uploads\/2021\/05\/Water-tanks.jpg\",\"datePublished\":\"2020-11-24T22:19:38+00:00\",\"dateModified\":\"2023-10-04T20:38:51+00:00\",\"breadcrumb\":{\"@id\":\"https:\/\/cgh.com.pl\/fr\/reservoirs-deau#breadcrumb\"},\"inLanguage\":\"fr-FR\",\"potentialAction\":[{\"@type\":\"ReadAction\",\"target\":[\"https:\/\/cgh.com.pl\/fr\/reservoirs-deau\"]}]},{\"@type\":\"ImageObject\",\"inLanguage\":\"fr-FR\",\"@id\":\"https:\/\/cgh.com.pl\/fr\/reservoirs-deau#primaryimage\",\"url\":\"https:\/\/cgh.com.pl\/fr\/wp-content\/uploads\/2021\/05\/Water-tanks.jpg\",\"contentUrl\":\"https:\/\/cgh.com.pl\/fr\/wp-content\/uploads\/2021\/05\/Water-tanks.jpg\",\"width\":800,\"height\":538,\"caption\":\"Water tanks\"},{\"@type\":\"BreadcrumbList\",\"@id\":\"https:\/\/cgh.com.pl\/fr\/reservoirs-deau#breadcrumb\",\"itemListElement\":[{\"@type\":\"ListItem\",\"position\":1,\"name\":\"Strona g\u0142\u00f3wna\",\"item\":\"https:\/\/cgh.com.pl\/fr\/\"},{\"@type\":\"ListItem\",\"position\":2,\"name\":\"R\u00e9servoirs d&#8217;eau\"}]},{\"@type\":\"WebSite\",\"@id\":\"https:\/\/cgh.com.pl\/fr\/#website\",\"url\":\"https:\/\/cgh.com.pl\/fr\/\",\"name\":\"CGH Group Sp. z o.o.\",\"description\":\"\",\"publisher\":{\"@id\":\"https:\/\/cgh.com.pl\/fr\/#organization\"},\"potentialAction\":[{\"@type\":\"SearchAction\",\"target\":{\"@type\":\"EntryPoint\",\"urlTemplate\":\"https:\/\/cgh.com.pl\/fr\/?s={search_term_string}\"},\"query-input\":{\"@type\":\"PropertyValueSpecification\",\"valueRequired\":true,\"valueName\":\"search_term_string\"}}],\"inLanguage\":\"fr-FR\"},{\"@type\":\"Organization\",\"@id\":\"https:\/\/cgh.com.pl\/fr\/#organization\",\"name\":\"CGH Group Sp. z o.o.\",\"url\":\"https:\/\/cgh.com.pl\/fr\/\",\"logo\":{\"@type\":\"ImageObject\",\"inLanguage\":\"fr-FR\",\"@id\":\"https:\/\/cgh.com.pl\/fr\/#\/schema\/logo\/image\/\",\"url\":\"https:\/\/cgh.com.pl\/fr\/wp-content\/uploads\/2023\/05\/logoCGH.png\",\"contentUrl\":\"https:\/\/cgh.com.pl\/fr\/wp-content\/uploads\/2023\/05\/logoCGH.png\",\"width\":449,\"height\":162,\"caption\":\"CGH Group Sp. z o.o.\"},\"image\":{\"@id\":\"https:\/\/cgh.com.pl\/fr\/#\/schema\/logo\/image\/\"}}]}<\/script>\n<!-- \/ Yoast SEO plugin. -->","yoast_head_json":{"title":"R\u00e9servoirs d'eau - CGH Group Sp. z o.o.","robots":{"index":"index","follow":"follow","max-snippet":"max-snippet:-1","max-image-preview":"max-image-preview:large","max-video-preview":"max-video-preview:-1"},"canonical":"https:\/\/cgh.com.pl\/fr\/reservoirs-deau","og_locale":"fr_FR","og_type":"article","og_title":"R\u00e9servoirs d'eau - CGH Group Sp. z o.o.","og_description":"Nous concevons et fabriquons des r\u00e9servoirs de stockage d&rsquo;eau en acier, sous pression ou sans pression. L&rsquo;\u00e9tanch\u00e9it\u00e9 et la durabilit\u00e9 des r\u00e9servoirs sont test\u00e9es. Les r\u00e9servoirs d&rsquo;eau potable sont approuv\u00e9s par le PZH (Institut national d\u2019hygi\u00e8ne) Nous fabriquons des r\u00e9servoirs \u00e0 partir d&rsquo;une grande vari\u00e9t\u00e9 d&rsquo;aciers, qu&rsquo;ils soient au carbone, inoxydables ou r\u00e9sistants aux acides. [&hellip;]?","og_url":"https:\/\/cgh.com.pl\/fr\/reservoirs-deau","og_site_name":"CGH Group Sp. z o.o.","article_modified_time":"2023-10-04T20:38:51+00:00","og_image":[{"url":"https:\/\/cgh.com.pl\/fr\/wp-content\/uploads\/2021\/05\/Water-tanks.jpg","type":"","width":"","height":""}],"twitter_card":"summary_large_image","twitter_misc":{"Dur\u00e9e de lecture estim\u00e9e":"3 minutes"},"schema":{"@context":"https:\/\/schema.org","@graph":[{"@type":"WebPage","@id":"https:\/\/cgh.com.pl\/fr\/reservoirs-deau","url":"https:\/\/cgh.com.pl\/fr\/reservoirs-deau","name":"R\u00e9servoirs d'eau - CGH Group Sp. z o.o.","isPartOf":{"@id":"https:\/\/cgh.com.pl\/fr\/#website"},"primaryImageOfPage":{"@id":"https:\/\/cgh.com.pl\/fr\/reservoirs-deau#primaryimage"},"image":{"@id":"https:\/\/cgh.com.pl\/fr\/reservoirs-deau#primaryimage"},"thumbnailUrl":"https:\/\/cgh.com.pl\/fr\/wp-content\/uploads\/2021\/05\/Water-tanks.jpg","datePublished":"2020-11-24T22:19:38+00:00","dateModified":"2023-10-04T20:38:51+00:00","breadcrumb":{"@id":"https:\/\/cgh.com.pl\/fr\/reservoirs-deau#breadcrumb"},"inLanguage":"fr-FR","potentialAction":[{"@type":"ReadAction","target":["https:\/\/cgh.com.pl\/fr\/reservoirs-deau"]}]},{"@type":"ImageObject","inLanguage":"fr-FR","@id":"https:\/\/cgh.com.pl\/fr\/reservoirs-deau#primaryimage","url":"https:\/\/cgh.com.pl\/fr\/wp-content\/uploads\/2021\/05\/Water-tanks.jpg","contentUrl":"https:\/\/cgh.com.pl\/fr\/wp-content\/uploads\/2021\/05\/Water-tanks.jpg","width":800,"height":538,"caption":"Water tanks"},{"@type":"BreadcrumbList","@id":"https:\/\/cgh.com.pl\/fr\/reservoirs-deau#breadcrumb","itemListElement":[{"@type":"ListItem","position":1,"name":"Strona g\u0142\u00f3wna","item":"https:\/\/cgh.com.pl\/fr\/"},{"@type":"ListItem","position":2,"name":"R\u00e9servoirs d&#8217;eau"}]},{"@type":"WebSite","@id":"https:\/\/cgh.com.pl\/fr\/#website","url":"https:\/\/cgh.com.pl\/fr\/","name":"CGH Group Sp. z o.o.","description":"","publisher":{"@id":"https:\/\/cgh.com.pl\/fr\/#organization"},"potentialAction":[{"@type":"SearchAction","target":{"@type":"EntryPoint","urlTemplate":"https:\/\/cgh.com.pl\/fr\/?s={search_term_string}"},"query-input":{"@type":"PropertyValueSpecification","valueRequired":true,"valueName":"search_term_string"}}],"inLanguage":"fr-FR"},{"@type":"Organization","@id":"https:\/\/cgh.com.pl\/fr\/#organization","name":"CGH Group Sp. z o.o.","url":"https:\/\/cgh.com.pl\/fr\/","logo":{"@type":"ImageObject","inLanguage":"fr-FR","@id":"https:\/\/cgh.com.pl\/fr\/#\/schema\/logo\/image\/","url":"https:\/\/cgh.com.pl\/fr\/wp-content\/uploads\/2023\/05\/logoCGH.png","contentUrl":"https:\/\/cgh.com.pl\/fr\/wp-content\/uploads\/2023\/05\/logoCGH.png","width":449,"height":162,"caption":"CGH Group Sp. z o.o."},"image":{"@id":"https:\/\/cgh.com.pl\/fr\/#\/schema\/logo\/image\/"}}]}},"_links":{"self":[{"href":"https:\/\/cgh.com.pl\/fr\/wp-json\/wp\/v2\/pages\/30","targetHints":{"allow":["GET"]}}],"collection":[{"href":"https:\/\/cgh.com.pl\/fr\/wp-json\/wp\/v2\/pages"}],"about":[{"href":"https:\/\/cgh.com.pl\/fr\/wp-json\/wp\/v2\/types\/page"}],"author":[{"embeddable":true,"href":"https:\/\/cgh.com.pl\/fr\/wp-json\/wp\/v2\/users\/1"}],"replies":[{"embeddable":true,"href":"https:\/\/cgh.com.pl\/fr\/wp-json\/wp\/v2\/comments?post=30"}],"version-history":[{"count":30,"href":"https:\/\/cgh.com.pl\/fr\/wp-json\/wp\/v2\/pages\/30\/revisions"}],"predecessor-version":[{"id":4837,"href":"https:\/\/cgh.com.pl\/fr\/wp-json\/wp\/v2\/pages\/30\/revisions\/4837"}],"wp:attachment":[{"href":"https:\/\/cgh.com.pl\/fr\/wp-json\/wp\/v2\/media?parent=30"}],"curies":[{"name":"wp","href":"https:\/\/api.w.org\/{rel}","templated":true}]}}