{"id":301,"date":"2020-12-05T00:27:43","date_gmt":"2020-12-04T23:27:43","guid":{"rendered":"https:\/\/cgh.com.pl\/fr\/?page_id=301"},"modified":"2022-07-28T08:29:10","modified_gmt":"2022-07-28T06:29:10","slug":"cuve-pour-stockage-deau-chaude","status":"publish","type":"page","link":"https:\/\/cgh.com.pl\/fr\/reservoirs-deau\/cuve-pour-stockage-deau-chaude","title":{"rendered":"Cuve pour stockage d\u2019eau chaude"},"content":{"rendered":"\n<ul class=\"wp-block-list\"><li>Cuve a\u00e9rienne, verticale, \u00e0 fond plat et en acier S235<\/li><li>Capacit\u00e9: 28 m3, diam\u00e8tre: 3200 mm<\/li><li>Liquide stock\u00e9: eau chaude<\/li><li>Norme: AD2000<\/li><li>Pression op\u00e9rationnelle: atmosph\u00e9rique,<\/li><li>Temp\u00e9rature op\u00e9rationnelle: -29\u00b0C \/ +90\u00b0C<\/li><li>La cuve est \u00e9quip\u00e9e de c\u00e2bles chauffants et elle est calorifug\u00e9e avec une couche de laine de 100 mm Elle est pourvue d\u2019une \u00e9chelle et d\u2019une plate-forme. La cuve est prot\u00e9g\u00e9e avec une peinture anti-corrosion de classe C4M<\/li><\/ul>\n\n\n\n<div class=\"photos large\">\n<div class=\"first-zoom-photo\">\n<p style=\"text-align: center; font-size: 10px; margin-bottom:0; padding:30px;\"><img decoding=\"async\" data-src=\"https:\/\/cgh.com.pl\/fr\/wp-content\/uploads\/2021\/06\/Cuve-pour-stockage-deau-chaude-3.jpg\" alt=\"Cuve pour stockage d\u2019eau chaude\" src=\"data:image\/svg+xml;base64,PHN2ZyB3aWR0aD0iMSIgaGVpZ2h0PSIxIiB4bWxucz0iaHR0cDovL3d3dy53My5vcmcvMjAwMC9zdmciPjwvc3ZnPg==\" class=\"lazyload\" style=\"--smush-placeholder-width: 227px; --smush-placeholder-aspect-ratio: 227\/299;\"><\/p>\n\n<div><\/div>\n<\/div>\n<div>\n<p style=\"text-align: center; font-size: 10px; margin-bottom:0; padding:30px;\"><img decoding=\"async\" data-src=\"https:\/\/cgh.com.pl\/fr\/wp-content\/uploads\/2021\/06\/Cuve-pour-stockage-deau-chaude-1.jpg\" alt=\"Cuve pour stockage d\u2019eau chaude\" src=\"data:image\/svg+xml;base64,PHN2ZyB3aWR0aD0iMSIgaGVpZ2h0PSIxIiB4bWxucz0iaHR0cDovL3d3dy53My5vcmcvMjAwMC9zdmciPjwvc3ZnPg==\" class=\"lazyload\" style=\"--smush-placeholder-width: 227px; --smush-placeholder-aspect-ratio: 227\/299;\"><\/p>\n\n<div><\/div>\n<\/div>\n\n<div class=\"pair\">\n<p style=\"text-align: center; font-size: 10px; margin-bottom:0; padding:30px;\"><img decoding=\"async\" data-src=\"https:\/\/cgh.com.pl\/fr\/wp-content\/uploads\/2021\/06\/Cuve-pour-stockage-deau-chaude-2.jpg\" alt=\"Cuve pour stockage d\u2019eau chaude\" src=\"data:image\/svg+xml;base64,PHN2ZyB3aWR0aD0iMSIgaGVpZ2h0PSIxIiB4bWxucz0iaHR0cDovL3d3dy53My5vcmcvMjAwMC9zdmciPjwvc3ZnPg==\" class=\"lazyload\" style=\"--smush-placeholder-width: 227px; --smush-placeholder-aspect-ratio: 227\/299;\"><\/p>\n\n<div><\/div>\n<div><\/div>\n<\/div>\n<\/div>\n","protected":false},"excerpt":{"rendered":"<p>Cuve a\u00e9rienne, verticale, \u00e0 fond plat et en acier S235 Capacit\u00e9: 28 m3, diam\u00e8tre: 3200 mm Liquide stock\u00e9: eau chaude Norme: AD2000 Pression op\u00e9rationnelle: atmosph\u00e9rique, Temp\u00e9rature op\u00e9rationnelle: -29\u00b0C \/ +90\u00b0C La cuve est \u00e9quip\u00e9e de c\u00e2bles chauffants et elle est calorifug\u00e9e avec une couche de laine de 100 mm Elle est pourvue d\u2019une \u00e9chelle et [&hellip;]?<\/p>\n","protected":false},"author":1,"featured_media":0,"parent":30,"menu_order":0,"comment_status":"closed","ping_status":"closed","template":"page-products-with-second-menu.php","meta":{"_acf_changed":false,"footnotes":""},"class_list":["post-301","page","type-page","status-publish","hentry"],"acf":[],"yoast_head":"<!-- This site is optimized with the Yoast SEO plugin v26.1.1 - https:\/\/yoast.com\/wordpress\/plugins\/seo\/ -->\n<title>Cuve pour stockage d\u2019eau chaude - CGH Group Sp. z o.o.<\/title>\n<meta name=\"robots\" content=\"index, follow, max-snippet:-1, max-image-preview:large, max-video-preview:-1\" \/>\n<link rel=\"canonical\" href=\"https:\/\/cgh.com.pl\/fr\/reservoirs-deau\/cuve-pour-stockage-deau-chaude\" \/>\n<meta property=\"og:locale\" content=\"fr_FR\" \/>\n<meta property=\"og:type\" content=\"article\" \/>\n<meta property=\"og:title\" content=\"Cuve pour stockage d\u2019eau chaude - CGH Group Sp. z o.o.\" \/>\n<meta property=\"og:description\" content=\"Cuve a\u00e9rienne, verticale, \u00e0 fond plat et en acier S235 Capacit\u00e9: 28 m3, diam\u00e8tre: 3200 mm Liquide stock\u00e9: eau chaude Norme: AD2000 Pression op\u00e9rationnelle: atmosph\u00e9rique, Temp\u00e9rature op\u00e9rationnelle: -29\u00b0C \/ +90\u00b0C La cuve est \u00e9quip\u00e9e de c\u00e2bles chauffants et elle est calorifug\u00e9e avec une couche de laine de 100 mm Elle est pourvue d\u2019une \u00e9chelle et [&hellip;]?\" \/>\n<meta property=\"og:url\" content=\"https:\/\/cgh.com.pl\/fr\/reservoirs-deau\/cuve-pour-stockage-deau-chaude\" \/>\n<meta property=\"og:site_name\" content=\"CGH Group Sp. z o.o.\" \/>\n<meta property=\"article:modified_time\" content=\"2022-07-28T06:29:10+00:00\" \/>\n<meta property=\"og:image\" content=\"https:\/\/cgh.com.pl\/fr\/wp-content\/uploads\/2021\/06\/Cuve-pour-stockage-deau-chaude-3.jpg\" \/>\n<meta name=\"twitter:card\" content=\"summary_large_image\" \/>\n<script type=\"application\/ld+json\" class=\"yoast-schema-graph\">{\"@context\":\"https:\/\/schema.org\",\"@graph\":[{\"@type\":\"WebPage\",\"@id\":\"https:\/\/cgh.com.pl\/fr\/reservoirs-deau\/cuve-pour-stockage-deau-chaude\",\"url\":\"https:\/\/cgh.com.pl\/fr\/reservoirs-deau\/cuve-pour-stockage-deau-chaude\",\"name\":\"Cuve pour stockage d\u2019eau chaude - CGH Group Sp. z o.o.\",\"isPartOf\":{\"@id\":\"https:\/\/cgh.com.pl\/fr\/#website\"},\"primaryImageOfPage\":{\"@id\":\"https:\/\/cgh.com.pl\/fr\/reservoirs-deau\/cuve-pour-stockage-deau-chaude#primaryimage\"},\"image\":{\"@id\":\"https:\/\/cgh.com.pl\/fr\/reservoirs-deau\/cuve-pour-stockage-deau-chaude#primaryimage\"},\"thumbnailUrl\":\"https:\/\/cgh.com.pl\/fr\/wp-content\/uploads\/2021\/06\/Cuve-pour-stockage-deau-chaude-3.jpg\",\"datePublished\":\"2020-12-04T23:27:43+00:00\",\"dateModified\":\"2022-07-28T06:29:10+00:00\",\"breadcrumb\":{\"@id\":\"https:\/\/cgh.com.pl\/fr\/reservoirs-deau\/cuve-pour-stockage-deau-chaude#breadcrumb\"},\"inLanguage\":\"fr-FR\",\"potentialAction\":[{\"@type\":\"ReadAction\",\"target\":[\"https:\/\/cgh.com.pl\/fr\/reservoirs-deau\/cuve-pour-stockage-deau-chaude\"]}]},{\"@type\":\"ImageObject\",\"inLanguage\":\"fr-FR\",\"@id\":\"https:\/\/cgh.com.pl\/fr\/reservoirs-deau\/cuve-pour-stockage-deau-chaude#primaryimage\",\"url\":\"https:\/\/cgh.com.pl\/fr\/wp-content\/uploads\/2021\/06\/Cuve-pour-stockage-deau-chaude-3.jpg\",\"contentUrl\":\"https:\/\/cgh.com.pl\/fr\/wp-content\/uploads\/2021\/06\/Cuve-pour-stockage-deau-chaude-3.jpg\",\"width\":227,\"height\":299,\"caption\":\"Cuve pour stockage d\u2019eau chaude\"},{\"@type\":\"BreadcrumbList\",\"@id\":\"https:\/\/cgh.com.pl\/fr\/reservoirs-deau\/cuve-pour-stockage-deau-chaude#breadcrumb\",\"itemListElement\":[{\"@type\":\"ListItem\",\"position\":1,\"name\":\"Strona g\u0142\u00f3wna\",\"item\":\"https:\/\/cgh.com.pl\/fr\/\"},{\"@type\":\"ListItem\",\"position\":2,\"name\":\"R\u00e9servoirs d&#8217;eau\",\"item\":\"https:\/\/cgh.com.pl\/fr\/reservoirs-deau\"},{\"@type\":\"ListItem\",\"position\":3,\"name\":\"Cuve pour stockage d\u2019eau chaude\"}]},{\"@type\":\"WebSite\",\"@id\":\"https:\/\/cgh.com.pl\/fr\/#website\",\"url\":\"https:\/\/cgh.com.pl\/fr\/\",\"name\":\"CGH Group Sp. z o.o.\",\"description\":\"\",\"publisher\":{\"@id\":\"https:\/\/cgh.com.pl\/fr\/#organization\"},\"potentialAction\":[{\"@type\":\"SearchAction\",\"target\":{\"@type\":\"EntryPoint\",\"urlTemplate\":\"https:\/\/cgh.com.pl\/fr\/?s={search_term_string}\"},\"query-input\":{\"@type\":\"PropertyValueSpecification\",\"valueRequired\":true,\"valueName\":\"search_term_string\"}}],\"inLanguage\":\"fr-FR\"},{\"@type\":\"Organization\",\"@id\":\"https:\/\/cgh.com.pl\/fr\/#organization\",\"name\":\"CGH Group Sp. z o.o.\",\"url\":\"https:\/\/cgh.com.pl\/fr\/\",\"logo\":{\"@type\":\"ImageObject\",\"inLanguage\":\"fr-FR\",\"@id\":\"https:\/\/cgh.com.pl\/fr\/#\/schema\/logo\/image\/\",\"url\":\"https:\/\/cgh.com.pl\/fr\/wp-content\/uploads\/2023\/05\/logoCGH.png\",\"contentUrl\":\"https:\/\/cgh.com.pl\/fr\/wp-content\/uploads\/2023\/05\/logoCGH.png\",\"width\":449,\"height\":162,\"caption\":\"CGH Group Sp. z o.o.\"},\"image\":{\"@id\":\"https:\/\/cgh.com.pl\/fr\/#\/schema\/logo\/image\/\"}}]}<\/script>\n<!-- \/ Yoast SEO plugin. -->","yoast_head_json":{"title":"Cuve pour stockage d\u2019eau chaude - CGH Group Sp. z o.o.","robots":{"index":"index","follow":"follow","max-snippet":"max-snippet:-1","max-image-preview":"max-image-preview:large","max-video-preview":"max-video-preview:-1"},"canonical":"https:\/\/cgh.com.pl\/fr\/reservoirs-deau\/cuve-pour-stockage-deau-chaude","og_locale":"fr_FR","og_type":"article","og_title":"Cuve pour stockage d\u2019eau chaude - CGH Group Sp. z o.o.","og_description":"Cuve a\u00e9rienne, verticale, \u00e0 fond plat et en acier S235 Capacit\u00e9: 28 m3, diam\u00e8tre: 3200 mm Liquide stock\u00e9: eau chaude Norme: AD2000 Pression op\u00e9rationnelle: atmosph\u00e9rique, Temp\u00e9rature op\u00e9rationnelle: -29\u00b0C \/ +90\u00b0C La cuve est \u00e9quip\u00e9e de c\u00e2bles chauffants et elle est calorifug\u00e9e avec une couche de laine de 100 mm Elle est pourvue d\u2019une \u00e9chelle et [&hellip;]?","og_url":"https:\/\/cgh.com.pl\/fr\/reservoirs-deau\/cuve-pour-stockage-deau-chaude","og_site_name":"CGH Group Sp. z o.o.","article_modified_time":"2022-07-28T06:29:10+00:00","og_image":[{"url":"https:\/\/cgh.com.pl\/fr\/wp-content\/uploads\/2021\/06\/Cuve-pour-stockage-deau-chaude-3.jpg","type":"","width":"","height":""}],"twitter_card":"summary_large_image","schema":{"@context":"https:\/\/schema.org","@graph":[{"@type":"WebPage","@id":"https:\/\/cgh.com.pl\/fr\/reservoirs-deau\/cuve-pour-stockage-deau-chaude","url":"https:\/\/cgh.com.pl\/fr\/reservoirs-deau\/cuve-pour-stockage-deau-chaude","name":"Cuve pour stockage d\u2019eau chaude - CGH Group Sp. z o.o.","isPartOf":{"@id":"https:\/\/cgh.com.pl\/fr\/#website"},"primaryImageOfPage":{"@id":"https:\/\/cgh.com.pl\/fr\/reservoirs-deau\/cuve-pour-stockage-deau-chaude#primaryimage"},"image":{"@id":"https:\/\/cgh.com.pl\/fr\/reservoirs-deau\/cuve-pour-stockage-deau-chaude#primaryimage"},"thumbnailUrl":"https:\/\/cgh.com.pl\/fr\/wp-content\/uploads\/2021\/06\/Cuve-pour-stockage-deau-chaude-3.jpg","datePublished":"2020-12-04T23:27:43+00:00","dateModified":"2022-07-28T06:29:10+00:00","breadcrumb":{"@id":"https:\/\/cgh.com.pl\/fr\/reservoirs-deau\/cuve-pour-stockage-deau-chaude#breadcrumb"},"inLanguage":"fr-FR","potentialAction":[{"@type":"ReadAction","target":["https:\/\/cgh.com.pl\/fr\/reservoirs-deau\/cuve-pour-stockage-deau-chaude"]}]},{"@type":"ImageObject","inLanguage":"fr-FR","@id":"https:\/\/cgh.com.pl\/fr\/reservoirs-deau\/cuve-pour-stockage-deau-chaude#primaryimage","url":"https:\/\/cgh.com.pl\/fr\/wp-content\/uploads\/2021\/06\/Cuve-pour-stockage-deau-chaude-3.jpg","contentUrl":"https:\/\/cgh.com.pl\/fr\/wp-content\/uploads\/2021\/06\/Cuve-pour-stockage-deau-chaude-3.jpg","width":227,"height":299,"caption":"Cuve pour stockage d\u2019eau chaude"},{"@type":"BreadcrumbList","@id":"https:\/\/cgh.com.pl\/fr\/reservoirs-deau\/cuve-pour-stockage-deau-chaude#breadcrumb","itemListElement":[{"@type":"ListItem","position":1,"name":"Strona g\u0142\u00f3wna","item":"https:\/\/cgh.com.pl\/fr\/"},{"@type":"ListItem","position":2,"name":"R\u00e9servoirs d&#8217;eau","item":"https:\/\/cgh.com.pl\/fr\/reservoirs-deau"},{"@type":"ListItem","position":3,"name":"Cuve pour stockage d\u2019eau chaude"}]},{"@type":"WebSite","@id":"https:\/\/cgh.com.pl\/fr\/#website","url":"https:\/\/cgh.com.pl\/fr\/","name":"CGH Group Sp. z o.o.","description":"","publisher":{"@id":"https:\/\/cgh.com.pl\/fr\/#organization"},"potentialAction":[{"@type":"SearchAction","target":{"@type":"EntryPoint","urlTemplate":"https:\/\/cgh.com.pl\/fr\/?s={search_term_string}"},"query-input":{"@type":"PropertyValueSpecification","valueRequired":true,"valueName":"search_term_string"}}],"inLanguage":"fr-FR"},{"@type":"Organization","@id":"https:\/\/cgh.com.pl\/fr\/#organization","name":"CGH Group Sp. z o.o.","url":"https:\/\/cgh.com.pl\/fr\/","logo":{"@type":"ImageObject","inLanguage":"fr-FR","@id":"https:\/\/cgh.com.pl\/fr\/#\/schema\/logo\/image\/","url":"https:\/\/cgh.com.pl\/fr\/wp-content\/uploads\/2023\/05\/logoCGH.png","contentUrl":"https:\/\/cgh.com.pl\/fr\/wp-content\/uploads\/2023\/05\/logoCGH.png","width":449,"height":162,"caption":"CGH Group Sp. z o.o."},"image":{"@id":"https:\/\/cgh.com.pl\/fr\/#\/schema\/logo\/image\/"}}]}},"_links":{"self":[{"href":"https:\/\/cgh.com.pl\/fr\/wp-json\/wp\/v2\/pages\/301","targetHints":{"allow":["GET"]}}],"collection":[{"href":"https:\/\/cgh.com.pl\/fr\/wp-json\/wp\/v2\/pages"}],"about":[{"href":"https:\/\/cgh.com.pl\/fr\/wp-json\/wp\/v2\/types\/page"}],"author":[{"embeddable":true,"href":"https:\/\/cgh.com.pl\/fr\/wp-json\/wp\/v2\/users\/1"}],"replies":[{"embeddable":true,"href":"https:\/\/cgh.com.pl\/fr\/wp-json\/wp\/v2\/comments?post=301"}],"version-history":[{"count":7,"href":"https:\/\/cgh.com.pl\/fr\/wp-json\/wp\/v2\/pages\/301\/revisions"}],"predecessor-version":[{"id":4195,"href":"https:\/\/cgh.com.pl\/fr\/wp-json\/wp\/v2\/pages\/301\/revisions\/4195"}],"up":[{"embeddable":true,"href":"https:\/\/cgh.com.pl\/fr\/wp-json\/wp\/v2\/pages\/30"}],"wp:attachment":[{"href":"https:\/\/cgh.com.pl\/fr\/wp-json\/wp\/v2\/media?parent=301"}],"curies":[{"name":"wp","href":"https:\/\/api.w.org\/{rel}","templated":true}]}}