{"id":305,"date":"2020-12-05T00:37:00","date_gmt":"2020-12-04T23:37:00","guid":{"rendered":"https:\/\/cgh.com.pl\/fr\/?page_id=305"},"modified":"2022-07-28T09:19:28","modified_gmt":"2022-07-28T07:19:28","slug":"cuve-pour-stockage-deau-produite","status":"publish","type":"page","link":"https:\/\/cgh.com.pl\/fr\/reservoirs-deau\/cuve-pour-stockage-deau-produite","title":{"rendered":"Cuve pour stockage d\u2019eau produite"},"content":{"rendered":"\n<ul class=\"wp-block-list\"><li>Cuve a\u00e9rienne, cylindrique, \u00e0 double paroi et en acier P355NH<\/li><li>Capacit\u00e9: 50 m3, diam\u00e8tre: 2500 mm<\/li><li>Liquide stock\u00e9: eaux produites provenant de puits<br>de p\u00e9trole et gaz, eaux salines avec des traces<br>d\u2019hydrocarbures<\/li><li>Norme: WUDT \/ EN13445<\/li><li>Pression op\u00e9rationnelle: jusqu\u2019\u00e0 0,5 bar<\/li><li>Temp\u00e9rature op\u00e9rationnelle: -29\u00b0C \/ +50\u00b0C<\/li><li>La cuve est entour\u00e9e d\u2019un tuyau en acier 304L pour chauffage \u00e0 la vapeur sous pression.<br>Elle est calorifug\u00e9e avec une couche de laine de 100 mm (60 kg\/m<sup>3<\/sup>) prot\u00e9g\u00e9 avec des t\u00f4les en aluminium.<\/li><\/ul>\n\n\n\n<div class=\"photos large\">\n<div class=\"first-zoom-photo\">\n<p style=\"text-align: center; font-size: 10px; margin-bottom:0;\"><img decoding=\"async\" data-src=\"https:\/\/cgh.com.pl\/fr\/wp-content\/uploads\/2021\/06\/Cuve-pour-stockage-deau-produite.jpg\" alt=\"Cuve pour stockage d\u2019eau produite\" src=\"data:image\/svg+xml;base64,PHN2ZyB3aWR0aD0iMSIgaGVpZ2h0PSIxIiB4bWxucz0iaHR0cDovL3d3dy53My5vcmcvMjAwMC9zdmciPjwvc3ZnPg==\" class=\"lazyload\" style=\"--smush-placeholder-width: 600px; --smush-placeholder-aspect-ratio: 600\/400;\"><\/p>\n\n<div><\/div>\n<\/div>\n<div>\n<p style=\"text-align: center; font-size: 10px; margin-bottom:0;\"><img decoding=\"async\" data-src=\"https:\/\/cgh.com.pl\/fr\/wp-content\/uploads\/2021\/06\/Cuve-pour-stockage-deau-produite-1.jpg\" alt=\"Cuve pour stockage d\u2019eau produite\" src=\"data:image\/svg+xml;base64,PHN2ZyB3aWR0aD0iMSIgaGVpZ2h0PSIxIiB4bWxucz0iaHR0cDovL3d3dy53My5vcmcvMjAwMC9zdmciPjwvc3ZnPg==\" class=\"lazyload\" style=\"--smush-placeholder-width: 600px; --smush-placeholder-aspect-ratio: 600\/400;\"><\/p>\n\n<div><\/div>\n<\/div>\n\n<div class=\"pair\">\n<p style=\"text-align: center; font-size: 10px; margin-bottom:0;\"><img decoding=\"async\" data-src=\"https:\/\/cgh.com.pl\/fr\/wp-content\/uploads\/2021\/06\/Cuve-pour-stockage-deau-produite-2.jpg\" alt=\"Cuve pour stockage d\u2019eau produite\" src=\"data:image\/svg+xml;base64,PHN2ZyB3aWR0aD0iMSIgaGVpZ2h0PSIxIiB4bWxucz0iaHR0cDovL3d3dy53My5vcmcvMjAwMC9zdmciPjwvc3ZnPg==\" class=\"lazyload\" style=\"--smush-placeholder-width: 600px; --smush-placeholder-aspect-ratio: 600\/400;\"><\/p>\n\n<div><\/div>\n<div><\/div>\n<\/div>\n<\/div>\n","protected":false},"excerpt":{"rendered":"<p>Cuve a\u00e9rienne, cylindrique, \u00e0 double paroi et en acier P355NH Capacit\u00e9: 50 m3, diam\u00e8tre: 2500 mm Liquide stock\u00e9: eaux produites provenant de puitsde p\u00e9trole et gaz, eaux salines avec des tracesd\u2019hydrocarbures Norme: WUDT \/ EN13445 Pression op\u00e9rationnelle: jusqu\u2019\u00e0 0,5 bar Temp\u00e9rature op\u00e9rationnelle: -29\u00b0C \/ +50\u00b0C La cuve est entour\u00e9e d\u2019un tuyau en acier 304L pour [&hellip;]?<\/p>\n","protected":false},"author":1,"featured_media":0,"parent":30,"menu_order":0,"comment_status":"closed","ping_status":"closed","template":"page-products.php","meta":{"_acf_changed":false,"footnotes":""},"class_list":["post-305","page","type-page","status-publish","hentry"],"acf":[],"yoast_head":"<!-- This site is optimized with the Yoast SEO plugin v26.1.1 - https:\/\/yoast.com\/wordpress\/plugins\/seo\/ -->\n<title>Cuve pour stockage d\u2019eau produite - CGH Group Sp. z o.o.<\/title>\n<meta name=\"robots\" content=\"index, follow, max-snippet:-1, max-image-preview:large, max-video-preview:-1\" \/>\n<link rel=\"canonical\" href=\"https:\/\/cgh.com.pl\/fr\/reservoirs-deau\/cuve-pour-stockage-deau-produite\" \/>\n<meta property=\"og:locale\" content=\"fr_FR\" \/>\n<meta property=\"og:type\" content=\"article\" \/>\n<meta property=\"og:title\" content=\"Cuve pour stockage d\u2019eau produite - CGH Group Sp. z o.o.\" \/>\n<meta property=\"og:description\" content=\"Cuve a\u00e9rienne, cylindrique, \u00e0 double paroi et en acier P355NH Capacit\u00e9: 50 m3, diam\u00e8tre: 2500 mm Liquide stock\u00e9: eaux produites provenant de puitsde p\u00e9trole et gaz, eaux salines avec des tracesd\u2019hydrocarbures Norme: WUDT \/ EN13445 Pression op\u00e9rationnelle: jusqu\u2019\u00e0 0,5 bar Temp\u00e9rature op\u00e9rationnelle: -29\u00b0C \/ +50\u00b0C La cuve est entour\u00e9e d\u2019un tuyau en acier 304L pour [&hellip;]?\" \/>\n<meta property=\"og:url\" content=\"https:\/\/cgh.com.pl\/fr\/reservoirs-deau\/cuve-pour-stockage-deau-produite\" \/>\n<meta property=\"og:site_name\" content=\"CGH Group Sp. z o.o.\" \/>\n<meta property=\"article:modified_time\" content=\"2022-07-28T07:19:28+00:00\" \/>\n<meta property=\"og:image\" content=\"https:\/\/cgh.com.pl\/fr\/wp-content\/uploads\/2021\/06\/Cuve-pour-stockage-deau-produite.jpg\" \/>\n<meta name=\"twitter:card\" content=\"summary_large_image\" \/>\n<script type=\"application\/ld+json\" class=\"yoast-schema-graph\">{\"@context\":\"https:\/\/schema.org\",\"@graph\":[{\"@type\":\"WebPage\",\"@id\":\"https:\/\/cgh.com.pl\/fr\/reservoirs-deau\/cuve-pour-stockage-deau-produite\",\"url\":\"https:\/\/cgh.com.pl\/fr\/reservoirs-deau\/cuve-pour-stockage-deau-produite\",\"name\":\"Cuve pour stockage d\u2019eau produite - CGH Group Sp. z o.o.\",\"isPartOf\":{\"@id\":\"https:\/\/cgh.com.pl\/fr\/#website\"},\"primaryImageOfPage\":{\"@id\":\"https:\/\/cgh.com.pl\/fr\/reservoirs-deau\/cuve-pour-stockage-deau-produite#primaryimage\"},\"image\":{\"@id\":\"https:\/\/cgh.com.pl\/fr\/reservoirs-deau\/cuve-pour-stockage-deau-produite#primaryimage\"},\"thumbnailUrl\":\"https:\/\/cgh.com.pl\/fr\/wp-content\/uploads\/2021\/06\/Cuve-pour-stockage-deau-produite.jpg\",\"datePublished\":\"2020-12-04T23:37:00+00:00\",\"dateModified\":\"2022-07-28T07:19:28+00:00\",\"breadcrumb\":{\"@id\":\"https:\/\/cgh.com.pl\/fr\/reservoirs-deau\/cuve-pour-stockage-deau-produite#breadcrumb\"},\"inLanguage\":\"fr-FR\",\"potentialAction\":[{\"@type\":\"ReadAction\",\"target\":[\"https:\/\/cgh.com.pl\/fr\/reservoirs-deau\/cuve-pour-stockage-deau-produite\"]}]},{\"@type\":\"ImageObject\",\"inLanguage\":\"fr-FR\",\"@id\":\"https:\/\/cgh.com.pl\/fr\/reservoirs-deau\/cuve-pour-stockage-deau-produite#primaryimage\",\"url\":\"https:\/\/cgh.com.pl\/fr\/wp-content\/uploads\/2021\/06\/Cuve-pour-stockage-deau-produite.jpg\",\"contentUrl\":\"https:\/\/cgh.com.pl\/fr\/wp-content\/uploads\/2021\/06\/Cuve-pour-stockage-deau-produite.jpg\",\"width\":600,\"height\":400,\"caption\":\"Cuve pour stockage d\u2019eau produite\"},{\"@type\":\"BreadcrumbList\",\"@id\":\"https:\/\/cgh.com.pl\/fr\/reservoirs-deau\/cuve-pour-stockage-deau-produite#breadcrumb\",\"itemListElement\":[{\"@type\":\"ListItem\",\"position\":1,\"name\":\"Strona g\u0142\u00f3wna\",\"item\":\"https:\/\/cgh.com.pl\/fr\/\"},{\"@type\":\"ListItem\",\"position\":2,\"name\":\"R\u00e9servoirs d&#8217;eau\",\"item\":\"https:\/\/cgh.com.pl\/fr\/reservoirs-deau\"},{\"@type\":\"ListItem\",\"position\":3,\"name\":\"Cuve pour stockage d\u2019eau produite\"}]},{\"@type\":\"WebSite\",\"@id\":\"https:\/\/cgh.com.pl\/fr\/#website\",\"url\":\"https:\/\/cgh.com.pl\/fr\/\",\"name\":\"CGH Group Sp. z o.o.\",\"description\":\"\",\"publisher\":{\"@id\":\"https:\/\/cgh.com.pl\/fr\/#organization\"},\"potentialAction\":[{\"@type\":\"SearchAction\",\"target\":{\"@type\":\"EntryPoint\",\"urlTemplate\":\"https:\/\/cgh.com.pl\/fr\/?s={search_term_string}\"},\"query-input\":{\"@type\":\"PropertyValueSpecification\",\"valueRequired\":true,\"valueName\":\"search_term_string\"}}],\"inLanguage\":\"fr-FR\"},{\"@type\":\"Organization\",\"@id\":\"https:\/\/cgh.com.pl\/fr\/#organization\",\"name\":\"CGH Group Sp. z o.o.\",\"url\":\"https:\/\/cgh.com.pl\/fr\/\",\"logo\":{\"@type\":\"ImageObject\",\"inLanguage\":\"fr-FR\",\"@id\":\"https:\/\/cgh.com.pl\/fr\/#\/schema\/logo\/image\/\",\"url\":\"https:\/\/cgh.com.pl\/fr\/wp-content\/uploads\/2023\/05\/logoCGH.png\",\"contentUrl\":\"https:\/\/cgh.com.pl\/fr\/wp-content\/uploads\/2023\/05\/logoCGH.png\",\"width\":449,\"height\":162,\"caption\":\"CGH Group Sp. z o.o.\"},\"image\":{\"@id\":\"https:\/\/cgh.com.pl\/fr\/#\/schema\/logo\/image\/\"}}]}<\/script>\n<!-- \/ Yoast SEO plugin. -->","yoast_head_json":{"title":"Cuve pour stockage d\u2019eau produite - CGH Group Sp. z o.o.","robots":{"index":"index","follow":"follow","max-snippet":"max-snippet:-1","max-image-preview":"max-image-preview:large","max-video-preview":"max-video-preview:-1"},"canonical":"https:\/\/cgh.com.pl\/fr\/reservoirs-deau\/cuve-pour-stockage-deau-produite","og_locale":"fr_FR","og_type":"article","og_title":"Cuve pour stockage d\u2019eau produite - CGH Group Sp. z o.o.","og_description":"Cuve a\u00e9rienne, cylindrique, \u00e0 double paroi et en acier P355NH Capacit\u00e9: 50 m3, diam\u00e8tre: 2500 mm Liquide stock\u00e9: eaux produites provenant de puitsde p\u00e9trole et gaz, eaux salines avec des tracesd\u2019hydrocarbures Norme: WUDT \/ EN13445 Pression op\u00e9rationnelle: jusqu\u2019\u00e0 0,5 bar Temp\u00e9rature op\u00e9rationnelle: -29\u00b0C \/ +50\u00b0C La cuve est entour\u00e9e d\u2019un tuyau en acier 304L pour [&hellip;]?","og_url":"https:\/\/cgh.com.pl\/fr\/reservoirs-deau\/cuve-pour-stockage-deau-produite","og_site_name":"CGH Group Sp. z o.o.","article_modified_time":"2022-07-28T07:19:28+00:00","og_image":[{"url":"https:\/\/cgh.com.pl\/fr\/wp-content\/uploads\/2021\/06\/Cuve-pour-stockage-deau-produite.jpg","type":"","width":"","height":""}],"twitter_card":"summary_large_image","schema":{"@context":"https:\/\/schema.org","@graph":[{"@type":"WebPage","@id":"https:\/\/cgh.com.pl\/fr\/reservoirs-deau\/cuve-pour-stockage-deau-produite","url":"https:\/\/cgh.com.pl\/fr\/reservoirs-deau\/cuve-pour-stockage-deau-produite","name":"Cuve pour stockage d\u2019eau produite - CGH Group Sp. z o.o.","isPartOf":{"@id":"https:\/\/cgh.com.pl\/fr\/#website"},"primaryImageOfPage":{"@id":"https:\/\/cgh.com.pl\/fr\/reservoirs-deau\/cuve-pour-stockage-deau-produite#primaryimage"},"image":{"@id":"https:\/\/cgh.com.pl\/fr\/reservoirs-deau\/cuve-pour-stockage-deau-produite#primaryimage"},"thumbnailUrl":"https:\/\/cgh.com.pl\/fr\/wp-content\/uploads\/2021\/06\/Cuve-pour-stockage-deau-produite.jpg","datePublished":"2020-12-04T23:37:00+00:00","dateModified":"2022-07-28T07:19:28+00:00","breadcrumb":{"@id":"https:\/\/cgh.com.pl\/fr\/reservoirs-deau\/cuve-pour-stockage-deau-produite#breadcrumb"},"inLanguage":"fr-FR","potentialAction":[{"@type":"ReadAction","target":["https:\/\/cgh.com.pl\/fr\/reservoirs-deau\/cuve-pour-stockage-deau-produite"]}]},{"@type":"ImageObject","inLanguage":"fr-FR","@id":"https:\/\/cgh.com.pl\/fr\/reservoirs-deau\/cuve-pour-stockage-deau-produite#primaryimage","url":"https:\/\/cgh.com.pl\/fr\/wp-content\/uploads\/2021\/06\/Cuve-pour-stockage-deau-produite.jpg","contentUrl":"https:\/\/cgh.com.pl\/fr\/wp-content\/uploads\/2021\/06\/Cuve-pour-stockage-deau-produite.jpg","width":600,"height":400,"caption":"Cuve pour stockage d\u2019eau produite"},{"@type":"BreadcrumbList","@id":"https:\/\/cgh.com.pl\/fr\/reservoirs-deau\/cuve-pour-stockage-deau-produite#breadcrumb","itemListElement":[{"@type":"ListItem","position":1,"name":"Strona g\u0142\u00f3wna","item":"https:\/\/cgh.com.pl\/fr\/"},{"@type":"ListItem","position":2,"name":"R\u00e9servoirs d&#8217;eau","item":"https:\/\/cgh.com.pl\/fr\/reservoirs-deau"},{"@type":"ListItem","position":3,"name":"Cuve pour stockage d\u2019eau produite"}]},{"@type":"WebSite","@id":"https:\/\/cgh.com.pl\/fr\/#website","url":"https:\/\/cgh.com.pl\/fr\/","name":"CGH Group Sp. z o.o.","description":"","publisher":{"@id":"https:\/\/cgh.com.pl\/fr\/#organization"},"potentialAction":[{"@type":"SearchAction","target":{"@type":"EntryPoint","urlTemplate":"https:\/\/cgh.com.pl\/fr\/?s={search_term_string}"},"query-input":{"@type":"PropertyValueSpecification","valueRequired":true,"valueName":"search_term_string"}}],"inLanguage":"fr-FR"},{"@type":"Organization","@id":"https:\/\/cgh.com.pl\/fr\/#organization","name":"CGH Group Sp. z o.o.","url":"https:\/\/cgh.com.pl\/fr\/","logo":{"@type":"ImageObject","inLanguage":"fr-FR","@id":"https:\/\/cgh.com.pl\/fr\/#\/schema\/logo\/image\/","url":"https:\/\/cgh.com.pl\/fr\/wp-content\/uploads\/2023\/05\/logoCGH.png","contentUrl":"https:\/\/cgh.com.pl\/fr\/wp-content\/uploads\/2023\/05\/logoCGH.png","width":449,"height":162,"caption":"CGH Group Sp. z o.o."},"image":{"@id":"https:\/\/cgh.com.pl\/fr\/#\/schema\/logo\/image\/"}}]}},"_links":{"self":[{"href":"https:\/\/cgh.com.pl\/fr\/wp-json\/wp\/v2\/pages\/305","targetHints":{"allow":["GET"]}}],"collection":[{"href":"https:\/\/cgh.com.pl\/fr\/wp-json\/wp\/v2\/pages"}],"about":[{"href":"https:\/\/cgh.com.pl\/fr\/wp-json\/wp\/v2\/types\/page"}],"author":[{"embeddable":true,"href":"https:\/\/cgh.com.pl\/fr\/wp-json\/wp\/v2\/users\/1"}],"replies":[{"embeddable":true,"href":"https:\/\/cgh.com.pl\/fr\/wp-json\/wp\/v2\/comments?post=305"}],"version-history":[{"count":3,"href":"https:\/\/cgh.com.pl\/fr\/wp-json\/wp\/v2\/pages\/305\/revisions"}],"predecessor-version":[{"id":4199,"href":"https:\/\/cgh.com.pl\/fr\/wp-json\/wp\/v2\/pages\/305\/revisions\/4199"}],"up":[{"embeddable":true,"href":"https:\/\/cgh.com.pl\/fr\/wp-json\/wp\/v2\/pages\/30"}],"wp:attachment":[{"href":"https:\/\/cgh.com.pl\/fr\/wp-json\/wp\/v2\/media?parent=305"}],"curies":[{"name":"wp","href":"https:\/\/api.w.org\/{rel}","templated":true}]}}