{"id":32,"date":"2020-11-24T23:20:10","date_gmt":"2020-11-24T22:20:10","guid":{"rendered":"https:\/\/cgh.com.pl\/fr\/?page_id=32"},"modified":"2024-07-24T18:47:31","modified_gmt":"2024-07-24T16:47:31","slug":"reservoirs-resistants-aux-acides","status":"publish","type":"page","link":"https:\/\/cgh.com.pl\/fr\/reservoirs-resistants-aux-acides","title":{"rendered":"R\u00e9servoirs r\u00e9sistants aux acides"},"content":{"rendered":"\n<p>CGH Polska propose des r\u00e9servoirs en acier inoxydable et en acier r\u00e9sistant aux acides d&rsquo;une capacit\u00e9 allant de 3 m<sup>3<\/sup> \u00e0 300 m<sup>3<\/sup>.<\/p>\n\n\n\n<p>Nous proposons des r\u00e9servoirs en acier inoxydable \u00e0 simple ou double paroi, horizontaux ou verticaux, souterrains ou hors sol, sous pression ou non.<\/p>\n\n\n\n<p>Les r\u00e9servoirs en acier inoxydable \u00e0 double paroi peuvent \u00eatre dot\u00e9s en option d&rsquo;un deuxi\u00e8me paroi en acier au carbone.<\/p>\n\n\n\n<p>CGH Polska a mis en place des proc\u00e9dures de soudage pour les aciers inoxydables des classes 1.4301 \u00e0 1.4571 pour les m\u00e9thodes de soudage SAW, MIG\/MAG, TIG.<\/p>\n\n\n\n<p>Normes de performance : AD 2000, EN 13445, EN 12285, EN 1090, ASME VIII Div.1<\/p>\n\n\n\n<p>Exemples de milieux : carburants, substances corrosives, produits chimiques, substances inflammables, eau.<\/p>\n\n\n\n<p>Exemple de mise en \u0153uvre:<\/p>\n\n\n\n<ul class=\"wp-block-list\">\n<li>R\u00e9servoir hors sol, vertical, \u00e0 simple paroi en acier 304L (1.4307)<\/li>\n\n\n\n<li>Capacit\u00e9: 50 m<sup>3<\/sup>, diam\u00e8tre: 2900 mm<\/li>\n\n\n\n<li>Milieu: d\u00e9sinfectant<\/li>\n\n\n\n<li>Temp\u00e9rature de service: +25 \/ +50<\/li>\n\n\n\n<li>Norme de performance: AD 2000<\/li>\n\n\n\n<li>Pression de service: basse pression (jusqu&rsquo;\u00e0 0,5 bar)<\/li>\n<\/ul>\n\n\n\n<div class=\"photos large\">\n<div class=\"first-zoom-photo\">\n<p style=\"text-align: center; font-size: 10px; margin-bottom:0;\"><img decoding=\"async\" data-src=\"https:\/\/cgh.com.pl\/wp-content\/uploads\/2024\/07\/zbiornik-naziemny-pionowy-jednoplaszczowy-foto1.jpg\" alt=\"R\u00e9servoirs r\u00e9sistants aux acides, R\u00e9servoir hors sol, vertical, \u00e0 simple paroi en acier 304L (1.4307)\" src=\"data:image\/svg+xml;base64,PHN2ZyB3aWR0aD0iMSIgaGVpZ2h0PSIxIiB4bWxucz0iaHR0cDovL3d3dy53My5vcmcvMjAwMC9zdmciPjwvc3ZnPg==\" class=\"lazyload\"><\/p>\n\n<div><\/div>\n<\/div>\n<div>\n<p style=\"text-align: center; font-size: 10px; margin-bottom:0;\"><img decoding=\"async\" data-src=\"https:\/\/cgh.com.pl\/wp-content\/uploads\/2024\/07\/zbiornik-naziemny-pionowy-jednoplaszczowy-foto2.jpg\" alt=\"R\u00e9servoirs r\u00e9sistants aux acides, R\u00e9servoir hors sol, vertical, \u00e0 simple paroi en acier 304L (1.4307)\" src=\"data:image\/svg+xml;base64,PHN2ZyB3aWR0aD0iMSIgaGVpZ2h0PSIxIiB4bWxucz0iaHR0cDovL3d3dy53My5vcmcvMjAwMC9zdmciPjwvc3ZnPg==\" class=\"lazyload\"><\/p>\n\n<div><\/div>\n<\/div>\n\n<div class=\"pair\">\n<!--<p style=\"text-align: center; font-size: 10px; margin-bottom:0;\"><img decoding=\"async\" data-src=\"https:\/\/cgh.com.pl\/wp-content\/uploads\/2021\/06\/Zbiorniki-kwasoodporne-2.jpg\" alt=\"Zbiorniki kwasoodporne Zbiornik naziemny, pionowy, jednop\u0142aszczowy wykonany ze stali 304L (1.4307)\" src=\"data:image\/svg+xml;base64,PHN2ZyB3aWR0aD0iMSIgaGVpZ2h0PSIxIiB4bWxucz0iaHR0cDovL3d3dy53My5vcmcvMjAwMC9zdmciPjwvc3ZnPg==\" class=\"lazyload\"><\/p>-->\n\n<div><\/div>\n<div><\/div>\n<\/div>\n<\/div>\n\n\n\n<div style=\"height:50px\" aria-hidden=\"true\" class=\"wp-block-spacer\"><\/div>\n\n\n\n<p>En outre, nous avons la possibilit\u00e9 de combiner l&rsquo;acier inoxydable (coque int\u00e9rieure) avec l&rsquo;acier noir (coque ext\u00e9rieure).<\/p>\n\n\n\n<ul class=\"wp-block-list\">\n<li>R\u00e9servoir souterrain, horizontal, \u00e0 double paroi en acier 316Ti (1.4571)<\/li>\n\n\n\n<li>Capacit\u00e9: 20 m<sup>3<\/sup>, diam\u00e8tre : 2900 mm<\/li>\n\n\n\n<li>Milieu : d\u00e9sinfectant<\/li>\n\n\n\n<li>Temp\u00e9rature de service: -10 \/ +30<\/li>\n\n\n\n<li>Norme de performance : AD 2000<\/li>\n\n\n\n<li>Pression de service : basse pression (jusqu&rsquo;\u00e0 0,5 bar)<\/li>\n<\/ul>\n\n\n\n<div class=\"photos large\">\n<div class=\"first-zoom-photo\">\n<p style=\"text-align: center; font-size: 10px; margin-bottom:0;\"><img decoding=\"async\" data-src=\"https:\/\/cgh.com.pl\/wp-content\/uploads\/2024\/07\/zbiornik-podziemny-poziomy-dwuplaszczowy-foto2.jpg\" alt=\"R\u00e9servoirs r\u00e9sistants aux acides, R\u00e9servoir souterrain, horizontal, \u00e0 double paroi en acier 316Ti (1.4571)\" src=\"data:image\/svg+xml;base64,PHN2ZyB3aWR0aD0iMSIgaGVpZ2h0PSIxIiB4bWxucz0iaHR0cDovL3d3dy53My5vcmcvMjAwMC9zdmciPjwvc3ZnPg==\" class=\"lazyload\"><\/p>\n\n<div><\/div>\n<\/div>\n<div>\n<p style=\"text-align: center; font-size: 10px; margin-bottom:0;\"><img decoding=\"async\" data-src=\"https:\/\/cgh.com.pl\/wp-content\/uploads\/2024\/07\/zbiornik-podziemny-poziomy-dwuplaszczowy-foto1.jpg\" alt=\"R\u00e9servoirs r\u00e9sistants aux acides, R\u00e9servoir souterrain, horizontal, \u00e0 double paroi en acier 316Ti (1.4571)\" src=\"data:image\/svg+xml;base64,PHN2ZyB3aWR0aD0iMSIgaGVpZ2h0PSIxIiB4bWxucz0iaHR0cDovL3d3dy53My5vcmcvMjAwMC9zdmciPjwvc3ZnPg==\" class=\"lazyload\"><\/p>\n\n<div><\/div>\n<\/div>\n\n<div class=\"pair\">\n\n\n<div><\/div>\n<div><\/div>\n<\/div>\n<\/div>\n","protected":false},"excerpt":{"rendered":"<p>CGH Polska propose des r\u00e9servoirs en acier inoxydable et en acier r\u00e9sistant aux acides d&rsquo;une capacit\u00e9 allant de 3 m3 \u00e0 300 m3. Nous proposons des r\u00e9servoirs en acier inoxydable \u00e0 simple ou double paroi, horizontaux ou verticaux, souterrains ou hors sol, sous pression ou non. Les r\u00e9servoirs en acier inoxydable \u00e0 double paroi peuvent [&hellip;]?<\/p>\n","protected":false},"author":1,"featured_media":0,"parent":0,"menu_order":0,"comment_status":"closed","ping_status":"closed","template":"page-products-with-second-menu.php","meta":{"_acf_changed":false,"footnotes":""},"class_list":["post-32","page","type-page","status-publish","hentry"],"acf":[],"yoast_head":"<!-- This site is optimized with the Yoast SEO plugin v26.1.1 - https:\/\/yoast.com\/wordpress\/plugins\/seo\/ -->\n<title>R\u00e9servoirs r\u00e9sistants aux acides - CGH Group Sp. z o.o.<\/title>\n<meta name=\"robots\" content=\"index, follow, max-snippet:-1, max-image-preview:large, max-video-preview:-1\" \/>\n<link rel=\"canonical\" href=\"https:\/\/cgh.com.pl\/fr\/reservoirs-resistants-aux-acides\" \/>\n<meta property=\"og:locale\" content=\"fr_FR\" \/>\n<meta property=\"og:type\" content=\"article\" \/>\n<meta property=\"og:title\" content=\"R\u00e9servoirs r\u00e9sistants aux acides - CGH Group Sp. z o.o.\" \/>\n<meta property=\"og:description\" content=\"CGH Polska propose des r\u00e9servoirs en acier inoxydable et en acier r\u00e9sistant aux acides d&rsquo;une capacit\u00e9 allant de 3 m3 \u00e0 300 m3. Nous proposons des r\u00e9servoirs en acier inoxydable \u00e0 simple ou double paroi, horizontaux ou verticaux, souterrains ou hors sol, sous pression ou non. Les r\u00e9servoirs en acier inoxydable \u00e0 double paroi peuvent [&hellip;]?\" \/>\n<meta property=\"og:url\" content=\"https:\/\/cgh.com.pl\/fr\/reservoirs-resistants-aux-acides\" \/>\n<meta property=\"og:site_name\" content=\"CGH Group Sp. z o.o.\" \/>\n<meta property=\"article:modified_time\" content=\"2024-07-24T16:47:31+00:00\" \/>\n<meta property=\"og:image\" content=\"https:\/\/cgh.com.pl\/wp-content\/uploads\/2024\/07\/zbiornik-naziemny-pionowy-jednoplaszczowy-foto1.jpg\" \/>\n<meta name=\"twitter:card\" content=\"summary_large_image\" \/>\n<meta name=\"twitter:label1\" content=\"Dur\u00e9e de lecture estim\u00e9e\" \/>\n\t<meta name=\"twitter:data1\" content=\"2 minutes\" \/>\n<script type=\"application\/ld+json\" class=\"yoast-schema-graph\">{\"@context\":\"https:\/\/schema.org\",\"@graph\":[{\"@type\":\"WebPage\",\"@id\":\"https:\/\/cgh.com.pl\/fr\/reservoirs-resistants-aux-acides\",\"url\":\"https:\/\/cgh.com.pl\/fr\/reservoirs-resistants-aux-acides\",\"name\":\"R\u00e9servoirs r\u00e9sistants aux acides - CGH Group Sp. z o.o.\",\"isPartOf\":{\"@id\":\"https:\/\/cgh.com.pl\/fr\/#website\"},\"primaryImageOfPage\":{\"@id\":\"https:\/\/cgh.com.pl\/fr\/reservoirs-resistants-aux-acides#primaryimage\"},\"image\":{\"@id\":\"https:\/\/cgh.com.pl\/fr\/reservoirs-resistants-aux-acides#primaryimage\"},\"thumbnailUrl\":\"https:\/\/cgh.com.pl\/wp-content\/uploads\/2024\/07\/zbiornik-naziemny-pionowy-jednoplaszczowy-foto1.jpg\",\"datePublished\":\"2020-11-24T22:20:10+00:00\",\"dateModified\":\"2024-07-24T16:47:31+00:00\",\"breadcrumb\":{\"@id\":\"https:\/\/cgh.com.pl\/fr\/reservoirs-resistants-aux-acides#breadcrumb\"},\"inLanguage\":\"fr-FR\",\"potentialAction\":[{\"@type\":\"ReadAction\",\"target\":[\"https:\/\/cgh.com.pl\/fr\/reservoirs-resistants-aux-acides\"]}]},{\"@type\":\"ImageObject\",\"inLanguage\":\"fr-FR\",\"@id\":\"https:\/\/cgh.com.pl\/fr\/reservoirs-resistants-aux-acides#primaryimage\",\"url\":\"https:\/\/cgh.com.pl\/wp-content\/uploads\/2024\/07\/zbiornik-naziemny-pionowy-jednoplaszczowy-foto1.jpg\",\"contentUrl\":\"https:\/\/cgh.com.pl\/wp-content\/uploads\/2024\/07\/zbiornik-naziemny-pionowy-jednoplaszczowy-foto1.jpg\"},{\"@type\":\"BreadcrumbList\",\"@id\":\"https:\/\/cgh.com.pl\/fr\/reservoirs-resistants-aux-acides#breadcrumb\",\"itemListElement\":[{\"@type\":\"ListItem\",\"position\":1,\"name\":\"Strona g\u0142\u00f3wna\",\"item\":\"https:\/\/cgh.com.pl\/fr\/\"},{\"@type\":\"ListItem\",\"position\":2,\"name\":\"R\u00e9servoirs r\u00e9sistants aux acides\"}]},{\"@type\":\"WebSite\",\"@id\":\"https:\/\/cgh.com.pl\/fr\/#website\",\"url\":\"https:\/\/cgh.com.pl\/fr\/\",\"name\":\"CGH Group Sp. z o.o.\",\"description\":\"\",\"publisher\":{\"@id\":\"https:\/\/cgh.com.pl\/fr\/#organization\"},\"potentialAction\":[{\"@type\":\"SearchAction\",\"target\":{\"@type\":\"EntryPoint\",\"urlTemplate\":\"https:\/\/cgh.com.pl\/fr\/?s={search_term_string}\"},\"query-input\":{\"@type\":\"PropertyValueSpecification\",\"valueRequired\":true,\"valueName\":\"search_term_string\"}}],\"inLanguage\":\"fr-FR\"},{\"@type\":\"Organization\",\"@id\":\"https:\/\/cgh.com.pl\/fr\/#organization\",\"name\":\"CGH Group Sp. z o.o.\",\"url\":\"https:\/\/cgh.com.pl\/fr\/\",\"logo\":{\"@type\":\"ImageObject\",\"inLanguage\":\"fr-FR\",\"@id\":\"https:\/\/cgh.com.pl\/fr\/#\/schema\/logo\/image\/\",\"url\":\"https:\/\/cgh.com.pl\/fr\/wp-content\/uploads\/2023\/05\/logoCGH.png\",\"contentUrl\":\"https:\/\/cgh.com.pl\/fr\/wp-content\/uploads\/2023\/05\/logoCGH.png\",\"width\":449,\"height\":162,\"caption\":\"CGH Group Sp. z o.o.\"},\"image\":{\"@id\":\"https:\/\/cgh.com.pl\/fr\/#\/schema\/logo\/image\/\"}}]}<\/script>\n<!-- \/ Yoast SEO plugin. -->","yoast_head_json":{"title":"R\u00e9servoirs r\u00e9sistants aux acides - CGH Group Sp. z o.o.","robots":{"index":"index","follow":"follow","max-snippet":"max-snippet:-1","max-image-preview":"max-image-preview:large","max-video-preview":"max-video-preview:-1"},"canonical":"https:\/\/cgh.com.pl\/fr\/reservoirs-resistants-aux-acides","og_locale":"fr_FR","og_type":"article","og_title":"R\u00e9servoirs r\u00e9sistants aux acides - CGH Group Sp. z o.o.","og_description":"CGH Polska propose des r\u00e9servoirs en acier inoxydable et en acier r\u00e9sistant aux acides d&rsquo;une capacit\u00e9 allant de 3 m3 \u00e0 300 m3. Nous proposons des r\u00e9servoirs en acier inoxydable \u00e0 simple ou double paroi, horizontaux ou verticaux, souterrains ou hors sol, sous pression ou non. Les r\u00e9servoirs en acier inoxydable \u00e0 double paroi peuvent [&hellip;]?","og_url":"https:\/\/cgh.com.pl\/fr\/reservoirs-resistants-aux-acides","og_site_name":"CGH Group Sp. z o.o.","article_modified_time":"2024-07-24T16:47:31+00:00","og_image":[{"url":"https:\/\/cgh.com.pl\/wp-content\/uploads\/2024\/07\/zbiornik-naziemny-pionowy-jednoplaszczowy-foto1.jpg","type":"","width":"","height":""}],"twitter_card":"summary_large_image","twitter_misc":{"Dur\u00e9e de lecture estim\u00e9e":"2 minutes"},"schema":{"@context":"https:\/\/schema.org","@graph":[{"@type":"WebPage","@id":"https:\/\/cgh.com.pl\/fr\/reservoirs-resistants-aux-acides","url":"https:\/\/cgh.com.pl\/fr\/reservoirs-resistants-aux-acides","name":"R\u00e9servoirs r\u00e9sistants aux acides - CGH Group Sp. z o.o.","isPartOf":{"@id":"https:\/\/cgh.com.pl\/fr\/#website"},"primaryImageOfPage":{"@id":"https:\/\/cgh.com.pl\/fr\/reservoirs-resistants-aux-acides#primaryimage"},"image":{"@id":"https:\/\/cgh.com.pl\/fr\/reservoirs-resistants-aux-acides#primaryimage"},"thumbnailUrl":"https:\/\/cgh.com.pl\/wp-content\/uploads\/2024\/07\/zbiornik-naziemny-pionowy-jednoplaszczowy-foto1.jpg","datePublished":"2020-11-24T22:20:10+00:00","dateModified":"2024-07-24T16:47:31+00:00","breadcrumb":{"@id":"https:\/\/cgh.com.pl\/fr\/reservoirs-resistants-aux-acides#breadcrumb"},"inLanguage":"fr-FR","potentialAction":[{"@type":"ReadAction","target":["https:\/\/cgh.com.pl\/fr\/reservoirs-resistants-aux-acides"]}]},{"@type":"ImageObject","inLanguage":"fr-FR","@id":"https:\/\/cgh.com.pl\/fr\/reservoirs-resistants-aux-acides#primaryimage","url":"https:\/\/cgh.com.pl\/wp-content\/uploads\/2024\/07\/zbiornik-naziemny-pionowy-jednoplaszczowy-foto1.jpg","contentUrl":"https:\/\/cgh.com.pl\/wp-content\/uploads\/2024\/07\/zbiornik-naziemny-pionowy-jednoplaszczowy-foto1.jpg"},{"@type":"BreadcrumbList","@id":"https:\/\/cgh.com.pl\/fr\/reservoirs-resistants-aux-acides#breadcrumb","itemListElement":[{"@type":"ListItem","position":1,"name":"Strona g\u0142\u00f3wna","item":"https:\/\/cgh.com.pl\/fr\/"},{"@type":"ListItem","position":2,"name":"R\u00e9servoirs r\u00e9sistants aux acides"}]},{"@type":"WebSite","@id":"https:\/\/cgh.com.pl\/fr\/#website","url":"https:\/\/cgh.com.pl\/fr\/","name":"CGH Group Sp. z o.o.","description":"","publisher":{"@id":"https:\/\/cgh.com.pl\/fr\/#organization"},"potentialAction":[{"@type":"SearchAction","target":{"@type":"EntryPoint","urlTemplate":"https:\/\/cgh.com.pl\/fr\/?s={search_term_string}"},"query-input":{"@type":"PropertyValueSpecification","valueRequired":true,"valueName":"search_term_string"}}],"inLanguage":"fr-FR"},{"@type":"Organization","@id":"https:\/\/cgh.com.pl\/fr\/#organization","name":"CGH Group Sp. z o.o.","url":"https:\/\/cgh.com.pl\/fr\/","logo":{"@type":"ImageObject","inLanguage":"fr-FR","@id":"https:\/\/cgh.com.pl\/fr\/#\/schema\/logo\/image\/","url":"https:\/\/cgh.com.pl\/fr\/wp-content\/uploads\/2023\/05\/logoCGH.png","contentUrl":"https:\/\/cgh.com.pl\/fr\/wp-content\/uploads\/2023\/05\/logoCGH.png","width":449,"height":162,"caption":"CGH Group Sp. z o.o."},"image":{"@id":"https:\/\/cgh.com.pl\/fr\/#\/schema\/logo\/image\/"}}]}},"_links":{"self":[{"href":"https:\/\/cgh.com.pl\/fr\/wp-json\/wp\/v2\/pages\/32","targetHints":{"allow":["GET"]}}],"collection":[{"href":"https:\/\/cgh.com.pl\/fr\/wp-json\/wp\/v2\/pages"}],"about":[{"href":"https:\/\/cgh.com.pl\/fr\/wp-json\/wp\/v2\/types\/page"}],"author":[{"embeddable":true,"href":"https:\/\/cgh.com.pl\/fr\/wp-json\/wp\/v2\/users\/1"}],"replies":[{"embeddable":true,"href":"https:\/\/cgh.com.pl\/fr\/wp-json\/wp\/v2\/comments?post=32"}],"version-history":[{"count":11,"href":"https:\/\/cgh.com.pl\/fr\/wp-json\/wp\/v2\/pages\/32\/revisions"}],"predecessor-version":[{"id":5242,"href":"https:\/\/cgh.com.pl\/fr\/wp-json\/wp\/v2\/pages\/32\/revisions\/5242"}],"wp:attachment":[{"href":"https:\/\/cgh.com.pl\/fr\/wp-json\/wp\/v2\/media?parent=32"}],"curies":[{"name":"wp","href":"https:\/\/api.w.org\/{rel}","templated":true}]}}