{"id":327,"date":"2020-12-06T22:27:30","date_gmt":"2020-12-06T21:27:30","guid":{"rendered":"https:\/\/cgh.com.pl\/fr\/?page_id=327"},"modified":"2026-02-11T22:12:25","modified_gmt":"2026-02-11T21:12:25","slug":"a-propos-de-lentreprise","status":"publish","type":"page","link":"https:\/\/cgh.com.pl\/fr\/a-propos-de-lentreprise","title":{"rendered":"A propos de l&rsquo;entreprise"},"content":{"rendered":"\n<div class=\"wp-block-columns has-2-columns is-layout-flex wp-container-core-columns-is-layout-9d6595d7 wp-block-columns-is-layout-flex\">\n<div class=\"wp-block-column is-layout-flow wp-block-column-is-layout-flow\">\n<h4 class=\"wp-block-heading\">CGH Group sp. z\u00ad o.o.<\/h4>\n\n\n\n<p>Nous faisons partie du <strong>groupe CGH<\/strong>, un groupe international d&rsquo;entreprises op\u00e9rant sur les march\u00e9s d&rsquo;Europe, d&rsquo;Afrique et d&rsquo;Asie. Les origines de l&rsquo;entreprise remontent aux ann\u00e9es 1990, lorsque, sous le nom de <strong>CGH International<\/strong>, nous avons commenc\u00e9 \u00e0 fabriquer &#8211; dans le cadre d&rsquo;un processus enti\u00e8rement automatis\u00e9 &#8211; des r\u00e9servoirs \u00e0 compartiments s\u00fbrs et respectueux de l&rsquo;environnement pour le stockage de liquides inflammables en Pologne.<\/p>\n\n\n\n<p>Au fil des ann\u00e9es, <strong>CGH Group<\/strong> est devenu un leader reconnu et un fabricant majeur de r\u00e9servoirs en acier en Europe. Nos clients sont non seulement des compagnies p\u00e9troli\u00e8res internationales et des entrepreneurs nationaux et internationaux qui vendent des carburants, mais aussi des entreprises industrielles, commerciales et de services internationales et locales de divers secteurs pour lesquels les r\u00e9servoirs font partie de l&rsquo;infrastructure. Nous vendons des produits de la plus haute qualit\u00e9, certifi\u00e9s et d\u00fbment homologu\u00e9s, et nos ing\u00e9nieurs mettent au point des solutions qui r\u00e9pondent aux exigences du pays concern\u00e9.<\/p>\n\n\n\n<p>Nous proposons actuellement diff\u00e9rents types de r\u00e9servoirs en acier au carbone et en acier inoxydable d&rsquo;une capacit\u00e9 allant de quelques m<sup>3<\/sup> \u00e0 500 m<sup>3<\/sup> : souterrains et hors sol, \u00e0 simple ou double paroi, sous pression ou non, horizontaux et verticaux, isol\u00e9s et chauff\u00e9s, \u00e0 r\u00e9tention d&rsquo;eau et d&rsquo;air, hydrophores, a\u00e9rateurs et s\u00e9parateurs. Pour nos clients \u00e9trangers, nous fabriquons des stations de distribution conteneuris\u00e9es et des accessoires de r\u00e9servoirs. Des tuyaux flexibles \u00e0 pression pour le GPL et le p\u00e9trole brut, entre autres, compl\u00e8tent la gamme.<\/p>\n\n\n\n<p>CGH Nordic, une filiale de CGH Group au Danemark, distribue nos produits en Scandinavie.<\/p>\n\n\n\n<p>CGH Belgium, une filiale de CGH Group en Belgique, propose &#8211; en plus des r\u00e9servoirs &#8211; des tuyaux sous pression pour GPL, des ponceaux EasyFit, des couvercles composites MwayPro, des collecteurs de tuyaux, des raccords et des accessoires li\u00e9s au stockage et au transfert de liquides dangereux.<\/p>\n\n\n\n<p>CGH South Africa, filiale de CGH Group en Afrique du Sud, fabrique des r\u00e9servoirs en acier destin\u00e9s aux clients d\u2019Afrique du Sud, du Lesotho, du Botswana, du Zimbabwe, du Mozambique, de Namibie, d\u2019Eswatini et de Madagascar. L\u2019entreprise commercialise \u00e9galement des mat\u00e9riaux et composants europ\u00e9ens pour r\u00e9servoirs ainsi que des conduites flexibles sous pression pour GPL.<\/p>\n\n\n\n<p>WEFCO (Gainsborough) Ltd est la derni\u00e8re entreprise \u00e0 avoir rejoint le groupe CGH. Il s\u2019agit d\u2019un fabricant britannique de renom, sp\u00e9cialis\u00e9 dans la production de r\u00e9servoirs en acier sur mesure et de structures m\u00e9talliques techniques. Fort de plus de 50 ans d\u2019exp\u00e9rience, WEFCO fournit des solutions de grande envergure pour les secteurs de l\u2019\u00e9nergie, de la p\u00e9trochimie et de l\u2019industrie. Son int\u00e9gration renforce la pr\u00e9sence du groupe au Royaume-Uni et \u00e9largit le portefeuille avec des capacit\u00e9s avanc\u00e9es de fabrication en acier.<\/p>\n\n\n\n<p>Nous vous invitons \u00e0 d\u00e9couvrir nos produits sur notre site web et \u00e0 poser vos questions \u00e0 notre personnel. CONTACT<\/p>\n<\/div>\n\n\n\n<div class=\"wp-block-column is-layout-flow wp-block-column-is-layout-flow\">\n<figure class=\"wp-block-image\"><img decoding=\"async\" width=\"700\" height=\"394\" data-src=\"https:\/\/cgh.com.pl\/fr\/wp-content\/uploads\/2021\/06\/CGH-Polska.jpg\" alt=\"CGH Polska\" class=\"wp-image-1842 img-fluid lazyload\" data-srcset=\"https:\/\/cgh.com.pl\/fr\/wp-content\/uploads\/2021\/06\/CGH-Polska.jpg 700w, https:\/\/cgh.com.pl\/fr\/wp-content\/uploads\/2021\/06\/CGH-Polska-300x169.jpg 300w\" data-sizes=\"(max-width: 700px) 100vw, 700px\" src=\"data:image\/svg+xml;base64,PHN2ZyB3aWR0aD0iMSIgaGVpZ2h0PSIxIiB4bWxucz0iaHR0cDovL3d3dy53My5vcmcvMjAwMC9zdmciPjwvc3ZnPg==\" style=\"--smush-placeholder-width: 700px; --smush-placeholder-aspect-ratio: 700\/394;\" \/><\/figure>\n<\/div>\n<\/div>\n","protected":false},"excerpt":{"rendered":"<p>CGH Group sp. z\u00ad o.o. Nous faisons partie du groupe CGH, un groupe international d&rsquo;entreprises op\u00e9rant sur les march\u00e9s d&rsquo;Europe, d&rsquo;Afrique et d&rsquo;Asie. Les origines de l&rsquo;entreprise remontent aux ann\u00e9es 1990, lorsque, sous le nom de CGH International, nous avons commenc\u00e9 \u00e0 fabriquer &#8211; dans le cadre d&rsquo;un processus enti\u00e8rement automatis\u00e9 &#8211; des r\u00e9servoirs \u00e0 [&hellip;]?<\/p>\n","protected":false},"author":1,"featured_media":0,"parent":0,"menu_order":0,"comment_status":"closed","ping_status":"closed","template":"page-products.php","meta":{"_acf_changed":false,"footnotes":""},"class_list":["post-327","page","type-page","status-publish","hentry"],"acf":[],"yoast_head":"<!-- This site is optimized with the Yoast SEO plugin v26.1.1 - https:\/\/yoast.com\/wordpress\/plugins\/seo\/ -->\n<title>A propos de l&#039;entreprise - CGH Group Sp. z o.o.<\/title>\n<meta name=\"robots\" content=\"index, follow, max-snippet:-1, max-image-preview:large, max-video-preview:-1\" \/>\n<link rel=\"canonical\" href=\"https:\/\/cgh.com.pl\/fr\/a-propos-de-lentreprise\" \/>\n<meta property=\"og:locale\" content=\"fr_FR\" \/>\n<meta property=\"og:type\" content=\"article\" \/>\n<meta property=\"og:title\" content=\"A propos de l&#039;entreprise - CGH Group Sp. z o.o.\" \/>\n<meta property=\"og:description\" content=\"CGH Group sp. z\u00ad o.o. Nous faisons partie du groupe CGH, un groupe international d&rsquo;entreprises op\u00e9rant sur les march\u00e9s d&rsquo;Europe, d&rsquo;Afrique et d&rsquo;Asie. Les origines de l&rsquo;entreprise remontent aux ann\u00e9es 1990, lorsque, sous le nom de CGH International, nous avons commenc\u00e9 \u00e0 fabriquer &#8211; dans le cadre d&rsquo;un processus enti\u00e8rement automatis\u00e9 &#8211; des r\u00e9servoirs \u00e0 [&hellip;]?\" \/>\n<meta property=\"og:url\" content=\"https:\/\/cgh.com.pl\/fr\/a-propos-de-lentreprise\" \/>\n<meta property=\"og:site_name\" content=\"CGH Group Sp. z o.o.\" \/>\n<meta property=\"article:modified_time\" content=\"2026-02-11T21:12:25+00:00\" \/>\n<meta property=\"og:image\" content=\"https:\/\/cgh.com.pl\/fr\/wp-content\/uploads\/2021\/06\/CGH-Polska.jpg\" \/>\n\t<meta property=\"og:image:width\" content=\"700\" \/>\n\t<meta property=\"og:image:height\" content=\"394\" \/>\n\t<meta property=\"og:image:type\" content=\"image\/jpeg\" \/>\n<meta name=\"twitter:card\" content=\"summary_large_image\" \/>\n<meta name=\"twitter:label1\" content=\"Dur\u00e9e de lecture estim\u00e9e\" \/>\n\t<meta name=\"twitter:data1\" content=\"3 minutes\" \/>\n<script type=\"application\/ld+json\" class=\"yoast-schema-graph\">{\"@context\":\"https:\/\/schema.org\",\"@graph\":[{\"@type\":\"WebPage\",\"@id\":\"https:\/\/cgh.com.pl\/fr\/a-propos-de-lentreprise\",\"url\":\"https:\/\/cgh.com.pl\/fr\/a-propos-de-lentreprise\",\"name\":\"A propos de l'entreprise - CGH Group Sp. z o.o.\",\"isPartOf\":{\"@id\":\"https:\/\/cgh.com.pl\/fr\/#website\"},\"primaryImageOfPage\":{\"@id\":\"https:\/\/cgh.com.pl\/fr\/a-propos-de-lentreprise#primaryimage\"},\"image\":{\"@id\":\"https:\/\/cgh.com.pl\/fr\/a-propos-de-lentreprise#primaryimage\"},\"thumbnailUrl\":\"https:\/\/cgh.com.pl\/fr\/wp-content\/uploads\/2021\/06\/CGH-Polska.jpg\",\"datePublished\":\"2020-12-06T21:27:30+00:00\",\"dateModified\":\"2026-02-11T21:12:25+00:00\",\"breadcrumb\":{\"@id\":\"https:\/\/cgh.com.pl\/fr\/a-propos-de-lentreprise#breadcrumb\"},\"inLanguage\":\"fr-FR\",\"potentialAction\":[{\"@type\":\"ReadAction\",\"target\":[\"https:\/\/cgh.com.pl\/fr\/a-propos-de-lentreprise\"]}]},{\"@type\":\"ImageObject\",\"inLanguage\":\"fr-FR\",\"@id\":\"https:\/\/cgh.com.pl\/fr\/a-propos-de-lentreprise#primaryimage\",\"url\":\"https:\/\/cgh.com.pl\/fr\/wp-content\/uploads\/2021\/06\/CGH-Polska.jpg\",\"contentUrl\":\"https:\/\/cgh.com.pl\/fr\/wp-content\/uploads\/2021\/06\/CGH-Polska.jpg\",\"width\":700,\"height\":394,\"caption\":\"CGH Polska\"},{\"@type\":\"BreadcrumbList\",\"@id\":\"https:\/\/cgh.com.pl\/fr\/a-propos-de-lentreprise#breadcrumb\",\"itemListElement\":[{\"@type\":\"ListItem\",\"position\":1,\"name\":\"Strona g\u0142\u00f3wna\",\"item\":\"https:\/\/cgh.com.pl\/fr\/\"},{\"@type\":\"ListItem\",\"position\":2,\"name\":\"A propos de l&#8217;entreprise\"}]},{\"@type\":\"WebSite\",\"@id\":\"https:\/\/cgh.com.pl\/fr\/#website\",\"url\":\"https:\/\/cgh.com.pl\/fr\/\",\"name\":\"CGH Group Sp. z o.o.\",\"description\":\"\",\"publisher\":{\"@id\":\"https:\/\/cgh.com.pl\/fr\/#organization\"},\"potentialAction\":[{\"@type\":\"SearchAction\",\"target\":{\"@type\":\"EntryPoint\",\"urlTemplate\":\"https:\/\/cgh.com.pl\/fr\/?s={search_term_string}\"},\"query-input\":{\"@type\":\"PropertyValueSpecification\",\"valueRequired\":true,\"valueName\":\"search_term_string\"}}],\"inLanguage\":\"fr-FR\"},{\"@type\":\"Organization\",\"@id\":\"https:\/\/cgh.com.pl\/fr\/#organization\",\"name\":\"CGH Group Sp. z o.o.\",\"url\":\"https:\/\/cgh.com.pl\/fr\/\",\"logo\":{\"@type\":\"ImageObject\",\"inLanguage\":\"fr-FR\",\"@id\":\"https:\/\/cgh.com.pl\/fr\/#\/schema\/logo\/image\/\",\"url\":\"https:\/\/cgh.com.pl\/fr\/wp-content\/uploads\/2023\/05\/logoCGH.png\",\"contentUrl\":\"https:\/\/cgh.com.pl\/fr\/wp-content\/uploads\/2023\/05\/logoCGH.png\",\"width\":449,\"height\":162,\"caption\":\"CGH Group Sp. z o.o.\"},\"image\":{\"@id\":\"https:\/\/cgh.com.pl\/fr\/#\/schema\/logo\/image\/\"}}]}<\/script>\n<!-- \/ Yoast SEO plugin. -->","yoast_head_json":{"title":"A propos de l'entreprise - CGH Group Sp. z o.o.","robots":{"index":"index","follow":"follow","max-snippet":"max-snippet:-1","max-image-preview":"max-image-preview:large","max-video-preview":"max-video-preview:-1"},"canonical":"https:\/\/cgh.com.pl\/fr\/a-propos-de-lentreprise","og_locale":"fr_FR","og_type":"article","og_title":"A propos de l'entreprise - CGH Group Sp. z o.o.","og_description":"CGH Group sp. z\u00ad o.o. Nous faisons partie du groupe CGH, un groupe international d&rsquo;entreprises op\u00e9rant sur les march\u00e9s d&rsquo;Europe, d&rsquo;Afrique et d&rsquo;Asie. Les origines de l&rsquo;entreprise remontent aux ann\u00e9es 1990, lorsque, sous le nom de CGH International, nous avons commenc\u00e9 \u00e0 fabriquer &#8211; dans le cadre d&rsquo;un processus enti\u00e8rement automatis\u00e9 &#8211; des r\u00e9servoirs \u00e0 [&hellip;]?","og_url":"https:\/\/cgh.com.pl\/fr\/a-propos-de-lentreprise","og_site_name":"CGH Group Sp. z o.o.","article_modified_time":"2026-02-11T21:12:25+00:00","og_image":[{"width":700,"height":394,"url":"https:\/\/cgh.com.pl\/fr\/wp-content\/uploads\/2021\/06\/CGH-Polska.jpg","type":"image\/jpeg"}],"twitter_card":"summary_large_image","twitter_misc":{"Dur\u00e9e de lecture estim\u00e9e":"3 minutes"},"schema":{"@context":"https:\/\/schema.org","@graph":[{"@type":"WebPage","@id":"https:\/\/cgh.com.pl\/fr\/a-propos-de-lentreprise","url":"https:\/\/cgh.com.pl\/fr\/a-propos-de-lentreprise","name":"A propos de l'entreprise - CGH Group Sp. z o.o.","isPartOf":{"@id":"https:\/\/cgh.com.pl\/fr\/#website"},"primaryImageOfPage":{"@id":"https:\/\/cgh.com.pl\/fr\/a-propos-de-lentreprise#primaryimage"},"image":{"@id":"https:\/\/cgh.com.pl\/fr\/a-propos-de-lentreprise#primaryimage"},"thumbnailUrl":"https:\/\/cgh.com.pl\/fr\/wp-content\/uploads\/2021\/06\/CGH-Polska.jpg","datePublished":"2020-12-06T21:27:30+00:00","dateModified":"2026-02-11T21:12:25+00:00","breadcrumb":{"@id":"https:\/\/cgh.com.pl\/fr\/a-propos-de-lentreprise#breadcrumb"},"inLanguage":"fr-FR","potentialAction":[{"@type":"ReadAction","target":["https:\/\/cgh.com.pl\/fr\/a-propos-de-lentreprise"]}]},{"@type":"ImageObject","inLanguage":"fr-FR","@id":"https:\/\/cgh.com.pl\/fr\/a-propos-de-lentreprise#primaryimage","url":"https:\/\/cgh.com.pl\/fr\/wp-content\/uploads\/2021\/06\/CGH-Polska.jpg","contentUrl":"https:\/\/cgh.com.pl\/fr\/wp-content\/uploads\/2021\/06\/CGH-Polska.jpg","width":700,"height":394,"caption":"CGH Polska"},{"@type":"BreadcrumbList","@id":"https:\/\/cgh.com.pl\/fr\/a-propos-de-lentreprise#breadcrumb","itemListElement":[{"@type":"ListItem","position":1,"name":"Strona g\u0142\u00f3wna","item":"https:\/\/cgh.com.pl\/fr\/"},{"@type":"ListItem","position":2,"name":"A propos de l&#8217;entreprise"}]},{"@type":"WebSite","@id":"https:\/\/cgh.com.pl\/fr\/#website","url":"https:\/\/cgh.com.pl\/fr\/","name":"CGH Group Sp. z o.o.","description":"","publisher":{"@id":"https:\/\/cgh.com.pl\/fr\/#organization"},"potentialAction":[{"@type":"SearchAction","target":{"@type":"EntryPoint","urlTemplate":"https:\/\/cgh.com.pl\/fr\/?s={search_term_string}"},"query-input":{"@type":"PropertyValueSpecification","valueRequired":true,"valueName":"search_term_string"}}],"inLanguage":"fr-FR"},{"@type":"Organization","@id":"https:\/\/cgh.com.pl\/fr\/#organization","name":"CGH Group Sp. z o.o.","url":"https:\/\/cgh.com.pl\/fr\/","logo":{"@type":"ImageObject","inLanguage":"fr-FR","@id":"https:\/\/cgh.com.pl\/fr\/#\/schema\/logo\/image\/","url":"https:\/\/cgh.com.pl\/fr\/wp-content\/uploads\/2023\/05\/logoCGH.png","contentUrl":"https:\/\/cgh.com.pl\/fr\/wp-content\/uploads\/2023\/05\/logoCGH.png","width":449,"height":162,"caption":"CGH Group Sp. z o.o."},"image":{"@id":"https:\/\/cgh.com.pl\/fr\/#\/schema\/logo\/image\/"}}]}},"_links":{"self":[{"href":"https:\/\/cgh.com.pl\/fr\/wp-json\/wp\/v2\/pages\/327","targetHints":{"allow":["GET"]}}],"collection":[{"href":"https:\/\/cgh.com.pl\/fr\/wp-json\/wp\/v2\/pages"}],"about":[{"href":"https:\/\/cgh.com.pl\/fr\/wp-json\/wp\/v2\/types\/page"}],"author":[{"embeddable":true,"href":"https:\/\/cgh.com.pl\/fr\/wp-json\/wp\/v2\/users\/1"}],"replies":[{"embeddable":true,"href":"https:\/\/cgh.com.pl\/fr\/wp-json\/wp\/v2\/comments?post=327"}],"version-history":[{"count":5,"href":"https:\/\/cgh.com.pl\/fr\/wp-json\/wp\/v2\/pages\/327\/revisions"}],"predecessor-version":[{"id":5276,"href":"https:\/\/cgh.com.pl\/fr\/wp-json\/wp\/v2\/pages\/327\/revisions\/5276"}],"wp:attachment":[{"href":"https:\/\/cgh.com.pl\/fr\/wp-json\/wp\/v2\/media?parent=327"}],"curies":[{"name":"wp","href":"https:\/\/api.w.org\/{rel}","templated":true}]}}