{"id":329,"date":"2020-12-06T22:29:43","date_gmt":"2020-12-06T21:29:43","guid":{"rendered":"https:\/\/cgh.com.pl\/fr\/?page_id=329"},"modified":"2023-12-19T11:34:52","modified_gmt":"2023-12-19T10:34:52","slug":"actualites","status":"publish","type":"page","link":"https:\/\/cgh.com.pl\/fr\/actualites","title":{"rendered":"Actualit\u00e9s"},"content":{"rendered":"\n<div class=\"col-sm-12\" style=\"margin-bottom:20px;\"><div class=\"col-sm-12 col-md-3\"><a href=\"https:\/\/cgh.com.pl\/fr\/actualites\/delivery-to-a-reputable-manufacturer-of-lubricants\"><img decoding=\"async\" data-src=\"https:\/\/cgh.com.pl\/fr\/wp-content\/uploads\/2021\/06\/Delivery_to_a_reputable_manufacturer_of_lubricants.jpg\" alt=\"News - Delivery to a reputable manufacturer of lubricants\" style=\"--smush-placeholder-width: 600px; --smush-placeholder-aspect-ratio: 600\/400;width:100%\" src=\"data:image\/svg+xml;base64,PHN2ZyB3aWR0aD0iMSIgaGVpZ2h0PSIxIiB4bWxucz0iaHR0cDovL3d3dy53My5vcmcvMjAwMC9zdmciPjwvc3ZnPg==\" class=\"lazyload\"><\/a><\/div>\n<div class=\"col-sm-12 col-md-9\"><h3 class=\"news-tit\"><a href=\"https:\/\/cgh.com.pl\/fr\/actualites\/delivery-to-a-reputable-manufacturer-of-lubricants\">Fourniture \u00e0 un fabricant de lubrifiants renomm\u00e9<\/a><\/h3>\n<p>04.2020<\/p>\n<p>Afin d&rsquo;agrandir son usine existante, le client nous a command\u00e9 sept r\u00e9servoirs verticaux (2 x 40 m\u00b3, 1 x 60 m\u00b3, 3 x 100 m\u00b3 et 1 x 200 m\u00b3). Tous ont \u00e9t\u00e9 adapt\u00e9s au syst\u00e8me de chauffage \u00e0 l&rsquo;aide d&rsquo;enveloppes de chauffage\/refroidissement Pillow Plate et Clamp On. Ce type de solution n&rsquo;avait jamais \u00e9t\u00e9 utilis\u00e9 dans notre entreprise auparavant et s&rsquo;est donc av\u00e9r\u00e9 \u00eatre un d\u00e9fi int\u00e9ressant pour les d\u00e9partements techniques et de production. Heureusement&#8230;<\/p>\n<p><a href=\"https:\/\/cgh.com.pl\/fr\/actualites\/delivery-to-a-reputable-manufacturer-of-lubricants\">See more&#8230;<\/a><\/p><\/div><\/div>\n\n\n\n<div class=\"col-sm-12\" style=\"margin-bottom:20px;\"><div class=\"col-sm-12 col-md-3\"><a href=\"https:\/\/cgh.com.pl\/fr\/actualites\/reservoirs-de-stockage-dethanol\"><img decoding=\"async\" data-src=\"https:\/\/cgh.com.pl\/fr\/wp-content\/uploads\/2021\/06\/Tanks_for_ethanol_storage.jpg\" alt=\"News - R\u00e9servoirs de stockage d'\u00e9thanol\" style=\"--smush-placeholder-width: 600px; --smush-placeholder-aspect-ratio: 600\/400;width:100%\" src=\"data:image\/svg+xml;base64,PHN2ZyB3aWR0aD0iMSIgaGVpZ2h0PSIxIiB4bWxucz0iaHR0cDovL3d3dy53My5vcmcvMjAwMC9zdmciPjwvc3ZnPg==\" class=\"lazyload\"><\/a><\/div>\n<div class=\"col-sm-12 col-md-9\"><h3 class=\"news-tit\"><a href=\"https:\/\/cgh.com.pl\/fr\/actualites\/reservoirs-de-stockage-dethanol\">R\u00e9servoirs de stockage d&rsquo;\u00e9thanol<\/a><\/h3>\n<p>04.2020<\/p>\n<p>Nous avons fourni \u00e0 la plus importante usine d&rsquo;\u00e9thanol cinq r\u00e9servoirs souterrains \u00e0 double paroi, d&rsquo;une capacit\u00e9 de 200 m3, d&rsquo;un diam\u00e8tre de 3 400 mm et d&rsquo;une longueur de 23 m.  Les r\u00e9servoirs ont \u00e9t\u00e9 \u00e9quip\u00e9s d&rsquo;un syst\u00e8me de contr\u00f4le et de mesure conforme \u00e0 la norme ATEX et r\u00e9pondent aux exigences douani\u00e8res pertinentes (en termes d&rsquo;obligations fiscales et d&rsquo;accises)&#8230;<\/p>\n<p><a href=\"https:\/\/cgh.com.pl\/fr\/actualites\/reservoirs-de-stockage-dethanol\">See more&#8230;<\/a><\/p><\/div><\/div>\n\n\n\n<div class=\"col-sm-12\" style=\"margin-bottom:20px;\"><div class=\"col-sm-12 col-md-3\"><a href=\"https:\/\/cgh.com.pl\/fr\/actualites\/pont-pour-un-client-allemand\"><img decoding=\"async\" data-src=\"https:\/\/cgh.com.pl\/fr\/wp-content\/uploads\/2021\/06\/Bridge_for_German_customer.jpg\" alt=\"News - Bridge for German customer\" style=\"--smush-placeholder-width: 600px; --smush-placeholder-aspect-ratio: 600\/400;width:100%\" src=\"data:image\/svg+xml;base64,PHN2ZyB3aWR0aD0iMSIgaGVpZ2h0PSIxIiB4bWxucz0iaHR0cDovL3d3dy53My5vcmcvMjAwMC9zdmciPjwvc3ZnPg==\" class=\"lazyload\"><\/a><\/div>\n<div class=\"col-sm-12 col-md-9\"><h3 class=\"news-tit\"><a href=\"https:\/\/cgh.com.pl\/fr\/actualites\/pont-pour-un-client-allemand\">Pont pour un client allemand<\/a><\/h3>\n<p>04.2020<\/p>\n<p>C&rsquo;est la troisi\u00e8me fois dans notre histoire que nous cr\u00e9ons et livrons un projet de pont fini.\nNotre client allemand poss\u00e8de une usine situ\u00e9e sur les rives d&rsquo;une petite rivi\u00e8re et le seul parking disponible pour ses employ\u00e9s se trouve de l&rsquo;autre c\u00f4t\u00e9. Pour la commodit\u00e9 de ses employ\u00e9s, l&rsquo;entreprise a donc d\u00e9cid\u00e9 de relier les deux rives de la rivi\u00e8re. Le pont est exclusivement r\u00e9serv\u00e9 aux pi\u00e9tons et permet d&rsquo;acc\u00e9der rapidement et en toute s\u00e9curit\u00e9 au lieu de travail\u2026<\/p>\n<p><a href=\"https:\/\/cgh.com.pl\/fr\/actualites\/pont-pour-un-client-allemand\">See more&#8230;<\/a><\/p><\/div><\/div>\n\n\n\n<div class=\"col-sm-12\" style=\"margin-bottom:20px;\"><div class=\"col-sm-12 col-md-3\"><a href=\"https:\/\/cgh.com.pl\/fr\/actualites\/cgh-poland-leader-de-la-securite\"><img decoding=\"async\" data-src=\"https:\/\/cgh.com.pl\/fr\/wp-content\/uploads\/2022\/02\/Leader-of-Technical_Security.jpg\" alt=\"News - CGH Polska \u2013 Leader of Technical Security\" style=\"--smush-placeholder-width: 600px; --smush-placeholder-aspect-ratio: 600\/400;width:100%\" src=\"data:image\/svg+xml;base64,PHN2ZyB3aWR0aD0iMSIgaGVpZ2h0PSIxIiB4bWxucz0iaHR0cDovL3d3dy53My5vcmcvMjAwMC9zdmciPjwvc3ZnPg==\" class=\"lazyload\"><\/a><\/div>\n<div class=\"col-sm-12 col-md-9\"><h3 class=\"news-tit\"><a href=\"https:\/\/cgh.com.pl\/fr\/actualites\/cgh-poland-leader-de-la-securite\">CGH Poland &#8211; Leader de la s\u00e9curit\u00e9<\/a><\/h3>\n<p>09.2019<\/p>\n<p>Nous avons le plaisir d&rsquo;annoncer que CGH Polska s&rsquo;est vu d\u00e9cerner le titre de leader de la s\u00e9curit\u00e9 technique de l&rsquo;UDT.\nL&rsquo;objectif principal du classement \u201eLeader de la s\u00e9curit\u00e9 technique\u00a0\u00bb est de promouvoir le fonctionnement s\u00fbr des \u00e9quipements techniques. L&rsquo;UDT souhaite honorer les entreprises et les institutions qui accordent une attention particuli\u00e8re \u00e0 la s\u00e9curit\u00e9 de fonctionnement des \u00e9quipements, \u00e0 la s\u00e9curit\u00e9 environnementale et \u00e0 la s\u00e9curit\u00e9 humaine en mati\u00e8re d&rsquo;\u00e9quipements et de syst\u00e8mes techniques\u2026<\/p>\n<p><a href=\"https:\/\/cgh.com.pl\/fr\/actualites\/cgh-poland-leader-de-la-securite\">See more&#8230;<\/a><\/p><\/div>\n<\/div>\n\n\n\n<div class=\"col-sm-12\" style=\"margin-bottom:20px;\"><div class=\"col-sm-12 col-md-3\"><a href=\"https:\/\/cgh.com.pl\/fr\/actualites\/reservoirs-de-stockage-pour-les-systemes-de-chauffage-bioenergetiques\"><img decoding=\"async\" data-src=\"https:\/\/cgh.com.pl\/fr\/wp-content\/uploads\/2021\/06\/Tanks_for_bioenergy_heating_systems.jpg\" alt=\"News - Tanks for bioenergy heating systems\" style=\"--smush-placeholder-width: 600px; --smush-placeholder-aspect-ratio: 600\/400;width:100%\" src=\"data:image\/svg+xml;base64,PHN2ZyB3aWR0aD0iMSIgaGVpZ2h0PSIxIiB4bWxucz0iaHR0cDovL3d3dy53My5vcmcvMjAwMC9zdmciPjwvc3ZnPg==\" class=\"lazyload\"><\/a><\/div>\n<div class=\"col-sm-12 col-md-9\"><h3 class=\"news-tit\"><a href=\"https:\/\/cgh.com.pl\/fr\/actualites\/reservoirs-de-stockage-pour-les-systemes-de-chauffage-bioenergetiques\">R\u00e9servoirs de stockage pour les syst\u00e8mes de chauffage bio\u00e9nerg\u00e9tiques<\/a><\/h3>\n<p>09.2019<\/p>\n<p>CGH Nordic a vendu et livr\u00e9 2 r\u00e9servoirs sous pression verticaux d&rsquo;une capacit\u00e9 de 100 m\u00b3 pour le stockage d&rsquo;eau chaude (temp\u00e9rature de 110\u00b0C et pression de 3 bars). Les r\u00e9servoirs sont isol\u00e9s avec une isolation de 250 mm d&rsquo;\u00e9paisseur\u2026<\/p>\n<p><a href=\"https:\/\/cgh.com.pl\/fr\/actualites\/reservoirs-de-stockage-pour-les-systemes-de-chauffage-bioenergetiques\">See more&#8230;<\/a><\/p><\/div>\n<\/div>\n\n\n\n<div class=\"col-sm-12\" style=\"margin-bottom:20px;\"><div class=\"col-sm-12 col-md-3\"><a href=\"https:\/\/cgh.com.pl\/fr\/actualites\/le-groupe-cgh-se-concentre-sur-les-stations-hors-sol-pour-camions\"><img decoding=\"async\" data-src=\"https:\/\/cgh.com.pl\/fr\/wp-content\/uploads\/2021\/06\/CGH-Group_focused_on_aboveground_truck_stations.jpg\" alt=\"News - CGH Group focused on aboveground truck stations\" style=\"--smush-placeholder-width: 600px; --smush-placeholder-aspect-ratio: 600\/400;width:100%\" src=\"data:image\/svg+xml;base64,PHN2ZyB3aWR0aD0iMSIgaGVpZ2h0PSIxIiB4bWxucz0iaHR0cDovL3d3dy53My5vcmcvMjAwMC9zdmciPjwvc3ZnPg==\" class=\"lazyload\"><\/a><\/div>\n<div class=\"col-sm-12 col-md-9\"><h3 class=\"news-tit\">\n<a href=\"https:\/\/cgh.com.pl\/fr\/actualites\/le-groupe-cgh-se-concentre-sur-les-stations-hors-sol-pour-camions\">Le groupe CGH se concentre sur les stations hors sol pour camions<\/a><\/h3>\n<p>04.2019<\/p>\n<p>L&rsquo;industrie du ravitaillement en carburant met de plus en plus l&rsquo;accent sur la flexibilit\u00e9 et la mobilit\u00e9. C&rsquo;est pourquoi CGH fournit de plus en plus de r\u00e9servoirs hors sol et de solutions cl\u00e9s en main pour les stations de ravitaillement en carburant pour camions\u2026<\/p>\n<p><a href=\"https:\/\/cgh.com.pl\/fr\/actualites\/le-groupe-cgh-se-concentre-sur-les-stations-hors-sol-pour-camions\">See more&#8230;<\/a><\/p><\/div><\/div>\n\n\n\n<div class=\"col-sm-12\" style=\"margin-bottom:20px;\"><div class=\"col-sm-12 col-md-3\"><a href=\"https:\/\/cgh.com.pl\/fr\/actualites\/reservoirs-pour-producteurs-dhuiles-lubrifiantes\"><img decoding=\"async\" data-src=\"https:\/\/cgh.com.pl\/fr\/wp-content\/uploads\/2021\/06\/Series-of-tanks-for_producer_of_lubricant-oils.jpg\" alt=\"News - Series of tanks for producer of lubricant oils\" style=\"--smush-placeholder-width: 600px; --smush-placeholder-aspect-ratio: 600\/400;width:100%\" src=\"data:image\/svg+xml;base64,PHN2ZyB3aWR0aD0iMSIgaGVpZ2h0PSIxIiB4bWxucz0iaHR0cDovL3d3dy53My5vcmcvMjAwMC9zdmciPjwvc3ZnPg==\" class=\"lazyload\"><\/a><\/div>\n<div class=\"col-sm-12 col-md-9\"><h3 class=\"news-tit\"><a href=\"https:\/\/cgh.com.pl\/fr\/actualites\/reservoirs-pour-producteurs-dhuiles-lubrifiantes\">R\u00e9servoirs pour producteurs d&rsquo;huiles lubrifiantes<\/a><\/h3>\n<p>04.2019<\/p>\n<p>CGH Nordic A\/S delivered the first batch of 49 tanks in total to a company building a new plant for mixing of different lubricant oils.\nCGH Nordic A\/S a livr\u00e9 le premier lot de r\u00e9servoirs (sur un total de 49 unit\u00e9s) \u00e0 une soci\u00e9t\u00e9 qui construit une nouvelle usine de m\u00e9lange d&rsquo;huiles lubrifiantes. Ces r\u00e9servoirs sont de conception verticale et de volume variable (de 15 m3 \u00e0 60 m3)\u2026<\/p>\n<p><a href=\"https:\/\/cgh.com.pl\/fr\/actualites\/reservoirs-pour-producteurs-dhuiles-lubrifiantes\">See more&#8230;<\/a><\/p><\/div><\/div>\n","protected":false},"excerpt":{"rendered":"<p>Fourniture \u00e0 un fabricant de lubrifiants renomm\u00e9 04.2020 Afin d&rsquo;agrandir son usine existante, le client nous a command\u00e9 sept r\u00e9servoirs verticaux (2 x 40 m\u00b3, 1 x 60 m\u00b3, 3 x 100 m\u00b3 et 1 x 200 m\u00b3). Tous ont \u00e9t\u00e9 adapt\u00e9s au syst\u00e8me de chauffage \u00e0 l&rsquo;aide d&rsquo;enveloppes de chauffage\/refroidissement Pillow Plate et Clamp [&hellip;]?<\/p>\n","protected":false},"author":1,"featured_media":0,"parent":0,"menu_order":0,"comment_status":"closed","ping_status":"closed","template":"page-products.php","meta":{"_acf_changed":false,"footnotes":""},"class_list":["post-329","page","type-page","status-publish","hentry"],"acf":[],"yoast_head":"<!-- This site is optimized with the Yoast SEO plugin v26.1.1 - https:\/\/yoast.com\/wordpress\/plugins\/seo\/ -->\n<title>Actualit\u00e9s - CGH Group Sp. z o.o.<\/title>\n<meta name=\"robots\" content=\"index, follow, max-snippet:-1, max-image-preview:large, max-video-preview:-1\" \/>\n<link rel=\"canonical\" href=\"https:\/\/cgh.com.pl\/fr\/actualites\" \/>\n<meta property=\"og:locale\" content=\"fr_FR\" \/>\n<meta property=\"og:type\" content=\"article\" \/>\n<meta property=\"og:title\" content=\"Actualit\u00e9s - CGH Group Sp. z o.o.\" \/>\n<meta property=\"og:description\" content=\"Fourniture \u00e0 un fabricant de lubrifiants renomm\u00e9 04.2020 Afin d&rsquo;agrandir son usine existante, le client nous a command\u00e9 sept r\u00e9servoirs verticaux (2 x 40 m\u00b3, 1 x 60 m\u00b3, 3 x 100 m\u00b3 et 1 x 200 m\u00b3). Tous ont \u00e9t\u00e9 adapt\u00e9s au syst\u00e8me de chauffage \u00e0 l&rsquo;aide d&rsquo;enveloppes de chauffage\/refroidissement Pillow Plate et Clamp [&hellip;]?\" \/>\n<meta property=\"og:url\" content=\"https:\/\/cgh.com.pl\/fr\/actualites\" \/>\n<meta property=\"og:site_name\" content=\"CGH Group Sp. z o.o.\" \/>\n<meta property=\"article:modified_time\" content=\"2023-12-19T10:34:52+00:00\" \/>\n<meta property=\"og:image\" content=\"https:\/\/cgh.com.pl\/fr\/wp-content\/uploads\/2021\/06\/Delivery_to_a_reputable_manufacturer_of_lubricants.jpg\" \/>\n<meta name=\"twitter:card\" content=\"summary_large_image\" \/>\n<meta name=\"twitter:label1\" content=\"Dur\u00e9e de lecture estim\u00e9e\" \/>\n\t<meta name=\"twitter:data1\" content=\"5 minutes\" \/>\n<script type=\"application\/ld+json\" class=\"yoast-schema-graph\">{\"@context\":\"https:\/\/schema.org\",\"@graph\":[{\"@type\":\"WebPage\",\"@id\":\"https:\/\/cgh.com.pl\/fr\/actualites\",\"url\":\"https:\/\/cgh.com.pl\/fr\/actualites\",\"name\":\"Actualit\u00e9s - CGH Group Sp. z o.o.\",\"isPartOf\":{\"@id\":\"https:\/\/cgh.com.pl\/fr\/#website\"},\"primaryImageOfPage\":{\"@id\":\"https:\/\/cgh.com.pl\/fr\/actualites#primaryimage\"},\"image\":{\"@id\":\"https:\/\/cgh.com.pl\/fr\/actualites#primaryimage\"},\"thumbnailUrl\":\"https:\/\/cgh.com.pl\/fr\/wp-content\/uploads\/2021\/06\/Delivery_to_a_reputable_manufacturer_of_lubricants.jpg\",\"datePublished\":\"2020-12-06T21:29:43+00:00\",\"dateModified\":\"2023-12-19T10:34:52+00:00\",\"breadcrumb\":{\"@id\":\"https:\/\/cgh.com.pl\/fr\/actualites#breadcrumb\"},\"inLanguage\":\"fr-FR\",\"potentialAction\":[{\"@type\":\"ReadAction\",\"target\":[\"https:\/\/cgh.com.pl\/fr\/actualites\"]}]},{\"@type\":\"ImageObject\",\"inLanguage\":\"fr-FR\",\"@id\":\"https:\/\/cgh.com.pl\/fr\/actualites#primaryimage\",\"url\":\"https:\/\/cgh.com.pl\/fr\/wp-content\/uploads\/2021\/06\/Delivery_to_a_reputable_manufacturer_of_lubricants.jpg\",\"contentUrl\":\"https:\/\/cgh.com.pl\/fr\/wp-content\/uploads\/2021\/06\/Delivery_to_a_reputable_manufacturer_of_lubricants.jpg\",\"width\":600,\"height\":400,\"caption\":\"Delivery to a reputable manufacturer of lubricants\"},{\"@type\":\"BreadcrumbList\",\"@id\":\"https:\/\/cgh.com.pl\/fr\/actualites#breadcrumb\",\"itemListElement\":[{\"@type\":\"ListItem\",\"position\":1,\"name\":\"Strona g\u0142\u00f3wna\",\"item\":\"https:\/\/cgh.com.pl\/fr\/\"},{\"@type\":\"ListItem\",\"position\":2,\"name\":\"Actualit\u00e9s\"}]},{\"@type\":\"WebSite\",\"@id\":\"https:\/\/cgh.com.pl\/fr\/#website\",\"url\":\"https:\/\/cgh.com.pl\/fr\/\",\"name\":\"CGH Group Sp. z o.o.\",\"description\":\"\",\"publisher\":{\"@id\":\"https:\/\/cgh.com.pl\/fr\/#organization\"},\"potentialAction\":[{\"@type\":\"SearchAction\",\"target\":{\"@type\":\"EntryPoint\",\"urlTemplate\":\"https:\/\/cgh.com.pl\/fr\/?s={search_term_string}\"},\"query-input\":{\"@type\":\"PropertyValueSpecification\",\"valueRequired\":true,\"valueName\":\"search_term_string\"}}],\"inLanguage\":\"fr-FR\"},{\"@type\":\"Organization\",\"@id\":\"https:\/\/cgh.com.pl\/fr\/#organization\",\"name\":\"CGH Group Sp. z o.o.\",\"url\":\"https:\/\/cgh.com.pl\/fr\/\",\"logo\":{\"@type\":\"ImageObject\",\"inLanguage\":\"fr-FR\",\"@id\":\"https:\/\/cgh.com.pl\/fr\/#\/schema\/logo\/image\/\",\"url\":\"https:\/\/cgh.com.pl\/fr\/wp-content\/uploads\/2023\/05\/logoCGH.png\",\"contentUrl\":\"https:\/\/cgh.com.pl\/fr\/wp-content\/uploads\/2023\/05\/logoCGH.png\",\"width\":449,\"height\":162,\"caption\":\"CGH Group Sp. z o.o.\"},\"image\":{\"@id\":\"https:\/\/cgh.com.pl\/fr\/#\/schema\/logo\/image\/\"}}]}<\/script>\n<!-- \/ Yoast SEO plugin. -->","yoast_head_json":{"title":"Actualit\u00e9s - CGH Group Sp. z o.o.","robots":{"index":"index","follow":"follow","max-snippet":"max-snippet:-1","max-image-preview":"max-image-preview:large","max-video-preview":"max-video-preview:-1"},"canonical":"https:\/\/cgh.com.pl\/fr\/actualites","og_locale":"fr_FR","og_type":"article","og_title":"Actualit\u00e9s - CGH Group Sp. z o.o.","og_description":"Fourniture \u00e0 un fabricant de lubrifiants renomm\u00e9 04.2020 Afin d&rsquo;agrandir son usine existante, le client nous a command\u00e9 sept r\u00e9servoirs verticaux (2 x 40 m\u00b3, 1 x 60 m\u00b3, 3 x 100 m\u00b3 et 1 x 200 m\u00b3). Tous ont \u00e9t\u00e9 adapt\u00e9s au syst\u00e8me de chauffage \u00e0 l&rsquo;aide d&rsquo;enveloppes de chauffage\/refroidissement Pillow Plate et Clamp [&hellip;]?","og_url":"https:\/\/cgh.com.pl\/fr\/actualites","og_site_name":"CGH Group Sp. z o.o.","article_modified_time":"2023-12-19T10:34:52+00:00","og_image":[{"url":"https:\/\/cgh.com.pl\/fr\/wp-content\/uploads\/2021\/06\/Delivery_to_a_reputable_manufacturer_of_lubricants.jpg","type":"","width":"","height":""}],"twitter_card":"summary_large_image","twitter_misc":{"Dur\u00e9e de lecture estim\u00e9e":"5 minutes"},"schema":{"@context":"https:\/\/schema.org","@graph":[{"@type":"WebPage","@id":"https:\/\/cgh.com.pl\/fr\/actualites","url":"https:\/\/cgh.com.pl\/fr\/actualites","name":"Actualit\u00e9s - CGH Group Sp. z o.o.","isPartOf":{"@id":"https:\/\/cgh.com.pl\/fr\/#website"},"primaryImageOfPage":{"@id":"https:\/\/cgh.com.pl\/fr\/actualites#primaryimage"},"image":{"@id":"https:\/\/cgh.com.pl\/fr\/actualites#primaryimage"},"thumbnailUrl":"https:\/\/cgh.com.pl\/fr\/wp-content\/uploads\/2021\/06\/Delivery_to_a_reputable_manufacturer_of_lubricants.jpg","datePublished":"2020-12-06T21:29:43+00:00","dateModified":"2023-12-19T10:34:52+00:00","breadcrumb":{"@id":"https:\/\/cgh.com.pl\/fr\/actualites#breadcrumb"},"inLanguage":"fr-FR","potentialAction":[{"@type":"ReadAction","target":["https:\/\/cgh.com.pl\/fr\/actualites"]}]},{"@type":"ImageObject","inLanguage":"fr-FR","@id":"https:\/\/cgh.com.pl\/fr\/actualites#primaryimage","url":"https:\/\/cgh.com.pl\/fr\/wp-content\/uploads\/2021\/06\/Delivery_to_a_reputable_manufacturer_of_lubricants.jpg","contentUrl":"https:\/\/cgh.com.pl\/fr\/wp-content\/uploads\/2021\/06\/Delivery_to_a_reputable_manufacturer_of_lubricants.jpg","width":600,"height":400,"caption":"Delivery to a reputable manufacturer of lubricants"},{"@type":"BreadcrumbList","@id":"https:\/\/cgh.com.pl\/fr\/actualites#breadcrumb","itemListElement":[{"@type":"ListItem","position":1,"name":"Strona g\u0142\u00f3wna","item":"https:\/\/cgh.com.pl\/fr\/"},{"@type":"ListItem","position":2,"name":"Actualit\u00e9s"}]},{"@type":"WebSite","@id":"https:\/\/cgh.com.pl\/fr\/#website","url":"https:\/\/cgh.com.pl\/fr\/","name":"CGH Group Sp. z o.o.","description":"","publisher":{"@id":"https:\/\/cgh.com.pl\/fr\/#organization"},"potentialAction":[{"@type":"SearchAction","target":{"@type":"EntryPoint","urlTemplate":"https:\/\/cgh.com.pl\/fr\/?s={search_term_string}"},"query-input":{"@type":"PropertyValueSpecification","valueRequired":true,"valueName":"search_term_string"}}],"inLanguage":"fr-FR"},{"@type":"Organization","@id":"https:\/\/cgh.com.pl\/fr\/#organization","name":"CGH Group Sp. z o.o.","url":"https:\/\/cgh.com.pl\/fr\/","logo":{"@type":"ImageObject","inLanguage":"fr-FR","@id":"https:\/\/cgh.com.pl\/fr\/#\/schema\/logo\/image\/","url":"https:\/\/cgh.com.pl\/fr\/wp-content\/uploads\/2023\/05\/logoCGH.png","contentUrl":"https:\/\/cgh.com.pl\/fr\/wp-content\/uploads\/2023\/05\/logoCGH.png","width":449,"height":162,"caption":"CGH Group Sp. z o.o."},"image":{"@id":"https:\/\/cgh.com.pl\/fr\/#\/schema\/logo\/image\/"}}]}},"_links":{"self":[{"href":"https:\/\/cgh.com.pl\/fr\/wp-json\/wp\/v2\/pages\/329","targetHints":{"allow":["GET"]}}],"collection":[{"href":"https:\/\/cgh.com.pl\/fr\/wp-json\/wp\/v2\/pages"}],"about":[{"href":"https:\/\/cgh.com.pl\/fr\/wp-json\/wp\/v2\/types\/page"}],"author":[{"embeddable":true,"href":"https:\/\/cgh.com.pl\/fr\/wp-json\/wp\/v2\/users\/1"}],"replies":[{"embeddable":true,"href":"https:\/\/cgh.com.pl\/fr\/wp-json\/wp\/v2\/comments?post=329"}],"version-history":[{"count":31,"href":"https:\/\/cgh.com.pl\/fr\/wp-json\/wp\/v2\/pages\/329\/revisions"}],"predecessor-version":[{"id":5063,"href":"https:\/\/cgh.com.pl\/fr\/wp-json\/wp\/v2\/pages\/329\/revisions\/5063"}],"wp:attachment":[{"href":"https:\/\/cgh.com.pl\/fr\/wp-json\/wp\/v2\/media?parent=329"}],"curies":[{"name":"wp","href":"https:\/\/api.w.org\/{rel}","templated":true}]}}