{"id":34,"date":"2020-11-24T23:20:39","date_gmt":"2020-11-24T22:20:39","guid":{"rendered":"https:\/\/cgh.com.pl\/fr\/?page_id=34"},"modified":"2023-10-03T23:42:29","modified_gmt":"2023-10-03T21:42:29","slug":"reservoirs-dengrais","status":"publish","type":"page","link":"https:\/\/cgh.com.pl\/fr\/reservoirs-dengrais","title":{"rendered":"R\u00e9servoirs d&rsquo;engrais"},"content":{"rendered":"<div class=\"wp-block-image\">\n<figure class=\"aligncenter\"><img decoding=\"async\" width=\"1024\" height=\"368\" data-src=\"https:\/\/cgh.com.pl\/fr\/wp-content\/uploads\/2021\/06\/Tanks-for-liquid-fertilizers-1024x368.jpg\" alt=\"Tanks for liquid fertilizers\" class=\"wp-image-1715 img-fluid lazyload\" title=\"Tanks for liquid fertilizers\" data-srcset=\"https:\/\/cgh.com.pl\/fr\/wp-content\/uploads\/2021\/06\/Tanks-for-liquid-fertilizers-1024x368.jpg 1024w, https:\/\/cgh.com.pl\/fr\/wp-content\/uploads\/2021\/06\/Tanks-for-liquid-fertilizers-300x108.jpg 300w, https:\/\/cgh.com.pl\/fr\/wp-content\/uploads\/2021\/06\/Tanks-for-liquid-fertilizers-768x276.jpg 768w, https:\/\/cgh.com.pl\/fr\/wp-content\/uploads\/2021\/06\/Tanks-for-liquid-fertilizers.jpg 1280w\" data-sizes=\"(max-width: 1024px) 100vw, 1024px\" src=\"data:image\/svg+xml;base64,PHN2ZyB3aWR0aD0iMSIgaGVpZ2h0PSIxIiB4bWxucz0iaHR0cDovL3d3dy53My5vcmcvMjAwMC9zdmciPjwvc3ZnPg==\" style=\"--smush-placeholder-width: 1024px; --smush-placeholder-aspect-ratio: 1024\/368;\" \/><\/figure><\/div>\n\n\n<div style=\"height:20px\" aria-hidden=\"true\" class=\"wp-block-spacer\"><\/div>\n\n\n\n<p>L&rsquo;offre pr\u00e9sent\u00e9e comprend des r\u00e9servoirs pour engrais liquides, disponibles dans des capacit\u00e9s allant de 25 m<sup>3<\/sup> \u00e0 100 m<sup>3<\/sup>. Elles sont fabriqu\u00e9es en plastique r\u00e9sistant aux compos\u00e9s chimiques. La conception a \u00e9t\u00e9 \u00e9tudi\u00e9e de mani\u00e8re \u00e0 faciliter la vidange compl\u00e8te de l&rsquo;int\u00e9rieur et \u00e0 emp\u00eacher la formation de d\u00e9p\u00f4ts.<\/p>\n\n\n\n<p>Le r\u00e9servoir d&rsquo;engrais liquide de notre production est facile \u00e0 manipuler gr\u00e2ce \u00e0 la pr\u00e9sence d&rsquo;un couvercle de trou d&rsquo;homme, d&rsquo;une \u00e9chelle amovible avec plate-forme et d&rsquo;un garde-corps. La protection contre la contamination de l&rsquo;environnement est \u00e9galement assur\u00e9e par un bac de r\u00e9cup\u00e9ration sp\u00e9cial situ\u00e9 sous l&rsquo;orifice de vidange DN80 qui est \u00e9quip\u00e9 d&rsquo;un robinet \u00e0 bille pour \u00e9viter toute ouverture incontr\u00f4l\u00e9e.<\/p>\n\n\n\n<p>Certaines parties de la structure sont \u00e9galement galvanis\u00e9es. La structure est disponible en quatre couleurs: blanc, gris, bleu et vert.<\/p>\n\n\n\n<div class=\"wp-block-columns is-layout-flex wp-container-core-columns-is-layout-9d6595d7 wp-block-columns-is-layout-flex\">\n<div class=\"wp-block-column is-layout-flow wp-block-column-is-layout-flow\">\n<p><strong>R\u00e9servoirs d&rsquo;engrais &#8211; avantages et b\u00e9n\u00e9fices pour l&rsquo;utilisateur:<\/strong><\/p>\n\n\n\n<p>L&rsquo;inclinaison de la cuve permet une vidange compl\u00e8te et une non d\u00e9cantation des boues.<\/p>\n\n\n\n<p>Un bac de r\u00e9cup\u00e9ration sous l&rsquo;orifice de l&rsquo;\u00e9vier prot\u00e8ge l&rsquo;environnement de toute contamination.<\/p>\n\n\n\n<p>La conception du couvercle de trou d&rsquo;homme permet une manipulation ais\u00e9e lors de l&rsquo;inspection ou du chargement.<\/p>\n\n\n\n<p>Surface de travail agrandie avec mains courantes pour plus de confort et de s\u00e9curit\u00e9<\/p>\n\n\n\n<p>L&rsquo;\u00e9chelle amovible avec plate-forme permet de placer le r\u00e9servoir contre le mur d&rsquo;un b\u00e2timent.<\/p>\n<\/div>\n\n\n\n<div class=\"wp-block-column is-layout-flow wp-block-column-is-layout-flow\">\n<p><strong>Caracteristiques techniques :<\/strong><\/p>\n\n\n\n<p>Capacit\u00e9: 25 m<sup>3<\/sup> et 50 m<sup>3<\/sup> &#8211; capacit\u00e9s jusqu&rsquo;\u00e0 100 m<sup>3<\/sup> disponibles<\/p>\n\n\n\n<p>Diam\u00e8tre du conteneur: 2500 mm &#8211; diam\u00e8tres disponibles de 2000 mm \u00e0 2900 mm<\/p>\n\n\n\n<p>Rev\u00eatement interne r\u00e9sistant aux engrais liquides<\/p>\n\n\n\n<p>Inclinaison du r\u00e9servoir vers l\u2019embouchure<\/p>\n\n\n\n<p>EMBOUCHURE DN80 avec robinet \u00e0 boisseau sph\u00e9rique prot\u00e9g\u00e9 contre l&rsquo;ouverture incontr\u00f4l\u00e9e<\/p>\n\n\n\n<p>Couvercle de trou d&rsquo;homme DN600 \u00e0 charni\u00e8re avec ouverture rapide<\/p>\n\n\n\n<p>Bac de r\u00e9cup\u00e9ration sous l\u2019embouchure<\/p>\n\n\n\n<p>Embouchure DN40<\/p>\n\n\n\n<p>\u00c9chelle, garde-corps et plate-forme galvanis\u00e9s<\/p>\n\n\n\n<p>Couleur du r\u00e9servoir \u00e0 choisir:<\/p>\n\n\n\n<p>RAL9010 &#8211; blanc, RAL7035 &#8211; gris, RAL5010 &#8211; bleu, RAL6029 &#8211; vert<\/p>\n<\/div>\n<\/div>\n","protected":false},"excerpt":{"rendered":"<p>L&rsquo;offre pr\u00e9sent\u00e9e comprend des r\u00e9servoirs pour engrais liquides, disponibles dans des capacit\u00e9s allant de 25 m3 \u00e0 100 m3. Elles sont fabriqu\u00e9es en plastique r\u00e9sistant aux compos\u00e9s chimiques. La conception a \u00e9t\u00e9 \u00e9tudi\u00e9e de mani\u00e8re \u00e0 faciliter la vidange compl\u00e8te de l&rsquo;int\u00e9rieur et \u00e0 emp\u00eacher la formation de d\u00e9p\u00f4ts. Le r\u00e9servoir d&rsquo;engrais liquide de notre [&hellip;]?<\/p>\n","protected":false},"author":1,"featured_media":0,"parent":0,"menu_order":0,"comment_status":"closed","ping_status":"closed","template":"page-products-with-second-menu.php","meta":{"_acf_changed":false,"footnotes":""},"class_list":["post-34","page","type-page","status-publish","hentry"],"acf":[],"yoast_head":"<!-- This site is optimized with the Yoast SEO plugin v26.1.1 - https:\/\/yoast.com\/wordpress\/plugins\/seo\/ -->\n<title>R\u00e9servoirs d&#039;engrais - CGH Group Sp. z o.o.<\/title>\n<meta name=\"robots\" content=\"index, follow, max-snippet:-1, max-image-preview:large, max-video-preview:-1\" \/>\n<link rel=\"canonical\" href=\"https:\/\/cgh.com.pl\/fr\/reservoirs-dengrais\" \/>\n<meta property=\"og:locale\" content=\"fr_FR\" \/>\n<meta property=\"og:type\" content=\"article\" \/>\n<meta property=\"og:title\" content=\"R\u00e9servoirs d&#039;engrais - CGH Group Sp. z o.o.\" \/>\n<meta property=\"og:description\" content=\"L&rsquo;offre pr\u00e9sent\u00e9e comprend des r\u00e9servoirs pour engrais liquides, disponibles dans des capacit\u00e9s allant de 25 m3 \u00e0 100 m3. Elles sont fabriqu\u00e9es en plastique r\u00e9sistant aux compos\u00e9s chimiques. La conception a \u00e9t\u00e9 \u00e9tudi\u00e9e de mani\u00e8re \u00e0 faciliter la vidange compl\u00e8te de l&rsquo;int\u00e9rieur et \u00e0 emp\u00eacher la formation de d\u00e9p\u00f4ts. Le r\u00e9servoir d&rsquo;engrais liquide de notre [&hellip;]?\" \/>\n<meta property=\"og:url\" content=\"https:\/\/cgh.com.pl\/fr\/reservoirs-dengrais\" \/>\n<meta property=\"og:site_name\" content=\"CGH Group Sp. z o.o.\" \/>\n<meta property=\"article:modified_time\" content=\"2023-10-03T21:42:29+00:00\" \/>\n<meta property=\"og:image\" content=\"https:\/\/cgh.com.pl\/fr\/wp-content\/uploads\/2021\/06\/Tanks-for-liquid-fertilizers-1024x368.jpg\" \/>\n<meta name=\"twitter:card\" content=\"summary_large_image\" \/>\n<meta name=\"twitter:label1\" content=\"Dur\u00e9e de lecture estim\u00e9e\" \/>\n\t<meta name=\"twitter:data1\" content=\"2 minutes\" \/>\n<script type=\"application\/ld+json\" class=\"yoast-schema-graph\">{\"@context\":\"https:\/\/schema.org\",\"@graph\":[{\"@type\":\"WebPage\",\"@id\":\"https:\/\/cgh.com.pl\/fr\/reservoirs-dengrais\",\"url\":\"https:\/\/cgh.com.pl\/fr\/reservoirs-dengrais\",\"name\":\"R\u00e9servoirs d'engrais - CGH Group Sp. z o.o.\",\"isPartOf\":{\"@id\":\"https:\/\/cgh.com.pl\/fr\/#website\"},\"primaryImageOfPage\":{\"@id\":\"https:\/\/cgh.com.pl\/fr\/reservoirs-dengrais#primaryimage\"},\"image\":{\"@id\":\"https:\/\/cgh.com.pl\/fr\/reservoirs-dengrais#primaryimage\"},\"thumbnailUrl\":\"https:\/\/cgh.com.pl\/fr\/wp-content\/uploads\/2021\/06\/Tanks-for-liquid-fertilizers-1024x368.jpg\",\"datePublished\":\"2020-11-24T22:20:39+00:00\",\"dateModified\":\"2023-10-03T21:42:29+00:00\",\"breadcrumb\":{\"@id\":\"https:\/\/cgh.com.pl\/fr\/reservoirs-dengrais#breadcrumb\"},\"inLanguage\":\"fr-FR\",\"potentialAction\":[{\"@type\":\"ReadAction\",\"target\":[\"https:\/\/cgh.com.pl\/fr\/reservoirs-dengrais\"]}]},{\"@type\":\"ImageObject\",\"inLanguage\":\"fr-FR\",\"@id\":\"https:\/\/cgh.com.pl\/fr\/reservoirs-dengrais#primaryimage\",\"url\":\"https:\/\/cgh.com.pl\/fr\/wp-content\/uploads\/2021\/06\/Tanks-for-liquid-fertilizers.jpg\",\"contentUrl\":\"https:\/\/cgh.com.pl\/fr\/wp-content\/uploads\/2021\/06\/Tanks-for-liquid-fertilizers.jpg\",\"width\":1280,\"height\":460,\"caption\":\"Tanks for liquid fertilizers\"},{\"@type\":\"BreadcrumbList\",\"@id\":\"https:\/\/cgh.com.pl\/fr\/reservoirs-dengrais#breadcrumb\",\"itemListElement\":[{\"@type\":\"ListItem\",\"position\":1,\"name\":\"Strona g\u0142\u00f3wna\",\"item\":\"https:\/\/cgh.com.pl\/fr\/\"},{\"@type\":\"ListItem\",\"position\":2,\"name\":\"R\u00e9servoirs d&#8217;engrais\"}]},{\"@type\":\"WebSite\",\"@id\":\"https:\/\/cgh.com.pl\/fr\/#website\",\"url\":\"https:\/\/cgh.com.pl\/fr\/\",\"name\":\"CGH Group Sp. z o.o.\",\"description\":\"\",\"publisher\":{\"@id\":\"https:\/\/cgh.com.pl\/fr\/#organization\"},\"potentialAction\":[{\"@type\":\"SearchAction\",\"target\":{\"@type\":\"EntryPoint\",\"urlTemplate\":\"https:\/\/cgh.com.pl\/fr\/?s={search_term_string}\"},\"query-input\":{\"@type\":\"PropertyValueSpecification\",\"valueRequired\":true,\"valueName\":\"search_term_string\"}}],\"inLanguage\":\"fr-FR\"},{\"@type\":\"Organization\",\"@id\":\"https:\/\/cgh.com.pl\/fr\/#organization\",\"name\":\"CGH Group Sp. z o.o.\",\"url\":\"https:\/\/cgh.com.pl\/fr\/\",\"logo\":{\"@type\":\"ImageObject\",\"inLanguage\":\"fr-FR\",\"@id\":\"https:\/\/cgh.com.pl\/fr\/#\/schema\/logo\/image\/\",\"url\":\"https:\/\/cgh.com.pl\/fr\/wp-content\/uploads\/2023\/05\/logoCGH.png\",\"contentUrl\":\"https:\/\/cgh.com.pl\/fr\/wp-content\/uploads\/2023\/05\/logoCGH.png\",\"width\":449,\"height\":162,\"caption\":\"CGH Group Sp. z o.o.\"},\"image\":{\"@id\":\"https:\/\/cgh.com.pl\/fr\/#\/schema\/logo\/image\/\"}}]}<\/script>\n<!-- \/ Yoast SEO plugin. -->","yoast_head_json":{"title":"R\u00e9servoirs d'engrais - CGH Group Sp. z o.o.","robots":{"index":"index","follow":"follow","max-snippet":"max-snippet:-1","max-image-preview":"max-image-preview:large","max-video-preview":"max-video-preview:-1"},"canonical":"https:\/\/cgh.com.pl\/fr\/reservoirs-dengrais","og_locale":"fr_FR","og_type":"article","og_title":"R\u00e9servoirs d'engrais - CGH Group Sp. z o.o.","og_description":"L&rsquo;offre pr\u00e9sent\u00e9e comprend des r\u00e9servoirs pour engrais liquides, disponibles dans des capacit\u00e9s allant de 25 m3 \u00e0 100 m3. Elles sont fabriqu\u00e9es en plastique r\u00e9sistant aux compos\u00e9s chimiques. La conception a \u00e9t\u00e9 \u00e9tudi\u00e9e de mani\u00e8re \u00e0 faciliter la vidange compl\u00e8te de l&rsquo;int\u00e9rieur et \u00e0 emp\u00eacher la formation de d\u00e9p\u00f4ts. Le r\u00e9servoir d&rsquo;engrais liquide de notre [&hellip;]?","og_url":"https:\/\/cgh.com.pl\/fr\/reservoirs-dengrais","og_site_name":"CGH Group Sp. z o.o.","article_modified_time":"2023-10-03T21:42:29+00:00","og_image":[{"url":"https:\/\/cgh.com.pl\/fr\/wp-content\/uploads\/2021\/06\/Tanks-for-liquid-fertilizers-1024x368.jpg","type":"","width":"","height":""}],"twitter_card":"summary_large_image","twitter_misc":{"Dur\u00e9e de lecture estim\u00e9e":"2 minutes"},"schema":{"@context":"https:\/\/schema.org","@graph":[{"@type":"WebPage","@id":"https:\/\/cgh.com.pl\/fr\/reservoirs-dengrais","url":"https:\/\/cgh.com.pl\/fr\/reservoirs-dengrais","name":"R\u00e9servoirs d'engrais - CGH Group Sp. z o.o.","isPartOf":{"@id":"https:\/\/cgh.com.pl\/fr\/#website"},"primaryImageOfPage":{"@id":"https:\/\/cgh.com.pl\/fr\/reservoirs-dengrais#primaryimage"},"image":{"@id":"https:\/\/cgh.com.pl\/fr\/reservoirs-dengrais#primaryimage"},"thumbnailUrl":"https:\/\/cgh.com.pl\/fr\/wp-content\/uploads\/2021\/06\/Tanks-for-liquid-fertilizers-1024x368.jpg","datePublished":"2020-11-24T22:20:39+00:00","dateModified":"2023-10-03T21:42:29+00:00","breadcrumb":{"@id":"https:\/\/cgh.com.pl\/fr\/reservoirs-dengrais#breadcrumb"},"inLanguage":"fr-FR","potentialAction":[{"@type":"ReadAction","target":["https:\/\/cgh.com.pl\/fr\/reservoirs-dengrais"]}]},{"@type":"ImageObject","inLanguage":"fr-FR","@id":"https:\/\/cgh.com.pl\/fr\/reservoirs-dengrais#primaryimage","url":"https:\/\/cgh.com.pl\/fr\/wp-content\/uploads\/2021\/06\/Tanks-for-liquid-fertilizers.jpg","contentUrl":"https:\/\/cgh.com.pl\/fr\/wp-content\/uploads\/2021\/06\/Tanks-for-liquid-fertilizers.jpg","width":1280,"height":460,"caption":"Tanks for liquid fertilizers"},{"@type":"BreadcrumbList","@id":"https:\/\/cgh.com.pl\/fr\/reservoirs-dengrais#breadcrumb","itemListElement":[{"@type":"ListItem","position":1,"name":"Strona g\u0142\u00f3wna","item":"https:\/\/cgh.com.pl\/fr\/"},{"@type":"ListItem","position":2,"name":"R\u00e9servoirs d&#8217;engrais"}]},{"@type":"WebSite","@id":"https:\/\/cgh.com.pl\/fr\/#website","url":"https:\/\/cgh.com.pl\/fr\/","name":"CGH Group Sp. z o.o.","description":"","publisher":{"@id":"https:\/\/cgh.com.pl\/fr\/#organization"},"potentialAction":[{"@type":"SearchAction","target":{"@type":"EntryPoint","urlTemplate":"https:\/\/cgh.com.pl\/fr\/?s={search_term_string}"},"query-input":{"@type":"PropertyValueSpecification","valueRequired":true,"valueName":"search_term_string"}}],"inLanguage":"fr-FR"},{"@type":"Organization","@id":"https:\/\/cgh.com.pl\/fr\/#organization","name":"CGH Group Sp. z o.o.","url":"https:\/\/cgh.com.pl\/fr\/","logo":{"@type":"ImageObject","inLanguage":"fr-FR","@id":"https:\/\/cgh.com.pl\/fr\/#\/schema\/logo\/image\/","url":"https:\/\/cgh.com.pl\/fr\/wp-content\/uploads\/2023\/05\/logoCGH.png","contentUrl":"https:\/\/cgh.com.pl\/fr\/wp-content\/uploads\/2023\/05\/logoCGH.png","width":449,"height":162,"caption":"CGH Group Sp. z o.o."},"image":{"@id":"https:\/\/cgh.com.pl\/fr\/#\/schema\/logo\/image\/"}}]}},"_links":{"self":[{"href":"https:\/\/cgh.com.pl\/fr\/wp-json\/wp\/v2\/pages\/34","targetHints":{"allow":["GET"]}}],"collection":[{"href":"https:\/\/cgh.com.pl\/fr\/wp-json\/wp\/v2\/pages"}],"about":[{"href":"https:\/\/cgh.com.pl\/fr\/wp-json\/wp\/v2\/types\/page"}],"author":[{"embeddable":true,"href":"https:\/\/cgh.com.pl\/fr\/wp-json\/wp\/v2\/users\/1"}],"replies":[{"embeddable":true,"href":"https:\/\/cgh.com.pl\/fr\/wp-json\/wp\/v2\/comments?post=34"}],"version-history":[{"count":16,"href":"https:\/\/cgh.com.pl\/fr\/wp-json\/wp\/v2\/pages\/34\/revisions"}],"predecessor-version":[{"id":4789,"href":"https:\/\/cgh.com.pl\/fr\/wp-json\/wp\/v2\/pages\/34\/revisions\/4789"}],"wp:attachment":[{"href":"https:\/\/cgh.com.pl\/fr\/wp-json\/wp\/v2\/media?parent=34"}],"curies":[{"name":"wp","href":"https:\/\/api.w.org\/{rel}","templated":true}]}}