{"id":342,"date":"2020-12-06T23:07:12","date_gmt":"2020-12-06T22:07:12","guid":{"rendered":"https:\/\/cgh.com.pl\/fr\/?page_id=342"},"modified":"2026-03-10T12:46:41","modified_gmt":"2026-03-10T11:46:41","slug":"technologie","status":"publish","type":"page","link":"https:\/\/cgh.com.pl\/fr\/technologie","title":{"rendered":"Technologie"},"content":{"rendered":"<div class=\"wp-block-image\">\n<figure class=\"aligncenter size-full\"><img decoding=\"async\" width=\"1896\" height=\"578\" data-src=\"https:\/\/cgh.com.pl\/fr\/wp-content\/uploads\/2021\/06\/Welding-under-the-flux-the-ARC-welding-method.jpg\" alt=\"Technologie - soudage sous flux - m\u00e9thode de soudage ARC\" class=\"wp-image-1863 img-fluid lazyload\" title=\"Technology - welding with fuse agent - ARC welding method\" data-srcset=\"https:\/\/cgh.com.pl\/fr\/wp-content\/uploads\/2021\/06\/Welding-under-the-flux-the-ARC-welding-method.jpg 1896w, https:\/\/cgh.com.pl\/fr\/wp-content\/uploads\/2021\/06\/Welding-under-the-flux-the-ARC-welding-method-300x91.jpg 300w, https:\/\/cgh.com.pl\/fr\/wp-content\/uploads\/2021\/06\/Welding-under-the-flux-the-ARC-welding-method-1024x312.jpg 1024w, https:\/\/cgh.com.pl\/fr\/wp-content\/uploads\/2021\/06\/Welding-under-the-flux-the-ARC-welding-method-768x234.jpg 768w, https:\/\/cgh.com.pl\/fr\/wp-content\/uploads\/2021\/06\/Welding-under-the-flux-the-ARC-welding-method-1536x468.jpg 1536w\" data-sizes=\"(max-width: 1896px) 100vw, 1896px\" src=\"data:image\/svg+xml;base64,PHN2ZyB3aWR0aD0iMSIgaGVpZ2h0PSIxIiB4bWxucz0iaHR0cDovL3d3dy53My5vcmcvMjAwMC9zdmciPjwvc3ZnPg==\" style=\"--smush-placeholder-width: 1896px; --smush-placeholder-aspect-ratio: 1896\/578;\" \/><figcaption class=\"wp-element-caption\">Soudage \u00e0 l&rsquo;arc sous flux (soudage ARC)<\/figcaption><\/figure><\/div>\n\n\n<h4 class=\"wp-block-heading\" id=\"technologie-spawania\">Technologies de soudage:<\/h4>\n\n\n\n<p><em><em><em>CGH Polska est l&rsquo;un des rares fabricants de r\u00e9servoirs en Europe qui poss\u00e8de et utilise des technologies de soudage approuv\u00e9es pour les aciers aust\u00e9nitiques (inoxydables) sous flux &#8211; m\u00e9thode 121. En outre, nous poss\u00e9dons des technologies de soudage approuv\u00e9es pour les aciers \u00e0 faible teneur en carbone pour travailler \u00e0 -50 \u00b0C avec les m\u00e9thodes suivantes : sous flux &#8211; m\u00e9thode 121, MIG-MAG &#8211; m\u00e9thode 135, TIG &#8211; m\u00e9thode 141.<\/em><\/em><\/em><\/p>\n\n\n\n<p><\/p>\n\n\n<div class=\"wp-block-image\">\n<figure class=\"aligncenter size-full\"><img decoding=\"async\" width=\"1280\" height=\"276\" data-src=\"https:\/\/cgh.com.pl\/fr\/wp-content\/uploads\/2021\/06\/Technology-CGH-Polska-production-hall.jpg\" alt=\"Technologie - CGH Polska\" class=\"wp-image-1874 img-fluid lazyload\" title=\"Technology\" data-srcset=\"https:\/\/cgh.com.pl\/fr\/wp-content\/uploads\/2021\/06\/Technology-CGH-Polska-production-hall.jpg 1280w, https:\/\/cgh.com.pl\/fr\/wp-content\/uploads\/2021\/06\/Technology-CGH-Polska-production-hall-300x65.jpg 300w, https:\/\/cgh.com.pl\/fr\/wp-content\/uploads\/2021\/06\/Technology-CGH-Polska-production-hall-1024x221.jpg 1024w, https:\/\/cgh.com.pl\/fr\/wp-content\/uploads\/2021\/06\/Technology-CGH-Polska-production-hall-768x166.jpg 768w\" data-sizes=\"(max-width: 1280px) 100vw, 1280px\" src=\"data:image\/svg+xml;base64,PHN2ZyB3aWR0aD0iMSIgaGVpZ2h0PSIxIiB4bWxucz0iaHR0cDovL3d3dy53My5vcmcvMjAwMC9zdmciPjwvc3ZnPg==\" style=\"--smush-placeholder-width: 1280px; --smush-placeholder-aspect-ratio: 1280\/276;\" \/><figcaption class=\"wp-element-caption\">Technologie &#8211; CGH Polska<\/figcaption><\/figure><\/div>\n\n\n<div style=\"height:10px\" aria-hidden=\"true\" class=\"wp-block-spacer\"><\/div>\n\n\n\n<p><strong><strong>Notre atout est un produit de qualit\u00e9 sup\u00e9rieure obtenu gr\u00e2ce \u00e0 une technologie moderne:<\/strong><\/strong><\/p>\n\n\n\n<ul class=\"wp-block-list\">\n<li>Ligne de production automatique de Heinrichgl\u00fcck, garantissant un assemblage parfait.<\/li>\n\n\n\n<li>L&rsquo;ex\u00e9cution de soudures internes et externes par soudage \u00e0 l&rsquo;arc submerg\u00e9 en utilisant des mat\u00e9riaux de soudage de la plus haute qualit\u00e9.<\/li>\n\n\n\n<li>Nettoyage de surface selon le grade Sa 2.5 conform\u00e9ment \u00e0 la norme ISO 8501-1<\/li>\n\n\n\n<li>Application automatique d&rsquo;une isolation ext\u00e9rieure de type PUR<\/li>\n\n\n\n<li>Essais non destructifs des joints soud\u00e9s et de l&rsquo;int\u00e9grit\u00e9 de l&rsquo;enveloppe ext\u00e9rieure \u00e0 10 kV<\/li>\n<\/ul>\n\n\n\n<div style=\"height:10px\" aria-hidden=\"true\" class=\"wp-block-spacer\"><\/div>\n\n\n\n<h4 class=\"wp-block-heading\" id=\"hala-malarni\"><strong>Atelier de peinture<\/strong><\/h4>\n\n\n\n<p>L&rsquo;atelier de peinture le plus grand et le plus moderne de la r\u00e9gion, d&rsquo;une superficie de 2 600 m2, est \u00e9quip\u00e9 de deux cabines de sablage automatis\u00e9es (7,5 x 6 x 25 m), d&rsquo;une cabine de peinture PUR (8,5 x 6 x 25 m), de trois cabines de peinture humide (7,5 x 6 x 25 m), d&rsquo;une station d&rsquo;assemblage final, d&rsquo;un entrep\u00f4t de peinture de plusieurs tonnes et d&rsquo;installations de bien-\u00eatre pour le personnel.<\/p>\n\n\n\n<div class=\"photos\">\n<div class=\"first-zoom-photo\">\n<p style=\"text-align: center;font-size:10px;margin:0;padding:0;\"><img decoding=\"async\" data-src=\"https:\/\/cgh.com.pl\/fr\/wp-content\/uploads\/2021\/06\/Painting-hall.jpg\" alt=\"Technologie - atelier de peinture\" src=\"data:image\/svg+xml;base64,PHN2ZyB3aWR0aD0iMSIgaGVpZ2h0PSIxIiB4bWxucz0iaHR0cDovL3d3dy53My5vcmcvMjAwMC9zdmciPjwvc3ZnPg==\" class=\"lazyload\" style=\"--smush-placeholder-width: 800px; --smush-placeholder-aspect-ratio: 800\/450;\"><\/p>\n\n<div><\/div>\n<\/div>\n<div>\n\n\n<div><\/div>\n<\/div>\n<div>\n\n\n<div><\/div>\n<\/div>\n<div class=\"pair\">\n\n\n<div><\/div>\n<div><\/div>\n<\/div>\n<\/div>\n\n\n\n<div style=\"height:20px\" aria-hidden=\"true\" class=\"wp-block-spacer\"><\/div>\n\n\n\n<h4 class=\"wp-block-heading\" id=\"komory-srutownicze\"><strong>Chambres de grenaillage<\/strong><\/h4>\n\n\n\n<p>Deux chambres de sablage, mesurant chacune 7,5 x 6 x 25 m, \u00e9quip\u00e9es de quatre buses de sablage en continu, d&rsquo;un plancher de raclage avec syst\u00e8me de recirculation de la grenaille et d&rsquo;une ventilation \u00e0 haute efficacit\u00e9 pour assurer l&rsquo;\u00e9limination des poussi\u00e8res pendant le processus de sablage.<\/p>\n\n\n\n<div class=\"photos\">\n<div class=\"first-zoom-photo\">\n<p style=\"text-align: center;font-size:10px;margin:0;padding:0;\"><img decoding=\"async\" data-src=\"https:\/\/cgh.com.pl\/fr\/wp-content\/uploads\/2021\/06\/Grit-blasting-chamber.jpg\" alt=\"Chambres de grenaillage\" src=\"data:image\/svg+xml;base64,PHN2ZyB3aWR0aD0iMSIgaGVpZ2h0PSIxIiB4bWxucz0iaHR0cDovL3d3dy53My5vcmcvMjAwMC9zdmciPjwvc3ZnPg==\" class=\"lazyload\" style=\"--smush-placeholder-width: 800px; --smush-placeholder-aspect-ratio: 800\/448;\"><\/p>\n\n<div><\/div>\n<\/div>\n<div>\n\n<p style=\"text-align: center;font-size:10px;margin:0;padding:0;\"><img decoding=\"async\" data-src=\"https:\/\/cgh.com.pl\/fr\/wp-content\/uploads\/2021\/06\/Grit-blasting-chamber-1.jpg\" alt=\"Chambres de grenaillage\" src=\"data:image\/svg+xml;base64,PHN2ZyB3aWR0aD0iMSIgaGVpZ2h0PSIxIiB4bWxucz0iaHR0cDovL3d3dy53My5vcmcvMjAwMC9zdmciPjwvc3ZnPg==\" class=\"lazyload\" style=\"--smush-placeholder-width: 800px; --smush-placeholder-aspect-ratio: 800\/448;\"><\/p>\n<div><\/div>\n<\/div>\n<div>\n\n\n<div><\/div>\n<\/div>\n<div class=\"pair\">\n\n\n<div><\/div>\n<div><\/div>\n<\/div>\n<\/div>\n\n\n\n<div style=\"height:20px\" aria-hidden=\"true\" class=\"wp-block-spacer\"><\/div>\n\n\n\n<h4 class=\"wp-block-heading\" id=\"komory-do-nakladania-powloki-pur\">Chambres de rev\u00eatement PUR<\/h4>\n\n\n\n<p>La chambre de 8,5 x 6 x 25 m pour l&rsquo;application de rev\u00eatements PUR est \u00e9quip\u00e9e d&rsquo;un syst\u00e8me de rotateurs int\u00e9gr\u00e9s \u00e0 la buse de peinture, assurant une application automatique de la peinture. La chambre contient un syst\u00e8me de ventilation m\u00e9canique avec r\u00e9cup\u00e9ration, gr\u00e2ce auquel la s\u00e9curit\u00e9 des peintres est assur\u00e9e, ainsi que des conditions climatiques garanties pendant la peinture.<\/p>\n\n\n\n<div class=\"photos\">\n<div class=\"first-zoom-photo\">\n<p style=\"text-align: center;font-size:10px;margin:0;padding:0;\"><img decoding=\"async\" data-src=\"https:\/\/cgh.com.pl\/fr\/wp-content\/uploads\/2021\/06\/PUR-coating-chamber.jpg\" alt=\"Chambres de rev\u00eatement PUR\" src=\"data:image\/svg+xml;base64,PHN2ZyB3aWR0aD0iMSIgaGVpZ2h0PSIxIiB4bWxucz0iaHR0cDovL3d3dy53My5vcmcvMjAwMC9zdmciPjwvc3ZnPg==\" class=\"lazyload\" style=\"--smush-placeholder-width: 800px; --smush-placeholder-aspect-ratio: 800\/450;\"><\/p>\n\n<div><\/div>\n<\/div>\n<div>\n\n<p style=\"text-align: center;font-size:10px;margin:0;padding:0;\"><img decoding=\"async\" data-src=\"https:\/\/cgh.com.pl\/fr\/wp-content\/uploads\/2021\/06\/PUR-coating-chamber-1.jpg\" alt=\"Chambres de rev\u00eatement PUR\" src=\"data:image\/svg+xml;base64,PHN2ZyB3aWR0aD0iMSIgaGVpZ2h0PSIxIiB4bWxucz0iaHR0cDovL3d3dy53My5vcmcvMjAwMC9zdmciPjwvc3ZnPg==\" class=\"lazyload\" style=\"--smush-placeholder-width: 800px; --smush-placeholder-aspect-ratio: 800\/450;\"><\/p>\n<div><\/div>\n<\/div>\n<div>\n\n\n<div><\/div>\n<\/div>\n<div class=\"pair\">\n\n\n<div><\/div>\n<div><\/div>\n<\/div>\n<\/div>\n\n\n\n<div style=\"height:20px\" aria-hidden=\"true\" class=\"wp-block-spacer\"><\/div>\n\n\n\n<h4 class=\"wp-block-heading\" id=\"komory-malarskie\"><strong>Chambres de peinture<\/strong><\/h4>\n\n\n\n<p>Trois chambres de peinture, chacune mesurant 7,5 x 6 x 25 m, \u00e9quip\u00e9es d&rsquo;un syst\u00e8me de ventilation par r\u00e9cup\u00e9ration pour contr\u00f4ler les conditions climatiques pendant le processus de peinture et de s\u00e9chage.<\/p>\n\n\n\n<div class=\"photos\">\n<div class=\"first-zoom-photo\">\n<p style=\"text-align: center;font-size:10px;margin:0;padding:0;\"><img decoding=\"async\" data-src=\"https:\/\/cgh.com.pl\/fr\/wp-content\/uploads\/2021\/06\/Painting-chambers.jpg\" alt=\"Chambres de peinture\" src=\"data:image\/svg+xml;base64,PHN2ZyB3aWR0aD0iMSIgaGVpZ2h0PSIxIiB4bWxucz0iaHR0cDovL3d3dy53My5vcmcvMjAwMC9zdmciPjwvc3ZnPg==\" class=\"lazyload\" style=\"--smush-placeholder-width: 800px; --smush-placeholder-aspect-ratio: 800\/452;\"><\/p>\n\n<div><\/div>\n<\/div>\n<div>\n\n<p style=\"text-align: center;font-size:10px;margin:0;padding:0;\"><img decoding=\"async\" data-src=\"https:\/\/cgh.com.pl\/fr\/wp-content\/uploads\/2021\/06\/Painting-chambers-1.jpg\" alt=\"Chambres de peinture\" src=\"data:image\/svg+xml;base64,PHN2ZyB3aWR0aD0iMSIgaGVpZ2h0PSIxIiB4bWxucz0iaHR0cDovL3d3dy53My5vcmcvMjAwMC9zdmciPjwvc3ZnPg==\" class=\"lazyload\" style=\"--smush-placeholder-width: 800px; --smush-placeholder-aspect-ratio: 800\/452;\"><\/p>\n<div><\/div>\n<\/div>\n<div>\n<p style=\"text-align: center;font-size:10px;margin:0;padding:0;\"><img decoding=\"async\" data-src=\"https:\/\/cgh.com.pl\/fr\/wp-content\/uploads\/2021\/06\/Painting-chambers-2.jpg\" alt=\"Chambres de peinture\" src=\"data:image\/svg+xml;base64,PHN2ZyB3aWR0aD0iMSIgaGVpZ2h0PSIxIiB4bWxucz0iaHR0cDovL3d3dy53My5vcmcvMjAwMC9zdmciPjwvc3ZnPg==\" class=\"lazyload\" style=\"--smush-placeholder-width: 800px; --smush-placeholder-aspect-ratio: 800\/452;\"><\/p>\n\n<div><\/div>\n<\/div>\n<div class=\"pair\">\n\n\n<div><\/div>\n<div><\/div>\n<\/div>\n<\/div>\n\n\n\n<div style=\"height:20px\" aria-hidden=\"true\" class=\"wp-block-spacer\"><\/div>\n\n\n\n<h4 class=\"wp-block-heading\" id=\"stanowisko-do-montazu-koncowego\">Station d&rsquo;assemblage final<\/h4>\n\n\n\n<p>Stands pour l&rsquo;assemblage final des couvercles, de la tuyauterie et des plates-formes, ainsi que pour l&rsquo;inspection finale et les essais d&rsquo;\u00e9tanch\u00e9it\u00e9 des raccords.<\/p>\n\n\n\n<div class=\"photos\">\n<div class=\"first-zoom-photo\">\n<p style=\"text-align: center;font-size:10px;margin:0;padding:0;\"><img decoding=\"async\" data-src=\"https:\/\/cgh.com.pl\/fr\/wp-content\/uploads\/2021\/06\/Assembly-area.jpg\" alt=\"Station d'assemblage final\" src=\"data:image\/svg+xml;base64,PHN2ZyB3aWR0aD0iMSIgaGVpZ2h0PSIxIiB4bWxucz0iaHR0cDovL3d3dy53My5vcmcvMjAwMC9zdmciPjwvc3ZnPg==\" class=\"lazyload\" style=\"--smush-placeholder-width: 800px; --smush-placeholder-aspect-ratio: 800\/452;\"><\/p>\n\n<div><\/div>\n<\/div>\n<div>\n\n<p style=\"text-align: center;font-size:10px;margin:0;padding:0;\"><img decoding=\"async\" data-src=\"https:\/\/cgh.com.pl\/fr\/wp-content\/uploads\/2021\/06\/Assembly-area-1.jpg\" alt=\"Station d'assemblage final\" src=\"data:image\/svg+xml;base64,PHN2ZyB3aWR0aD0iMSIgaGVpZ2h0PSIxIiB4bWxucz0iaHR0cDovL3d3dy53My5vcmcvMjAwMC9zdmciPjwvc3ZnPg==\" class=\"lazyload\" style=\"--smush-placeholder-width: 800px; --smush-placeholder-aspect-ratio: 800\/452;\"><\/p>\n<div><\/div>\n<\/div>\n<div>\n\n\n<div><\/div>\n<\/div>\n<div class=\"pair\">\n\n\n<div><\/div>\n<div><\/div>\n<\/div>\n<\/div>\n\n\n\n<div style=\"height:20px\" aria-hidden=\"true\" class=\"wp-block-spacer\"><\/div>\n\n\n\n<h4 class=\"wp-block-heading\" id=\"robot-spawalniczy\"><strong>Robot de soudage<\/strong><\/h4>\n\n\n\n<div class=\"photos\">\n<div class=\"first-zoom-photo\">\n<p style=\"text-align: center;font-size:10px;margin:0;padding:0;\"><img decoding=\"async\" data-src=\"https:\/\/cgh.com.pl\/fr\/wp-content\/uploads\/2021\/06\/Robots.jpg\" alt=\"Robot de soudage\" src=\"data:image\/svg+xml;base64,PHN2ZyB3aWR0aD0iMSIgaGVpZ2h0PSIxIiB4bWxucz0iaHR0cDovL3d3dy53My5vcmcvMjAwMC9zdmciPjwvc3ZnPg==\" class=\"lazyload\" style=\"--smush-placeholder-width: 640px; --smush-placeholder-aspect-ratio: 640\/336;\"><\/p>\n\n<div><\/div>\n<\/div>\n<div>\n\n<div><\/div>\n<\/div>\n<div>\n\n\n<div><\/div>\n<\/div>\n<div class=\"pair\">\n\n\n<div><\/div>\n<div><\/div>\n<\/div>\n<\/div>\n","protected":false},"excerpt":{"rendered":"<p>Technologies de soudage: CGH Polska est l&rsquo;un des rares fabricants de r\u00e9servoirs en Europe qui poss\u00e8de et utilise des technologies de soudage approuv\u00e9es pour les aciers aust\u00e9nitiques (inoxydables) sous flux &#8211; m\u00e9thode 121. En outre, nous poss\u00e9dons des technologies de soudage approuv\u00e9es pour les aciers \u00e0 faible teneur en carbone pour travailler \u00e0 -50 \u00b0C [&hellip;]?<\/p>\n","protected":false},"author":1,"featured_media":0,"parent":0,"menu_order":0,"comment_status":"closed","ping_status":"closed","template":"page-products.php","meta":{"_acf_changed":false,"footnotes":""},"class_list":["post-342","page","type-page","status-publish","hentry"],"acf":[],"yoast_head":"<!-- This site is optimized with the Yoast SEO plugin v26.1.1 - https:\/\/yoast.com\/wordpress\/plugins\/seo\/ -->\n<title>Technologie - CGH Group Sp. z o.o.<\/title>\n<meta name=\"robots\" content=\"index, follow, max-snippet:-1, max-image-preview:large, max-video-preview:-1\" \/>\n<link rel=\"canonical\" href=\"https:\/\/cgh.com.pl\/fr\/technologie\" \/>\n<meta property=\"og:locale\" content=\"fr_FR\" \/>\n<meta property=\"og:type\" content=\"article\" \/>\n<meta property=\"og:title\" content=\"Technologie - CGH Group Sp. z o.o.\" \/>\n<meta property=\"og:description\" content=\"Technologies de soudage: CGH Polska est l&rsquo;un des rares fabricants de r\u00e9servoirs en Europe qui poss\u00e8de et utilise des technologies de soudage approuv\u00e9es pour les aciers aust\u00e9nitiques (inoxydables) sous flux &#8211; m\u00e9thode 121. En outre, nous poss\u00e9dons des technologies de soudage approuv\u00e9es pour les aciers \u00e0 faible teneur en carbone pour travailler \u00e0 -50 \u00b0C [&hellip;]?\" \/>\n<meta property=\"og:url\" content=\"https:\/\/cgh.com.pl\/fr\/technologie\" \/>\n<meta property=\"og:site_name\" content=\"CGH Group Sp. z o.o.\" \/>\n<meta property=\"article:modified_time\" content=\"2026-03-10T11:46:41+00:00\" \/>\n<meta property=\"og:image\" content=\"https:\/\/cgh.com.pl\/fr\/wp-content\/uploads\/2021\/06\/Welding-under-the-flux-the-ARC-welding-method.jpg\" \/>\n\t<meta property=\"og:image:width\" content=\"1896\" \/>\n\t<meta property=\"og:image:height\" content=\"578\" \/>\n\t<meta property=\"og:image:type\" content=\"image\/jpeg\" \/>\n<meta name=\"twitter:card\" content=\"summary_large_image\" \/>\n<meta name=\"twitter:label1\" content=\"Dur\u00e9e de lecture estim\u00e9e\" \/>\n\t<meta name=\"twitter:data1\" content=\"5 minutes\" \/>\n<script type=\"application\/ld+json\" class=\"yoast-schema-graph\">{\"@context\":\"https:\/\/schema.org\",\"@graph\":[{\"@type\":\"WebPage\",\"@id\":\"https:\/\/cgh.com.pl\/fr\/technologie\",\"url\":\"https:\/\/cgh.com.pl\/fr\/technologie\",\"name\":\"Technologie - CGH Group Sp. z o.o.\",\"isPartOf\":{\"@id\":\"https:\/\/cgh.com.pl\/fr\/#website\"},\"primaryImageOfPage\":{\"@id\":\"https:\/\/cgh.com.pl\/fr\/technologie#primaryimage\"},\"image\":{\"@id\":\"https:\/\/cgh.com.pl\/fr\/technologie#primaryimage\"},\"thumbnailUrl\":\"https:\/\/cgh.com.pl\/fr\/wp-content\/uploads\/2021\/06\/Welding-under-the-flux-the-ARC-welding-method.jpg\",\"datePublished\":\"2020-12-06T22:07:12+00:00\",\"dateModified\":\"2026-03-10T11:46:41+00:00\",\"breadcrumb\":{\"@id\":\"https:\/\/cgh.com.pl\/fr\/technologie#breadcrumb\"},\"inLanguage\":\"fr-FR\",\"potentialAction\":[{\"@type\":\"ReadAction\",\"target\":[\"https:\/\/cgh.com.pl\/fr\/technologie\"]}]},{\"@type\":\"ImageObject\",\"inLanguage\":\"fr-FR\",\"@id\":\"https:\/\/cgh.com.pl\/fr\/technologie#primaryimage\",\"url\":\"https:\/\/cgh.com.pl\/fr\/wp-content\/uploads\/2021\/06\/Welding-under-the-flux-the-ARC-welding-method.jpg\",\"contentUrl\":\"https:\/\/cgh.com.pl\/fr\/wp-content\/uploads\/2021\/06\/Welding-under-the-flux-the-ARC-welding-method.jpg\",\"width\":1896,\"height\":578,\"caption\":\"Welding under the flux the ARC welding method\"},{\"@type\":\"BreadcrumbList\",\"@id\":\"https:\/\/cgh.com.pl\/fr\/technologie#breadcrumb\",\"itemListElement\":[{\"@type\":\"ListItem\",\"position\":1,\"name\":\"Strona g\u0142\u00f3wna\",\"item\":\"https:\/\/cgh.com.pl\/fr\/\"},{\"@type\":\"ListItem\",\"position\":2,\"name\":\"Technologie\"}]},{\"@type\":\"WebSite\",\"@id\":\"https:\/\/cgh.com.pl\/fr\/#website\",\"url\":\"https:\/\/cgh.com.pl\/fr\/\",\"name\":\"CGH Group Sp. z o.o.\",\"description\":\"\",\"publisher\":{\"@id\":\"https:\/\/cgh.com.pl\/fr\/#organization\"},\"potentialAction\":[{\"@type\":\"SearchAction\",\"target\":{\"@type\":\"EntryPoint\",\"urlTemplate\":\"https:\/\/cgh.com.pl\/fr\/?s={search_term_string}\"},\"query-input\":{\"@type\":\"PropertyValueSpecification\",\"valueRequired\":true,\"valueName\":\"search_term_string\"}}],\"inLanguage\":\"fr-FR\"},{\"@type\":\"Organization\",\"@id\":\"https:\/\/cgh.com.pl\/fr\/#organization\",\"name\":\"CGH Group Sp. z o.o.\",\"url\":\"https:\/\/cgh.com.pl\/fr\/\",\"logo\":{\"@type\":\"ImageObject\",\"inLanguage\":\"fr-FR\",\"@id\":\"https:\/\/cgh.com.pl\/fr\/#\/schema\/logo\/image\/\",\"url\":\"https:\/\/cgh.com.pl\/fr\/wp-content\/uploads\/2023\/05\/logoCGH.png\",\"contentUrl\":\"https:\/\/cgh.com.pl\/fr\/wp-content\/uploads\/2023\/05\/logoCGH.png\",\"width\":449,\"height\":162,\"caption\":\"CGH Group Sp. z o.o.\"},\"image\":{\"@id\":\"https:\/\/cgh.com.pl\/fr\/#\/schema\/logo\/image\/\"}}]}<\/script>\n<!-- \/ Yoast SEO plugin. -->","yoast_head_json":{"title":"Technologie - CGH Group Sp. z o.o.","robots":{"index":"index","follow":"follow","max-snippet":"max-snippet:-1","max-image-preview":"max-image-preview:large","max-video-preview":"max-video-preview:-1"},"canonical":"https:\/\/cgh.com.pl\/fr\/technologie","og_locale":"fr_FR","og_type":"article","og_title":"Technologie - CGH Group Sp. z o.o.","og_description":"Technologies de soudage: CGH Polska est l&rsquo;un des rares fabricants de r\u00e9servoirs en Europe qui poss\u00e8de et utilise des technologies de soudage approuv\u00e9es pour les aciers aust\u00e9nitiques (inoxydables) sous flux &#8211; m\u00e9thode 121. En outre, nous poss\u00e9dons des technologies de soudage approuv\u00e9es pour les aciers \u00e0 faible teneur en carbone pour travailler \u00e0 -50 \u00b0C [&hellip;]?","og_url":"https:\/\/cgh.com.pl\/fr\/technologie","og_site_name":"CGH Group Sp. z o.o.","article_modified_time":"2026-03-10T11:46:41+00:00","og_image":[{"width":1896,"height":578,"url":"https:\/\/cgh.com.pl\/fr\/wp-content\/uploads\/2021\/06\/Welding-under-the-flux-the-ARC-welding-method.jpg","type":"image\/jpeg"}],"twitter_card":"summary_large_image","twitter_misc":{"Dur\u00e9e de lecture estim\u00e9e":"5 minutes"},"schema":{"@context":"https:\/\/schema.org","@graph":[{"@type":"WebPage","@id":"https:\/\/cgh.com.pl\/fr\/technologie","url":"https:\/\/cgh.com.pl\/fr\/technologie","name":"Technologie - CGH Group Sp. z o.o.","isPartOf":{"@id":"https:\/\/cgh.com.pl\/fr\/#website"},"primaryImageOfPage":{"@id":"https:\/\/cgh.com.pl\/fr\/technologie#primaryimage"},"image":{"@id":"https:\/\/cgh.com.pl\/fr\/technologie#primaryimage"},"thumbnailUrl":"https:\/\/cgh.com.pl\/fr\/wp-content\/uploads\/2021\/06\/Welding-under-the-flux-the-ARC-welding-method.jpg","datePublished":"2020-12-06T22:07:12+00:00","dateModified":"2026-03-10T11:46:41+00:00","breadcrumb":{"@id":"https:\/\/cgh.com.pl\/fr\/technologie#breadcrumb"},"inLanguage":"fr-FR","potentialAction":[{"@type":"ReadAction","target":["https:\/\/cgh.com.pl\/fr\/technologie"]}]},{"@type":"ImageObject","inLanguage":"fr-FR","@id":"https:\/\/cgh.com.pl\/fr\/technologie#primaryimage","url":"https:\/\/cgh.com.pl\/fr\/wp-content\/uploads\/2021\/06\/Welding-under-the-flux-the-ARC-welding-method.jpg","contentUrl":"https:\/\/cgh.com.pl\/fr\/wp-content\/uploads\/2021\/06\/Welding-under-the-flux-the-ARC-welding-method.jpg","width":1896,"height":578,"caption":"Welding under the flux the ARC welding method"},{"@type":"BreadcrumbList","@id":"https:\/\/cgh.com.pl\/fr\/technologie#breadcrumb","itemListElement":[{"@type":"ListItem","position":1,"name":"Strona g\u0142\u00f3wna","item":"https:\/\/cgh.com.pl\/fr\/"},{"@type":"ListItem","position":2,"name":"Technologie"}]},{"@type":"WebSite","@id":"https:\/\/cgh.com.pl\/fr\/#website","url":"https:\/\/cgh.com.pl\/fr\/","name":"CGH Group Sp. z o.o.","description":"","publisher":{"@id":"https:\/\/cgh.com.pl\/fr\/#organization"},"potentialAction":[{"@type":"SearchAction","target":{"@type":"EntryPoint","urlTemplate":"https:\/\/cgh.com.pl\/fr\/?s={search_term_string}"},"query-input":{"@type":"PropertyValueSpecification","valueRequired":true,"valueName":"search_term_string"}}],"inLanguage":"fr-FR"},{"@type":"Organization","@id":"https:\/\/cgh.com.pl\/fr\/#organization","name":"CGH Group Sp. z o.o.","url":"https:\/\/cgh.com.pl\/fr\/","logo":{"@type":"ImageObject","inLanguage":"fr-FR","@id":"https:\/\/cgh.com.pl\/fr\/#\/schema\/logo\/image\/","url":"https:\/\/cgh.com.pl\/fr\/wp-content\/uploads\/2023\/05\/logoCGH.png","contentUrl":"https:\/\/cgh.com.pl\/fr\/wp-content\/uploads\/2023\/05\/logoCGH.png","width":449,"height":162,"caption":"CGH Group Sp. z o.o."},"image":{"@id":"https:\/\/cgh.com.pl\/fr\/#\/schema\/logo\/image\/"}}]}},"_links":{"self":[{"href":"https:\/\/cgh.com.pl\/fr\/wp-json\/wp\/v2\/pages\/342","targetHints":{"allow":["GET"]}}],"collection":[{"href":"https:\/\/cgh.com.pl\/fr\/wp-json\/wp\/v2\/pages"}],"about":[{"href":"https:\/\/cgh.com.pl\/fr\/wp-json\/wp\/v2\/types\/page"}],"author":[{"embeddable":true,"href":"https:\/\/cgh.com.pl\/fr\/wp-json\/wp\/v2\/users\/1"}],"replies":[{"embeddable":true,"href":"https:\/\/cgh.com.pl\/fr\/wp-json\/wp\/v2\/comments?post=342"}],"version-history":[{"count":9,"href":"https:\/\/cgh.com.pl\/fr\/wp-json\/wp\/v2\/pages\/342\/revisions"}],"predecessor-version":[{"id":5278,"href":"https:\/\/cgh.com.pl\/fr\/wp-json\/wp\/v2\/pages\/342\/revisions\/5278"}],"wp:attachment":[{"href":"https:\/\/cgh.com.pl\/fr\/wp-json\/wp\/v2\/media?parent=342"}],"curies":[{"name":"wp","href":"https:\/\/api.w.org\/{rel}","templated":true}]}}