{"id":345,"date":"2020-12-06T23:10:51","date_gmt":"2020-12-06T22:10:51","guid":{"rendered":"https:\/\/cgh.com.pl\/fr\/?page_id=345"},"modified":"2023-12-19T11:41:44","modified_gmt":"2023-12-19T10:41:44","slug":"clients","status":"publish","type":"page","link":"https:\/\/cgh.com.pl\/fr\/clients","title":{"rendered":"Clients"},"content":{"rendered":"\n<p>Nos principaux clients sont des marques mondiales reconnues : PKN Orlen, Neste, Lotos, Statoil, LUKOIL, Shell, BP, TOTAL, Q8, Petrom, Tesco, Carrefour, Intermarche, Auchan. Nous d\u00e9veloppons intensivement les ventes dans le secteur industriel o\u00f9 nous avons acquis des clients tels que PGNiG, PBG, Brenntag, Azoty Pu\u0142awy, Haironville, Nafta Pi\u0142a, Merloni Indesit, OLPP. Nous disposons d&rsquo;un grand nombre de r\u00e9f\u00e9rences.<\/p>\n\n\n\n<div class=\"wp-block-columns is-layout-flex wp-container-core-columns-is-layout-9d6595d7 wp-block-columns-is-layout-flex\">\n<div class=\"wp-block-column is-layout-flow wp-block-column-is-layout-flow\">\n<figure class=\"wp-block-image size-full\"><img decoding=\"async\" width=\"535\" height=\"760\" data-src=\"https:\/\/cgh.com.pl\/fr\/wp-content\/uploads\/2022\/04\/esso-1.jpg\" alt=\"\" class=\"wp-image-3989 img-fluid lazyload\" data-srcset=\"https:\/\/cgh.com.pl\/fr\/wp-content\/uploads\/2022\/04\/esso-1.jpg 535w, https:\/\/cgh.com.pl\/fr\/wp-content\/uploads\/2022\/04\/esso-1-211x300.jpg 211w\" data-sizes=\"(max-width: 535px) 100vw, 535px\" src=\"data:image\/svg+xml;base64,PHN2ZyB3aWR0aD0iMSIgaGVpZ2h0PSIxIiB4bWxucz0iaHR0cDovL3d3dy53My5vcmcvMjAwMC9zdmciPjwvc3ZnPg==\" style=\"--smush-placeholder-width: 535px; --smush-placeholder-aspect-ratio: 535\/760;\" \/><\/figure>\n<\/div>\n\n\n\n<div class=\"wp-block-column is-layout-flow wp-block-column-is-layout-flow\">\n<figure class=\"wp-block-image size-full\"><img decoding=\"async\" width=\"535\" height=\"760\" data-src=\"https:\/\/cgh.com.pl\/fr\/wp-content\/uploads\/2022\/04\/conoco_phillips-1.jpg\" alt=\"\" class=\"wp-image-3990 img-fluid lazyload\" data-srcset=\"https:\/\/cgh.com.pl\/fr\/wp-content\/uploads\/2022\/04\/conoco_phillips-1.jpg 535w, https:\/\/cgh.com.pl\/fr\/wp-content\/uploads\/2022\/04\/conoco_phillips-1-211x300.jpg 211w\" data-sizes=\"(max-width: 535px) 100vw, 535px\" src=\"data:image\/svg+xml;base64,PHN2ZyB3aWR0aD0iMSIgaGVpZ2h0PSIxIiB4bWxucz0iaHR0cDovL3d3dy53My5vcmcvMjAwMC9zdmciPjwvc3ZnPg==\" style=\"--smush-placeholder-width: 535px; --smush-placeholder-aspect-ratio: 535\/760;\" \/><\/figure>\n<\/div>\n\n\n\n<div class=\"wp-block-column is-layout-flow wp-block-column-is-layout-flow\">\n<figure class=\"wp-block-image size-full\"><img decoding=\"async\" width=\"535\" height=\"760\" data-src=\"https:\/\/cgh.com.pl\/fr\/wp-content\/uploads\/2022\/04\/u-cont-1.jpg\" alt=\"\" class=\"wp-image-3991 img-fluid lazyload\" data-srcset=\"https:\/\/cgh.com.pl\/fr\/wp-content\/uploads\/2022\/04\/u-cont-1.jpg 535w, https:\/\/cgh.com.pl\/fr\/wp-content\/uploads\/2022\/04\/u-cont-1-211x300.jpg 211w\" data-sizes=\"(max-width: 535px) 100vw, 535px\" src=\"data:image\/svg+xml;base64,PHN2ZyB3aWR0aD0iMSIgaGVpZ2h0PSIxIiB4bWxucz0iaHR0cDovL3d3dy53My5vcmcvMjAwMC9zdmciPjwvc3ZnPg==\" style=\"--smush-placeholder-width: 535px; --smush-placeholder-aspect-ratio: 535\/760;\" \/><\/figure>\n<\/div>\n\n\n\n<div class=\"wp-block-column is-layout-flow wp-block-column-is-layout-flow\">\n<figure class=\"wp-block-image size-full\"><img decoding=\"async\" width=\"535\" height=\"760\" data-src=\"https:\/\/cgh.com.pl\/fr\/wp-content\/uploads\/2022\/04\/shell-1.jpg\" alt=\"\" class=\"wp-image-3992 img-fluid lazyload\" data-srcset=\"https:\/\/cgh.com.pl\/fr\/wp-content\/uploads\/2022\/04\/shell-1.jpg 535w, https:\/\/cgh.com.pl\/fr\/wp-content\/uploads\/2022\/04\/shell-1-211x300.jpg 211w\" data-sizes=\"(max-width: 535px) 100vw, 535px\" src=\"data:image\/svg+xml;base64,PHN2ZyB3aWR0aD0iMSIgaGVpZ2h0PSIxIiB4bWxucz0iaHR0cDovL3d3dy53My5vcmcvMjAwMC9zdmciPjwvc3ZnPg==\" style=\"--smush-placeholder-width: 535px; --smush-placeholder-aspect-ratio: 535\/760;\" \/><\/figure>\n<\/div>\n<\/div>\n\n\n\n<div class=\"wp-block-columns is-layout-flex wp-container-core-columns-is-layout-9d6595d7 wp-block-columns-is-layout-flex\">\n<div class=\"wp-block-column is-layout-flow wp-block-column-is-layout-flow\">\n<figure class=\"wp-block-image size-full\"><img decoding=\"async\" width=\"535\" height=\"760\" data-src=\"https:\/\/cgh.com.pl\/fr\/wp-content\/uploads\/2022\/04\/Paltech-1.jpg\" alt=\"\" class=\"wp-image-3993 img-fluid lazyload\" data-srcset=\"https:\/\/cgh.com.pl\/fr\/wp-content\/uploads\/2022\/04\/Paltech-1.jpg 535w, https:\/\/cgh.com.pl\/fr\/wp-content\/uploads\/2022\/04\/Paltech-1-211x300.jpg 211w\" data-sizes=\"(max-width: 535px) 100vw, 535px\" src=\"data:image\/svg+xml;base64,PHN2ZyB3aWR0aD0iMSIgaGVpZ2h0PSIxIiB4bWxucz0iaHR0cDovL3d3dy53My5vcmcvMjAwMC9zdmciPjwvc3ZnPg==\" style=\"--smush-placeholder-width: 535px; --smush-placeholder-aspect-ratio: 535\/760;\" \/><\/figure>\n<\/div>\n\n\n\n<div class=\"wp-block-column is-layout-flow wp-block-column-is-layout-flow\">\n<figure class=\"wp-block-image size-full\"><img decoding=\"async\" width=\"535\" height=\"760\" data-src=\"https:\/\/cgh.com.pl\/fr\/wp-content\/uploads\/2022\/04\/coteba-1.jpg\" alt=\"\" class=\"wp-image-3994 img-fluid lazyload\" data-srcset=\"https:\/\/cgh.com.pl\/fr\/wp-content\/uploads\/2022\/04\/coteba-1.jpg 535w, https:\/\/cgh.com.pl\/fr\/wp-content\/uploads\/2022\/04\/coteba-1-211x300.jpg 211w\" data-sizes=\"(max-width: 535px) 100vw, 535px\" src=\"data:image\/svg+xml;base64,PHN2ZyB3aWR0aD0iMSIgaGVpZ2h0PSIxIiB4bWxucz0iaHR0cDovL3d3dy53My5vcmcvMjAwMC9zdmciPjwvc3ZnPg==\" style=\"--smush-placeholder-width: 535px; --smush-placeholder-aspect-ratio: 535\/760;\" \/><\/figure>\n<\/div>\n\n\n\n<div class=\"wp-block-column is-layout-flow wp-block-column-is-layout-flow\">\n<figure class=\"wp-block-image size-full\"><img decoding=\"async\" width=\"535\" height=\"760\" data-src=\"https:\/\/cgh.com.pl\/fr\/wp-content\/uploads\/2022\/04\/Prochem-1.jpg\" alt=\"\" class=\"wp-image-3995 img-fluid lazyload\" data-srcset=\"https:\/\/cgh.com.pl\/fr\/wp-content\/uploads\/2022\/04\/Prochem-1.jpg 535w, https:\/\/cgh.com.pl\/fr\/wp-content\/uploads\/2022\/04\/Prochem-1-211x300.jpg 211w\" data-sizes=\"(max-width: 535px) 100vw, 535px\" src=\"data:image\/svg+xml;base64,PHN2ZyB3aWR0aD0iMSIgaGVpZ2h0PSIxIiB4bWxucz0iaHR0cDovL3d3dy53My5vcmcvMjAwMC9zdmciPjwvc3ZnPg==\" style=\"--smush-placeholder-width: 535px; --smush-placeholder-aspect-ratio: 535\/760;\" \/><\/figure>\n<\/div>\n\n\n\n<div class=\"wp-block-column is-layout-flow wp-block-column-is-layout-flow\">\n<figure class=\"wp-block-image size-full\"><img decoding=\"async\" width=\"535\" height=\"760\" data-src=\"https:\/\/cgh.com.pl\/fr\/wp-content\/uploads\/2022\/04\/Aurex-1.jpg\" alt=\"\" class=\"wp-image-3996 img-fluid lazyload\" data-srcset=\"https:\/\/cgh.com.pl\/fr\/wp-content\/uploads\/2022\/04\/Aurex-1.jpg 535w, https:\/\/cgh.com.pl\/fr\/wp-content\/uploads\/2022\/04\/Aurex-1-211x300.jpg 211w\" data-sizes=\"(max-width: 535px) 100vw, 535px\" src=\"data:image\/svg+xml;base64,PHN2ZyB3aWR0aD0iMSIgaGVpZ2h0PSIxIiB4bWxucz0iaHR0cDovL3d3dy53My5vcmcvMjAwMC9zdmciPjwvc3ZnPg==\" style=\"--smush-placeholder-width: 535px; --smush-placeholder-aspect-ratio: 535\/760;\" \/><\/figure>\n<\/div>\n<\/div>\n\n\n\n<div class=\"wp-block-columns is-layout-flex wp-container-core-columns-is-layout-9d6595d7 wp-block-columns-is-layout-flex\">\n<div class=\"wp-block-column is-layout-flow wp-block-column-is-layout-flow\">\n<figure class=\"wp-block-image size-full\"><img decoding=\"async\" width=\"535\" height=\"760\" data-src=\"https:\/\/cgh.com.pl\/fr\/wp-content\/uploads\/2022\/04\/Jaso-1.jpg\" alt=\"\" class=\"wp-image-3997 img-fluid lazyload\" data-srcset=\"https:\/\/cgh.com.pl\/fr\/wp-content\/uploads\/2022\/04\/Jaso-1.jpg 535w, https:\/\/cgh.com.pl\/fr\/wp-content\/uploads\/2022\/04\/Jaso-1-211x300.jpg 211w\" data-sizes=\"(max-width: 535px) 100vw, 535px\" src=\"data:image\/svg+xml;base64,PHN2ZyB3aWR0aD0iMSIgaGVpZ2h0PSIxIiB4bWxucz0iaHR0cDovL3d3dy53My5vcmcvMjAwMC9zdmciPjwvc3ZnPg==\" style=\"--smush-placeholder-width: 535px; --smush-placeholder-aspect-ratio: 535\/760;\" \/><\/figure>\n<\/div>\n\n\n\n<div class=\"wp-block-column is-layout-flow wp-block-column-is-layout-flow\">\n<figure class=\"wp-block-image size-full\"><img decoding=\"async\" width=\"535\" height=\"760\" data-src=\"https:\/\/cgh.com.pl\/fr\/wp-content\/uploads\/2022\/04\/Remo-Bud-lotnicze-1.jpg\" alt=\"\" class=\"wp-image-3998 img-fluid lazyload\" data-srcset=\"https:\/\/cgh.com.pl\/fr\/wp-content\/uploads\/2022\/04\/Remo-Bud-lotnicze-1.jpg 535w, https:\/\/cgh.com.pl\/fr\/wp-content\/uploads\/2022\/04\/Remo-Bud-lotnicze-1-211x300.jpg 211w\" data-sizes=\"(max-width: 535px) 100vw, 535px\" src=\"data:image\/svg+xml;base64,PHN2ZyB3aWR0aD0iMSIgaGVpZ2h0PSIxIiB4bWxucz0iaHR0cDovL3d3dy53My5vcmcvMjAwMC9zdmciPjwvc3ZnPg==\" style=\"--smush-placeholder-width: 535px; --smush-placeholder-aspect-ratio: 535\/760;\" \/><\/figure>\n<\/div>\n\n\n\n<div class=\"wp-block-column is-layout-flow wp-block-column-is-layout-flow\">\n<figure class=\"wp-block-image size-full\"><img decoding=\"async\" width=\"541\" height=\"765\" data-src=\"https:\/\/cgh.com.pl\/fr\/wp-content\/uploads\/2022\/04\/Tokheim-1.jpg\" alt=\"\" class=\"wp-image-3999 img-fluid lazyload\" data-srcset=\"https:\/\/cgh.com.pl\/fr\/wp-content\/uploads\/2022\/04\/Tokheim-1.jpg 541w, https:\/\/cgh.com.pl\/fr\/wp-content\/uploads\/2022\/04\/Tokheim-1-212x300.jpg 212w\" data-sizes=\"(max-width: 541px) 100vw, 541px\" src=\"data:image\/svg+xml;base64,PHN2ZyB3aWR0aD0iMSIgaGVpZ2h0PSIxIiB4bWxucz0iaHR0cDovL3d3dy53My5vcmcvMjAwMC9zdmciPjwvc3ZnPg==\" style=\"--smush-placeholder-width: 541px; --smush-placeholder-aspect-ratio: 541\/765;\" \/><\/figure>\n<\/div>\n\n\n\n<div class=\"wp-block-column is-layout-flow wp-block-column-is-layout-flow\">\n<figure class=\"wp-block-image size-full\"><img decoding=\"async\" width=\"535\" height=\"760\" data-src=\"https:\/\/cgh.com.pl\/fr\/wp-content\/uploads\/2022\/04\/AlStal-1.jpg\" alt=\"\" class=\"wp-image-4000 img-fluid lazyload\" data-srcset=\"https:\/\/cgh.com.pl\/fr\/wp-content\/uploads\/2022\/04\/AlStal-1.jpg 535w, https:\/\/cgh.com.pl\/fr\/wp-content\/uploads\/2022\/04\/AlStal-1-211x300.jpg 211w\" data-sizes=\"(max-width: 535px) 100vw, 535px\" src=\"data:image\/svg+xml;base64,PHN2ZyB3aWR0aD0iMSIgaGVpZ2h0PSIxIiB4bWxucz0iaHR0cDovL3d3dy53My5vcmcvMjAwMC9zdmciPjwvc3ZnPg==\" style=\"--smush-placeholder-width: 535px; --smush-placeholder-aspect-ratio: 535\/760;\" \/><\/figure>\n<\/div>\n<\/div>\n","protected":false},"excerpt":{"rendered":"<p>Nos principaux clients sont des marques mondiales reconnues : PKN Orlen, Neste, Lotos, Statoil, LUKOIL, Shell, BP, TOTAL, Q8, Petrom, Tesco, Carrefour, Intermarche, Auchan. Nous d\u00e9veloppons intensivement les ventes dans le secteur industriel o\u00f9 nous avons acquis des clients tels que PGNiG, PBG, Brenntag, Azoty Pu\u0142awy, Haironville, Nafta Pi\u0142a, Merloni Indesit, OLPP. Nous disposons d&rsquo;un [&hellip;]?<\/p>\n","protected":false},"author":1,"featured_media":0,"parent":0,"menu_order":0,"comment_status":"closed","ping_status":"closed","template":"page-products.php","meta":{"_acf_changed":false,"footnotes":""},"class_list":["post-345","page","type-page","status-publish","hentry"],"acf":[],"yoast_head":"<!-- This site is optimized with the Yoast SEO plugin v26.1.1 - https:\/\/yoast.com\/wordpress\/plugins\/seo\/ -->\n<title>Clients - CGH Group Sp. z o.o.<\/title>\n<meta name=\"robots\" content=\"index, follow, max-snippet:-1, max-image-preview:large, max-video-preview:-1\" \/>\n<link rel=\"canonical\" href=\"https:\/\/cgh.com.pl\/fr\/clients\" \/>\n<meta property=\"og:locale\" content=\"fr_FR\" \/>\n<meta property=\"og:type\" content=\"article\" \/>\n<meta property=\"og:title\" content=\"Clients - CGH Group Sp. z o.o.\" \/>\n<meta property=\"og:description\" content=\"Nos principaux clients sont des marques mondiales reconnues : PKN Orlen, Neste, Lotos, Statoil, LUKOIL, Shell, BP, TOTAL, Q8, Petrom, Tesco, Carrefour, Intermarche, Auchan. Nous d\u00e9veloppons intensivement les ventes dans le secteur industriel o\u00f9 nous avons acquis des clients tels que PGNiG, PBG, Brenntag, Azoty Pu\u0142awy, Haironville, Nafta Pi\u0142a, Merloni Indesit, OLPP. Nous disposons d&rsquo;un [&hellip;]?\" \/>\n<meta property=\"og:url\" content=\"https:\/\/cgh.com.pl\/fr\/clients\" \/>\n<meta property=\"og:site_name\" content=\"CGH Group Sp. z o.o.\" \/>\n<meta property=\"article:modified_time\" content=\"2023-12-19T10:41:44+00:00\" \/>\n<meta property=\"og:image\" content=\"https:\/\/cgh.com.pl\/fr\/wp-content\/uploads\/2022\/04\/esso-1.jpg\" \/>\n<meta name=\"twitter:card\" content=\"summary_large_image\" \/>\n<meta name=\"twitter:label1\" content=\"Dur\u00e9e de lecture estim\u00e9e\" \/>\n\t<meta name=\"twitter:data1\" content=\"3 minutes\" \/>\n<script type=\"application\/ld+json\" class=\"yoast-schema-graph\">{\"@context\":\"https:\/\/schema.org\",\"@graph\":[{\"@type\":\"WebPage\",\"@id\":\"https:\/\/cgh.com.pl\/fr\/clients\",\"url\":\"https:\/\/cgh.com.pl\/fr\/clients\",\"name\":\"Clients - CGH Group Sp. z o.o.\",\"isPartOf\":{\"@id\":\"https:\/\/cgh.com.pl\/fr\/#website\"},\"primaryImageOfPage\":{\"@id\":\"https:\/\/cgh.com.pl\/fr\/clients#primaryimage\"},\"image\":{\"@id\":\"https:\/\/cgh.com.pl\/fr\/clients#primaryimage\"},\"thumbnailUrl\":\"https:\/\/cgh.com.pl\/fr\/wp-content\/uploads\/2022\/04\/esso-1.jpg\",\"datePublished\":\"2020-12-06T22:10:51+00:00\",\"dateModified\":\"2023-12-19T10:41:44+00:00\",\"breadcrumb\":{\"@id\":\"https:\/\/cgh.com.pl\/fr\/clients#breadcrumb\"},\"inLanguage\":\"fr-FR\",\"potentialAction\":[{\"@type\":\"ReadAction\",\"target\":[\"https:\/\/cgh.com.pl\/fr\/clients\"]}]},{\"@type\":\"ImageObject\",\"inLanguage\":\"fr-FR\",\"@id\":\"https:\/\/cgh.com.pl\/fr\/clients#primaryimage\",\"url\":\"https:\/\/cgh.com.pl\/fr\/wp-content\/uploads\/2022\/04\/esso-1.jpg\",\"contentUrl\":\"https:\/\/cgh.com.pl\/fr\/wp-content\/uploads\/2022\/04\/esso-1.jpg\",\"width\":535,\"height\":760},{\"@type\":\"BreadcrumbList\",\"@id\":\"https:\/\/cgh.com.pl\/fr\/clients#breadcrumb\",\"itemListElement\":[{\"@type\":\"ListItem\",\"position\":1,\"name\":\"Strona g\u0142\u00f3wna\",\"item\":\"https:\/\/cgh.com.pl\/fr\/\"},{\"@type\":\"ListItem\",\"position\":2,\"name\":\"Clients\"}]},{\"@type\":\"WebSite\",\"@id\":\"https:\/\/cgh.com.pl\/fr\/#website\",\"url\":\"https:\/\/cgh.com.pl\/fr\/\",\"name\":\"CGH Group Sp. z o.o.\",\"description\":\"\",\"publisher\":{\"@id\":\"https:\/\/cgh.com.pl\/fr\/#organization\"},\"potentialAction\":[{\"@type\":\"SearchAction\",\"target\":{\"@type\":\"EntryPoint\",\"urlTemplate\":\"https:\/\/cgh.com.pl\/fr\/?s={search_term_string}\"},\"query-input\":{\"@type\":\"PropertyValueSpecification\",\"valueRequired\":true,\"valueName\":\"search_term_string\"}}],\"inLanguage\":\"fr-FR\"},{\"@type\":\"Organization\",\"@id\":\"https:\/\/cgh.com.pl\/fr\/#organization\",\"name\":\"CGH Group Sp. z o.o.\",\"url\":\"https:\/\/cgh.com.pl\/fr\/\",\"logo\":{\"@type\":\"ImageObject\",\"inLanguage\":\"fr-FR\",\"@id\":\"https:\/\/cgh.com.pl\/fr\/#\/schema\/logo\/image\/\",\"url\":\"https:\/\/cgh.com.pl\/fr\/wp-content\/uploads\/2023\/05\/logoCGH.png\",\"contentUrl\":\"https:\/\/cgh.com.pl\/fr\/wp-content\/uploads\/2023\/05\/logoCGH.png\",\"width\":449,\"height\":162,\"caption\":\"CGH Group Sp. z o.o.\"},\"image\":{\"@id\":\"https:\/\/cgh.com.pl\/fr\/#\/schema\/logo\/image\/\"}}]}<\/script>\n<!-- \/ Yoast SEO plugin. -->","yoast_head_json":{"title":"Clients - CGH Group Sp. z o.o.","robots":{"index":"index","follow":"follow","max-snippet":"max-snippet:-1","max-image-preview":"max-image-preview:large","max-video-preview":"max-video-preview:-1"},"canonical":"https:\/\/cgh.com.pl\/fr\/clients","og_locale":"fr_FR","og_type":"article","og_title":"Clients - CGH Group Sp. z o.o.","og_description":"Nos principaux clients sont des marques mondiales reconnues : PKN Orlen, Neste, Lotos, Statoil, LUKOIL, Shell, BP, TOTAL, Q8, Petrom, Tesco, Carrefour, Intermarche, Auchan. Nous d\u00e9veloppons intensivement les ventes dans le secteur industriel o\u00f9 nous avons acquis des clients tels que PGNiG, PBG, Brenntag, Azoty Pu\u0142awy, Haironville, Nafta Pi\u0142a, Merloni Indesit, OLPP. Nous disposons d&rsquo;un [&hellip;]?","og_url":"https:\/\/cgh.com.pl\/fr\/clients","og_site_name":"CGH Group Sp. z o.o.","article_modified_time":"2023-12-19T10:41:44+00:00","og_image":[{"url":"https:\/\/cgh.com.pl\/fr\/wp-content\/uploads\/2022\/04\/esso-1.jpg","type":"","width":"","height":""}],"twitter_card":"summary_large_image","twitter_misc":{"Dur\u00e9e de lecture estim\u00e9e":"3 minutes"},"schema":{"@context":"https:\/\/schema.org","@graph":[{"@type":"WebPage","@id":"https:\/\/cgh.com.pl\/fr\/clients","url":"https:\/\/cgh.com.pl\/fr\/clients","name":"Clients - CGH Group Sp. z o.o.","isPartOf":{"@id":"https:\/\/cgh.com.pl\/fr\/#website"},"primaryImageOfPage":{"@id":"https:\/\/cgh.com.pl\/fr\/clients#primaryimage"},"image":{"@id":"https:\/\/cgh.com.pl\/fr\/clients#primaryimage"},"thumbnailUrl":"https:\/\/cgh.com.pl\/fr\/wp-content\/uploads\/2022\/04\/esso-1.jpg","datePublished":"2020-12-06T22:10:51+00:00","dateModified":"2023-12-19T10:41:44+00:00","breadcrumb":{"@id":"https:\/\/cgh.com.pl\/fr\/clients#breadcrumb"},"inLanguage":"fr-FR","potentialAction":[{"@type":"ReadAction","target":["https:\/\/cgh.com.pl\/fr\/clients"]}]},{"@type":"ImageObject","inLanguage":"fr-FR","@id":"https:\/\/cgh.com.pl\/fr\/clients#primaryimage","url":"https:\/\/cgh.com.pl\/fr\/wp-content\/uploads\/2022\/04\/esso-1.jpg","contentUrl":"https:\/\/cgh.com.pl\/fr\/wp-content\/uploads\/2022\/04\/esso-1.jpg","width":535,"height":760},{"@type":"BreadcrumbList","@id":"https:\/\/cgh.com.pl\/fr\/clients#breadcrumb","itemListElement":[{"@type":"ListItem","position":1,"name":"Strona g\u0142\u00f3wna","item":"https:\/\/cgh.com.pl\/fr\/"},{"@type":"ListItem","position":2,"name":"Clients"}]},{"@type":"WebSite","@id":"https:\/\/cgh.com.pl\/fr\/#website","url":"https:\/\/cgh.com.pl\/fr\/","name":"CGH Group Sp. z o.o.","description":"","publisher":{"@id":"https:\/\/cgh.com.pl\/fr\/#organization"},"potentialAction":[{"@type":"SearchAction","target":{"@type":"EntryPoint","urlTemplate":"https:\/\/cgh.com.pl\/fr\/?s={search_term_string}"},"query-input":{"@type":"PropertyValueSpecification","valueRequired":true,"valueName":"search_term_string"}}],"inLanguage":"fr-FR"},{"@type":"Organization","@id":"https:\/\/cgh.com.pl\/fr\/#organization","name":"CGH Group Sp. z o.o.","url":"https:\/\/cgh.com.pl\/fr\/","logo":{"@type":"ImageObject","inLanguage":"fr-FR","@id":"https:\/\/cgh.com.pl\/fr\/#\/schema\/logo\/image\/","url":"https:\/\/cgh.com.pl\/fr\/wp-content\/uploads\/2023\/05\/logoCGH.png","contentUrl":"https:\/\/cgh.com.pl\/fr\/wp-content\/uploads\/2023\/05\/logoCGH.png","width":449,"height":162,"caption":"CGH Group Sp. z o.o."},"image":{"@id":"https:\/\/cgh.com.pl\/fr\/#\/schema\/logo\/image\/"}}]}},"_links":{"self":[{"href":"https:\/\/cgh.com.pl\/fr\/wp-json\/wp\/v2\/pages\/345","targetHints":{"allow":["GET"]}}],"collection":[{"href":"https:\/\/cgh.com.pl\/fr\/wp-json\/wp\/v2\/pages"}],"about":[{"href":"https:\/\/cgh.com.pl\/fr\/wp-json\/wp\/v2\/types\/page"}],"author":[{"embeddable":true,"href":"https:\/\/cgh.com.pl\/fr\/wp-json\/wp\/v2\/users\/1"}],"replies":[{"embeddable":true,"href":"https:\/\/cgh.com.pl\/fr\/wp-json\/wp\/v2\/comments?post=345"}],"version-history":[{"count":3,"href":"https:\/\/cgh.com.pl\/fr\/wp-json\/wp\/v2\/pages\/345\/revisions"}],"predecessor-version":[{"id":5066,"href":"https:\/\/cgh.com.pl\/fr\/wp-json\/wp\/v2\/pages\/345\/revisions\/5066"}],"wp:attachment":[{"href":"https:\/\/cgh.com.pl\/fr\/wp-json\/wp\/v2\/media?parent=345"}],"curies":[{"name":"wp","href":"https:\/\/api.w.org\/{rel}","templated":true}]}}