{"id":349,"date":"2020-12-06T23:23:25","date_gmt":"2020-12-06T22:23:25","guid":{"rendered":"https:\/\/cgh.com.pl\/fr\/?page_id=349"},"modified":"2023-12-19T11:40:01","modified_gmt":"2023-12-19T10:40:01","slug":"parcours-professionnel","status":"publish","type":"page","link":"https:\/\/cgh.com.pl\/fr\/parcours-professionnel","title":{"rendered":"Parcours professionnel"},"content":{"rendered":"\n<div class=\"wp-block-columns is-layout-flex wp-container-core-columns-is-layout-9d6595d7 wp-block-columns-is-layout-flex\">\n<div class=\"wp-block-column is-layout-flow wp-block-column-is-layout-flow\">\n<p>Nous recherchons des professionnels exp\u00e9riment\u00e9s, mais nous sommes \u00e9galement ouverts aux jeunes talents qui commencent leur carri\u00e8re. Nous employons des soudeurs, des peintres et des grenailleurs qualifi\u00e9s, mais aussi des constructeurs, des artisans, des \u00e9lectriciens et des m\u00e9caniciens. La responsabilit\u00e9 et l&rsquo;engagement, le dynamisme et l&rsquo;innovation sont des valeurs que nous valorisons car nous y voyons la source de la force de notre entreprise.<\/p>\n<\/div>\n<\/div>\n","protected":false},"excerpt":{"rendered":"<p>Nous recherchons des professionnels exp\u00e9riment\u00e9s, mais nous sommes \u00e9galement ouverts aux jeunes talents qui commencent leur carri\u00e8re. Nous employons des soudeurs, des peintres et des grenailleurs qualifi\u00e9s, mais aussi des constructeurs, des artisans, des \u00e9lectriciens et des m\u00e9caniciens. La responsabilit\u00e9 et l&rsquo;engagement, le dynamisme et l&rsquo;innovation sont des valeurs que nous valorisons car nous y [&hellip;]?<\/p>\n","protected":false},"author":1,"featured_media":0,"parent":0,"menu_order":0,"comment_status":"closed","ping_status":"closed","template":"page-products.php","meta":{"_acf_changed":false,"footnotes":""},"class_list":["post-349","page","type-page","status-publish","hentry"],"acf":[],"yoast_head":"<!-- This site is optimized with the Yoast SEO plugin v26.1.1 - https:\/\/yoast.com\/wordpress\/plugins\/seo\/ -->\n<title>Parcours professionnel - CGH Group Sp. z o.o.<\/title>\n<meta name=\"robots\" content=\"index, follow, max-snippet:-1, max-image-preview:large, max-video-preview:-1\" \/>\n<link rel=\"canonical\" href=\"https:\/\/cgh.com.pl\/fr\/parcours-professionnel\" \/>\n<meta property=\"og:locale\" content=\"fr_FR\" \/>\n<meta property=\"og:type\" content=\"article\" \/>\n<meta property=\"og:title\" content=\"Parcours professionnel - CGH Group Sp. z o.o.\" \/>\n<meta property=\"og:description\" content=\"Nous recherchons des professionnels exp\u00e9riment\u00e9s, mais nous sommes \u00e9galement ouverts aux jeunes talents qui commencent leur carri\u00e8re. Nous employons des soudeurs, des peintres et des grenailleurs qualifi\u00e9s, mais aussi des constructeurs, des artisans, des \u00e9lectriciens et des m\u00e9caniciens. La responsabilit\u00e9 et l&rsquo;engagement, le dynamisme et l&rsquo;innovation sont des valeurs que nous valorisons car nous y [&hellip;]?\" \/>\n<meta property=\"og:url\" content=\"https:\/\/cgh.com.pl\/fr\/parcours-professionnel\" \/>\n<meta property=\"og:site_name\" content=\"CGH Group Sp. z o.o.\" \/>\n<meta property=\"article:modified_time\" content=\"2023-12-19T10:40:01+00:00\" \/>\n<meta name=\"twitter:card\" content=\"summary_large_image\" \/>\n<meta name=\"twitter:label1\" content=\"Dur\u00e9e de lecture estim\u00e9e\" \/>\n\t<meta name=\"twitter:data1\" content=\"1 minute\" \/>\n<script type=\"application\/ld+json\" class=\"yoast-schema-graph\">{\"@context\":\"https:\/\/schema.org\",\"@graph\":[{\"@type\":\"WebPage\",\"@id\":\"https:\/\/cgh.com.pl\/fr\/parcours-professionnel\",\"url\":\"https:\/\/cgh.com.pl\/fr\/parcours-professionnel\",\"name\":\"Parcours professionnel - CGH Group Sp. z o.o.\",\"isPartOf\":{\"@id\":\"https:\/\/cgh.com.pl\/fr\/#website\"},\"datePublished\":\"2020-12-06T22:23:25+00:00\",\"dateModified\":\"2023-12-19T10:40:01+00:00\",\"breadcrumb\":{\"@id\":\"https:\/\/cgh.com.pl\/fr\/parcours-professionnel#breadcrumb\"},\"inLanguage\":\"fr-FR\",\"potentialAction\":[{\"@type\":\"ReadAction\",\"target\":[\"https:\/\/cgh.com.pl\/fr\/parcours-professionnel\"]}]},{\"@type\":\"BreadcrumbList\",\"@id\":\"https:\/\/cgh.com.pl\/fr\/parcours-professionnel#breadcrumb\",\"itemListElement\":[{\"@type\":\"ListItem\",\"position\":1,\"name\":\"Strona g\u0142\u00f3wna\",\"item\":\"https:\/\/cgh.com.pl\/fr\/\"},{\"@type\":\"ListItem\",\"position\":2,\"name\":\"Parcours professionnel\"}]},{\"@type\":\"WebSite\",\"@id\":\"https:\/\/cgh.com.pl\/fr\/#website\",\"url\":\"https:\/\/cgh.com.pl\/fr\/\",\"name\":\"CGH Group Sp. z o.o.\",\"description\":\"\",\"publisher\":{\"@id\":\"https:\/\/cgh.com.pl\/fr\/#organization\"},\"potentialAction\":[{\"@type\":\"SearchAction\",\"target\":{\"@type\":\"EntryPoint\",\"urlTemplate\":\"https:\/\/cgh.com.pl\/fr\/?s={search_term_string}\"},\"query-input\":{\"@type\":\"PropertyValueSpecification\",\"valueRequired\":true,\"valueName\":\"search_term_string\"}}],\"inLanguage\":\"fr-FR\"},{\"@type\":\"Organization\",\"@id\":\"https:\/\/cgh.com.pl\/fr\/#organization\",\"name\":\"CGH Group Sp. z o.o.\",\"url\":\"https:\/\/cgh.com.pl\/fr\/\",\"logo\":{\"@type\":\"ImageObject\",\"inLanguage\":\"fr-FR\",\"@id\":\"https:\/\/cgh.com.pl\/fr\/#\/schema\/logo\/image\/\",\"url\":\"https:\/\/cgh.com.pl\/fr\/wp-content\/uploads\/2023\/05\/logoCGH.png\",\"contentUrl\":\"https:\/\/cgh.com.pl\/fr\/wp-content\/uploads\/2023\/05\/logoCGH.png\",\"width\":449,\"height\":162,\"caption\":\"CGH Group Sp. z o.o.\"},\"image\":{\"@id\":\"https:\/\/cgh.com.pl\/fr\/#\/schema\/logo\/image\/\"}}]}<\/script>\n<!-- \/ Yoast SEO plugin. -->","yoast_head_json":{"title":"Parcours professionnel - CGH Group Sp. z o.o.","robots":{"index":"index","follow":"follow","max-snippet":"max-snippet:-1","max-image-preview":"max-image-preview:large","max-video-preview":"max-video-preview:-1"},"canonical":"https:\/\/cgh.com.pl\/fr\/parcours-professionnel","og_locale":"fr_FR","og_type":"article","og_title":"Parcours professionnel - CGH Group Sp. z o.o.","og_description":"Nous recherchons des professionnels exp\u00e9riment\u00e9s, mais nous sommes \u00e9galement ouverts aux jeunes talents qui commencent leur carri\u00e8re. Nous employons des soudeurs, des peintres et des grenailleurs qualifi\u00e9s, mais aussi des constructeurs, des artisans, des \u00e9lectriciens et des m\u00e9caniciens. La responsabilit\u00e9 et l&rsquo;engagement, le dynamisme et l&rsquo;innovation sont des valeurs que nous valorisons car nous y [&hellip;]?","og_url":"https:\/\/cgh.com.pl\/fr\/parcours-professionnel","og_site_name":"CGH Group Sp. z o.o.","article_modified_time":"2023-12-19T10:40:01+00:00","twitter_card":"summary_large_image","twitter_misc":{"Dur\u00e9e de lecture estim\u00e9e":"1 minute"},"schema":{"@context":"https:\/\/schema.org","@graph":[{"@type":"WebPage","@id":"https:\/\/cgh.com.pl\/fr\/parcours-professionnel","url":"https:\/\/cgh.com.pl\/fr\/parcours-professionnel","name":"Parcours professionnel - CGH Group Sp. z o.o.","isPartOf":{"@id":"https:\/\/cgh.com.pl\/fr\/#website"},"datePublished":"2020-12-06T22:23:25+00:00","dateModified":"2023-12-19T10:40:01+00:00","breadcrumb":{"@id":"https:\/\/cgh.com.pl\/fr\/parcours-professionnel#breadcrumb"},"inLanguage":"fr-FR","potentialAction":[{"@type":"ReadAction","target":["https:\/\/cgh.com.pl\/fr\/parcours-professionnel"]}]},{"@type":"BreadcrumbList","@id":"https:\/\/cgh.com.pl\/fr\/parcours-professionnel#breadcrumb","itemListElement":[{"@type":"ListItem","position":1,"name":"Strona g\u0142\u00f3wna","item":"https:\/\/cgh.com.pl\/fr\/"},{"@type":"ListItem","position":2,"name":"Parcours professionnel"}]},{"@type":"WebSite","@id":"https:\/\/cgh.com.pl\/fr\/#website","url":"https:\/\/cgh.com.pl\/fr\/","name":"CGH Group Sp. z o.o.","description":"","publisher":{"@id":"https:\/\/cgh.com.pl\/fr\/#organization"},"potentialAction":[{"@type":"SearchAction","target":{"@type":"EntryPoint","urlTemplate":"https:\/\/cgh.com.pl\/fr\/?s={search_term_string}"},"query-input":{"@type":"PropertyValueSpecification","valueRequired":true,"valueName":"search_term_string"}}],"inLanguage":"fr-FR"},{"@type":"Organization","@id":"https:\/\/cgh.com.pl\/fr\/#organization","name":"CGH Group Sp. z o.o.","url":"https:\/\/cgh.com.pl\/fr\/","logo":{"@type":"ImageObject","inLanguage":"fr-FR","@id":"https:\/\/cgh.com.pl\/fr\/#\/schema\/logo\/image\/","url":"https:\/\/cgh.com.pl\/fr\/wp-content\/uploads\/2023\/05\/logoCGH.png","contentUrl":"https:\/\/cgh.com.pl\/fr\/wp-content\/uploads\/2023\/05\/logoCGH.png","width":449,"height":162,"caption":"CGH Group Sp. z o.o."},"image":{"@id":"https:\/\/cgh.com.pl\/fr\/#\/schema\/logo\/image\/"}}]}},"_links":{"self":[{"href":"https:\/\/cgh.com.pl\/fr\/wp-json\/wp\/v2\/pages\/349","targetHints":{"allow":["GET"]}}],"collection":[{"href":"https:\/\/cgh.com.pl\/fr\/wp-json\/wp\/v2\/pages"}],"about":[{"href":"https:\/\/cgh.com.pl\/fr\/wp-json\/wp\/v2\/types\/page"}],"author":[{"embeddable":true,"href":"https:\/\/cgh.com.pl\/fr\/wp-json\/wp\/v2\/users\/1"}],"replies":[{"embeddable":true,"href":"https:\/\/cgh.com.pl\/fr\/wp-json\/wp\/v2\/comments?post=349"}],"version-history":[{"count":2,"href":"https:\/\/cgh.com.pl\/fr\/wp-json\/wp\/v2\/pages\/349\/revisions"}],"predecessor-version":[{"id":5064,"href":"https:\/\/cgh.com.pl\/fr\/wp-json\/wp\/v2\/pages\/349\/revisions\/5064"}],"wp:attachment":[{"href":"https:\/\/cgh.com.pl\/fr\/wp-json\/wp\/v2\/media?parent=349"}],"curies":[{"name":"wp","href":"https:\/\/api.w.org\/{rel}","templated":true}]}}