{"id":36,"date":"2020-11-24T23:21:01","date_gmt":"2020-11-24T22:21:01","guid":{"rendered":"https:\/\/cgh.com.pl\/fr\/?page_id=36"},"modified":"2023-10-03T23:24:08","modified_gmt":"2023-10-03T21:24:08","slug":"recipients-sous-pression-pour-chambres-normobares","status":"publish","type":"page","link":"https:\/\/cgh.com.pl\/fr\/recipients-sous-pression-pour-chambres-normobares","title":{"rendered":"R\u00e9cipients sous pression pour chambres normobares"},"content":{"rendered":"<div class=\"wp-block-image\">\n<figure class=\"aligncenter size-full\"><img decoding=\"async\" width=\"1024\" height=\"520\" data-src=\"https:\/\/cgh.com.pl\/fr\/wp-content\/uploads\/2022\/11\/komora-normobaryczna-1024x520-1.jpg\" alt=\"\" class=\"wp-image-4443 img-fluid lazyload\" title=\"Pressure tanks for normobaric chambers\" data-srcset=\"https:\/\/cgh.com.pl\/fr\/wp-content\/uploads\/2022\/11\/komora-normobaryczna-1024x520-1.jpg 1024w, https:\/\/cgh.com.pl\/fr\/wp-content\/uploads\/2022\/11\/komora-normobaryczna-1024x520-1-300x152.jpg 300w, https:\/\/cgh.com.pl\/fr\/wp-content\/uploads\/2022\/11\/komora-normobaryczna-1024x520-1-768x390.jpg 768w\" data-sizes=\"(max-width: 1024px) 100vw, 1024px\" src=\"data:image\/svg+xml;base64,PHN2ZyB3aWR0aD0iMSIgaGVpZ2h0PSIxIiB4bWxucz0iaHR0cDovL3d3dy53My5vcmcvMjAwMC9zdmciPjwvc3ZnPg==\" style=\"--smush-placeholder-width: 1024px; --smush-placeholder-aspect-ratio: 1024\/520;\" \/><\/figure><\/div>\n\n\n<div class=\"wp-block-columns has-2-columns is-layout-flex wp-container-core-columns-is-layout-9d6595d7 wp-block-columns-is-layout-flex\">\n<div class=\"wp-block-column is-layout-flow wp-block-column-is-layout-flow\">\n<p><strong>Normobarie<\/strong> &#8211; \u00e9tat de la pression atmosph\u00e9rique le plus favorable \u00e0 la sant\u00e9 et \u00e0 la long\u00e9vit\u00e9 de l&rsquo;homme, \u00e0 environ 1500 hPa.<\/p>\n\n\n\n<p>CGH Polska fabrique des r\u00e9servoirs utilis\u00e9s pour les chambres normobares, con\u00e7us en fonction des besoins individuels du client (longueur, diam\u00e8tre, disposition des fen\u00eatres et des portes et \u00e9l\u00e9ments structurels n\u00e9cessaires \u00e0 l&rsquo;int\u00e9rieur du r\u00e9servoir).<\/p>\n\n\n\n<p>Les r\u00e9servoirs sont marqu\u00e9s CE ce qui certifie leur conformit\u00e9 aux normes en vigueur tout en maintenant une qualit\u00e9 de fabrication \u00e9lev\u00e9e.<\/p>\n<\/div>\n\n\n\n<div class=\"wp-block-column is-layout-flow wp-block-column-is-layout-flow\">\n<p>Caract\u00e9ristiques de base des r\u00e9servoirs:<\/p>\n\n\n\n<ul class=\"wp-block-list\">\n<li>R\u00e9servoir \u00e0 deux chambres compos\u00e9 d&rsquo;une chambre principale et d\u2019un cloison (sas)<\/li>\n\n\n\n<li>Mat\u00e9riau du r\u00e9servoir : acier au carbone<\/li>\n\n\n\n<li>Diam\u00e8tres jusqu&rsquo;\u00e0 3 400 mm<\/li>\n\n\n\n<li>Longueur totale du r\u00e9servoir jusqu&rsquo;\u00e0 25000 mm<\/li>\n\n\n\n<li>Pression de service absolue 1,5 bar<\/li>\n\n\n\n<li>Rev\u00eatement interne avec approbation PZH<\/li>\n\n\n\n<li>Rev\u00eatement ext\u00e9rieur dans la classe de corrosivit\u00e9 C3M<\/li>\n\n\n\n<li>Marque CE<\/li>\n<\/ul>\n<\/div>\n<\/div>\n\n\n\n<p>Nous \u00e9quipons le r\u00e9servoir d&rsquo;une installation automatis\u00e9e et \u00e9lectrique avec le mat\u00e9riel n\u00e9cessaire au bon fonctionnement de la chambre et \u00e0 la cr\u00e9ation d&rsquo;un environnement normobarique qui est, selon les scientifiques, l&rsquo;environnement id\u00e9al pour l&rsquo;homme.<\/p>\n\n\n\n<div class=\"wp-block-columns has-2-columns is-layout-flex wp-container-core-columns-is-layout-9d6595d7 wp-block-columns-is-layout-flex\">\n<div class=\"wp-block-column is-layout-flow wp-block-column-is-layout-flow\">\n<p>Les syst\u00e8mes de contr\u00f4le sont con\u00e7us conform\u00e9ment aux normes en vigueur et sont bas\u00e9s sur des solutions modernes et des composants de haute qualit\u00e9 provenant de fabricants reconnus. Cela permet de maintenir les performances \u00e9lev\u00e9es du syst\u00e8me de contr\u00f4le utilis\u00e9 qui se caract\u00e9rise en m\u00eame temps par un fonctionnement fiable et une grande flexibilit\u00e9, ce qui le rend facile \u00e0 configurer.<\/p>\n\n\n\n<p>Notre objectif est avant tout d&rsquo;assurer la plus grande s\u00e9curit\u00e9 possible aux utilisateurs de la chambre normobare, c&rsquo;est pourquoi l&rsquo;installation est \u00e9quip\u00e9e d&rsquo;un syst\u00e8me comprenant un module de s\u00e9curit\u00e9 certifi\u00e9, des arr\u00eats d&rsquo;urgence, plac\u00e9s dans des zones facilement accessibles dont la t\u00e2che est de ramener l&rsquo;int\u00e9rieur de la chambre normobare aux conditions atmosph\u00e9riques le plus rapidement possible. Le nombre de capteurs dans la chambre normobare a \u00e9t\u00e9 doubl\u00e9 afin de contr\u00f4ler enti\u00e8rement les param\u00e8tres de fonctionnement ce qui augmente la s\u00e9curit\u00e9 en d\u00e9tectant automatiquement une d\u00e9faillance potentielle ou un dysfonctionnement de l&rsquo;un des capteurs.<\/p>\n\n\n\n<p>La visualisation du fonctionnement de la chambre normobare a \u00e9t\u00e9 d\u00e9velopp\u00e9e sur la base de trois \u00e9crans d&rsquo;op\u00e9rateur, situ\u00e9s dans la partie centrale dans le cloison et \u00e0 l&rsquo;ext\u00e9rieur. L&#8217;emplacement, le type et le nombre d&rsquo;\u00e9crans peuvent \u00eatre d\u00e9termin\u00e9s individuellement, et l&rsquo;apparence de la visualisation elle-m\u00eame peut \u00eatre adapt\u00e9e aux besoins du client.<\/p>\n<\/div>\n\n\n\n<div class=\"wp-block-column is-layout-flow wp-block-column-is-layout-flow\">\n<h4 class=\"wp-block-heading\">Caract\u00e9ristiques principales du syst\u00e8me de contr\u00f4le:<\/h4>\n\n\n\n<ul class=\"wp-block-list\">\n<li>un contr\u00f4le pr\u00e9cis du d\u00e9roulement du processus,<\/li>\n\n\n\n<li>la visualisation pour donner une image compl\u00e8te du processus,<\/li>\n\n\n\n<li>l&rsquo;\u00e9dition des valeurs des param\u00e8tres,<\/li>\n\n\n\n<li>niveaux d&rsquo;acc\u00e8s: participant \u00e0 la session, gestion, diagnostic de l&rsquo;\u00e9quipement,<\/li>\n\n\n\n<li>syst\u00e8me d&rsquo;alarme,<\/li>\n\n\n\n<li>rapport,<\/li>\n\n\n\n<li>l&rsquo;historique des alarmes,<\/li>\n\n\n\n<li>les fonctions statistiques,<\/li>\n\n\n\n<li>les graphiques des valeurs surveill\u00e9es,<\/li>\n\n\n\n<li>Syst\u00e8me de programmation des s\u00e9ances: d\u00e9roulement d&rsquo;une s\u00e9ance normobare,<\/li>\n\n\n\n<li>un acc\u00e8s \u00e0 distance via l&rsquo;internet \u00e0 des fins de service et pour la visualisation \u00e0 distance de l&rsquo;\u00e9tat de la chambre,<\/li>\n\n\n\n<li>possibilit\u00e9 d&rsquo;\u00e9change de donn\u00e9es via Ethernet.<\/li>\n<\/ul>\n\n\n\n<h4 class=\"wp-block-heading\">Param\u00e8tres de la chambre normobare contr\u00f4l\u00e9s et r\u00e9glables:<\/h4>\n\n\n\n<ul class=\"wp-block-list\">\n<li>la concentration d&rsquo;hydrog\u00e8ne,<\/li>\n\n\n\n<li>la concentration d&rsquo;oxyg\u00e8ne,<\/li>\n\n\n\n<li>la temp\u00e9rature,<\/li>\n\n\n\n<li>l\u2019humidit\u00e9,<\/li>\n\n\n\n<li>la pression de la chambre,<\/li>\n\n\n\n<li>la concentration de dioxyde de carbone.<\/li>\n<\/ul>\n\n\n\n<p>En outre, il est possible d&rsquo;\u00e9tendre et de communiquer avec d&rsquo;autres syst\u00e8mes de contr\u00f4le ou r\u00e9seaux informatiques.<\/p>\n<\/div>\n<\/div>\n\n\n\n<div class=\"photos large\">\n<div class=\"first-zoom-photo\">\n<p style=\"text-align: center; font-size: 10px; margin-bottom:0;\"><img decoding=\"async\" data-src=\"https:\/\/cgh.com.pl\/fr\/wp-content\/uploads\/2022\/02\/normobaric-chambers-2.jpg\" alt=\"R\u00e9cipients sous pression pour chambres normobares\" src=\"data:image\/svg+xml;base64,PHN2ZyB3aWR0aD0iMSIgaGVpZ2h0PSIxIiB4bWxucz0iaHR0cDovL3d3dy53My5vcmcvMjAwMC9zdmciPjwvc3ZnPg==\" class=\"lazyload\" style=\"--smush-placeholder-width: 600px; --smush-placeholder-aspect-ratio: 600\/400;\"><\/p>\n\n<div><\/div>\n<\/div>\n<div>\n<p style=\"text-align: center; font-size: 10px; margin-bottom:0;\"><img decoding=\"async\" data-src=\"https:\/\/cgh.com.pl\/fr\/wp-content\/uploads\/2022\/02\/normobaric-chambers-4.jpg\" alt=\"R\u00e9cipients sous pression pour chambres normobares\" src=\"data:image\/svg+xml;base64,PHN2ZyB3aWR0aD0iMSIgaGVpZ2h0PSIxIiB4bWxucz0iaHR0cDovL3d3dy53My5vcmcvMjAwMC9zdmciPjwvc3ZnPg==\" class=\"lazyload\" style=\"--smush-placeholder-width: 600px; --smush-placeholder-aspect-ratio: 600\/400;\"><\/p>\n\n<div><\/div>\n<\/div>\n\n<div class=\"pair\">\n<p style=\"text-align: center; font-size: 10px; margin-bottom:0;\"><img decoding=\"async\" data-src=\"https:\/\/cgh.com.pl\/fr\/wp-content\/uploads\/2022\/02\/normobaric-chambers-5.jpg\" alt=\"R\u00e9cipients sous pression pour chambres normobares\" src=\"data:image\/svg+xml;base64,PHN2ZyB3aWR0aD0iMSIgaGVpZ2h0PSIxIiB4bWxucz0iaHR0cDovL3d3dy53My5vcmcvMjAwMC9zdmciPjwvc3ZnPg==\" class=\"lazyload\" style=\"--smush-placeholder-width: 600px; --smush-placeholder-aspect-ratio: 600\/400;\"><\/p>\n\n<div><\/div>\n<div><\/div>\n<\/div>\n<\/div>\n\n\n\n<div class=\"wp-block-columns is-layout-flex wp-container-core-columns-is-layout-9d6595d7 wp-block-columns-is-layout-flex\">\n<div class=\"wp-block-column is-layout-flow wp-block-column-is-layout-flow\">\n<h4 class=\"wp-block-heading\">CGH fabrique des r\u00e9servoirs dans une gamme de s\u00e9lection:<\/h4>\n\n\n\n<ul class=\"wp-block-list\">\n<li>R\u00e9servoir avec fen\u00eatres et portes selon les besoins du client<\/li>\n\n\n\n<li>Structure \u00e0 l&rsquo;int\u00e9rieur du r\u00e9servoir pour faciliter l&rsquo;installation d&rsquo;appareils et d&rsquo;\u00e9quipements suppl\u00e9mentaires<\/li>\n\n\n\n<li>Isolation du r\u00e9servoir avec de la laine de 100 mm recouverte d&rsquo;Al.-Zn ou d&rsquo;une feuille d&rsquo;aluminium<\/li>\n<\/ul>\n<\/div>\n\n\n\n<div class=\"wp-block-column is-layout-flow wp-block-column-is-layout-flow\">\n<ul class=\"wp-block-list\">\n<li>Montage et installation de l&rsquo;\u00e9quipement n\u00e9cessaire, y compris l&rsquo;automatisation et l&rsquo;\u00e9lectricit\u00e9 pour cr\u00e9er un environnement normobare et des installations sanitaires.<\/li>\n\n\n\n<li>Finition avec des panneaux de plancher OSB (\u00e9tat du promoteur)<\/li>\n\n\n\n<li>Le reste de l&rsquo;am\u00e9nagement, entre autres les panneaux de sol, tout le mobilier, le petit \u00e9lectrom\u00e9nager, est laiss\u00e9 \u00e0 la charge du client.<\/li>\n<\/ul>\n<\/div>\n<\/div>\n","protected":false},"excerpt":{"rendered":"<p>Normobarie &#8211; \u00e9tat de la pression atmosph\u00e9rique le plus favorable \u00e0 la sant\u00e9 et \u00e0 la long\u00e9vit\u00e9 de l&rsquo;homme, \u00e0 environ 1500 hPa. CGH Polska fabrique des r\u00e9servoirs utilis\u00e9s pour les chambres normobares, con\u00e7us en fonction des besoins individuels du client (longueur, diam\u00e8tre, disposition des fen\u00eatres et des portes et \u00e9l\u00e9ments structurels n\u00e9cessaires \u00e0 l&rsquo;int\u00e9rieur [&hellip;]?<\/p>\n","protected":false},"author":1,"featured_media":0,"parent":0,"menu_order":0,"comment_status":"closed","ping_status":"closed","template":"page-products-with-second-menu.php","meta":{"_acf_changed":false,"footnotes":""},"class_list":["post-36","page","type-page","status-publish","hentry"],"acf":[],"yoast_head":"<!-- This site is optimized with the Yoast SEO plugin v26.1.1 - https:\/\/yoast.com\/wordpress\/plugins\/seo\/ -->\n<title>R\u00e9cipients sous pression pour chambres normobares - CGH Group Sp. z o.o.<\/title>\n<meta name=\"robots\" content=\"index, follow, max-snippet:-1, max-image-preview:large, max-video-preview:-1\" \/>\n<link rel=\"canonical\" href=\"https:\/\/cgh.com.pl\/fr\/recipients-sous-pression-pour-chambres-normobares\" \/>\n<meta property=\"og:locale\" content=\"fr_FR\" \/>\n<meta property=\"og:type\" content=\"article\" \/>\n<meta property=\"og:title\" content=\"R\u00e9cipients sous pression pour chambres normobares - CGH Group Sp. z o.o.\" \/>\n<meta property=\"og:description\" content=\"Normobarie &#8211; \u00e9tat de la pression atmosph\u00e9rique le plus favorable \u00e0 la sant\u00e9 et \u00e0 la long\u00e9vit\u00e9 de l&rsquo;homme, \u00e0 environ 1500 hPa. CGH Polska fabrique des r\u00e9servoirs utilis\u00e9s pour les chambres normobares, con\u00e7us en fonction des besoins individuels du client (longueur, diam\u00e8tre, disposition des fen\u00eatres et des portes et \u00e9l\u00e9ments structurels n\u00e9cessaires \u00e0 l&rsquo;int\u00e9rieur [&hellip;]?\" \/>\n<meta property=\"og:url\" content=\"https:\/\/cgh.com.pl\/fr\/recipients-sous-pression-pour-chambres-normobares\" \/>\n<meta property=\"og:site_name\" content=\"CGH Group Sp. z o.o.\" \/>\n<meta property=\"article:modified_time\" content=\"2023-10-03T21:24:08+00:00\" \/>\n<meta property=\"og:image\" content=\"https:\/\/cgh.com.pl\/fr\/wp-content\/uploads\/2022\/11\/komora-normobaryczna-1024x520-1.jpg\" \/>\n<meta name=\"twitter:card\" content=\"summary_large_image\" \/>\n<meta name=\"twitter:label1\" content=\"Dur\u00e9e de lecture estim\u00e9e\" \/>\n\t<meta name=\"twitter:data1\" content=\"5 minutes\" \/>\n<script type=\"application\/ld+json\" class=\"yoast-schema-graph\">{\"@context\":\"https:\/\/schema.org\",\"@graph\":[{\"@type\":\"WebPage\",\"@id\":\"https:\/\/cgh.com.pl\/fr\/recipients-sous-pression-pour-chambres-normobares\",\"url\":\"https:\/\/cgh.com.pl\/fr\/recipients-sous-pression-pour-chambres-normobares\",\"name\":\"R\u00e9cipients sous pression pour chambres normobares - CGH Group Sp. z o.o.\",\"isPartOf\":{\"@id\":\"https:\/\/cgh.com.pl\/fr\/#website\"},\"primaryImageOfPage\":{\"@id\":\"https:\/\/cgh.com.pl\/fr\/recipients-sous-pression-pour-chambres-normobares#primaryimage\"},\"image\":{\"@id\":\"https:\/\/cgh.com.pl\/fr\/recipients-sous-pression-pour-chambres-normobares#primaryimage\"},\"thumbnailUrl\":\"https:\/\/cgh.com.pl\/fr\/wp-content\/uploads\/2022\/11\/komora-normobaryczna-1024x520-1.jpg\",\"datePublished\":\"2020-11-24T22:21:01+00:00\",\"dateModified\":\"2023-10-03T21:24:08+00:00\",\"breadcrumb\":{\"@id\":\"https:\/\/cgh.com.pl\/fr\/recipients-sous-pression-pour-chambres-normobares#breadcrumb\"},\"inLanguage\":\"fr-FR\",\"potentialAction\":[{\"@type\":\"ReadAction\",\"target\":[\"https:\/\/cgh.com.pl\/fr\/recipients-sous-pression-pour-chambres-normobares\"]}]},{\"@type\":\"ImageObject\",\"inLanguage\":\"fr-FR\",\"@id\":\"https:\/\/cgh.com.pl\/fr\/recipients-sous-pression-pour-chambres-normobares#primaryimage\",\"url\":\"https:\/\/cgh.com.pl\/fr\/wp-content\/uploads\/2022\/11\/komora-normobaryczna-1024x520-1.jpg\",\"contentUrl\":\"https:\/\/cgh.com.pl\/fr\/wp-content\/uploads\/2022\/11\/komora-normobaryczna-1024x520-1.jpg\",\"width\":1024,\"height\":520},{\"@type\":\"BreadcrumbList\",\"@id\":\"https:\/\/cgh.com.pl\/fr\/recipients-sous-pression-pour-chambres-normobares#breadcrumb\",\"itemListElement\":[{\"@type\":\"ListItem\",\"position\":1,\"name\":\"Strona g\u0142\u00f3wna\",\"item\":\"https:\/\/cgh.com.pl\/fr\/\"},{\"@type\":\"ListItem\",\"position\":2,\"name\":\"R\u00e9cipients sous pression pour chambres normobares\"}]},{\"@type\":\"WebSite\",\"@id\":\"https:\/\/cgh.com.pl\/fr\/#website\",\"url\":\"https:\/\/cgh.com.pl\/fr\/\",\"name\":\"CGH Group Sp. z o.o.\",\"description\":\"\",\"publisher\":{\"@id\":\"https:\/\/cgh.com.pl\/fr\/#organization\"},\"potentialAction\":[{\"@type\":\"SearchAction\",\"target\":{\"@type\":\"EntryPoint\",\"urlTemplate\":\"https:\/\/cgh.com.pl\/fr\/?s={search_term_string}\"},\"query-input\":{\"@type\":\"PropertyValueSpecification\",\"valueRequired\":true,\"valueName\":\"search_term_string\"}}],\"inLanguage\":\"fr-FR\"},{\"@type\":\"Organization\",\"@id\":\"https:\/\/cgh.com.pl\/fr\/#organization\",\"name\":\"CGH Group Sp. z o.o.\",\"url\":\"https:\/\/cgh.com.pl\/fr\/\",\"logo\":{\"@type\":\"ImageObject\",\"inLanguage\":\"fr-FR\",\"@id\":\"https:\/\/cgh.com.pl\/fr\/#\/schema\/logo\/image\/\",\"url\":\"https:\/\/cgh.com.pl\/fr\/wp-content\/uploads\/2023\/05\/logoCGH.png\",\"contentUrl\":\"https:\/\/cgh.com.pl\/fr\/wp-content\/uploads\/2023\/05\/logoCGH.png\",\"width\":449,\"height\":162,\"caption\":\"CGH Group Sp. z o.o.\"},\"image\":{\"@id\":\"https:\/\/cgh.com.pl\/fr\/#\/schema\/logo\/image\/\"}}]}<\/script>\n<!-- \/ Yoast SEO plugin. -->","yoast_head_json":{"title":"R\u00e9cipients sous pression pour chambres normobares - CGH Group Sp. z o.o.","robots":{"index":"index","follow":"follow","max-snippet":"max-snippet:-1","max-image-preview":"max-image-preview:large","max-video-preview":"max-video-preview:-1"},"canonical":"https:\/\/cgh.com.pl\/fr\/recipients-sous-pression-pour-chambres-normobares","og_locale":"fr_FR","og_type":"article","og_title":"R\u00e9cipients sous pression pour chambres normobares - CGH Group Sp. z o.o.","og_description":"Normobarie &#8211; \u00e9tat de la pression atmosph\u00e9rique le plus favorable \u00e0 la sant\u00e9 et \u00e0 la long\u00e9vit\u00e9 de l&rsquo;homme, \u00e0 environ 1500 hPa. CGH Polska fabrique des r\u00e9servoirs utilis\u00e9s pour les chambres normobares, con\u00e7us en fonction des besoins individuels du client (longueur, diam\u00e8tre, disposition des fen\u00eatres et des portes et \u00e9l\u00e9ments structurels n\u00e9cessaires \u00e0 l&rsquo;int\u00e9rieur [&hellip;]?","og_url":"https:\/\/cgh.com.pl\/fr\/recipients-sous-pression-pour-chambres-normobares","og_site_name":"CGH Group Sp. z o.o.","article_modified_time":"2023-10-03T21:24:08+00:00","og_image":[{"url":"https:\/\/cgh.com.pl\/fr\/wp-content\/uploads\/2022\/11\/komora-normobaryczna-1024x520-1.jpg","type":"","width":"","height":""}],"twitter_card":"summary_large_image","twitter_misc":{"Dur\u00e9e de lecture estim\u00e9e":"5 minutes"},"schema":{"@context":"https:\/\/schema.org","@graph":[{"@type":"WebPage","@id":"https:\/\/cgh.com.pl\/fr\/recipients-sous-pression-pour-chambres-normobares","url":"https:\/\/cgh.com.pl\/fr\/recipients-sous-pression-pour-chambres-normobares","name":"R\u00e9cipients sous pression pour chambres normobares - CGH Group Sp. z o.o.","isPartOf":{"@id":"https:\/\/cgh.com.pl\/fr\/#website"},"primaryImageOfPage":{"@id":"https:\/\/cgh.com.pl\/fr\/recipients-sous-pression-pour-chambres-normobares#primaryimage"},"image":{"@id":"https:\/\/cgh.com.pl\/fr\/recipients-sous-pression-pour-chambres-normobares#primaryimage"},"thumbnailUrl":"https:\/\/cgh.com.pl\/fr\/wp-content\/uploads\/2022\/11\/komora-normobaryczna-1024x520-1.jpg","datePublished":"2020-11-24T22:21:01+00:00","dateModified":"2023-10-03T21:24:08+00:00","breadcrumb":{"@id":"https:\/\/cgh.com.pl\/fr\/recipients-sous-pression-pour-chambres-normobares#breadcrumb"},"inLanguage":"fr-FR","potentialAction":[{"@type":"ReadAction","target":["https:\/\/cgh.com.pl\/fr\/recipients-sous-pression-pour-chambres-normobares"]}]},{"@type":"ImageObject","inLanguage":"fr-FR","@id":"https:\/\/cgh.com.pl\/fr\/recipients-sous-pression-pour-chambres-normobares#primaryimage","url":"https:\/\/cgh.com.pl\/fr\/wp-content\/uploads\/2022\/11\/komora-normobaryczna-1024x520-1.jpg","contentUrl":"https:\/\/cgh.com.pl\/fr\/wp-content\/uploads\/2022\/11\/komora-normobaryczna-1024x520-1.jpg","width":1024,"height":520},{"@type":"BreadcrumbList","@id":"https:\/\/cgh.com.pl\/fr\/recipients-sous-pression-pour-chambres-normobares#breadcrumb","itemListElement":[{"@type":"ListItem","position":1,"name":"Strona g\u0142\u00f3wna","item":"https:\/\/cgh.com.pl\/fr\/"},{"@type":"ListItem","position":2,"name":"R\u00e9cipients sous pression pour chambres normobares"}]},{"@type":"WebSite","@id":"https:\/\/cgh.com.pl\/fr\/#website","url":"https:\/\/cgh.com.pl\/fr\/","name":"CGH Group Sp. z o.o.","description":"","publisher":{"@id":"https:\/\/cgh.com.pl\/fr\/#organization"},"potentialAction":[{"@type":"SearchAction","target":{"@type":"EntryPoint","urlTemplate":"https:\/\/cgh.com.pl\/fr\/?s={search_term_string}"},"query-input":{"@type":"PropertyValueSpecification","valueRequired":true,"valueName":"search_term_string"}}],"inLanguage":"fr-FR"},{"@type":"Organization","@id":"https:\/\/cgh.com.pl\/fr\/#organization","name":"CGH Group Sp. z o.o.","url":"https:\/\/cgh.com.pl\/fr\/","logo":{"@type":"ImageObject","inLanguage":"fr-FR","@id":"https:\/\/cgh.com.pl\/fr\/#\/schema\/logo\/image\/","url":"https:\/\/cgh.com.pl\/fr\/wp-content\/uploads\/2023\/05\/logoCGH.png","contentUrl":"https:\/\/cgh.com.pl\/fr\/wp-content\/uploads\/2023\/05\/logoCGH.png","width":449,"height":162,"caption":"CGH Group Sp. z o.o."},"image":{"@id":"https:\/\/cgh.com.pl\/fr\/#\/schema\/logo\/image\/"}}]}},"_links":{"self":[{"href":"https:\/\/cgh.com.pl\/fr\/wp-json\/wp\/v2\/pages\/36","targetHints":{"allow":["GET"]}}],"collection":[{"href":"https:\/\/cgh.com.pl\/fr\/wp-json\/wp\/v2\/pages"}],"about":[{"href":"https:\/\/cgh.com.pl\/fr\/wp-json\/wp\/v2\/types\/page"}],"author":[{"embeddable":true,"href":"https:\/\/cgh.com.pl\/fr\/wp-json\/wp\/v2\/users\/1"}],"replies":[{"embeddable":true,"href":"https:\/\/cgh.com.pl\/fr\/wp-json\/wp\/v2\/comments?post=36"}],"version-history":[{"count":15,"href":"https:\/\/cgh.com.pl\/fr\/wp-json\/wp\/v2\/pages\/36\/revisions"}],"predecessor-version":[{"id":4774,"href":"https:\/\/cgh.com.pl\/fr\/wp-json\/wp\/v2\/pages\/36\/revisions\/4774"}],"wp:attachment":[{"href":"https:\/\/cgh.com.pl\/fr\/wp-json\/wp\/v2\/media?parent=36"}],"curies":[{"name":"wp","href":"https:\/\/api.w.org\/{rel}","templated":true}]}}