{"id":40,"date":"2020-11-24T23:21:50","date_gmt":"2020-11-24T22:21:50","guid":{"rendered":"https:\/\/cgh.com.pl\/fr\/?page_id=40"},"modified":"2023-12-27T10:28:11","modified_gmt":"2023-12-27T09:28:11","slug":"cgh-rtp-pipe","status":"publish","type":"page","link":"https:\/\/cgh.com.pl\/fr\/cgh-rtp-pipe","title":{"rendered":"CGH RTP pipe"},"content":{"rendered":"\n<p>Les CGH RTP PIPE sont des conduites flexibles en plastique haute pression fabriqu\u00e9es selon la technologie des conduites thermoplastiques renforc\u00e9es RTP. Gr\u00e2ce \u00e0 leur r\u00e9sistance et \u00e0 leurs performances, ils sont con\u00e7us pour le transport de p\u00e9trole brut, de gaz naturel, d&rsquo;eau de formation, de CO<sup>2<\/sup> et de GPL.<\/p>\n\n\n\n<p>Les conduites \u00e0 haute pression CGH RTP PIPE se distinguent des autres technologies de ce type par leur capacit\u00e9 \u00e0 r\u00e9sister aux temp\u00e9ratures \u00e9lev\u00e9es. La construction \u00e0 trois couches garantit l&rsquo;isolation thermique et un transfert de paraffine sans probl\u00e8me, la trame en fibres d&rsquo;aramide augmente la r\u00e9sistance \u00e0 la pression, tandis que le rev\u00eatement Fortron\u00ae PPS assure la r\u00e9sistance \u00e0 la pression.<\/p>\n\n\n\n<p>r\u00e9sistance chimique aux acides, aux alcalis, \u00e0 la paraffine, aux gaz, au H<sup>2<\/sup>S, au CO<sup>2<\/sup> et aux saumures.<\/p>\n\n\n\n<p>Les canalisations en plastique sont utilis\u00e9es pour l&rsquo;injection d&rsquo;eau, le transport de liquides chimiques ou le raccordement de puits de p\u00e9trole et de gaz.<\/p>\n\n\n\n<div class=\"wp-block-columns has-2-columns is-layout-flex wp-container-core-columns-is-layout-9d6595d7 wp-block-columns-is-layout-flex\">\n<div class=\"wp-block-column is-layout-flow wp-block-column-is-layout-flow\">\n<h4 class=\"wp-block-heading\">Technologie CGH RTP PIPE<\/h4>\n\n\n\n<p>Les TUYAUX CGH RTP PIPE sont utilis\u00e9s \u00e0 la fois pour la construction de nouveaux r\u00e9seaux en tranch\u00e9e ouverte et dans les technologies sans tranch\u00e9e pour la modernisation des installations existantes.<\/p>\n\n\n\n<p>Nouveaux mat\u00e9riaux polym\u00e8res<\/p>\n\n\n\n<ul class=\"wp-block-list\">\n<li>Durabilit\u00e9 accrue<\/li>\n\n\n\n<li>Efficacit\u00e9 accrue \u00e0 des temp\u00e9ratures plus \u00e9lev\u00e9es<\/li>\n\n\n\n<li>Am\u00e9lioration de la r\u00e9sistance \u00e0 la corrosion<\/li>\n\n\n\n<li>Moins d&rsquo;infiltrations<\/li>\n\n\n\n<li>Technologie CGH RTP PIPE<\/li>\n<\/ul>\n\n\n\n<h4 class=\"wp-block-heading\"><strong>Application<\/strong><\/h4>\n\n\n\n<ul class=\"wp-block-list\">\n<li>Lignes de concentration reliant les puits de p\u00e9trole et de gaz<\/li>\n\n\n\n<li>Lignes d&rsquo;injection d&rsquo;eau<\/li>\n\n\n\n<li>Lignes d&rsquo;injection de CO2<\/li>\n\n\n\n<li>Transport d&rsquo;hydrocarbures et de liquides chimiques<\/li>\n<\/ul>\n\n\n\n<h4 class=\"wp-block-heading\"><strong>Avantages des installations de transmission CGH RTP PIPE<\/strong><\/h4>\n\n\n\n<ul class=\"wp-block-list\">\n<li>Perte de charge r\u00e9duite par rapport \u00e0 l&rsquo;acier<\/li>\n\n\n\n<li>Meilleure isolation thermique par rapport \u00e0 l&rsquo;acier<\/li>\n\n\n\n<li>Syst\u00e8mes \u00e0 haute pression en combinaison avec le PE<\/li>\n\n\n\n<li>Excellentes propri\u00e9t\u00e9s de r\u00e9sistance chimique<\/li>\n\n\n\n<li>Pas de probl\u00e8mes d&rsquo;adh\u00e9rence de la paraffine ou du calcaire<\/li>\n\n\n\n<li>R\u00e9duction du temps et du co\u00fbt d&rsquo;installation<\/li>\n\n\n\n<li>R\u00e9sistance aux temp\u00e9ratures \u00e9lev\u00e9es<\/li>\n<\/ul>\n<\/div>\n\n\n\n<div class=\"wp-block-column is-layout-flow wp-block-column-is-layout-flow\">\n<figure class=\"wp-block-image size-full\"><img decoding=\"async\" width=\"442\" height=\"369\" data-src=\"https:\/\/cgh.com.pl\/fr\/wp-content\/uploads\/2022\/02\/CGH-RTP_PIPE-500m.jpg\" alt=\"CGH RTP pipe\" class=\"wp-image-2791 img-fluid lazyload\" title=\"CGH RTP pipe\" data-srcset=\"https:\/\/cgh.com.pl\/fr\/wp-content\/uploads\/2022\/02\/CGH-RTP_PIPE-500m.jpg 442w, https:\/\/cgh.com.pl\/fr\/wp-content\/uploads\/2022\/02\/CGH-RTP_PIPE-500m-300x250.jpg 300w\" data-sizes=\"(max-width: 442px) 100vw, 442px\" src=\"data:image\/svg+xml;base64,PHN2ZyB3aWR0aD0iMSIgaGVpZ2h0PSIxIiB4bWxucz0iaHR0cDovL3d3dy53My5vcmcvMjAwMC9zdmciPjwvc3ZnPg==\" style=\"--smush-placeholder-width: 442px; --smush-placeholder-aspect-ratio: 442\/369;\" \/><\/figure>\n<\/div>\n<\/div>\n","protected":false},"excerpt":{"rendered":"<p>Les CGH RTP PIPE sont des conduites flexibles en plastique haute pression fabriqu\u00e9es selon la technologie des conduites thermoplastiques renforc\u00e9es RTP. Gr\u00e2ce \u00e0 leur r\u00e9sistance et \u00e0 leurs performances, ils sont con\u00e7us pour le transport de p\u00e9trole brut, de gaz naturel, d&rsquo;eau de formation, de CO2 et de GPL. Les conduites \u00e0 haute pression CGH [&hellip;]?<\/p>\n","protected":false},"author":1,"featured_media":0,"parent":0,"menu_order":0,"comment_status":"closed","ping_status":"closed","template":"page-products-with-second-menu.php","meta":{"_acf_changed":false,"footnotes":""},"class_list":["post-40","page","type-page","status-publish","hentry"],"acf":[],"yoast_head":"<!-- This site is optimized with the Yoast SEO plugin v26.1.1 - https:\/\/yoast.com\/wordpress\/plugins\/seo\/ -->\n<title>CGH RTP pipe - CGH Group Sp. z o.o.<\/title>\n<meta name=\"robots\" content=\"index, follow, max-snippet:-1, max-image-preview:large, max-video-preview:-1\" \/>\n<link rel=\"canonical\" href=\"https:\/\/cgh.com.pl\/fr\/cgh-rtp-pipe\" \/>\n<meta property=\"og:locale\" content=\"fr_FR\" \/>\n<meta property=\"og:type\" content=\"article\" \/>\n<meta property=\"og:title\" content=\"CGH RTP pipe - CGH Group Sp. z o.o.\" \/>\n<meta property=\"og:description\" content=\"Les CGH RTP PIPE sont des conduites flexibles en plastique haute pression fabriqu\u00e9es selon la technologie des conduites thermoplastiques renforc\u00e9es RTP. Gr\u00e2ce \u00e0 leur r\u00e9sistance et \u00e0 leurs performances, ils sont con\u00e7us pour le transport de p\u00e9trole brut, de gaz naturel, d&rsquo;eau de formation, de CO2 et de GPL. Les conduites \u00e0 haute pression CGH [&hellip;]?\" \/>\n<meta property=\"og:url\" content=\"https:\/\/cgh.com.pl\/fr\/cgh-rtp-pipe\" \/>\n<meta property=\"og:site_name\" content=\"CGH Group Sp. z o.o.\" \/>\n<meta property=\"article:modified_time\" content=\"2023-12-27T09:28:11+00:00\" \/>\n<meta property=\"og:image\" content=\"https:\/\/cgh.com.pl\/fr\/wp-content\/uploads\/2022\/02\/CGH-RTP_PIPE-500m.jpg\" \/>\n<meta name=\"twitter:card\" content=\"summary_large_image\" \/>\n<meta name=\"twitter:label1\" content=\"Dur\u00e9e de lecture estim\u00e9e\" \/>\n\t<meta name=\"twitter:data1\" content=\"3 minutes\" \/>\n<script type=\"application\/ld+json\" class=\"yoast-schema-graph\">{\"@context\":\"https:\/\/schema.org\",\"@graph\":[{\"@type\":\"WebPage\",\"@id\":\"https:\/\/cgh.com.pl\/fr\/cgh-rtp-pipe\",\"url\":\"https:\/\/cgh.com.pl\/fr\/cgh-rtp-pipe\",\"name\":\"CGH RTP pipe - CGH Group Sp. z o.o.\",\"isPartOf\":{\"@id\":\"https:\/\/cgh.com.pl\/fr\/#website\"},\"primaryImageOfPage\":{\"@id\":\"https:\/\/cgh.com.pl\/fr\/cgh-rtp-pipe#primaryimage\"},\"image\":{\"@id\":\"https:\/\/cgh.com.pl\/fr\/cgh-rtp-pipe#primaryimage\"},\"thumbnailUrl\":\"https:\/\/cgh.com.pl\/fr\/wp-content\/uploads\/2022\/02\/CGH-RTP_PIPE-500m.jpg\",\"datePublished\":\"2020-11-24T22:21:50+00:00\",\"dateModified\":\"2023-12-27T09:28:11+00:00\",\"breadcrumb\":{\"@id\":\"https:\/\/cgh.com.pl\/fr\/cgh-rtp-pipe#breadcrumb\"},\"inLanguage\":\"fr-FR\",\"potentialAction\":[{\"@type\":\"ReadAction\",\"target\":[\"https:\/\/cgh.com.pl\/fr\/cgh-rtp-pipe\"]}]},{\"@type\":\"ImageObject\",\"inLanguage\":\"fr-FR\",\"@id\":\"https:\/\/cgh.com.pl\/fr\/cgh-rtp-pipe#primaryimage\",\"url\":\"https:\/\/cgh.com.pl\/fr\/wp-content\/uploads\/2022\/02\/CGH-RTP_PIPE-500m.jpg\",\"contentUrl\":\"https:\/\/cgh.com.pl\/fr\/wp-content\/uploads\/2022\/02\/CGH-RTP_PIPE-500m.jpg\",\"width\":442,\"height\":369,\"caption\":\"CGH RTP PIPE 500m\"},{\"@type\":\"BreadcrumbList\",\"@id\":\"https:\/\/cgh.com.pl\/fr\/cgh-rtp-pipe#breadcrumb\",\"itemListElement\":[{\"@type\":\"ListItem\",\"position\":1,\"name\":\"Strona g\u0142\u00f3wna\",\"item\":\"https:\/\/cgh.com.pl\/fr\/\"},{\"@type\":\"ListItem\",\"position\":2,\"name\":\"CGH RTP pipe\"}]},{\"@type\":\"WebSite\",\"@id\":\"https:\/\/cgh.com.pl\/fr\/#website\",\"url\":\"https:\/\/cgh.com.pl\/fr\/\",\"name\":\"CGH Group Sp. z o.o.\",\"description\":\"\",\"publisher\":{\"@id\":\"https:\/\/cgh.com.pl\/fr\/#organization\"},\"potentialAction\":[{\"@type\":\"SearchAction\",\"target\":{\"@type\":\"EntryPoint\",\"urlTemplate\":\"https:\/\/cgh.com.pl\/fr\/?s={search_term_string}\"},\"query-input\":{\"@type\":\"PropertyValueSpecification\",\"valueRequired\":true,\"valueName\":\"search_term_string\"}}],\"inLanguage\":\"fr-FR\"},{\"@type\":\"Organization\",\"@id\":\"https:\/\/cgh.com.pl\/fr\/#organization\",\"name\":\"CGH Group Sp. z o.o.\",\"url\":\"https:\/\/cgh.com.pl\/fr\/\",\"logo\":{\"@type\":\"ImageObject\",\"inLanguage\":\"fr-FR\",\"@id\":\"https:\/\/cgh.com.pl\/fr\/#\/schema\/logo\/image\/\",\"url\":\"https:\/\/cgh.com.pl\/fr\/wp-content\/uploads\/2023\/05\/logoCGH.png\",\"contentUrl\":\"https:\/\/cgh.com.pl\/fr\/wp-content\/uploads\/2023\/05\/logoCGH.png\",\"width\":449,\"height\":162,\"caption\":\"CGH Group Sp. z o.o.\"},\"image\":{\"@id\":\"https:\/\/cgh.com.pl\/fr\/#\/schema\/logo\/image\/\"}}]}<\/script>\n<!-- \/ Yoast SEO plugin. -->","yoast_head_json":{"title":"CGH RTP pipe - CGH Group Sp. z o.o.","robots":{"index":"index","follow":"follow","max-snippet":"max-snippet:-1","max-image-preview":"max-image-preview:large","max-video-preview":"max-video-preview:-1"},"canonical":"https:\/\/cgh.com.pl\/fr\/cgh-rtp-pipe","og_locale":"fr_FR","og_type":"article","og_title":"CGH RTP pipe - CGH Group Sp. z o.o.","og_description":"Les CGH RTP PIPE sont des conduites flexibles en plastique haute pression fabriqu\u00e9es selon la technologie des conduites thermoplastiques renforc\u00e9es RTP. Gr\u00e2ce \u00e0 leur r\u00e9sistance et \u00e0 leurs performances, ils sont con\u00e7us pour le transport de p\u00e9trole brut, de gaz naturel, d&rsquo;eau de formation, de CO2 et de GPL. Les conduites \u00e0 haute pression CGH [&hellip;]?","og_url":"https:\/\/cgh.com.pl\/fr\/cgh-rtp-pipe","og_site_name":"CGH Group Sp. z o.o.","article_modified_time":"2023-12-27T09:28:11+00:00","og_image":[{"url":"https:\/\/cgh.com.pl\/fr\/wp-content\/uploads\/2022\/02\/CGH-RTP_PIPE-500m.jpg","type":"","width":"","height":""}],"twitter_card":"summary_large_image","twitter_misc":{"Dur\u00e9e de lecture estim\u00e9e":"3 minutes"},"schema":{"@context":"https:\/\/schema.org","@graph":[{"@type":"WebPage","@id":"https:\/\/cgh.com.pl\/fr\/cgh-rtp-pipe","url":"https:\/\/cgh.com.pl\/fr\/cgh-rtp-pipe","name":"CGH RTP pipe - CGH Group Sp. z o.o.","isPartOf":{"@id":"https:\/\/cgh.com.pl\/fr\/#website"},"primaryImageOfPage":{"@id":"https:\/\/cgh.com.pl\/fr\/cgh-rtp-pipe#primaryimage"},"image":{"@id":"https:\/\/cgh.com.pl\/fr\/cgh-rtp-pipe#primaryimage"},"thumbnailUrl":"https:\/\/cgh.com.pl\/fr\/wp-content\/uploads\/2022\/02\/CGH-RTP_PIPE-500m.jpg","datePublished":"2020-11-24T22:21:50+00:00","dateModified":"2023-12-27T09:28:11+00:00","breadcrumb":{"@id":"https:\/\/cgh.com.pl\/fr\/cgh-rtp-pipe#breadcrumb"},"inLanguage":"fr-FR","potentialAction":[{"@type":"ReadAction","target":["https:\/\/cgh.com.pl\/fr\/cgh-rtp-pipe"]}]},{"@type":"ImageObject","inLanguage":"fr-FR","@id":"https:\/\/cgh.com.pl\/fr\/cgh-rtp-pipe#primaryimage","url":"https:\/\/cgh.com.pl\/fr\/wp-content\/uploads\/2022\/02\/CGH-RTP_PIPE-500m.jpg","contentUrl":"https:\/\/cgh.com.pl\/fr\/wp-content\/uploads\/2022\/02\/CGH-RTP_PIPE-500m.jpg","width":442,"height":369,"caption":"CGH RTP PIPE 500m"},{"@type":"BreadcrumbList","@id":"https:\/\/cgh.com.pl\/fr\/cgh-rtp-pipe#breadcrumb","itemListElement":[{"@type":"ListItem","position":1,"name":"Strona g\u0142\u00f3wna","item":"https:\/\/cgh.com.pl\/fr\/"},{"@type":"ListItem","position":2,"name":"CGH RTP pipe"}]},{"@type":"WebSite","@id":"https:\/\/cgh.com.pl\/fr\/#website","url":"https:\/\/cgh.com.pl\/fr\/","name":"CGH Group Sp. z o.o.","description":"","publisher":{"@id":"https:\/\/cgh.com.pl\/fr\/#organization"},"potentialAction":[{"@type":"SearchAction","target":{"@type":"EntryPoint","urlTemplate":"https:\/\/cgh.com.pl\/fr\/?s={search_term_string}"},"query-input":{"@type":"PropertyValueSpecification","valueRequired":true,"valueName":"search_term_string"}}],"inLanguage":"fr-FR"},{"@type":"Organization","@id":"https:\/\/cgh.com.pl\/fr\/#organization","name":"CGH Group Sp. z o.o.","url":"https:\/\/cgh.com.pl\/fr\/","logo":{"@type":"ImageObject","inLanguage":"fr-FR","@id":"https:\/\/cgh.com.pl\/fr\/#\/schema\/logo\/image\/","url":"https:\/\/cgh.com.pl\/fr\/wp-content\/uploads\/2023\/05\/logoCGH.png","contentUrl":"https:\/\/cgh.com.pl\/fr\/wp-content\/uploads\/2023\/05\/logoCGH.png","width":449,"height":162,"caption":"CGH Group Sp. z o.o."},"image":{"@id":"https:\/\/cgh.com.pl\/fr\/#\/schema\/logo\/image\/"}}]}},"_links":{"self":[{"href":"https:\/\/cgh.com.pl\/fr\/wp-json\/wp\/v2\/pages\/40","targetHints":{"allow":["GET"]}}],"collection":[{"href":"https:\/\/cgh.com.pl\/fr\/wp-json\/wp\/v2\/pages"}],"about":[{"href":"https:\/\/cgh.com.pl\/fr\/wp-json\/wp\/v2\/types\/page"}],"author":[{"embeddable":true,"href":"https:\/\/cgh.com.pl\/fr\/wp-json\/wp\/v2\/users\/1"}],"replies":[{"embeddable":true,"href":"https:\/\/cgh.com.pl\/fr\/wp-json\/wp\/v2\/comments?post=40"}],"version-history":[{"count":16,"href":"https:\/\/cgh.com.pl\/fr\/wp-json\/wp\/v2\/pages\/40\/revisions"}],"predecessor-version":[{"id":5207,"href":"https:\/\/cgh.com.pl\/fr\/wp-json\/wp\/v2\/pages\/40\/revisions\/5207"}],"wp:attachment":[{"href":"https:\/\/cgh.com.pl\/fr\/wp-json\/wp\/v2\/media?parent=40"}],"curies":[{"name":"wp","href":"https:\/\/api.w.org\/{rel}","templated":true}]}}