{"id":42,"date":"2020-11-24T23:22:17","date_gmt":"2020-11-24T22:22:17","guid":{"rendered":"https:\/\/cgh.com.pl\/fr\/?page_id=42"},"modified":"2026-02-11T22:13:31","modified_gmt":"2026-02-11T21:13:31","slug":"contact","status":"publish","type":"page","link":"https:\/\/cgh.com.pl\/fr\/contact","title":{"rendered":"Contact"},"content":{"rendered":"\n<div class=\"wp-block-columns has-3-columns is-layout-flex wp-container-core-columns-is-layout-9d6595d7 wp-block-columns-is-layout-flex\">\n<div class=\"wp-block-column is-layout-flow wp-block-column-is-layout-flow\">\n<h4 class=\"wp-block-heading\" id=\"cgh-polska-sp-z-o-o\">CGH Group sp. z o.o.<\/h4>\n\n\n\n<p>ul. Srebrna 39<br>85-461 Bydgoszcz<br>ul. Srebrna 39<br>85-461 Bydgoszcz<br><a href=\"https:\/\/www.cgh.com.pl\/fr\">www.cgh.com.pl\/fr<\/a><br>e-mail:&nbsp;<a href=\"mailto:info@cgh.com.pl\">info@cgh.com.pl<\/a><br>tel. <a href=\"tel:+48523706666\">+48 (52) 370 66 66<\/a><br>fax. +48 (52) 370 66 60<br>NIP 527-255-23-83<br>REGON 141087820<br>KRS 0000288570<br>PKO BP \u2013 I Oddzia\u0142 w Bydgoszczy<br>Nr konta: 42 1020 1462 0000 7202 0168 8266<\/p>\n<\/div>\n\n\n\n<div class=\"wp-block-column is-layout-flow wp-block-column-is-layout-flow\">\n<iframe data-src=\"https:\/\/www.google.com\/maps\/embed?pb=!1m18!1m12!1m3!1d2393.0395358650885!2d17.89260431573281!3d53.145384997445916!2m3!1f0!2f0!3f0!3m2!1i1024!2i768!4f13.1!3m3!1m2!1s0x47030d94c0a0e487%3A0x65744c019cea2f1c!2sCGH+Polska+Sp.+z+o.o.!5e0!3m2!1spl!2spl!4v1469777993021\" allowfullscreen=\"allowfullscreen\" src=\"data:image\/svg+xml;base64,PHN2ZyB3aWR0aD0iMSIgaGVpZ2h0PSIxIiB4bWxucz0iaHR0cDovL3d3dy53My5vcmcvMjAwMC9zdmciPjwvc3ZnPg==\" class=\"lazyload\" data-load-mode=\"1\"><\/iframe>\n<\/div>\n\n\n\n<div class=\"wp-block-column is-layout-flow wp-block-column-is-layout-flow\">\n<figure class=\"wp-block-image\"><img decoding=\"async\" width=\"487\" height=\"300\" data-src=\"https:\/\/cgh.com.pl\/fr\/wp-content\/uploads\/2021\/06\/cgh-polska_Bydgoszcz.jpg\" alt=\"Contact CGH Polska \" class=\"wp-image-1839 img-fluid lazyload\" title=\"Contact CGH Polska \" data-srcset=\"https:\/\/cgh.com.pl\/fr\/wp-content\/uploads\/2021\/06\/cgh-polska_Bydgoszcz.jpg 487w, https:\/\/cgh.com.pl\/fr\/wp-content\/uploads\/2021\/06\/cgh-polska_Bydgoszcz-300x185.jpg 300w\" data-sizes=\"(max-width: 487px) 100vw, 487px\" src=\"data:image\/svg+xml;base64,PHN2ZyB3aWR0aD0iMSIgaGVpZ2h0PSIxIiB4bWxucz0iaHR0cDovL3d3dy53My5vcmcvMjAwMC9zdmciPjwvc3ZnPg==\" style=\"--smush-placeholder-width: 487px; --smush-placeholder-aspect-ratio: 487\/300;\" \/><\/figure>\n<\/div>\n<\/div>\n\n\n\n<p><strong>D\u00e9partement Commercial:<\/strong><\/p>\n\n\n\n<div class=\"wp-block-columns is-layout-flex wp-container-core-columns-is-layout-9d6595d7 wp-block-columns-is-layout-flex\">\n<div class=\"wp-block-column is-layout-flow wp-block-column-is-layout-flow\">\n<p>Directeur des Ventes<\/p>\n\n\n\n<p><strong>Robert J\u00f3\u017awiak<\/strong><\/p>\n\n\n\n<p>phone: <a href=\"tel:+48523706674\">+ 48 (52) 370 66 74<\/a><br>mob: <a href=\"tel:+48602334024\">+ 48 602 334 024<\/a><br>e-mail:&nbsp;<a href=\"mailto:robert.jozwiak@cgh.com.pl\">robert.jozwiak@cgh.com.pl<\/a><\/p>\n<\/div>\n\n\n\n<div class=\"wp-block-column is-layout-flow wp-block-column-is-layout-flow\">\n<p>Responsable des Ventes<\/p>\n\n\n\n<p><strong><strong>Tomasz Maciejewski<\/strong><\/strong><\/p>\n\n\n\n<p>mob: <a href=\"tel:+48664974849\">+ 48 664 974 849<\/a><br>e-mail:\u00a0<a href=\"mailto:t.maciejewski@cgh.com.pl\"><a href=\"mailto:t.maciejewski@cgh.com.pl\">t.maciejewski@cgh.com.pl<\/a><\/a><\/p>\n<\/div>\n\n\n\n<div class=\"wp-block-column is-layout-flow wp-block-column-is-layout-flow\">\n<p><\/p>\n<\/div>\n<\/div>\n\n\n\n<p>Si vous \u00eates int\u00e9ress\u00e9 par notre portfolio de r\u00e9servoirs en acier et de tuyaux sous pression, veuillez nous contacter. Nous serons heureux de r\u00e9pondre \u00e0 toutes vos questions ou doutes concernant nos produits, tels que les r\u00e9servoirs de biocarburant, les r\u00e9servoirs de carburant, les r\u00e9servoirs souterrains et hors sol, les r\u00e9servoirs simple et double paroi, les tuyaux de gaz, les tuyaux Thermoflex GPL et p\u00e9trole, ainsi que les distributeurs, les stations-container, les unit\u00e9s hydrophores, les r\u00e9servoirs, les regards d&rsquo;homme de r\u00e9servoir, les regards d&rsquo;homme robustes, les fonds de r\u00e9servoir en acier tourn\u00e9, les raccords pour les stations-service, les s\u00e9parateurs et les bornes de prix. Nos r\u00e9servoirs sous pression industriels sont utilis\u00e9s comme r\u00e9servoirs d&rsquo;eau, r\u00e9servoirs d&rsquo;air et r\u00e9servoirs de carburant.<\/p>\n\n\n\n<a name=\"formularz\"><\/a>\n\n\n\n<hr class=\"wp-block-separator has-css-opacity\"\/>\n\n\n\n<p class=\"has-black-color has-text-color\"><a name=\"formularz\"><\/a><\/p>\n","protected":false},"excerpt":{"rendered":"<p>CGH Group sp. z o.o. ul. Srebrna 3985-461 Bydgoszczul. Srebrna 3985-461 Bydgoszczwww.cgh.com.pl\/fre-mail:&nbsp;info@cgh.com.pltel. +48 (52) 370 66 66fax. +48 (52) 370 66 60NIP 527-255-23-83REGON 141087820KRS 0000288570PKO BP \u2013 I Oddzia\u0142 w BydgoszczyNr konta: 42 1020 1462 0000 7202 0168 8266 D\u00e9partement Commercial: Directeur des Ventes Robert J\u00f3\u017awiak phone: + 48 (52) 370 66 74mob: + 48 [&hellip;]?<\/p>\n","protected":false},"author":1,"featured_media":0,"parent":0,"menu_order":0,"comment_status":"closed","ping_status":"closed","template":"page-products.php","meta":{"_acf_changed":false,"footnotes":""},"class_list":["post-42","page","type-page","status-publish","hentry"],"acf":[],"yoast_head":"<!-- This site is optimized with the Yoast SEO plugin v26.1.1 - https:\/\/yoast.com\/wordpress\/plugins\/seo\/ -->\n<title>Contact - CGH Group Sp. z o.o.<\/title>\n<meta name=\"robots\" content=\"index, follow, max-snippet:-1, max-image-preview:large, max-video-preview:-1\" \/>\n<link rel=\"canonical\" href=\"https:\/\/cgh.com.pl\/fr\/contact\" \/>\n<meta property=\"og:locale\" content=\"fr_FR\" \/>\n<meta property=\"og:type\" content=\"article\" \/>\n<meta property=\"og:title\" content=\"Contact - CGH Group Sp. z o.o.\" \/>\n<meta property=\"og:description\" content=\"CGH Group sp. z o.o. ul. Srebrna 3985-461 Bydgoszczul. Srebrna 3985-461 Bydgoszczwww.cgh.com.pl\/fre-mail:&nbsp;info@cgh.com.pltel. +48 (52) 370 66 66fax. +48 (52) 370 66 60NIP 527-255-23-83REGON 141087820KRS 0000288570PKO BP \u2013 I Oddzia\u0142 w BydgoszczyNr konta: 42 1020 1462 0000 7202 0168 8266 D\u00e9partement Commercial: Directeur des Ventes Robert J\u00f3\u017awiak phone: + 48 (52) 370 66 74mob: + 48 [&hellip;]?\" \/>\n<meta property=\"og:url\" content=\"https:\/\/cgh.com.pl\/fr\/contact\" \/>\n<meta property=\"og:site_name\" content=\"CGH Group Sp. z o.o.\" \/>\n<meta property=\"article:modified_time\" content=\"2026-02-11T21:13:31+00:00\" \/>\n<meta property=\"og:image\" content=\"https:\/\/cgh.com.pl\/fr\/wp-content\/uploads\/2021\/06\/cgh-polska_Bydgoszcz.jpg\" \/>\n\t<meta property=\"og:image:width\" content=\"487\" \/>\n\t<meta property=\"og:image:height\" content=\"300\" \/>\n\t<meta property=\"og:image:type\" content=\"image\/jpeg\" \/>\n<meta name=\"twitter:card\" content=\"summary_large_image\" \/>\n<meta name=\"twitter:label1\" content=\"Dur\u00e9e de lecture estim\u00e9e\" \/>\n\t<meta name=\"twitter:data1\" content=\"2 minutes\" \/>\n<script type=\"application\/ld+json\" class=\"yoast-schema-graph\">{\"@context\":\"https:\/\/schema.org\",\"@graph\":[{\"@type\":\"WebPage\",\"@id\":\"https:\/\/cgh.com.pl\/fr\/contact\",\"url\":\"https:\/\/cgh.com.pl\/fr\/contact\",\"name\":\"Contact - CGH Group Sp. z o.o.\",\"isPartOf\":{\"@id\":\"https:\/\/cgh.com.pl\/fr\/#website\"},\"primaryImageOfPage\":{\"@id\":\"https:\/\/cgh.com.pl\/fr\/contact#primaryimage\"},\"image\":{\"@id\":\"https:\/\/cgh.com.pl\/fr\/contact#primaryimage\"},\"thumbnailUrl\":\"https:\/\/cgh.com.pl\/fr\/wp-content\/uploads\/2021\/06\/cgh-polska_Bydgoszcz.jpg\",\"datePublished\":\"2020-11-24T22:22:17+00:00\",\"dateModified\":\"2026-02-11T21:13:31+00:00\",\"breadcrumb\":{\"@id\":\"https:\/\/cgh.com.pl\/fr\/contact#breadcrumb\"},\"inLanguage\":\"fr-FR\",\"potentialAction\":[{\"@type\":\"ReadAction\",\"target\":[\"https:\/\/cgh.com.pl\/fr\/contact\"]}]},{\"@type\":\"ImageObject\",\"inLanguage\":\"fr-FR\",\"@id\":\"https:\/\/cgh.com.pl\/fr\/contact#primaryimage\",\"url\":\"https:\/\/cgh.com.pl\/fr\/wp-content\/uploads\/2021\/06\/cgh-polska_Bydgoszcz.jpg\",\"contentUrl\":\"https:\/\/cgh.com.pl\/fr\/wp-content\/uploads\/2021\/06\/cgh-polska_Bydgoszcz.jpg\",\"width\":487,\"height\":300,\"caption\":\"CGH Polska Bydgoszcz\"},{\"@type\":\"BreadcrumbList\",\"@id\":\"https:\/\/cgh.com.pl\/fr\/contact#breadcrumb\",\"itemListElement\":[{\"@type\":\"ListItem\",\"position\":1,\"name\":\"Strona g\u0142\u00f3wna\",\"item\":\"https:\/\/cgh.com.pl\/fr\/\"},{\"@type\":\"ListItem\",\"position\":2,\"name\":\"Contact\"}]},{\"@type\":\"WebSite\",\"@id\":\"https:\/\/cgh.com.pl\/fr\/#website\",\"url\":\"https:\/\/cgh.com.pl\/fr\/\",\"name\":\"CGH Group Sp. z o.o.\",\"description\":\"\",\"publisher\":{\"@id\":\"https:\/\/cgh.com.pl\/fr\/#organization\"},\"potentialAction\":[{\"@type\":\"SearchAction\",\"target\":{\"@type\":\"EntryPoint\",\"urlTemplate\":\"https:\/\/cgh.com.pl\/fr\/?s={search_term_string}\"},\"query-input\":{\"@type\":\"PropertyValueSpecification\",\"valueRequired\":true,\"valueName\":\"search_term_string\"}}],\"inLanguage\":\"fr-FR\"},{\"@type\":\"Organization\",\"@id\":\"https:\/\/cgh.com.pl\/fr\/#organization\",\"name\":\"CGH Group Sp. z o.o.\",\"url\":\"https:\/\/cgh.com.pl\/fr\/\",\"logo\":{\"@type\":\"ImageObject\",\"inLanguage\":\"fr-FR\",\"@id\":\"https:\/\/cgh.com.pl\/fr\/#\/schema\/logo\/image\/\",\"url\":\"https:\/\/cgh.com.pl\/fr\/wp-content\/uploads\/2023\/05\/logoCGH.png\",\"contentUrl\":\"https:\/\/cgh.com.pl\/fr\/wp-content\/uploads\/2023\/05\/logoCGH.png\",\"width\":449,\"height\":162,\"caption\":\"CGH Group Sp. z o.o.\"},\"image\":{\"@id\":\"https:\/\/cgh.com.pl\/fr\/#\/schema\/logo\/image\/\"}}]}<\/script>\n<!-- \/ Yoast SEO plugin. -->","yoast_head_json":{"title":"Contact - CGH Group Sp. z o.o.","robots":{"index":"index","follow":"follow","max-snippet":"max-snippet:-1","max-image-preview":"max-image-preview:large","max-video-preview":"max-video-preview:-1"},"canonical":"https:\/\/cgh.com.pl\/fr\/contact","og_locale":"fr_FR","og_type":"article","og_title":"Contact - CGH Group Sp. z o.o.","og_description":"CGH Group sp. z o.o. ul. Srebrna 3985-461 Bydgoszczul. Srebrna 3985-461 Bydgoszczwww.cgh.com.pl\/fre-mail:&nbsp;info@cgh.com.pltel. +48 (52) 370 66 66fax. +48 (52) 370 66 60NIP 527-255-23-83REGON 141087820KRS 0000288570PKO BP \u2013 I Oddzia\u0142 w BydgoszczyNr konta: 42 1020 1462 0000 7202 0168 8266 D\u00e9partement Commercial: Directeur des Ventes Robert J\u00f3\u017awiak phone: + 48 (52) 370 66 74mob: + 48 [&hellip;]?","og_url":"https:\/\/cgh.com.pl\/fr\/contact","og_site_name":"CGH Group Sp. z o.o.","article_modified_time":"2026-02-11T21:13:31+00:00","og_image":[{"width":487,"height":300,"url":"https:\/\/cgh.com.pl\/fr\/wp-content\/uploads\/2021\/06\/cgh-polska_Bydgoszcz.jpg","type":"image\/jpeg"}],"twitter_card":"summary_large_image","twitter_misc":{"Dur\u00e9e de lecture estim\u00e9e":"2 minutes"},"schema":{"@context":"https:\/\/schema.org","@graph":[{"@type":"WebPage","@id":"https:\/\/cgh.com.pl\/fr\/contact","url":"https:\/\/cgh.com.pl\/fr\/contact","name":"Contact - CGH Group Sp. z o.o.","isPartOf":{"@id":"https:\/\/cgh.com.pl\/fr\/#website"},"primaryImageOfPage":{"@id":"https:\/\/cgh.com.pl\/fr\/contact#primaryimage"},"image":{"@id":"https:\/\/cgh.com.pl\/fr\/contact#primaryimage"},"thumbnailUrl":"https:\/\/cgh.com.pl\/fr\/wp-content\/uploads\/2021\/06\/cgh-polska_Bydgoszcz.jpg","datePublished":"2020-11-24T22:22:17+00:00","dateModified":"2026-02-11T21:13:31+00:00","breadcrumb":{"@id":"https:\/\/cgh.com.pl\/fr\/contact#breadcrumb"},"inLanguage":"fr-FR","potentialAction":[{"@type":"ReadAction","target":["https:\/\/cgh.com.pl\/fr\/contact"]}]},{"@type":"ImageObject","inLanguage":"fr-FR","@id":"https:\/\/cgh.com.pl\/fr\/contact#primaryimage","url":"https:\/\/cgh.com.pl\/fr\/wp-content\/uploads\/2021\/06\/cgh-polska_Bydgoszcz.jpg","contentUrl":"https:\/\/cgh.com.pl\/fr\/wp-content\/uploads\/2021\/06\/cgh-polska_Bydgoszcz.jpg","width":487,"height":300,"caption":"CGH Polska Bydgoszcz"},{"@type":"BreadcrumbList","@id":"https:\/\/cgh.com.pl\/fr\/contact#breadcrumb","itemListElement":[{"@type":"ListItem","position":1,"name":"Strona g\u0142\u00f3wna","item":"https:\/\/cgh.com.pl\/fr\/"},{"@type":"ListItem","position":2,"name":"Contact"}]},{"@type":"WebSite","@id":"https:\/\/cgh.com.pl\/fr\/#website","url":"https:\/\/cgh.com.pl\/fr\/","name":"CGH Group Sp. z o.o.","description":"","publisher":{"@id":"https:\/\/cgh.com.pl\/fr\/#organization"},"potentialAction":[{"@type":"SearchAction","target":{"@type":"EntryPoint","urlTemplate":"https:\/\/cgh.com.pl\/fr\/?s={search_term_string}"},"query-input":{"@type":"PropertyValueSpecification","valueRequired":true,"valueName":"search_term_string"}}],"inLanguage":"fr-FR"},{"@type":"Organization","@id":"https:\/\/cgh.com.pl\/fr\/#organization","name":"CGH Group Sp. z o.o.","url":"https:\/\/cgh.com.pl\/fr\/","logo":{"@type":"ImageObject","inLanguage":"fr-FR","@id":"https:\/\/cgh.com.pl\/fr\/#\/schema\/logo\/image\/","url":"https:\/\/cgh.com.pl\/fr\/wp-content\/uploads\/2023\/05\/logoCGH.png","contentUrl":"https:\/\/cgh.com.pl\/fr\/wp-content\/uploads\/2023\/05\/logoCGH.png","width":449,"height":162,"caption":"CGH Group Sp. z o.o."},"image":{"@id":"https:\/\/cgh.com.pl\/fr\/#\/schema\/logo\/image\/"}}]}},"_links":{"self":[{"href":"https:\/\/cgh.com.pl\/fr\/wp-json\/wp\/v2\/pages\/42","targetHints":{"allow":["GET"]}}],"collection":[{"href":"https:\/\/cgh.com.pl\/fr\/wp-json\/wp\/v2\/pages"}],"about":[{"href":"https:\/\/cgh.com.pl\/fr\/wp-json\/wp\/v2\/types\/page"}],"author":[{"embeddable":true,"href":"https:\/\/cgh.com.pl\/fr\/wp-json\/wp\/v2\/users\/1"}],"replies":[{"embeddable":true,"href":"https:\/\/cgh.com.pl\/fr\/wp-json\/wp\/v2\/comments?post=42"}],"version-history":[{"count":10,"href":"https:\/\/cgh.com.pl\/fr\/wp-json\/wp\/v2\/pages\/42\/revisions"}],"predecessor-version":[{"id":5277,"href":"https:\/\/cgh.com.pl\/fr\/wp-json\/wp\/v2\/pages\/42\/revisions\/5277"}],"wp:attachment":[{"href":"https:\/\/cgh.com.pl\/fr\/wp-json\/wp\/v2\/media?parent=42"}],"curies":[{"name":"wp","href":"https:\/\/api.w.org\/{rel}","templated":true}]}}