{"id":428,"date":"2020-12-07T21:27:11","date_gmt":"2020-12-07T20:27:11","guid":{"rendered":"https:\/\/cgh.com.pl\/fr\/?page_id=428"},"modified":"2023-11-30T00:34:12","modified_gmt":"2023-11-29T23:34:12","slug":"trou-dhomme-en-composite-sm5533-sm5542","status":"publish","type":"page","link":"https:\/\/cgh.com.pl\/fr\/accessoires\/trous-dhommes-puits-et-couvercle\/trou-dhomme-en-composite-sm5533-sm5542","title":{"rendered":"Trou d&rsquo;homme en composite SM5533, SM5542"},"content":{"rendered":"\n<div class=\"wp-block-columns has-2-columns is-layout-flex wp-container-core-columns-is-layout-9d6595d7 wp-block-columns-is-layout-flex\">\n<div class=\"wp-block-column is-layout-flow wp-block-column-is-layout-flow\"><div class=\"wp-block-image\">\n<figure class=\"aligncenter\"><img decoding=\"async\" width=\"360\" height=\"240\" data-src=\"https:\/\/cgh.com.pl\/fr\/wp-content\/uploads\/2021\/06\/composite-tank-sumps-sm5533-sm5542-2.jpg\" alt=\"Trous d\u2019hommes en composite SM5533, SM5542\" class=\"wp-image-1745 img-fluid lazyload\" title=\"SM5533, SM5542 composite sumps\" data-srcset=\"https:\/\/cgh.com.pl\/fr\/wp-content\/uploads\/2021\/06\/composite-tank-sumps-sm5533-sm5542-2.jpg 360w, https:\/\/cgh.com.pl\/fr\/wp-content\/uploads\/2021\/06\/composite-tank-sumps-sm5533-sm5542-2-300x200.jpg 300w\" data-sizes=\"(max-width: 360px) 100vw, 360px\" src=\"data:image\/svg+xml;base64,PHN2ZyB3aWR0aD0iMSIgaGVpZ2h0PSIxIiB4bWxucz0iaHR0cDovL3d3dy53My5vcmcvMjAwMC9zdmciPjwvc3ZnPg==\" style=\"--smush-placeholder-width: 360px; --smush-placeholder-aspect-ratio: 360\/240;\" \/><\/figure><\/div>\n\n\n<div class=\"wp-block-columns has-3-columns is-layout-flex wp-container-core-columns-is-layout-9d6595d7 wp-block-columns-is-layout-flex\">\n<div class=\"wp-block-column is-layout-flow wp-block-column-is-layout-flow\">\n<div class=\"first-zoom-photo-alone\"><img src=https:\/\/cgh.com.pl\/fr\/wp-content\/uploads\/2022\/03\/Composite-tank-sumps-SM5533_SM5542.png\" alt=\"Trous d\u2019hommes en composite SM5533, SM5542\">\n<\/div>\n<\/div>\n\n\n\n<div class=\"wp-block-column is-layout-flow wp-block-column-is-layout-flow\">\n<iframe data-src=\"https:\/\/www.youtube.com\/embed\/NSzCLZq-XAc\" frameborder=\"0\" allowfullscreen=\"allowfullscreen\" src=\"data:image\/svg+xml;base64,PHN2ZyB3aWR0aD0iMSIgaGVpZ2h0PSIxIiB4bWxucz0iaHR0cDovL3d3dy53My5vcmcvMjAwMC9zdmciPjwvc3ZnPg==\" class=\"lazyload\" data-load-mode=\"1\"><\/iframe>\n<\/div>\n\n\n\n<div class=\"wp-block-column is-layout-flow wp-block-column-is-layout-flow\">\n<iframe data-src=\"https:\/\/www.youtube.com\/embed\/-6Enfumqxcs\" frameborder=\"0\" allow=\"accelerometer; autoplay; clipboard-write; encrypted-media; gyroscope; picture-in-picture\" allowfullscreen=\"\" src=\"data:image\/svg+xml;base64,PHN2ZyB3aWR0aD0iMSIgaGVpZ2h0PSIxIiB4bWxucz0iaHR0cDovL3d3dy53My5vcmcvMjAwMC9zdmciPjwvc3ZnPg==\" class=\"lazyload\" data-load-mode=\"1\"><\/iframe>\n<\/div>\n<\/div>\n<\/div>\n\n\n\n<div class=\"wp-block-column is-layout-flow wp-block-column-is-layout-flow\">\n<p><strong><strong><strong>Informations sur le produit<\/strong><\/strong><\/strong><\/p>\n\n\n\n<p><strong><strong><strong>Trous d\u2019hommes en composite de la s\u00e9rie SM<\/strong><\/strong><\/strong><\/p>\n\n\n\n<p>Les trous d&rsquo;homme de r\u00e9servoir CGH en PE-HD offrent une protection fiable et \u00e9tanche pour la chambre et le couvercle du r\u00e9servoir. La forme est optimis\u00e9e pour l&rsquo;accessibilit\u00e9, la rigidit\u00e9 et la facilit\u00e9 d&rsquo;installation et d&rsquo;entr\u00e9e des raccords de tuyauterie.<\/p>\n\n\n<div class=\"wp-block-image\">\n<figure class=\"alignleft size-full\"><img decoding=\"async\" width=\"22\" height=\"21\" data-src=\"https:\/\/cgh.com.pl\/fr\/wp-content\/uploads\/2020\/12\/good.png\" alt=\"\" class=\"wp-image-558 img-fluid lazyload\" src=\"data:image\/svg+xml;base64,PHN2ZyB3aWR0aD0iMSIgaGVpZ2h0PSIxIiB4bWxucz0iaHR0cDovL3d3dy53My5vcmcvMjAwMC9zdmciPjwvc3ZnPg==\" style=\"--smush-placeholder-width: 22px; --smush-placeholder-aspect-ratio: 22\/21;\" \/><\/figure><\/div>\n\n\n<p><strong><strong><strong>Avantages du dispositif<\/strong><\/strong><\/strong><\/p>\n\n\n\n<ul class=\"wp-block-list\">\n<li>Col r\u00e9glable en hauteur en fonction de la profondeur du r\u00e9servoir<\/li>\n\n\n\n<li>Aucun outil ou \u00e9quipement sp\u00e9cial n&rsquo;est n\u00e9cessaire pour l&rsquo;installation<\/li>\n\n\n\n<li>Grand espace pour toutes les entr\u00e9es de raccordement de tuyaux n\u00e9cessaires<\/li>\n<\/ul>\n\n\n\n<p>Ils ne se corrodent pas et ne n\u00e9cessitent pas de protection contre la corrosion apr\u00e8s les travaux d&rsquo;installation.<\/p>\n\n\n<div class=\"wp-block-image\">\n<figure class=\"alignleft size-full\"><img decoding=\"async\" width=\"22\" height=\"22\" data-src=\"https:\/\/cgh.com.pl\/fr\/wp-content\/uploads\/2020\/12\/advantage.png\" alt=\"\" class=\"wp-image-559 img-fluid lazyload\" src=\"data:image\/svg+xml;base64,PHN2ZyB3aWR0aD0iMSIgaGVpZ2h0PSIxIiB4bWxucz0iaHR0cDovL3d3dy53My5vcmcvMjAwMC9zdmciPjwvc3ZnPg==\" style=\"--smush-placeholder-width: 22px; --smush-placeholder-aspect-ratio: 22\/22;\" \/><\/figure><\/div>\n\n\n<p><strong><strong><strong>Informations techniques<\/strong><\/strong><\/strong><\/p>\n\n\n\n<ul class=\"wp-block-list\">\n<li>Trou d\u2019hommes \u00e0 parois \u00e9paisses en PE-HD<\/li>\n\n\n\n<li>Forme octogonale et grandes parois plates pour le raccordement des tuyaux dans 8 directions<\/li>\n\n\n\n<li>Deux tailles de puits, SM5533 plus petit avec un diam\u00e8tre de col externe de 820 mm, h=1295 mm et SM5542 plus grand avec un diam\u00e8tre de col externe de 1005 mm, h= 1272 mm.<\/li>\n\n\n\n<li>D\u00e9coupe carr\u00e9e ou circulaire pour hiloire avec trous de vis, ou fond plein<\/li>\n<\/ul>\n<\/div>\n<\/div>\n","protected":false},"excerpt":{"rendered":"","protected":false},"author":1,"featured_media":0,"parent":432,"menu_order":0,"comment_status":"closed","ping_status":"closed","template":"page-products-with-second-menu.php","meta":{"_acf_changed":false,"footnotes":""},"class_list":["post-428","page","type-page","status-publish","hentry"],"acf":[],"yoast_head":"<!-- This site is optimized with the Yoast SEO plugin v26.1.1 - https:\/\/yoast.com\/wordpress\/plugins\/seo\/ -->\n<title>Trou d&#039;homme en composite SM5533, SM5542 - CGH Group Sp. z o.o.<\/title>\n<meta name=\"robots\" content=\"index, follow, max-snippet:-1, max-image-preview:large, max-video-preview:-1\" \/>\n<link rel=\"canonical\" href=\"https:\/\/cgh.com.pl\/fr\/accessoires\/trous-dhommes-puits-et-couvercle\/trou-dhomme-en-composite-sm5533-sm5542\" \/>\n<meta property=\"og:locale\" content=\"fr_FR\" \/>\n<meta property=\"og:type\" content=\"article\" \/>\n<meta property=\"og:title\" content=\"Trou d&#039;homme en composite SM5533, SM5542 - CGH Group Sp. z o.o.\" \/>\n<meta property=\"og:url\" content=\"https:\/\/cgh.com.pl\/fr\/accessoires\/trous-dhommes-puits-et-couvercle\/trou-dhomme-en-composite-sm5533-sm5542\" \/>\n<meta property=\"og:site_name\" content=\"CGH Group Sp. z o.o.\" \/>\n<meta property=\"article:modified_time\" content=\"2023-11-29T23:34:12+00:00\" \/>\n<meta property=\"og:image\" content=\"https:\/\/cgh.com.pl\/fr\/wp-content\/uploads\/2021\/06\/composite-tank-sumps-sm5533-sm5542-2.jpg\" \/>\n<meta name=\"twitter:card\" content=\"summary_large_image\" \/>\n<meta name=\"twitter:label1\" content=\"Dur\u00e9e de lecture estim\u00e9e\" \/>\n\t<meta name=\"twitter:data1\" content=\"2 minutes\" \/>\n<script type=\"application\/ld+json\" class=\"yoast-schema-graph\">{\"@context\":\"https:\/\/schema.org\",\"@graph\":[{\"@type\":\"WebPage\",\"@id\":\"https:\/\/cgh.com.pl\/fr\/accessoires\/trous-dhommes-puits-et-couvercle\/trou-dhomme-en-composite-sm5533-sm5542\",\"url\":\"https:\/\/cgh.com.pl\/fr\/accessoires\/trous-dhommes-puits-et-couvercle\/trou-dhomme-en-composite-sm5533-sm5542\",\"name\":\"Trou d'homme en composite SM5533, SM5542 - CGH Group Sp. z o.o.\",\"isPartOf\":{\"@id\":\"https:\/\/cgh.com.pl\/fr\/#website\"},\"primaryImageOfPage\":{\"@id\":\"https:\/\/cgh.com.pl\/fr\/accessoires\/trous-dhommes-puits-et-couvercle\/trou-dhomme-en-composite-sm5533-sm5542#primaryimage\"},\"image\":{\"@id\":\"https:\/\/cgh.com.pl\/fr\/accessoires\/trous-dhommes-puits-et-couvercle\/trou-dhomme-en-composite-sm5533-sm5542#primaryimage\"},\"thumbnailUrl\":\"https:\/\/cgh.com.pl\/fr\/wp-content\/uploads\/2021\/06\/composite-tank-sumps-sm5533-sm5542-2.jpg\",\"datePublished\":\"2020-12-07T20:27:11+00:00\",\"dateModified\":\"2023-11-29T23:34:12+00:00\",\"breadcrumb\":{\"@id\":\"https:\/\/cgh.com.pl\/fr\/accessoires\/trous-dhommes-puits-et-couvercle\/trou-dhomme-en-composite-sm5533-sm5542#breadcrumb\"},\"inLanguage\":\"fr-FR\",\"potentialAction\":[{\"@type\":\"ReadAction\",\"target\":[\"https:\/\/cgh.com.pl\/fr\/accessoires\/trous-dhommes-puits-et-couvercle\/trou-dhomme-en-composite-sm5533-sm5542\"]}]},{\"@type\":\"ImageObject\",\"inLanguage\":\"fr-FR\",\"@id\":\"https:\/\/cgh.com.pl\/fr\/accessoires\/trous-dhommes-puits-et-couvercle\/trou-dhomme-en-composite-sm5533-sm5542#primaryimage\",\"url\":\"https:\/\/cgh.com.pl\/fr\/wp-content\/uploads\/2021\/06\/composite-tank-sumps-sm5533-sm5542-2.jpg\",\"contentUrl\":\"https:\/\/cgh.com.pl\/fr\/wp-content\/uploads\/2021\/06\/composite-tank-sumps-sm5533-sm5542-2.jpg\",\"width\":360,\"height\":240,\"caption\":\"Composite tank sumps SM5533 SM5542\"},{\"@type\":\"BreadcrumbList\",\"@id\":\"https:\/\/cgh.com.pl\/fr\/accessoires\/trous-dhommes-puits-et-couvercle\/trou-dhomme-en-composite-sm5533-sm5542#breadcrumb\",\"itemListElement\":[{\"@type\":\"ListItem\",\"position\":1,\"name\":\"Strona g\u0142\u00f3wna\",\"item\":\"https:\/\/cgh.com.pl\/fr\/\"},{\"@type\":\"ListItem\",\"position\":2,\"name\":\"Accessoires\",\"item\":\"https:\/\/cgh.com.pl\/fr\/accessoires\"},{\"@type\":\"ListItem\",\"position\":3,\"name\":\"Trous d\u2019hommes, puits et couvercle\",\"item\":\"https:\/\/cgh.com.pl\/fr\/accessoires\/trous-dhommes-puits-et-couvercle\"},{\"@type\":\"ListItem\",\"position\":4,\"name\":\"Trou d&#8217;homme en composite SM5533, SM5542\"}]},{\"@type\":\"WebSite\",\"@id\":\"https:\/\/cgh.com.pl\/fr\/#website\",\"url\":\"https:\/\/cgh.com.pl\/fr\/\",\"name\":\"CGH Group Sp. z o.o.\",\"description\":\"\",\"publisher\":{\"@id\":\"https:\/\/cgh.com.pl\/fr\/#organization\"},\"potentialAction\":[{\"@type\":\"SearchAction\",\"target\":{\"@type\":\"EntryPoint\",\"urlTemplate\":\"https:\/\/cgh.com.pl\/fr\/?s={search_term_string}\"},\"query-input\":{\"@type\":\"PropertyValueSpecification\",\"valueRequired\":true,\"valueName\":\"search_term_string\"}}],\"inLanguage\":\"fr-FR\"},{\"@type\":\"Organization\",\"@id\":\"https:\/\/cgh.com.pl\/fr\/#organization\",\"name\":\"CGH Group Sp. z o.o.\",\"url\":\"https:\/\/cgh.com.pl\/fr\/\",\"logo\":{\"@type\":\"ImageObject\",\"inLanguage\":\"fr-FR\",\"@id\":\"https:\/\/cgh.com.pl\/fr\/#\/schema\/logo\/image\/\",\"url\":\"https:\/\/cgh.com.pl\/fr\/wp-content\/uploads\/2023\/05\/logoCGH.png\",\"contentUrl\":\"https:\/\/cgh.com.pl\/fr\/wp-content\/uploads\/2023\/05\/logoCGH.png\",\"width\":449,\"height\":162,\"caption\":\"CGH Group Sp. z o.o.\"},\"image\":{\"@id\":\"https:\/\/cgh.com.pl\/fr\/#\/schema\/logo\/image\/\"}}]}<\/script>\n<!-- \/ Yoast SEO plugin. -->","yoast_head_json":{"title":"Trou d'homme en composite SM5533, SM5542 - CGH Group Sp. z o.o.","robots":{"index":"index","follow":"follow","max-snippet":"max-snippet:-1","max-image-preview":"max-image-preview:large","max-video-preview":"max-video-preview:-1"},"canonical":"https:\/\/cgh.com.pl\/fr\/accessoires\/trous-dhommes-puits-et-couvercle\/trou-dhomme-en-composite-sm5533-sm5542","og_locale":"fr_FR","og_type":"article","og_title":"Trou d'homme en composite SM5533, SM5542 - CGH Group Sp. z o.o.","og_url":"https:\/\/cgh.com.pl\/fr\/accessoires\/trous-dhommes-puits-et-couvercle\/trou-dhomme-en-composite-sm5533-sm5542","og_site_name":"CGH Group Sp. z o.o.","article_modified_time":"2023-11-29T23:34:12+00:00","og_image":[{"url":"https:\/\/cgh.com.pl\/fr\/wp-content\/uploads\/2021\/06\/composite-tank-sumps-sm5533-sm5542-2.jpg","type":"","width":"","height":""}],"twitter_card":"summary_large_image","twitter_misc":{"Dur\u00e9e de lecture estim\u00e9e":"2 minutes"},"schema":{"@context":"https:\/\/schema.org","@graph":[{"@type":"WebPage","@id":"https:\/\/cgh.com.pl\/fr\/accessoires\/trous-dhommes-puits-et-couvercle\/trou-dhomme-en-composite-sm5533-sm5542","url":"https:\/\/cgh.com.pl\/fr\/accessoires\/trous-dhommes-puits-et-couvercle\/trou-dhomme-en-composite-sm5533-sm5542","name":"Trou d'homme en composite SM5533, SM5542 - CGH Group Sp. z o.o.","isPartOf":{"@id":"https:\/\/cgh.com.pl\/fr\/#website"},"primaryImageOfPage":{"@id":"https:\/\/cgh.com.pl\/fr\/accessoires\/trous-dhommes-puits-et-couvercle\/trou-dhomme-en-composite-sm5533-sm5542#primaryimage"},"image":{"@id":"https:\/\/cgh.com.pl\/fr\/accessoires\/trous-dhommes-puits-et-couvercle\/trou-dhomme-en-composite-sm5533-sm5542#primaryimage"},"thumbnailUrl":"https:\/\/cgh.com.pl\/fr\/wp-content\/uploads\/2021\/06\/composite-tank-sumps-sm5533-sm5542-2.jpg","datePublished":"2020-12-07T20:27:11+00:00","dateModified":"2023-11-29T23:34:12+00:00","breadcrumb":{"@id":"https:\/\/cgh.com.pl\/fr\/accessoires\/trous-dhommes-puits-et-couvercle\/trou-dhomme-en-composite-sm5533-sm5542#breadcrumb"},"inLanguage":"fr-FR","potentialAction":[{"@type":"ReadAction","target":["https:\/\/cgh.com.pl\/fr\/accessoires\/trous-dhommes-puits-et-couvercle\/trou-dhomme-en-composite-sm5533-sm5542"]}]},{"@type":"ImageObject","inLanguage":"fr-FR","@id":"https:\/\/cgh.com.pl\/fr\/accessoires\/trous-dhommes-puits-et-couvercle\/trou-dhomme-en-composite-sm5533-sm5542#primaryimage","url":"https:\/\/cgh.com.pl\/fr\/wp-content\/uploads\/2021\/06\/composite-tank-sumps-sm5533-sm5542-2.jpg","contentUrl":"https:\/\/cgh.com.pl\/fr\/wp-content\/uploads\/2021\/06\/composite-tank-sumps-sm5533-sm5542-2.jpg","width":360,"height":240,"caption":"Composite tank sumps SM5533 SM5542"},{"@type":"BreadcrumbList","@id":"https:\/\/cgh.com.pl\/fr\/accessoires\/trous-dhommes-puits-et-couvercle\/trou-dhomme-en-composite-sm5533-sm5542#breadcrumb","itemListElement":[{"@type":"ListItem","position":1,"name":"Strona g\u0142\u00f3wna","item":"https:\/\/cgh.com.pl\/fr\/"},{"@type":"ListItem","position":2,"name":"Accessoires","item":"https:\/\/cgh.com.pl\/fr\/accessoires"},{"@type":"ListItem","position":3,"name":"Trous d\u2019hommes, puits et couvercle","item":"https:\/\/cgh.com.pl\/fr\/accessoires\/trous-dhommes-puits-et-couvercle"},{"@type":"ListItem","position":4,"name":"Trou d&#8217;homme en composite SM5533, SM5542"}]},{"@type":"WebSite","@id":"https:\/\/cgh.com.pl\/fr\/#website","url":"https:\/\/cgh.com.pl\/fr\/","name":"CGH Group Sp. z o.o.","description":"","publisher":{"@id":"https:\/\/cgh.com.pl\/fr\/#organization"},"potentialAction":[{"@type":"SearchAction","target":{"@type":"EntryPoint","urlTemplate":"https:\/\/cgh.com.pl\/fr\/?s={search_term_string}"},"query-input":{"@type":"PropertyValueSpecification","valueRequired":true,"valueName":"search_term_string"}}],"inLanguage":"fr-FR"},{"@type":"Organization","@id":"https:\/\/cgh.com.pl\/fr\/#organization","name":"CGH Group Sp. z o.o.","url":"https:\/\/cgh.com.pl\/fr\/","logo":{"@type":"ImageObject","inLanguage":"fr-FR","@id":"https:\/\/cgh.com.pl\/fr\/#\/schema\/logo\/image\/","url":"https:\/\/cgh.com.pl\/fr\/wp-content\/uploads\/2023\/05\/logoCGH.png","contentUrl":"https:\/\/cgh.com.pl\/fr\/wp-content\/uploads\/2023\/05\/logoCGH.png","width":449,"height":162,"caption":"CGH Group Sp. z o.o."},"image":{"@id":"https:\/\/cgh.com.pl\/fr\/#\/schema\/logo\/image\/"}}]}},"_links":{"self":[{"href":"https:\/\/cgh.com.pl\/fr\/wp-json\/wp\/v2\/pages\/428","targetHints":{"allow":["GET"]}}],"collection":[{"href":"https:\/\/cgh.com.pl\/fr\/wp-json\/wp\/v2\/pages"}],"about":[{"href":"https:\/\/cgh.com.pl\/fr\/wp-json\/wp\/v2\/types\/page"}],"author":[{"embeddable":true,"href":"https:\/\/cgh.com.pl\/fr\/wp-json\/wp\/v2\/users\/1"}],"replies":[{"embeddable":true,"href":"https:\/\/cgh.com.pl\/fr\/wp-json\/wp\/v2\/comments?post=428"}],"version-history":[{"count":19,"href":"https:\/\/cgh.com.pl\/fr\/wp-json\/wp\/v2\/pages\/428\/revisions"}],"predecessor-version":[{"id":4874,"href":"https:\/\/cgh.com.pl\/fr\/wp-json\/wp\/v2\/pages\/428\/revisions\/4874"}],"up":[{"embeddable":true,"href":"https:\/\/cgh.com.pl\/fr\/wp-json\/wp\/v2\/pages\/432"}],"wp:attachment":[{"href":"https:\/\/cgh.com.pl\/fr\/wp-json\/wp\/v2\/media?parent=428"}],"curies":[{"name":"wp","href":"https:\/\/api.w.org\/{rel}","templated":true}]}}