{"id":430,"date":"2020-12-07T21:42:29","date_gmt":"2020-12-07T20:42:29","guid":{"rendered":"https:\/\/cgh.com.pl\/fr\/?page_id=430"},"modified":"2023-12-24T00:26:36","modified_gmt":"2023-12-23T23:26:36","slug":"couvertures-en-composite-mwaypro","status":"publish","type":"page","link":"https:\/\/cgh.com.pl\/fr\/accessoires\/trous-dhommes-puits-et-couvercle\/couvertures-en-composite-mwaypro","title":{"rendered":"Couvertures en composite MwayPro"},"content":{"rendered":"\n<div class=\"wp-block-columns has-2-columns is-layout-flex wp-container-core-columns-is-layout-9d6595d7 wp-block-columns-is-layout-flex\">\n<div class=\"wp-block-column is-layout-flow wp-block-column-is-layout-flow\"><div class=\"wp-block-image\">\n<figure class=\"aligncenter\"><img decoding=\"async\" width=\"350\" height=\"321\" data-src=\"https:\/\/cgh.com.pl\/fr\/wp-content\/uploads\/2021\/06\/street-cover-sld-3600.jpg\" alt=\"Couvertures en composite MwayPro\" class=\"wp-image-1749 img-fluid lazyload\" title=\"MwayPro composite covers SLD 3600 \" data-srcset=\"https:\/\/cgh.com.pl\/fr\/wp-content\/uploads\/2021\/06\/street-cover-sld-3600.jpg 350w, https:\/\/cgh.com.pl\/fr\/wp-content\/uploads\/2021\/06\/street-cover-sld-3600-300x275.jpg 300w\" data-sizes=\"(max-width: 350px) 100vw, 350px\" src=\"data:image\/svg+xml;base64,PHN2ZyB3aWR0aD0iMSIgaGVpZ2h0PSIxIiB4bWxucz0iaHR0cDovL3d3dy53My5vcmcvMjAwMC9zdmciPjwvc3ZnPg==\" style=\"--smush-placeholder-width: 350px; --smush-placeholder-aspect-ratio: 350\/321;\" \/><figcaption class=\"wp-element-caption\"> SLD 3600 <\/figcaption><\/figure><\/div>\n\n\n<div class=\"wp-block-columns has-3-columns is-layout-flex wp-container-core-columns-is-layout-9d6595d7 wp-block-columns-is-layout-flex\">\n<div class=\"wp-block-column is-layout-flow wp-block-column-is-layout-flow\">\n<div class=\"first-zoom-photo-alone\"><img decoding=\"async\" data-src=\"https:\/\/cgh.com.pl\/fr\/wp-content\/uploads\/2021\/06\/street-cover-SLC4200DC.jpg\" src=\"data:image\/svg+xml;base64,PHN2ZyB3aWR0aD0iMSIgaGVpZ2h0PSIxIiB4bWxucz0iaHR0cDovL3d3dy53My5vcmcvMjAwMC9zdmciPjwvc3ZnPg==\" class=\"lazyload\" style=\"--smush-placeholder-width: 360px; --smush-placeholder-aspect-ratio: 360\/240;\">SLC4200DC\n<\/div>\n<\/div>\n\n\n\n<div class=\"wp-block-column is-layout-flow wp-block-column-is-layout-flow\">\n<div class=\"first-zoom-photo-alone\"><img decoding=\"async\" data-src=\"https:\/\/cgh.com.pl\/fr\/wp-content\/uploads\/2021\/06\/MwayPro.jpg\" src=\"data:image\/svg+xml;base64,PHN2ZyB3aWR0aD0iMSIgaGVpZ2h0PSIxIiB4bWxucz0iaHR0cDovL3d3dy53My5vcmcvMjAwMC9zdmciPjwvc3ZnPg==\" class=\"lazyload\" style=\"--smush-placeholder-width: 694px; --smush-placeholder-aspect-ratio: 694\/620;\">\n<\/div>\n<\/div>\n\n\n\n<div class=\"wp-block-column is-layout-flow wp-block-column-is-layout-flow\">\n<iframe data-src=\"https:\/\/www.youtube.com\/embed\/FfPjPlUMPlI\" frameborder=\"0\" allowfullscreen=\"allowfullscreen\" src=\"data:image\/svg+xml;base64,PHN2ZyB3aWR0aD0iMSIgaGVpZ2h0PSIxIiB4bWxucz0iaHR0cDovL3d3dy53My5vcmcvMjAwMC9zdmciPjwvc3ZnPg==\" class=\"lazyload\" data-load-mode=\"1\"><\/iframe>\n<\/div>\n<\/div>\n<\/div>\n\n\n\n<div class=\"wp-block-column is-layout-flow wp-block-column-is-layout-flow\">\n<p><strong><strong><strong>Informations sur le produit<\/strong><\/strong><\/strong><\/p>\n\n\n\n<p>Le Groupe CGH dispose d&rsquo;un portefeuille de couvertures de rue composites de classe B (12,5T), C (25T) et D (40T) qui peuvent \u00eatre utilis\u00e9es pour le trafic l\u00e9ger et lourd dans une vari\u00e9t\u00e9 de secteurs et d&rsquo;applications, par exemple pour l&rsquo;installation dans les routes, les parkings et les stations-service jusqu&rsquo;aux trous d&rsquo;homme des r\u00e9servoirs souterrains.<\/p>\n\n\n<div class=\"wp-block-image\">\n<figure class=\"alignleft size-full\"><img decoding=\"async\" width=\"22\" height=\"21\" data-src=\"https:\/\/cgh.com.pl\/fr\/wp-content\/uploads\/2020\/12\/good.png\" alt=\"\" class=\"wp-image-558 img-fluid lazyload\" src=\"data:image\/svg+xml;base64,PHN2ZyB3aWR0aD0iMSIgaGVpZ2h0PSIxIiB4bWxucz0iaHR0cDovL3d3dy53My5vcmcvMjAwMC9zdmciPjwvc3ZnPg==\" style=\"--smush-placeholder-width: 22px; --smush-placeholder-aspect-ratio: 22\/21;\" \/><\/figure><\/div>\n\n\n<p><strong><strong><strong><strong>Avantages du dispositif<\/strong><\/strong><\/strong><\/strong><\/p>\n\n\n\n<ul class=\"wp-block-list\">\n<li>Surface antid\u00e9rapante<\/li>\n\n\n\n<li>S\u00fbr<\/li>\n\n\n\n<li>Verrouillable<\/li>\n\n\n\n<li>Mat\u00e9riaux composites l\u00e9gers<\/li>\n\n\n\n<li>R\u00e9sistant \u00e0 la corrosion<\/li>\n\n\n\n<li>Sans bruit dans la circulation<\/li>\n\n\n\n<li>Convient \u00e0 l&rsquo;installation sur les voies publiques<\/li>\n<\/ul>\n\n\n<div class=\"wp-block-image\">\n<figure class=\"alignleft size-full\"><img decoding=\"async\" width=\"22\" height=\"22\" data-src=\"https:\/\/cgh.com.pl\/fr\/wp-content\/uploads\/2020\/12\/advantage.png\" alt=\"\" class=\"wp-image-559 img-fluid lazyload\" src=\"data:image\/svg+xml;base64,PHN2ZyB3aWR0aD0iMSIgaGVpZ2h0PSIxIiB4bWxucz0iaHR0cDovL3d3dy53My5vcmcvMjAwMC9zdmciPjwvc3ZnPg==\" style=\"--smush-placeholder-width: 22px; --smush-placeholder-aspect-ratio: 22\/22;\" \/><\/figure><\/div>\n\n\n<p><strong><strong><strong>Informations techniques<\/strong><\/strong><\/strong><\/p>\n\n\n\n<p>La technologie brevet\u00e9e Thrubeam\u00ae a permis de d\u00e9velopper une toute nouvelle gamme de trous d&rsquo;homme en mat\u00e9riau composite MwayPro.<\/p>\n\n\n\n<p>Nos couvertures et cadres MwayPro sont l\u00e9gers, solides et durables pour r\u00e9pondre aux exigences d&rsquo;installation dans les zones routi\u00e8res, pi\u00e9tonnes et industrielles. Gr\u00e2ce \u00e0 leur faible poids, ils peuvent \u00eatre utilis\u00e9s par une seule personne. Gr\u00e2ce aux propri\u00e9t\u00e9s des mat\u00e9riaux composites, les produits MwayPro peuvent \u00eatre install\u00e9s dans des endroits exigeants et utilis\u00e9s par les services publics, les stations-service, les usines, les chantiers de construction faisant appel \u00e0 des entrepreneurs principaux et \u00e0 des promoteurs.<\/p>\n\n\n\n<p>Toutes les couvertures composites sont test\u00e9es conform\u00e9ment \u00e0 la norme EN124 : 1994, nous disposons des r\u00e9sultats des tests pour toutes les propri\u00e9t\u00e9s physiques pour lesquelles les couvertures sont con\u00e7ues.<\/p>\n<\/div>\n<\/div>\n","protected":false},"excerpt":{"rendered":"<p>SLC4200DC Informations sur le produit Le Groupe CGH dispose d&rsquo;un portefeuille de couvertures de rue composites de classe B (12,5T), C (25T) et D (40T) qui peuvent \u00eatre utilis\u00e9es pour le trafic l\u00e9ger et lourd dans une vari\u00e9t\u00e9 de secteurs et d&rsquo;applications, par exemple pour l&rsquo;installation dans les routes, les parkings et les stations-service jusqu&rsquo;aux [&hellip;]?<\/p>\n","protected":false},"author":1,"featured_media":0,"parent":432,"menu_order":0,"comment_status":"closed","ping_status":"closed","template":"page-products-with-second-menu.php","meta":{"_acf_changed":false,"footnotes":""},"class_list":["post-430","page","type-page","status-publish","hentry"],"acf":[],"yoast_head":"<!-- This site is optimized with the Yoast SEO plugin v26.1.1 - https:\/\/yoast.com\/wordpress\/plugins\/seo\/ -->\n<title>Couvertures en composite MwayPro - CGH Group Sp. z o.o.<\/title>\n<meta name=\"robots\" content=\"index, follow, max-snippet:-1, max-image-preview:large, max-video-preview:-1\" \/>\n<link rel=\"canonical\" href=\"https:\/\/cgh.com.pl\/fr\/accessoires\/trous-dhommes-puits-et-couvercle\/couvertures-en-composite-mwaypro\" \/>\n<meta property=\"og:locale\" content=\"fr_FR\" \/>\n<meta property=\"og:type\" content=\"article\" \/>\n<meta property=\"og:title\" content=\"Couvertures en composite MwayPro - CGH Group Sp. z o.o.\" \/>\n<meta property=\"og:description\" content=\"SLC4200DC Informations sur le produit Le Groupe CGH dispose d&rsquo;un portefeuille de couvertures de rue composites de classe B (12,5T), C (25T) et D (40T) qui peuvent \u00eatre utilis\u00e9es pour le trafic l\u00e9ger et lourd dans une vari\u00e9t\u00e9 de secteurs et d&rsquo;applications, par exemple pour l&rsquo;installation dans les routes, les parkings et les stations-service jusqu&rsquo;aux [&hellip;]?\" \/>\n<meta property=\"og:url\" content=\"https:\/\/cgh.com.pl\/fr\/accessoires\/trous-dhommes-puits-et-couvercle\/couvertures-en-composite-mwaypro\" \/>\n<meta property=\"og:site_name\" content=\"CGH Group Sp. z o.o.\" \/>\n<meta property=\"article:modified_time\" content=\"2023-12-23T23:26:36+00:00\" \/>\n<meta property=\"og:image\" content=\"https:\/\/cgh.com.pl\/fr\/wp-content\/uploads\/2021\/06\/street-cover-sld-3600.jpg\" \/>\n<meta name=\"twitter:card\" content=\"summary_large_image\" \/>\n<meta name=\"twitter:label1\" content=\"Dur\u00e9e de lecture estim\u00e9e\" \/>\n\t<meta name=\"twitter:data1\" content=\"3 minutes\" \/>\n<script type=\"application\/ld+json\" class=\"yoast-schema-graph\">{\"@context\":\"https:\/\/schema.org\",\"@graph\":[{\"@type\":\"WebPage\",\"@id\":\"https:\/\/cgh.com.pl\/fr\/accessoires\/trous-dhommes-puits-et-couvercle\/couvertures-en-composite-mwaypro\",\"url\":\"https:\/\/cgh.com.pl\/fr\/accessoires\/trous-dhommes-puits-et-couvercle\/couvertures-en-composite-mwaypro\",\"name\":\"Couvertures en composite MwayPro - CGH Group Sp. z o.o.\",\"isPartOf\":{\"@id\":\"https:\/\/cgh.com.pl\/fr\/#website\"},\"primaryImageOfPage\":{\"@id\":\"https:\/\/cgh.com.pl\/fr\/accessoires\/trous-dhommes-puits-et-couvercle\/couvertures-en-composite-mwaypro#primaryimage\"},\"image\":{\"@id\":\"https:\/\/cgh.com.pl\/fr\/accessoires\/trous-dhommes-puits-et-couvercle\/couvertures-en-composite-mwaypro#primaryimage\"},\"thumbnailUrl\":\"https:\/\/cgh.com.pl\/fr\/wp-content\/uploads\/2021\/06\/street-cover-sld-3600.jpg\",\"datePublished\":\"2020-12-07T20:42:29+00:00\",\"dateModified\":\"2023-12-23T23:26:36+00:00\",\"breadcrumb\":{\"@id\":\"https:\/\/cgh.com.pl\/fr\/accessoires\/trous-dhommes-puits-et-couvercle\/couvertures-en-composite-mwaypro#breadcrumb\"},\"inLanguage\":\"fr-FR\",\"potentialAction\":[{\"@type\":\"ReadAction\",\"target\":[\"https:\/\/cgh.com.pl\/fr\/accessoires\/trous-dhommes-puits-et-couvercle\/couvertures-en-composite-mwaypro\"]}]},{\"@type\":\"ImageObject\",\"inLanguage\":\"fr-FR\",\"@id\":\"https:\/\/cgh.com.pl\/fr\/accessoires\/trous-dhommes-puits-et-couvercle\/couvertures-en-composite-mwaypro#primaryimage\",\"url\":\"https:\/\/cgh.com.pl\/fr\/wp-content\/uploads\/2021\/06\/street-cover-sld-3600.jpg\",\"contentUrl\":\"https:\/\/cgh.com.pl\/fr\/wp-content\/uploads\/2021\/06\/street-cover-sld-3600.jpg\",\"width\":350,\"height\":321,\"caption\":\"Street cover SLD 3600\"},{\"@type\":\"BreadcrumbList\",\"@id\":\"https:\/\/cgh.com.pl\/fr\/accessoires\/trous-dhommes-puits-et-couvercle\/couvertures-en-composite-mwaypro#breadcrumb\",\"itemListElement\":[{\"@type\":\"ListItem\",\"position\":1,\"name\":\"Strona g\u0142\u00f3wna\",\"item\":\"https:\/\/cgh.com.pl\/fr\/\"},{\"@type\":\"ListItem\",\"position\":2,\"name\":\"Accessoires\",\"item\":\"https:\/\/cgh.com.pl\/fr\/accessoires\"},{\"@type\":\"ListItem\",\"position\":3,\"name\":\"Trous d\u2019hommes, puits et couvercle\",\"item\":\"https:\/\/cgh.com.pl\/fr\/accessoires\/trous-dhommes-puits-et-couvercle\"},{\"@type\":\"ListItem\",\"position\":4,\"name\":\"Couvertures en composite MwayPro\"}]},{\"@type\":\"WebSite\",\"@id\":\"https:\/\/cgh.com.pl\/fr\/#website\",\"url\":\"https:\/\/cgh.com.pl\/fr\/\",\"name\":\"CGH Group Sp. z o.o.\",\"description\":\"\",\"publisher\":{\"@id\":\"https:\/\/cgh.com.pl\/fr\/#organization\"},\"potentialAction\":[{\"@type\":\"SearchAction\",\"target\":{\"@type\":\"EntryPoint\",\"urlTemplate\":\"https:\/\/cgh.com.pl\/fr\/?s={search_term_string}\"},\"query-input\":{\"@type\":\"PropertyValueSpecification\",\"valueRequired\":true,\"valueName\":\"search_term_string\"}}],\"inLanguage\":\"fr-FR\"},{\"@type\":\"Organization\",\"@id\":\"https:\/\/cgh.com.pl\/fr\/#organization\",\"name\":\"CGH Group Sp. z o.o.\",\"url\":\"https:\/\/cgh.com.pl\/fr\/\",\"logo\":{\"@type\":\"ImageObject\",\"inLanguage\":\"fr-FR\",\"@id\":\"https:\/\/cgh.com.pl\/fr\/#\/schema\/logo\/image\/\",\"url\":\"https:\/\/cgh.com.pl\/fr\/wp-content\/uploads\/2023\/05\/logoCGH.png\",\"contentUrl\":\"https:\/\/cgh.com.pl\/fr\/wp-content\/uploads\/2023\/05\/logoCGH.png\",\"width\":449,\"height\":162,\"caption\":\"CGH Group Sp. z o.o.\"},\"image\":{\"@id\":\"https:\/\/cgh.com.pl\/fr\/#\/schema\/logo\/image\/\"}}]}<\/script>\n<!-- \/ Yoast SEO plugin. -->","yoast_head_json":{"title":"Couvertures en composite MwayPro - CGH Group Sp. z o.o.","robots":{"index":"index","follow":"follow","max-snippet":"max-snippet:-1","max-image-preview":"max-image-preview:large","max-video-preview":"max-video-preview:-1"},"canonical":"https:\/\/cgh.com.pl\/fr\/accessoires\/trous-dhommes-puits-et-couvercle\/couvertures-en-composite-mwaypro","og_locale":"fr_FR","og_type":"article","og_title":"Couvertures en composite MwayPro - CGH Group Sp. z o.o.","og_description":"SLC4200DC Informations sur le produit Le Groupe CGH dispose d&rsquo;un portefeuille de couvertures de rue composites de classe B (12,5T), C (25T) et D (40T) qui peuvent \u00eatre utilis\u00e9es pour le trafic l\u00e9ger et lourd dans une vari\u00e9t\u00e9 de secteurs et d&rsquo;applications, par exemple pour l&rsquo;installation dans les routes, les parkings et les stations-service jusqu&rsquo;aux [&hellip;]?","og_url":"https:\/\/cgh.com.pl\/fr\/accessoires\/trous-dhommes-puits-et-couvercle\/couvertures-en-composite-mwaypro","og_site_name":"CGH Group Sp. z o.o.","article_modified_time":"2023-12-23T23:26:36+00:00","og_image":[{"url":"https:\/\/cgh.com.pl\/fr\/wp-content\/uploads\/2021\/06\/street-cover-sld-3600.jpg","type":"","width":"","height":""}],"twitter_card":"summary_large_image","twitter_misc":{"Dur\u00e9e de lecture estim\u00e9e":"3 minutes"},"schema":{"@context":"https:\/\/schema.org","@graph":[{"@type":"WebPage","@id":"https:\/\/cgh.com.pl\/fr\/accessoires\/trous-dhommes-puits-et-couvercle\/couvertures-en-composite-mwaypro","url":"https:\/\/cgh.com.pl\/fr\/accessoires\/trous-dhommes-puits-et-couvercle\/couvertures-en-composite-mwaypro","name":"Couvertures en composite MwayPro - CGH Group Sp. z o.o.","isPartOf":{"@id":"https:\/\/cgh.com.pl\/fr\/#website"},"primaryImageOfPage":{"@id":"https:\/\/cgh.com.pl\/fr\/accessoires\/trous-dhommes-puits-et-couvercle\/couvertures-en-composite-mwaypro#primaryimage"},"image":{"@id":"https:\/\/cgh.com.pl\/fr\/accessoires\/trous-dhommes-puits-et-couvercle\/couvertures-en-composite-mwaypro#primaryimage"},"thumbnailUrl":"https:\/\/cgh.com.pl\/fr\/wp-content\/uploads\/2021\/06\/street-cover-sld-3600.jpg","datePublished":"2020-12-07T20:42:29+00:00","dateModified":"2023-12-23T23:26:36+00:00","breadcrumb":{"@id":"https:\/\/cgh.com.pl\/fr\/accessoires\/trous-dhommes-puits-et-couvercle\/couvertures-en-composite-mwaypro#breadcrumb"},"inLanguage":"fr-FR","potentialAction":[{"@type":"ReadAction","target":["https:\/\/cgh.com.pl\/fr\/accessoires\/trous-dhommes-puits-et-couvercle\/couvertures-en-composite-mwaypro"]}]},{"@type":"ImageObject","inLanguage":"fr-FR","@id":"https:\/\/cgh.com.pl\/fr\/accessoires\/trous-dhommes-puits-et-couvercle\/couvertures-en-composite-mwaypro#primaryimage","url":"https:\/\/cgh.com.pl\/fr\/wp-content\/uploads\/2021\/06\/street-cover-sld-3600.jpg","contentUrl":"https:\/\/cgh.com.pl\/fr\/wp-content\/uploads\/2021\/06\/street-cover-sld-3600.jpg","width":350,"height":321,"caption":"Street cover SLD 3600"},{"@type":"BreadcrumbList","@id":"https:\/\/cgh.com.pl\/fr\/accessoires\/trous-dhommes-puits-et-couvercle\/couvertures-en-composite-mwaypro#breadcrumb","itemListElement":[{"@type":"ListItem","position":1,"name":"Strona g\u0142\u00f3wna","item":"https:\/\/cgh.com.pl\/fr\/"},{"@type":"ListItem","position":2,"name":"Accessoires","item":"https:\/\/cgh.com.pl\/fr\/accessoires"},{"@type":"ListItem","position":3,"name":"Trous d\u2019hommes, puits et couvercle","item":"https:\/\/cgh.com.pl\/fr\/accessoires\/trous-dhommes-puits-et-couvercle"},{"@type":"ListItem","position":4,"name":"Couvertures en composite MwayPro"}]},{"@type":"WebSite","@id":"https:\/\/cgh.com.pl\/fr\/#website","url":"https:\/\/cgh.com.pl\/fr\/","name":"CGH Group Sp. z o.o.","description":"","publisher":{"@id":"https:\/\/cgh.com.pl\/fr\/#organization"},"potentialAction":[{"@type":"SearchAction","target":{"@type":"EntryPoint","urlTemplate":"https:\/\/cgh.com.pl\/fr\/?s={search_term_string}"},"query-input":{"@type":"PropertyValueSpecification","valueRequired":true,"valueName":"search_term_string"}}],"inLanguage":"fr-FR"},{"@type":"Organization","@id":"https:\/\/cgh.com.pl\/fr\/#organization","name":"CGH Group Sp. z o.o.","url":"https:\/\/cgh.com.pl\/fr\/","logo":{"@type":"ImageObject","inLanguage":"fr-FR","@id":"https:\/\/cgh.com.pl\/fr\/#\/schema\/logo\/image\/","url":"https:\/\/cgh.com.pl\/fr\/wp-content\/uploads\/2023\/05\/logoCGH.png","contentUrl":"https:\/\/cgh.com.pl\/fr\/wp-content\/uploads\/2023\/05\/logoCGH.png","width":449,"height":162,"caption":"CGH Group Sp. z o.o."},"image":{"@id":"https:\/\/cgh.com.pl\/fr\/#\/schema\/logo\/image\/"}}]}},"_links":{"self":[{"href":"https:\/\/cgh.com.pl\/fr\/wp-json\/wp\/v2\/pages\/430","targetHints":{"allow":["GET"]}}],"collection":[{"href":"https:\/\/cgh.com.pl\/fr\/wp-json\/wp\/v2\/pages"}],"about":[{"href":"https:\/\/cgh.com.pl\/fr\/wp-json\/wp\/v2\/types\/page"}],"author":[{"embeddable":true,"href":"https:\/\/cgh.com.pl\/fr\/wp-json\/wp\/v2\/users\/1"}],"replies":[{"embeddable":true,"href":"https:\/\/cgh.com.pl\/fr\/wp-json\/wp\/v2\/comments?post=430"}],"version-history":[{"count":12,"href":"https:\/\/cgh.com.pl\/fr\/wp-json\/wp\/v2\/pages\/430\/revisions"}],"predecessor-version":[{"id":5172,"href":"https:\/\/cgh.com.pl\/fr\/wp-json\/wp\/v2\/pages\/430\/revisions\/5172"}],"up":[{"embeddable":true,"href":"https:\/\/cgh.com.pl\/fr\/wp-json\/wp\/v2\/pages\/432"}],"wp:attachment":[{"href":"https:\/\/cgh.com.pl\/fr\/wp-json\/wp\/v2\/media?parent=430"}],"curies":[{"name":"wp","href":"https:\/\/api.w.org\/{rel}","templated":true}]}}