{"id":436,"date":"2020-12-07T21:54:00","date_gmt":"2020-12-07T20:54:00","guid":{"rendered":"https:\/\/cgh.com.pl\/fr\/?page_id=436"},"modified":"2023-12-24T01:10:23","modified_gmt":"2023-12-24T00:10:23","slug":"puisards-dallee-de-type-na2-na3-qna4","status":"publish","type":"page","link":"https:\/\/cgh.com.pl\/fr\/accessoires\/trous-dhommes-puits-et-couvercle\/puisards-dallee-de-type-na2-na3-qna4","title":{"rendered":"Puisards d&rsquo;all\u00e9e de type NA2, NA3, QNA4"},"content":{"rendered":"\n<div class=\"wp-block-columns has-2-columns is-layout-flex wp-container-core-columns-is-layout-9d6595d7 wp-block-columns-is-layout-flex\">\n<div class=\"wp-block-column is-layout-flow wp-block-column-is-layout-flow\"><div class=\"wp-block-image\">\n<figure class=\"aligncenter size-medium\"><img decoding=\"async\" width=\"300\" height=\"300\" data-src=\"https:\/\/cgh.com.pl\/fr\/wp-content\/uploads\/2022\/02\/steel-tank-sumps-na2-300x300.jpg\" alt=\"Puisards d'all\u00e9e de type NA2, NA3, QNA4\" class=\"wp-image-2455 img-fluid lazyload\" data-srcset=\"https:\/\/cgh.com.pl\/fr\/wp-content\/uploads\/2022\/02\/steel-tank-sumps-na2-300x300.jpg 300w, https:\/\/cgh.com.pl\/fr\/wp-content\/uploads\/2022\/02\/steel-tank-sumps-na2-150x150.jpg 150w, https:\/\/cgh.com.pl\/fr\/wp-content\/uploads\/2022\/02\/steel-tank-sumps-na2-500x500.jpg 500w, https:\/\/cgh.com.pl\/fr\/wp-content\/uploads\/2022\/02\/steel-tank-sumps-na2-400x400.jpg 400w, https:\/\/cgh.com.pl\/fr\/wp-content\/uploads\/2022\/02\/steel-tank-sumps-na2.jpg 600w\" data-sizes=\"(max-width: 300px) 100vw, 300px\" src=\"data:image\/svg+xml;base64,PHN2ZyB3aWR0aD0iMSIgaGVpZ2h0PSIxIiB4bWxucz0iaHR0cDovL3d3dy53My5vcmcvMjAwMC9zdmciPjwvc3ZnPg==\" style=\"--smush-placeholder-width: 300px; --smush-placeholder-aspect-ratio: 300\/300;\" \/><figcaption class=\"wp-element-caption\"><br>Puisards d&rsquo;all\u00e9e de type NA2<\/figcaption><\/figure><\/div>\n\n\n<div class=\"photos\">\n<div class=\"first-zoom-photo\" style=\"text-align: center;\"><img decoding=\"async\" data-src=\"https:\/\/cgh.com.pl\/fr\/wp-content\/uploads\/2022\/02\/Steel-Tank-Sumps-NA3.jpg\" alt=\"Puisards d'all\u00e9e de type NA3\" src=\"data:image\/svg+xml;base64,PHN2ZyB3aWR0aD0iMSIgaGVpZ2h0PSIxIiB4bWxucz0iaHR0cDovL3d3dy53My5vcmcvMjAwMC9zdmciPjwvc3ZnPg==\" class=\"lazyload\" style=\"--smush-placeholder-width: 360px; --smush-placeholder-aspect-ratio: 360\/240;\">Puisards d&rsquo;all\u00e9e de type NA3\n<div><\/div>\n<\/div>\n<div style=\"text-align: center;\"><img decoding=\"async\" data-src=\"https:\/\/cgh.com.pl\/fr\/wp-content\/uploads\/2022\/02\/Steel-Tank-Sumps-QNA4.jpg\" alt=\"Puisards d'all\u00e9e de type QNA4\" src=\"data:image\/svg+xml;base64,PHN2ZyB3aWR0aD0iMSIgaGVpZ2h0PSIxIiB4bWxucz0iaHR0cDovL3d3dy53My5vcmcvMjAwMC9zdmciPjwvc3ZnPg==\" class=\"lazyload\" style=\"--smush-placeholder-width: 360px; --smush-placeholder-aspect-ratio: 360\/240;\">Puisards d&rsquo;all\u00e9e de type QNA4\n<div><\/div>\n<div><\/div>\n<\/div>\n<\/div>\n<\/div>\n\n\n\n<div class=\"wp-block-column is-layout-flow wp-block-column-is-layout-flow\">\n<p><strong><strong>Informations sur le produit<\/strong><\/strong><\/p>\n\n\n\n<p>Les puisards du type NA permettent d&rsquo;acc\u00e9der aux trous d\u2019hommes d&rsquo;un r\u00e9servoir souterrain situ\u00e9 dans la chauss\u00e9e ou sous le parking.<\/p>\n\n\n\n<p>Ils offrent la possibilit\u00e9 d&rsquo;une installation simple et rapide sur le r\u00e9servoir par un simple vis sur l&rsquo;hiloire.<\/p>\n\n\n\n<p>Ils sont disponibles avec diff\u00e9rents syst\u00e8mes de protection contre la corrosion : peinture PUR, appr\u00eat ou galvanisation \u00e0 chaud.<\/p>\n\n\n\n<p>Con\u00e7ue et fabriqu\u00e9e pour s&rsquo;adapter aux nombreux types de couvertures \u00e0 d\u00e9bordement disponibles sur le march\u00e9.<\/p>\n\n\n\n<p>A utiliser sur les r\u00e9servoirs avec hiloire de 1400 x 1200 mm et 1200\u00d71200 mm.<\/p>\n\n\n<div class=\"wp-block-image\">\n<figure class=\"alignleft size-full\"><img decoding=\"async\" width=\"22\" height=\"21\" data-src=\"https:\/\/cgh.com.pl\/fr\/wp-content\/uploads\/2020\/12\/good.png\" alt=\"\" class=\"wp-image-558 img-fluid lazyload\" src=\"data:image\/svg+xml;base64,PHN2ZyB3aWR0aD0iMSIgaGVpZ2h0PSIxIiB4bWxucz0iaHR0cDovL3d3dy53My5vcmcvMjAwMC9zdmciPjwvc3ZnPg==\" style=\"--smush-placeholder-width: 22px; --smush-placeholder-aspect-ratio: 22\/21;\" \/><\/figure><\/div>\n\n\n<p><strong>Avantages du dispositif<\/strong><\/p>\n\n\n\n<ul class=\"wp-block-list\">\n<li>Trois versions de taille:\n<ul class=\"wp-block-list\">\n<li>NA2 &#8211; 1400\u00d71200 mm, h=950 mm avec ouverture int\u00e9rieure 920\u00d7920 mm<\/li>\n\n\n\n<li>NA3 &#8211; 1400\u00d71200 mm, h=950 mm avec ouverture int\u00e9rieure 1400\u00d7740 mm<\/li>\n\n\n\n<li>1200\u00d71200 mm, h=950 mm avec ouverture int\u00e9rieure 920\u00d7920 mm<\/li>\n<\/ul>\n<\/li>\n\n\n\n<li>Diverses finitions de rev\u00eatement:<ul><li>galvanis\u00e9 \u00e0 chaud (NA2, QNA4)<\/li><\/ul>\n<ul class=\"wp-block-list\">\n<li>peint avec du PUR (NA2, QNA4)<\/li>\n\n\n\n<li>peint avec un appr\u00eat (NA2, QNA4 et NA3)<\/li>\n<\/ul>\n<\/li>\n\n\n\n<li>Des couvercles de trou d\u2019homme peuvent \u00eatre adapt\u00e9s:\n<ul class=\"wp-block-list\">\n<li>Couvercle de trou d&rsquo;homme \u00e9tanche avec rev\u00eatement en b\u00e9ton:\n<ul class=\"wp-block-list\">\n<li>\u00d8 250 kN (classe C) 920 x 920 x 250 mm<\/li>\n\n\n\n<li>\u00d8 250 kN (classe C) 1400 x 740 x 250 mm<\/li>\n\n\n\n<li>\u00d8 400kN (WAD III) 920 x 920 x 250 mm<\/li>\n<\/ul>\n<\/li>\n\n\n\n<li>Couvercle de trou d&rsquo;homme \u00e9tanche avec rev\u00eatement en b\u00e9ton\n<ul class=\"wp-block-list\">\n<li>\u00d8 400 kN (WAD III) 920 x 920 x 250 mm<\/li>\n<\/ul>\n<\/li>\n<\/ul>\n<\/li>\n<\/ul>\n\n\n<div class=\"wp-block-image\">\n<figure class=\"alignleft size-full\"><img decoding=\"async\" width=\"22\" height=\"22\" data-src=\"https:\/\/cgh.com.pl\/fr\/wp-content\/uploads\/2020\/12\/advantage.png\" alt=\"\" class=\"wp-image-559 img-fluid lazyload\" src=\"data:image\/svg+xml;base64,PHN2ZyB3aWR0aD0iMSIgaGVpZ2h0PSIxIiB4bWxucz0iaHR0cDovL3d3dy53My5vcmcvMjAwMC9zdmciPjwvc3ZnPg==\" style=\"--smush-placeholder-width: 22px; --smush-placeholder-aspect-ratio: 22\/22;\" \/><\/figure><\/div>\n\n\n<p><strong>Informations techniques<\/strong><\/p>\n\n\n\n<ul class=\"wp-block-list\">\n<li>Trou d&rsquo;homme NA2<br>\u2013 1400\u00d71200 mm, h=950 mm avec ouverture int\u00e9rieure 920\u00d7920 mm<\/li>\n\n\n\n<li>Trou d&rsquo;homme NA3<br>\u2013 1400\u00d71200 mm, h=950 mm avec ouverture int\u00e9rieure 1400\u00d7740 mm<\/li>\n\n\n\n<li>Trou d&rsquo;homme QNA4<br>\u2013 1200\u00d71200 mm, h=950 mm avec ouverture int\u00e9rieure 920\u00d7920 mm<\/li>\n<\/ul>\n<\/div>\n<\/div>\n","protected":false},"excerpt":{"rendered":"<p>Puisards d&rsquo;all\u00e9e de type NA3 Puisards d&rsquo;all\u00e9e de type QNA4 Informations sur le produit Les puisards du type NA permettent d&rsquo;acc\u00e9der aux trous d\u2019hommes d&rsquo;un r\u00e9servoir souterrain situ\u00e9 dans la chauss\u00e9e ou sous le parking. Ils offrent la possibilit\u00e9 d&rsquo;une installation simple et rapide sur le r\u00e9servoir par un simple vis sur l&rsquo;hiloire. Ils sont [&hellip;]?<\/p>\n","protected":false},"author":1,"featured_media":0,"parent":432,"menu_order":0,"comment_status":"closed","ping_status":"closed","template":"page-products-with-second-menu.php","meta":{"_acf_changed":false,"footnotes":""},"class_list":["post-436","page","type-page","status-publish","hentry"],"acf":[],"yoast_head":"<!-- This site is optimized with the Yoast SEO plugin v26.1.1 - https:\/\/yoast.com\/wordpress\/plugins\/seo\/ -->\n<title>Puisards d&#039;all\u00e9e de type NA2, NA3, QNA4 - CGH Group Sp. z o.o.<\/title>\n<meta name=\"robots\" content=\"index, follow, max-snippet:-1, max-image-preview:large, max-video-preview:-1\" \/>\n<link rel=\"canonical\" href=\"https:\/\/cgh.com.pl\/fr\/accessoires\/trous-dhommes-puits-et-couvercle\/puisards-dallee-de-type-na2-na3-qna4\" \/>\n<meta property=\"og:locale\" content=\"fr_FR\" \/>\n<meta property=\"og:type\" content=\"article\" \/>\n<meta property=\"og:title\" content=\"Puisards d&#039;all\u00e9e de type NA2, NA3, QNA4 - CGH Group Sp. z o.o.\" \/>\n<meta property=\"og:description\" content=\"Puisards d&rsquo;all\u00e9e de type NA3 Puisards d&rsquo;all\u00e9e de type QNA4 Informations sur le produit Les puisards du type NA permettent d&rsquo;acc\u00e9der aux trous d\u2019hommes d&rsquo;un r\u00e9servoir souterrain situ\u00e9 dans la chauss\u00e9e ou sous le parking. Ils offrent la possibilit\u00e9 d&rsquo;une installation simple et rapide sur le r\u00e9servoir par un simple vis sur l&rsquo;hiloire. Ils sont [&hellip;]?\" \/>\n<meta property=\"og:url\" content=\"https:\/\/cgh.com.pl\/fr\/accessoires\/trous-dhommes-puits-et-couvercle\/puisards-dallee-de-type-na2-na3-qna4\" \/>\n<meta property=\"og:site_name\" content=\"CGH Group Sp. z o.o.\" \/>\n<meta property=\"article:modified_time\" content=\"2023-12-24T00:10:23+00:00\" \/>\n<meta property=\"og:image\" content=\"https:\/\/cgh.com.pl\/fr\/wp-content\/uploads\/2022\/02\/steel-tank-sumps-na2-300x300.jpg\" \/>\n<meta name=\"twitter:card\" content=\"summary_large_image\" \/>\n<meta name=\"twitter:label1\" content=\"Dur\u00e9e de lecture estim\u00e9e\" \/>\n\t<meta name=\"twitter:data1\" content=\"3 minutes\" \/>\n<script type=\"application\/ld+json\" class=\"yoast-schema-graph\">{\"@context\":\"https:\/\/schema.org\",\"@graph\":[{\"@type\":\"WebPage\",\"@id\":\"https:\/\/cgh.com.pl\/fr\/accessoires\/trous-dhommes-puits-et-couvercle\/puisards-dallee-de-type-na2-na3-qna4\",\"url\":\"https:\/\/cgh.com.pl\/fr\/accessoires\/trous-dhommes-puits-et-couvercle\/puisards-dallee-de-type-na2-na3-qna4\",\"name\":\"Puisards d'all\u00e9e de type NA2, NA3, QNA4 - CGH Group Sp. z o.o.\",\"isPartOf\":{\"@id\":\"https:\/\/cgh.com.pl\/fr\/#website\"},\"primaryImageOfPage\":{\"@id\":\"https:\/\/cgh.com.pl\/fr\/accessoires\/trous-dhommes-puits-et-couvercle\/puisards-dallee-de-type-na2-na3-qna4#primaryimage\"},\"image\":{\"@id\":\"https:\/\/cgh.com.pl\/fr\/accessoires\/trous-dhommes-puits-et-couvercle\/puisards-dallee-de-type-na2-na3-qna4#primaryimage\"},\"thumbnailUrl\":\"https:\/\/cgh.com.pl\/fr\/wp-content\/uploads\/2022\/02\/steel-tank-sumps-na2-300x300.jpg\",\"datePublished\":\"2020-12-07T20:54:00+00:00\",\"dateModified\":\"2023-12-24T00:10:23+00:00\",\"breadcrumb\":{\"@id\":\"https:\/\/cgh.com.pl\/fr\/accessoires\/trous-dhommes-puits-et-couvercle\/puisards-dallee-de-type-na2-na3-qna4#breadcrumb\"},\"inLanguage\":\"fr-FR\",\"potentialAction\":[{\"@type\":\"ReadAction\",\"target\":[\"https:\/\/cgh.com.pl\/fr\/accessoires\/trous-dhommes-puits-et-couvercle\/puisards-dallee-de-type-na2-na3-qna4\"]}]},{\"@type\":\"ImageObject\",\"inLanguage\":\"fr-FR\",\"@id\":\"https:\/\/cgh.com.pl\/fr\/accessoires\/trous-dhommes-puits-et-couvercle\/puisards-dallee-de-type-na2-na3-qna4#primaryimage\",\"url\":\"https:\/\/cgh.com.pl\/fr\/wp-content\/uploads\/2022\/02\/steel-tank-sumps-na2.jpg\",\"contentUrl\":\"https:\/\/cgh.com.pl\/fr\/wp-content\/uploads\/2022\/02\/steel-tank-sumps-na2.jpg\",\"width\":600,\"height\":600,\"caption\":\"Steel Tank Sumps NA2\"},{\"@type\":\"BreadcrumbList\",\"@id\":\"https:\/\/cgh.com.pl\/fr\/accessoires\/trous-dhommes-puits-et-couvercle\/puisards-dallee-de-type-na2-na3-qna4#breadcrumb\",\"itemListElement\":[{\"@type\":\"ListItem\",\"position\":1,\"name\":\"Strona g\u0142\u00f3wna\",\"item\":\"https:\/\/cgh.com.pl\/fr\/\"},{\"@type\":\"ListItem\",\"position\":2,\"name\":\"Accessoires\",\"item\":\"https:\/\/cgh.com.pl\/fr\/accessoires\"},{\"@type\":\"ListItem\",\"position\":3,\"name\":\"Trous d\u2019hommes, puits et couvercle\",\"item\":\"https:\/\/cgh.com.pl\/fr\/accessoires\/trous-dhommes-puits-et-couvercle\"},{\"@type\":\"ListItem\",\"position\":4,\"name\":\"Puisards d&#8217;all\u00e9e de type NA2, NA3, QNA4\"}]},{\"@type\":\"WebSite\",\"@id\":\"https:\/\/cgh.com.pl\/fr\/#website\",\"url\":\"https:\/\/cgh.com.pl\/fr\/\",\"name\":\"CGH Group Sp. z o.o.\",\"description\":\"\",\"publisher\":{\"@id\":\"https:\/\/cgh.com.pl\/fr\/#organization\"},\"potentialAction\":[{\"@type\":\"SearchAction\",\"target\":{\"@type\":\"EntryPoint\",\"urlTemplate\":\"https:\/\/cgh.com.pl\/fr\/?s={search_term_string}\"},\"query-input\":{\"@type\":\"PropertyValueSpecification\",\"valueRequired\":true,\"valueName\":\"search_term_string\"}}],\"inLanguage\":\"fr-FR\"},{\"@type\":\"Organization\",\"@id\":\"https:\/\/cgh.com.pl\/fr\/#organization\",\"name\":\"CGH Group Sp. z o.o.\",\"url\":\"https:\/\/cgh.com.pl\/fr\/\",\"logo\":{\"@type\":\"ImageObject\",\"inLanguage\":\"fr-FR\",\"@id\":\"https:\/\/cgh.com.pl\/fr\/#\/schema\/logo\/image\/\",\"url\":\"https:\/\/cgh.com.pl\/fr\/wp-content\/uploads\/2023\/05\/logoCGH.png\",\"contentUrl\":\"https:\/\/cgh.com.pl\/fr\/wp-content\/uploads\/2023\/05\/logoCGH.png\",\"width\":449,\"height\":162,\"caption\":\"CGH Group Sp. z o.o.\"},\"image\":{\"@id\":\"https:\/\/cgh.com.pl\/fr\/#\/schema\/logo\/image\/\"}}]}<\/script>\n<!-- \/ Yoast SEO plugin. -->","yoast_head_json":{"title":"Puisards d'all\u00e9e de type NA2, NA3, QNA4 - CGH Group Sp. z o.o.","robots":{"index":"index","follow":"follow","max-snippet":"max-snippet:-1","max-image-preview":"max-image-preview:large","max-video-preview":"max-video-preview:-1"},"canonical":"https:\/\/cgh.com.pl\/fr\/accessoires\/trous-dhommes-puits-et-couvercle\/puisards-dallee-de-type-na2-na3-qna4","og_locale":"fr_FR","og_type":"article","og_title":"Puisards d'all\u00e9e de type NA2, NA3, QNA4 - CGH Group Sp. z o.o.","og_description":"Puisards d&rsquo;all\u00e9e de type NA3 Puisards d&rsquo;all\u00e9e de type QNA4 Informations sur le produit Les puisards du type NA permettent d&rsquo;acc\u00e9der aux trous d\u2019hommes d&rsquo;un r\u00e9servoir souterrain situ\u00e9 dans la chauss\u00e9e ou sous le parking. Ils offrent la possibilit\u00e9 d&rsquo;une installation simple et rapide sur le r\u00e9servoir par un simple vis sur l&rsquo;hiloire. Ils sont [&hellip;]?","og_url":"https:\/\/cgh.com.pl\/fr\/accessoires\/trous-dhommes-puits-et-couvercle\/puisards-dallee-de-type-na2-na3-qna4","og_site_name":"CGH Group Sp. z o.o.","article_modified_time":"2023-12-24T00:10:23+00:00","og_image":[{"url":"https:\/\/cgh.com.pl\/fr\/wp-content\/uploads\/2022\/02\/steel-tank-sumps-na2-300x300.jpg","type":"","width":"","height":""}],"twitter_card":"summary_large_image","twitter_misc":{"Dur\u00e9e de lecture estim\u00e9e":"3 minutes"},"schema":{"@context":"https:\/\/schema.org","@graph":[{"@type":"WebPage","@id":"https:\/\/cgh.com.pl\/fr\/accessoires\/trous-dhommes-puits-et-couvercle\/puisards-dallee-de-type-na2-na3-qna4","url":"https:\/\/cgh.com.pl\/fr\/accessoires\/trous-dhommes-puits-et-couvercle\/puisards-dallee-de-type-na2-na3-qna4","name":"Puisards d'all\u00e9e de type NA2, NA3, QNA4 - CGH Group Sp. z o.o.","isPartOf":{"@id":"https:\/\/cgh.com.pl\/fr\/#website"},"primaryImageOfPage":{"@id":"https:\/\/cgh.com.pl\/fr\/accessoires\/trous-dhommes-puits-et-couvercle\/puisards-dallee-de-type-na2-na3-qna4#primaryimage"},"image":{"@id":"https:\/\/cgh.com.pl\/fr\/accessoires\/trous-dhommes-puits-et-couvercle\/puisards-dallee-de-type-na2-na3-qna4#primaryimage"},"thumbnailUrl":"https:\/\/cgh.com.pl\/fr\/wp-content\/uploads\/2022\/02\/steel-tank-sumps-na2-300x300.jpg","datePublished":"2020-12-07T20:54:00+00:00","dateModified":"2023-12-24T00:10:23+00:00","breadcrumb":{"@id":"https:\/\/cgh.com.pl\/fr\/accessoires\/trous-dhommes-puits-et-couvercle\/puisards-dallee-de-type-na2-na3-qna4#breadcrumb"},"inLanguage":"fr-FR","potentialAction":[{"@type":"ReadAction","target":["https:\/\/cgh.com.pl\/fr\/accessoires\/trous-dhommes-puits-et-couvercle\/puisards-dallee-de-type-na2-na3-qna4"]}]},{"@type":"ImageObject","inLanguage":"fr-FR","@id":"https:\/\/cgh.com.pl\/fr\/accessoires\/trous-dhommes-puits-et-couvercle\/puisards-dallee-de-type-na2-na3-qna4#primaryimage","url":"https:\/\/cgh.com.pl\/fr\/wp-content\/uploads\/2022\/02\/steel-tank-sumps-na2.jpg","contentUrl":"https:\/\/cgh.com.pl\/fr\/wp-content\/uploads\/2022\/02\/steel-tank-sumps-na2.jpg","width":600,"height":600,"caption":"Steel Tank Sumps NA2"},{"@type":"BreadcrumbList","@id":"https:\/\/cgh.com.pl\/fr\/accessoires\/trous-dhommes-puits-et-couvercle\/puisards-dallee-de-type-na2-na3-qna4#breadcrumb","itemListElement":[{"@type":"ListItem","position":1,"name":"Strona g\u0142\u00f3wna","item":"https:\/\/cgh.com.pl\/fr\/"},{"@type":"ListItem","position":2,"name":"Accessoires","item":"https:\/\/cgh.com.pl\/fr\/accessoires"},{"@type":"ListItem","position":3,"name":"Trous d\u2019hommes, puits et couvercle","item":"https:\/\/cgh.com.pl\/fr\/accessoires\/trous-dhommes-puits-et-couvercle"},{"@type":"ListItem","position":4,"name":"Puisards d&#8217;all\u00e9e de type NA2, NA3, QNA4"}]},{"@type":"WebSite","@id":"https:\/\/cgh.com.pl\/fr\/#website","url":"https:\/\/cgh.com.pl\/fr\/","name":"CGH Group Sp. z o.o.","description":"","publisher":{"@id":"https:\/\/cgh.com.pl\/fr\/#organization"},"potentialAction":[{"@type":"SearchAction","target":{"@type":"EntryPoint","urlTemplate":"https:\/\/cgh.com.pl\/fr\/?s={search_term_string}"},"query-input":{"@type":"PropertyValueSpecification","valueRequired":true,"valueName":"search_term_string"}}],"inLanguage":"fr-FR"},{"@type":"Organization","@id":"https:\/\/cgh.com.pl\/fr\/#organization","name":"CGH Group Sp. z o.o.","url":"https:\/\/cgh.com.pl\/fr\/","logo":{"@type":"ImageObject","inLanguage":"fr-FR","@id":"https:\/\/cgh.com.pl\/fr\/#\/schema\/logo\/image\/","url":"https:\/\/cgh.com.pl\/fr\/wp-content\/uploads\/2023\/05\/logoCGH.png","contentUrl":"https:\/\/cgh.com.pl\/fr\/wp-content\/uploads\/2023\/05\/logoCGH.png","width":449,"height":162,"caption":"CGH Group Sp. z o.o."},"image":{"@id":"https:\/\/cgh.com.pl\/fr\/#\/schema\/logo\/image\/"}}]}},"_links":{"self":[{"href":"https:\/\/cgh.com.pl\/fr\/wp-json\/wp\/v2\/pages\/436","targetHints":{"allow":["GET"]}}],"collection":[{"href":"https:\/\/cgh.com.pl\/fr\/wp-json\/wp\/v2\/pages"}],"about":[{"href":"https:\/\/cgh.com.pl\/fr\/wp-json\/wp\/v2\/types\/page"}],"author":[{"embeddable":true,"href":"https:\/\/cgh.com.pl\/fr\/wp-json\/wp\/v2\/users\/1"}],"replies":[{"embeddable":true,"href":"https:\/\/cgh.com.pl\/fr\/wp-json\/wp\/v2\/comments?post=436"}],"version-history":[{"count":15,"href":"https:\/\/cgh.com.pl\/fr\/wp-json\/wp\/v2\/pages\/436\/revisions"}],"predecessor-version":[{"id":5175,"href":"https:\/\/cgh.com.pl\/fr\/wp-json\/wp\/v2\/pages\/436\/revisions\/5175"}],"up":[{"embeddable":true,"href":"https:\/\/cgh.com.pl\/fr\/wp-json\/wp\/v2\/pages\/432"}],"wp:attachment":[{"href":"https:\/\/cgh.com.pl\/fr\/wp-json\/wp\/v2\/media?parent=436"}],"curies":[{"name":"wp","href":"https:\/\/api.w.org\/{rel}","templated":true}]}}