{"id":438,"date":"2020-12-07T21:56:38","date_gmt":"2020-12-07T20:56:38","guid":{"rendered":"https:\/\/cgh.com.pl\/fr\/?page_id=438"},"modified":"2023-12-24T01:15:08","modified_gmt":"2023-12-24T00:15:08","slug":"trou-dhomme-en-beton","status":"publish","type":"page","link":"https:\/\/cgh.com.pl\/fr\/accessoires\/trous-dhommes-puits-et-couvercle\/trou-dhomme-en-beton","title":{"rendered":"Trou d&rsquo;homme en b\u00e9ton"},"content":{"rendered":"\n<div class=\"wp-block-columns has-2-columns is-layout-flex wp-container-core-columns-is-layout-9d6595d7 wp-block-columns-is-layout-flex\">\n<div class=\"wp-block-column is-layout-flow wp-block-column-is-layout-flow\"><div class=\"wp-block-image\">\n<figure class=\"aligncenter size-full\"><img decoding=\"async\" width=\"360\" height=\"240\" data-src=\"https:\/\/cgh.com.pl\/fr\/wp-content\/uploads\/2022\/02\/street-cover-250-kn-920x920x250-mm.jpeg\" alt=\"Trou d'homme en b\u00e9ton\" class=\"wp-image-3201 img-fluid lazyload\" title=\"Concrete shaft covers\" data-srcset=\"https:\/\/cgh.com.pl\/fr\/wp-content\/uploads\/2022\/02\/street-cover-250-kn-920x920x250-mm.jpeg 360w, https:\/\/cgh.com.pl\/fr\/wp-content\/uploads\/2022\/02\/street-cover-250-kn-920x920x250-mm-300x200.jpeg 300w\" data-sizes=\"(max-width: 360px) 100vw, 360px\" src=\"data:image\/svg+xml;base64,PHN2ZyB3aWR0aD0iMSIgaGVpZ2h0PSIxIiB4bWxucz0iaHR0cDovL3d3dy53My5vcmcvMjAwMC9zdmciPjwvc3ZnPg==\" style=\"--smush-placeholder-width: 360px; --smush-placeholder-aspect-ratio: 360\/240;\" \/><\/figure><\/div>\n\n\n<div class=\"photos\">\n<div class=\"first-zoom-photo\">\n<p style=\"text-align: center;font-size:10px\"><img decoding=\"async\" data-src=\"https:\/\/cgh.com.pl\/fr\/wp-content\/uploads\/2021\/06\/Concrete-shaft-covers-250kN-740x1400x250mm.jpg\" src=\"data:image\/svg+xml;base64,PHN2ZyB3aWR0aD0iMSIgaGVpZ2h0PSIxIiB4bWxucz0iaHR0cDovL3d3dy53My5vcmcvMjAwMC9zdmciPjwvc3ZnPg==\" class=\"lazyload\" style=\"--smush-placeholder-width: 500px; --smush-placeholder-aspect-ratio: 500\/379;\"><\/p>\n\n<div><\/div>\n<\/div>\n<div>\n\n<p style=\"text-align: center;font-size:10px\"><img decoding=\"async\" data-src=\"https:\/\/cgh.com.pl\/fr\/wp-content\/uploads\/2021\/06\/Double-cover-2x740x740mm-400kN.jpg\" src=\"data:image\/svg+xml;base64,PHN2ZyB3aWR0aD0iMSIgaGVpZ2h0PSIxIiB4bWxucz0iaHR0cDovL3d3dy53My5vcmcvMjAwMC9zdmciPjwvc3ZnPg==\" class=\"lazyload\" style=\"--smush-placeholder-width: 500px; --smush-placeholder-aspect-ratio: 500\/379;\"><\/p>\n<div><\/div>\n<\/div>\n\n<div class=\"pair\">\n\n<p style=\"text-align: center;font-size:10px\"><img decoding=\"async\" data-src=\"https:\/\/cgh.com.pl\/fr\/wp-content\/uploads\/2021\/06\/Steel-cover-920x920x250-mm-400-kn.jpg\" src=\"data:image\/svg+xml;base64,PHN2ZyB3aWR0aD0iMSIgaGVpZ2h0PSIxIiB4bWxucz0iaHR0cDovL3d3dy53My5vcmcvMjAwMC9zdmciPjwvc3ZnPg==\" class=\"lazyload\" style=\"--smush-placeholder-width: 500px; --smush-placeholder-aspect-ratio: 500\/379;\"><\/p>\n<div><\/div>\n<div><\/div>\n<\/div>\n<\/div>\n<\/div>\n\n\n\n<div class=\"wp-block-column is-layout-flow wp-block-column-is-layout-flow\">\n<p><strong><strong><strong>Informations sur le produit<\/strong><\/strong><\/strong><\/p>\n\n\n\n<p><strong>Couvercle de trou d&rsquo;homme \u00e9tanche avec rev\u00eatement en b\u00e9ton <\/strong><\/p>\n\n\n\n<ul class=\"wp-block-list\">\n<li>\u00e9tanche \u00e0 l&rsquo;eau de pluie<\/li>\n\n\n\n<li>une construction con\u00e7ue pour r\u00e9sister aux charges impos\u00e9es par l&rsquo;impact des v\u00e9hicules \u00e0 moteur<\/li>\n\n\n\n<li>le couvercle et les cadres en acier sont galvanis\u00e9s \u00e0 chaud<\/li>\n\n\n\n<li>\u00e9quip\u00e9 d&rsquo;un m\u00e9canisme de verrouillage en position ferm\u00e9e<\/li>\n\n\n\n<li>la surface ext\u00e9rieure du couvercle en t\u00f4le ondul\u00e9e \u00e9limine efficacement le risque de glissement<\/li>\n\n\n\n<li>rev\u00eatement en b\u00e9ton avec structure antid\u00e9rapante<\/li>\n<\/ul>\n\n\n\n<p><strong><strong>Champ d&rsquo;application<\/strong>:<\/strong><\/p>\n\n\n\n<p>Les couvercles de trous d&rsquo;homme doivent \u00eatre utilis\u00e9s pour prot\u00e9ger les ouvertures des trous d&rsquo;homme dans les zones de man\u0153uvre des stations de carburant liquide et autres installations de stockage et de distribution de produits p\u00e9troliers.<\/p>\n\n\n\n<p>Il incombe au concepteur de l&rsquo;installation de choisir la classe de couverture appropri\u00e9e.<\/p>\n\n\n\n<p>Les v\u00e9hicules dont la charge par roue est \u2264 400 kN peuvent circuler sur l&rsquo;aire de man\u0153uvre avec les couvercles en place.<\/p>\n\n\n\n<p><strong><strong>Conditions d&rsquo;utilisation:<\/strong><\/strong><\/p>\n\n\n\n<p>L&rsquo;anneau en b\u00e9ton d\u2019un trou d&rsquo;homme doit reposer sur toute sa circonf\u00e9rence, sur, au moins 150 mm de chaque c\u00f4t\u00e9, une semelle sp\u00e9cialement con\u00e7ue \u00e0 cet effet. Le rev\u00eatement routier pos\u00e9 dans l&rsquo;aire de man\u0153uvre o\u00f9 est incorpor\u00e9 au trous d\u2019homme doit \u00eatre pos\u00e9 au ras du bord de l&rsquo;anneau en b\u00e9ton et assurer un libre \u00e9coulement. Le trou d&rsquo;homme lui-m\u00eame doit \u00eatre plac\u00e9 horizontalement et ses diff\u00e9rents \u00e9l\u00e9ments doivent \u00eatre stables. Le couvercle, apr\u00e8s installation, doit \u00eatre le point le plus haut de la chauss\u00e9e. La m\u00e9thode de fondation et de fixation de l&rsquo;anneau en b\u00e9ton au sol doit \u00eatre sp\u00e9cifi\u00e9e dans la conception technique sp\u00e9cifique au site.<\/p>\n<\/div>\n<\/div>\n","protected":false},"excerpt":{"rendered":"<p>Informations sur le produit Couvercle de trou d&rsquo;homme \u00e9tanche avec rev\u00eatement en b\u00e9ton Champ d&rsquo;application: Les couvercles de trous d&rsquo;homme doivent \u00eatre utilis\u00e9s pour prot\u00e9ger les ouvertures des trous d&rsquo;homme dans les zones de man\u0153uvre des stations de carburant liquide et autres installations de stockage et de distribution de produits p\u00e9troliers. Il incombe au concepteur [&hellip;]?<\/p>\n","protected":false},"author":1,"featured_media":0,"parent":432,"menu_order":0,"comment_status":"closed","ping_status":"closed","template":"page-products-with-second-menu.php","meta":{"_acf_changed":false,"footnotes":""},"class_list":["post-438","page","type-page","status-publish","hentry"],"acf":[],"yoast_head":"<!-- This site is optimized with the Yoast SEO plugin v26.1.1 - https:\/\/yoast.com\/wordpress\/plugins\/seo\/ -->\n<title>Trou d&#039;homme en b\u00e9ton - CGH Group Sp. z o.o.<\/title>\n<meta name=\"robots\" content=\"index, follow, max-snippet:-1, max-image-preview:large, max-video-preview:-1\" \/>\n<link rel=\"canonical\" href=\"https:\/\/cgh.com.pl\/fr\/accessoires\/trous-dhommes-puits-et-couvercle\/trou-dhomme-en-beton\" \/>\n<meta property=\"og:locale\" content=\"fr_FR\" \/>\n<meta property=\"og:type\" content=\"article\" \/>\n<meta property=\"og:title\" content=\"Trou d&#039;homme en b\u00e9ton - CGH Group Sp. z o.o.\" \/>\n<meta property=\"og:description\" content=\"Informations sur le produit Couvercle de trou d&rsquo;homme \u00e9tanche avec rev\u00eatement en b\u00e9ton Champ d&rsquo;application: Les couvercles de trous d&rsquo;homme doivent \u00eatre utilis\u00e9s pour prot\u00e9ger les ouvertures des trous d&rsquo;homme dans les zones de man\u0153uvre des stations de carburant liquide et autres installations de stockage et de distribution de produits p\u00e9troliers. Il incombe au concepteur [&hellip;]?\" \/>\n<meta property=\"og:url\" content=\"https:\/\/cgh.com.pl\/fr\/accessoires\/trous-dhommes-puits-et-couvercle\/trou-dhomme-en-beton\" \/>\n<meta property=\"og:site_name\" content=\"CGH Group Sp. z o.o.\" \/>\n<meta property=\"article:modified_time\" content=\"2023-12-24T00:15:08+00:00\" \/>\n<meta property=\"og:image\" content=\"https:\/\/cgh.com.pl\/fr\/wp-content\/uploads\/2022\/02\/street-cover-250-kn-920x920x250-mm.jpeg\" \/>\n<meta name=\"twitter:card\" content=\"summary_large_image\" \/>\n<meta name=\"twitter:label1\" content=\"Dur\u00e9e de lecture estim\u00e9e\" \/>\n\t<meta name=\"twitter:data1\" content=\"3 minutes\" \/>\n<script type=\"application\/ld+json\" class=\"yoast-schema-graph\">{\"@context\":\"https:\/\/schema.org\",\"@graph\":[{\"@type\":\"WebPage\",\"@id\":\"https:\/\/cgh.com.pl\/fr\/accessoires\/trous-dhommes-puits-et-couvercle\/trou-dhomme-en-beton\",\"url\":\"https:\/\/cgh.com.pl\/fr\/accessoires\/trous-dhommes-puits-et-couvercle\/trou-dhomme-en-beton\",\"name\":\"Trou d'homme en b\u00e9ton - CGH Group Sp. z o.o.\",\"isPartOf\":{\"@id\":\"https:\/\/cgh.com.pl\/fr\/#website\"},\"primaryImageOfPage\":{\"@id\":\"https:\/\/cgh.com.pl\/fr\/accessoires\/trous-dhommes-puits-et-couvercle\/trou-dhomme-en-beton#primaryimage\"},\"image\":{\"@id\":\"https:\/\/cgh.com.pl\/fr\/accessoires\/trous-dhommes-puits-et-couvercle\/trou-dhomme-en-beton#primaryimage\"},\"thumbnailUrl\":\"https:\/\/cgh.com.pl\/fr\/wp-content\/uploads\/2022\/02\/street-cover-250-kn-920x920x250-mm.jpeg\",\"datePublished\":\"2020-12-07T20:56:38+00:00\",\"dateModified\":\"2023-12-24T00:15:08+00:00\",\"breadcrumb\":{\"@id\":\"https:\/\/cgh.com.pl\/fr\/accessoires\/trous-dhommes-puits-et-couvercle\/trou-dhomme-en-beton#breadcrumb\"},\"inLanguage\":\"fr-FR\",\"potentialAction\":[{\"@type\":\"ReadAction\",\"target\":[\"https:\/\/cgh.com.pl\/fr\/accessoires\/trous-dhommes-puits-et-couvercle\/trou-dhomme-en-beton\"]}]},{\"@type\":\"ImageObject\",\"inLanguage\":\"fr-FR\",\"@id\":\"https:\/\/cgh.com.pl\/fr\/accessoires\/trous-dhommes-puits-et-couvercle\/trou-dhomme-en-beton#primaryimage\",\"url\":\"https:\/\/cgh.com.pl\/fr\/wp-content\/uploads\/2022\/02\/street-cover-250-kn-920x920x250-mm.jpeg\",\"contentUrl\":\"https:\/\/cgh.com.pl\/fr\/wp-content\/uploads\/2022\/02\/street-cover-250-kn-920x920x250-mm.jpeg\",\"width\":360,\"height\":240},{\"@type\":\"BreadcrumbList\",\"@id\":\"https:\/\/cgh.com.pl\/fr\/accessoires\/trous-dhommes-puits-et-couvercle\/trou-dhomme-en-beton#breadcrumb\",\"itemListElement\":[{\"@type\":\"ListItem\",\"position\":1,\"name\":\"Strona g\u0142\u00f3wna\",\"item\":\"https:\/\/cgh.com.pl\/fr\/\"},{\"@type\":\"ListItem\",\"position\":2,\"name\":\"Accessoires\",\"item\":\"https:\/\/cgh.com.pl\/fr\/accessoires\"},{\"@type\":\"ListItem\",\"position\":3,\"name\":\"Trous d\u2019hommes, puits et couvercle\",\"item\":\"https:\/\/cgh.com.pl\/fr\/accessoires\/trous-dhommes-puits-et-couvercle\"},{\"@type\":\"ListItem\",\"position\":4,\"name\":\"Trou d&#8217;homme en b\u00e9ton\"}]},{\"@type\":\"WebSite\",\"@id\":\"https:\/\/cgh.com.pl\/fr\/#website\",\"url\":\"https:\/\/cgh.com.pl\/fr\/\",\"name\":\"CGH Group Sp. z o.o.\",\"description\":\"\",\"publisher\":{\"@id\":\"https:\/\/cgh.com.pl\/fr\/#organization\"},\"potentialAction\":[{\"@type\":\"SearchAction\",\"target\":{\"@type\":\"EntryPoint\",\"urlTemplate\":\"https:\/\/cgh.com.pl\/fr\/?s={search_term_string}\"},\"query-input\":{\"@type\":\"PropertyValueSpecification\",\"valueRequired\":true,\"valueName\":\"search_term_string\"}}],\"inLanguage\":\"fr-FR\"},{\"@type\":\"Organization\",\"@id\":\"https:\/\/cgh.com.pl\/fr\/#organization\",\"name\":\"CGH Group Sp. z o.o.\",\"url\":\"https:\/\/cgh.com.pl\/fr\/\",\"logo\":{\"@type\":\"ImageObject\",\"inLanguage\":\"fr-FR\",\"@id\":\"https:\/\/cgh.com.pl\/fr\/#\/schema\/logo\/image\/\",\"url\":\"https:\/\/cgh.com.pl\/fr\/wp-content\/uploads\/2023\/05\/logoCGH.png\",\"contentUrl\":\"https:\/\/cgh.com.pl\/fr\/wp-content\/uploads\/2023\/05\/logoCGH.png\",\"width\":449,\"height\":162,\"caption\":\"CGH Group Sp. z o.o.\"},\"image\":{\"@id\":\"https:\/\/cgh.com.pl\/fr\/#\/schema\/logo\/image\/\"}}]}<\/script>\n<!-- \/ Yoast SEO plugin. -->","yoast_head_json":{"title":"Trou d'homme en b\u00e9ton - CGH Group Sp. z o.o.","robots":{"index":"index","follow":"follow","max-snippet":"max-snippet:-1","max-image-preview":"max-image-preview:large","max-video-preview":"max-video-preview:-1"},"canonical":"https:\/\/cgh.com.pl\/fr\/accessoires\/trous-dhommes-puits-et-couvercle\/trou-dhomme-en-beton","og_locale":"fr_FR","og_type":"article","og_title":"Trou d'homme en b\u00e9ton - CGH Group Sp. z o.o.","og_description":"Informations sur le produit Couvercle de trou d&rsquo;homme \u00e9tanche avec rev\u00eatement en b\u00e9ton Champ d&rsquo;application: Les couvercles de trous d&rsquo;homme doivent \u00eatre utilis\u00e9s pour prot\u00e9ger les ouvertures des trous d&rsquo;homme dans les zones de man\u0153uvre des stations de carburant liquide et autres installations de stockage et de distribution de produits p\u00e9troliers. Il incombe au concepteur [&hellip;]?","og_url":"https:\/\/cgh.com.pl\/fr\/accessoires\/trous-dhommes-puits-et-couvercle\/trou-dhomme-en-beton","og_site_name":"CGH Group Sp. z o.o.","article_modified_time":"2023-12-24T00:15:08+00:00","og_image":[{"url":"https:\/\/cgh.com.pl\/fr\/wp-content\/uploads\/2022\/02\/street-cover-250-kn-920x920x250-mm.jpeg","type":"","width":"","height":""}],"twitter_card":"summary_large_image","twitter_misc":{"Dur\u00e9e de lecture estim\u00e9e":"3 minutes"},"schema":{"@context":"https:\/\/schema.org","@graph":[{"@type":"WebPage","@id":"https:\/\/cgh.com.pl\/fr\/accessoires\/trous-dhommes-puits-et-couvercle\/trou-dhomme-en-beton","url":"https:\/\/cgh.com.pl\/fr\/accessoires\/trous-dhommes-puits-et-couvercle\/trou-dhomme-en-beton","name":"Trou d'homme en b\u00e9ton - CGH Group Sp. z o.o.","isPartOf":{"@id":"https:\/\/cgh.com.pl\/fr\/#website"},"primaryImageOfPage":{"@id":"https:\/\/cgh.com.pl\/fr\/accessoires\/trous-dhommes-puits-et-couvercle\/trou-dhomme-en-beton#primaryimage"},"image":{"@id":"https:\/\/cgh.com.pl\/fr\/accessoires\/trous-dhommes-puits-et-couvercle\/trou-dhomme-en-beton#primaryimage"},"thumbnailUrl":"https:\/\/cgh.com.pl\/fr\/wp-content\/uploads\/2022\/02\/street-cover-250-kn-920x920x250-mm.jpeg","datePublished":"2020-12-07T20:56:38+00:00","dateModified":"2023-12-24T00:15:08+00:00","breadcrumb":{"@id":"https:\/\/cgh.com.pl\/fr\/accessoires\/trous-dhommes-puits-et-couvercle\/trou-dhomme-en-beton#breadcrumb"},"inLanguage":"fr-FR","potentialAction":[{"@type":"ReadAction","target":["https:\/\/cgh.com.pl\/fr\/accessoires\/trous-dhommes-puits-et-couvercle\/trou-dhomme-en-beton"]}]},{"@type":"ImageObject","inLanguage":"fr-FR","@id":"https:\/\/cgh.com.pl\/fr\/accessoires\/trous-dhommes-puits-et-couvercle\/trou-dhomme-en-beton#primaryimage","url":"https:\/\/cgh.com.pl\/fr\/wp-content\/uploads\/2022\/02\/street-cover-250-kn-920x920x250-mm.jpeg","contentUrl":"https:\/\/cgh.com.pl\/fr\/wp-content\/uploads\/2022\/02\/street-cover-250-kn-920x920x250-mm.jpeg","width":360,"height":240},{"@type":"BreadcrumbList","@id":"https:\/\/cgh.com.pl\/fr\/accessoires\/trous-dhommes-puits-et-couvercle\/trou-dhomme-en-beton#breadcrumb","itemListElement":[{"@type":"ListItem","position":1,"name":"Strona g\u0142\u00f3wna","item":"https:\/\/cgh.com.pl\/fr\/"},{"@type":"ListItem","position":2,"name":"Accessoires","item":"https:\/\/cgh.com.pl\/fr\/accessoires"},{"@type":"ListItem","position":3,"name":"Trous d\u2019hommes, puits et couvercle","item":"https:\/\/cgh.com.pl\/fr\/accessoires\/trous-dhommes-puits-et-couvercle"},{"@type":"ListItem","position":4,"name":"Trou d&#8217;homme en b\u00e9ton"}]},{"@type":"WebSite","@id":"https:\/\/cgh.com.pl\/fr\/#website","url":"https:\/\/cgh.com.pl\/fr\/","name":"CGH Group Sp. z o.o.","description":"","publisher":{"@id":"https:\/\/cgh.com.pl\/fr\/#organization"},"potentialAction":[{"@type":"SearchAction","target":{"@type":"EntryPoint","urlTemplate":"https:\/\/cgh.com.pl\/fr\/?s={search_term_string}"},"query-input":{"@type":"PropertyValueSpecification","valueRequired":true,"valueName":"search_term_string"}}],"inLanguage":"fr-FR"},{"@type":"Organization","@id":"https:\/\/cgh.com.pl\/fr\/#organization","name":"CGH Group Sp. z o.o.","url":"https:\/\/cgh.com.pl\/fr\/","logo":{"@type":"ImageObject","inLanguage":"fr-FR","@id":"https:\/\/cgh.com.pl\/fr\/#\/schema\/logo\/image\/","url":"https:\/\/cgh.com.pl\/fr\/wp-content\/uploads\/2023\/05\/logoCGH.png","contentUrl":"https:\/\/cgh.com.pl\/fr\/wp-content\/uploads\/2023\/05\/logoCGH.png","width":449,"height":162,"caption":"CGH Group Sp. z o.o."},"image":{"@id":"https:\/\/cgh.com.pl\/fr\/#\/schema\/logo\/image\/"}}]}},"_links":{"self":[{"href":"https:\/\/cgh.com.pl\/fr\/wp-json\/wp\/v2\/pages\/438","targetHints":{"allow":["GET"]}}],"collection":[{"href":"https:\/\/cgh.com.pl\/fr\/wp-json\/wp\/v2\/pages"}],"about":[{"href":"https:\/\/cgh.com.pl\/fr\/wp-json\/wp\/v2\/types\/page"}],"author":[{"embeddable":true,"href":"https:\/\/cgh.com.pl\/fr\/wp-json\/wp\/v2\/users\/1"}],"replies":[{"embeddable":true,"href":"https:\/\/cgh.com.pl\/fr\/wp-json\/wp\/v2\/comments?post=438"}],"version-history":[{"count":8,"href":"https:\/\/cgh.com.pl\/fr\/wp-json\/wp\/v2\/pages\/438\/revisions"}],"predecessor-version":[{"id":5179,"href":"https:\/\/cgh.com.pl\/fr\/wp-json\/wp\/v2\/pages\/438\/revisions\/5179"}],"up":[{"embeddable":true,"href":"https:\/\/cgh.com.pl\/fr\/wp-json\/wp\/v2\/pages\/432"}],"wp:attachment":[{"href":"https:\/\/cgh.com.pl\/fr\/wp-json\/wp\/v2\/media?parent=438"}],"curies":[{"name":"wp","href":"https:\/\/api.w.org\/{rel}","templated":true}]}}