{"id":444,"date":"2020-12-07T22:02:44","date_gmt":"2020-12-07T21:02:44","guid":{"rendered":"https:\/\/cgh.com.pl\/fr\/?page_id=444"},"modified":"2023-12-17T23:29:10","modified_gmt":"2023-12-17T22:29:10","slug":"trous-dhomme-sur-la-pelouse-qta1-ta1","status":"publish","type":"page","link":"https:\/\/cgh.com.pl\/fr\/accessoires\/trous-dhomme-sur-la-pelouse\/trous-dhomme-sur-la-pelouse-qta1-ta1","title":{"rendered":"Trous d\u2019homme sur la pelouse QTA1, TA1"},"content":{"rendered":"\n<div class=\"wp-block-columns has-2-columns is-layout-flex wp-container-core-columns-is-layout-9d6595d7 wp-block-columns-is-layout-flex\">\n<div class=\"wp-block-column is-layout-flow wp-block-column-is-layout-flow\"><div class=\"wp-block-image\">\n<figure class=\"aligncenter size-full\"><img decoding=\"async\" width=\"360\" height=\"240\" data-src=\"https:\/\/cgh.com.pl\/fr\/wp-content\/uploads\/2021\/06\/tank-sumps-qta1-ta1-1a.jpg\" alt=\"Steel Tank Sumps QTA1, TA1\" class=\"wp-image-1733 img-fluid lazyload\" data-srcset=\"https:\/\/cgh.com.pl\/fr\/wp-content\/uploads\/2021\/06\/tank-sumps-qta1-ta1-1a.jpg 360w, https:\/\/cgh.com.pl\/fr\/wp-content\/uploads\/2021\/06\/tank-sumps-qta1-ta1-1a-300x200.jpg 300w\" data-sizes=\"(max-width: 360px) 100vw, 360px\" src=\"data:image\/svg+xml;base64,PHN2ZyB3aWR0aD0iMSIgaGVpZ2h0PSIxIiB4bWxucz0iaHR0cDovL3d3dy53My5vcmcvMjAwMC9zdmciPjwvc3ZnPg==\" style=\"--smush-placeholder-width: 360px; --smush-placeholder-aspect-ratio: 360\/240;\" \/><figcaption class=\"wp-element-caption\"><br><strong>Trous d\u2019homme sur la pelouse Q<\/strong><br><strong>TA1<\/strong><\/figcaption><\/figure><\/div>\n\n\n<div class=\"photos\">\n<div class=\"first-zoom-photo\"><img decoding=\"async\" data-src=\"https:\/\/cgh.com.pl\/fr\/wp-content\/uploads\/2022\/02\/Steel-Tank-Sumps-TA-1.jpg\" alt=\"Trous d\u2019homme sur la pelouse QTA1, TA1\" src=\"data:image\/svg+xml;base64,PHN2ZyB3aWR0aD0iMSIgaGVpZ2h0PSIxIiB4bWxucz0iaHR0cDovL3d3dy53My5vcmcvMjAwMC9zdmciPjwvc3ZnPg==\" class=\"lazyload\" style=\"--smush-placeholder-width: 591px; --smush-placeholder-aspect-ratio: 591\/490;\">Trous d\u2019homme sur la pelouse TA1<div><\/div>\n<\/div>\n<div class=\"pair\"><img decoding=\"async\" data-src=\"https:\/\/cgh.com.pl\/fr\/wp-content\/uploads\/2022\/02\/Steel-Tank-Sumps-TA1-1.jpg\" src=\"data:image\/svg+xml;base64,PHN2ZyB3aWR0aD0iMSIgaGVpZ2h0PSIxIiB4bWxucz0iaHR0cDovL3d3dy53My5vcmcvMjAwMC9zdmciPjwvc3ZnPg==\" class=\"lazyload\" style=\"--smush-placeholder-width: 886px; --smush-placeholder-aspect-ratio: 886\/832;\">Trous d\u2019homme sur la pelouse TA1<div><\/div>\n<div><\/div>\n<\/div>\n<\/div>\n<\/div>\n\n\n\n<div class=\"wp-block-column is-layout-flow wp-block-column-is-layout-flow\">\n<p><strong><strong>Informations sur le produit<\/strong><\/strong><\/p>\n\n\n\n<p>Les trous d&rsquo;homme TA1, QTA1 sont con\u00e7us pour le d\u00e9veloppement des pelouses.<\/p>\n\n\n\n<p>Les trous d&rsquo;homme ont pour but de prot\u00e9ger et de permettre l&rsquo;acc\u00e8s aux raccords install\u00e9s sur le r\u00e9servoir plant\u00e9 dans l&rsquo;espace vert.<\/p>\n\n\n\n<p>Ils offrent la possibilit\u00e9 d&rsquo;une installation rapide et simple sur le r\u00e9servoir par un simple vis sur l&rsquo;hiloire du r\u00e9servoir install\u00e9e en usine.<\/p>\n\n\n\n<p>Ils permettent d&rsquo;acc\u00e9der librement aux raccords du r\u00e9servoir lors du ravitaillement en carburant, de l&rsquo;inspection et des travaux d&rsquo;entretien.<\/p>\n\n\n\n<p>Il existe deux types de trous d&rsquo;homme:<\/p>\n\n\n\n<p>petit &#8211; QTA1 &#8211; 1200\u00d71200, h=1100, avec double couverture<\/p>\n\n\n\n<p>grand &#8211; TA1 &#8211; 1400\u00d71200, h=1100, avec double couverture<\/p>\n\n\n\n<p>Les regards sont disponibles en plusieurs versions:<\/p>\n\n\n\n<ul class=\"wp-block-list\">\n<li>trous d\u2019homme appr\u00eat\u00e9<\/li>\n\n\n\n<li>trous d\u2019homme galvanis\u00e9 \u00e0 chaud<\/li>\n\n\n\n<li>trous d\u2019homme peinte \u00e0 l&rsquo;ext\u00e9rieur avec un appr\u00eat et \u00e0 l&rsquo;int\u00e9rieur pour l&rsquo;AdBlue<\/li>\n<\/ul>\n\n\n<div class=\"wp-block-image\">\n<figure class=\"alignleft size-full\"><img decoding=\"async\" width=\"22\" height=\"22\" data-src=\"https:\/\/cgh.com.pl\/fr\/wp-content\/uploads\/2020\/12\/advantage.png\" alt=\"\" class=\"wp-image-559 img-fluid lazyload\" src=\"data:image\/svg+xml;base64,PHN2ZyB3aWR0aD0iMSIgaGVpZ2h0PSIxIiB4bWxucz0iaHR0cDovL3d3dy53My5vcmcvMjAwMC9zdmciPjwvc3ZnPg==\" style=\"--smush-placeholder-width: 22px; --smush-placeholder-aspect-ratio: 22\/22;\" \/><\/figure><\/div>\n\n\n<p><strong>Informations techniques<\/strong><\/p>\n\n\n\n<p>1. Trous d\u2019homme en acier QTA1<br>1200\u00d71200, h=1100, avec double couverture<\/p>\n\n\n\n<p>Les trous d\u2019homme sont disponibles en plusieurs versions:<\/p>\n\n\n\n<p>1. peintes avec une couche d&rsquo;appr\u00eat<br>2. galvanis\u00e9s \u00e0 chaud<br>3. peintes \u00e0 l&rsquo;ext\u00e9rieur avec un appr\u00eat et \u00e0 l&rsquo;int\u00e9rieur pour l&rsquo;AdBlue<\/p>\n\n\n\n<p>2. Trous d\u2019homme d&rsquo;acier TA1<br>1400\u00d71200, h=1100, avec double couverture<\/p>\n\n\n\n<p>Les trous d\u2019homme sont disponibles en plusieurs versions:<\/p>\n\n\n\n<p>1. peintes avec une couche d&rsquo;appr\u00eat<br>2. galvanis\u00e9s \u00e0 chaud<br>3. peintes \u00e0 l&rsquo;ext\u00e9rieur avec un appr\u00eat et \u00e0 l&rsquo;int\u00e9rieur pour l&rsquo;AdBlue<\/p>\n\n\n<div class=\"wp-block-image\">\n<figure class=\"alignleft size-full\"><img decoding=\"async\" width=\"22\" height=\"21\" data-src=\"https:\/\/cgh.com.pl\/fr\/wp-content\/uploads\/2020\/12\/good.png\" alt=\"\" class=\"wp-image-558 img-fluid lazyload\" src=\"data:image\/svg+xml;base64,PHN2ZyB3aWR0aD0iMSIgaGVpZ2h0PSIxIiB4bWxucz0iaHR0cDovL3d3dy53My5vcmcvMjAwMC9zdmciPjwvc3ZnPg==\" style=\"--smush-placeholder-width: 22px; --smush-placeholder-aspect-ratio: 22\/21;\" \/><\/figure><\/div>\n\n\n<p><strong>Avantages du dispositif<\/strong><\/p>\n\n\n\n<p>Montage sur le r\u00e9servoir<\/p>\n\n\n<div class=\"wp-block-image\">\n<figure class=\"aligncenter size-full\"><img decoding=\"async\" width=\"341\" height=\"247\" data-src=\"https:\/\/cgh.com.pl\/fr\/wp-content\/uploads\/2022\/02\/sposob-montazu-ta1.jpg\" alt=\"\" class=\"wp-image-2474 img-fluid lazyload\" data-srcset=\"https:\/\/cgh.com.pl\/fr\/wp-content\/uploads\/2022\/02\/sposob-montazu-ta1.jpg 341w, https:\/\/cgh.com.pl\/fr\/wp-content\/uploads\/2022\/02\/sposob-montazu-ta1-300x217.jpg 300w\" data-sizes=\"(max-width: 341px) 100vw, 341px\" src=\"data:image\/svg+xml;base64,PHN2ZyB3aWR0aD0iMSIgaGVpZ2h0PSIxIiB4bWxucz0iaHR0cDovL3d3dy53My5vcmcvMjAwMC9zdmciPjwvc3ZnPg==\" style=\"--smush-placeholder-width: 341px; --smush-placeholder-aspect-ratio: 341\/247;\" \/><\/figure><\/div>\n\n\n<p>Montage par boulonnage sur l&rsquo;hiloire du r\u00e9servoir<\/p>\n\n\n\n<ul class=\"wp-block-list\">\n<li>Tr\u00e8s facile \u00e0 monter sur l\u2019hiloire du r\u00e9servoir install\u00e9 en usine.<\/li>\n\n\n\n<li>Durable et fiable<\/li>\n\n\n\n<li>Trou d\u2019homme s&rsquo;est fix\u00e9 sur le r\u00e9servoir par un vis<\/li>\n\n\n\n<li>Verrouillage de l&rsquo;entra\u00eenement contre l&rsquo;autod\u00e9crochage.<\/li>\n\n\n\n<li>Peut \u00eatre verrouill\u00e9 \u00e0 l&rsquo;aide d&rsquo;un cadenas.<\/li>\n\n\n\n<li>Protection des raccords de r\u00e9servoir install\u00e9s.<\/li>\n\n\n\n<li>Acc\u00e8s facile aux accessoires install\u00e9s<\/li>\n<\/ul>\n<\/div>\n<\/div>\n","protected":false},"excerpt":{"rendered":"<p>Trous d\u2019homme sur la pelouse TA1 Trous d\u2019homme sur la pelouse TA1 Informations sur le produit Les trous d&rsquo;homme TA1, QTA1 sont con\u00e7us pour le d\u00e9veloppement des pelouses. Les trous d&rsquo;homme ont pour but de prot\u00e9ger et de permettre l&rsquo;acc\u00e8s aux raccords install\u00e9s sur le r\u00e9servoir plant\u00e9 dans l&rsquo;espace vert. Ils offrent la possibilit\u00e9 d&rsquo;une [&hellip;]?<\/p>\n","protected":false},"author":1,"featured_media":0,"parent":442,"menu_order":0,"comment_status":"closed","ping_status":"closed","template":"page-products-with-second-menu.php","meta":{"_acf_changed":false,"footnotes":""},"class_list":["post-444","page","type-page","status-publish","hentry"],"acf":[],"yoast_head":"<!-- This site is optimized with the Yoast SEO plugin v26.1.1 - https:\/\/yoast.com\/wordpress\/plugins\/seo\/ -->\n<title>Trous d\u2019homme sur la pelouse QTA1, TA1 - CGH Group Sp. z o.o.<\/title>\n<meta name=\"robots\" content=\"index, follow, max-snippet:-1, max-image-preview:large, max-video-preview:-1\" \/>\n<link rel=\"canonical\" href=\"https:\/\/cgh.com.pl\/fr\/accessoires\/trous-dhomme-sur-la-pelouse\/trous-dhomme-sur-la-pelouse-qta1-ta1\" \/>\n<meta property=\"og:locale\" content=\"fr_FR\" \/>\n<meta property=\"og:type\" content=\"article\" \/>\n<meta property=\"og:title\" content=\"Trous d\u2019homme sur la pelouse QTA1, TA1 - CGH Group Sp. z o.o.\" \/>\n<meta property=\"og:description\" content=\"Trous d\u2019homme sur la pelouse TA1 Trous d\u2019homme sur la pelouse TA1 Informations sur le produit Les trous d&rsquo;homme TA1, QTA1 sont con\u00e7us pour le d\u00e9veloppement des pelouses. Les trous d&rsquo;homme ont pour but de prot\u00e9ger et de permettre l&rsquo;acc\u00e8s aux raccords install\u00e9s sur le r\u00e9servoir plant\u00e9 dans l&rsquo;espace vert. Ils offrent la possibilit\u00e9 d&rsquo;une [&hellip;]?\" \/>\n<meta property=\"og:url\" content=\"https:\/\/cgh.com.pl\/fr\/accessoires\/trous-dhomme-sur-la-pelouse\/trous-dhomme-sur-la-pelouse-qta1-ta1\" \/>\n<meta property=\"og:site_name\" content=\"CGH Group Sp. z o.o.\" \/>\n<meta property=\"article:modified_time\" content=\"2023-12-17T22:29:10+00:00\" \/>\n<meta property=\"og:image\" content=\"https:\/\/cgh.com.pl\/fr\/wp-content\/uploads\/2021\/06\/tank-sumps-qta1-ta1-1a.jpg\" \/>\n<meta name=\"twitter:card\" content=\"summary_large_image\" \/>\n<meta name=\"twitter:label1\" content=\"Dur\u00e9e de lecture estim\u00e9e\" \/>\n\t<meta name=\"twitter:data1\" content=\"3 minutes\" \/>\n<script type=\"application\/ld+json\" class=\"yoast-schema-graph\">{\"@context\":\"https:\/\/schema.org\",\"@graph\":[{\"@type\":\"WebPage\",\"@id\":\"https:\/\/cgh.com.pl\/fr\/accessoires\/trous-dhomme-sur-la-pelouse\/trous-dhomme-sur-la-pelouse-qta1-ta1\",\"url\":\"https:\/\/cgh.com.pl\/fr\/accessoires\/trous-dhomme-sur-la-pelouse\/trous-dhomme-sur-la-pelouse-qta1-ta1\",\"name\":\"Trous d\u2019homme sur la pelouse QTA1, TA1 - CGH Group Sp. z o.o.\",\"isPartOf\":{\"@id\":\"https:\/\/cgh.com.pl\/fr\/#website\"},\"primaryImageOfPage\":{\"@id\":\"https:\/\/cgh.com.pl\/fr\/accessoires\/trous-dhomme-sur-la-pelouse\/trous-dhomme-sur-la-pelouse-qta1-ta1#primaryimage\"},\"image\":{\"@id\":\"https:\/\/cgh.com.pl\/fr\/accessoires\/trous-dhomme-sur-la-pelouse\/trous-dhomme-sur-la-pelouse-qta1-ta1#primaryimage\"},\"thumbnailUrl\":\"https:\/\/cgh.com.pl\/fr\/wp-content\/uploads\/2021\/06\/tank-sumps-qta1-ta1-1a.jpg\",\"datePublished\":\"2020-12-07T21:02:44+00:00\",\"dateModified\":\"2023-12-17T22:29:10+00:00\",\"breadcrumb\":{\"@id\":\"https:\/\/cgh.com.pl\/fr\/accessoires\/trous-dhomme-sur-la-pelouse\/trous-dhomme-sur-la-pelouse-qta1-ta1#breadcrumb\"},\"inLanguage\":\"fr-FR\",\"potentialAction\":[{\"@type\":\"ReadAction\",\"target\":[\"https:\/\/cgh.com.pl\/fr\/accessoires\/trous-dhomme-sur-la-pelouse\/trous-dhomme-sur-la-pelouse-qta1-ta1\"]}]},{\"@type\":\"ImageObject\",\"inLanguage\":\"fr-FR\",\"@id\":\"https:\/\/cgh.com.pl\/fr\/accessoires\/trous-dhomme-sur-la-pelouse\/trous-dhomme-sur-la-pelouse-qta1-ta1#primaryimage\",\"url\":\"https:\/\/cgh.com.pl\/fr\/wp-content\/uploads\/2021\/06\/tank-sumps-qta1-ta1-1a.jpg\",\"contentUrl\":\"https:\/\/cgh.com.pl\/fr\/wp-content\/uploads\/2021\/06\/tank-sumps-qta1-ta1-1a.jpg\",\"width\":360,\"height\":240,\"caption\":\"Tank sumps QTA1, TA1\"},{\"@type\":\"BreadcrumbList\",\"@id\":\"https:\/\/cgh.com.pl\/fr\/accessoires\/trous-dhomme-sur-la-pelouse\/trous-dhomme-sur-la-pelouse-qta1-ta1#breadcrumb\",\"itemListElement\":[{\"@type\":\"ListItem\",\"position\":1,\"name\":\"Strona g\u0142\u00f3wna\",\"item\":\"https:\/\/cgh.com.pl\/fr\/\"},{\"@type\":\"ListItem\",\"position\":2,\"name\":\"Accessoires\",\"item\":\"https:\/\/cgh.com.pl\/fr\/accessoires\"},{\"@type\":\"ListItem\",\"position\":3,\"name\":\"Trous d\u2019homme sur la pelouse\",\"item\":\"https:\/\/cgh.com.pl\/fr\/accessoires\/trous-dhomme-sur-la-pelouse\"},{\"@type\":\"ListItem\",\"position\":4,\"name\":\"Trous d\u2019homme sur la pelouse QTA1, TA1\"}]},{\"@type\":\"WebSite\",\"@id\":\"https:\/\/cgh.com.pl\/fr\/#website\",\"url\":\"https:\/\/cgh.com.pl\/fr\/\",\"name\":\"CGH Group Sp. z o.o.\",\"description\":\"\",\"publisher\":{\"@id\":\"https:\/\/cgh.com.pl\/fr\/#organization\"},\"potentialAction\":[{\"@type\":\"SearchAction\",\"target\":{\"@type\":\"EntryPoint\",\"urlTemplate\":\"https:\/\/cgh.com.pl\/fr\/?s={search_term_string}\"},\"query-input\":{\"@type\":\"PropertyValueSpecification\",\"valueRequired\":true,\"valueName\":\"search_term_string\"}}],\"inLanguage\":\"fr-FR\"},{\"@type\":\"Organization\",\"@id\":\"https:\/\/cgh.com.pl\/fr\/#organization\",\"name\":\"CGH Group Sp. z o.o.\",\"url\":\"https:\/\/cgh.com.pl\/fr\/\",\"logo\":{\"@type\":\"ImageObject\",\"inLanguage\":\"fr-FR\",\"@id\":\"https:\/\/cgh.com.pl\/fr\/#\/schema\/logo\/image\/\",\"url\":\"https:\/\/cgh.com.pl\/fr\/wp-content\/uploads\/2023\/05\/logoCGH.png\",\"contentUrl\":\"https:\/\/cgh.com.pl\/fr\/wp-content\/uploads\/2023\/05\/logoCGH.png\",\"width\":449,\"height\":162,\"caption\":\"CGH Group Sp. z o.o.\"},\"image\":{\"@id\":\"https:\/\/cgh.com.pl\/fr\/#\/schema\/logo\/image\/\"}}]}<\/script>\n<!-- \/ Yoast SEO plugin. -->","yoast_head_json":{"title":"Trous d\u2019homme sur la pelouse QTA1, TA1 - CGH Group Sp. z o.o.","robots":{"index":"index","follow":"follow","max-snippet":"max-snippet:-1","max-image-preview":"max-image-preview:large","max-video-preview":"max-video-preview:-1"},"canonical":"https:\/\/cgh.com.pl\/fr\/accessoires\/trous-dhomme-sur-la-pelouse\/trous-dhomme-sur-la-pelouse-qta1-ta1","og_locale":"fr_FR","og_type":"article","og_title":"Trous d\u2019homme sur la pelouse QTA1, TA1 - CGH Group Sp. z o.o.","og_description":"Trous d\u2019homme sur la pelouse TA1 Trous d\u2019homme sur la pelouse TA1 Informations sur le produit Les trous d&rsquo;homme TA1, QTA1 sont con\u00e7us pour le d\u00e9veloppement des pelouses. Les trous d&rsquo;homme ont pour but de prot\u00e9ger et de permettre l&rsquo;acc\u00e8s aux raccords install\u00e9s sur le r\u00e9servoir plant\u00e9 dans l&rsquo;espace vert. Ils offrent la possibilit\u00e9 d&rsquo;une [&hellip;]?","og_url":"https:\/\/cgh.com.pl\/fr\/accessoires\/trous-dhomme-sur-la-pelouse\/trous-dhomme-sur-la-pelouse-qta1-ta1","og_site_name":"CGH Group Sp. z o.o.","article_modified_time":"2023-12-17T22:29:10+00:00","og_image":[{"url":"https:\/\/cgh.com.pl\/fr\/wp-content\/uploads\/2021\/06\/tank-sumps-qta1-ta1-1a.jpg","type":"","width":"","height":""}],"twitter_card":"summary_large_image","twitter_misc":{"Dur\u00e9e de lecture estim\u00e9e":"3 minutes"},"schema":{"@context":"https:\/\/schema.org","@graph":[{"@type":"WebPage","@id":"https:\/\/cgh.com.pl\/fr\/accessoires\/trous-dhomme-sur-la-pelouse\/trous-dhomme-sur-la-pelouse-qta1-ta1","url":"https:\/\/cgh.com.pl\/fr\/accessoires\/trous-dhomme-sur-la-pelouse\/trous-dhomme-sur-la-pelouse-qta1-ta1","name":"Trous d\u2019homme sur la pelouse QTA1, TA1 - CGH Group Sp. z o.o.","isPartOf":{"@id":"https:\/\/cgh.com.pl\/fr\/#website"},"primaryImageOfPage":{"@id":"https:\/\/cgh.com.pl\/fr\/accessoires\/trous-dhomme-sur-la-pelouse\/trous-dhomme-sur-la-pelouse-qta1-ta1#primaryimage"},"image":{"@id":"https:\/\/cgh.com.pl\/fr\/accessoires\/trous-dhomme-sur-la-pelouse\/trous-dhomme-sur-la-pelouse-qta1-ta1#primaryimage"},"thumbnailUrl":"https:\/\/cgh.com.pl\/fr\/wp-content\/uploads\/2021\/06\/tank-sumps-qta1-ta1-1a.jpg","datePublished":"2020-12-07T21:02:44+00:00","dateModified":"2023-12-17T22:29:10+00:00","breadcrumb":{"@id":"https:\/\/cgh.com.pl\/fr\/accessoires\/trous-dhomme-sur-la-pelouse\/trous-dhomme-sur-la-pelouse-qta1-ta1#breadcrumb"},"inLanguage":"fr-FR","potentialAction":[{"@type":"ReadAction","target":["https:\/\/cgh.com.pl\/fr\/accessoires\/trous-dhomme-sur-la-pelouse\/trous-dhomme-sur-la-pelouse-qta1-ta1"]}]},{"@type":"ImageObject","inLanguage":"fr-FR","@id":"https:\/\/cgh.com.pl\/fr\/accessoires\/trous-dhomme-sur-la-pelouse\/trous-dhomme-sur-la-pelouse-qta1-ta1#primaryimage","url":"https:\/\/cgh.com.pl\/fr\/wp-content\/uploads\/2021\/06\/tank-sumps-qta1-ta1-1a.jpg","contentUrl":"https:\/\/cgh.com.pl\/fr\/wp-content\/uploads\/2021\/06\/tank-sumps-qta1-ta1-1a.jpg","width":360,"height":240,"caption":"Tank sumps QTA1, TA1"},{"@type":"BreadcrumbList","@id":"https:\/\/cgh.com.pl\/fr\/accessoires\/trous-dhomme-sur-la-pelouse\/trous-dhomme-sur-la-pelouse-qta1-ta1#breadcrumb","itemListElement":[{"@type":"ListItem","position":1,"name":"Strona g\u0142\u00f3wna","item":"https:\/\/cgh.com.pl\/fr\/"},{"@type":"ListItem","position":2,"name":"Accessoires","item":"https:\/\/cgh.com.pl\/fr\/accessoires"},{"@type":"ListItem","position":3,"name":"Trous d\u2019homme sur la pelouse","item":"https:\/\/cgh.com.pl\/fr\/accessoires\/trous-dhomme-sur-la-pelouse"},{"@type":"ListItem","position":4,"name":"Trous d\u2019homme sur la pelouse QTA1, TA1"}]},{"@type":"WebSite","@id":"https:\/\/cgh.com.pl\/fr\/#website","url":"https:\/\/cgh.com.pl\/fr\/","name":"CGH Group Sp. z o.o.","description":"","publisher":{"@id":"https:\/\/cgh.com.pl\/fr\/#organization"},"potentialAction":[{"@type":"SearchAction","target":{"@type":"EntryPoint","urlTemplate":"https:\/\/cgh.com.pl\/fr\/?s={search_term_string}"},"query-input":{"@type":"PropertyValueSpecification","valueRequired":true,"valueName":"search_term_string"}}],"inLanguage":"fr-FR"},{"@type":"Organization","@id":"https:\/\/cgh.com.pl\/fr\/#organization","name":"CGH Group Sp. z o.o.","url":"https:\/\/cgh.com.pl\/fr\/","logo":{"@type":"ImageObject","inLanguage":"fr-FR","@id":"https:\/\/cgh.com.pl\/fr\/#\/schema\/logo\/image\/","url":"https:\/\/cgh.com.pl\/fr\/wp-content\/uploads\/2023\/05\/logoCGH.png","contentUrl":"https:\/\/cgh.com.pl\/fr\/wp-content\/uploads\/2023\/05\/logoCGH.png","width":449,"height":162,"caption":"CGH Group Sp. z o.o."},"image":{"@id":"https:\/\/cgh.com.pl\/fr\/#\/schema\/logo\/image\/"}}]}},"_links":{"self":[{"href":"https:\/\/cgh.com.pl\/fr\/wp-json\/wp\/v2\/pages\/444","targetHints":{"allow":["GET"]}}],"collection":[{"href":"https:\/\/cgh.com.pl\/fr\/wp-json\/wp\/v2\/pages"}],"about":[{"href":"https:\/\/cgh.com.pl\/fr\/wp-json\/wp\/v2\/types\/page"}],"author":[{"embeddable":true,"href":"https:\/\/cgh.com.pl\/fr\/wp-json\/wp\/v2\/users\/1"}],"replies":[{"embeddable":true,"href":"https:\/\/cgh.com.pl\/fr\/wp-json\/wp\/v2\/comments?post=444"}],"version-history":[{"count":5,"href":"https:\/\/cgh.com.pl\/fr\/wp-json\/wp\/v2\/pages\/444\/revisions"}],"predecessor-version":[{"id":4945,"href":"https:\/\/cgh.com.pl\/fr\/wp-json\/wp\/v2\/pages\/444\/revisions\/4945"}],"up":[{"embeddable":true,"href":"https:\/\/cgh.com.pl\/fr\/wp-json\/wp\/v2\/pages\/442"}],"wp:attachment":[{"href":"https:\/\/cgh.com.pl\/fr\/wp-json\/wp\/v2\/media?parent=444"}],"curies":[{"name":"wp","href":"https:\/\/api.w.org\/{rel}","templated":true}]}}