{"id":451,"date":"2020-12-07T22:10:32","date_gmt":"2020-12-07T21:10:32","guid":{"rendered":"https:\/\/cgh.com.pl\/fr\/?page_id=451"},"modified":"2023-12-24T02:19:25","modified_gmt":"2023-12-24T01:19:25","slug":"trous-dhomme-sur-la-pelouse-tb","status":"publish","type":"page","link":"https:\/\/cgh.com.pl\/fr\/accessoires\/trous-dhomme-sur-la-pelouse\/trous-dhomme-sur-la-pelouse-tb","title":{"rendered":"Trous d\u2019homme sur la pelouse TB"},"content":{"rendered":"\n<div class=\"wp-block-columns has-2-columns is-layout-flex wp-container-core-columns-is-layout-9d6595d7 wp-block-columns-is-layout-flex\">\n<div class=\"wp-block-column is-layout-flow wp-block-column-is-layout-flow\"><div class=\"wp-block-image\">\n<figure class=\"aligncenter is-resized\"><img decoding=\"async\" width=\"862\" height=\"1024\" data-src=\"https:\/\/cgh.com.pl\/fr\/wp-content\/uploads\/2021\/06\/tb1-surface-sump-862x1024.jpg\" alt=\"TB sumps for green area\" class=\"wp-image-1776 img-fluid lazyload\" style=\"--smush-placeholder-width: 862px; --smush-placeholder-aspect-ratio: 862\/1024;width:252px;height:300px\" title=\"TB sumps for green area\" data-srcset=\"https:\/\/cgh.com.pl\/fr\/wp-content\/uploads\/2021\/06\/tb1-surface-sump-862x1024.jpg 862w, https:\/\/cgh.com.pl\/fr\/wp-content\/uploads\/2021\/06\/tb1-surface-sump-252x300.jpg 252w, https:\/\/cgh.com.pl\/fr\/wp-content\/uploads\/2021\/06\/tb1-surface-sump-768x913.jpg 768w, https:\/\/cgh.com.pl\/fr\/wp-content\/uploads\/2021\/06\/tb1-surface-sump.jpg 945w\" data-sizes=\"(max-width: 862px) 100vw, 862px\" src=\"data:image\/svg+xml;base64,PHN2ZyB3aWR0aD0iMSIgaGVpZ2h0PSIxIiB4bWxucz0iaHR0cDovL3d3dy53My5vcmcvMjAwMC9zdmciPjwvc3ZnPg==\" \/><figcaption class=\"wp-element-caption\">Trous d\u2019homme sur la pelouse TB<\/figcaption><\/figure><\/div>\n\n\n<div class=\"photos\">\n<div class=\"first-zoom-photo\"><img decoding=\"async\" data-src=\"https:\/\/cgh.com.pl\/fr\/wp-content\/uploads\/2021\/02\/tank-sumps-for-green-area-tb2.jpg\" src=\"data:image\/svg+xml;base64,PHN2ZyB3aWR0aD0iMSIgaGVpZ2h0PSIxIiB4bWxucz0iaHR0cDovL3d3dy53My5vcmcvMjAwMC9zdmciPjwvc3ZnPg==\" class=\"lazyload\" style=\"--smush-placeholder-width: 360px; --smush-placeholder-aspect-ratio: 360\/240;\">Trous d\u2019homme sur la pelouse TB2<div><\/div>\n<\/div>\n<div class=\"pair\"><img decoding=\"async\" data-src=\"https:\/\/cgh.com.pl\/fr\/wp-content\/uploads\/2021\/06\/tb3-surface-sump.jpg\" src=\"data:image\/svg+xml;base64,PHN2ZyB3aWR0aD0iMSIgaGVpZ2h0PSIxIiB4bWxucz0iaHR0cDovL3d3dy53My5vcmcvMjAwMC9zdmciPjwvc3ZnPg==\" class=\"lazyload\" style=\"--smush-placeholder-width: 945px; --smush-placeholder-aspect-ratio: 945\/949;\">Trous d\u2019homme sur la pelouse TB3<div><\/div>\n<div><\/div>\n<\/div>\n<\/div>\n<\/div>\n\n\n\n<div class=\"wp-block-column is-layout-flow wp-block-column-is-layout-flow\">\n<p><strong><strong><strong>Informations sur le produit<\/strong><\/strong><\/strong><\/p>\n\n\n\n<p>Les trous d\u2019homme de type TB permettent d&rsquo;acc\u00e9der aux regards du r\u00e9servoir souterrain situ\u00e9 dans la ceinture verte.<\/p>\n\n\n\n<p>Ils offrent la possibilit\u00e9 d&rsquo;une installation simple et rapide sur le r\u00e9servoir au moyen d\u2019un vis sur l&rsquo;hiloire du r\u00e9servoir.<\/p>\n\n\n\n<p>Ils sont disponibles avec diff\u00e9rents syst\u00e8mes de protection contre la corrosion pour le corps en acier, par exemple la peinture PUR, l&rsquo;appr\u00eat ou la galvanisation \u00e0 chaud.<\/p>\n\n\n\n<p>Deux types de couvertures sont disponibles : aluminium et acier galvanis\u00e9.<\/p>\n\n\n\n<p>A utiliser sur les r\u00e9servoirs \u00e0 hiloires carr\u00e9es et rectangulaires.<\/p>\n\n\n<div class=\"wp-block-image\">\n<figure class=\"alignleft size-full\"><img decoding=\"async\" width=\"22\" height=\"21\" data-src=\"https:\/\/cgh.com.pl\/fr\/wp-content\/uploads\/2020\/12\/good.png\" alt=\"\" class=\"wp-image-558 img-fluid lazyload\" src=\"data:image\/svg+xml;base64,PHN2ZyB3aWR0aD0iMSIgaGVpZ2h0PSIxIiB4bWxucz0iaHR0cDovL3d3dy53My5vcmcvMjAwMC9zdmciPjwvc3ZnPg==\" style=\"--smush-placeholder-width: 22px; --smush-placeholder-aspect-ratio: 22\/21;\" \/><\/figure><\/div>\n\n\n<p><strong><strong><strong>Avantages du dispositif<\/strong><\/strong><\/strong><\/p>\n\n\n\n<ul class=\"wp-block-list\">\n<li>Diff\u00e9rentes finitions de la coque en acier :<\/li>\n\n\n\n<li>galvanis\u00e9 \u00e0 chaud<\/li>\n\n\n\n<li>peinture PUR<\/li>\n\n\n\n<li>peint avec une couche d&rsquo;appr\u00eat<\/li>\n\n\n\n<li>Divers mat\u00e9riaux de couverture :<\/li>\n\n\n\n<li>acier galvanis\u00e9 \u00e0 chaud<\/li>\n\n\n\n<li>aluminium brut<\/li>\n\n\n\n<li>Installation facile sur le r\u00e9servoir<\/li>\n\n\n\n<li>Surface de recouvrement antid\u00e9rapante &#8211; t\u00f4le ondul\u00e9e<\/li>\n\n\n\n<li>Peut \u00eatre verrouill\u00e9 \u00e0 l&rsquo;aide d&rsquo;un cadenas<\/li>\n<\/ul>\n\n\n<div class=\"wp-block-image\">\n<figure class=\"alignleft size-full\"><img decoding=\"async\" width=\"22\" height=\"22\" data-src=\"https:\/\/cgh.com.pl\/fr\/wp-content\/uploads\/2020\/12\/advantage.png\" alt=\"\" class=\"wp-image-559 img-fluid lazyload\" src=\"data:image\/svg+xml;base64,PHN2ZyB3aWR0aD0iMSIgaGVpZ2h0PSIxIiB4bWxucz0iaHR0cDovL3d3dy53My5vcmcvMjAwMC9zdmciPjwvc3ZnPg==\" style=\"--smush-placeholder-width: 22px; --smush-placeholder-aspect-ratio: 22\/22;\" \/><\/figure><\/div>\n\n\n<p><strong><strong><strong>Informations techniques<\/strong><\/strong><\/strong><\/p>\n\n\n\n<ul class=\"wp-block-list\">\n<li>Trou d\u2019homme TB1<br>1200\u00d71200, h=1100 avec ouverture int\u00e9rieure 780\u00d7780 et couvercle 860\u00d7860 (7KN)<\/li>\n\n\n\n<li>Trou d\u2019homme TB2<br>1200\u00d71200, h=1100 avec ouverture int\u00e9rieure 1000\u00d71000 et couvercle 1080\u00d71080 (7KN)<\/li>\n\n\n\n<li>Trou d\u2019homme TB3<br>1200\u00d72400, h=1100 avec ouvertures internes 1000\u00d71000, avec couvercles 1080\u00d71080 (7KN)<\/li>\n<\/ul>\n<\/div>\n<\/div>\n\n\n\n<p><\/p>\n","protected":false},"excerpt":{"rendered":"<p>Trous d\u2019homme sur la pelouse TB2 Trous d\u2019homme sur la pelouse TB3 Informations sur le produit Les trous d\u2019homme de type TB permettent d&rsquo;acc\u00e9der aux regards du r\u00e9servoir souterrain situ\u00e9 dans la ceinture verte. Ils offrent la possibilit\u00e9 d&rsquo;une installation simple et rapide sur le r\u00e9servoir au moyen d\u2019un vis sur l&rsquo;hiloire du r\u00e9servoir. Ils [&hellip;]?<\/p>\n","protected":false},"author":1,"featured_media":0,"parent":442,"menu_order":0,"comment_status":"closed","ping_status":"closed","template":"page-products-with-second-menu.php","meta":{"_acf_changed":false,"footnotes":""},"class_list":["post-451","page","type-page","status-publish","hentry"],"acf":[],"yoast_head":"<!-- This site is optimized with the Yoast SEO plugin v26.1.1 - https:\/\/yoast.com\/wordpress\/plugins\/seo\/ -->\n<title>Trous d\u2019homme sur la pelouse TB - CGH Group Sp. z o.o.<\/title>\n<meta name=\"robots\" content=\"index, follow, max-snippet:-1, max-image-preview:large, max-video-preview:-1\" \/>\n<link rel=\"canonical\" href=\"https:\/\/cgh.com.pl\/fr\/accessoires\/trous-dhomme-sur-la-pelouse\/trous-dhomme-sur-la-pelouse-tb\" \/>\n<meta property=\"og:locale\" content=\"fr_FR\" \/>\n<meta property=\"og:type\" content=\"article\" \/>\n<meta property=\"og:title\" content=\"Trous d\u2019homme sur la pelouse TB - CGH Group Sp. z o.o.\" \/>\n<meta property=\"og:description\" content=\"Trous d\u2019homme sur la pelouse TB2 Trous d\u2019homme sur la pelouse TB3 Informations sur le produit Les trous d\u2019homme de type TB permettent d&rsquo;acc\u00e9der aux regards du r\u00e9servoir souterrain situ\u00e9 dans la ceinture verte. Ils offrent la possibilit\u00e9 d&rsquo;une installation simple et rapide sur le r\u00e9servoir au moyen d\u2019un vis sur l&rsquo;hiloire du r\u00e9servoir. Ils [&hellip;]?\" \/>\n<meta property=\"og:url\" content=\"https:\/\/cgh.com.pl\/fr\/accessoires\/trous-dhomme-sur-la-pelouse\/trous-dhomme-sur-la-pelouse-tb\" \/>\n<meta property=\"og:site_name\" content=\"CGH Group Sp. z o.o.\" \/>\n<meta property=\"article:modified_time\" content=\"2023-12-24T01:19:25+00:00\" \/>\n<meta property=\"og:image\" content=\"https:\/\/cgh.com.pl\/fr\/wp-content\/uploads\/2021\/06\/tb1-surface-sump-862x1024.jpg\" \/>\n<meta name=\"twitter:card\" content=\"summary_large_image\" \/>\n<meta name=\"twitter:label1\" content=\"Dur\u00e9e de lecture estim\u00e9e\" \/>\n\t<meta name=\"twitter:data1\" content=\"3 minutes\" \/>\n<script type=\"application\/ld+json\" class=\"yoast-schema-graph\">{\"@context\":\"https:\/\/schema.org\",\"@graph\":[{\"@type\":\"WebPage\",\"@id\":\"https:\/\/cgh.com.pl\/fr\/accessoires\/trous-dhomme-sur-la-pelouse\/trous-dhomme-sur-la-pelouse-tb\",\"url\":\"https:\/\/cgh.com.pl\/fr\/accessoires\/trous-dhomme-sur-la-pelouse\/trous-dhomme-sur-la-pelouse-tb\",\"name\":\"Trous d\u2019homme sur la pelouse TB - CGH Group Sp. z o.o.\",\"isPartOf\":{\"@id\":\"https:\/\/cgh.com.pl\/fr\/#website\"},\"primaryImageOfPage\":{\"@id\":\"https:\/\/cgh.com.pl\/fr\/accessoires\/trous-dhomme-sur-la-pelouse\/trous-dhomme-sur-la-pelouse-tb#primaryimage\"},\"image\":{\"@id\":\"https:\/\/cgh.com.pl\/fr\/accessoires\/trous-dhomme-sur-la-pelouse\/trous-dhomme-sur-la-pelouse-tb#primaryimage\"},\"thumbnailUrl\":\"https:\/\/cgh.com.pl\/fr\/wp-content\/uploads\/2021\/06\/tb1-surface-sump-862x1024.jpg\",\"datePublished\":\"2020-12-07T21:10:32+00:00\",\"dateModified\":\"2023-12-24T01:19:25+00:00\",\"breadcrumb\":{\"@id\":\"https:\/\/cgh.com.pl\/fr\/accessoires\/trous-dhomme-sur-la-pelouse\/trous-dhomme-sur-la-pelouse-tb#breadcrumb\"},\"inLanguage\":\"fr-FR\",\"potentialAction\":[{\"@type\":\"ReadAction\",\"target\":[\"https:\/\/cgh.com.pl\/fr\/accessoires\/trous-dhomme-sur-la-pelouse\/trous-dhomme-sur-la-pelouse-tb\"]}]},{\"@type\":\"ImageObject\",\"inLanguage\":\"fr-FR\",\"@id\":\"https:\/\/cgh.com.pl\/fr\/accessoires\/trous-dhomme-sur-la-pelouse\/trous-dhomme-sur-la-pelouse-tb#primaryimage\",\"url\":\"https:\/\/cgh.com.pl\/fr\/wp-content\/uploads\/2021\/06\/tb1-surface-sump.jpg\",\"contentUrl\":\"https:\/\/cgh.com.pl\/fr\/wp-content\/uploads\/2021\/06\/tb1-surface-sump.jpg\",\"width\":945,\"height\":1123,\"caption\":\"TB1 surface sump\"},{\"@type\":\"BreadcrumbList\",\"@id\":\"https:\/\/cgh.com.pl\/fr\/accessoires\/trous-dhomme-sur-la-pelouse\/trous-dhomme-sur-la-pelouse-tb#breadcrumb\",\"itemListElement\":[{\"@type\":\"ListItem\",\"position\":1,\"name\":\"Strona g\u0142\u00f3wna\",\"item\":\"https:\/\/cgh.com.pl\/fr\/\"},{\"@type\":\"ListItem\",\"position\":2,\"name\":\"Accessoires\",\"item\":\"https:\/\/cgh.com.pl\/fr\/accessoires\"},{\"@type\":\"ListItem\",\"position\":3,\"name\":\"Trous d\u2019homme sur la pelouse\",\"item\":\"https:\/\/cgh.com.pl\/fr\/accessoires\/trous-dhomme-sur-la-pelouse\"},{\"@type\":\"ListItem\",\"position\":4,\"name\":\"Trous d\u2019homme sur la pelouse TB\"}]},{\"@type\":\"WebSite\",\"@id\":\"https:\/\/cgh.com.pl\/fr\/#website\",\"url\":\"https:\/\/cgh.com.pl\/fr\/\",\"name\":\"CGH Group Sp. z o.o.\",\"description\":\"\",\"publisher\":{\"@id\":\"https:\/\/cgh.com.pl\/fr\/#organization\"},\"potentialAction\":[{\"@type\":\"SearchAction\",\"target\":{\"@type\":\"EntryPoint\",\"urlTemplate\":\"https:\/\/cgh.com.pl\/fr\/?s={search_term_string}\"},\"query-input\":{\"@type\":\"PropertyValueSpecification\",\"valueRequired\":true,\"valueName\":\"search_term_string\"}}],\"inLanguage\":\"fr-FR\"},{\"@type\":\"Organization\",\"@id\":\"https:\/\/cgh.com.pl\/fr\/#organization\",\"name\":\"CGH Group Sp. z o.o.\",\"url\":\"https:\/\/cgh.com.pl\/fr\/\",\"logo\":{\"@type\":\"ImageObject\",\"inLanguage\":\"fr-FR\",\"@id\":\"https:\/\/cgh.com.pl\/fr\/#\/schema\/logo\/image\/\",\"url\":\"https:\/\/cgh.com.pl\/fr\/wp-content\/uploads\/2023\/05\/logoCGH.png\",\"contentUrl\":\"https:\/\/cgh.com.pl\/fr\/wp-content\/uploads\/2023\/05\/logoCGH.png\",\"width\":449,\"height\":162,\"caption\":\"CGH Group Sp. z o.o.\"},\"image\":{\"@id\":\"https:\/\/cgh.com.pl\/fr\/#\/schema\/logo\/image\/\"}}]}<\/script>\n<!-- \/ Yoast SEO plugin. -->","yoast_head_json":{"title":"Trous d\u2019homme sur la pelouse TB - CGH Group Sp. z o.o.","robots":{"index":"index","follow":"follow","max-snippet":"max-snippet:-1","max-image-preview":"max-image-preview:large","max-video-preview":"max-video-preview:-1"},"canonical":"https:\/\/cgh.com.pl\/fr\/accessoires\/trous-dhomme-sur-la-pelouse\/trous-dhomme-sur-la-pelouse-tb","og_locale":"fr_FR","og_type":"article","og_title":"Trous d\u2019homme sur la pelouse TB - CGH Group Sp. z o.o.","og_description":"Trous d\u2019homme sur la pelouse TB2 Trous d\u2019homme sur la pelouse TB3 Informations sur le produit Les trous d\u2019homme de type TB permettent d&rsquo;acc\u00e9der aux regards du r\u00e9servoir souterrain situ\u00e9 dans la ceinture verte. Ils offrent la possibilit\u00e9 d&rsquo;une installation simple et rapide sur le r\u00e9servoir au moyen d\u2019un vis sur l&rsquo;hiloire du r\u00e9servoir. Ils [&hellip;]?","og_url":"https:\/\/cgh.com.pl\/fr\/accessoires\/trous-dhomme-sur-la-pelouse\/trous-dhomme-sur-la-pelouse-tb","og_site_name":"CGH Group Sp. z o.o.","article_modified_time":"2023-12-24T01:19:25+00:00","og_image":[{"url":"https:\/\/cgh.com.pl\/fr\/wp-content\/uploads\/2021\/06\/tb1-surface-sump-862x1024.jpg","type":"","width":"","height":""}],"twitter_card":"summary_large_image","twitter_misc":{"Dur\u00e9e de lecture estim\u00e9e":"3 minutes"},"schema":{"@context":"https:\/\/schema.org","@graph":[{"@type":"WebPage","@id":"https:\/\/cgh.com.pl\/fr\/accessoires\/trous-dhomme-sur-la-pelouse\/trous-dhomme-sur-la-pelouse-tb","url":"https:\/\/cgh.com.pl\/fr\/accessoires\/trous-dhomme-sur-la-pelouse\/trous-dhomme-sur-la-pelouse-tb","name":"Trous d\u2019homme sur la pelouse TB - CGH Group Sp. z o.o.","isPartOf":{"@id":"https:\/\/cgh.com.pl\/fr\/#website"},"primaryImageOfPage":{"@id":"https:\/\/cgh.com.pl\/fr\/accessoires\/trous-dhomme-sur-la-pelouse\/trous-dhomme-sur-la-pelouse-tb#primaryimage"},"image":{"@id":"https:\/\/cgh.com.pl\/fr\/accessoires\/trous-dhomme-sur-la-pelouse\/trous-dhomme-sur-la-pelouse-tb#primaryimage"},"thumbnailUrl":"https:\/\/cgh.com.pl\/fr\/wp-content\/uploads\/2021\/06\/tb1-surface-sump-862x1024.jpg","datePublished":"2020-12-07T21:10:32+00:00","dateModified":"2023-12-24T01:19:25+00:00","breadcrumb":{"@id":"https:\/\/cgh.com.pl\/fr\/accessoires\/trous-dhomme-sur-la-pelouse\/trous-dhomme-sur-la-pelouse-tb#breadcrumb"},"inLanguage":"fr-FR","potentialAction":[{"@type":"ReadAction","target":["https:\/\/cgh.com.pl\/fr\/accessoires\/trous-dhomme-sur-la-pelouse\/trous-dhomme-sur-la-pelouse-tb"]}]},{"@type":"ImageObject","inLanguage":"fr-FR","@id":"https:\/\/cgh.com.pl\/fr\/accessoires\/trous-dhomme-sur-la-pelouse\/trous-dhomme-sur-la-pelouse-tb#primaryimage","url":"https:\/\/cgh.com.pl\/fr\/wp-content\/uploads\/2021\/06\/tb1-surface-sump.jpg","contentUrl":"https:\/\/cgh.com.pl\/fr\/wp-content\/uploads\/2021\/06\/tb1-surface-sump.jpg","width":945,"height":1123,"caption":"TB1 surface sump"},{"@type":"BreadcrumbList","@id":"https:\/\/cgh.com.pl\/fr\/accessoires\/trous-dhomme-sur-la-pelouse\/trous-dhomme-sur-la-pelouse-tb#breadcrumb","itemListElement":[{"@type":"ListItem","position":1,"name":"Strona g\u0142\u00f3wna","item":"https:\/\/cgh.com.pl\/fr\/"},{"@type":"ListItem","position":2,"name":"Accessoires","item":"https:\/\/cgh.com.pl\/fr\/accessoires"},{"@type":"ListItem","position":3,"name":"Trous d\u2019homme sur la pelouse","item":"https:\/\/cgh.com.pl\/fr\/accessoires\/trous-dhomme-sur-la-pelouse"},{"@type":"ListItem","position":4,"name":"Trous d\u2019homme sur la pelouse TB"}]},{"@type":"WebSite","@id":"https:\/\/cgh.com.pl\/fr\/#website","url":"https:\/\/cgh.com.pl\/fr\/","name":"CGH Group Sp. z o.o.","description":"","publisher":{"@id":"https:\/\/cgh.com.pl\/fr\/#organization"},"potentialAction":[{"@type":"SearchAction","target":{"@type":"EntryPoint","urlTemplate":"https:\/\/cgh.com.pl\/fr\/?s={search_term_string}"},"query-input":{"@type":"PropertyValueSpecification","valueRequired":true,"valueName":"search_term_string"}}],"inLanguage":"fr-FR"},{"@type":"Organization","@id":"https:\/\/cgh.com.pl\/fr\/#organization","name":"CGH Group Sp. z o.o.","url":"https:\/\/cgh.com.pl\/fr\/","logo":{"@type":"ImageObject","inLanguage":"fr-FR","@id":"https:\/\/cgh.com.pl\/fr\/#\/schema\/logo\/image\/","url":"https:\/\/cgh.com.pl\/fr\/wp-content\/uploads\/2023\/05\/logoCGH.png","contentUrl":"https:\/\/cgh.com.pl\/fr\/wp-content\/uploads\/2023\/05\/logoCGH.png","width":449,"height":162,"caption":"CGH Group Sp. z o.o."},"image":{"@id":"https:\/\/cgh.com.pl\/fr\/#\/schema\/logo\/image\/"}}]}},"_links":{"self":[{"href":"https:\/\/cgh.com.pl\/fr\/wp-json\/wp\/v2\/pages\/451","targetHints":{"allow":["GET"]}}],"collection":[{"href":"https:\/\/cgh.com.pl\/fr\/wp-json\/wp\/v2\/pages"}],"about":[{"href":"https:\/\/cgh.com.pl\/fr\/wp-json\/wp\/v2\/types\/page"}],"author":[{"embeddable":true,"href":"https:\/\/cgh.com.pl\/fr\/wp-json\/wp\/v2\/users\/1"}],"replies":[{"embeddable":true,"href":"https:\/\/cgh.com.pl\/fr\/wp-json\/wp\/v2\/comments?post=451"}],"version-history":[{"count":13,"href":"https:\/\/cgh.com.pl\/fr\/wp-json\/wp\/v2\/pages\/451\/revisions"}],"predecessor-version":[{"id":5184,"href":"https:\/\/cgh.com.pl\/fr\/wp-json\/wp\/v2\/pages\/451\/revisions\/5184"}],"up":[{"embeddable":true,"href":"https:\/\/cgh.com.pl\/fr\/wp-json\/wp\/v2\/pages\/442"}],"wp:attachment":[{"href":"https:\/\/cgh.com.pl\/fr\/wp-json\/wp\/v2\/media?parent=451"}],"curies":[{"name":"wp","href":"https:\/\/api.w.org\/{rel}","templated":true}]}}