{"id":4588,"date":"2023-01-19T23:24:19","date_gmt":"2023-01-19T22:24:19","guid":{"rendered":"https:\/\/cgh.com.pl\/fr\/?page_id=4588"},"modified":"2023-12-12T23:02:28","modified_gmt":"2023-12-12T22:02:28","slug":"module-gpl-hors-sol","status":"publish","type":"page","link":"https:\/\/cgh.com.pl\/fr\/reservoirs-de-gpl\/module-gpl-hors-sol","title":{"rendered":"Module GPL hors sol"},"content":{"rendered":"\n<div class=\"wp-block-columns is-layout-flex wp-container-core-columns-is-layout-9d6595d7 wp-block-columns-is-layout-flex\">\n<div class=\"wp-block-column is-layout-flow wp-block-column-is-layout-flow\">\n<p><strong>Module GPL souterrain<\/strong> &#8211; Syst\u00e8me d&rsquo;alimentation du distributeur de GPL int\u00e9gr\u00e9 au r\u00e9servoir, fabriqu\u00e9 conform\u00e9ment \u00e0 la norme PED\/2014\/68\/EU et ATEX. La pompe Corken et un ensemble de vannes sont situ\u00e9s dans un seul trou d&rsquo;homme en acier mont\u00e9 directement sur le r\u00e9servoir souterrain de GPL d&rsquo;une capacit\u00e9 de 9 \u00e0 20 m<sup>3<\/sup>.<\/p>\n\n\n\n<p>La documentation compl\u00e8te du module GPL marqu\u00e9 CE comprend le r\u00e9servoir, la pompe et les vannes &#8211; est favorable a une acceptation ais\u00e9e du kit par les autorit\u00e9s locales charg\u00e9es de l&rsquo;homologation.<\/p>\n<\/div>\n\n\n\n<div class=\"wp-block-column is-layout-flow wp-block-column-is-layout-flow\">\n<figure class=\"wp-block-table\"><table><tbody><tr><td>Capacit\u00e9s du r\u00e9servoir<\/td><td>Diam\u00e8tre du r\u00e9servoir<\/td><td>Longueur du r\u00e9servoir*<\/td><td>Hauteur du r\u00e9servoir<\/td><td>Poids du r\u00e9servoir<\/td><\/tr><tr><td>[m<sup>3<\/sup>]<\/td><td>[mm]<\/td><td>[mm]<\/td><td>[mm]<\/td><td>[kg]<\/td><\/tr><tr><td>9<\/td><td>1250<\/td><td>7650<\/td><td>2020<\/td><td>1756<\/td><\/tr><tr><td>9,9<\/td><td>1600<\/td><td>5330<\/td><td>2370<\/td><td>2349<\/td><\/tr><tr><td>15<\/td><td>1600<\/td><td>7830<\/td><td>2370<\/td><td>3119<\/td><\/tr><tr><td>9,9<\/td><td>2000<\/td><td>3540<\/td><td>2770<\/td><td>2353<\/td><\/tr><tr><td>14,5<\/td><td>2000<\/td><td>5040<\/td><td>2770<\/td><td>3031<\/td><\/tr><tr><td>20,5<\/td><td>2000<\/td><td>7040<\/td><td>2770<\/td><td>3934<\/td><\/tr><\/tbody><\/table><\/figure>\n\n\n\n<p>D&rsquo;autres tailles de r\u00e9servoirs sont disponibles sur demande.<\/p>\n<\/div>\n<\/div>\n\n\n\n<div class=\"photos large\">\n<div class=\"first-zoom-photo\">\n<p style=\"text-align: center; font-size: 10px; margin-bottom:0;\"><img decoding=\"async\" data-src=\"https:\/\/cgh.com.pl\/wp-content\/uploads\/2022\/02\/modul-lpg-naziemny.jpg\" alt=\"Module GPL souterrain\" src=\"data:image\/svg+xml;base64,PHN2ZyB3aWR0aD0iMSIgaGVpZ2h0PSIxIiB4bWxucz0iaHR0cDovL3d3dy53My5vcmcvMjAwMC9zdmciPjwvc3ZnPg==\" class=\"lazyload\" \/><\/p>\n<div><\/div>\n<\/div>\n<div>\n<p style=\"text-align: center; font-size: 10px; margin-bottom:0;\"><img decoding=\"async\" data-src=\"https:\/\/cgh.com.pl\/wp-content\/uploads\/2022\/02\/modul_lpg-naziemny.jpg\" alt=\"Module GPL souterrain\" src=\"data:image\/svg+xml;base64,PHN2ZyB3aWR0aD0iMSIgaGVpZ2h0PSIxIiB4bWxucz0iaHR0cDovL3d3dy53My5vcmcvMjAwMC9zdmciPjwvc3ZnPg==\" class=\"lazyload\" \/><\/p>\n<div><\/div>\n<\/div>\n<div class=\"pair\">\n<p style=\"text-align: center; font-size: 10px; margin-bottom:0;\"><img decoding=\"async\" data-src=\"https:\/\/cgh.com.pl\/wp-content\/uploads\/2022\/02\/modul_lpg_naziemny.jpg\" alt=\"Module GPL souterrain\" src=\"data:image\/svg+xml;base64,PHN2ZyB3aWR0aD0iMSIgaGVpZ2h0PSIxIiB4bWxucz0iaHR0cDovL3d3dy53My5vcmcvMjAwMC9zdmciPjwvc3ZnPg==\" class=\"lazyload\" \/>\n<div><\/div>\n<div><\/div>\n<\/p><\/div>\n<\/div>\n","protected":false},"excerpt":{"rendered":"<p>Module GPL souterrain &#8211; Syst\u00e8me d&rsquo;alimentation du distributeur de GPL int\u00e9gr\u00e9 au r\u00e9servoir, fabriqu\u00e9 conform\u00e9ment \u00e0 la norme PED\/2014\/68\/EU et ATEX. La pompe Corken et un ensemble de vannes sont situ\u00e9s dans un seul trou d&rsquo;homme en acier mont\u00e9 directement sur le r\u00e9servoir souterrain de GPL d&rsquo;une capacit\u00e9 de 9 \u00e0 20 m3. La documentation [&hellip;]?<\/p>\n","protected":false},"author":1,"featured_media":0,"parent":15,"menu_order":0,"comment_status":"closed","ping_status":"closed","template":"page-products-with-second-menu.php","meta":{"_acf_changed":false,"footnotes":""},"class_list":["post-4588","page","type-page","status-publish","hentry"],"acf":[],"yoast_head":"<!-- This site is optimized with the Yoast SEO plugin v26.1.1 - https:\/\/yoast.com\/wordpress\/plugins\/seo\/ -->\n<title>Module GPL hors sol - CGH Group Sp. z o.o.<\/title>\n<meta name=\"robots\" content=\"index, follow, max-snippet:-1, max-image-preview:large, max-video-preview:-1\" \/>\n<link rel=\"canonical\" href=\"https:\/\/cgh.com.pl\/fr\/reservoirs-de-gpl\/module-gpl-hors-sol\" \/>\n<meta property=\"og:locale\" content=\"fr_FR\" \/>\n<meta property=\"og:type\" content=\"article\" \/>\n<meta property=\"og:title\" content=\"Module GPL hors sol - CGH Group Sp. z o.o.\" \/>\n<meta property=\"og:description\" content=\"Module GPL souterrain &#8211; Syst\u00e8me d&rsquo;alimentation du distributeur de GPL int\u00e9gr\u00e9 au r\u00e9servoir, fabriqu\u00e9 conform\u00e9ment \u00e0 la norme PED\/2014\/68\/EU et ATEX. La pompe Corken et un ensemble de vannes sont situ\u00e9s dans un seul trou d&rsquo;homme en acier mont\u00e9 directement sur le r\u00e9servoir souterrain de GPL d&rsquo;une capacit\u00e9 de 9 \u00e0 20 m3. La documentation [&hellip;]?\" \/>\n<meta property=\"og:url\" content=\"https:\/\/cgh.com.pl\/fr\/reservoirs-de-gpl\/module-gpl-hors-sol\" \/>\n<meta property=\"og:site_name\" content=\"CGH Group Sp. z o.o.\" \/>\n<meta property=\"article:modified_time\" content=\"2023-12-12T22:02:28+00:00\" \/>\n<meta property=\"og:image\" content=\"https:\/\/cgh.com.pl\/wp-content\/uploads\/2022\/02\/modul-lpg-naziemny.jpg\" \/>\n<meta name=\"twitter:card\" content=\"summary_large_image\" \/>\n<meta name=\"twitter:label1\" content=\"Dur\u00e9e de lecture estim\u00e9e\" \/>\n\t<meta name=\"twitter:data1\" content=\"2 minutes\" \/>\n<script type=\"application\/ld+json\" class=\"yoast-schema-graph\">{\"@context\":\"https:\/\/schema.org\",\"@graph\":[{\"@type\":\"WebPage\",\"@id\":\"https:\/\/cgh.com.pl\/fr\/reservoirs-de-gpl\/module-gpl-hors-sol\",\"url\":\"https:\/\/cgh.com.pl\/fr\/reservoirs-de-gpl\/module-gpl-hors-sol\",\"name\":\"Module GPL hors sol - CGH Group Sp. z o.o.\",\"isPartOf\":{\"@id\":\"https:\/\/cgh.com.pl\/fr\/#website\"},\"primaryImageOfPage\":{\"@id\":\"https:\/\/cgh.com.pl\/fr\/reservoirs-de-gpl\/module-gpl-hors-sol#primaryimage\"},\"image\":{\"@id\":\"https:\/\/cgh.com.pl\/fr\/reservoirs-de-gpl\/module-gpl-hors-sol#primaryimage\"},\"thumbnailUrl\":\"https:\/\/cgh.com.pl\/wp-content\/uploads\/2022\/02\/modul-lpg-naziemny.jpg\",\"datePublished\":\"2023-01-19T22:24:19+00:00\",\"dateModified\":\"2023-12-12T22:02:28+00:00\",\"breadcrumb\":{\"@id\":\"https:\/\/cgh.com.pl\/fr\/reservoirs-de-gpl\/module-gpl-hors-sol#breadcrumb\"},\"inLanguage\":\"fr-FR\",\"potentialAction\":[{\"@type\":\"ReadAction\",\"target\":[\"https:\/\/cgh.com.pl\/fr\/reservoirs-de-gpl\/module-gpl-hors-sol\"]}]},{\"@type\":\"ImageObject\",\"inLanguage\":\"fr-FR\",\"@id\":\"https:\/\/cgh.com.pl\/fr\/reservoirs-de-gpl\/module-gpl-hors-sol#primaryimage\",\"url\":\"https:\/\/cgh.com.pl\/wp-content\/uploads\/2022\/02\/modul-lpg-naziemny.jpg\",\"contentUrl\":\"https:\/\/cgh.com.pl\/wp-content\/uploads\/2022\/02\/modul-lpg-naziemny.jpg\"},{\"@type\":\"BreadcrumbList\",\"@id\":\"https:\/\/cgh.com.pl\/fr\/reservoirs-de-gpl\/module-gpl-hors-sol#breadcrumb\",\"itemListElement\":[{\"@type\":\"ListItem\",\"position\":1,\"name\":\"Strona g\u0142\u00f3wna\",\"item\":\"https:\/\/cgh.com.pl\/fr\/\"},{\"@type\":\"ListItem\",\"position\":2,\"name\":\"R\u00e9servoirs de GPL\",\"item\":\"https:\/\/cgh.com.pl\/fr\/reservoirs-de-gpl\"},{\"@type\":\"ListItem\",\"position\":3,\"name\":\"Module GPL hors sol\"}]},{\"@type\":\"WebSite\",\"@id\":\"https:\/\/cgh.com.pl\/fr\/#website\",\"url\":\"https:\/\/cgh.com.pl\/fr\/\",\"name\":\"CGH Group Sp. z o.o.\",\"description\":\"\",\"publisher\":{\"@id\":\"https:\/\/cgh.com.pl\/fr\/#organization\"},\"potentialAction\":[{\"@type\":\"SearchAction\",\"target\":{\"@type\":\"EntryPoint\",\"urlTemplate\":\"https:\/\/cgh.com.pl\/fr\/?s={search_term_string}\"},\"query-input\":{\"@type\":\"PropertyValueSpecification\",\"valueRequired\":true,\"valueName\":\"search_term_string\"}}],\"inLanguage\":\"fr-FR\"},{\"@type\":\"Organization\",\"@id\":\"https:\/\/cgh.com.pl\/fr\/#organization\",\"name\":\"CGH Group Sp. z o.o.\",\"url\":\"https:\/\/cgh.com.pl\/fr\/\",\"logo\":{\"@type\":\"ImageObject\",\"inLanguage\":\"fr-FR\",\"@id\":\"https:\/\/cgh.com.pl\/fr\/#\/schema\/logo\/image\/\",\"url\":\"https:\/\/cgh.com.pl\/fr\/wp-content\/uploads\/2023\/05\/logoCGH.png\",\"contentUrl\":\"https:\/\/cgh.com.pl\/fr\/wp-content\/uploads\/2023\/05\/logoCGH.png\",\"width\":449,\"height\":162,\"caption\":\"CGH Group Sp. z o.o.\"},\"image\":{\"@id\":\"https:\/\/cgh.com.pl\/fr\/#\/schema\/logo\/image\/\"}}]}<\/script>\n<!-- \/ Yoast SEO plugin. -->","yoast_head_json":{"title":"Module GPL hors sol - CGH Group Sp. z o.o.","robots":{"index":"index","follow":"follow","max-snippet":"max-snippet:-1","max-image-preview":"max-image-preview:large","max-video-preview":"max-video-preview:-1"},"canonical":"https:\/\/cgh.com.pl\/fr\/reservoirs-de-gpl\/module-gpl-hors-sol","og_locale":"fr_FR","og_type":"article","og_title":"Module GPL hors sol - CGH Group Sp. z o.o.","og_description":"Module GPL souterrain &#8211; Syst\u00e8me d&rsquo;alimentation du distributeur de GPL int\u00e9gr\u00e9 au r\u00e9servoir, fabriqu\u00e9 conform\u00e9ment \u00e0 la norme PED\/2014\/68\/EU et ATEX. La pompe Corken et un ensemble de vannes sont situ\u00e9s dans un seul trou d&rsquo;homme en acier mont\u00e9 directement sur le r\u00e9servoir souterrain de GPL d&rsquo;une capacit\u00e9 de 9 \u00e0 20 m3. La documentation [&hellip;]?","og_url":"https:\/\/cgh.com.pl\/fr\/reservoirs-de-gpl\/module-gpl-hors-sol","og_site_name":"CGH Group Sp. z o.o.","article_modified_time":"2023-12-12T22:02:28+00:00","og_image":[{"url":"https:\/\/cgh.com.pl\/wp-content\/uploads\/2022\/02\/modul-lpg-naziemny.jpg","type":"","width":"","height":""}],"twitter_card":"summary_large_image","twitter_misc":{"Dur\u00e9e de lecture estim\u00e9e":"2 minutes"},"schema":{"@context":"https:\/\/schema.org","@graph":[{"@type":"WebPage","@id":"https:\/\/cgh.com.pl\/fr\/reservoirs-de-gpl\/module-gpl-hors-sol","url":"https:\/\/cgh.com.pl\/fr\/reservoirs-de-gpl\/module-gpl-hors-sol","name":"Module GPL hors sol - CGH Group Sp. z o.o.","isPartOf":{"@id":"https:\/\/cgh.com.pl\/fr\/#website"},"primaryImageOfPage":{"@id":"https:\/\/cgh.com.pl\/fr\/reservoirs-de-gpl\/module-gpl-hors-sol#primaryimage"},"image":{"@id":"https:\/\/cgh.com.pl\/fr\/reservoirs-de-gpl\/module-gpl-hors-sol#primaryimage"},"thumbnailUrl":"https:\/\/cgh.com.pl\/wp-content\/uploads\/2022\/02\/modul-lpg-naziemny.jpg","datePublished":"2023-01-19T22:24:19+00:00","dateModified":"2023-12-12T22:02:28+00:00","breadcrumb":{"@id":"https:\/\/cgh.com.pl\/fr\/reservoirs-de-gpl\/module-gpl-hors-sol#breadcrumb"},"inLanguage":"fr-FR","potentialAction":[{"@type":"ReadAction","target":["https:\/\/cgh.com.pl\/fr\/reservoirs-de-gpl\/module-gpl-hors-sol"]}]},{"@type":"ImageObject","inLanguage":"fr-FR","@id":"https:\/\/cgh.com.pl\/fr\/reservoirs-de-gpl\/module-gpl-hors-sol#primaryimage","url":"https:\/\/cgh.com.pl\/wp-content\/uploads\/2022\/02\/modul-lpg-naziemny.jpg","contentUrl":"https:\/\/cgh.com.pl\/wp-content\/uploads\/2022\/02\/modul-lpg-naziemny.jpg"},{"@type":"BreadcrumbList","@id":"https:\/\/cgh.com.pl\/fr\/reservoirs-de-gpl\/module-gpl-hors-sol#breadcrumb","itemListElement":[{"@type":"ListItem","position":1,"name":"Strona g\u0142\u00f3wna","item":"https:\/\/cgh.com.pl\/fr\/"},{"@type":"ListItem","position":2,"name":"R\u00e9servoirs de GPL","item":"https:\/\/cgh.com.pl\/fr\/reservoirs-de-gpl"},{"@type":"ListItem","position":3,"name":"Module GPL hors sol"}]},{"@type":"WebSite","@id":"https:\/\/cgh.com.pl\/fr\/#website","url":"https:\/\/cgh.com.pl\/fr\/","name":"CGH Group Sp. z o.o.","description":"","publisher":{"@id":"https:\/\/cgh.com.pl\/fr\/#organization"},"potentialAction":[{"@type":"SearchAction","target":{"@type":"EntryPoint","urlTemplate":"https:\/\/cgh.com.pl\/fr\/?s={search_term_string}"},"query-input":{"@type":"PropertyValueSpecification","valueRequired":true,"valueName":"search_term_string"}}],"inLanguage":"fr-FR"},{"@type":"Organization","@id":"https:\/\/cgh.com.pl\/fr\/#organization","name":"CGH Group Sp. z o.o.","url":"https:\/\/cgh.com.pl\/fr\/","logo":{"@type":"ImageObject","inLanguage":"fr-FR","@id":"https:\/\/cgh.com.pl\/fr\/#\/schema\/logo\/image\/","url":"https:\/\/cgh.com.pl\/fr\/wp-content\/uploads\/2023\/05\/logoCGH.png","contentUrl":"https:\/\/cgh.com.pl\/fr\/wp-content\/uploads\/2023\/05\/logoCGH.png","width":449,"height":162,"caption":"CGH Group Sp. z o.o."},"image":{"@id":"https:\/\/cgh.com.pl\/fr\/#\/schema\/logo\/image\/"}}]}},"_links":{"self":[{"href":"https:\/\/cgh.com.pl\/fr\/wp-json\/wp\/v2\/pages\/4588","targetHints":{"allow":["GET"]}}],"collection":[{"href":"https:\/\/cgh.com.pl\/fr\/wp-json\/wp\/v2\/pages"}],"about":[{"href":"https:\/\/cgh.com.pl\/fr\/wp-json\/wp\/v2\/types\/page"}],"author":[{"embeddable":true,"href":"https:\/\/cgh.com.pl\/fr\/wp-json\/wp\/v2\/users\/1"}],"replies":[{"embeddable":true,"href":"https:\/\/cgh.com.pl\/fr\/wp-json\/wp\/v2\/comments?post=4588"}],"version-history":[{"count":11,"href":"https:\/\/cgh.com.pl\/fr\/wp-json\/wp\/v2\/pages\/4588\/revisions"}],"predecessor-version":[{"id":4926,"href":"https:\/\/cgh.com.pl\/fr\/wp-json\/wp\/v2\/pages\/4588\/revisions\/4926"}],"up":[{"embeddable":true,"href":"https:\/\/cgh.com.pl\/fr\/wp-json\/wp\/v2\/pages\/15"}],"wp:attachment":[{"href":"https:\/\/cgh.com.pl\/fr\/wp-json\/wp\/v2\/media?parent=4588"}],"curies":[{"name":"wp","href":"https:\/\/api.w.org\/{rel}","templated":true}]}}