{"id":466,"date":"2020-12-07T22:41:27","date_gmt":"2020-12-07T21:41:27","guid":{"rendered":"https:\/\/cgh.com.pl\/fr\/?page_id=466"},"modified":"2025-01-14T00:34:34","modified_gmt":"2025-01-13T23:34:34","slug":"systeme-de-surveillance-a-sec-sgb","status":"publish","type":"page","link":"https:\/\/cgh.com.pl\/fr\/accessoires\/systemes-de-surveillance\/systeme-de-surveillance-a-sec-sgb","title":{"rendered":"Syst\u00e8me de surveillance \u00e0 sec SGB"},"content":{"rendered":"\n<div class=\"wp-block-columns has-2-columns is-layout-flex wp-container-core-columns-is-layout-9d6595d7 wp-block-columns-is-layout-flex\">\n<div class=\"wp-block-column is-layout-flow wp-block-column-is-layout-flow\"><div class=\"wp-block-image\">\n<figure class=\"aligncenter\"><img decoding=\"async\" width=\"360\" height=\"240\" data-src=\"https:\/\/cgh.com.pl\/fr\/wp-content\/uploads\/2021\/06\/sgb-dry-leakage-detection-system.jpg\" alt=\"Syst\u00e8me de surveillance \u00e0 sec SGB\" class=\"wp-image-1792 img-fluid lazyload\" data-srcset=\"https:\/\/cgh.com.pl\/fr\/wp-content\/uploads\/2021\/06\/sgb-dry-leakage-detection-system.jpg 360w, https:\/\/cgh.com.pl\/fr\/wp-content\/uploads\/2021\/06\/sgb-dry-leakage-detection-system-300x200.jpg 300w\" data-sizes=\"(max-width: 360px) 100vw, 360px\" src=\"data:image\/svg+xml;base64,PHN2ZyB3aWR0aD0iMSIgaGVpZ2h0PSIxIiB4bWxucz0iaHR0cDovL3d3dy53My5vcmcvMjAwMC9zdmciPjwvc3ZnPg==\" style=\"--smush-placeholder-width: 360px; --smush-placeholder-aspect-ratio: 360\/240;\" \/><\/figure><\/div><\/div>\n\n\n\n<div class=\"wp-block-column is-layout-flow wp-block-column-is-layout-flow\">\n<p><strong><strong><strong><strong>Informations sur le produit<\/strong><\/strong><\/strong><\/strong><\/p>\n\n\n\n<p>Les appareils SGB sont utilis\u00e9s pour contr\u00f4ler l&rsquo;\u00e9tanch\u00e9it\u00e9 des espaces inter parois dans les r\u00e9servoirs \u00e0 double paroi.<\/p>\n\n\n\n<p>Il existe deux grands types d&rsquo;\u00e9quipements:<\/p>\n\n\n\n<ul class=\"wp-block-list\">\n<li>\u00e0 pression positive, d\u00e9sign\u00e9s DL<\/li>\n\n\n\n<li>\u00e0 pression n\u00e9gative, d\u00e9sign\u00e9s VL<\/li>\n<\/ul>\n\n\n\n<p>Une pompe qui g\u00e9n\u00e8re une pression positive dans les syst\u00e8mes DL (325) et une pression n\u00e9gative dans les syst\u00e8mes VL (330) fait partie int\u00e9grante du syst\u00e8me.<\/p>\n\n\n\n<p>Les \u00e9quipements \u00e0 pression positive sont principalement utilis\u00e9s pour les r\u00e9servoirs hors sol. Pour les r\u00e9servoirs souterrains, les syst\u00e8mes \u00e0 vide sont recommand\u00e9s.<\/p>\n\n\n\n<p>Le choix du nombre et de la puissance de l&rsquo;\u00e9quipement est bas\u00e9 sur la taille de l&rsquo;espace contr\u00f4l\u00e9 dans les r\u00e9servoirs.<\/p>\n\n\n<div class=\"wp-block-image\">\n<figure class=\"alignleft size-full\"><img decoding=\"async\" width=\"22\" height=\"21\" data-src=\"https:\/\/cgh.com.pl\/fr\/wp-content\/uploads\/2020\/12\/good.png\" alt=\"\" class=\"wp-image-558 img-fluid lazyload\" src=\"data:image\/svg+xml;base64,PHN2ZyB3aWR0aD0iMSIgaGVpZ2h0PSIxIiB4bWxucz0iaHR0cDovL3d3dy53My5vcmcvMjAwMC9zdmciPjwvc3ZnPg==\" style=\"--smush-placeholder-width: 22px; --smush-placeholder-aspect-ratio: 22\/21;\" \/><\/figure><\/div>\n\n\n<p><strong><strong><strong>Avantages de l\u2019\u00e9quipement<\/strong><\/strong><\/strong><\/p>\n\n\n\n<ul class=\"wp-block-list\">\n<li>assemblage simple<\/li>\n\n\n\n<li>fonctionnement sans entretien<\/li>\n\n\n\n<li>simple analyse des donn\u00e9es &#8211; alarme en cas de fuite d\u00e9tect\u00e9e<\/li>\n\n\n\n<li>une seule unit\u00e9 peut desservir plusieurs r\u00e9servoirs avec jusqu&rsquo;\u00e0 8 unit\u00e9s connect\u00e9es \u00e0 la barre de distribution<\/li>\n\n\n\n<li>l&rsquo;unit\u00e9 de mesure peut \u00eatre install\u00e9e en dehors de la zone EX dans un local accessible \u00e0 l&rsquo;op\u00e9rateur<\/li>\n<\/ul>\n\n\n<div class=\"wp-block-image\">\n<figure class=\"alignleft size-full\"><img decoding=\"async\" width=\"22\" height=\"22\" data-src=\"https:\/\/cgh.com.pl\/fr\/wp-content\/uploads\/2020\/12\/advantage.png\" alt=\"\" class=\"wp-image-559 img-fluid lazyload\" src=\"data:image\/svg+xml;base64,PHN2ZyB3aWR0aD0iMSIgaGVpZ2h0PSIxIiB4bWxucz0iaHR0cDovL3d3dy53My5vcmcvMjAwMC9zdmciPjwvc3ZnPg==\" style=\"--smush-placeholder-width: 22px; --smush-placeholder-aspect-ratio: 22\/22;\" \/><\/figure><\/div>\n\n\n<p><strong><strong><strong>Informations techniques<\/strong><\/strong><\/strong><\/p>\n\n\n\n<p>Un indicateur de fuite \u00e0 pression positive, tel que le SGB DL325 le plus couramment utilis\u00e9, est reli\u00e9 \u00e0 l&rsquo;espace par des conduites de pression et de mesure.<\/p>\n\n\n\n<p>La pression positive g\u00e9n\u00e9r\u00e9e par la pompe est mesur\u00e9e et r\u00e9gul\u00e9e par un capteur de pression.<\/p>\n\n\n\n<p>Lorsque la pression de service est atteinte, la g\u00e9n\u00e9ration de surpression est d\u00e9sactiv\u00e9e.<\/p>\n\n\n\n<p>Dans des conditions normales de marche, l&rsquo;indication du taux de fuite varie entre ces deux limites, avec de courtes p\u00e9riodes de fonctionnement et de plus longues p\u00e9riodes d&rsquo;arr\u00eat, dans la mesure o\u00f9 le degr\u00e9 de fuite et les variations de temp\u00e9rature dans l&rsquo;ensemble du syst\u00e8me sont d\u00e9terminants.<\/p>\n\n\n\n<p>Si les valeurs limites sont d\u00e9pass\u00e9es, une alarme se d\u00e9clenche.<\/p>\n\n\n\n<p>L&rsquo;appareil \u00e0 vide le plus couramment utilis\u00e9, le SGB VL330, est reli\u00e9 \u00e0 l&rsquo;espace par deux tuyaux (pression et mesure) comme dans le cas des appareils \u00e0 pression positive.<\/p>\n\n\n\n<p><strong><strong><strong><strong>Exemples d&rsquo;applications<\/strong><\/strong><\/strong><\/strong>:<\/p>\n\n\n\n<p><strong>DL 325 <\/strong>&#8211; pour le contr\u00f4le des liquides chimiquement agressifs ou formant des vapeurs explosives avec l&rsquo;air (par exemple, l&rsquo;essence). Il n\u00e9cessite une pression d\u2019essai l\u2019inter parois de 0,4 bar et ne peut donc pas \u00eatre utilis\u00e9 pour les r\u00e9servoirs souterrains standard selon la norme EN 12285-1. Peut \u00eatre utilis\u00e9 pour les r\u00e9servoirs hors sol selon la norme EN 12285-2, mais cela n\u00e9cessite l&rsquo;ajout de renforts, comme pour un r\u00e9servoir souterrain.<\/p>\n\n\n\n<p><strong>VL330 <\/strong>&#8211; pour la surveillance des liquides qui ne forment pas de m\u00e9langes explosifs avec l&rsquo;air (diesel &#8211; oui, essence &#8211; non). A utiliser dans les r\u00e9servoirs souterrains et hors sol.<\/p>\n\n\n\n<p><strong>VLXE330 <\/strong>&#8211; peut \u00eatre utilis\u00e9 dans la m\u00eame gamme que le VL330, mais il est \u00e9galement homologu\u00e9 pour les fluides formant des m\u00e9langes explosifs avec l&rsquo;air, par exemple l&rsquo;essence et les liquides agressifs.<\/p>\n<\/div>\n<\/div>\n\n\n\n<p><\/p>\n","protected":false},"excerpt":{"rendered":"<p>Informations sur le produit Les appareils SGB sont utilis\u00e9s pour contr\u00f4ler l&rsquo;\u00e9tanch\u00e9it\u00e9 des espaces inter parois dans les r\u00e9servoirs \u00e0 double paroi. Il existe deux grands types d&rsquo;\u00e9quipements: Une pompe qui g\u00e9n\u00e8re une pression positive dans les syst\u00e8mes DL (325) et une pression n\u00e9gative dans les syst\u00e8mes VL (330) fait partie int\u00e9grante du syst\u00e8me. Les [&hellip;]?<\/p>\n","protected":false},"author":1,"featured_media":0,"parent":464,"menu_order":0,"comment_status":"closed","ping_status":"closed","template":"page-products-with-second-menu.php","meta":{"_acf_changed":false,"footnotes":""},"class_list":["post-466","page","type-page","status-publish","hentry"],"acf":[],"yoast_head":"<!-- This site is optimized with the Yoast SEO plugin v26.1.1 - https:\/\/yoast.com\/wordpress\/plugins\/seo\/ -->\n<title>Syst\u00e8me de surveillance \u00e0 sec SGB - CGH Group Sp. z o.o.<\/title>\n<meta name=\"robots\" content=\"index, follow, max-snippet:-1, max-image-preview:large, max-video-preview:-1\" \/>\n<link rel=\"canonical\" href=\"https:\/\/cgh.com.pl\/fr\/accessoires\/systemes-de-surveillance\/systeme-de-surveillance-a-sec-sgb\" \/>\n<meta property=\"og:locale\" content=\"fr_FR\" \/>\n<meta property=\"og:type\" content=\"article\" \/>\n<meta property=\"og:title\" content=\"Syst\u00e8me de surveillance \u00e0 sec SGB - CGH Group Sp. z o.o.\" \/>\n<meta property=\"og:description\" content=\"Informations sur le produit Les appareils SGB sont utilis\u00e9s pour contr\u00f4ler l&rsquo;\u00e9tanch\u00e9it\u00e9 des espaces inter parois dans les r\u00e9servoirs \u00e0 double paroi. Il existe deux grands types d&rsquo;\u00e9quipements: Une pompe qui g\u00e9n\u00e8re une pression positive dans les syst\u00e8mes DL (325) et une pression n\u00e9gative dans les syst\u00e8mes VL (330) fait partie int\u00e9grante du syst\u00e8me. Les [&hellip;]?\" \/>\n<meta property=\"og:url\" content=\"https:\/\/cgh.com.pl\/fr\/accessoires\/systemes-de-surveillance\/systeme-de-surveillance-a-sec-sgb\" \/>\n<meta property=\"og:site_name\" content=\"CGH Group Sp. z o.o.\" \/>\n<meta property=\"article:modified_time\" content=\"2025-01-13T23:34:34+00:00\" \/>\n<meta property=\"og:image\" content=\"https:\/\/cgh.com.pl\/fr\/wp-content\/uploads\/2021\/06\/sgb-dry-leakage-detection-system.jpg\" \/>\n\t<meta property=\"og:image:width\" content=\"360\" \/>\n\t<meta property=\"og:image:height\" content=\"240\" \/>\n\t<meta property=\"og:image:type\" content=\"image\/jpeg\" \/>\n<meta name=\"twitter:card\" content=\"summary_large_image\" \/>\n<meta name=\"twitter:label1\" content=\"Dur\u00e9e de lecture estim\u00e9e\" \/>\n\t<meta name=\"twitter:data1\" content=\"3 minutes\" \/>\n<script type=\"application\/ld+json\" class=\"yoast-schema-graph\">{\"@context\":\"https:\/\/schema.org\",\"@graph\":[{\"@type\":\"WebPage\",\"@id\":\"https:\/\/cgh.com.pl\/fr\/accessoires\/systemes-de-surveillance\/systeme-de-surveillance-a-sec-sgb\",\"url\":\"https:\/\/cgh.com.pl\/fr\/accessoires\/systemes-de-surveillance\/systeme-de-surveillance-a-sec-sgb\",\"name\":\"Syst\u00e8me de surveillance \u00e0 sec SGB - CGH Group Sp. z o.o.\",\"isPartOf\":{\"@id\":\"https:\/\/cgh.com.pl\/fr\/#website\"},\"primaryImageOfPage\":{\"@id\":\"https:\/\/cgh.com.pl\/fr\/accessoires\/systemes-de-surveillance\/systeme-de-surveillance-a-sec-sgb#primaryimage\"},\"image\":{\"@id\":\"https:\/\/cgh.com.pl\/fr\/accessoires\/systemes-de-surveillance\/systeme-de-surveillance-a-sec-sgb#primaryimage\"},\"thumbnailUrl\":\"https:\/\/cgh.com.pl\/fr\/wp-content\/uploads\/2021\/06\/sgb-dry-leakage-detection-system.jpg\",\"datePublished\":\"2020-12-07T21:41:27+00:00\",\"dateModified\":\"2025-01-13T23:34:34+00:00\",\"breadcrumb\":{\"@id\":\"https:\/\/cgh.com.pl\/fr\/accessoires\/systemes-de-surveillance\/systeme-de-surveillance-a-sec-sgb#breadcrumb\"},\"inLanguage\":\"fr-FR\",\"potentialAction\":[{\"@type\":\"ReadAction\",\"target\":[\"https:\/\/cgh.com.pl\/fr\/accessoires\/systemes-de-surveillance\/systeme-de-surveillance-a-sec-sgb\"]}]},{\"@type\":\"ImageObject\",\"inLanguage\":\"fr-FR\",\"@id\":\"https:\/\/cgh.com.pl\/fr\/accessoires\/systemes-de-surveillance\/systeme-de-surveillance-a-sec-sgb#primaryimage\",\"url\":\"https:\/\/cgh.com.pl\/fr\/wp-content\/uploads\/2021\/06\/sgb-dry-leakage-detection-system.jpg\",\"contentUrl\":\"https:\/\/cgh.com.pl\/fr\/wp-content\/uploads\/2021\/06\/sgb-dry-leakage-detection-system.jpg\",\"width\":360,\"height\":240,\"caption\":\"SGB dry leakage detection system\"},{\"@type\":\"BreadcrumbList\",\"@id\":\"https:\/\/cgh.com.pl\/fr\/accessoires\/systemes-de-surveillance\/systeme-de-surveillance-a-sec-sgb#breadcrumb\",\"itemListElement\":[{\"@type\":\"ListItem\",\"position\":1,\"name\":\"Strona g\u0142\u00f3wna\",\"item\":\"https:\/\/cgh.com.pl\/fr\/\"},{\"@type\":\"ListItem\",\"position\":2,\"name\":\"Accessoires\",\"item\":\"https:\/\/cgh.com.pl\/fr\/accessoires\"},{\"@type\":\"ListItem\",\"position\":3,\"name\":\"Syst\u00e8mes de surveillance\",\"item\":\"https:\/\/cgh.com.pl\/fr\/accessoires\/systemes-de-surveillance\"},{\"@type\":\"ListItem\",\"position\":4,\"name\":\"Syst\u00e8me de surveillance \u00e0 sec SGB\"}]},{\"@type\":\"WebSite\",\"@id\":\"https:\/\/cgh.com.pl\/fr\/#website\",\"url\":\"https:\/\/cgh.com.pl\/fr\/\",\"name\":\"CGH Group Sp. z o.o.\",\"description\":\"\",\"publisher\":{\"@id\":\"https:\/\/cgh.com.pl\/fr\/#organization\"},\"potentialAction\":[{\"@type\":\"SearchAction\",\"target\":{\"@type\":\"EntryPoint\",\"urlTemplate\":\"https:\/\/cgh.com.pl\/fr\/?s={search_term_string}\"},\"query-input\":{\"@type\":\"PropertyValueSpecification\",\"valueRequired\":true,\"valueName\":\"search_term_string\"}}],\"inLanguage\":\"fr-FR\"},{\"@type\":\"Organization\",\"@id\":\"https:\/\/cgh.com.pl\/fr\/#organization\",\"name\":\"CGH Group Sp. z o.o.\",\"url\":\"https:\/\/cgh.com.pl\/fr\/\",\"logo\":{\"@type\":\"ImageObject\",\"inLanguage\":\"fr-FR\",\"@id\":\"https:\/\/cgh.com.pl\/fr\/#\/schema\/logo\/image\/\",\"url\":\"https:\/\/cgh.com.pl\/fr\/wp-content\/uploads\/2023\/05\/logoCGH.png\",\"contentUrl\":\"https:\/\/cgh.com.pl\/fr\/wp-content\/uploads\/2023\/05\/logoCGH.png\",\"width\":449,\"height\":162,\"caption\":\"CGH Group Sp. z o.o.\"},\"image\":{\"@id\":\"https:\/\/cgh.com.pl\/fr\/#\/schema\/logo\/image\/\"}}]}<\/script>\n<!-- \/ Yoast SEO plugin. -->","yoast_head_json":{"title":"Syst\u00e8me de surveillance \u00e0 sec SGB - CGH Group Sp. z o.o.","robots":{"index":"index","follow":"follow","max-snippet":"max-snippet:-1","max-image-preview":"max-image-preview:large","max-video-preview":"max-video-preview:-1"},"canonical":"https:\/\/cgh.com.pl\/fr\/accessoires\/systemes-de-surveillance\/systeme-de-surveillance-a-sec-sgb","og_locale":"fr_FR","og_type":"article","og_title":"Syst\u00e8me de surveillance \u00e0 sec SGB - CGH Group Sp. z o.o.","og_description":"Informations sur le produit Les appareils SGB sont utilis\u00e9s pour contr\u00f4ler l&rsquo;\u00e9tanch\u00e9it\u00e9 des espaces inter parois dans les r\u00e9servoirs \u00e0 double paroi. Il existe deux grands types d&rsquo;\u00e9quipements: Une pompe qui g\u00e9n\u00e8re une pression positive dans les syst\u00e8mes DL (325) et une pression n\u00e9gative dans les syst\u00e8mes VL (330) fait partie int\u00e9grante du syst\u00e8me. Les [&hellip;]?","og_url":"https:\/\/cgh.com.pl\/fr\/accessoires\/systemes-de-surveillance\/systeme-de-surveillance-a-sec-sgb","og_site_name":"CGH Group Sp. z o.o.","article_modified_time":"2025-01-13T23:34:34+00:00","og_image":[{"width":360,"height":240,"url":"https:\/\/cgh.com.pl\/fr\/wp-content\/uploads\/2021\/06\/sgb-dry-leakage-detection-system.jpg","type":"image\/jpeg"}],"twitter_card":"summary_large_image","twitter_misc":{"Dur\u00e9e de lecture estim\u00e9e":"3 minutes"},"schema":{"@context":"https:\/\/schema.org","@graph":[{"@type":"WebPage","@id":"https:\/\/cgh.com.pl\/fr\/accessoires\/systemes-de-surveillance\/systeme-de-surveillance-a-sec-sgb","url":"https:\/\/cgh.com.pl\/fr\/accessoires\/systemes-de-surveillance\/systeme-de-surveillance-a-sec-sgb","name":"Syst\u00e8me de surveillance \u00e0 sec SGB - CGH Group Sp. z o.o.","isPartOf":{"@id":"https:\/\/cgh.com.pl\/fr\/#website"},"primaryImageOfPage":{"@id":"https:\/\/cgh.com.pl\/fr\/accessoires\/systemes-de-surveillance\/systeme-de-surveillance-a-sec-sgb#primaryimage"},"image":{"@id":"https:\/\/cgh.com.pl\/fr\/accessoires\/systemes-de-surveillance\/systeme-de-surveillance-a-sec-sgb#primaryimage"},"thumbnailUrl":"https:\/\/cgh.com.pl\/fr\/wp-content\/uploads\/2021\/06\/sgb-dry-leakage-detection-system.jpg","datePublished":"2020-12-07T21:41:27+00:00","dateModified":"2025-01-13T23:34:34+00:00","breadcrumb":{"@id":"https:\/\/cgh.com.pl\/fr\/accessoires\/systemes-de-surveillance\/systeme-de-surveillance-a-sec-sgb#breadcrumb"},"inLanguage":"fr-FR","potentialAction":[{"@type":"ReadAction","target":["https:\/\/cgh.com.pl\/fr\/accessoires\/systemes-de-surveillance\/systeme-de-surveillance-a-sec-sgb"]}]},{"@type":"ImageObject","inLanguage":"fr-FR","@id":"https:\/\/cgh.com.pl\/fr\/accessoires\/systemes-de-surveillance\/systeme-de-surveillance-a-sec-sgb#primaryimage","url":"https:\/\/cgh.com.pl\/fr\/wp-content\/uploads\/2021\/06\/sgb-dry-leakage-detection-system.jpg","contentUrl":"https:\/\/cgh.com.pl\/fr\/wp-content\/uploads\/2021\/06\/sgb-dry-leakage-detection-system.jpg","width":360,"height":240,"caption":"SGB dry leakage detection system"},{"@type":"BreadcrumbList","@id":"https:\/\/cgh.com.pl\/fr\/accessoires\/systemes-de-surveillance\/systeme-de-surveillance-a-sec-sgb#breadcrumb","itemListElement":[{"@type":"ListItem","position":1,"name":"Strona g\u0142\u00f3wna","item":"https:\/\/cgh.com.pl\/fr\/"},{"@type":"ListItem","position":2,"name":"Accessoires","item":"https:\/\/cgh.com.pl\/fr\/accessoires"},{"@type":"ListItem","position":3,"name":"Syst\u00e8mes de surveillance","item":"https:\/\/cgh.com.pl\/fr\/accessoires\/systemes-de-surveillance"},{"@type":"ListItem","position":4,"name":"Syst\u00e8me de surveillance \u00e0 sec SGB"}]},{"@type":"WebSite","@id":"https:\/\/cgh.com.pl\/fr\/#website","url":"https:\/\/cgh.com.pl\/fr\/","name":"CGH Group Sp. z o.o.","description":"","publisher":{"@id":"https:\/\/cgh.com.pl\/fr\/#organization"},"potentialAction":[{"@type":"SearchAction","target":{"@type":"EntryPoint","urlTemplate":"https:\/\/cgh.com.pl\/fr\/?s={search_term_string}"},"query-input":{"@type":"PropertyValueSpecification","valueRequired":true,"valueName":"search_term_string"}}],"inLanguage":"fr-FR"},{"@type":"Organization","@id":"https:\/\/cgh.com.pl\/fr\/#organization","name":"CGH Group Sp. z o.o.","url":"https:\/\/cgh.com.pl\/fr\/","logo":{"@type":"ImageObject","inLanguage":"fr-FR","@id":"https:\/\/cgh.com.pl\/fr\/#\/schema\/logo\/image\/","url":"https:\/\/cgh.com.pl\/fr\/wp-content\/uploads\/2023\/05\/logoCGH.png","contentUrl":"https:\/\/cgh.com.pl\/fr\/wp-content\/uploads\/2023\/05\/logoCGH.png","width":449,"height":162,"caption":"CGH Group Sp. z o.o."},"image":{"@id":"https:\/\/cgh.com.pl\/fr\/#\/schema\/logo\/image\/"}}]}},"_links":{"self":[{"href":"https:\/\/cgh.com.pl\/fr\/wp-json\/wp\/v2\/pages\/466","targetHints":{"allow":["GET"]}}],"collection":[{"href":"https:\/\/cgh.com.pl\/fr\/wp-json\/wp\/v2\/pages"}],"about":[{"href":"https:\/\/cgh.com.pl\/fr\/wp-json\/wp\/v2\/types\/page"}],"author":[{"embeddable":true,"href":"https:\/\/cgh.com.pl\/fr\/wp-json\/wp\/v2\/users\/1"}],"replies":[{"embeddable":true,"href":"https:\/\/cgh.com.pl\/fr\/wp-json\/wp\/v2\/comments?post=466"}],"version-history":[{"count":13,"href":"https:\/\/cgh.com.pl\/fr\/wp-json\/wp\/v2\/pages\/466\/revisions"}],"predecessor-version":[{"id":5262,"href":"https:\/\/cgh.com.pl\/fr\/wp-json\/wp\/v2\/pages\/466\/revisions\/5262"}],"up":[{"embeddable":true,"href":"https:\/\/cgh.com.pl\/fr\/wp-json\/wp\/v2\/pages\/464"}],"wp:attachment":[{"href":"https:\/\/cgh.com.pl\/fr\/wp-json\/wp\/v2\/media?parent=466"}],"curies":[{"name":"wp","href":"https:\/\/api.w.org\/{rel}","templated":true}]}}