{"id":468,"date":"2020-12-07T22:43:41","date_gmt":"2020-12-07T21:43:41","guid":{"rendered":"https:\/\/cgh.com.pl\/fr\/?page_id=468"},"modified":"2023-12-25T00:55:26","modified_gmt":"2023-12-24T23:55:26","slug":"gok-lag-2000-surveillance-en-milieu-humide","status":"publish","type":"page","link":"https:\/\/cgh.com.pl\/fr\/accessoires\/systemes-de-surveillance\/gok-lag-2000-surveillance-en-milieu-humide","title":{"rendered":"GOK LAG 2000 surveillance en milieu humide"},"content":{"rendered":"\n<div class=\"wp-block-columns has-2-columns is-layout-flex wp-container-core-columns-is-layout-9d6595d7 wp-block-columns-is-layout-flex\">\n<div class=\"wp-block-column is-layout-flow wp-block-column-is-layout-flow\"><div class=\"wp-block-image\">\n<figure class=\"aligncenter\"><img decoding=\"async\" width=\"450\" height=\"324\" data-src=\"https:\/\/cgh.com.pl\/fr\/wp-content\/uploads\/2021\/06\/gok-lag-2000-wet-leakage-detection-system.jpg\" alt=\"GOK LAG 2000 surveillance en milieu humide\" class=\"wp-image-1794 img-fluid lazyload\" data-srcset=\"https:\/\/cgh.com.pl\/fr\/wp-content\/uploads\/2021\/06\/gok-lag-2000-wet-leakage-detection-system.jpg 450w, https:\/\/cgh.com.pl\/fr\/wp-content\/uploads\/2021\/06\/gok-lag-2000-wet-leakage-detection-system-300x216.jpg 300w\" data-sizes=\"(max-width: 450px) 100vw, 450px\" src=\"data:image\/svg+xml;base64,PHN2ZyB3aWR0aD0iMSIgaGVpZ2h0PSIxIiB4bWxucz0iaHR0cDovL3d3dy53My5vcmcvMjAwMC9zdmciPjwvc3ZnPg==\" style=\"--smush-placeholder-width: 450px; --smush-placeholder-aspect-ratio: 450\/324;\" \/><\/figure><\/div>\n\n\n<div class=\"photos\">\n<div class=\"first-zoom-photo\">\n<p style=\"text-align: center; font-size: 10px;\"><img decoding=\"async\" data-src=\"https:\/\/cgh.com.pl\/fr\/wp-content\/uploads\/2021\/06\/GOK-LAG2000-wet-leakage-detection-system-1.jpg\" src=\"data:image\/svg+xml;base64,PHN2ZyB3aWR0aD0iMSIgaGVpZ2h0PSIxIiB4bWxucz0iaHR0cDovL3d3dy53My5vcmcvMjAwMC9zdmciPjwvc3ZnPg==\" class=\"lazyload\" style=\"--smush-placeholder-width: 800px; --smush-placeholder-aspect-ratio: 800\/500;\"><\/p>\n\n<div><\/div>\n<\/div>\n<div>\n<p style=\"text-align: center; font-size: 10px;\"><img decoding=\"async\" data-src=\"https:\/\/cgh.com.pl\/fr\/wp-content\/uploads\/2021\/06\/gok-lag-2000-wet-leakage-detection-system-4.jpg\" src=\"data:image\/svg+xml;base64,PHN2ZyB3aWR0aD0iMSIgaGVpZ2h0PSIxIiB4bWxucz0iaHR0cDovL3d3dy53My5vcmcvMjAwMC9zdmciPjwvc3ZnPg==\" class=\"lazyload\" style=\"--smush-placeholder-width: 1000px; --smush-placeholder-aspect-ratio: 1000\/1000;\"><\/p>\n\n<div><\/div>\n<\/div>\n\n<div class=\"pair\">\n<p style=\"text-align: center; font-size: 10px;\"><img decoding=\"async\" data-src=\"https:\/\/cgh.com.pl\/fr\/wp-content\/uploads\/2021\/06\/GOK-LAG-2000-wet-leakage-detection-system-3.jpg\" src=\"data:image\/svg+xml;base64,PHN2ZyB3aWR0aD0iMSIgaGVpZ2h0PSIxIiB4bWxucz0iaHR0cDovL3d3dy53My5vcmcvMjAwMC9zdmciPjwvc3ZnPg==\" class=\"lazyload\" style=\"--smush-placeholder-width: 1000px; --smush-placeholder-aspect-ratio: 1000\/1000;\"><\/p>\n\n<div><\/div>\n<div><\/div>\n<\/div>\n<\/div>\n<\/div>\n\n\n\n<div class=\"wp-block-column is-layout-flow wp-block-column-is-layout-flow\">\n<p><strong><strong><strong>Informations sur le produit<\/strong><br><\/strong>GOK LAG 2000 &#8211; dispositif de surveillance en milieu humide.<\/strong><\/p>\n\n\n\n<p>Il s&rsquo;agit d&rsquo;un d\u00e9tecteur de fuites pour les r\u00e9servoirs sans pression pour la zone EX (atmosph\u00e8res explosives) &#8211; ce que l&rsquo;on appelle la \u00ab\u00a0d\u00e9tection humide\u00a0\u00bb.<\/p>\n\n\n\n<p>Syst\u00e8me de d\u00e9tection de fuites de classe II selon les normes DIN EN 13160-1 et DIN EN 13160-3 pour la surveillance, entre autres, des r\u00e9servoirs \u00e0 double paroi, sans pression, hors sol et souterrains.<\/p>\n\n\n\n<p>Le volume de l&rsquo;espace de contr\u00f4le de l&rsquo;installation peut atteindre 1 m\u00b3.<\/p>\n\n\n\n<p>Le Lag 2000 ne peut \u00eatre utilis\u00e9 que pour surveiller des r\u00e9servoirs \u00e0 double paroi ou d&rsquo;autres r\u00e9servoirs permettant des mesures avec des liquides.<\/p>\n\n\n\n<p>Les fuites de r\u00e9servoir sont d\u00e9tect\u00e9es par une baisse du niveau de liquide (glycol) dans le vase d&rsquo;expansion du dispositif de surveillance.<\/p>\n\n\n\n<p>Principe de fonctionnement du d\u00e9tecteur de fuites LAG 2000:<\/p>\n\n\n\n<p>Dans l&rsquo;espace de surveillance du r\u00e9servoir CSN se trouve un liquide de signalisation de fuites, qui remplit le r\u00e9servoir de ce liquide jusqu&rsquo;au voyant. Si les extr\u00e9mit\u00e9s de la sonde sont immerg\u00e9es dans le liquide de signalisation des fuites, le circuit \u00e9lectrique entre les deux \u00e9lectrodes de la sonde est ferm\u00e9.<\/p>\n\n\n\n<p>En cas de fuite \u00e9ventuelle dans le r\u00e9servoir, le liquide de signalisation des fuites s&rsquo;\u00e9coule. Les bords de la sonde ne sont pas immerg\u00e9s dans le liquide, le circuit \u00e9lectrique est interrompu et le dispositif d&rsquo;alarme \u00e9met une alarme sonore et visuelle.<\/p>\n\n\n<div class=\"wp-block-image\">\n<figure class=\"alignleft size-full\"><img decoding=\"async\" width=\"22\" height=\"21\" data-src=\"https:\/\/cgh.com.pl\/fr\/wp-content\/uploads\/2020\/12\/good.png\" alt=\"\" class=\"wp-image-558 img-fluid lazyload\" src=\"data:image\/svg+xml;base64,PHN2ZyB3aWR0aD0iMSIgaGVpZ2h0PSIxIiB4bWxucz0iaHR0cDovL3d3dy53My5vcmcvMjAwMC9zdmciPjwvc3ZnPg==\" style=\"--smush-placeholder-width: 22px; --smush-placeholder-aspect-ratio: 22\/21;\" \/><\/figure><\/div>\n\n\n<p><strong><strong><strong>Avantages du dispositif<\/strong><\/strong><\/strong><\/p>\n\n\n\n<ul class=\"wp-block-list\">\n<li>peut \u00eatre utilis\u00e9 dans une zone sismique<\/li>\n\n\n\n<li>conforme aux normes de l&rsquo;UE<\/li>\n\n\n\n<li>poss\u00e8de la marque CE<\/li>\n\n\n\n<li>Peut \u00eatre utilis\u00e9 dans de nombreux types de r\u00e9servoirs:\n<ul class=\"wp-block-list\">\n<li>R\u00e9servoirs hors sol \u00e0 double paroi selon les normes DIN 6616, DIN 6618-3, DIN 6623-2, DIN 6624-2 et EN 12285-2.<\/li>\n\n\n\n<li>R\u00e9servoirs souterrains \u00e0 double paroi selon DIN6608-2, DIN 6619-2, EN 12285-1<\/li>\n\n\n\n<li>Autres r\u00e9servoirs disposant d&rsquo;un certificat d&rsquo;aptitude d\u00e9livr\u00e9 par l&rsquo;autorit\u00e9 de contr\u00f4le des constructions ou d&rsquo;un certificat de conformit\u00e9 pour un produit de construction conform\u00e9ment aux dispositions l\u00e9gales relatives \u00e0 la transposition des directives de la Communaut\u00e9 europ\u00e9enne, y compris les exigences en mati\u00e8re de contr\u00f4le des constructions et de loi sur l&rsquo;eau, qui portent le marquage CE.<\/li>\n\n\n\n<li>R\u00e9servoirs hors sol \u00e0 simple paroi, sans pression, dot\u00e9s d&rsquo;un rev\u00eatement pour \u00e9viter les fuites.<\/li>\n\n\n\n<li>R\u00e9servoirs hors sol \u00e0 simple paroi, sans pression, dot\u00e9s d&rsquo;une enveloppe de protection contre les fuites.<\/li>\n<\/ul>\n<\/li>\n<\/ul>\n\n\n<div class=\"wp-block-image\">\n<figure class=\"alignleft size-full\"><img decoding=\"async\" width=\"22\" height=\"22\" data-src=\"https:\/\/cgh.com.pl\/fr\/wp-content\/uploads\/2020\/12\/advantage.png\" alt=\"\" class=\"wp-image-559 img-fluid lazyload\" src=\"data:image\/svg+xml;base64,PHN2ZyB3aWR0aD0iMSIgaGVpZ2h0PSIxIiB4bWxucz0iaHR0cDovL3d3dy53My5vcmcvMjAwMC9zdmciPjwvc3ZnPg==\" style=\"--smush-placeholder-width: 22px; --smush-placeholder-aspect-ratio: 22\/22;\" \/><\/figure><\/div>\n\n\n<p><strong><strong><strong>Informations techniques<\/strong><\/strong><\/strong><\/p>\n\n\n\n<ul class=\"wp-block-list\">\n<li>tension 230V 50-60Hz<\/li>\n\n\n\n<li>consommation \u00e9lectrique: 2,5 VA<\/li>\n\n\n\n<li>plage de temp\u00e9rature -20 \u00e0 +60 \u00b0C<\/li>\n\n\n\n<li>Bo\u00eetier IP20<\/li>\n<\/ul>\n\n\n\n<p><strong><strong>Moyen de travail:<\/strong><\/strong><\/p>\n\n\n\n<ul class=\"wp-block-list\">\n<li>diesel<\/li>\n\n\n\n<li>huile de chauffage<\/li>\n\n\n\n<li>essence<\/li>\n\n\n\n<li>\u00e9thanol<\/li>\n\n\n\n<li>M\u00e9langes essence-\u00e9thanol<\/li>\n\n\n\n<li>autres<\/li>\n<\/ul>\n<\/div>\n<\/div>\n","protected":false},"excerpt":{"rendered":"<p>Informations sur le produitGOK LAG 2000 &#8211; dispositif de surveillance en milieu humide. Il s&rsquo;agit d&rsquo;un d\u00e9tecteur de fuites pour les r\u00e9servoirs sans pression pour la zone EX (atmosph\u00e8res explosives) &#8211; ce que l&rsquo;on appelle la \u00ab\u00a0d\u00e9tection humide\u00a0\u00bb. Syst\u00e8me de d\u00e9tection de fuites de classe II selon les normes DIN EN 13160-1 et DIN EN [&hellip;]?<\/p>\n","protected":false},"author":1,"featured_media":0,"parent":464,"menu_order":0,"comment_status":"closed","ping_status":"closed","template":"page-products-with-second-menu.php","meta":{"_acf_changed":false,"footnotes":""},"class_list":["post-468","page","type-page","status-publish","hentry"],"acf":[],"yoast_head":"<!-- This site is optimized with the Yoast SEO plugin v26.1.1 - https:\/\/yoast.com\/wordpress\/plugins\/seo\/ -->\n<title>GOK LAG 2000 surveillance en milieu humide - CGH Group Sp. z o.o.<\/title>\n<meta name=\"robots\" content=\"index, follow, max-snippet:-1, max-image-preview:large, max-video-preview:-1\" \/>\n<link rel=\"canonical\" href=\"https:\/\/cgh.com.pl\/fr\/accessoires\/systemes-de-surveillance\/gok-lag-2000-surveillance-en-milieu-humide\" \/>\n<meta property=\"og:locale\" content=\"fr_FR\" \/>\n<meta property=\"og:type\" content=\"article\" \/>\n<meta property=\"og:title\" content=\"GOK LAG 2000 surveillance en milieu humide - CGH Group Sp. z o.o.\" \/>\n<meta property=\"og:description\" content=\"Informations sur le produitGOK LAG 2000 &#8211; dispositif de surveillance en milieu humide. Il s&rsquo;agit d&rsquo;un d\u00e9tecteur de fuites pour les r\u00e9servoirs sans pression pour la zone EX (atmosph\u00e8res explosives) &#8211; ce que l&rsquo;on appelle la \u00ab\u00a0d\u00e9tection humide\u00a0\u00bb. Syst\u00e8me de d\u00e9tection de fuites de classe II selon les normes DIN EN 13160-1 et DIN EN [&hellip;]?\" \/>\n<meta property=\"og:url\" content=\"https:\/\/cgh.com.pl\/fr\/accessoires\/systemes-de-surveillance\/gok-lag-2000-surveillance-en-milieu-humide\" \/>\n<meta property=\"og:site_name\" content=\"CGH Group Sp. z o.o.\" \/>\n<meta property=\"article:modified_time\" content=\"2023-12-24T23:55:26+00:00\" \/>\n<meta property=\"og:image\" content=\"https:\/\/cgh.com.pl\/fr\/wp-content\/uploads\/2021\/06\/gok-lag-2000-wet-leakage-detection-system.jpg\" \/>\n<meta name=\"twitter:card\" content=\"summary_large_image\" \/>\n<meta name=\"twitter:label1\" content=\"Dur\u00e9e de lecture estim\u00e9e\" \/>\n\t<meta name=\"twitter:data1\" content=\"4 minutes\" \/>\n<script type=\"application\/ld+json\" class=\"yoast-schema-graph\">{\"@context\":\"https:\/\/schema.org\",\"@graph\":[{\"@type\":\"WebPage\",\"@id\":\"https:\/\/cgh.com.pl\/fr\/accessoires\/systemes-de-surveillance\/gok-lag-2000-surveillance-en-milieu-humide\",\"url\":\"https:\/\/cgh.com.pl\/fr\/accessoires\/systemes-de-surveillance\/gok-lag-2000-surveillance-en-milieu-humide\",\"name\":\"GOK LAG 2000 surveillance en milieu humide - CGH Group Sp. z o.o.\",\"isPartOf\":{\"@id\":\"https:\/\/cgh.com.pl\/fr\/#website\"},\"primaryImageOfPage\":{\"@id\":\"https:\/\/cgh.com.pl\/fr\/accessoires\/systemes-de-surveillance\/gok-lag-2000-surveillance-en-milieu-humide#primaryimage\"},\"image\":{\"@id\":\"https:\/\/cgh.com.pl\/fr\/accessoires\/systemes-de-surveillance\/gok-lag-2000-surveillance-en-milieu-humide#primaryimage\"},\"thumbnailUrl\":\"https:\/\/cgh.com.pl\/fr\/wp-content\/uploads\/2021\/06\/gok-lag-2000-wet-leakage-detection-system.jpg\",\"datePublished\":\"2020-12-07T21:43:41+00:00\",\"dateModified\":\"2023-12-24T23:55:26+00:00\",\"breadcrumb\":{\"@id\":\"https:\/\/cgh.com.pl\/fr\/accessoires\/systemes-de-surveillance\/gok-lag-2000-surveillance-en-milieu-humide#breadcrumb\"},\"inLanguage\":\"fr-FR\",\"potentialAction\":[{\"@type\":\"ReadAction\",\"target\":[\"https:\/\/cgh.com.pl\/fr\/accessoires\/systemes-de-surveillance\/gok-lag-2000-surveillance-en-milieu-humide\"]}]},{\"@type\":\"ImageObject\",\"inLanguage\":\"fr-FR\",\"@id\":\"https:\/\/cgh.com.pl\/fr\/accessoires\/systemes-de-surveillance\/gok-lag-2000-surveillance-en-milieu-humide#primaryimage\",\"url\":\"https:\/\/cgh.com.pl\/fr\/wp-content\/uploads\/2021\/06\/gok-lag-2000-wet-leakage-detection-system.jpg\",\"contentUrl\":\"https:\/\/cgh.com.pl\/fr\/wp-content\/uploads\/2021\/06\/gok-lag-2000-wet-leakage-detection-system.jpg\",\"width\":450,\"height\":324,\"caption\":\"GOK LAG 2000 wet leakage detection system\"},{\"@type\":\"BreadcrumbList\",\"@id\":\"https:\/\/cgh.com.pl\/fr\/accessoires\/systemes-de-surveillance\/gok-lag-2000-surveillance-en-milieu-humide#breadcrumb\",\"itemListElement\":[{\"@type\":\"ListItem\",\"position\":1,\"name\":\"Strona g\u0142\u00f3wna\",\"item\":\"https:\/\/cgh.com.pl\/fr\/\"},{\"@type\":\"ListItem\",\"position\":2,\"name\":\"Accessoires\",\"item\":\"https:\/\/cgh.com.pl\/fr\/accessoires\"},{\"@type\":\"ListItem\",\"position\":3,\"name\":\"Syst\u00e8mes de surveillance\",\"item\":\"https:\/\/cgh.com.pl\/fr\/accessoires\/systemes-de-surveillance\"},{\"@type\":\"ListItem\",\"position\":4,\"name\":\"GOK LAG 2000 surveillance en milieu humide\"}]},{\"@type\":\"WebSite\",\"@id\":\"https:\/\/cgh.com.pl\/fr\/#website\",\"url\":\"https:\/\/cgh.com.pl\/fr\/\",\"name\":\"CGH Group Sp. z o.o.\",\"description\":\"\",\"publisher\":{\"@id\":\"https:\/\/cgh.com.pl\/fr\/#organization\"},\"potentialAction\":[{\"@type\":\"SearchAction\",\"target\":{\"@type\":\"EntryPoint\",\"urlTemplate\":\"https:\/\/cgh.com.pl\/fr\/?s={search_term_string}\"},\"query-input\":{\"@type\":\"PropertyValueSpecification\",\"valueRequired\":true,\"valueName\":\"search_term_string\"}}],\"inLanguage\":\"fr-FR\"},{\"@type\":\"Organization\",\"@id\":\"https:\/\/cgh.com.pl\/fr\/#organization\",\"name\":\"CGH Group Sp. z o.o.\",\"url\":\"https:\/\/cgh.com.pl\/fr\/\",\"logo\":{\"@type\":\"ImageObject\",\"inLanguage\":\"fr-FR\",\"@id\":\"https:\/\/cgh.com.pl\/fr\/#\/schema\/logo\/image\/\",\"url\":\"https:\/\/cgh.com.pl\/fr\/wp-content\/uploads\/2023\/05\/logoCGH.png\",\"contentUrl\":\"https:\/\/cgh.com.pl\/fr\/wp-content\/uploads\/2023\/05\/logoCGH.png\",\"width\":449,\"height\":162,\"caption\":\"CGH Group Sp. z o.o.\"},\"image\":{\"@id\":\"https:\/\/cgh.com.pl\/fr\/#\/schema\/logo\/image\/\"}}]}<\/script>\n<!-- \/ Yoast SEO plugin. -->","yoast_head_json":{"title":"GOK LAG 2000 surveillance en milieu humide - CGH Group Sp. z o.o.","robots":{"index":"index","follow":"follow","max-snippet":"max-snippet:-1","max-image-preview":"max-image-preview:large","max-video-preview":"max-video-preview:-1"},"canonical":"https:\/\/cgh.com.pl\/fr\/accessoires\/systemes-de-surveillance\/gok-lag-2000-surveillance-en-milieu-humide","og_locale":"fr_FR","og_type":"article","og_title":"GOK LAG 2000 surveillance en milieu humide - CGH Group Sp. z o.o.","og_description":"Informations sur le produitGOK LAG 2000 &#8211; dispositif de surveillance en milieu humide. Il s&rsquo;agit d&rsquo;un d\u00e9tecteur de fuites pour les r\u00e9servoirs sans pression pour la zone EX (atmosph\u00e8res explosives) &#8211; ce que l&rsquo;on appelle la \u00ab\u00a0d\u00e9tection humide\u00a0\u00bb. Syst\u00e8me de d\u00e9tection de fuites de classe II selon les normes DIN EN 13160-1 et DIN EN [&hellip;]?","og_url":"https:\/\/cgh.com.pl\/fr\/accessoires\/systemes-de-surveillance\/gok-lag-2000-surveillance-en-milieu-humide","og_site_name":"CGH Group Sp. z o.o.","article_modified_time":"2023-12-24T23:55:26+00:00","og_image":[{"url":"https:\/\/cgh.com.pl\/fr\/wp-content\/uploads\/2021\/06\/gok-lag-2000-wet-leakage-detection-system.jpg","type":"","width":"","height":""}],"twitter_card":"summary_large_image","twitter_misc":{"Dur\u00e9e de lecture estim\u00e9e":"4 minutes"},"schema":{"@context":"https:\/\/schema.org","@graph":[{"@type":"WebPage","@id":"https:\/\/cgh.com.pl\/fr\/accessoires\/systemes-de-surveillance\/gok-lag-2000-surveillance-en-milieu-humide","url":"https:\/\/cgh.com.pl\/fr\/accessoires\/systemes-de-surveillance\/gok-lag-2000-surveillance-en-milieu-humide","name":"GOK LAG 2000 surveillance en milieu humide - CGH Group Sp. z o.o.","isPartOf":{"@id":"https:\/\/cgh.com.pl\/fr\/#website"},"primaryImageOfPage":{"@id":"https:\/\/cgh.com.pl\/fr\/accessoires\/systemes-de-surveillance\/gok-lag-2000-surveillance-en-milieu-humide#primaryimage"},"image":{"@id":"https:\/\/cgh.com.pl\/fr\/accessoires\/systemes-de-surveillance\/gok-lag-2000-surveillance-en-milieu-humide#primaryimage"},"thumbnailUrl":"https:\/\/cgh.com.pl\/fr\/wp-content\/uploads\/2021\/06\/gok-lag-2000-wet-leakage-detection-system.jpg","datePublished":"2020-12-07T21:43:41+00:00","dateModified":"2023-12-24T23:55:26+00:00","breadcrumb":{"@id":"https:\/\/cgh.com.pl\/fr\/accessoires\/systemes-de-surveillance\/gok-lag-2000-surveillance-en-milieu-humide#breadcrumb"},"inLanguage":"fr-FR","potentialAction":[{"@type":"ReadAction","target":["https:\/\/cgh.com.pl\/fr\/accessoires\/systemes-de-surveillance\/gok-lag-2000-surveillance-en-milieu-humide"]}]},{"@type":"ImageObject","inLanguage":"fr-FR","@id":"https:\/\/cgh.com.pl\/fr\/accessoires\/systemes-de-surveillance\/gok-lag-2000-surveillance-en-milieu-humide#primaryimage","url":"https:\/\/cgh.com.pl\/fr\/wp-content\/uploads\/2021\/06\/gok-lag-2000-wet-leakage-detection-system.jpg","contentUrl":"https:\/\/cgh.com.pl\/fr\/wp-content\/uploads\/2021\/06\/gok-lag-2000-wet-leakage-detection-system.jpg","width":450,"height":324,"caption":"GOK LAG 2000 wet leakage detection system"},{"@type":"BreadcrumbList","@id":"https:\/\/cgh.com.pl\/fr\/accessoires\/systemes-de-surveillance\/gok-lag-2000-surveillance-en-milieu-humide#breadcrumb","itemListElement":[{"@type":"ListItem","position":1,"name":"Strona g\u0142\u00f3wna","item":"https:\/\/cgh.com.pl\/fr\/"},{"@type":"ListItem","position":2,"name":"Accessoires","item":"https:\/\/cgh.com.pl\/fr\/accessoires"},{"@type":"ListItem","position":3,"name":"Syst\u00e8mes de surveillance","item":"https:\/\/cgh.com.pl\/fr\/accessoires\/systemes-de-surveillance"},{"@type":"ListItem","position":4,"name":"GOK LAG 2000 surveillance en milieu humide"}]},{"@type":"WebSite","@id":"https:\/\/cgh.com.pl\/fr\/#website","url":"https:\/\/cgh.com.pl\/fr\/","name":"CGH Group Sp. z o.o.","description":"","publisher":{"@id":"https:\/\/cgh.com.pl\/fr\/#organization"},"potentialAction":[{"@type":"SearchAction","target":{"@type":"EntryPoint","urlTemplate":"https:\/\/cgh.com.pl\/fr\/?s={search_term_string}"},"query-input":{"@type":"PropertyValueSpecification","valueRequired":true,"valueName":"search_term_string"}}],"inLanguage":"fr-FR"},{"@type":"Organization","@id":"https:\/\/cgh.com.pl\/fr\/#organization","name":"CGH Group Sp. z o.o.","url":"https:\/\/cgh.com.pl\/fr\/","logo":{"@type":"ImageObject","inLanguage":"fr-FR","@id":"https:\/\/cgh.com.pl\/fr\/#\/schema\/logo\/image\/","url":"https:\/\/cgh.com.pl\/fr\/wp-content\/uploads\/2023\/05\/logoCGH.png","contentUrl":"https:\/\/cgh.com.pl\/fr\/wp-content\/uploads\/2023\/05\/logoCGH.png","width":449,"height":162,"caption":"CGH Group Sp. z o.o."},"image":{"@id":"https:\/\/cgh.com.pl\/fr\/#\/schema\/logo\/image\/"}}]}},"_links":{"self":[{"href":"https:\/\/cgh.com.pl\/fr\/wp-json\/wp\/v2\/pages\/468","targetHints":{"allow":["GET"]}}],"collection":[{"href":"https:\/\/cgh.com.pl\/fr\/wp-json\/wp\/v2\/pages"}],"about":[{"href":"https:\/\/cgh.com.pl\/fr\/wp-json\/wp\/v2\/types\/page"}],"author":[{"embeddable":true,"href":"https:\/\/cgh.com.pl\/fr\/wp-json\/wp\/v2\/users\/1"}],"replies":[{"embeddable":true,"href":"https:\/\/cgh.com.pl\/fr\/wp-json\/wp\/v2\/comments?post=468"}],"version-history":[{"count":9,"href":"https:\/\/cgh.com.pl\/fr\/wp-json\/wp\/v2\/pages\/468\/revisions"}],"predecessor-version":[{"id":5188,"href":"https:\/\/cgh.com.pl\/fr\/wp-json\/wp\/v2\/pages\/468\/revisions\/5188"}],"up":[{"embeddable":true,"href":"https:\/\/cgh.com.pl\/fr\/wp-json\/wp\/v2\/pages\/464"}],"wp:attachment":[{"href":"https:\/\/cgh.com.pl\/fr\/wp-json\/wp\/v2\/media?parent=468"}],"curies":[{"name":"wp","href":"https:\/\/api.w.org\/{rel}","templated":true}]}}