{"id":470,"date":"2020-12-07T22:49:15","date_gmt":"2020-12-07T21:49:15","guid":{"rendered":"https:\/\/cgh.com.pl\/fr\/?page_id=470"},"modified":"2023-12-25T01:06:11","modified_gmt":"2023-12-25T00:06:11","slug":"systeme-de-controle-et-de-mesure-opw-nano","status":"publish","type":"page","link":"https:\/\/cgh.com.pl\/fr\/accessoires\/systemes-de-surveillance\/systeme-de-controle-et-de-mesure-opw-nano","title":{"rendered":"Syst\u00e8me de contr\u00f4le et de mesure OPW Nano"},"content":{"rendered":"\n<div class=\"wp-block-columns has-2-columns is-layout-flex wp-container-core-columns-is-layout-9d6595d7 wp-block-columns-is-layout-flex\">\n<div class=\"wp-block-column is-layout-flow wp-block-column-is-layout-flow\"><div class=\"wp-block-image\">\n<figure class=\"aligncenter\"><img decoding=\"async\" width=\"360\" height=\"240\" data-src=\"https:\/\/cgh.com.pl\/fr\/wp-content\/uploads\/2021\/06\/opw-nano-control-and-gauge-system-sitesentinel-nano.jpg\" alt=\"Syst\u00e8me de contr\u00f4le et de mesure OPW Nano\" class=\"wp-image-1800 img-fluid lazyload\" data-srcset=\"https:\/\/cgh.com.pl\/fr\/wp-content\/uploads\/2021\/06\/opw-nano-control-and-gauge-system-sitesentinel-nano.jpg 360w, https:\/\/cgh.com.pl\/fr\/wp-content\/uploads\/2021\/06\/opw-nano-control-and-gauge-system-sitesentinel-nano-300x200.jpg 300w\" data-sizes=\"(max-width: 360px) 100vw, 360px\" src=\"data:image\/svg+xml;base64,PHN2ZyB3aWR0aD0iMSIgaGVpZ2h0PSIxIiB4bWxucz0iaHR0cDovL3d3dy53My5vcmcvMjAwMC9zdmciPjwvc3ZnPg==\" style=\"--smush-placeholder-width: 360px; --smush-placeholder-aspect-ratio: 360\/240;\" \/><\/figure><\/div><\/div>\n\n\n\n<div class=\"wp-block-column is-layout-flow wp-block-column-is-layout-flow\">\n<p><strong><strong><strong>Informations sur le produit<\/strong><\/strong><\/strong><\/p>\n\n\n\n<p><strong><strong><strong>SiteSentinel\u00ae Nano&#x2122; est le syst\u00e8me de contr\u00f4le et de mesure de l&rsquo;OPW pour<\/strong><\/strong>:<\/strong><\/p>\n\n\n\n<ul class=\"wp-block-list\">\n<li>Mesure de la quantit\u00e9 de liquide dans le r\u00e9servoir \u00e0 l&rsquo;aide d&rsquo;une sonde magn\u00e9tostrictive.<\/li>\n\n\n\n<li>Contr\u00f4le de l&rsquo;espace intersectoriel du r\u00e9servoir, par exemple \u00e0 l&rsquo;aide de capteurs, tels que des capteurs d&rsquo;espace, des capteurs optiques ou des capteurs de vapeur.<\/li>\n<\/ul>\n\n\n\n<p><strong><strong><strong>En outre, le contr\u00f4le peut inclure le signalement des fuites:<\/strong><\/strong><\/strong><\/p>\n\n\n\n<ul class=\"wp-block-list\">\n<li>trous d\u2019hommes,<\/li>\n\n\n\n<li>sous les pompes \u00e0 carburant,<\/li>\n\n\n\n<li>dans les forages pi\u00e9zom\u00e9triques autour du champ de r\u00e9servoirs,<\/li>\n\n\n\n<li>les espaces entre les conduites de carburant \u00e0 double paroi<\/li>\n<\/ul>\n\n\n\n<p><strong>Le syst\u00e8me est utilis\u00e9 dans les installations:<\/strong><\/p>\n\n\n\n<ul class=\"wp-block-list\">\n<li>stations-service,<\/li>\n\n\n\n<li>chaudi\u00e8res,<\/li>\n\n\n\n<li>petites installations de stockage de produits p\u00e9troliers<\/li>\n\n\n\n<li>et lorsqu\u2019il est n\u00e9cessaire de surveiller les r\u00e9servoirs et les \u00e9quipements.<\/li>\n<\/ul>\n\n\n\n<p>Il permet la collecte et le traitement de donn\u00e9es sur la quantit\u00e9 de carburant dans le r\u00e9servoir, l&rsquo;indication de la temp\u00e9rature du liquide stock\u00e9, la mesure de la quantit\u00e9 d&rsquo;eau au fond du r\u00e9servoir.<\/p>\n<\/div>\n<\/div>\n\n\n\n<div class=\"wp-block-columns has-2-columns is-layout-flex wp-container-core-columns-is-layout-9d6595d7 wp-block-columns-is-layout-flex\">\n<div class=\"wp-block-column is-layout-flow wp-block-column-is-layout-flow\"><div class=\"wp-block-image\">\n<figure class=\"aligncenter is-resized\"><img decoding=\"async\" width=\"400\" height=\"400\" data-src=\"https:\/\/cgh.com.pl\/fr\/wp-content\/uploads\/2021\/06\/opw-nano-control-and-gauge-system-magnetostrictive-probe-series-924-b.png\" alt=\"OPW Nano Syst\u00e8me de contr\u00f4le et de mesure - Sonde de mesure magn\u00e9tostrictive s\u00e9rie 924 B\" class=\"wp-image-1802 img-fluid lazyload\" style=\"--smush-placeholder-width: 400px; --smush-placeholder-aspect-ratio: 400\/400;width:200px;height:200px\" data-srcset=\"https:\/\/cgh.com.pl\/fr\/wp-content\/uploads\/2021\/06\/opw-nano-control-and-gauge-system-magnetostrictive-probe-series-924-b.png 400w, https:\/\/cgh.com.pl\/fr\/wp-content\/uploads\/2021\/06\/opw-nano-control-and-gauge-system-magnetostrictive-probe-series-924-b-300x300.png 300w, https:\/\/cgh.com.pl\/fr\/wp-content\/uploads\/2021\/06\/opw-nano-control-and-gauge-system-magnetostrictive-probe-series-924-b-150x150.png 150w\" data-sizes=\"(max-width: 400px) 100vw, 400px\" src=\"data:image\/svg+xml;base64,PHN2ZyB3aWR0aD0iMSIgaGVpZ2h0PSIxIiB4bWxucz0iaHR0cDovL3d3dy53My5vcmcvMjAwMC9zdmciPjwvc3ZnPg==\" \/><\/figure><\/div><\/div>\n\n\n\n<div class=\"wp-block-column is-layout-flow wp-block-column-is-layout-flow\">\n<h3 class=\"wp-block-heading\" id=\"sonda-magnetostrykcyjna-pomiarowa-serii-924-b\"><strong>Sonde de mesure magn\u00e9tostrictive de la s\u00e9rie 924 B<\/strong><\/h3>\n\n\n\n<ul class=\"wp-block-list\">\n<li>Les sondes 924B sont des jauges de niveau de r\u00e9servoir pour assurer un fonctionnement en conditions dynamiques et pour mesurer une large gamme de liquides, y compris le GPL et l&rsquo;AdBlue.<\/li>\n<\/ul>\n<\/div>\n<\/div>\n\n\n\n<div class=\"wp-block-columns has-2-columns is-layout-flex wp-container-core-columns-is-layout-9d6595d7 wp-block-columns-is-layout-flex\">\n<div class=\"wp-block-column is-layout-flow wp-block-column-is-layout-flow\"><div class=\"wp-block-image\">\n<figure class=\"aligncenter size-full\"><img decoding=\"async\" width=\"894\" height=\"243\" data-src=\"https:\/\/cgh.com.pl\/fr\/wp-content\/uploads\/2022\/02\/opw-nano-control-and-gauge-system-sensors-for-leakage-monitoring.png\" alt=\"Syst\u00e8me de contr\u00f4le et de mesure OPW Nano\" class=\"wp-image-2979 img-fluid lazyload\" data-srcset=\"https:\/\/cgh.com.pl\/fr\/wp-content\/uploads\/2022\/02\/opw-nano-control-and-gauge-system-sensors-for-leakage-monitoring.png 894w, https:\/\/cgh.com.pl\/fr\/wp-content\/uploads\/2022\/02\/opw-nano-control-and-gauge-system-sensors-for-leakage-monitoring-300x82.png 300w, https:\/\/cgh.com.pl\/fr\/wp-content\/uploads\/2022\/02\/opw-nano-control-and-gauge-system-sensors-for-leakage-monitoring-768x209.png 768w\" data-sizes=\"(max-width: 894px) 100vw, 894px\" src=\"data:image\/svg+xml;base64,PHN2ZyB3aWR0aD0iMSIgaGVpZ2h0PSIxIiB4bWxucz0iaHR0cDovL3d3dy53My5vcmcvMjAwMC9zdmciPjwvc3ZnPg==\" style=\"--smush-placeholder-width: 894px; --smush-placeholder-aspect-ratio: 894\/243;\" \/><\/figure><\/div><\/div>\n\n\n\n<div class=\"wp-block-column is-layout-flow wp-block-column-is-layout-flow\">\n<h3 class=\"wp-block-heading\" id=\"czujniki-do-monitoringu-szczelnosci\"><strong>Capteurs pour la surveillance des fuites<\/strong><\/h3>\n\n\n\n<p>L&rsquo;objectif du capteur est de d\u00e9tecter les liquides et les fuites en coop\u00e9ration avec le syst\u00e8me OPW.<\/p>\n\n\n\n<p>Selon le type, la structure et la fonction, on distingue:<\/p>\n\n\n\n<ul class=\"wp-block-list\">\n<li>Capteur de fente<\/li>\n\n\n\n<li>Capteur de niveau de carburant liquide<\/li>\n\n\n\n<li>Capteur de trou d&rsquo;homme<\/li>\n\n\n\n<li>Capteur optique de liquide<\/li>\n\n\n\n<li>Capteur de vapeur<\/li>\n<\/ul>\n\n\n<div class=\"wp-block-image\">\n<figure class=\"alignleft size-full\"><img decoding=\"async\" width=\"22\" height=\"21\" data-src=\"https:\/\/cgh.com.pl\/fr\/wp-content\/uploads\/2020\/12\/good.png\" alt=\"\" class=\"wp-image-558 img-fluid lazyload\" src=\"data:image\/svg+xml;base64,PHN2ZyB3aWR0aD0iMSIgaGVpZ2h0PSIxIiB4bWxucz0iaHR0cDovL3d3dy53My5vcmcvMjAwMC9zdmciPjwvc3ZnPg==\" style=\"--smush-placeholder-width: 22px; --smush-placeholder-aspect-ratio: 22\/21;\" \/><\/figure><\/div>\n\n\n<p><strong>Avantages du dispositif<\/strong><\/p>\n\n\n\n<p><strong><strong>SiteSentinel\u00ae Nano&#x2122;<\/strong><\/strong><\/p>\n\n\n\n<ul class=\"wp-block-list\">\n<li>Mesure pr\u00e9cise en temps r\u00e9el du niveau de liquide dans le r\u00e9servoir (sonde de pr\u00e9cision de classe I),<\/li>\n\n\n\n<li>Grand \u00e9cran tactile couleur LCD et interface intuitive bas\u00e9e sur des caract\u00e8res graphiques<\/li>\n\n\n\n<li>Contr\u00f4le jusqu&rsquo;\u00e0 12 sondes et 24 capteurs (jusqu&rsquo;\u00e0 4 sondes peuvent \u00eatre connect\u00e9es \u00e0 la m\u00eame barri\u00e8re et\/ou 16 capteurs peuvent \u00eatre connect\u00e9s \u00e0 la m\u00eame barri\u00e8re)<\/li>\n\n\n\n<li>Possibilit\u00e9 de programmer la g\u00e9n\u00e9ration automatique de rapports \u00e0 une fr\u00e9quence quotidienne, hebdomadaire, mensuelle ou annuelle.<\/li>\n\n\n\n<li>Les rapports g\u00e9n\u00e9r\u00e9s comprennent : \u00c9tat actuel du r\u00e9servoir, historique des livraisons, \u00e9v\u00e9nements en cours, historique des \u00e9v\u00e9nements, tests d&rsquo;\u00e9tanch\u00e9it\u00e9 des r\u00e9servoirs.<\/li>\n\n\n\n<li>L&rsquo;acc\u00e8s mobile (r\u00e9seau GSM, Internet) permet la gestion et l&rsquo;entretien \u00e0 distance des stations (contr\u00f4le des stocks, livraisons, situations d&rsquo;urgence, fuites, formation, configurations).<\/li>\n\n\n\n<li>Le contr\u00f4leur NANO est \u00e9quip\u00e9 en standard d&rsquo;options de communication via TCP\/IP. Concr\u00e8tement, cela signifie qu&rsquo;il est possible d&rsquo;acc\u00e9der au syst\u00e8me (\u00e0 des degr\u00e9s divers) localement \u00e0 partir d&rsquo;un PC, \u00e0 partir du t\u00e9l\u00e9phone portable d&rsquo;un employ\u00e9\/directeur, ou \u00e0 distance \u00e0 partir d&rsquo;un PC ou d&rsquo;un t\u00e9l\u00e9phone portable. Des informations sensibles sur les fuites, les alarmes, les livraisons peuvent \u00eatre envoy\u00e9es par SMS\/e-mail.<\/li>\n<\/ul>\n\n\n\n<p><strong>Sondes de la s\u00e9rie 924B<\/strong><\/p>\n\n\n\n<ul class=\"wp-block-list\">\n<li>Ils garantissent un contr\u00f4le total des stocks et des fuites dans les r\u00e9servoirs \u00e0 simple ou double paroi.<\/li>\n\n\n\n<li>Les sondes (jauges 924B) sont enti\u00e8rement construites en acier inoxydable, ce qui garantit leur compatibilit\u00e9 avec une large gamme de carburants conventionnels et non conventionnels et d&rsquo;autres liquides.<\/li>\n\n\n\n<li>Dans les r\u00e9servoirs de carburant, les sondes 924B mesurent non seulement le niveau de carburant, mais aussi le niveau, la temp\u00e9rature et la densit\u00e9 de l&rsquo;eau.<\/li>\n\n\n\n<li>Le fabricant des sondes (OPW FMS) a le statut de laboratoire de mesure accr\u00e9dit\u00e9 et les certificats d&rsquo;\u00e9talonnage qu&rsquo;il d\u00e9livre sont honor\u00e9s par le GUM et d&rsquo;autres institutions m\u00e9trologiques nationales. Le client aura toujours plus de facilit\u00e9 \u00e0 obtenir la l\u00e9galisation lors de l&rsquo;achat de r\u00e9servoirs CGH, et ce \u00e0 moindre co\u00fbt.<\/li>\n\n\n\n<li>Les sondes ont une pr\u00e9cision de classe I et sont capables de d\u00e9tecter des fuites dans des r\u00e9servoirs \u00e0 simple ou double paroi avec une pr\u00e9cision de 0,378 litre\/heure.<\/li>\n<\/ul>\n\n\n\n<p>L&rsquo;option \u2018multidrop\u2019, qui consiste en la possibilit\u00e9 de connecter plusieurs sondes et capteurs \u00e0 la console sur un seul c\u00e2ble.<\/p>\n\n\n\n<p><br><\/p>\n<\/div>\n<\/div>\n\n\n\n<div class=\"wp-block-columns has-2-columns is-layout-flex wp-container-core-columns-is-layout-9d6595d7 wp-block-columns-is-layout-flex\">\n<div class=\"wp-block-column is-layout-flow wp-block-column-is-layout-flow\"><\/div>\n\n\n\n<div class=\"wp-block-column is-layout-flow wp-block-column-is-layout-flow\"><div class=\"wp-block-image\">\n<figure class=\"aligncenter\"><img decoding=\"async\" width=\"360\" height=\"175\" data-src=\"https:\/\/cgh.com.pl\/fr\/wp-content\/uploads\/2021\/06\/opw-nano.jpg\" alt=\"Syst\u00e8me de contr\u00f4le et de mesure OPW Nano \" class=\"wp-image-1807 img-fluid lazyload\" data-srcset=\"https:\/\/cgh.com.pl\/fr\/wp-content\/uploads\/2021\/06\/opw-nano.jpg 360w, https:\/\/cgh.com.pl\/fr\/wp-content\/uploads\/2021\/06\/opw-nano-300x146.jpg 300w\" data-sizes=\"(max-width: 360px) 100vw, 360px\" src=\"data:image\/svg+xml;base64,PHN2ZyB3aWR0aD0iMSIgaGVpZ2h0PSIxIiB4bWxucz0iaHR0cDovL3d3dy53My5vcmcvMjAwMC9zdmciPjwvc3ZnPg==\" style=\"--smush-placeholder-width: 360px; --smush-placeholder-aspect-ratio: 360\/175;\" \/><\/figure><\/div>\n\n<div class=\"wp-block-image\">\n<figure class=\"alignleft size-full\"><img decoding=\"async\" width=\"22\" height=\"22\" data-src=\"https:\/\/cgh.com.pl\/fr\/wp-content\/uploads\/2020\/12\/advantage.png\" alt=\"\" class=\"wp-image-559 img-fluid lazyload\" src=\"data:image\/svg+xml;base64,PHN2ZyB3aWR0aD0iMSIgaGVpZ2h0PSIxIiB4bWxucz0iaHR0cDovL3d3dy53My5vcmcvMjAwMC9zdmciPjwvc3ZnPg==\" style=\"--smush-placeholder-width: 22px; --smush-placeholder-aspect-ratio: 22\/22;\" \/><\/figure><\/div>\n\n\n<p><strong><strong><strong>Informations techniques<\/strong><\/strong><\/strong><\/p>\n<\/div>\n<\/div>\n\n\n\n<div class=\"wp-block-columns has-2-columns is-layout-flex wp-container-core-columns-is-layout-9d6595d7 wp-block-columns-is-layout-flex\">\n<div class=\"wp-block-column is-layout-flow wp-block-column-is-layout-flow\">\n<p><\/p>\n<\/div>\n\n\n\n<div class=\"wp-block-column is-layout-flow wp-block-column-is-layout-flow\">\n<p><strong>Unit\u00e9 de contr\u00f4le:<\/strong><\/p>\n\n\n\n<ul class=\"wp-block-list\">\n<li>signalisation d&rsquo;alarme : sonore, visuelle, possibilit\u00e9 de signalisation externe (relais),<\/li>\n\n\n\n<li>La conception de la barri\u00e8re de s\u00e9curit\u00e9 intrins\u00e8que interne permet de connecter plusieurs appareils au m\u00eame canal EX.<\/li>\n\n\n\n<li>Le syst\u00e8me sur le r\u00e9seau fonctionne avec une adresse IP statique ou dynamique (DHCP).<\/li>\n<\/ul>\n\n\n\n<p><strong>Sonde de mesure de la quantit\u00e9 de produit:<\/strong><\/p>\n\n\n\n<ul class=\"wp-block-list\">\n<li>Technologie : Magn\u00e9tostrictif avec indicateurs de flottement<\/li>\n\n\n\n<li>Mat\u00e9riau : acier inoxydable<\/li>\n\n\n\n<li>Environnement de travail : Zone Ex, Cat\u00e9gorie : Classe 1, Division 1, Groupe D<\/li>\n\n\n\n<li>Mesure de la temp\u00e9rature : 5 thermistances ind\u00e9pendantes sur la longueur du compteur<\/li>\n\n\n\n<li>Temp\u00e9rature de service -40\u00ba \u00e0 60\u00ba C<\/li>\n\n\n\n<li>Longueur maximale du c\u00e2ble : 300 m pour un c\u00e2ble de type Belden 88760<\/li>\n\n\n\n<li>150 m pour un c\u00e2ble de type Belden 88761<\/li>\n\n\n\n<li>La longueur maximale de la sonde est de 605 cm.<\/li>\n<\/ul>\n\n\n\n<p><strong>Capteur pour la surveillance des fuites:<\/strong><\/p>\n\n\n\n<ul class=\"wp-block-list\">\n<li>Plage de temp\u00e9rature de service -20\u00b0C \u00e0 +50\u00b0C (-4\u00b0F \u00e0 122\u00b0F)<\/li>\n\n\n\n<li>Si le c\u00e2ble de connexion est interrompu, une alarme est activ\u00e9e dans le syst\u00e8me.<\/li>\n\n\n\n<li>C\u00e2blage : c\u00e2ble r\u00e9sistant au gaz et \u00e0 l&rsquo;huile<\/li>\n\n\n\n<li>Les dimensions d\u00e9pendent du mod\u00e8le de capteur choisi\/s\u00e9lectionn\u00e9.<\/li>\n<\/ul>\n<\/div>\n<\/div>\n\n\n\n<p><\/p>\n","protected":false},"excerpt":{"rendered":"<p>Informations sur le produit SiteSentinel\u00ae Nano&#x2122; est le syst\u00e8me de contr\u00f4le et de mesure de l&rsquo;OPW pour: En outre, le contr\u00f4le peut inclure le signalement des fuites: Le syst\u00e8me est utilis\u00e9 dans les installations: Il permet la collecte et le traitement de donn\u00e9es sur la quantit\u00e9 de carburant dans le r\u00e9servoir, l&rsquo;indication de la temp\u00e9rature [&hellip;]?<\/p>\n","protected":false},"author":1,"featured_media":0,"parent":464,"menu_order":0,"comment_status":"closed","ping_status":"closed","template":"page-products-with-second-menu.php","meta":{"_acf_changed":false,"footnotes":""},"class_list":["post-470","page","type-page","status-publish","hentry"],"acf":[],"yoast_head":"<!-- This site is optimized with the Yoast SEO plugin v26.1.1 - https:\/\/yoast.com\/wordpress\/plugins\/seo\/ -->\n<title>Syst\u00e8me de contr\u00f4le et de mesure OPW Nano - CGH Group Sp. z o.o.<\/title>\n<meta name=\"robots\" content=\"index, follow, max-snippet:-1, max-image-preview:large, max-video-preview:-1\" \/>\n<link rel=\"canonical\" href=\"https:\/\/cgh.com.pl\/fr\/accessoires\/systemes-de-surveillance\/systeme-de-controle-et-de-mesure-opw-nano\" \/>\n<meta property=\"og:locale\" content=\"fr_FR\" \/>\n<meta property=\"og:type\" content=\"article\" \/>\n<meta property=\"og:title\" content=\"Syst\u00e8me de contr\u00f4le et de mesure OPW Nano - CGH Group Sp. z o.o.\" \/>\n<meta property=\"og:description\" content=\"Informations sur le produit SiteSentinel\u00ae Nano&#x2122; est le syst\u00e8me de contr\u00f4le et de mesure de l&rsquo;OPW pour: En outre, le contr\u00f4le peut inclure le signalement des fuites: Le syst\u00e8me est utilis\u00e9 dans les installations: Il permet la collecte et le traitement de donn\u00e9es sur la quantit\u00e9 de carburant dans le r\u00e9servoir, l&rsquo;indication de la temp\u00e9rature [&hellip;]?\" \/>\n<meta property=\"og:url\" content=\"https:\/\/cgh.com.pl\/fr\/accessoires\/systemes-de-surveillance\/systeme-de-controle-et-de-mesure-opw-nano\" \/>\n<meta property=\"og:site_name\" content=\"CGH Group Sp. z o.o.\" \/>\n<meta property=\"article:modified_time\" content=\"2023-12-25T00:06:11+00:00\" \/>\n<meta property=\"og:image\" content=\"https:\/\/cgh.com.pl\/fr\/wp-content\/uploads\/2021\/06\/opw-nano-control-and-gauge-system-sitesentinel-nano.jpg\" \/>\n<meta name=\"twitter:card\" content=\"summary_large_image\" \/>\n<meta name=\"twitter:label1\" content=\"Dur\u00e9e de lecture estim\u00e9e\" \/>\n\t<meta name=\"twitter:data1\" content=\"6 minutes\" \/>\n<script type=\"application\/ld+json\" class=\"yoast-schema-graph\">{\"@context\":\"https:\/\/schema.org\",\"@graph\":[{\"@type\":\"WebPage\",\"@id\":\"https:\/\/cgh.com.pl\/fr\/accessoires\/systemes-de-surveillance\/systeme-de-controle-et-de-mesure-opw-nano\",\"url\":\"https:\/\/cgh.com.pl\/fr\/accessoires\/systemes-de-surveillance\/systeme-de-controle-et-de-mesure-opw-nano\",\"name\":\"Syst\u00e8me de contr\u00f4le et de mesure OPW Nano - CGH Group Sp. z o.o.\",\"isPartOf\":{\"@id\":\"https:\/\/cgh.com.pl\/fr\/#website\"},\"primaryImageOfPage\":{\"@id\":\"https:\/\/cgh.com.pl\/fr\/accessoires\/systemes-de-surveillance\/systeme-de-controle-et-de-mesure-opw-nano#primaryimage\"},\"image\":{\"@id\":\"https:\/\/cgh.com.pl\/fr\/accessoires\/systemes-de-surveillance\/systeme-de-controle-et-de-mesure-opw-nano#primaryimage\"},\"thumbnailUrl\":\"https:\/\/cgh.com.pl\/fr\/wp-content\/uploads\/2021\/06\/opw-nano-control-and-gauge-system-sitesentinel-nano.jpg\",\"datePublished\":\"2020-12-07T21:49:15+00:00\",\"dateModified\":\"2023-12-25T00:06:11+00:00\",\"breadcrumb\":{\"@id\":\"https:\/\/cgh.com.pl\/fr\/accessoires\/systemes-de-surveillance\/systeme-de-controle-et-de-mesure-opw-nano#breadcrumb\"},\"inLanguage\":\"fr-FR\",\"potentialAction\":[{\"@type\":\"ReadAction\",\"target\":[\"https:\/\/cgh.com.pl\/fr\/accessoires\/systemes-de-surveillance\/systeme-de-controle-et-de-mesure-opw-nano\"]}]},{\"@type\":\"ImageObject\",\"inLanguage\":\"fr-FR\",\"@id\":\"https:\/\/cgh.com.pl\/fr\/accessoires\/systemes-de-surveillance\/systeme-de-controle-et-de-mesure-opw-nano#primaryimage\",\"url\":\"https:\/\/cgh.com.pl\/fr\/wp-content\/uploads\/2021\/06\/opw-nano-control-and-gauge-system-sitesentinel-nano.jpg\",\"contentUrl\":\"https:\/\/cgh.com.pl\/fr\/wp-content\/uploads\/2021\/06\/opw-nano-control-and-gauge-system-sitesentinel-nano.jpg\",\"width\":360,\"height\":240,\"caption\":\"OPW Nano control and gauge system sitesentinel Nano\"},{\"@type\":\"BreadcrumbList\",\"@id\":\"https:\/\/cgh.com.pl\/fr\/accessoires\/systemes-de-surveillance\/systeme-de-controle-et-de-mesure-opw-nano#breadcrumb\",\"itemListElement\":[{\"@type\":\"ListItem\",\"position\":1,\"name\":\"Strona g\u0142\u00f3wna\",\"item\":\"https:\/\/cgh.com.pl\/fr\/\"},{\"@type\":\"ListItem\",\"position\":2,\"name\":\"Accessoires\",\"item\":\"https:\/\/cgh.com.pl\/fr\/accessoires\"},{\"@type\":\"ListItem\",\"position\":3,\"name\":\"Syst\u00e8mes de surveillance\",\"item\":\"https:\/\/cgh.com.pl\/fr\/accessoires\/systemes-de-surveillance\"},{\"@type\":\"ListItem\",\"position\":4,\"name\":\"Syst\u00e8me de contr\u00f4le et de mesure OPW Nano\"}]},{\"@type\":\"WebSite\",\"@id\":\"https:\/\/cgh.com.pl\/fr\/#website\",\"url\":\"https:\/\/cgh.com.pl\/fr\/\",\"name\":\"CGH Group Sp. z o.o.\",\"description\":\"\",\"publisher\":{\"@id\":\"https:\/\/cgh.com.pl\/fr\/#organization\"},\"potentialAction\":[{\"@type\":\"SearchAction\",\"target\":{\"@type\":\"EntryPoint\",\"urlTemplate\":\"https:\/\/cgh.com.pl\/fr\/?s={search_term_string}\"},\"query-input\":{\"@type\":\"PropertyValueSpecification\",\"valueRequired\":true,\"valueName\":\"search_term_string\"}}],\"inLanguage\":\"fr-FR\"},{\"@type\":\"Organization\",\"@id\":\"https:\/\/cgh.com.pl\/fr\/#organization\",\"name\":\"CGH Group Sp. z o.o.\",\"url\":\"https:\/\/cgh.com.pl\/fr\/\",\"logo\":{\"@type\":\"ImageObject\",\"inLanguage\":\"fr-FR\",\"@id\":\"https:\/\/cgh.com.pl\/fr\/#\/schema\/logo\/image\/\",\"url\":\"https:\/\/cgh.com.pl\/fr\/wp-content\/uploads\/2023\/05\/logoCGH.png\",\"contentUrl\":\"https:\/\/cgh.com.pl\/fr\/wp-content\/uploads\/2023\/05\/logoCGH.png\",\"width\":449,\"height\":162,\"caption\":\"CGH Group Sp. z o.o.\"},\"image\":{\"@id\":\"https:\/\/cgh.com.pl\/fr\/#\/schema\/logo\/image\/\"}}]}<\/script>\n<!-- \/ Yoast SEO plugin. -->","yoast_head_json":{"title":"Syst\u00e8me de contr\u00f4le et de mesure OPW Nano - CGH Group Sp. z o.o.","robots":{"index":"index","follow":"follow","max-snippet":"max-snippet:-1","max-image-preview":"max-image-preview:large","max-video-preview":"max-video-preview:-1"},"canonical":"https:\/\/cgh.com.pl\/fr\/accessoires\/systemes-de-surveillance\/systeme-de-controle-et-de-mesure-opw-nano","og_locale":"fr_FR","og_type":"article","og_title":"Syst\u00e8me de contr\u00f4le et de mesure OPW Nano - CGH Group Sp. z o.o.","og_description":"Informations sur le produit SiteSentinel\u00ae Nano&#x2122; est le syst\u00e8me de contr\u00f4le et de mesure de l&rsquo;OPW pour: En outre, le contr\u00f4le peut inclure le signalement des fuites: Le syst\u00e8me est utilis\u00e9 dans les installations: Il permet la collecte et le traitement de donn\u00e9es sur la quantit\u00e9 de carburant dans le r\u00e9servoir, l&rsquo;indication de la temp\u00e9rature [&hellip;]?","og_url":"https:\/\/cgh.com.pl\/fr\/accessoires\/systemes-de-surveillance\/systeme-de-controle-et-de-mesure-opw-nano","og_site_name":"CGH Group Sp. z o.o.","article_modified_time":"2023-12-25T00:06:11+00:00","og_image":[{"url":"https:\/\/cgh.com.pl\/fr\/wp-content\/uploads\/2021\/06\/opw-nano-control-and-gauge-system-sitesentinel-nano.jpg","type":"","width":"","height":""}],"twitter_card":"summary_large_image","twitter_misc":{"Dur\u00e9e de lecture estim\u00e9e":"6 minutes"},"schema":{"@context":"https:\/\/schema.org","@graph":[{"@type":"WebPage","@id":"https:\/\/cgh.com.pl\/fr\/accessoires\/systemes-de-surveillance\/systeme-de-controle-et-de-mesure-opw-nano","url":"https:\/\/cgh.com.pl\/fr\/accessoires\/systemes-de-surveillance\/systeme-de-controle-et-de-mesure-opw-nano","name":"Syst\u00e8me de contr\u00f4le et de mesure OPW Nano - CGH Group Sp. z o.o.","isPartOf":{"@id":"https:\/\/cgh.com.pl\/fr\/#website"},"primaryImageOfPage":{"@id":"https:\/\/cgh.com.pl\/fr\/accessoires\/systemes-de-surveillance\/systeme-de-controle-et-de-mesure-opw-nano#primaryimage"},"image":{"@id":"https:\/\/cgh.com.pl\/fr\/accessoires\/systemes-de-surveillance\/systeme-de-controle-et-de-mesure-opw-nano#primaryimage"},"thumbnailUrl":"https:\/\/cgh.com.pl\/fr\/wp-content\/uploads\/2021\/06\/opw-nano-control-and-gauge-system-sitesentinel-nano.jpg","datePublished":"2020-12-07T21:49:15+00:00","dateModified":"2023-12-25T00:06:11+00:00","breadcrumb":{"@id":"https:\/\/cgh.com.pl\/fr\/accessoires\/systemes-de-surveillance\/systeme-de-controle-et-de-mesure-opw-nano#breadcrumb"},"inLanguage":"fr-FR","potentialAction":[{"@type":"ReadAction","target":["https:\/\/cgh.com.pl\/fr\/accessoires\/systemes-de-surveillance\/systeme-de-controle-et-de-mesure-opw-nano"]}]},{"@type":"ImageObject","inLanguage":"fr-FR","@id":"https:\/\/cgh.com.pl\/fr\/accessoires\/systemes-de-surveillance\/systeme-de-controle-et-de-mesure-opw-nano#primaryimage","url":"https:\/\/cgh.com.pl\/fr\/wp-content\/uploads\/2021\/06\/opw-nano-control-and-gauge-system-sitesentinel-nano.jpg","contentUrl":"https:\/\/cgh.com.pl\/fr\/wp-content\/uploads\/2021\/06\/opw-nano-control-and-gauge-system-sitesentinel-nano.jpg","width":360,"height":240,"caption":"OPW Nano control and gauge system sitesentinel Nano"},{"@type":"BreadcrumbList","@id":"https:\/\/cgh.com.pl\/fr\/accessoires\/systemes-de-surveillance\/systeme-de-controle-et-de-mesure-opw-nano#breadcrumb","itemListElement":[{"@type":"ListItem","position":1,"name":"Strona g\u0142\u00f3wna","item":"https:\/\/cgh.com.pl\/fr\/"},{"@type":"ListItem","position":2,"name":"Accessoires","item":"https:\/\/cgh.com.pl\/fr\/accessoires"},{"@type":"ListItem","position":3,"name":"Syst\u00e8mes de surveillance","item":"https:\/\/cgh.com.pl\/fr\/accessoires\/systemes-de-surveillance"},{"@type":"ListItem","position":4,"name":"Syst\u00e8me de contr\u00f4le et de mesure OPW Nano"}]},{"@type":"WebSite","@id":"https:\/\/cgh.com.pl\/fr\/#website","url":"https:\/\/cgh.com.pl\/fr\/","name":"CGH Group Sp. z o.o.","description":"","publisher":{"@id":"https:\/\/cgh.com.pl\/fr\/#organization"},"potentialAction":[{"@type":"SearchAction","target":{"@type":"EntryPoint","urlTemplate":"https:\/\/cgh.com.pl\/fr\/?s={search_term_string}"},"query-input":{"@type":"PropertyValueSpecification","valueRequired":true,"valueName":"search_term_string"}}],"inLanguage":"fr-FR"},{"@type":"Organization","@id":"https:\/\/cgh.com.pl\/fr\/#organization","name":"CGH Group Sp. z o.o.","url":"https:\/\/cgh.com.pl\/fr\/","logo":{"@type":"ImageObject","inLanguage":"fr-FR","@id":"https:\/\/cgh.com.pl\/fr\/#\/schema\/logo\/image\/","url":"https:\/\/cgh.com.pl\/fr\/wp-content\/uploads\/2023\/05\/logoCGH.png","contentUrl":"https:\/\/cgh.com.pl\/fr\/wp-content\/uploads\/2023\/05\/logoCGH.png","width":449,"height":162,"caption":"CGH Group Sp. z o.o."},"image":{"@id":"https:\/\/cgh.com.pl\/fr\/#\/schema\/logo\/image\/"}}]}},"_links":{"self":[{"href":"https:\/\/cgh.com.pl\/fr\/wp-json\/wp\/v2\/pages\/470","targetHints":{"allow":["GET"]}}],"collection":[{"href":"https:\/\/cgh.com.pl\/fr\/wp-json\/wp\/v2\/pages"}],"about":[{"href":"https:\/\/cgh.com.pl\/fr\/wp-json\/wp\/v2\/types\/page"}],"author":[{"embeddable":true,"href":"https:\/\/cgh.com.pl\/fr\/wp-json\/wp\/v2\/users\/1"}],"replies":[{"embeddable":true,"href":"https:\/\/cgh.com.pl\/fr\/wp-json\/wp\/v2\/comments?post=470"}],"version-history":[{"count":11,"href":"https:\/\/cgh.com.pl\/fr\/wp-json\/wp\/v2\/pages\/470\/revisions"}],"predecessor-version":[{"id":5191,"href":"https:\/\/cgh.com.pl\/fr\/wp-json\/wp\/v2\/pages\/470\/revisions\/5191"}],"up":[{"embeddable":true,"href":"https:\/\/cgh.com.pl\/fr\/wp-json\/wp\/v2\/pages\/464"}],"wp:attachment":[{"href":"https:\/\/cgh.com.pl\/fr\/wp-json\/wp\/v2\/media?parent=470"}],"curies":[{"name":"wp","href":"https:\/\/api.w.org\/{rel}","templated":true}]}}