{"id":482,"date":"2020-12-07T23:28:44","date_gmt":"2020-12-07T22:28:44","guid":{"rendered":"https:\/\/cgh.com.pl\/fr\/?page_id=482"},"modified":"2023-12-25T01:07:03","modified_gmt":"2023-12-25T00:07:03","slug":"tank-ranger-5-surveillance-des-fuites","status":"publish","type":"page","link":"https:\/\/cgh.com.pl\/fr\/accessoires\/systemes-de-surveillance\/tank-ranger-5-surveillance-des-fuites","title":{"rendered":"Tank Ranger 5 Surveillance des fuites"},"content":{"rendered":"\n<div class=\"wp-block-columns has-2-columns is-layout-flex wp-container-core-columns-is-layout-9d6595d7 wp-block-columns-is-layout-flex\">\n<div class=\"wp-block-column is-layout-flow wp-block-column-is-layout-flow\"><div class=\"wp-block-image\">\n<figure class=\"aligncenter size-full\"><img decoding=\"async\" width=\"450\" height=\"423\" data-src=\"https:\/\/cgh.com.pl\/fr\/wp-content\/uploads\/2022\/02\/leakage-detection-system-tank-ranger-5.jpeg\" alt=\"Tank Ranger 5 Surveillance des fuites\" class=\"wp-image-2936 img-fluid lazyload\" data-srcset=\"https:\/\/cgh.com.pl\/fr\/wp-content\/uploads\/2022\/02\/leakage-detection-system-tank-ranger-5.jpeg 450w, https:\/\/cgh.com.pl\/fr\/wp-content\/uploads\/2022\/02\/leakage-detection-system-tank-ranger-5-300x282.jpeg 300w\" data-sizes=\"(max-width: 450px) 100vw, 450px\" src=\"data:image\/svg+xml;base64,PHN2ZyB3aWR0aD0iMSIgaGVpZ2h0PSIxIiB4bWxucz0iaHR0cDovL3d3dy53My5vcmcvMjAwMC9zdmciPjwvc3ZnPg==\" style=\"--smush-placeholder-width: 450px; --smush-placeholder-aspect-ratio: 450\/423;\" \/><\/figure><\/div>\n\n<div class=\"wp-block-image\">\n<figure class=\"aligncenter size-full\"><img decoding=\"async\" width=\"915\" height=\"637\" data-src=\"https:\/\/cgh.com.pl\/fr\/wp-content\/uploads\/2022\/10\/System-monitoringu-szczelnosci-Tank-Ranger-4.jpg\" alt=\"\" class=\"wp-image-4434 img-fluid lazyload\" data-srcset=\"https:\/\/cgh.com.pl\/fr\/wp-content\/uploads\/2022\/10\/System-monitoringu-szczelnosci-Tank-Ranger-4.jpg 915w, https:\/\/cgh.com.pl\/fr\/wp-content\/uploads\/2022\/10\/System-monitoringu-szczelnosci-Tank-Ranger-4-300x209.jpg 300w, https:\/\/cgh.com.pl\/fr\/wp-content\/uploads\/2022\/10\/System-monitoringu-szczelnosci-Tank-Ranger-4-768x535.jpg 768w\" data-sizes=\"(max-width: 915px) 100vw, 915px\" src=\"data:image\/svg+xml;base64,PHN2ZyB3aWR0aD0iMSIgaGVpZ2h0PSIxIiB4bWxucz0iaHR0cDovL3d3dy53My5vcmcvMjAwMC9zdmciPjwvc3ZnPg==\" style=\"--smush-placeholder-width: 915px; --smush-placeholder-aspect-ratio: 915\/637;\" \/><\/figure><\/div>\n\n<div class=\"wp-block-image\">\n<figure class=\"aligncenter size-full\"><img decoding=\"async\" width=\"450\" height=\"675\" data-src=\"https:\/\/cgh.com.pl\/fr\/wp-content\/uploads\/2022\/10\/TR5_2_450.jpg\" alt=\"\" class=\"wp-image-4436 img-fluid lazyload\" data-srcset=\"https:\/\/cgh.com.pl\/fr\/wp-content\/uploads\/2022\/10\/TR5_2_450.jpg 450w, https:\/\/cgh.com.pl\/fr\/wp-content\/uploads\/2022\/10\/TR5_2_450-200x300.jpg 200w\" data-sizes=\"(max-width: 450px) 100vw, 450px\" src=\"data:image\/svg+xml;base64,PHN2ZyB3aWR0aD0iMSIgaGVpZ2h0PSIxIiB4bWxucz0iaHR0cDovL3d3dy53My5vcmcvMjAwMC9zdmciPjwvc3ZnPg==\" style=\"--smush-placeholder-width: 450px; --smush-placeholder-aspect-ratio: 450\/675;\" \/><\/figure><\/div><\/div>\n\n\n\n<div class=\"wp-block-column is-layout-flow wp-block-column-is-layout-flow\">\n<p><strong><strong>Informations sur le produit<\/strong><\/strong><\/p>\n\n\n\n<p><strong>Tank Ranger 5<\/strong> est un syst\u00e8me de d\u00e9tection de fuites qui surveille l&rsquo;int\u00e9grit\u00e9 des r\u00e9servoirs, des pipelines, des carburants et des installations industrielles.<\/p>\n\n\n\n<p>Il sert \u00e9galement de syst\u00e8me d&rsquo;alarme et de s\u00e9curit\u00e9 en cas de d\u00e9bordement, en contr\u00f4lant, entre autres, une vanne d&rsquo;arr\u00eat, un ventilateur, un robinet-vanne ou un autre dispositif.<\/p>\n\n\n\n<p>L&rsquo;apparition d&rsquo;une alarme (activation du capteur) d\u00e9clenche un signal sonore (buzzer). Cette alarme peut \u00eatre annul\u00e9e en appuyant sur le bouton situ\u00e9 sur la face avant de l&rsquo;unit\u00e9 de contr\u00f4le. L&rsquo;\u00e9tat de chaque capteur est indiqu\u00e9 par des diodes \u00e9lectroluminescentes.<\/p>\n\n\n\n<p>En option, l&rsquo;unit\u00e9 de contr\u00f4le peut \u00eatre \u00e9quip\u00e9e d&rsquo;un voyant et d&rsquo;un buzzer externes (12VDC) et d&rsquo;un bouton de r\u00e9initialisation d&rsquo;alarme externe.<\/p>\n\n\n<div class=\"wp-block-image\">\n<figure class=\"alignleft size-full\"><img decoding=\"async\" width=\"22\" height=\"21\" data-src=\"https:\/\/cgh.com.pl\/fr\/wp-content\/uploads\/2020\/12\/good.png\" alt=\"\" class=\"wp-image-558 img-fluid lazyload\" src=\"data:image\/svg+xml;base64,PHN2ZyB3aWR0aD0iMSIgaGVpZ2h0PSIxIiB4bWxucz0iaHR0cDovL3d3dy53My5vcmcvMjAwMC9zdmciPjwvc3ZnPg==\" style=\"--smush-placeholder-width: 22px; --smush-placeholder-aspect-ratio: 22\/21;\" \/><\/figure><\/div>\n\n\n<p><strong><strong>Avantages du dispositif<\/strong><\/strong><\/p>\n\n\n\n<ul class=\"wp-block-list\">\n<li>op\u00e8re sur 4 types de capteurs de d\u00e9tection diff\u00e9rents<\/li>\n\n\n\n<li>peut fonctionner dans un syst\u00e8me sec ou humide<\/li>\n\n\n\n<li>dispose d&rsquo;une alarme visuelle et sonore int\u00e9gr\u00e9e<\/li>\n\n\n\n<li>contr\u00f4le 2 dispositifs externes en standard<\/li>\n\n\n\n<li>facile \u00e0 utiliser et fiable<\/li>\n\n\n\n<li>adapt\u00e9 au fonctionnement en continu<\/li>\n\n\n\n<li>large gamme de capteurs<\/li>\n\n\n\n<li>module de barri\u00e8re int\u00e9gr\u00e9e \u00e0 s\u00e9curit\u00e9 intrins\u00e8que ISM4<\/li>\n<\/ul>\n\n\n<div class=\"wp-block-image\">\n<figure class=\"alignleft size-full\"><img decoding=\"async\" width=\"22\" height=\"22\" data-src=\"https:\/\/cgh.com.pl\/fr\/wp-content\/uploads\/2020\/12\/advantage.png\" alt=\"\" class=\"wp-image-559 img-fluid lazyload\" src=\"data:image\/svg+xml;base64,PHN2ZyB3aWR0aD0iMSIgaGVpZ2h0PSIxIiB4bWxucz0iaHR0cDovL3d3dy53My5vcmcvMjAwMC9zdmciPjwvc3ZnPg==\" style=\"--smush-placeholder-width: 22px; --smush-placeholder-aspect-ratio: 22\/22;\" \/><\/figure><\/div>\n\n\n<p><strong><strong>Informations techniques<\/strong><\/strong><\/p>\n\n\n\n<p>Dimensions:<\/p>\n\n\n\n<ul class=\"wp-block-list\">\n<li>hauteur 180 mm<\/li>\n\n\n\n<li>Largeur 210 mm<\/li>\n\n\n\n<li>Profondeur 83 mm<\/li>\n<\/ul>\n\n\n\n<p>Plage de temp\u00e9rature de service:<\/p>\n\n\n\n<ul class=\"wp-block-list\">\n<li>-30 \u00baC ~ +50 \u00baC<\/li>\n<\/ul>\n\n\n\n<p>Alarmes standard:<\/p>\n\n\n\n<ul class=\"wp-block-list\">\n<li>4 visuels (LED)<\/li>\n\n\n\n<li>1 sonore (buzzer)<\/li>\n<\/ul>\n\n\n\n<p>Nombre de sorties de contr\u00f4le externes:<\/p>\n\n\n\n<ul class=\"wp-block-list\">\n<li>1 buzzer externe (12V)<\/li>\n\n\n\n<li>1 lampe externe (12V)<\/li>\n\n\n\n<li>1 bouton de r\u00e9initialisation de l&rsquo;alarme<\/li>\n<\/ul>\n\n\n\n<p>Alimentation \u00e9lectrique:<\/p>\n\n\n\n<ul class=\"wp-block-list\">\n<li>L&rsquo;appareil est aliment\u00e9 par 230V AC 10W<\/li>\n\n\n\n<li>Certificat d&rsquo;examen de type de l&rsquo;UE:\n<ul class=\"wp-block-list\">\n<li>KDB 05ATEX204X<\/li>\n<\/ul>\n<\/li>\n\n\n\n<li>Marquage de protection contre les explosions:\n<ul class=\"wp-block-list\">\n<li>II (1) G [Ex ia Ga] IIA -30 \u00baC \u2264 Ta \u2264 +50 \u00baC<\/li>\n<\/ul>\n<\/li>\n\n\n\n<li>Types de capteurs compatibles avec l&rsquo;unit\u00e9 de contr\u00f4le:\n<ul class=\"wp-block-list\">\n<li>capteur de vapeur de p\u00e9trole: PCO<\/li>\n\n\n\n<li>capteur de vapeur de p\u00e9trole: PCO\/d<\/li>\n\n\n\n<li>Capteur de vapeur de p\u00e9trole: PCOth<\/li>\n\n\n\n<li>Capteur GPL: PCG<\/li>\n\n\n\n<li>capteur d&rsquo;alcool \u00e9thylique: PCA<\/li>\n\n\n\n<li>D\u00e9tecteur Chad: PCC.<\/li>\n\n\n\n<li>capteur optique de liquide: PCOpt.<\/li>\n\n\n\n<li>capteur optique de liquide: PCOpt\/d.<\/li>\n\n\n\n<li>capteur optique s\u00e9lectif de liquide: PCOpt\/s.<\/li>\n\n\n\n<li>capteur de s\u00e9paration: PCSPr-2.<\/li>\n\n\n\n<li>double capteur s\u00e9parateur: PCSPr-3.<\/li>\n\n\n\n<li>Capteur d&rsquo;ester PCOes.<\/li>\n\n\n\n<li>Capteur d&rsquo;ammoniac PCOam.<\/li>\n\n\n\n<li>capteur de sulfure d&rsquo;hydrog\u00e8ne PCOsw.<\/li>\n\n\n\n<li>Capteur d&rsquo;\u00e9thanol PCOet.<\/li>\n\n\n\n<li>Capteur PCOtl pour le tolu\u00e8ne.<\/li>\n\n\n\n<li>capteur de gaz toxiques PCOtk.<\/li>\n\n\n\n<li>Capteur de pollution atmosph\u00e9rique PCE.<\/li>\n<\/ul>\n<\/li>\n<\/ul>\n<\/div>\n<\/div>\n\n\n\n<p><\/p>\n","protected":false},"excerpt":{"rendered":"<p>Informations sur le produit Tank Ranger 5 est un syst\u00e8me de d\u00e9tection de fuites qui surveille l&rsquo;int\u00e9grit\u00e9 des r\u00e9servoirs, des pipelines, des carburants et des installations industrielles. Il sert \u00e9galement de syst\u00e8me d&rsquo;alarme et de s\u00e9curit\u00e9 en cas de d\u00e9bordement, en contr\u00f4lant, entre autres, une vanne d&rsquo;arr\u00eat, un ventilateur, un robinet-vanne ou un autre dispositif. [&hellip;]?<\/p>\n","protected":false},"author":1,"featured_media":0,"parent":464,"menu_order":0,"comment_status":"closed","ping_status":"closed","template":"page-products-with-second-menu.php","meta":{"_acf_changed":false,"footnotes":""},"class_list":["post-482","page","type-page","status-publish","hentry"],"acf":[],"yoast_head":"<!-- This site is optimized with the Yoast SEO plugin v26.1.1 - https:\/\/yoast.com\/wordpress\/plugins\/seo\/ -->\n<title>Tank Ranger 5 Surveillance des fuites - CGH Group Sp. z o.o.<\/title>\n<meta name=\"robots\" content=\"index, follow, max-snippet:-1, max-image-preview:large, max-video-preview:-1\" \/>\n<link rel=\"canonical\" href=\"https:\/\/cgh.com.pl\/fr\/accessoires\/systemes-de-surveillance\/tank-ranger-5-surveillance-des-fuites\" \/>\n<meta property=\"og:locale\" content=\"fr_FR\" \/>\n<meta property=\"og:type\" content=\"article\" \/>\n<meta property=\"og:title\" content=\"Tank Ranger 5 Surveillance des fuites - CGH Group Sp. z o.o.\" \/>\n<meta property=\"og:description\" content=\"Informations sur le produit Tank Ranger 5 est un syst\u00e8me de d\u00e9tection de fuites qui surveille l&rsquo;int\u00e9grit\u00e9 des r\u00e9servoirs, des pipelines, des carburants et des installations industrielles. Il sert \u00e9galement de syst\u00e8me d&rsquo;alarme et de s\u00e9curit\u00e9 en cas de d\u00e9bordement, en contr\u00f4lant, entre autres, une vanne d&rsquo;arr\u00eat, un ventilateur, un robinet-vanne ou un autre dispositif. [&hellip;]?\" \/>\n<meta property=\"og:url\" content=\"https:\/\/cgh.com.pl\/fr\/accessoires\/systemes-de-surveillance\/tank-ranger-5-surveillance-des-fuites\" \/>\n<meta property=\"og:site_name\" content=\"CGH Group Sp. z o.o.\" \/>\n<meta property=\"article:modified_time\" content=\"2023-12-25T00:07:03+00:00\" \/>\n<meta property=\"og:image\" content=\"https:\/\/cgh.com.pl\/fr\/wp-content\/uploads\/2022\/02\/leakage-detection-system-tank-ranger-5.jpeg\" \/>\n<meta name=\"twitter:card\" content=\"summary_large_image\" \/>\n<meta name=\"twitter:label1\" content=\"Dur\u00e9e de lecture estim\u00e9e\" \/>\n\t<meta name=\"twitter:data1\" content=\"4 minutes\" \/>\n<script type=\"application\/ld+json\" class=\"yoast-schema-graph\">{\"@context\":\"https:\/\/schema.org\",\"@graph\":[{\"@type\":\"WebPage\",\"@id\":\"https:\/\/cgh.com.pl\/fr\/accessoires\/systemes-de-surveillance\/tank-ranger-5-surveillance-des-fuites\",\"url\":\"https:\/\/cgh.com.pl\/fr\/accessoires\/systemes-de-surveillance\/tank-ranger-5-surveillance-des-fuites\",\"name\":\"Tank Ranger 5 Surveillance des fuites - CGH Group Sp. z o.o.\",\"isPartOf\":{\"@id\":\"https:\/\/cgh.com.pl\/fr\/#website\"},\"primaryImageOfPage\":{\"@id\":\"https:\/\/cgh.com.pl\/fr\/accessoires\/systemes-de-surveillance\/tank-ranger-5-surveillance-des-fuites#primaryimage\"},\"image\":{\"@id\":\"https:\/\/cgh.com.pl\/fr\/accessoires\/systemes-de-surveillance\/tank-ranger-5-surveillance-des-fuites#primaryimage\"},\"thumbnailUrl\":\"https:\/\/cgh.com.pl\/fr\/wp-content\/uploads\/2022\/02\/leakage-detection-system-tank-ranger-5.jpeg\",\"datePublished\":\"2020-12-07T22:28:44+00:00\",\"dateModified\":\"2023-12-25T00:07:03+00:00\",\"breadcrumb\":{\"@id\":\"https:\/\/cgh.com.pl\/fr\/accessoires\/systemes-de-surveillance\/tank-ranger-5-surveillance-des-fuites#breadcrumb\"},\"inLanguage\":\"fr-FR\",\"potentialAction\":[{\"@type\":\"ReadAction\",\"target\":[\"https:\/\/cgh.com.pl\/fr\/accessoires\/systemes-de-surveillance\/tank-ranger-5-surveillance-des-fuites\"]}]},{\"@type\":\"ImageObject\",\"inLanguage\":\"fr-FR\",\"@id\":\"https:\/\/cgh.com.pl\/fr\/accessoires\/systemes-de-surveillance\/tank-ranger-5-surveillance-des-fuites#primaryimage\",\"url\":\"https:\/\/cgh.com.pl\/fr\/wp-content\/uploads\/2022\/02\/leakage-detection-system-tank-ranger-5.jpeg\",\"contentUrl\":\"https:\/\/cgh.com.pl\/fr\/wp-content\/uploads\/2022\/02\/leakage-detection-system-tank-ranger-5.jpeg\",\"width\":450,\"height\":423,\"caption\":\"Leakage Detection System Tank Ranger 5\"},{\"@type\":\"BreadcrumbList\",\"@id\":\"https:\/\/cgh.com.pl\/fr\/accessoires\/systemes-de-surveillance\/tank-ranger-5-surveillance-des-fuites#breadcrumb\",\"itemListElement\":[{\"@type\":\"ListItem\",\"position\":1,\"name\":\"Strona g\u0142\u00f3wna\",\"item\":\"https:\/\/cgh.com.pl\/fr\/\"},{\"@type\":\"ListItem\",\"position\":2,\"name\":\"Accessoires\",\"item\":\"https:\/\/cgh.com.pl\/fr\/accessoires\"},{\"@type\":\"ListItem\",\"position\":3,\"name\":\"Syst\u00e8mes de surveillance\",\"item\":\"https:\/\/cgh.com.pl\/fr\/accessoires\/systemes-de-surveillance\"},{\"@type\":\"ListItem\",\"position\":4,\"name\":\"Tank Ranger 5 Surveillance des fuites\"}]},{\"@type\":\"WebSite\",\"@id\":\"https:\/\/cgh.com.pl\/fr\/#website\",\"url\":\"https:\/\/cgh.com.pl\/fr\/\",\"name\":\"CGH Group Sp. z o.o.\",\"description\":\"\",\"publisher\":{\"@id\":\"https:\/\/cgh.com.pl\/fr\/#organization\"},\"potentialAction\":[{\"@type\":\"SearchAction\",\"target\":{\"@type\":\"EntryPoint\",\"urlTemplate\":\"https:\/\/cgh.com.pl\/fr\/?s={search_term_string}\"},\"query-input\":{\"@type\":\"PropertyValueSpecification\",\"valueRequired\":true,\"valueName\":\"search_term_string\"}}],\"inLanguage\":\"fr-FR\"},{\"@type\":\"Organization\",\"@id\":\"https:\/\/cgh.com.pl\/fr\/#organization\",\"name\":\"CGH Group Sp. z o.o.\",\"url\":\"https:\/\/cgh.com.pl\/fr\/\",\"logo\":{\"@type\":\"ImageObject\",\"inLanguage\":\"fr-FR\",\"@id\":\"https:\/\/cgh.com.pl\/fr\/#\/schema\/logo\/image\/\",\"url\":\"https:\/\/cgh.com.pl\/fr\/wp-content\/uploads\/2023\/05\/logoCGH.png\",\"contentUrl\":\"https:\/\/cgh.com.pl\/fr\/wp-content\/uploads\/2023\/05\/logoCGH.png\",\"width\":449,\"height\":162,\"caption\":\"CGH Group Sp. z o.o.\"},\"image\":{\"@id\":\"https:\/\/cgh.com.pl\/fr\/#\/schema\/logo\/image\/\"}}]}<\/script>\n<!-- \/ Yoast SEO plugin. -->","yoast_head_json":{"title":"Tank Ranger 5 Surveillance des fuites - CGH Group Sp. z o.o.","robots":{"index":"index","follow":"follow","max-snippet":"max-snippet:-1","max-image-preview":"max-image-preview:large","max-video-preview":"max-video-preview:-1"},"canonical":"https:\/\/cgh.com.pl\/fr\/accessoires\/systemes-de-surveillance\/tank-ranger-5-surveillance-des-fuites","og_locale":"fr_FR","og_type":"article","og_title":"Tank Ranger 5 Surveillance des fuites - CGH Group Sp. z o.o.","og_description":"Informations sur le produit Tank Ranger 5 est un syst\u00e8me de d\u00e9tection de fuites qui surveille l&rsquo;int\u00e9grit\u00e9 des r\u00e9servoirs, des pipelines, des carburants et des installations industrielles. Il sert \u00e9galement de syst\u00e8me d&rsquo;alarme et de s\u00e9curit\u00e9 en cas de d\u00e9bordement, en contr\u00f4lant, entre autres, une vanne d&rsquo;arr\u00eat, un ventilateur, un robinet-vanne ou un autre dispositif. [&hellip;]?","og_url":"https:\/\/cgh.com.pl\/fr\/accessoires\/systemes-de-surveillance\/tank-ranger-5-surveillance-des-fuites","og_site_name":"CGH Group Sp. z o.o.","article_modified_time":"2023-12-25T00:07:03+00:00","og_image":[{"url":"https:\/\/cgh.com.pl\/fr\/wp-content\/uploads\/2022\/02\/leakage-detection-system-tank-ranger-5.jpeg","type":"","width":"","height":""}],"twitter_card":"summary_large_image","twitter_misc":{"Dur\u00e9e de lecture estim\u00e9e":"4 minutes"},"schema":{"@context":"https:\/\/schema.org","@graph":[{"@type":"WebPage","@id":"https:\/\/cgh.com.pl\/fr\/accessoires\/systemes-de-surveillance\/tank-ranger-5-surveillance-des-fuites","url":"https:\/\/cgh.com.pl\/fr\/accessoires\/systemes-de-surveillance\/tank-ranger-5-surveillance-des-fuites","name":"Tank Ranger 5 Surveillance des fuites - CGH Group Sp. z o.o.","isPartOf":{"@id":"https:\/\/cgh.com.pl\/fr\/#website"},"primaryImageOfPage":{"@id":"https:\/\/cgh.com.pl\/fr\/accessoires\/systemes-de-surveillance\/tank-ranger-5-surveillance-des-fuites#primaryimage"},"image":{"@id":"https:\/\/cgh.com.pl\/fr\/accessoires\/systemes-de-surveillance\/tank-ranger-5-surveillance-des-fuites#primaryimage"},"thumbnailUrl":"https:\/\/cgh.com.pl\/fr\/wp-content\/uploads\/2022\/02\/leakage-detection-system-tank-ranger-5.jpeg","datePublished":"2020-12-07T22:28:44+00:00","dateModified":"2023-12-25T00:07:03+00:00","breadcrumb":{"@id":"https:\/\/cgh.com.pl\/fr\/accessoires\/systemes-de-surveillance\/tank-ranger-5-surveillance-des-fuites#breadcrumb"},"inLanguage":"fr-FR","potentialAction":[{"@type":"ReadAction","target":["https:\/\/cgh.com.pl\/fr\/accessoires\/systemes-de-surveillance\/tank-ranger-5-surveillance-des-fuites"]}]},{"@type":"ImageObject","inLanguage":"fr-FR","@id":"https:\/\/cgh.com.pl\/fr\/accessoires\/systemes-de-surveillance\/tank-ranger-5-surveillance-des-fuites#primaryimage","url":"https:\/\/cgh.com.pl\/fr\/wp-content\/uploads\/2022\/02\/leakage-detection-system-tank-ranger-5.jpeg","contentUrl":"https:\/\/cgh.com.pl\/fr\/wp-content\/uploads\/2022\/02\/leakage-detection-system-tank-ranger-5.jpeg","width":450,"height":423,"caption":"Leakage Detection System Tank Ranger 5"},{"@type":"BreadcrumbList","@id":"https:\/\/cgh.com.pl\/fr\/accessoires\/systemes-de-surveillance\/tank-ranger-5-surveillance-des-fuites#breadcrumb","itemListElement":[{"@type":"ListItem","position":1,"name":"Strona g\u0142\u00f3wna","item":"https:\/\/cgh.com.pl\/fr\/"},{"@type":"ListItem","position":2,"name":"Accessoires","item":"https:\/\/cgh.com.pl\/fr\/accessoires"},{"@type":"ListItem","position":3,"name":"Syst\u00e8mes de surveillance","item":"https:\/\/cgh.com.pl\/fr\/accessoires\/systemes-de-surveillance"},{"@type":"ListItem","position":4,"name":"Tank Ranger 5 Surveillance des fuites"}]},{"@type":"WebSite","@id":"https:\/\/cgh.com.pl\/fr\/#website","url":"https:\/\/cgh.com.pl\/fr\/","name":"CGH Group Sp. z o.o.","description":"","publisher":{"@id":"https:\/\/cgh.com.pl\/fr\/#organization"},"potentialAction":[{"@type":"SearchAction","target":{"@type":"EntryPoint","urlTemplate":"https:\/\/cgh.com.pl\/fr\/?s={search_term_string}"},"query-input":{"@type":"PropertyValueSpecification","valueRequired":true,"valueName":"search_term_string"}}],"inLanguage":"fr-FR"},{"@type":"Organization","@id":"https:\/\/cgh.com.pl\/fr\/#organization","name":"CGH Group Sp. z o.o.","url":"https:\/\/cgh.com.pl\/fr\/","logo":{"@type":"ImageObject","inLanguage":"fr-FR","@id":"https:\/\/cgh.com.pl\/fr\/#\/schema\/logo\/image\/","url":"https:\/\/cgh.com.pl\/fr\/wp-content\/uploads\/2023\/05\/logoCGH.png","contentUrl":"https:\/\/cgh.com.pl\/fr\/wp-content\/uploads\/2023\/05\/logoCGH.png","width":449,"height":162,"caption":"CGH Group Sp. z o.o."},"image":{"@id":"https:\/\/cgh.com.pl\/fr\/#\/schema\/logo\/image\/"}}]}},"_links":{"self":[{"href":"https:\/\/cgh.com.pl\/fr\/wp-json\/wp\/v2\/pages\/482","targetHints":{"allow":["GET"]}}],"collection":[{"href":"https:\/\/cgh.com.pl\/fr\/wp-json\/wp\/v2\/pages"}],"about":[{"href":"https:\/\/cgh.com.pl\/fr\/wp-json\/wp\/v2\/types\/page"}],"author":[{"embeddable":true,"href":"https:\/\/cgh.com.pl\/fr\/wp-json\/wp\/v2\/users\/1"}],"replies":[{"embeddable":true,"href":"https:\/\/cgh.com.pl\/fr\/wp-json\/wp\/v2\/comments?post=482"}],"version-history":[{"count":10,"href":"https:\/\/cgh.com.pl\/fr\/wp-json\/wp\/v2\/pages\/482\/revisions"}],"predecessor-version":[{"id":5193,"href":"https:\/\/cgh.com.pl\/fr\/wp-json\/wp\/v2\/pages\/482\/revisions\/5193"}],"up":[{"embeddable":true,"href":"https:\/\/cgh.com.pl\/fr\/wp-json\/wp\/v2\/pages\/464"}],"wp:attachment":[{"href":"https:\/\/cgh.com.pl\/fr\/wp-json\/wp\/v2\/media?parent=482"}],"curies":[{"name":"wp","href":"https:\/\/api.w.org\/{rel}","templated":true}]}}