{"id":4852,"date":"2023-11-30T00:01:57","date_gmt":"2023-11-29T23:01:57","guid":{"rendered":"https:\/\/cgh.com.pl\/fr\/?page_id=4852"},"modified":"2024-03-05T22:44:36","modified_gmt":"2024-03-05T21:44:36","slug":"module-gpl-souterrain","status":"publish","type":"page","link":"https:\/\/cgh.com.pl\/fr\/reservoirs-de-gpl\/module-gpl-souterrain","title":{"rendered":"Module GPL souterrain"},"content":{"rendered":"\n<div class=\"wp-block-columns has-2-columns is-layout-flex wp-container-core-columns-is-layout-9d6595d7 wp-block-columns-is-layout-flex\">\n<div class=\"wp-block-column is-layout-flow wp-block-column-is-layout-flow\">\n<p>Module GPL avec r\u00e9servoir hors sol &#8211; Syst\u00e8me d&rsquo;alimentation du distributeur GPL int\u00e9gr\u00e9 dans le r\u00e9servoir, fabriqu\u00e9 conform\u00e9ment \u00e0 la norme PED\/2014\/68\/EU et ATEX. La pompe Corken et un ensemble de vannes sont situ\u00e9s dans la structure de montage (acier) mont\u00e9 au fond du r\u00e9servoir GPL d&rsquo;une capacit\u00e9 de 9 \u00e0 20 m3.<\/p>\n\n\n\n<p>La documentation compl\u00e8te du module GPL marqu\u00e9 CE comprend le r\u00e9servoir, les pompes et les vannes &#8211; est favorable \u00e0 une acceptation ais\u00e9e du kit par les autorit\u00e9s locales charg\u00e9es de l&rsquo;homologation.<\/p>\n<\/div>\n\n\n\n<div class=\"wp-block-column is-layout-flow wp-block-column-is-layout-flow\">\n<p>Donn\u00e9es techniques de base:<\/p>\n\n\n\n<table>\n<tbody>\n<tr>\n<td class=\"gray\" style=\"text-align: center;\">capacit\u00e9s du R\u00e9servoir<\/td>\n<td class=\"gray\" style=\"text-align: center;\">Diam\u00e8tre du R\u00e9servoir<\/td>\n<td class=\"gray\" style=\"text-align: center;\">Longueur du R\u00e9servoir*<\/td>\n<td class=\"gray\" style=\"text-align: center;\">Hauteur du R\u00e9servoir<\/td>\n<td class=\"gray\" style=\"text-align: center;\">Poids du r\u00e9servoir<\/td>\n<\/tr>\n<tr>\n<td class=\"gray\" style=\"text-align: center;\">[m<sup>3<\/sup>]<\/td>\n<td class=\"gray\" style=\"text-align: center;\">[\u00f8]<\/td>\n<td class=\"gray\" style=\"text-align: center;\">[mm]<\/td>\n<td class=\"gray\" style=\"text-align: center;\">[mm]<\/td>\n<td class=\"gray\" style=\"text-align: center;\">[kg]<\/td>\n<\/tr>\n<tr>\n<td class=\"white\" style=\"text-align: right;\">9<\/td>\n<td class=\"white\" style=\"text-align: right;\">1250<\/td>\n<td class=\"white\" style=\"text-align: right;\">7830<\/td>\n<td class=\"white\" style=\"text-align: right;\">1920<\/td>\n<td class=\"white\" style=\"text-align: right;\">1666<\/td>\n<\/tr>\n<tr>\n<td class=\"white\" style=\"text-align: right;\">9,9<\/td>\n<td class=\"white\" style=\"text-align: right;\" rowspan=\"2\">1600<\/td>\n<td class=\"white\" style=\"text-align: right;\">5510<\/td>\n<td class=\"white\" style=\"text-align: right;\">2270<\/td>\n<td class=\"white\" style=\"text-align: right;\">2231<\/td>\n<\/tr>\n<tr>\n<td class=\"white\" style=\"text-align: right;\">15<\/td>\n<td class=\"white\" style=\"text-align: right;\">8010<\/td>\n<td class=\"white\" style=\"text-align: right;\">2270<\/td>\n<td class=\"white\" style=\"text-align: right;\">3015<\/td>\n<\/tr>\n<tr>\n<td class=\"white\" style=\"text-align: right;\">9,9<\/td>\n<td class=\"white\" style=\"text-align: right;\" rowspan=\"3\">2000<\/td>\n<td class=\"white\" style=\"text-align: right;\">3720<\/td>\n<td class=\"white\" style=\"text-align: right;\">2670<\/td>\n<td class=\"white\" style=\"text-align: right;\">2214<\/td>\n<\/tr>\n\n<tr>\n<td class=\"white\" style=\"text-align: right;\">15<\/td>\n<td class=\"white\" style=\"text-align: right;\">5220<\/td>\n<td class=\"white\" style=\"text-align: right;\">2670<\/td>\n<td class=\"white\" style=\"text-align: right;\">2903<\/td>\n<\/tr>\n<tr>\n<td class=\"white\" style=\"text-align: right;\">20<\/td>\n<td class=\"white\" style=\"text-align: right;\">7220<\/td>\n<td class=\"white\" style=\"text-align: right;\">2670<\/td>\n<td class=\"white\" style=\"text-align: right;\">3820<\/td>\n<\/tr>\n<\/tbody>\n<\/table>\n<p>D&rsquo;autres tailles de r\u00e9servoirs sont disponibles sur demande.<\/p>\n<\/div>\n<\/div>\n\n\n\n<div class=\"photos large\">\n<div class=\"first-zoom-photo\">\n<p style=\"text-align: center; font-size: 10px; margin-bottom:0;\"><img decoding=\"async\" data-src=\"https:\/\/cgh.com.pl\/en\/wp-content\/uploads\/2021\/05\/lpg-tanks-2.jpg\" alt=\"LPG modules\" src=\"data:image\/svg+xml;base64,PHN2ZyB3aWR0aD0iMSIgaGVpZ2h0PSIxIiB4bWxucz0iaHR0cDovL3d3dy53My5vcmcvMjAwMC9zdmciPjwvc3ZnPg==\" class=\"lazyload\"><\/p>\n\n<div><\/div>\n<\/div>\n<div>\n<p style=\"text-align: center; font-size: 10px; margin-bottom:0;\"><img decoding=\"async\" data-src=\"https:\/\/cgh.com.pl\/en\/wp-content\/uploads\/2021\/05\/LPG-modules.jpg\" alt=\"LPG modules\" src=\"data:image\/svg+xml;base64,PHN2ZyB3aWR0aD0iMSIgaGVpZ2h0PSIxIiB4bWxucz0iaHR0cDovL3d3dy53My5vcmcvMjAwMC9zdmciPjwvc3ZnPg==\" class=\"lazyload\"><\/p>\n\n<div><\/div>\n<\/div>\n\n<div class=\"pair\">\n\n\n<div><\/div>\n<div><\/div>\n<\/div>\n<\/div>\n","protected":false},"excerpt":{"rendered":"<p>Module GPL avec r\u00e9servoir hors sol &#8211; Syst\u00e8me d&rsquo;alimentation du distributeur GPL int\u00e9gr\u00e9 dans le r\u00e9servoir, fabriqu\u00e9 conform\u00e9ment \u00e0 la norme PED\/2014\/68\/EU et ATEX. La pompe Corken et un ensemble de vannes sont situ\u00e9s dans la structure de montage (acier) mont\u00e9 au fond du r\u00e9servoir GPL d&rsquo;une capacit\u00e9 de 9 \u00e0 20 m3. La documentation [&hellip;]?<\/p>\n","protected":false},"author":1,"featured_media":0,"parent":15,"menu_order":0,"comment_status":"closed","ping_status":"closed","template":"page-products-with-second-menu.php","meta":{"_acf_changed":false,"footnotes":""},"class_list":["post-4852","page","type-page","status-publish","hentry"],"acf":[],"yoast_head":"<!-- This site is optimized with the Yoast SEO plugin v26.1.1 - https:\/\/yoast.com\/wordpress\/plugins\/seo\/ -->\n<title>Module GPL souterrain - CGH Group Sp. z o.o.<\/title>\n<meta name=\"robots\" content=\"index, follow, max-snippet:-1, max-image-preview:large, max-video-preview:-1\" \/>\n<link rel=\"canonical\" href=\"https:\/\/cgh.com.pl\/fr\/reservoirs-de-gpl\/module-gpl-souterrain\" \/>\n<meta property=\"og:locale\" content=\"fr_FR\" \/>\n<meta property=\"og:type\" content=\"article\" \/>\n<meta property=\"og:title\" content=\"Module GPL souterrain - CGH Group Sp. z o.o.\" \/>\n<meta property=\"og:description\" content=\"Module GPL avec r\u00e9servoir hors sol &#8211; Syst\u00e8me d&rsquo;alimentation du distributeur GPL int\u00e9gr\u00e9 dans le r\u00e9servoir, fabriqu\u00e9 conform\u00e9ment \u00e0 la norme PED\/2014\/68\/EU et ATEX. La pompe Corken et un ensemble de vannes sont situ\u00e9s dans la structure de montage (acier) mont\u00e9 au fond du r\u00e9servoir GPL d&rsquo;une capacit\u00e9 de 9 \u00e0 20 m3. La documentation [&hellip;]?\" \/>\n<meta property=\"og:url\" content=\"https:\/\/cgh.com.pl\/fr\/reservoirs-de-gpl\/module-gpl-souterrain\" \/>\n<meta property=\"og:site_name\" content=\"CGH Group Sp. z o.o.\" \/>\n<meta property=\"article:modified_time\" content=\"2024-03-05T21:44:36+00:00\" \/>\n<meta property=\"og:image\" content=\"https:\/\/cgh.com.pl\/en\/wp-content\/uploads\/2021\/05\/lpg-tanks-2.jpg\" \/>\n<meta name=\"twitter:card\" content=\"summary_large_image\" \/>\n<meta name=\"twitter:label1\" content=\"Dur\u00e9e de lecture estim\u00e9e\" \/>\n\t<meta name=\"twitter:data1\" content=\"2 minutes\" \/>\n<script type=\"application\/ld+json\" class=\"yoast-schema-graph\">{\"@context\":\"https:\/\/schema.org\",\"@graph\":[{\"@type\":\"WebPage\",\"@id\":\"https:\/\/cgh.com.pl\/fr\/reservoirs-de-gpl\/module-gpl-souterrain\",\"url\":\"https:\/\/cgh.com.pl\/fr\/reservoirs-de-gpl\/module-gpl-souterrain\",\"name\":\"Module GPL souterrain - CGH Group Sp. z o.o.\",\"isPartOf\":{\"@id\":\"https:\/\/cgh.com.pl\/fr\/#website\"},\"primaryImageOfPage\":{\"@id\":\"https:\/\/cgh.com.pl\/fr\/reservoirs-de-gpl\/module-gpl-souterrain#primaryimage\"},\"image\":{\"@id\":\"https:\/\/cgh.com.pl\/fr\/reservoirs-de-gpl\/module-gpl-souterrain#primaryimage\"},\"thumbnailUrl\":\"https:\/\/cgh.com.pl\/en\/wp-content\/uploads\/2021\/05\/lpg-tanks-2.jpg\",\"datePublished\":\"2023-11-29T23:01:57+00:00\",\"dateModified\":\"2024-03-05T21:44:36+00:00\",\"breadcrumb\":{\"@id\":\"https:\/\/cgh.com.pl\/fr\/reservoirs-de-gpl\/module-gpl-souterrain#breadcrumb\"},\"inLanguage\":\"fr-FR\",\"potentialAction\":[{\"@type\":\"ReadAction\",\"target\":[\"https:\/\/cgh.com.pl\/fr\/reservoirs-de-gpl\/module-gpl-souterrain\"]}]},{\"@type\":\"ImageObject\",\"inLanguage\":\"fr-FR\",\"@id\":\"https:\/\/cgh.com.pl\/fr\/reservoirs-de-gpl\/module-gpl-souterrain#primaryimage\",\"url\":\"https:\/\/cgh.com.pl\/en\/wp-content\/uploads\/2021\/05\/lpg-tanks-2.jpg\",\"contentUrl\":\"https:\/\/cgh.com.pl\/en\/wp-content\/uploads\/2021\/05\/lpg-tanks-2.jpg\"},{\"@type\":\"BreadcrumbList\",\"@id\":\"https:\/\/cgh.com.pl\/fr\/reservoirs-de-gpl\/module-gpl-souterrain#breadcrumb\",\"itemListElement\":[{\"@type\":\"ListItem\",\"position\":1,\"name\":\"Strona g\u0142\u00f3wna\",\"item\":\"https:\/\/cgh.com.pl\/fr\/\"},{\"@type\":\"ListItem\",\"position\":2,\"name\":\"R\u00e9servoirs de GPL\",\"item\":\"https:\/\/cgh.com.pl\/fr\/reservoirs-de-gpl\"},{\"@type\":\"ListItem\",\"position\":3,\"name\":\"Module GPL souterrain\"}]},{\"@type\":\"WebSite\",\"@id\":\"https:\/\/cgh.com.pl\/fr\/#website\",\"url\":\"https:\/\/cgh.com.pl\/fr\/\",\"name\":\"CGH Group Sp. z o.o.\",\"description\":\"\",\"publisher\":{\"@id\":\"https:\/\/cgh.com.pl\/fr\/#organization\"},\"potentialAction\":[{\"@type\":\"SearchAction\",\"target\":{\"@type\":\"EntryPoint\",\"urlTemplate\":\"https:\/\/cgh.com.pl\/fr\/?s={search_term_string}\"},\"query-input\":{\"@type\":\"PropertyValueSpecification\",\"valueRequired\":true,\"valueName\":\"search_term_string\"}}],\"inLanguage\":\"fr-FR\"},{\"@type\":\"Organization\",\"@id\":\"https:\/\/cgh.com.pl\/fr\/#organization\",\"name\":\"CGH Group Sp. z o.o.\",\"url\":\"https:\/\/cgh.com.pl\/fr\/\",\"logo\":{\"@type\":\"ImageObject\",\"inLanguage\":\"fr-FR\",\"@id\":\"https:\/\/cgh.com.pl\/fr\/#\/schema\/logo\/image\/\",\"url\":\"https:\/\/cgh.com.pl\/fr\/wp-content\/uploads\/2023\/05\/logoCGH.png\",\"contentUrl\":\"https:\/\/cgh.com.pl\/fr\/wp-content\/uploads\/2023\/05\/logoCGH.png\",\"width\":449,\"height\":162,\"caption\":\"CGH Group Sp. z o.o.\"},\"image\":{\"@id\":\"https:\/\/cgh.com.pl\/fr\/#\/schema\/logo\/image\/\"}}]}<\/script>\n<!-- \/ Yoast SEO plugin. -->","yoast_head_json":{"title":"Module GPL souterrain - CGH Group Sp. z o.o.","robots":{"index":"index","follow":"follow","max-snippet":"max-snippet:-1","max-image-preview":"max-image-preview:large","max-video-preview":"max-video-preview:-1"},"canonical":"https:\/\/cgh.com.pl\/fr\/reservoirs-de-gpl\/module-gpl-souterrain","og_locale":"fr_FR","og_type":"article","og_title":"Module GPL souterrain - CGH Group Sp. z o.o.","og_description":"Module GPL avec r\u00e9servoir hors sol &#8211; Syst\u00e8me d&rsquo;alimentation du distributeur GPL int\u00e9gr\u00e9 dans le r\u00e9servoir, fabriqu\u00e9 conform\u00e9ment \u00e0 la norme PED\/2014\/68\/EU et ATEX. La pompe Corken et un ensemble de vannes sont situ\u00e9s dans la structure de montage (acier) mont\u00e9 au fond du r\u00e9servoir GPL d&rsquo;une capacit\u00e9 de 9 \u00e0 20 m3. La documentation [&hellip;]?","og_url":"https:\/\/cgh.com.pl\/fr\/reservoirs-de-gpl\/module-gpl-souterrain","og_site_name":"CGH Group Sp. z o.o.","article_modified_time":"2024-03-05T21:44:36+00:00","og_image":[{"url":"https:\/\/cgh.com.pl\/en\/wp-content\/uploads\/2021\/05\/lpg-tanks-2.jpg","type":"","width":"","height":""}],"twitter_card":"summary_large_image","twitter_misc":{"Dur\u00e9e de lecture estim\u00e9e":"2 minutes"},"schema":{"@context":"https:\/\/schema.org","@graph":[{"@type":"WebPage","@id":"https:\/\/cgh.com.pl\/fr\/reservoirs-de-gpl\/module-gpl-souterrain","url":"https:\/\/cgh.com.pl\/fr\/reservoirs-de-gpl\/module-gpl-souterrain","name":"Module GPL souterrain - CGH Group Sp. z o.o.","isPartOf":{"@id":"https:\/\/cgh.com.pl\/fr\/#website"},"primaryImageOfPage":{"@id":"https:\/\/cgh.com.pl\/fr\/reservoirs-de-gpl\/module-gpl-souterrain#primaryimage"},"image":{"@id":"https:\/\/cgh.com.pl\/fr\/reservoirs-de-gpl\/module-gpl-souterrain#primaryimage"},"thumbnailUrl":"https:\/\/cgh.com.pl\/en\/wp-content\/uploads\/2021\/05\/lpg-tanks-2.jpg","datePublished":"2023-11-29T23:01:57+00:00","dateModified":"2024-03-05T21:44:36+00:00","breadcrumb":{"@id":"https:\/\/cgh.com.pl\/fr\/reservoirs-de-gpl\/module-gpl-souterrain#breadcrumb"},"inLanguage":"fr-FR","potentialAction":[{"@type":"ReadAction","target":["https:\/\/cgh.com.pl\/fr\/reservoirs-de-gpl\/module-gpl-souterrain"]}]},{"@type":"ImageObject","inLanguage":"fr-FR","@id":"https:\/\/cgh.com.pl\/fr\/reservoirs-de-gpl\/module-gpl-souterrain#primaryimage","url":"https:\/\/cgh.com.pl\/en\/wp-content\/uploads\/2021\/05\/lpg-tanks-2.jpg","contentUrl":"https:\/\/cgh.com.pl\/en\/wp-content\/uploads\/2021\/05\/lpg-tanks-2.jpg"},{"@type":"BreadcrumbList","@id":"https:\/\/cgh.com.pl\/fr\/reservoirs-de-gpl\/module-gpl-souterrain#breadcrumb","itemListElement":[{"@type":"ListItem","position":1,"name":"Strona g\u0142\u00f3wna","item":"https:\/\/cgh.com.pl\/fr\/"},{"@type":"ListItem","position":2,"name":"R\u00e9servoirs de GPL","item":"https:\/\/cgh.com.pl\/fr\/reservoirs-de-gpl"},{"@type":"ListItem","position":3,"name":"Module GPL souterrain"}]},{"@type":"WebSite","@id":"https:\/\/cgh.com.pl\/fr\/#website","url":"https:\/\/cgh.com.pl\/fr\/","name":"CGH Group Sp. z o.o.","description":"","publisher":{"@id":"https:\/\/cgh.com.pl\/fr\/#organization"},"potentialAction":[{"@type":"SearchAction","target":{"@type":"EntryPoint","urlTemplate":"https:\/\/cgh.com.pl\/fr\/?s={search_term_string}"},"query-input":{"@type":"PropertyValueSpecification","valueRequired":true,"valueName":"search_term_string"}}],"inLanguage":"fr-FR"},{"@type":"Organization","@id":"https:\/\/cgh.com.pl\/fr\/#organization","name":"CGH Group Sp. z o.o.","url":"https:\/\/cgh.com.pl\/fr\/","logo":{"@type":"ImageObject","inLanguage":"fr-FR","@id":"https:\/\/cgh.com.pl\/fr\/#\/schema\/logo\/image\/","url":"https:\/\/cgh.com.pl\/fr\/wp-content\/uploads\/2023\/05\/logoCGH.png","contentUrl":"https:\/\/cgh.com.pl\/fr\/wp-content\/uploads\/2023\/05\/logoCGH.png","width":449,"height":162,"caption":"CGH Group Sp. z o.o."},"image":{"@id":"https:\/\/cgh.com.pl\/fr\/#\/schema\/logo\/image\/"}}]}},"_links":{"self":[{"href":"https:\/\/cgh.com.pl\/fr\/wp-json\/wp\/v2\/pages\/4852","targetHints":{"allow":["GET"]}}],"collection":[{"href":"https:\/\/cgh.com.pl\/fr\/wp-json\/wp\/v2\/pages"}],"about":[{"href":"https:\/\/cgh.com.pl\/fr\/wp-json\/wp\/v2\/types\/page"}],"author":[{"embeddable":true,"href":"https:\/\/cgh.com.pl\/fr\/wp-json\/wp\/v2\/users\/1"}],"replies":[{"embeddable":true,"href":"https:\/\/cgh.com.pl\/fr\/wp-json\/wp\/v2\/comments?post=4852"}],"version-history":[{"count":10,"href":"https:\/\/cgh.com.pl\/fr\/wp-json\/wp\/v2\/pages\/4852\/revisions"}],"predecessor-version":[{"id":5227,"href":"https:\/\/cgh.com.pl\/fr\/wp-json\/wp\/v2\/pages\/4852\/revisions\/5227"}],"up":[{"embeddable":true,"href":"https:\/\/cgh.com.pl\/fr\/wp-json\/wp\/v2\/pages\/15"}],"wp:attachment":[{"href":"https:\/\/cgh.com.pl\/fr\/wp-json\/wp\/v2\/media?parent=4852"}],"curies":[{"name":"wp","href":"https:\/\/api.w.org\/{rel}","templated":true}]}}